{"id":550,"date":"2018-11-19T14:06:34","date_gmt":"2018-11-19T12:06:34","guid":{"rendered":"https:\/\/oma.media.fi\/keskisuomalainen\/ilmestymispaivat\/"},"modified":"2026-01-21T09:16:47","modified_gmt":"2026-01-21T07:16:47","slug":"ilmestymispaivat","status":"publish","type":"page","link":"https:\/\/oma.media.fi\/keskisuomalainen\/ilmestymispaivat\/","title":{"rendered":"Ilmestymisp\u00e4iv\u00e4t"},"content":{"rendered":"<h3><strong>Keskisuomalaisen ilmestyminen\u00a0<\/strong><\/h3>\n<h4><strong>Uutisia keskisuomeksi joka p\u00e4iv\u00e4<\/strong><\/h4>\n<p>Keskisuomalainen uutisoi vuoden jokaisena p\u00e4iv\u00e4n\u00e4. Verkkopalvelu valvoo my\u00f6s silloin, kun painettu lehti ei ilmesty.<\/p>\n<p>Tilaaja, s\u00e4hk\u00f6iset tuotteet kuuluvat kaikkiin tilauksiin \u2013 my\u00f6s sinun tilaukseesi. Katso lis\u00e4tiedot <a href=\"https:\/\/oma.media.fi\/keskisuomalainen\/digituote\">t\u00e4st\u00e4.<\/a><\/p>\n<p>Digitilaajana p\u00e4\u00e4set lukemaan n\u00e4k\u00f6islehden Mediatunnuksellasi osoitteessa <a href=\"https:\/\/www.ksml.fi\/nakoislehti\/\"><strong>ksml.fi\/nakoislehti<\/strong><\/a>. Digitilaajana voit lukea lehden my\u00f6s sovelluksessa, lis\u00e4tietoja <a href=\"https:\/\/www.ksml.fi\/asenna\/\"><strong>t\u00e4st\u00e4<\/strong><\/a>.<\/p>\n<p><strong>Keskisuomalainen ei ilmesty painettuna lehten\u00e4 seuraavina p\u00e4ivin\u00e4 vuonna 2026, ks. lista alla.<br \/>\nKeskisuomalainen ilmestyy pelk\u00e4st\u00e4\u00e4n n\u00e4k\u00f6islehten\u00e4 9 kertaa, alla n\u00e4k\u00f6islehtien ilmestymisp\u00e4iv\u00e4t.<br \/>\nVerkko valvoo ja uutisoi joka p\u00e4iv\u00e4.<\/strong><\/p>\n<p><strong>01.01.\u00a0\u00a0\u00a0\u00a0\u00a0\u00a0\u00a0\u00a0\u00a0\u00a0\u00a0 <\/strong>Uudenvuodenp\u00e4iv\u00e4 \u2013<strong> Keskisuomalainen ilmestyy n\u00e4k\u00f6islehten\u00e4<br \/>\n06.01.\u00a0\u00a0\u00a0\u00a0\u00a0\u00a0\u00a0\u00a0\u00a0\u00a0\u00a0<\/strong> Loppiainen \u2013<strong> Keskisuomalainen ilmestyy n\u00e4k\u00f6islehten\u00e4<br \/>\n07.01.\u00a0\u00a0\u00a0\u00a0\u00a0\u00a0\u00a0\u00a0\u00a0\u00a0\u00a0 <\/strong>Loppiaisen j\u00e4lkeinen p\u00e4iv\u00e4<strong><br \/>\n04.04.\u00a0 \u00a0 \u00a0 \u00a0 \u00a0 \u00a0 <\/strong>P\u00e4\u00e4si\u00e4islauantai \u2013<strong> Keskisuomalainen ilmestyy n\u00e4k\u00f6islehten\u00e4<br \/>\n05.04.\u00a0 \u00a0 \u00a0 \u00a0 \u00a0 \u00a0 <\/strong>P\u00e4\u00e4si\u00e4isp\u00e4iv\u00e4<strong><br \/>\n06.04.\u00a0 \u00a0 \u00a0 \u00a0 \u00a0 \u00a0 <\/strong>2. p\u00e4\u00e4si\u00e4isp\u00e4iv\u00e4<strong><br \/>\n01.05.\u00a0\u00a0\u00a0\u00a0\u00a0\u00a0\u00a0\u00a0\u00a0\u00a0\u00a0 <\/strong>Vapunp\u00e4iv\u00e4 \u2013 <strong>Keskisuomalainen ilmestyy n\u00e4k\u00f6islehten\u00e4<br \/>\n02.05.\u00a0 \u00a0 \u00a0 \u00a0 \u00a0 \u00a0 <\/strong>Vapunp\u00e4iv\u00e4n j\u00e4lkeinen p\u00e4iv\u00e4<strong><br \/>\n14.05.\u00a0\u00a0\u00a0\u00a0\u00a0\u00a0\u00a0\u00a0\u00a0\u00a0\u00a0\u00a0<\/strong>Helatorstai \u2013<strong> Keskisuomalainen ilmestyy n\u00e4k\u00f6islehten\u00e4<br \/>\n15.05.\u00a0\u00a0\u00a0\u00a0\u00a0\u00a0\u00a0\u00a0\u00a0\u00a0\u00a0\u00a0<\/strong>Helatorstain j\u00e4lkeinen p\u00e4iv\u00e4<strong><br \/>\n19.06.\u00a0\u00a0\u00a0\u00a0\u00a0\u00a0\u00a0\u00a0\u00a0\u00a0\u00a0<\/strong>\u00a0Juhannusaatto \u2013<strong> Keskisuomalainen ilmestyy n\u00e4k\u00f6islehten\u00e4<br \/>\n20.06.\u00a0\u00a0\u00a0\u00a0\u00a0\u00a0\u00a0\u00a0\u00a0\u00a0<\/strong>\u00a0 Juhannusp\u00e4iv\u00e4<strong><br \/>\n21.06.\u00a0\u00a0\u00a0\u00a0\u00a0\u00a0\u00a0\u00a0\u00a0\u00a0\u00a0\u00a0<\/strong>Juhannusp\u00e4iv\u00e4n j\u00e4lkeinen p\u00e4iv\u00e4<strong><br \/>\n31.10.\u00a0\u00a0\u00a0\u00a0\u00a0\u00a0\u00a0\u00a0\u00a0\u00a0\u00a0 <\/strong>Pyh\u00e4inp\u00e4iv\u00e4 \u2013<strong> Keskisuomalainen ilmestyy n\u00e4k\u00f6islehten\u00e4<br \/>\n01.11.\u00a0\u00a0\u00a0\u00a0\u00a0\u00a0\u00a0\u00a0\u00a0\u00a0\u00a0\u00a0<\/strong>Pyh\u00e4inp\u00e4iv\u00e4n j\u00e4lkeinen p\u00e4iv\u00e4<strong><br \/>\n06.12.\u00a0 \u00a0 \u00a0 \u00a0 \u00a0 \u00a0 <\/strong>Itsen\u00e4isyysp\u00e4iv\u00e4 \u2013<strong> Keskisuomalainen ilmestyy n\u00e4k\u00f6islehten\u00e4<br \/>\n07.12.\u00a0\u00a0\u00a0\u00a0\u00a0\u00a0\u00a0\u00a0\u00a0\u00a0\u00a0 <\/strong>Itsen\u00e4isyysp\u00e4iv\u00e4n j\u00e4lkeinen p\u00e4iv\u00e4<strong><br \/>\n25.12.\u00a0\u00a0\u00a0\u00a0\u00a0\u00a0\u00a0\u00a0\u00a0\u00a0\u00a0<\/strong>\u00a0Joulup\u00e4iv\u00e4 \u2013<strong> Keskisuomalainen ilmestyy n\u00e4k\u00f6islehten\u00e4<br \/>\n26.12.\u00a0\u00a0\u00a0\u00a0\u00a0\u00a0\u00a0\u00a0\u00a0\u00a0\u00a0<\/strong> Tapaninp\u00e4iv\u00e4\u00a0<strong><br \/>\n27.12.\u00a0\u00a0\u00a0\u00a0\u00a0\u00a0\u00a0\u00a0\u00a0\u00a0\u00a0\u00a0<\/strong>Tapaninp\u00e4iv\u00e4n j\u00e4lkeinen p\u00e4iv\u00e4<\/p>\n<p>&nbsp;<\/p>\n<p>&nbsp;<\/p>\n","protected":false},"excerpt":{"rendered":"<p>Keskisuomalaisen ilmestyminen\u00a0 Uutisia keskisuomeksi joka p\u00e4iv\u00e4 Keskisuomalainen uutisoi vuoden jokaisena p\u00e4iv\u00e4n\u00e4. Verkkopalvelu valvoo my\u00f6s silloin, kun painettu lehti ei ilmesty. Tilaaja, s\u00e4hk\u00f6iset tuotteet kuuluvat kaikkiin tilauksiin \u2013 my\u00f6s sinun tilaukseesi. Katso lis\u00e4tiedot t\u00e4st\u00e4. Digitilaajana p\u00e4\u00e4set lukemaan n\u00e4k\u00f6islehden Mediatunnuksellasi osoitteessa ksml.fi\/nakoislehti. Digitilaajana voit lukea lehden my\u00f6s sovelluksessa, lis\u00e4tietoja t\u00e4st\u00e4. Keskisuomalainen ei ilmesty painettuna lehten\u00e4 seuraavina p\u00e4ivin\u00e4 [&hellip;]<\/p>\n","protected":false},"author":1,"featured_media":0,"parent":0,"menu_order":0,"comment_status":"closed","ping_status":"closed","template":"","meta":{"_acf_changed":false,"footnotes":""},"class_list":["post-550","page","type-page","status-publish","hentry"],"acf":[],"yoast_head":"<!-- This site is optimized with the Yoast SEO plugin v26.2 - https:\/\/yoast.com\/wordpress\/plugins\/seo\/ -->\n<title>Ilmestymisp\u00e4iv\u00e4t - Keskisuomalainen<\/title>\n<meta name=\"description\" content=\"Keskisuomalainen uutisoi vuoden jokaisena p\u00e4iv\u00e4n\u00e4. Verkkopalvelu valvoo my\u00f6s silloin, kun painettu lehti ei ilmesty.\" \/>\n<meta name=\"robots\" content=\"index, follow, max-snippet:-1, max-image-preview:large, max-video-preview:-1\" \/>\n<link rel=\"canonical\" href=\"https:\/\/oma.media.fi\/keskisuomalainen\/ilmestymispaivat\/\" \/>\n<meta property=\"og:locale\" content=\"fi_FI\" \/>\n<meta property=\"og:type\" content=\"article\" \/>\n<meta property=\"og:title\" content=\"Ilmestymisp\u00e4iv\u00e4t\" \/>\n<meta property=\"og:description\" content=\"Keskisuomalainen uutisoi vuoden jokaisena p\u00e4iv\u00e4n\u00e4. Verkkopalvelu valvoo my\u00f6s silloin, kun painettu lehti ei ilmesty.\" \/>\n<meta property=\"og:url\" content=\"https:\/\/oma.media.fi\/keskisuomalainen\/ilmestymispaivat\/\" \/>\n<meta property=\"og:site_name\" content=\"Keskisuomalainen\" \/>\n<meta property=\"article:modified_time\" content=\"2026-01-21T07:16:47+00:00\" \/>\n<meta name=\"twitter:card\" content=\"summary_large_image\" \/>\n<meta name=\"twitter:label1\" content=\"Arvioitu lukuaika\" \/>\n\t<meta name=\"twitter:data1\" content=\"1 minuutti\" \/>\n<script type=\"application\/ld+json\" class=\"yoast-schema-graph\">{\"@context\":\"https:\/\/schema.org\",\"@graph\":[{\"@type\":\"WebPage\",\"@id\":\"https:\/\/oma.media.fi\/keskisuomalainen\/ilmestymispaivat\/\",\"url\":\"https:\/\/oma.media.fi\/keskisuomalainen\/ilmestymispaivat\/\",\"name\":\"Ilmestymisp\u00e4iv\u00e4t - Keskisuomalainen\",\"isPartOf\":{\"@id\":\"https:\/\/oma.media.fi\/keskisuomalainen\/#website\"},\"datePublished\":\"2018-11-19T12:06:34+00:00\",\"dateModified\":\"2026-01-21T07:16:47+00:00\",\"description\":\"Keskisuomalainen uutisoi vuoden jokaisena p\u00e4iv\u00e4n\u00e4. Verkkopalvelu valvoo my\u00f6s silloin, kun painettu lehti ei ilmesty.\",\"breadcrumb\":{\"@id\":\"https:\/\/oma.media.fi\/keskisuomalainen\/ilmestymispaivat\/#breadcrumb\"},\"inLanguage\":\"fi\",\"potentialAction\":[{\"@type\":\"ReadAction\",\"target\":[\"https:\/\/oma.media.fi\/keskisuomalainen\/ilmestymispaivat\/\"]}]},{\"@type\":\"BreadcrumbList\",\"@id\":\"https:\/\/oma.media.fi\/keskisuomalainen\/ilmestymispaivat\/#breadcrumb\",\"itemListElement\":[{\"@type\":\"ListItem\",\"position\":1,\"name\":\"Etusivu\",\"item\":\"https:\/\/oma.media.fi\/keskisuomalainen\/\"},{\"@type\":\"ListItem\",\"position\":2,\"name\":\"Ilmestymisp\u00e4iv\u00e4t\"}]},{\"@type\":\"WebSite\",\"@id\":\"https:\/\/oma.media.fi\/keskisuomalainen\/#website\",\"url\":\"https:\/\/oma.media.fi\/keskisuomalainen\/\",\"name\":\"Keskisuomalainen\",\"description\":\"\",\"potentialAction\":[{\"@type\":\"SearchAction\",\"target\":{\"@type\":\"EntryPoint\",\"urlTemplate\":\"https:\/\/oma.media.fi\/keskisuomalainen\/?s={search_term_string}\"},\"query-input\":{\"@type\":\"PropertyValueSpecification\",\"valueRequired\":true,\"valueName\":\"search_term_string\"}}],\"inLanguage\":\"fi\"}]}<\/script>\n<!-- \/ Yoast SEO plugin. -->","yoast_head_json":{"title":"Ilmestymisp\u00e4iv\u00e4t - Keskisuomalainen","description":"Keskisuomalainen uutisoi vuoden jokaisena p\u00e4iv\u00e4n\u00e4. Verkkopalvelu valvoo my\u00f6s silloin, kun painettu lehti ei ilmesty.","robots":{"index":"index","follow":"follow","max-snippet":"max-snippet:-1","max-image-preview":"max-image-preview:large","max-video-preview":"max-video-preview:-1"},"canonical":"https:\/\/oma.media.fi\/keskisuomalainen\/ilmestymispaivat\/","og_locale":"fi_FI","og_type":"article","og_title":"Ilmestymisp\u00e4iv\u00e4t","og_description":"Keskisuomalainen uutisoi vuoden jokaisena p\u00e4iv\u00e4n\u00e4. Verkkopalvelu valvoo my\u00f6s silloin, kun painettu lehti ei ilmesty.","og_url":"https:\/\/oma.media.fi\/keskisuomalainen\/ilmestymispaivat\/","og_site_name":"Keskisuomalainen","article_modified_time":"2026-01-21T07:16:47+00:00","twitter_card":"summary_large_image","twitter_misc":{"Arvioitu lukuaika":"1 minuutti"},"schema":{"@context":"https:\/\/schema.org","@graph":[{"@type":"WebPage","@id":"https:\/\/oma.media.fi\/keskisuomalainen\/ilmestymispaivat\/","url":"https:\/\/oma.media.fi\/keskisuomalainen\/ilmestymispaivat\/","name":"Ilmestymisp\u00e4iv\u00e4t - Keskisuomalainen","isPartOf":{"@id":"https:\/\/oma.media.fi\/keskisuomalainen\/#website"},"datePublished":"2018-11-19T12:06:34+00:00","dateModified":"2026-01-21T07:16:47+00:00","description":"Keskisuomalainen uutisoi vuoden jokaisena p\u00e4iv\u00e4n\u00e4. Verkkopalvelu valvoo my\u00f6s silloin, kun painettu lehti ei ilmesty.","breadcrumb":{"@id":"https:\/\/oma.media.fi\/keskisuomalainen\/ilmestymispaivat\/#breadcrumb"},"inLanguage":"fi","potentialAction":[{"@type":"ReadAction","target":["https:\/\/oma.media.fi\/keskisuomalainen\/ilmestymispaivat\/"]}]},{"@type":"BreadcrumbList","@id":"https:\/\/oma.media.fi\/keskisuomalainen\/ilmestymispaivat\/#breadcrumb","itemListElement":[{"@type":"ListItem","position":1,"name":"Etusivu","item":"https:\/\/oma.media.fi\/keskisuomalainen\/"},{"@type":"ListItem","position":2,"name":"Ilmestymisp\u00e4iv\u00e4t"}]},{"@type":"WebSite","@id":"https:\/\/oma.media.fi\/keskisuomalainen\/#website","url":"https:\/\/oma.media.fi\/keskisuomalainen\/","name":"Keskisuomalainen","description":"","potentialAction":[{"@type":"SearchAction","target":{"@type":"EntryPoint","urlTemplate":"https:\/\/oma.media.fi\/keskisuomalainen\/?s={search_term_string}"},"query-input":{"@type":"PropertyValueSpecification","valueRequired":true,"valueName":"search_term_string"}}],"inLanguage":"fi"}]}},"publishpress_future_workflow_manual_trigger":{"enabledWorkflows":[]},"_links":{"self":[{"href":"https:\/\/oma.media.fi\/keskisuomalainen\/wp-json\/wp\/v2\/pages\/550","targetHints":{"allow":["GET"]}}],"collection":[{"href":"https:\/\/oma.media.fi\/keskisuomalainen\/wp-json\/wp\/v2\/pages"}],"about":[{"href":"https:\/\/oma.media.fi\/keskisuomalainen\/wp-json\/wp\/v2\/types\/page"}],"author":[{"embeddable":true,"href":"https:\/\/oma.media.fi\/keskisuomalainen\/wp-json\/wp\/v2\/users\/1"}],"replies":[{"embeddable":true,"href":"https:\/\/oma.media.fi\/keskisuomalainen\/wp-json\/wp\/v2\/comments?post=550"}],"version-history":[{"count":94,"href":"https:\/\/oma.media.fi\/keskisuomalainen\/wp-json\/wp\/v2\/pages\/550\/revisions"}],"predecessor-version":[{"id":23837,"href":"https:\/\/oma.media.fi\/keskisuomalainen\/wp-json\/wp\/v2\/pages\/550\/revisions\/23837"}],"wp:attachment":[{"href":"https:\/\/oma.media.fi\/keskisuomalainen\/wp-json\/wp\/v2\/media?parent=550"}],"curies":[{"name":"wp","href":"https:\/\/api.w.org\/{rel}","templated":true}]}}