{"id":13,"date":"2018-11-19T14:06:34","date_gmt":"2018-11-19T12:06:34","guid":{"rendered":"https:\/\/oma.media.fi\/kouvolan-sanomat\/ilmestymispaivat\/"},"modified":"2026-01-07T11:01:04","modified_gmt":"2026-01-07T09:01:04","slug":"ilmestymispaivat","status":"publish","type":"page","link":"https:\/\/oma.media.fi\/kouvolan-sanomat\/ilmestymispaivat\/","title":{"rendered":"Ilmestymisp\u00e4iv\u00e4t"},"content":{"rendered":"<p>Kouvolan Sanomat uutisoi verkossa ja mobiilisovelluksessa vuoden jokaisena p\u00e4iv\u00e4n\u00e4. Kouvolan Sanomien painettu lehti ilmestyy maanantaista lauantaihin muutamin poikkeuksin.<\/p>\n<p><strong>Painettu lehti ei ilmesty vuonna 2026:<\/strong><\/p>\n<div class=\"table--responsive\"><table style=\"height: 522px\" width=\"437\">\n<tbody>\n<tr>\n<td style=\"width: 162.5px\">to 1.1.2026<\/td>\n<td style=\"width: 260.5px\">Uudenvuodenp\u00e4iv\u00e4<\/td>\n<\/tr>\n<tr>\n<td style=\"width: 162.5px\">ti 6.1.2026<\/td>\n<td style=\"width: 260.5px\">Loppiainen<\/td>\n<\/tr>\n<tr>\n<td style=\"width: 162.5px\">ke 7.1.2026<\/td>\n<td style=\"width: 260.5px\">Loppiaisen j\u00e4lkeinen p\u00e4iv\u00e4<\/td>\n<\/tr>\n<tr>\n<td style=\"width: 162.5px\">la 4.4.2026<\/td>\n<td style=\"width: 260.5px\">P\u00e4\u00e4si\u00e4islauantai<\/td>\n<\/tr>\n<tr>\n<td style=\"width: 162.5px\">ma 6.4.2026<\/td>\n<td style=\"width: 260.5px\">2. p\u00e4\u00e4si\u00e4isp\u00e4iv\u00e4<\/td>\n<\/tr>\n<tr>\n<td style=\"width: 162.5px\">pe 1.5.2026<\/td>\n<td style=\"width: 260.5px\">Vappu<\/td>\n<\/tr>\n<tr>\n<td style=\"width: 162.5px\">la 2.5.2026<\/td>\n<td style=\"width: 260.5px\">Vapun j\u00e4lkeinen p\u00e4iv\u00e4<\/td>\n<\/tr>\n<tr>\n<td style=\"width: 162.5px\">to 14.5.2026<\/td>\n<td style=\"width: 260.5px\">Helatorstai<\/td>\n<\/tr>\n<tr>\n<td style=\"width: 162.5px\">pe 15.5.2026<\/td>\n<td style=\"width: 260.5px\">Helatorstain j\u00e4lkeinen perjantai<\/td>\n<\/tr>\n<tr>\n<td style=\"width: 162.5px\">pe 19.6.2026<\/td>\n<td style=\"width: 260.5px\">Juhannusaatto<\/td>\n<\/tr>\n<tr>\n<td style=\"width: 162.5px\">la 20.6.2026<\/td>\n<td style=\"width: 260.5px\">Juhannusp\u00e4iv\u00e4<\/td>\n<\/tr>\n<tr>\n<td style=\"width: 162.5px\">la 31.10.2026<\/td>\n<td style=\"width: 260.5px\">Pyh\u00e4inp\u00e4iv\u00e4<\/td>\n<\/tr>\n<tr>\n<td style=\"width: 162.5px\">ma 7.12.2026<\/td>\n<td style=\"width: 260.5px\">Itsen\u00e4isyysp\u00e4iv\u00e4n j\u00e4lkeinen p\u00e4iv\u00e4<\/td>\n<\/tr>\n<tr>\n<td style=\"width: 162.5px\">pe 25.12.2026<\/td>\n<td style=\"width: 260.5px\">Joulup\u00e4iv\u00e4<\/td>\n<\/tr>\n<tr>\n<td style=\"width: 162.5px\">la 26.12.2026<\/td>\n<td style=\"width: 260.5px\">Tapaninp\u00e4iv\u00e4<\/td>\n<\/tr>\n<\/tbody>\n<\/table><\/div>\n<p>&nbsp;<\/p>\n","protected":false},"excerpt":{"rendered":"<p>uutisoi verkossa ja mobiilisovelluksessa vuoden jokaisena p\u00e4iv\u00e4n\u00e4. painettu lehti ilmestyy maanantaista lauantaihin muutamin poikkeuksin. Painettu lehti ei ilmesty vuonna 2026: to 1.1.2026 Uudenvuodenp\u00e4iv\u00e4 ti 6.1.2026 Loppiainen ke 7.1.2026 Loppiaisen j\u00e4lkeinen p\u00e4iv\u00e4 la 4.4.2026 P\u00e4\u00e4si\u00e4islauantai ma 6.4.2026 2. p\u00e4\u00e4si\u00e4isp\u00e4iv\u00e4 pe 1.5.2026 Vappu la 2.5.2026 Vapun j\u00e4lkeinen p\u00e4iv\u00e4 to 14.5.2026 Helatorstai pe 15.5.2026 Helatorstain j\u00e4lkeinen perjantai pe [&hellip;]<\/p>\n","protected":false},"author":1,"featured_media":0,"parent":0,"menu_order":0,"comment_status":"closed","ping_status":"closed","template":"","meta":{"_acf_changed":false,"footnotes":""},"class_list":["post-13","page","type-page","status-publish","hentry"],"acf":[],"yoast_head":"<!-- This site is optimized with the Yoast SEO plugin v26.2 - https:\/\/yoast.com\/wordpress\/plugins\/seo\/ -->\n<title>Ilmestymisp\u00e4iv\u00e4t - Kouvolan Sanomat<\/title>\n<meta name=\"robots\" content=\"index, follow, max-snippet:-1, max-image-preview:large, max-video-preview:-1\" \/>\n<link rel=\"canonical\" href=\"https:\/\/oma.media.fi\/kouvolan-sanomat\/ilmestymispaivat\/\" \/>\n<meta property=\"og:locale\" content=\"fi_FI\" \/>\n<meta property=\"og:type\" content=\"article\" \/>\n<meta property=\"og:title\" content=\"Ilmestymisp\u00e4iv\u00e4t\" \/>\n<meta property=\"og:description\" content=\"uutisoi verkossa ja mobiilisovelluksessa vuoden jokaisena p\u00e4iv\u00e4n\u00e4. painettu lehti ilmestyy maanantaista lauantaihin muutamin poikkeuksin. Painettu lehti ei ilmesty vuonna 2026: to 1.1.2026 Uudenvuodenp\u00e4iv\u00e4 ti 6.1.2026 Loppiainen ke 7.1.2026 Loppiaisen j\u00e4lkeinen p\u00e4iv\u00e4 la 4.4.2026 P\u00e4\u00e4si\u00e4islauantai ma 6.4.2026 2. p\u00e4\u00e4si\u00e4isp\u00e4iv\u00e4 pe 1.5.2026 Vappu la 2.5.2026 Vapun j\u00e4lkeinen p\u00e4iv\u00e4 to 14.5.2026 Helatorstai pe 15.5.2026 Helatorstain j\u00e4lkeinen perjantai pe [&hellip;]\" \/>\n<meta property=\"og:url\" content=\"https:\/\/oma.media.fi\/kouvolan-sanomat\/ilmestymispaivat\/\" \/>\n<meta property=\"og:site_name\" content=\"Kouvolan Sanomat\" \/>\n<meta property=\"article:modified_time\" content=\"2026-01-07T09:01:04+00:00\" \/>\n<meta name=\"twitter:card\" content=\"summary_large_image\" \/>\n<meta name=\"twitter:label1\" content=\"Arvioitu lukuaika\" \/>\n\t<meta name=\"twitter:data1\" content=\"1 minuutti\" \/>\n<script type=\"application\/ld+json\" class=\"yoast-schema-graph\">{\"@context\":\"https:\/\/schema.org\",\"@graph\":[{\"@type\":\"WebPage\",\"@id\":\"https:\/\/oma.media.fi\/kouvolan-sanomat\/ilmestymispaivat\/\",\"url\":\"https:\/\/oma.media.fi\/kouvolan-sanomat\/ilmestymispaivat\/\",\"name\":\"Ilmestymisp\u00e4iv\u00e4t - Kouvolan Sanomat\",\"isPartOf\":{\"@id\":\"https:\/\/oma.media.fi\/kouvolan-sanomat\/#website\"},\"datePublished\":\"2018-11-19T12:06:34+00:00\",\"dateModified\":\"2026-01-07T09:01:04+00:00\",\"breadcrumb\":{\"@id\":\"https:\/\/oma.media.fi\/kouvolan-sanomat\/ilmestymispaivat\/#breadcrumb\"},\"inLanguage\":\"fi\",\"potentialAction\":[{\"@type\":\"ReadAction\",\"target\":[\"https:\/\/oma.media.fi\/kouvolan-sanomat\/ilmestymispaivat\/\"]}]},{\"@type\":\"BreadcrumbList\",\"@id\":\"https:\/\/oma.media.fi\/kouvolan-sanomat\/ilmestymispaivat\/#breadcrumb\",\"itemListElement\":[{\"@type\":\"ListItem\",\"position\":1,\"name\":\"Etusivu\",\"item\":\"https:\/\/oma.media.fi\/kouvolan-sanomat\/\"},{\"@type\":\"ListItem\",\"position\":2,\"name\":\"Ilmestymisp\u00e4iv\u00e4t\"}]},{\"@type\":\"WebSite\",\"@id\":\"https:\/\/oma.media.fi\/kouvolan-sanomat\/#website\",\"url\":\"https:\/\/oma.media.fi\/kouvolan-sanomat\/\",\"name\":\"Kouvolan Sanomat\",\"description\":\"\",\"potentialAction\":[{\"@type\":\"SearchAction\",\"target\":{\"@type\":\"EntryPoint\",\"urlTemplate\":\"https:\/\/oma.media.fi\/kouvolan-sanomat\/?s={search_term_string}\"},\"query-input\":{\"@type\":\"PropertyValueSpecification\",\"valueRequired\":true,\"valueName\":\"search_term_string\"}}],\"inLanguage\":\"fi\"}]}<\/script>\n<!-- \/ Yoast SEO plugin. -->","yoast_head_json":{"title":"Ilmestymisp\u00e4iv\u00e4t - Kouvolan Sanomat","robots":{"index":"index","follow":"follow","max-snippet":"max-snippet:-1","max-image-preview":"max-image-preview:large","max-video-preview":"max-video-preview:-1"},"canonical":"https:\/\/oma.media.fi\/kouvolan-sanomat\/ilmestymispaivat\/","og_locale":"fi_FI","og_type":"article","og_title":"Ilmestymisp\u00e4iv\u00e4t","og_description":"uutisoi verkossa ja mobiilisovelluksessa vuoden jokaisena p\u00e4iv\u00e4n\u00e4. painettu lehti ilmestyy maanantaista lauantaihin muutamin poikkeuksin. Painettu lehti ei ilmesty vuonna 2026: to 1.1.2026 Uudenvuodenp\u00e4iv\u00e4 ti 6.1.2026 Loppiainen ke 7.1.2026 Loppiaisen j\u00e4lkeinen p\u00e4iv\u00e4 la 4.4.2026 P\u00e4\u00e4si\u00e4islauantai ma 6.4.2026 2. p\u00e4\u00e4si\u00e4isp\u00e4iv\u00e4 pe 1.5.2026 Vappu la 2.5.2026 Vapun j\u00e4lkeinen p\u00e4iv\u00e4 to 14.5.2026 Helatorstai pe 15.5.2026 Helatorstain j\u00e4lkeinen perjantai pe [&hellip;]","og_url":"https:\/\/oma.media.fi\/kouvolan-sanomat\/ilmestymispaivat\/","og_site_name":"Kouvolan Sanomat","article_modified_time":"2026-01-07T09:01:04+00:00","twitter_card":"summary_large_image","twitter_misc":{"Arvioitu lukuaika":"1 minuutti"},"schema":{"@context":"https:\/\/schema.org","@graph":[{"@type":"WebPage","@id":"https:\/\/oma.media.fi\/kouvolan-sanomat\/ilmestymispaivat\/","url":"https:\/\/oma.media.fi\/kouvolan-sanomat\/ilmestymispaivat\/","name":"Ilmestymisp\u00e4iv\u00e4t - Kouvolan Sanomat","isPartOf":{"@id":"https:\/\/oma.media.fi\/kouvolan-sanomat\/#website"},"datePublished":"2018-11-19T12:06:34+00:00","dateModified":"2026-01-07T09:01:04+00:00","breadcrumb":{"@id":"https:\/\/oma.media.fi\/kouvolan-sanomat\/ilmestymispaivat\/#breadcrumb"},"inLanguage":"fi","potentialAction":[{"@type":"ReadAction","target":["https:\/\/oma.media.fi\/kouvolan-sanomat\/ilmestymispaivat\/"]}]},{"@type":"BreadcrumbList","@id":"https:\/\/oma.media.fi\/kouvolan-sanomat\/ilmestymispaivat\/#breadcrumb","itemListElement":[{"@type":"ListItem","position":1,"name":"Etusivu","item":"https:\/\/oma.media.fi\/kouvolan-sanomat\/"},{"@type":"ListItem","position":2,"name":"Ilmestymisp\u00e4iv\u00e4t"}]},{"@type":"WebSite","@id":"https:\/\/oma.media.fi\/kouvolan-sanomat\/#website","url":"https:\/\/oma.media.fi\/kouvolan-sanomat\/","name":"Kouvolan Sanomat","description":"","potentialAction":[{"@type":"SearchAction","target":{"@type":"EntryPoint","urlTemplate":"https:\/\/oma.media.fi\/kouvolan-sanomat\/?s={search_term_string}"},"query-input":{"@type":"PropertyValueSpecification","valueRequired":true,"valueName":"search_term_string"}}],"inLanguage":"fi"}]}},"publishpress_future_action":{"enabled":false,"date":"2026-05-13 19:39:42","action":"change-status","newStatus":"draft","terms":[],"taxonomy":"","extraData":[]},"publishpress_future_workflow_manual_trigger":{"enabledWorkflows":[]},"_links":{"self":[{"href":"https:\/\/oma.media.fi\/kouvolan-sanomat\/wp-json\/wp\/v2\/pages\/13","targetHints":{"allow":["GET"]}}],"collection":[{"href":"https:\/\/oma.media.fi\/kouvolan-sanomat\/wp-json\/wp\/v2\/pages"}],"about":[{"href":"https:\/\/oma.media.fi\/kouvolan-sanomat\/wp-json\/wp\/v2\/types\/page"}],"author":[{"embeddable":true,"href":"https:\/\/oma.media.fi\/kouvolan-sanomat\/wp-json\/wp\/v2\/users\/1"}],"replies":[{"embeddable":true,"href":"https:\/\/oma.media.fi\/kouvolan-sanomat\/wp-json\/wp\/v2\/comments?post=13"}],"version-history":[{"count":32,"href":"https:\/\/oma.media.fi\/kouvolan-sanomat\/wp-json\/wp\/v2\/pages\/13\/revisions"}],"predecessor-version":[{"id":7920,"href":"https:\/\/oma.media.fi\/kouvolan-sanomat\/wp-json\/wp\/v2\/pages\/13\/revisions\/7920"}],"wp:attachment":[{"href":"https:\/\/oma.media.fi\/kouvolan-sanomat\/wp-json\/wp\/v2\/media?parent=13"}],"curies":[{"name":"wp","href":"https:\/\/api.w.org\/{rel}","templated":true}]}}