{"id":2635,"date":"2020-10-09T09:18:59","date_gmt":"2020-10-09T06:18:59","guid":{"rendered":"https:\/\/oma.media.fi\/kymen-sanomat\/?page_id=2635"},"modified":"2025-09-03T11:05:12","modified_gmt":"2025-09-03T08:05:12","slug":"toimituksen-yhteystiedot","status":"publish","type":"page","link":"https:\/\/oma.media.fi\/kymen-sanomat\/toimituksen-yhteystiedot\/","title":{"rendered":"Toimituksen yhteystiedot"},"content":{"rendered":"<p>Uutisp\u00e4ivystys 040 1416502 ma-pe 8-22 ja la-su 12-22.00.<\/p>\n<p><a id=\"menur5qv\" class=\"fui-Link ___1q1shib f2hkw1w f3rmtva f1ewtqcl fyind8e f1k6fduh f1w7gpdv fk6fouc fjoy568 figsok6 f1s184ao f1mk8lai fnbmjn9 f1o700av f13mvf36 f1cmlufx f9n3di6 f1ids18y f1tx3yz7 f1deo86v f1eh06m1 f1iescvh fhgqx19 f1olyrje f1p93eir f1nev41a f1h8hb77 f1lqvz6u f10aw75t fsle3fq f17ae5zn\" title=\"&#x6d;a&#x69;&#108;&#x74;&#111;:&#x75;u&#x74;&#105;&#x73;&#116;u&#x6f;&#116;&#x74;&#97;j&#x61;t&#x40;&#107;&#x6f;&#117;v&#x6f;l&#x61;&#110;&#x73;&#x61;n&#x6f;&#109;&#x61;&#116;&#46;&#x66;i\" href=\"&#109;&#x61;i&#108;&#x74;o&#58;&#x75;u&#116;&#x69;s&#116;&#x75;o&#116;&#x74;a&#106;&#x61;t&#64;&#x6b;y&#109;&#x65;n&#115;&#x61;n&#111;&#x6d;a&#x74;&#x2e;f&#x69;\" target=\"_blank\" rel=\"noreferrer noopener\" aria-label=\"Linkki &#x75;&#117;&#116;i&#x73;&#x74;&#117;o&#x74;&#x74;&#97;j&#x61;&#x40;&#107;y&#x6d;&#x65;&#110;s&#x61;&#x6e;&#111;m&#x61;&#x74;&#46;&#102;i\">&#117;&#x75;t&#x69;s&#116;&#x75;&#111;&#x74;t&#97;&#x6a;&#97;&#x40;k&#x79;&#x6d;&#101;&#x6e;s&#x61;n&#111;&#x6d;&#97;&#x74;&#46;&#102;&#x69;<\/a><br \/>\nuut&#105;&#115;&#101;&#116;&#x40;&#x6b;&#x79;&#x6d;&#x65;&#x6e;&#x73;ano&#109;&#97;&#116;&#46;&#102;&#x69;<\/p>\n<p>S\u00e4hk\u00f6postiosoite:<br \/>\ne&#116;&#117;&#110;&#x69;&#x6d;&#x69;&#46;s&#117;&#107;&#x75;&#x6e;&#x69;&#x6d;i&#64;&#107;&#121;&#x6d;&#x65;&#x6e;&#x73;a&#110;&#111;&#109;&#x61;&#x74;&#x2e;fi<\/p>\n<p>Mielipideaineisto:<br \/>\n<a id=\"menur5r1\" class=\"fui-Link ___1q1shib f2hkw1w f3rmtva f1ewtqcl fyind8e f1k6fduh f1w7gpdv fk6fouc fjoy568 figsok6 f1s184ao f1mk8lai fnbmjn9 f1o700av f13mvf36 f1cmlufx f9n3di6 f1ids18y f1tx3yz7 f1deo86v f1eh06m1 f1iescvh fhgqx19 f1olyrje f1p93eir f1nev41a f1h8hb77 f1lqvz6u f10aw75t fsle3fq f17ae5zn\" title=\"&#x6d;&#x61;&#x69;&#x6c;&#116;&#111;&#58;&#108;uki&#x6a;&#x61;&#x6c;&#x74;&#x61;&#64;&#107;&#111;uvo&#x6c;&#x61;&#x6e;&#x73;&#x61;&#110;&#111;&#109;at&#46;&#x66;&#x69;\" href=\"ma&#105;&#108;&#116;&#x6f;&#x3a;&#x6c;&#x75;ki&#106;&#97;&#108;&#x74;&#x61;&#x40;&#x6b;ym&#101;&#110;&#115;&#x61;&#x6e;&#x6f;&#x6d;at&#46;&#102;&#105;\" target=\"_blank\" rel=\"noreferrer noopener\" aria-label=\"Linkki &#108;u&#x6b;i&#x6a;a&#x74;&#64;&#x6b;&#121;&#x6d;&#101;&#x6e;&#115;&#x61;&#110;o&#109;a&#x74;&#46;&#x66;i\">&#x6c;&#x75;&#107;&#105;ja&#x74;&#x40;&#x6b;&#121;me&#x6e;&#x73;&#x61;&#110;&#111;m&#x61;&#x74;&#x2e;&#102;&#105;<\/a><\/p>\n<p>Heidi Ekdahl<br \/>\nVastaava p\u00e4\u00e4toimittaja<br \/>\n050 3540088<\/p>\n<p><strong>Toimituksen yhteystiedot<br \/>\n<\/strong><strong><br \/>\nTuottajat<\/strong><\/p>\n<p><strong>Puh. 040 141 6502<\/strong><br \/>\n&#x75;&#117;&#x74;&#x69;&#115;&#x65;&#x74;&#64;&#x6b;&#x79;&#109;&#x65;&#x6e;s&#x61;&#x6e;o&#x6d;&#97;t&#x2e;&#102;i<\/p>\n<p>Marja Luumi<br \/>\nAino Meht\u00e4l\u00e4<\/p>\n<p>Iltaisin ja viikonloppuisin:<br \/>\nAntti Kaarto<br \/>\nJanne Kettunen<br \/>\nVilma K\u00e4rkk\u00e4inen<br \/>\nRiina Lehtoranta<\/p>\n<p><strong>Toimitus<br \/>\n<\/strong><br \/>\nVilma K\u00e4rkk\u00e4inen, 040 1395831<br \/>\n<span class=\"ui-provider ef blz bij bvx bvy bvz bwa bwb bwc bwd bwe bwf bwg bwh bwi bwj bwk bwl bwm bwn bwo bwp bwq bwr bws bwt bwu bwv bww bwx bwy bwz bxa bxb bxc\" dir=\"ltr\">Tiina Lehtonen, 040 3545175<br \/>\n<\/span>Mika Mykk\u00e4nen, 044 7835893<br \/>\nJohanna Vehkaluoto, 040 825 5106<br \/>\nOuti Palmu, 040 825 6634<br \/>\nEira Talka, 040 6787694<\/p>\n<p><strong>Yhteiskuntatoimitus<\/strong><\/p>\n<p>Janne Kettunen, 044 0350329<br \/>\nPekka Kimpanp\u00e4\u00e4, 040 141 6489<br \/>\nRiina Lehtoranta, 040 172 0140<\/p>\n<p><strong>Kulttuuri<\/strong><br \/>\n&#107;&#x75;&#108;&#x74;&#116;&#x75;&#117;&#x72;&#105;&#x40;&#107;&#x79;&#109;&#x65;&#110;&#x73;&#97;&#x6e;&#111;&#x6d;&#97;&#x74;&#46;&#x66;&#105;<br \/>\n040 141 6502<\/p>\n<p><strong>Urheilutoimitus<\/strong><br \/>\nurh&#101;&#105;&#108;&#117;&#x40;&#x6b;&#x79;&#x6d;&#x65;&#x6e;&#x73;ano&#109;&#97;&#116;&#46;&#102;&#x69;<br \/>\n040 676 4779<\/p>\n<p><strong>Haminan toimitus<\/strong><br \/>\nAntti Kaarto, 040 141 6484<\/p>\n<p><strong>Valokuvaamo<br \/>\n<\/strong>&#x6b;&#x75;&#118;a&#x61;&#x6a;&#97;&#116;&#64;&#x6b;&#x79;&#109;&#101;n&#x73;&#x61;&#110;om&#x61;&#x74;&#46;f&#x69;<strong><br \/>\n<\/strong>Ella Karttunen, 040 547 5952<br \/>\nKimmo Sepp\u00e4l\u00e4, 040 728 7243<\/p>\n<p><strong>Graafikko<\/strong><br \/>\nJuha Rika, 040 141 6532<\/p>\n<p><strong>KS Keskiviikko<\/strong><\/p>\n<p>Hannu Helineva<br \/>\ntuottaja<br \/>\n040 547 0308<\/p>\n<p>Laura Sivonen<br \/>\ntoimittaja<br \/>\n040 680 6428<\/p>\n<p>&nbsp;<\/p>\n","protected":false},"excerpt":{"rendered":"<p>Uutisp\u00e4ivystys 040 1416502 ma-pe 8-22 ja la-su 12-22.00. &#117;&#x75;&#116;&#x69;&#115;&#x74;u&#x6f;t&#116;&#x61;&#106;&#x61;&#64;&#x6b;y&#x6d;e&#110;&#x73;&#97;&#x6e;&#111;&#x6d;&#97;&#x74;&#46;&#x66;i &#117;&#117;&#x74;i&#115;&#x65;&#x74;&#64;&#107;&#x79;&#x6d;e&#110;&#x73;&#x61;n&#111;&#x6d;&#x61;t&#46;&#x66;&#x69; S\u00e4hk\u00f6postiosoite: &#x65;&#116;u&#x6e;&#x69;&#109;i&#x2e;&#115;u&#x6b;&#x75;&#110;i&#x6d;&#105;&#64;&#x6b;&#x79;&#109;e&#x6e;&#x73;&#97;&#x6e;&#x6f;&#109;a&#x74;&#x2e;&#102;i Mielipideaineisto: &#x6c;&#x75;&#x6b;&#x69;&#x6a;&#x61;&#x74;&#x40;&#x6b;&#x79;&#x6d;&#x65;&#x6e;&#x73;&#x61;&#x6e;&#x6f;&#x6d;&#x61;&#x74;&#x2e;&#x66;&#x69; Heidi Ekdahl Vastaava p\u00e4\u00e4toimittaja 050 3540088 Toimituksen yhteystiedot Tuottajat Puh. 040 141 6502 &#x75;&#117;&#x74;&#x69;&#115;&#x65;&#116;&#64;&#x6b;&#121;m&#x65;&#110;s&#x61;&#110;o&#x6d;&#97;&#x74;&#x2e;&#102;&#x69; Marja Luumi Aino Meht\u00e4l\u00e4 Iltaisin ja viikonloppuisin: Antti Kaarto Janne Kettunen Vilma K\u00e4rkk\u00e4inen Riina Lehtoranta Toimitus Vilma K\u00e4rkk\u00e4inen, 040 1395831 Tiina Lehtonen, 040 3545175 Mika Mykk\u00e4nen, 044 [&hellip;]<\/p>\n","protected":false},"author":50,"featured_media":0,"parent":0,"menu_order":0,"comment_status":"closed","ping_status":"closed","template":"","meta":{"_acf_changed":false,"footnotes":""},"class_list":["post-2635","page","type-page","status-publish","hentry"],"acf":[],"yoast_head":"<!-- This site is optimized with the Yoast SEO plugin v26.2 - https:\/\/yoast.com\/wordpress\/plugins\/seo\/ -->\n<title>Toimituksen yhteystiedot - Kymen Sanomat<\/title>\n<meta name=\"robots\" content=\"index, follow, max-snippet:-1, max-image-preview:large, max-video-preview:-1\" \/>\n<link rel=\"canonical\" href=\"https:\/\/oma.media.fi\/kymen-sanomat\/toimituksen-yhteystiedot\/\" \/>\n<meta property=\"og:locale\" content=\"fi_FI\" \/>\n<meta property=\"og:type\" content=\"article\" \/>\n<meta property=\"og:title\" content=\"Toimituksen yhteystiedot\" \/>\n<meta property=\"og:description\" content=\"Uutisp\u00e4ivystys 040 1416502 ma-pe 8-22 ja la-su 12-22.00. uuti&#115;&#116;&#117;&#111;&#116;&#x74;&#x61;&#x6a;&#x61;&#x40;&#x6b;&#x79;mens&#097;&#110;&#111;&#109;&#097;&#x74;&#x2e;&#x66;&#x69; uu&#116;&#105;&#115;&#101;&#x74;&#x40;&#x6b;&#x79;&#x6d;en&#115;&#097;&#110;&#111;&#x6d;&#x61;&#x74;&#x2e;&#x66;i S\u00e4hk\u00f6postiosoite: e&#116;&#117;&#x6e;&#x69;&#x6d;i&#046;&#115;&#117;&#x6b;&#x75;&#x6e;i&#109;&#105;&#064;&#x6b;&#x79;&#x6d;e&#110;&#115;&#x61;&#x6e;&#x6f;ma&#116;&#046;&#x66;&#x69; Mielipideaineisto: &#x6c;&#117;k&#x69;&#106;a&#x74;&#064;k&#x79;&#109;e&#x6e;&#115;a&#x6e;&#111;m&#x61;&#116;&#046;&#x66;&#105; Heidi Ekdahl Vastaava p\u00e4\u00e4toimittaja 050 3540088 Toimituksen yhteystiedot Tuottajat Puh. 040 141 6502 &#117;u&#x74;i&#x73;&#101;&#x74;&#064;&#x6b;&#121;m&#x65;n&#x73;&#097;&#x6e;&#111;&#x6d;&#097;&#x74;&#046;f&#x69; Marja Luumi Aino Meht\u00e4l\u00e4 Iltaisin ja viikonloppuisin: Antti Kaarto Janne Kettunen Vilma K\u00e4rkk\u00e4inen Riina Lehtoranta Toimitus Vilma K\u00e4rkk\u00e4inen, 040 1395831 Tiina Lehtonen, 040 3545175 Mika Mykk\u00e4nen, 044 [&hellip;]\" \/>\n<meta property=\"og:url\" content=\"https:\/\/oma.media.fi\/kymen-sanomat\/toimituksen-yhteystiedot\/\" \/>\n<meta property=\"og:site_name\" content=\"Kymen Sanomat\" \/>\n<meta property=\"article:modified_time\" content=\"2025-09-03T08:05:12+00:00\" \/>\n<meta name=\"twitter:card\" content=\"summary_large_image\" \/>\n<meta name=\"twitter:label1\" content=\"Arvioitu lukuaika\" \/>\n\t<meta name=\"twitter:data1\" content=\"1 minuutti\" \/>\n<script type=\"application\/ld+json\" class=\"yoast-schema-graph\">{\"@context\":\"https:\/\/schema.org\",\"@graph\":[{\"@type\":\"WebPage\",\"@id\":\"https:\/\/oma.media.fi\/kymen-sanomat\/toimituksen-yhteystiedot\/\",\"url\":\"https:\/\/oma.media.fi\/kymen-sanomat\/toimituksen-yhteystiedot\/\",\"name\":\"Toimituksen yhteystiedot - Kymen Sanomat\",\"isPartOf\":{\"@id\":\"https:\/\/oma.media.fi\/kymen-sanomat\/#website\"},\"datePublished\":\"2020-10-09T06:18:59+00:00\",\"dateModified\":\"2025-09-03T08:05:12+00:00\",\"breadcrumb\":{\"@id\":\"https:\/\/oma.media.fi\/kymen-sanomat\/toimituksen-yhteystiedot\/#breadcrumb\"},\"inLanguage\":\"fi\",\"potentialAction\":[{\"@type\":\"ReadAction\",\"target\":[\"https:\/\/oma.media.fi\/kymen-sanomat\/toimituksen-yhteystiedot\/\"]}]},{\"@type\":\"BreadcrumbList\",\"@id\":\"https:\/\/oma.media.fi\/kymen-sanomat\/toimituksen-yhteystiedot\/#breadcrumb\",\"itemListElement\":[{\"@type\":\"ListItem\",\"position\":1,\"name\":\"Etusivu\",\"item\":\"https:\/\/oma.media.fi\/kymen-sanomat\/\"},{\"@type\":\"ListItem\",\"position\":2,\"name\":\"Toimituksen yhteystiedot\"}]},{\"@type\":\"WebSite\",\"@id\":\"https:\/\/oma.media.fi\/kymen-sanomat\/#website\",\"url\":\"https:\/\/oma.media.fi\/kymen-sanomat\/\",\"name\":\"Kymen Sanomat\",\"description\":\"\",\"potentialAction\":[{\"@type\":\"SearchAction\",\"target\":{\"@type\":\"EntryPoint\",\"urlTemplate\":\"https:\/\/oma.media.fi\/kymen-sanomat\/?s={search_term_string}\"},\"query-input\":{\"@type\":\"PropertyValueSpecification\",\"valueRequired\":true,\"valueName\":\"search_term_string\"}}],\"inLanguage\":\"fi\"}]}<\/script>\n<!-- \/ Yoast SEO plugin. -->","yoast_head_json":{"title":"Toimituksen yhteystiedot - Kymen Sanomat","robots":{"index":"index","follow":"follow","max-snippet":"max-snippet:-1","max-image-preview":"max-image-preview:large","max-video-preview":"max-video-preview:-1"},"canonical":"https:\/\/oma.media.fi\/kymen-sanomat\/toimituksen-yhteystiedot\/","og_locale":"fi_FI","og_type":"article","og_title":"Toimituksen yhteystiedot","og_description":"Uutisp\u00e4ivystys 040 1416502 ma-pe 8-22 ja la-su 12-22.00. uuti&#115;&#116;&#117;&#111;&#116;&#x74;&#x61;&#x6a;&#x61;&#x40;&#x6b;&#x79;mens&#97;&#110;&#111;&#109;&#97;&#x74;&#x2e;&#x66;&#x69; uu&#116;&#105;&#115;&#101;&#x74;&#x40;&#x6b;&#x79;&#x6d;en&#115;&#97;&#110;&#111;&#x6d;&#x61;&#x74;&#x2e;&#x66;i S\u00e4hk\u00f6postiosoite: e&#116;&#117;&#x6e;&#x69;&#x6d;i&#46;&#115;&#117;&#x6b;&#x75;&#x6e;i&#109;&#105;&#64;&#x6b;&#x79;&#x6d;e&#110;&#115;&#x61;&#x6e;&#x6f;ma&#116;&#46;&#x66;&#x69; Mielipideaineisto: &#x6c;&#117;k&#x69;&#106;a&#x74;&#64;k&#x79;&#109;e&#x6e;&#115;a&#x6e;&#111;m&#x61;&#116;&#46;&#x66;&#105; Heidi Ekdahl Vastaava p\u00e4\u00e4toimittaja 050 3540088 Toimituksen yhteystiedot Tuottajat Puh. 040 141 6502 &#117;u&#x74;i&#x73;&#101;&#x74;&#64;&#x6b;&#121;m&#x65;n&#x73;&#97;&#x6e;&#111;&#x6d;&#97;&#x74;&#46;f&#x69; Marja Luumi Aino Meht\u00e4l\u00e4 Iltaisin ja viikonloppuisin: Antti Kaarto Janne Kettunen Vilma K\u00e4rkk\u00e4inen Riina Lehtoranta Toimitus Vilma K\u00e4rkk\u00e4inen, 040 1395831 Tiina Lehtonen, 040 3545175 Mika Mykk\u00e4nen, 044 [&hellip;]","og_url":"https:\/\/oma.media.fi\/kymen-sanomat\/toimituksen-yhteystiedot\/","og_site_name":"Kymen Sanomat","article_modified_time":"2025-09-03T08:05:12+00:00","twitter_card":"summary_large_image","twitter_misc":{"Arvioitu lukuaika":"1 minuutti"},"schema":{"@context":"https:\/\/schema.org","@graph":[{"@type":"WebPage","@id":"https:\/\/oma.media.fi\/kymen-sanomat\/toimituksen-yhteystiedot\/","url":"https:\/\/oma.media.fi\/kymen-sanomat\/toimituksen-yhteystiedot\/","name":"Toimituksen yhteystiedot - Kymen Sanomat","isPartOf":{"@id":"https:\/\/oma.media.fi\/kymen-sanomat\/#website"},"datePublished":"2020-10-09T06:18:59+00:00","dateModified":"2025-09-03T08:05:12+00:00","breadcrumb":{"@id":"https:\/\/oma.media.fi\/kymen-sanomat\/toimituksen-yhteystiedot\/#breadcrumb"},"inLanguage":"fi","potentialAction":[{"@type":"ReadAction","target":["https:\/\/oma.media.fi\/kymen-sanomat\/toimituksen-yhteystiedot\/"]}]},{"@type":"BreadcrumbList","@id":"https:\/\/oma.media.fi\/kymen-sanomat\/toimituksen-yhteystiedot\/#breadcrumb","itemListElement":[{"@type":"ListItem","position":1,"name":"Etusivu","item":"https:\/\/oma.media.fi\/kymen-sanomat\/"},{"@type":"ListItem","position":2,"name":"Toimituksen yhteystiedot"}]},{"@type":"WebSite","@id":"https:\/\/oma.media.fi\/kymen-sanomat\/#website","url":"https:\/\/oma.media.fi\/kymen-sanomat\/","name":"Kymen Sanomat","description":"","potentialAction":[{"@type":"SearchAction","target":{"@type":"EntryPoint","urlTemplate":"https:\/\/oma.media.fi\/kymen-sanomat\/?s={search_term_string}"},"query-input":{"@type":"PropertyValueSpecification","valueRequired":true,"valueName":"search_term_string"}}],"inLanguage":"fi"}]}},"publishpress_future_action":{"enabled":false,"date":"2026-05-17 18:01:15","action":"change-status","newStatus":"draft","terms":[],"taxonomy":"","extraData":[]},"publishpress_future_workflow_manual_trigger":{"enabledWorkflows":[]},"_links":{"self":[{"href":"https:\/\/oma.media.fi\/kymen-sanomat\/wp-json\/wp\/v2\/pages\/2635","targetHints":{"allow":["GET"]}}],"collection":[{"href":"https:\/\/oma.media.fi\/kymen-sanomat\/wp-json\/wp\/v2\/pages"}],"about":[{"href":"https:\/\/oma.media.fi\/kymen-sanomat\/wp-json\/wp\/v2\/types\/page"}],"author":[{"embeddable":true,"href":"https:\/\/oma.media.fi\/kymen-sanomat\/wp-json\/wp\/v2\/users\/50"}],"replies":[{"embeddable":true,"href":"https:\/\/oma.media.fi\/kymen-sanomat\/wp-json\/wp\/v2\/comments?post=2635"}],"version-history":[{"count":32,"href":"https:\/\/oma.media.fi\/kymen-sanomat\/wp-json\/wp\/v2\/pages\/2635\/revisions"}],"predecessor-version":[{"id":7696,"href":"https:\/\/oma.media.fi\/kymen-sanomat\/wp-json\/wp\/v2\/pages\/2635\/revisions\/7696"}],"wp:attachment":[{"href":"https:\/\/oma.media.fi\/kymen-sanomat\/wp-json\/wp\/v2\/media?parent=2635"}],"curies":[{"name":"wp","href":"https:\/\/api.w.org\/{rel}","templated":true}]}}