{"id":4498,"date":"2021-10-27T12:53:31","date_gmt":"2021-10-27T09:53:31","guid":{"rendered":"https:\/\/oma.media.fi\/kymen-sanomat\/?page_id=4498"},"modified":"2022-01-21T15:11:43","modified_gmt":"2022-01-21T13:11:43","slug":"lukuoikeuden-jakaminen","status":"publish","type":"page","link":"https:\/\/oma.media.fi\/kymen-sanomat\/lukuoikeuden-jakaminen\/","title":{"rendered":"Lukuoikeuden jakaminen"},"content":{"rendered":"<p><em style=\"font-size: 1.3rem;color: #666\">Tilaajana voit jakaa digilukuoikeuden <strong>kolmelle samassa taloudessa asuvalle perheenj\u00e4senelle<\/strong>. Jaettuasi lukuoikeuden perheenj\u00e4senesi p\u00e4\u00e4sev\u00e4t luomaan oman Mediatunnuksen, jolla p\u00e4\u00e4sev\u00e4t lukemaan kaikkia digisis\u00e4lt\u00f6j\u00e4mme sek\u00e4 kommentoimaan juttujamme omalla nimimerkill\u00e4\u00e4n. Jakamalla lukuoikeuden my\u00f6s tilaustietosi ovat turvassa, sill\u00e4 voit tehd\u00e4 niihin muutoksia vain omalla Mediatunnuksellasi.<\/em><\/p>\n<hr \/>\n<h2>Mit\u00e4 kaikkea lukuoikeus sis\u00e4lt\u00e4\u00e4?<\/h2>\n<p><span data-contrast=\"none\">Digilukuoikeus on lehti ja digi- sek\u00e4 digitilaukseen kuuluva maksuton lis\u00e4palvelu. Se mahdollistaa lukuoikeuden lehden digipalvelun koko sis\u00e4lt\u00f6\u00f6n kaikilla tuetuilla p\u00e4\u00e4telaitteilla. <\/span><span data-contrast=\"none\">Lis\u00e4lukuoikeuden saanut henkil\u00f6 voi lukea sis\u00e4lt\u00f6j\u00e4 Kymensanomat.fi-verkkopalvelusta, n\u00e4k\u00f6islehdest\u00e4 ja sovelluksista. T\u00e4ll\u00f6in lis\u00e4lukuoikeuden saanut perheenj\u00e4sen voi k\u00e4ytt\u00e4\u00e4 uutissovellusta ja p\u00e4iv\u00e4n lehti -sovellusta omalla laitteellaan (iOs ja Android). Lis\u00e4ksi h\u00e4n voi kommentoida juttuja kommenttipalstalla.<\/span><span data-ccp-props=\"{&quot;201341983&quot;:0,&quot;335559739&quot;:160,&quot;335559740&quot;:259}\">\u00a0<\/span><\/p>\n<h2>Miten jaan lukuoikeuden?<\/h2>\n<p>Lehti ja digi- sek\u00e4 digitilaus oikeuttaa tilaajan jakamaan digilukuoikeuden kolmelle samassa taloudessa asuvalle perheenj\u00e4senelle. Tilaaja tekee jaon itse ja l\u00e4hett\u00e4\u00e4 perheenj\u00e4senelleen kutsun henkil\u00f6kohtaisen Mediatunnuksen luomiseen.<\/p>\n<p>Lukuoikeuden jakaminen tapahtuu seuraavasti:<\/p>\n<ol>\n<li>Kirjaudu sis\u00e4\u00e4n omien tietojen hallintaan Mediatunnuksellasi osoitteessa<a href=\"https:\/\/media.portal.worldoftulo.com\/\">\u00a0https:\/\/media.portal.worldoftulo.com\/<\/a><\/li>\n<li>Siirry Voimassa olevat tilaukset -v\u00e4lilehdelle.<\/li>\n<li>Klikkaa Jaa paketti -painiketta halutun tilauksen kohdalla. Jaa Paketti -painike n\u00e4kyy vain, jos tuotteeseen liittyy jakomahdollisuus.<\/li>\n<li>Avautuvassa n\u00e4kym\u00e4ss\u00e4 tilauksen omistaja l\u00e4hett\u00e4\u00e4 perheenj\u00e4senens\u00e4 s\u00e4hk\u00f6postiin kutsun, jonka kautta perheenj\u00e4sen luo itselleen oman Mediatunnuksen. Kirjoita s\u00e4hk\u00f6postikenttiin perheenj\u00e4sentesi s\u00e4hk\u00f6postiosoitteet. Palvelu l\u00e4hett\u00e4\u00e4 viestin lukuoikeuden jaosta ilmoittamiisi s\u00e4hk\u00f6posteihin. Henkil\u00f6, jolle jaat lukuoikeuden voi k\u00e4ytt\u00e4\u00e4 palveluaan omalla Mediatunnuksellaan. Mik\u00e4li h\u00e4nell\u00e4 ei viel\u00e4 ole Mediatunnusta, voi tunnuksen luoda saapuneen viestin kautta.<\/li>\n<\/ol>\n<h2>Miksi jakaisin lukuoikeuden enk\u00e4 vain Mediatunnustani?<\/h2>\n<p><span data-contrast=\"none\">Lukuoikeuden jakamisessa on monia hy\u00f6tyj\u00e4. Jakamalla lukuoikeuden ja asentamalla sovellukset tabletille tai \u00e4lypuhelimelle,\u00a0saat hy\u00f6dynnetty\u00e4 tilauksesi sis\u00e4lt\u00f6j\u00e4 maksimaalisesti.\u00a0K\u00e4ytt\u00e4j\u00e4kohtaisten Mediatunnusten avulla ulkopuoliset eiv\u00e4t p\u00e4\u00e4se k\u00e4siksi henkil\u00f6kohtaisiin\u00a0tilaustietoihin tai salasanoihin. My\u00f6s juttujen kommentointi on aina henkil\u00f6kohtaista.<\/span><\/p>\n<p><span data-contrast=\"none\">Jaettu digilukuoikeus on voimassa yht\u00e4 pitk\u00e4\u00e4n kuin p\u00e4\u00e4tilaus, ellei p\u00e4\u00e4tilauksen tekij\u00e4 peru\u202fjakamaansa lis\u00e4lukuoikeutta.\u202fTilauksen p\u00e4\u00e4ttyess\u00e4 tai muuttuessa sellaiseksi, ettei lukuoikeus kuulu tilaustyyppiin, p\u00e4\u00e4ttyv\u00e4t my\u00f6s tilaukselle annetut lis\u00e4lukuoikeudet.\u202f<\/span><span data-ccp-props=\"{&quot;134233117&quot;:true,&quot;134233118&quot;:true,&quot;201341983&quot;:0,&quot;335559740&quot;:240}\"> Huomioithan, ett\u00e4 oman henkil\u00f6kohtaisen Mediatunnuksen luovuttaminen ulkopuolisten k\u00e4ytt\u00f6\u00f6n on kielletty tilausehdoissamme.<\/span><\/p>\n<h2>Kaipaatko viel\u00e4 lis\u00e4\u00e4 tietoa?<\/h2>\n<p>Katso vastauksia usein kysytyt kysymykset-osiostamme.<\/p>\n<p><a class=\"button button--outlined\" href=\"https:\/\/oma.media.fi\/kymen-sanomat\/ukk\/\">Usein kysytyt kysymykset<\/a><\/p>\n","protected":false},"excerpt":{"rendered":"<p>Tilaajana voit jakaa digilukuoikeuden kolmelle samassa taloudessa asuvalle perheenj\u00e4senelle. Jaettuasi lukuoikeuden perheenj\u00e4senesi p\u00e4\u00e4sev\u00e4t luomaan oman Mediatunnuksen, jolla p\u00e4\u00e4sev\u00e4t lukemaan kaikkia digisis\u00e4lt\u00f6j\u00e4mme sek\u00e4 kommentoimaan juttujamme omalla nimimerkill\u00e4\u00e4n. Jakamalla lukuoikeuden my\u00f6s tilaustietosi ovat turvassa, sill\u00e4 voit tehd\u00e4 niihin muutoksia vain omalla Mediatunnuksellasi. Mit\u00e4 kaikkea lukuoikeus sis\u00e4lt\u00e4\u00e4? Digilukuoikeus on lehti ja digi- sek\u00e4 digitilaukseen kuuluva maksuton lis\u00e4palvelu. Se [&hellip;]<\/p>\n","protected":false},"author":6,"featured_media":0,"parent":0,"menu_order":0,"comment_status":"closed","ping_status":"closed","template":"","meta":{"_acf_changed":false,"footnotes":""},"class_list":["post-4498","page","type-page","status-publish","hentry"],"acf":[],"yoast_head":"<!-- This site is optimized with the Yoast SEO plugin v26.2 - https:\/\/yoast.com\/wordpress\/plugins\/seo\/ -->\n<title>Lukuoikeuden jakaminen - Kymen Sanomat<\/title>\n<meta name=\"robots\" content=\"index, follow, max-snippet:-1, max-image-preview:large, max-video-preview:-1\" \/>\n<link rel=\"canonical\" href=\"https:\/\/oma.media.fi\/kymen-sanomat\/lukuoikeuden-jakaminen\/\" \/>\n<meta property=\"og:locale\" content=\"fi_FI\" \/>\n<meta property=\"og:type\" content=\"article\" \/>\n<meta property=\"og:title\" content=\"Lukuoikeuden jakaminen\" \/>\n<meta property=\"og:description\" content=\"Tilaajana voit jakaa digilukuoikeuden kolmelle samassa taloudessa asuvalle perheenj\u00e4senelle. Jaettuasi lukuoikeuden perheenj\u00e4senesi p\u00e4\u00e4sev\u00e4t luomaan oman Mediatunnuksen, jolla p\u00e4\u00e4sev\u00e4t lukemaan kaikkia digisis\u00e4lt\u00f6j\u00e4mme sek\u00e4 kommentoimaan juttujamme omalla nimimerkill\u00e4\u00e4n. Jakamalla lukuoikeuden my\u00f6s tilaustietosi ovat turvassa, sill\u00e4 voit tehd\u00e4 niihin muutoksia vain omalla Mediatunnuksellasi. Mit\u00e4 kaikkea lukuoikeus sis\u00e4lt\u00e4\u00e4? Digilukuoikeus on lehti ja digi- sek\u00e4 digitilaukseen kuuluva maksuton lis\u00e4palvelu. Se [&hellip;]\" \/>\n<meta property=\"og:url\" content=\"https:\/\/oma.media.fi\/kymen-sanomat\/lukuoikeuden-jakaminen\/\" \/>\n<meta property=\"og:site_name\" content=\"Kymen Sanomat\" \/>\n<meta property=\"article:modified_time\" content=\"2022-01-21T13:11:43+00:00\" \/>\n<meta name=\"twitter:card\" content=\"summary_large_image\" \/>\n<meta name=\"twitter:label1\" content=\"Arvioitu lukuaika\" \/>\n\t<meta name=\"twitter:data1\" content=\"2 minuuttia\" \/>\n<script type=\"application\/ld+json\" class=\"yoast-schema-graph\">{\"@context\":\"https:\/\/schema.org\",\"@graph\":[{\"@type\":\"WebPage\",\"@id\":\"https:\/\/oma.media.fi\/kymen-sanomat\/lukuoikeuden-jakaminen\/\",\"url\":\"https:\/\/oma.media.fi\/kymen-sanomat\/lukuoikeuden-jakaminen\/\",\"name\":\"Lukuoikeuden jakaminen - Kymen Sanomat\",\"isPartOf\":{\"@id\":\"https:\/\/oma.media.fi\/kymen-sanomat\/#website\"},\"datePublished\":\"2021-10-27T09:53:31+00:00\",\"dateModified\":\"2022-01-21T13:11:43+00:00\",\"breadcrumb\":{\"@id\":\"https:\/\/oma.media.fi\/kymen-sanomat\/lukuoikeuden-jakaminen\/#breadcrumb\"},\"inLanguage\":\"fi\",\"potentialAction\":[{\"@type\":\"ReadAction\",\"target\":[\"https:\/\/oma.media.fi\/kymen-sanomat\/lukuoikeuden-jakaminen\/\"]}]},{\"@type\":\"BreadcrumbList\",\"@id\":\"https:\/\/oma.media.fi\/kymen-sanomat\/lukuoikeuden-jakaminen\/#breadcrumb\",\"itemListElement\":[{\"@type\":\"ListItem\",\"position\":1,\"name\":\"Etusivu\",\"item\":\"https:\/\/oma.media.fi\/kymen-sanomat\/\"},{\"@type\":\"ListItem\",\"position\":2,\"name\":\"Lukuoikeuden jakaminen\"}]},{\"@type\":\"WebSite\",\"@id\":\"https:\/\/oma.media.fi\/kymen-sanomat\/#website\",\"url\":\"https:\/\/oma.media.fi\/kymen-sanomat\/\",\"name\":\"Kymen Sanomat\",\"description\":\"\",\"potentialAction\":[{\"@type\":\"SearchAction\",\"target\":{\"@type\":\"EntryPoint\",\"urlTemplate\":\"https:\/\/oma.media.fi\/kymen-sanomat\/?s={search_term_string}\"},\"query-input\":{\"@type\":\"PropertyValueSpecification\",\"valueRequired\":true,\"valueName\":\"search_term_string\"}}],\"inLanguage\":\"fi\"}]}<\/script>\n<!-- \/ Yoast SEO plugin. -->","yoast_head_json":{"title":"Lukuoikeuden jakaminen - Kymen Sanomat","robots":{"index":"index","follow":"follow","max-snippet":"max-snippet:-1","max-image-preview":"max-image-preview:large","max-video-preview":"max-video-preview:-1"},"canonical":"https:\/\/oma.media.fi\/kymen-sanomat\/lukuoikeuden-jakaminen\/","og_locale":"fi_FI","og_type":"article","og_title":"Lukuoikeuden jakaminen","og_description":"Tilaajana voit jakaa digilukuoikeuden kolmelle samassa taloudessa asuvalle perheenj\u00e4senelle. Jaettuasi lukuoikeuden perheenj\u00e4senesi p\u00e4\u00e4sev\u00e4t luomaan oman Mediatunnuksen, jolla p\u00e4\u00e4sev\u00e4t lukemaan kaikkia digisis\u00e4lt\u00f6j\u00e4mme sek\u00e4 kommentoimaan juttujamme omalla nimimerkill\u00e4\u00e4n. Jakamalla lukuoikeuden my\u00f6s tilaustietosi ovat turvassa, sill\u00e4 voit tehd\u00e4 niihin muutoksia vain omalla Mediatunnuksellasi. Mit\u00e4 kaikkea lukuoikeus sis\u00e4lt\u00e4\u00e4? Digilukuoikeus on lehti ja digi- sek\u00e4 digitilaukseen kuuluva maksuton lis\u00e4palvelu. Se [&hellip;]","og_url":"https:\/\/oma.media.fi\/kymen-sanomat\/lukuoikeuden-jakaminen\/","og_site_name":"Kymen Sanomat","article_modified_time":"2022-01-21T13:11:43+00:00","twitter_card":"summary_large_image","twitter_misc":{"Arvioitu lukuaika":"2 minuuttia"},"schema":{"@context":"https:\/\/schema.org","@graph":[{"@type":"WebPage","@id":"https:\/\/oma.media.fi\/kymen-sanomat\/lukuoikeuden-jakaminen\/","url":"https:\/\/oma.media.fi\/kymen-sanomat\/lukuoikeuden-jakaminen\/","name":"Lukuoikeuden jakaminen - Kymen Sanomat","isPartOf":{"@id":"https:\/\/oma.media.fi\/kymen-sanomat\/#website"},"datePublished":"2021-10-27T09:53:31+00:00","dateModified":"2022-01-21T13:11:43+00:00","breadcrumb":{"@id":"https:\/\/oma.media.fi\/kymen-sanomat\/lukuoikeuden-jakaminen\/#breadcrumb"},"inLanguage":"fi","potentialAction":[{"@type":"ReadAction","target":["https:\/\/oma.media.fi\/kymen-sanomat\/lukuoikeuden-jakaminen\/"]}]},{"@type":"BreadcrumbList","@id":"https:\/\/oma.media.fi\/kymen-sanomat\/lukuoikeuden-jakaminen\/#breadcrumb","itemListElement":[{"@type":"ListItem","position":1,"name":"Etusivu","item":"https:\/\/oma.media.fi\/kymen-sanomat\/"},{"@type":"ListItem","position":2,"name":"Lukuoikeuden jakaminen"}]},{"@type":"WebSite","@id":"https:\/\/oma.media.fi\/kymen-sanomat\/#website","url":"https:\/\/oma.media.fi\/kymen-sanomat\/","name":"Kymen Sanomat","description":"","potentialAction":[{"@type":"SearchAction","target":{"@type":"EntryPoint","urlTemplate":"https:\/\/oma.media.fi\/kymen-sanomat\/?s={search_term_string}"},"query-input":{"@type":"PropertyValueSpecification","valueRequired":true,"valueName":"search_term_string"}}],"inLanguage":"fi"}]}},"publishpress_future_action":{"enabled":false,"date":"2026-04-16 06:20:23","action":"change-status","newStatus":"draft","terms":[],"taxonomy":"","extraData":[]},"publishpress_future_workflow_manual_trigger":{"enabledWorkflows":[]},"_links":{"self":[{"href":"https:\/\/oma.media.fi\/kymen-sanomat\/wp-json\/wp\/v2\/pages\/4498","targetHints":{"allow":["GET"]}}],"collection":[{"href":"https:\/\/oma.media.fi\/kymen-sanomat\/wp-json\/wp\/v2\/pages"}],"about":[{"href":"https:\/\/oma.media.fi\/kymen-sanomat\/wp-json\/wp\/v2\/types\/page"}],"author":[{"embeddable":true,"href":"https:\/\/oma.media.fi\/kymen-sanomat\/wp-json\/wp\/v2\/users\/6"}],"replies":[{"embeddable":true,"href":"https:\/\/oma.media.fi\/kymen-sanomat\/wp-json\/wp\/v2\/comments?post=4498"}],"version-history":[{"count":22,"href":"https:\/\/oma.media.fi\/kymen-sanomat\/wp-json\/wp\/v2\/pages\/4498\/revisions"}],"predecessor-version":[{"id":5038,"href":"https:\/\/oma.media.fi\/kymen-sanomat\/wp-json\/wp\/v2\/pages\/4498\/revisions\/5038"}],"wp:attachment":[{"href":"https:\/\/oma.media.fi\/kymen-sanomat\/wp-json\/wp\/v2\/media?parent=4498"}],"curies":[{"name":"wp","href":"https:\/\/api.w.org\/{rel}","templated":true}]}}