{"id":5014,"date":"2022-01-20T14:05:55","date_gmt":"2022-01-20T12:05:55","guid":{"rendered":"https:\/\/oma.media.fi\/kymen-sanomat\/nakoislehti-2\/"},"modified":"2023-12-20T13:57:00","modified_gmt":"2023-12-20T11:57:00","slug":"nakoislehti","status":"publish","type":"page","link":"https:\/\/oma.media.fi\/kymen-sanomat\/nakoislehti\/","title":{"rendered":"N\u00e4k\u00f6islehti"},"content":{"rendered":"<p><em style=\"font-size: 1.3rem;color: #666\">N\u00e4k\u00f6islehti sis\u00e4lt\u00e4\u00e4 kaikki t\u00e4rkeimm\u00e4t ja ajankohtaisimmat jutut n\u00e4pp\u00e4r\u00e4sti paketoituna. N\u00e4k\u00f6islehden p\u00e4\u00e4set lukemaan verkkopalvelussamme osoitteessa <a href=\"http:\/\/Kymensanomat.fi\/nakoislehti\">Kymensanomat.fi\/nakoislehti<\/a> tai sovelluksellamme.<\/em><\/p>\n<hr \/>\n<h2>Arkisto<\/h2>\n<p>J\u00e4ik\u00f6 lehti lukematta tai haluatko lukea jutun uudestaan? N\u00e4k\u00f6islehtipalvelumme sis\u00e4lt\u00e4\u00e4 my\u00f6s arkiston, josta p\u00e4\u00e4set lukemaan jo julkaistuja lehti\u00e4mme. Halutessasi voit my\u00f6s tulostaa tai tallentaa sivuja tietokoneellesi valikon Tulosta sivu -painikkeen avulla.<\/p>\n<h2>T\u00e4yt\u00e4 ristikot ja sudokut n\u00e4k\u00f6islehdess\u00e4<\/h2>\n<p>Tiesitk\u00f6, ett\u00e4 ristikot ja sudokut voit ratkoa my\u00f6s n\u00e4k\u00f6islehdess\u00e4mme ja sovelluksellamme, jolloin ne ovat aina mukanasi. Klikkaa ruutujen kohdalle ja sy\u00f6t\u00e4 ratkaisusi suoraan ruudukkoon. Jos olet jumissa, j\u00e4t\u00e4 ristikko tai sudoku hetkeksi. Voit jatkaa siit\u00e4 mihin j\u00e4it, sovellus ja selain muistavat jo t\u00e4ytetyt sanat.<\/p>\n<p><strong>Katso tarkat ohjeet n\u00e4k\u00f6islehden k\u00e4ytt\u00e4misest\u00e4 tietokoneella ohjevideostamme.<\/strong> Videolla n\u00e4ytet\u00e4\u00e4n, miten n\u00e4k\u00f6islehte\u00e4 luetaan, mist\u00e4 l\u00f6ytyy lehden arkisto, miten sivuja tallennetaan tai tulostetaan sek\u00e4 miten voit ratkoa ristikot ja sudokut n\u00e4k\u00f6islehdess\u00e4.<\/p>\n<div class=\"video-container\"><iframe loading=\"lazy\" title=\"Mediakonserni Keskisuomalainen | Tilaajan ohjevideot: N\u00e4k\u00f6islehden lukeminen tietokoneella\" width=\"500\" height=\"281\" src=\"https:\/\/www.youtube.com\/embed\/LCgxueEyBHM?feature=oembed\" frameborder=\"0\" allow=\"accelerometer; autoplay; clipboard-write; encrypted-media; gyroscope; picture-in-picture; web-share\" referrerpolicy=\"strict-origin-when-cross-origin\" allowfullscreen><\/iframe><\/div>\n<h2>Lue n\u00e4k\u00f6islehti sovelluksellamme<\/h2>\n<p>Luetko n\u00e4k\u00f6islehte\u00e4 puhelimella tai muulla mobiililaitteella? Suosittelemme asentamaan sovelluksemme, joka on suunniteltu n\u00e4k\u00f6islehden lukemista varten mobiililaitteille.<br \/>\n<a href=\"https:\/\/oma.media.fi\/kymen-sanomat\/sovellus\/\">Tutustu sovelluksiimme klikkaamalla t\u00e4st\u00e4 &gt;&gt;<\/a><\/p>\n<p><strong>Katso ohjeet n\u00e4k\u00f6islehden lukemisesta Android-puhelimilla ja -tableteilla.<\/strong><\/p>\n<div class=\"video-container\"><iframe loading=\"lazy\" title=\"Mediakonserni Keskisuomalainen | Tilaajan ohjevideot: N\u00e4k\u00f6islehden lukeminen Android-laitteilla\" width=\"500\" height=\"281\" src=\"https:\/\/www.youtube.com\/embed\/UiRKreBu9hU?feature=oembed\" frameborder=\"0\" allow=\"accelerometer; autoplay; clipboard-write; encrypted-media; gyroscope; picture-in-picture; web-share\" referrerpolicy=\"strict-origin-when-cross-origin\" allowfullscreen><\/iframe><\/div>\n<p><strong>Katso ohjeet n\u00e4k\u00f6islehden lukemisesta iPhonella ja iPadilla.<\/strong><\/p>\n<div class=\"video-container\"><iframe loading=\"lazy\" title=\"Mediakonserni Keskisuomalainen | Tilaajan ohjevideot: N\u00e4k\u00f6islehden lukeminen iPhonella ja iPadilla\" width=\"500\" height=\"281\" src=\"https:\/\/www.youtube.com\/embed\/k4P2Wytlxuk?feature=oembed\" frameborder=\"0\" allow=\"accelerometer; autoplay; clipboard-write; encrypted-media; gyroscope; picture-in-picture; web-share\" referrerpolicy=\"strict-origin-when-cross-origin\" allowfullscreen><\/iframe><\/div>\n<hr \/>\n<h2>Kirjaudu sis\u00e4\u00e4n Mediatunnuksellasi<\/h2>\n<p>N\u00e4k\u00f6islehte\u00e4 sek\u00e4 muita tilaukseesi sis\u00e4ltyvi\u00e4 digisis\u00e4lt\u00f6j\u00e4 p\u00e4\u00e4set k\u00e4ytt\u00e4m\u00e4\u00e4n Mediatunnuksella. K\u00e4ytt\u00e4j\u00e4tunnus on s\u00e4hk\u00f6postiosoitteesi. Jos et muista salasanaasi, voit tilaa ohjeet salasanan vaihtoa varten s\u00e4hk\u00f6postiisi <a href=\"https:\/\/media.portal.worldoftulo.com\/Login\/RequestPasswordReset\">t\u00e4st\u00e4 linkist\u00e4 &gt;&gt;<\/a><\/p>\n<p>Jos sinulla ei viel\u00e4 ole Mediatunnusta katso ohjeet sen luomiseen\u00a0<a href=\"https:\/\/oma.media.fi\/kymen-sanomat\/mediatunnukset\/\">t\u00e4\u00e4lt\u00e4<\/a> tai alla olevalta ohjevideoltamme.<\/p>\n<div class=\"video-container\"><iframe loading=\"lazy\" title=\"Mediakonserni Keskisuomalainen | Tilaajan ohjevideot: Mediatunnuksen luominen tilaajana\" width=\"500\" height=\"281\" src=\"https:\/\/www.youtube.com\/embed\/5vJto3cIKmM?feature=oembed\" frameborder=\"0\" allow=\"accelerometer; autoplay; clipboard-write; encrypted-media; gyroscope; picture-in-picture; web-share\" referrerpolicy=\"strict-origin-when-cross-origin\" allowfullscreen><\/iframe><\/div>\n<p>Jos sinulla on jo Mediatunnus, mutta et ole kirjautuneena palveluun, katso ohjeet kirjautumisesta seuraavalta videolta.<\/p>\n<div class=\"video-container\"><iframe loading=\"lazy\" title=\"Mediakonserni Keskisuomalainen | Tilaajan ohjevideot: Kirjautuminen verkkopalveluun\" width=\"500\" height=\"281\" src=\"https:\/\/www.youtube.com\/embed\/eArEf4XppMM?feature=oembed\" frameborder=\"0\" allow=\"accelerometer; autoplay; clipboard-write; encrypted-media; gyroscope; picture-in-picture; web-share\" referrerpolicy=\"strict-origin-when-cross-origin\" allowfullscreen><\/iframe><\/div>\n<h2>Kaipaatko viel\u00e4 lis\u00e4\u00e4 tietoa?<\/h2>\n<p>Katso vastauksia usein kysytyt kysymykset-osiostamme.<\/p>\n<p><a class=\"button button--outlined\" href=\"https:\/\/oma.media.fi\/kymen-sanomat\/ukk\/\">Usein kysytyt kysymykset<\/a><\/p>\n","protected":false},"excerpt":{"rendered":"<p>N\u00e4k\u00f6islehti sis\u00e4lt\u00e4\u00e4 kaikki t\u00e4rkeimm\u00e4t ja ajankohtaisimmat jutut n\u00e4pp\u00e4r\u00e4sti paketoituna. N\u00e4k\u00f6islehden p\u00e4\u00e4set lukemaan verkkopalvelussamme osoitteessa \/nakoislehti tai sovelluksellamme. Arkisto J\u00e4ik\u00f6 lehti lukematta tai haluatko lukea jutun uudestaan? N\u00e4k\u00f6islehtipalvelumme sis\u00e4lt\u00e4\u00e4 my\u00f6s arkiston, josta p\u00e4\u00e4set lukemaan jo julkaistuja lehti\u00e4mme. Halutessasi voit my\u00f6s tulostaa tai tallentaa sivuja tietokoneellesi valikon Tulosta sivu -painikkeen avulla. T\u00e4yt\u00e4 ristikot ja sudokut n\u00e4k\u00f6islehdess\u00e4 Tiesitk\u00f6, [&hellip;]<\/p>\n","protected":false},"author":6,"featured_media":0,"parent":0,"menu_order":0,"comment_status":"closed","ping_status":"closed","template":"","meta":{"_acf_changed":false,"footnotes":""},"class_list":["post-5014","page","type-page","status-publish","hentry"],"acf":[],"yoast_head":"<!-- This site is optimized with the Yoast SEO plugin v26.2 - https:\/\/yoast.com\/wordpress\/plugins\/seo\/ -->\n<title>N\u00e4k\u00f6islehti - tietoa ja ohjeita k\u00e4ytt\u00e4miseen - Kymen Sanomat<\/title>\n<meta name=\"description\" content=\"Tiesitk\u00f6 jo kaikista n\u00e4k\u00f6islehden ominaisuuksista? N\u00e4k\u00f6islehti on painetun lehden digitaalinen kopio, johon voit mm. t\u00e4ytt\u00e4\u00e4 my\u00f6s ristikot ja sudokut.\" \/>\n<meta name=\"robots\" content=\"index, follow, max-snippet:-1, max-image-preview:large, max-video-preview:-1\" \/>\n<link rel=\"canonical\" href=\"https:\/\/oma.media.fi\/kymen-sanomat\/nakoislehti\/\" \/>\n<meta property=\"og:locale\" content=\"fi_FI\" \/>\n<meta property=\"og:type\" content=\"article\" \/>\n<meta property=\"og:title\" content=\"N\u00e4k\u00f6islehti\" \/>\n<meta property=\"og:description\" content=\"Tiesitk\u00f6 jo kaikista n\u00e4k\u00f6islehden ominaisuuksista? N\u00e4k\u00f6islehti on painetun lehden digitaalinen kopio, johon voit mm. t\u00e4ytt\u00e4\u00e4 my\u00f6s ristikot ja sudokut.\" \/>\n<meta property=\"og:url\" content=\"https:\/\/oma.media.fi\/kymen-sanomat\/nakoislehti\/\" \/>\n<meta property=\"og:site_name\" content=\"Kymen Sanomat\" \/>\n<meta property=\"article:modified_time\" content=\"2023-12-20T11:57:00+00:00\" \/>\n<meta name=\"twitter:card\" content=\"summary_large_image\" \/>\n<meta name=\"twitter:label1\" content=\"Arvioitu lukuaika\" \/>\n\t<meta name=\"twitter:data1\" content=\"2 minuuttia\" \/>\n<script type=\"application\/ld+json\" class=\"yoast-schema-graph\">{\"@context\":\"https:\/\/schema.org\",\"@graph\":[{\"@type\":\"WebPage\",\"@id\":\"https:\/\/oma.media.fi\/kymen-sanomat\/nakoislehti\/\",\"url\":\"https:\/\/oma.media.fi\/kymen-sanomat\/nakoislehti\/\",\"name\":\"N\u00e4k\u00f6islehti - tietoa ja ohjeita k\u00e4ytt\u00e4miseen - Kymen Sanomat\",\"isPartOf\":{\"@id\":\"https:\/\/oma.media.fi\/kymen-sanomat\/#website\"},\"datePublished\":\"2022-01-20T12:05:55+00:00\",\"dateModified\":\"2023-12-20T11:57:00+00:00\",\"description\":\"Tiesitk\u00f6 jo kaikista n\u00e4k\u00f6islehden ominaisuuksista? N\u00e4k\u00f6islehti on painetun lehden digitaalinen kopio, johon voit mm. t\u00e4ytt\u00e4\u00e4 my\u00f6s ristikot ja sudokut.\",\"breadcrumb\":{\"@id\":\"https:\/\/oma.media.fi\/kymen-sanomat\/nakoislehti\/#breadcrumb\"},\"inLanguage\":\"fi\",\"potentialAction\":[{\"@type\":\"ReadAction\",\"target\":[\"https:\/\/oma.media.fi\/kymen-sanomat\/nakoislehti\/\"]}]},{\"@type\":\"BreadcrumbList\",\"@id\":\"https:\/\/oma.media.fi\/kymen-sanomat\/nakoislehti\/#breadcrumb\",\"itemListElement\":[{\"@type\":\"ListItem\",\"position\":1,\"name\":\"Etusivu\",\"item\":\"https:\/\/oma.media.fi\/kymen-sanomat\/\"},{\"@type\":\"ListItem\",\"position\":2,\"name\":\"N\u00e4k\u00f6islehti\"}]},{\"@type\":\"WebSite\",\"@id\":\"https:\/\/oma.media.fi\/kymen-sanomat\/#website\",\"url\":\"https:\/\/oma.media.fi\/kymen-sanomat\/\",\"name\":\"Kymen Sanomat\",\"description\":\"\",\"potentialAction\":[{\"@type\":\"SearchAction\",\"target\":{\"@type\":\"EntryPoint\",\"urlTemplate\":\"https:\/\/oma.media.fi\/kymen-sanomat\/?s={search_term_string}\"},\"query-input\":{\"@type\":\"PropertyValueSpecification\",\"valueRequired\":true,\"valueName\":\"search_term_string\"}}],\"inLanguage\":\"fi\"}]}<\/script>\n<!-- \/ Yoast SEO plugin. -->","yoast_head_json":{"title":"N\u00e4k\u00f6islehti - tietoa ja ohjeita k\u00e4ytt\u00e4miseen - Kymen Sanomat","description":"Tiesitk\u00f6 jo kaikista n\u00e4k\u00f6islehden ominaisuuksista? N\u00e4k\u00f6islehti on painetun lehden digitaalinen kopio, johon voit mm. t\u00e4ytt\u00e4\u00e4 my\u00f6s ristikot ja sudokut.","robots":{"index":"index","follow":"follow","max-snippet":"max-snippet:-1","max-image-preview":"max-image-preview:large","max-video-preview":"max-video-preview:-1"},"canonical":"https:\/\/oma.media.fi\/kymen-sanomat\/nakoislehti\/","og_locale":"fi_FI","og_type":"article","og_title":"N\u00e4k\u00f6islehti","og_description":"Tiesitk\u00f6 jo kaikista n\u00e4k\u00f6islehden ominaisuuksista? N\u00e4k\u00f6islehti on painetun lehden digitaalinen kopio, johon voit mm. t\u00e4ytt\u00e4\u00e4 my\u00f6s ristikot ja sudokut.","og_url":"https:\/\/oma.media.fi\/kymen-sanomat\/nakoislehti\/","og_site_name":"Kymen Sanomat","article_modified_time":"2023-12-20T11:57:00+00:00","twitter_card":"summary_large_image","twitter_misc":{"Arvioitu lukuaika":"2 minuuttia"},"schema":{"@context":"https:\/\/schema.org","@graph":[{"@type":"WebPage","@id":"https:\/\/oma.media.fi\/kymen-sanomat\/nakoislehti\/","url":"https:\/\/oma.media.fi\/kymen-sanomat\/nakoislehti\/","name":"N\u00e4k\u00f6islehti - tietoa ja ohjeita k\u00e4ytt\u00e4miseen - Kymen Sanomat","isPartOf":{"@id":"https:\/\/oma.media.fi\/kymen-sanomat\/#website"},"datePublished":"2022-01-20T12:05:55+00:00","dateModified":"2023-12-20T11:57:00+00:00","description":"Tiesitk\u00f6 jo kaikista n\u00e4k\u00f6islehden ominaisuuksista? N\u00e4k\u00f6islehti on painetun lehden digitaalinen kopio, johon voit mm. t\u00e4ytt\u00e4\u00e4 my\u00f6s ristikot ja sudokut.","breadcrumb":{"@id":"https:\/\/oma.media.fi\/kymen-sanomat\/nakoislehti\/#breadcrumb"},"inLanguage":"fi","potentialAction":[{"@type":"ReadAction","target":["https:\/\/oma.media.fi\/kymen-sanomat\/nakoislehti\/"]}]},{"@type":"BreadcrumbList","@id":"https:\/\/oma.media.fi\/kymen-sanomat\/nakoislehti\/#breadcrumb","itemListElement":[{"@type":"ListItem","position":1,"name":"Etusivu","item":"https:\/\/oma.media.fi\/kymen-sanomat\/"},{"@type":"ListItem","position":2,"name":"N\u00e4k\u00f6islehti"}]},{"@type":"WebSite","@id":"https:\/\/oma.media.fi\/kymen-sanomat\/#website","url":"https:\/\/oma.media.fi\/kymen-sanomat\/","name":"Kymen Sanomat","description":"","potentialAction":[{"@type":"SearchAction","target":{"@type":"EntryPoint","urlTemplate":"https:\/\/oma.media.fi\/kymen-sanomat\/?s={search_term_string}"},"query-input":{"@type":"PropertyValueSpecification","valueRequired":true,"valueName":"search_term_string"}}],"inLanguage":"fi"}]}},"publishpress_future_action":{"enabled":false,"date":"2026-04-16 06:21:26","action":"change-status","newStatus":"draft","terms":[],"taxonomy":"","extraData":[]},"publishpress_future_workflow_manual_trigger":{"enabledWorkflows":[]},"_links":{"self":[{"href":"https:\/\/oma.media.fi\/kymen-sanomat\/wp-json\/wp\/v2\/pages\/5014","targetHints":{"allow":["GET"]}}],"collection":[{"href":"https:\/\/oma.media.fi\/kymen-sanomat\/wp-json\/wp\/v2\/pages"}],"about":[{"href":"https:\/\/oma.media.fi\/kymen-sanomat\/wp-json\/wp\/v2\/types\/page"}],"author":[{"embeddable":true,"href":"https:\/\/oma.media.fi\/kymen-sanomat\/wp-json\/wp\/v2\/users\/6"}],"replies":[{"embeddable":true,"href":"https:\/\/oma.media.fi\/kymen-sanomat\/wp-json\/wp\/v2\/comments?post=5014"}],"version-history":[{"count":18,"href":"https:\/\/oma.media.fi\/kymen-sanomat\/wp-json\/wp\/v2\/pages\/5014\/revisions"}],"predecessor-version":[{"id":6788,"href":"https:\/\/oma.media.fi\/kymen-sanomat\/wp-json\/wp\/v2\/pages\/5014\/revisions\/6788"}],"wp:attachment":[{"href":"https:\/\/oma.media.fi\/kymen-sanomat\/wp-json\/wp\/v2\/media?parent=5014"}],"curies":[{"name":"wp","href":"https:\/\/api.w.org\/{rel}","templated":true}]}}