{"id":5551,"date":"2020-03-12T13:42:26","date_gmt":"2020-03-12T10:42:26","guid":{"rendered":"https:\/\/oma.media.fi\/kymen-sanomat\/arvonnat\/"},"modified":"2023-05-15T13:39:32","modified_gmt":"2023-05-15T10:39:32","slug":"arvonnat","status":"publish","type":"page","link":"https:\/\/oma.media.fi\/kymen-sanomat\/arvonnat\/","title":{"rendered":"Arvonnat"},"content":{"rendered":"<div>\n<p>T\u00e4lt\u00e4 sivulta l\u00f6yd\u00e4t Mediatalo Keskisuomalaisen menneet arvonnat ja arvontojen onnelliset voittajat. Kaikille voittajille on ilmoitettu henkil\u00f6kohtaisesti. Onnea voittajille ja kiitos kaikille arvontoihin osallistuneille!<\/p>\n<p><a href=\"https:\/\/oma.media.fi\/arvontasaannot\/\">Yleiset kilpailu- ja arvontas\u00e4\u00e4nn\u00f6t<\/a><br \/>\n<a href=\"https:\/\/www.keskisuomalainen.com\/fi\/tietosuojalauseke\/\">Tietosuojalauseke<\/a><\/p>\n<hr \/>\n<p><strong>Klikkaa arvonnan nime\u00e4 n\u00e4hd\u00e4ksesi voittajat<\/strong><\/p>\n<details>\n<summary>\u2022 Kerro uutismuistosi -arvonta 2022<\/summary>\n<h2>Kerro uutismuistosi -arvonta 2022<\/h2>\n<p>Kampanja-aika: 1.9.-30.10.2022<br \/>\nArvonta suoritettu: 8.11.2022<\/p>\n<p><strong>Vuoden lehtitilauksien voittajat:<br \/>\n<\/strong>Unto Toikkanen, Lepp\u00e4virta<br \/>\nJonna M\u00e4kivuoti, Lautiosaari<br \/>\nPia Enlund, Hankasalmi<br \/>\nMarika Ristonmaa, Jyv\u00e4skyl\u00e4<br \/>\nJarmo Heikkil\u00e4, Paihola<br \/>\nPekka Kuosmanen, Kouvola<br \/>\nRitva-Leena Aakala, Lahti<br \/>\nPentti Koivu, J\u00e4rvenp\u00e4\u00e4<br \/>\nLasse Koskinen, Lahti<br \/>\nKari Kuulas, Kerava<br \/>\n<\/details>\n<details>\n<summary>\u2022 Kes\u00e4arvonta 2022<\/summary>\n<h2>Kes\u00e4arvonta 2022<\/h2>\n<p>Kampanja-aika: 20.6.-31.8.2022<br \/>\nArvonta suoritettu: 6.9.2022<\/p>\n<p><strong>iPhone 13 -puhelimien voittajat:<br \/>\n<\/strong>Ari Hamina, Sysm\u00e4<br \/>\nHannu Heimonen, Kutemaj\u00e4rvi<br \/>\nSeija Laakso, Lammi<br \/>\nJouko Lindberg, Leivonm\u00e4ki<br \/>\nPia Pylv\u00e4n\u00e4inen, Hamina<\/p>\n<\/details>\n<details>\n<summary>\u2022 Toimittajatestin arvonta 2021<\/summary>\n<h2>Toimittajatestin arvonta 2021<\/h2>\n<p>Kampanja-aika: 13.9.-30.11.2021<br \/>\nArvonta suoritettu: 1.12.2021<\/p>\n<p><strong>Vuoden lehtitilauksien voittajat:<br \/>\n<\/strong>Malin L\u00f6nnroth, Porvoo<br \/>\nTuija Brilli, J\u00e4rvenp\u00e4\u00e4<br \/>\nPirjo Tuomaala, M\u00e4kel\u00e4<br \/>\nPetri Kasakkam\u00e4ki, Lahti<br \/>\nJuha Karhum\u00e4ki, Lappeenranta<br \/>\nHannu Isom\u00e4ki, Huutj\u00e4rvi<br \/>\nJaakko Lehtonen, Jyv\u00e4skyl\u00e4<br \/>\nJanna Vakoniemi, R\u00e4ih\u00e4<br \/>\nEeva Koivukangas, Suonenjoki<br \/>\nPertti Haapakorva, Kuopio<\/p>\n<\/details>\n<\/details>\n<\/div>\n<details>\n<summary>\u2022 Maakunta- ja aluelehtien J\u00e4rvisyd\u00e4men kylpyl\u00e4loma-arvonta 2021<\/summary>\n<h2>Maakunta- ja aluelehtien J\u00e4rvisyd\u00e4men kylpyl\u00e4loma-arvonta 2021<\/h2>\n<p>Kampanja-aika: 1.5.-31.8.2021<br \/>\nArvonta suoritettu: 3.9.2021<\/p>\n<div>\n<p><strong>2 y\u00f6n kylpyl\u00e4loma J\u00e4rvisyd\u00e4mess\u00e4 (arvo 740e):<\/strong><br \/>\nSaija Lehtonen, Tuusula<br \/>\nSeija Laamanen, Varkaus<br \/>\nMatti K\u00e4hk\u00f6nen, Melkoniemi<br \/>\nMarika Pulkkinen, Lahti<\/p>\n<p><strong>1 y\u00f6n kylpyl\u00e4loma J\u00e4rvisyd\u00e4mess\u00e4 (arvo 370e):<br \/>\n<\/strong>Jaana Nikkinen, Porvoo<br \/>\nLeena Mertaniemi, Vesanto<br \/>\nVille Viita, Juva<br \/>\nLiisa V\u00e4h\u00e4m\u00e4ki, Lahti<\/p>\n<\/div>\n<\/details>\n<details>\n<summary>\u2022 Paikallislehtien Muurikka-arvonta 2021<\/summary>\n<h2>Paikallislehtien Muurikka-arvonta 2021<\/h2>\n<p>Kampanja-aika: 1.4.-31.7.2021<br \/>\nArvonta suoritettu: 9.8.2021<\/p>\n<p><strong>Kes\u00e4keitti\u00f6t:<\/strong><br \/>\nEero Kilpel\u00e4inen, Punkaharju<br \/>\nJyrki Skippari, Ravijoki<br \/>\nKirsti Viitaharju, Lievestuore<br \/>\nLiisa M\u00e4kinen, Sumiainen<br \/>\nNiko Tolkki, Viitasaari<\/p>\n<p><strong>S\u00e4hk\u00f6savustimet:<\/strong><br \/>\nSatu Tauro, Lapinlahti<br \/>\nRiitta Huppunen-Laine, Nummela<br \/>\nReijo Salo, Nummerla<br \/>\nPeter Walden, Sipoo<br \/>\nHeikki Lesonen, Lepp\u00e4virta<\/p>\n<\/details>\n<details>\n<summary>\u2022 Karkausp\u00e4iv\u00e4n kampanja 2020<\/summary>\n<h2>Karkausp\u00e4iv\u00e4n kampanja 2020<\/h2>\n<p><strong>Timanttisormus:<\/strong><br \/>\nEmmi Peltola, Kotka<\/p>\n<p><strong>Lahjakortit:<\/strong><br \/>\nAntti H\u00e4nninen, Varkaus<br \/>\nTanja Kuukkanen, Jyv\u00e4skyl\u00e4<br \/>\nPekka Lauren, Lahti<br \/>\nMaj-Britt Ostrow, J\u00e4rvenp\u00e4\u00e4<br \/>\nKai Rantala, Tikkakoski<br \/>\nJonna Rantalainen, Anttola<\/p>\n<\/details>\n","protected":false},"excerpt":{"rendered":"<p>T\u00e4lt\u00e4 sivulta l\u00f6yd\u00e4t Mediatalo Keskisuomalaisen menneet arvonnat ja arvontojen onnelliset voittajat. Kaikille voittajille on ilmoitettu henkil\u00f6kohtaisesti. Onnea voittajille ja kiitos kaikille arvontoihin osallistuneille! Yleiset kilpailu- ja arvontas\u00e4\u00e4nn\u00f6t Tietosuojalauseke Klikkaa arvonnan nime\u00e4 n\u00e4hd\u00e4ksesi voittajat \u2022 Kerro uutismuistosi -arvonta 2022 Kerro uutismuistosi -arvonta 2022 Kampanja-aika: 1.9.-30.10.2022 Arvonta suoritettu: 8.11.2022 Vuoden lehtitilauksien voittajat: Unto Toikkanen, Lepp\u00e4virta Jonna M\u00e4kivuoti, [&hellip;]<\/p>\n","protected":false},"author":1,"featured_media":0,"parent":0,"menu_order":0,"comment_status":"closed","ping_status":"closed","template":"","meta":{"_acf_changed":false,"footnotes":""},"class_list":["post-5551","page","type-page","status-publish","hentry"],"acf":[],"yoast_head":"<!-- This site is optimized with the Yoast SEO plugin v26.2 - https:\/\/yoast.com\/wordpress\/plugins\/seo\/ -->\n<title>Arvonnat - Kymen Sanomat<\/title>\n<meta name=\"description\" content=\"Mediatalo Keskisuomalaisen menneet arvonnat ja arvontojen voittajat. Onnea voittajille, voitosta on ilmoitettu henkil\u00f6kohtaisesti!\" \/>\n<meta name=\"robots\" content=\"index, follow, max-snippet:-1, max-image-preview:large, max-video-preview:-1\" \/>\n<link rel=\"canonical\" href=\"https:\/\/oma.media.fi\/kymen-sanomat\/arvonnat\/\" \/>\n<meta property=\"og:locale\" content=\"fi_FI\" \/>\n<meta property=\"og:type\" content=\"article\" \/>\n<meta property=\"og:title\" content=\"Arvonnat\" \/>\n<meta property=\"og:description\" content=\"Mediatalo Keskisuomalaisen menneet arvonnat ja arvontojen voittajat. Onnea voittajille, voitosta on ilmoitettu henkil\u00f6kohtaisesti!\" \/>\n<meta property=\"og:url\" content=\"https:\/\/oma.media.fi\/kymen-sanomat\/arvonnat\/\" \/>\n<meta property=\"og:site_name\" content=\"Kymen Sanomat\" \/>\n<meta property=\"article:modified_time\" content=\"2023-05-15T10:39:32+00:00\" \/>\n<meta name=\"twitter:card\" content=\"summary_large_image\" \/>\n<meta name=\"twitter:label1\" content=\"Arvioitu lukuaika\" \/>\n\t<meta name=\"twitter:data1\" content=\"2 minuuttia\" \/>\n<script type=\"application\/ld+json\" class=\"yoast-schema-graph\">{\"@context\":\"https:\/\/schema.org\",\"@graph\":[{\"@type\":\"WebPage\",\"@id\":\"https:\/\/oma.media.fi\/kymen-sanomat\/arvonnat\/\",\"url\":\"https:\/\/oma.media.fi\/kymen-sanomat\/arvonnat\/\",\"name\":\"Arvonnat - Kymen Sanomat\",\"isPartOf\":{\"@id\":\"https:\/\/oma.media.fi\/kymen-sanomat\/#website\"},\"datePublished\":\"2020-03-12T10:42:26+00:00\",\"dateModified\":\"2023-05-15T10:39:32+00:00\",\"description\":\"Mediatalo Keskisuomalaisen menneet arvonnat ja arvontojen voittajat. Onnea voittajille, voitosta on ilmoitettu henkil\u00f6kohtaisesti!\",\"breadcrumb\":{\"@id\":\"https:\/\/oma.media.fi\/kymen-sanomat\/arvonnat\/#breadcrumb\"},\"inLanguage\":\"fi\",\"potentialAction\":[{\"@type\":\"ReadAction\",\"target\":[\"https:\/\/oma.media.fi\/kymen-sanomat\/arvonnat\/\"]}]},{\"@type\":\"BreadcrumbList\",\"@id\":\"https:\/\/oma.media.fi\/kymen-sanomat\/arvonnat\/#breadcrumb\",\"itemListElement\":[{\"@type\":\"ListItem\",\"position\":1,\"name\":\"Etusivu\",\"item\":\"https:\/\/oma.media.fi\/kymen-sanomat\/\"},{\"@type\":\"ListItem\",\"position\":2,\"name\":\"Arvonnat\"}]},{\"@type\":\"WebSite\",\"@id\":\"https:\/\/oma.media.fi\/kymen-sanomat\/#website\",\"url\":\"https:\/\/oma.media.fi\/kymen-sanomat\/\",\"name\":\"Kymen Sanomat\",\"description\":\"\",\"potentialAction\":[{\"@type\":\"SearchAction\",\"target\":{\"@type\":\"EntryPoint\",\"urlTemplate\":\"https:\/\/oma.media.fi\/kymen-sanomat\/?s={search_term_string}\"},\"query-input\":{\"@type\":\"PropertyValueSpecification\",\"valueRequired\":true,\"valueName\":\"search_term_string\"}}],\"inLanguage\":\"fi\"}]}<\/script>\n<!-- \/ Yoast SEO plugin. -->","yoast_head_json":{"title":"Arvonnat - Kymen Sanomat","description":"Mediatalo Keskisuomalaisen menneet arvonnat ja arvontojen voittajat. Onnea voittajille, voitosta on ilmoitettu henkil\u00f6kohtaisesti!","robots":{"index":"index","follow":"follow","max-snippet":"max-snippet:-1","max-image-preview":"max-image-preview:large","max-video-preview":"max-video-preview:-1"},"canonical":"https:\/\/oma.media.fi\/kymen-sanomat\/arvonnat\/","og_locale":"fi_FI","og_type":"article","og_title":"Arvonnat","og_description":"Mediatalo Keskisuomalaisen menneet arvonnat ja arvontojen voittajat. Onnea voittajille, voitosta on ilmoitettu henkil\u00f6kohtaisesti!","og_url":"https:\/\/oma.media.fi\/kymen-sanomat\/arvonnat\/","og_site_name":"Kymen Sanomat","article_modified_time":"2023-05-15T10:39:32+00:00","twitter_card":"summary_large_image","twitter_misc":{"Arvioitu lukuaika":"2 minuuttia"},"schema":{"@context":"https:\/\/schema.org","@graph":[{"@type":"WebPage","@id":"https:\/\/oma.media.fi\/kymen-sanomat\/arvonnat\/","url":"https:\/\/oma.media.fi\/kymen-sanomat\/arvonnat\/","name":"Arvonnat - Kymen Sanomat","isPartOf":{"@id":"https:\/\/oma.media.fi\/kymen-sanomat\/#website"},"datePublished":"2020-03-12T10:42:26+00:00","dateModified":"2023-05-15T10:39:32+00:00","description":"Mediatalo Keskisuomalaisen menneet arvonnat ja arvontojen voittajat. Onnea voittajille, voitosta on ilmoitettu henkil\u00f6kohtaisesti!","breadcrumb":{"@id":"https:\/\/oma.media.fi\/kymen-sanomat\/arvonnat\/#breadcrumb"},"inLanguage":"fi","potentialAction":[{"@type":"ReadAction","target":["https:\/\/oma.media.fi\/kymen-sanomat\/arvonnat\/"]}]},{"@type":"BreadcrumbList","@id":"https:\/\/oma.media.fi\/kymen-sanomat\/arvonnat\/#breadcrumb","itemListElement":[{"@type":"ListItem","position":1,"name":"Etusivu","item":"https:\/\/oma.media.fi\/kymen-sanomat\/"},{"@type":"ListItem","position":2,"name":"Arvonnat"}]},{"@type":"WebSite","@id":"https:\/\/oma.media.fi\/kymen-sanomat\/#website","url":"https:\/\/oma.media.fi\/kymen-sanomat\/","name":"Kymen Sanomat","description":"","potentialAction":[{"@type":"SearchAction","target":{"@type":"EntryPoint","urlTemplate":"https:\/\/oma.media.fi\/kymen-sanomat\/?s={search_term_string}"},"query-input":{"@type":"PropertyValueSpecification","valueRequired":true,"valueName":"search_term_string"}}],"inLanguage":"fi"}]}},"publishpress_future_action":{"enabled":false,"date":"2026-04-23 01:51:56","action":"change-status","newStatus":"draft","terms":[],"taxonomy":"","extraData":[]},"publishpress_future_workflow_manual_trigger":{"enabledWorkflows":[]},"_links":{"self":[{"href":"https:\/\/oma.media.fi\/kymen-sanomat\/wp-json\/wp\/v2\/pages\/5551","targetHints":{"allow":["GET"]}}],"collection":[{"href":"https:\/\/oma.media.fi\/kymen-sanomat\/wp-json\/wp\/v2\/pages"}],"about":[{"href":"https:\/\/oma.media.fi\/kymen-sanomat\/wp-json\/wp\/v2\/types\/page"}],"author":[{"embeddable":true,"href":"https:\/\/oma.media.fi\/kymen-sanomat\/wp-json\/wp\/v2\/users\/1"}],"replies":[{"embeddable":true,"href":"https:\/\/oma.media.fi\/kymen-sanomat\/wp-json\/wp\/v2\/comments?post=5551"}],"version-history":[{"count":9,"href":"https:\/\/oma.media.fi\/kymen-sanomat\/wp-json\/wp\/v2\/pages\/5551\/revisions"}],"predecessor-version":[{"id":6221,"href":"https:\/\/oma.media.fi\/kymen-sanomat\/wp-json\/wp\/v2\/pages\/5551\/revisions\/6221"}],"wp:attachment":[{"href":"https:\/\/oma.media.fi\/kymen-sanomat\/wp-json\/wp\/v2\/media?parent=5551"}],"curies":[{"name":"wp","href":"https:\/\/api.w.org\/{rel}","templated":true}]}}