{"id":2614,"date":"2020-10-05T11:16:20","date_gmt":"2020-10-05T08:16:20","guid":{"rendered":"https:\/\/oma.media.fi\/lansi-savo\/?page_id=2614"},"modified":"2020-10-05T11:16:20","modified_gmt":"2020-10-05T08:16:20","slug":"mielipidekirjoitus","status":"publish","type":"page","link":"https:\/\/oma.media.fi\/lansi-savo\/mielipidekirjoitus\/","title":{"rendered":"Mielipidekirjoitus"},"content":{"rendered":"<p>Julkaisemme lukijoiden mielipidekirjoituksia painetussa lehdess\u00e4.<\/p>\n<p>Toivomme tiiviit\u00e4, enint\u00e4\u00e4n noin 2000 merkin mittaisia tekstej\u00e4. Toimitus varaa oikeuden lyhent\u00e4\u00e4 teksti\u00e4. Kirjoita omalla nimell\u00e4si ja liit\u00e4 mukaan my\u00f6s omat yhteystietosi.<\/p>\n<p>Voit l\u00e4hett\u00e4\u00e4 tekstin s\u00e4hk\u00f6postilla osoitteeseen <a href=\"m&#97;&#105;&#x6c;&#x74;&#x6f;:m&#105;&#101;&#x6c;&#x69;&#x70;i&#100;&#101;&#64;&#x6c;&#x61;&#x6e;s&#105;&#45;&#x73;&#x61;&#x76;o&#46;&#102;&#105;\">&#x6d;&#x69;&#101;li&#x70;&#x69;&#100;&#101;&#64;&#x6c;&#x61;&#110;&#115;i&#x2d;&#x73;&#x61;&#118;o&#46;&#x66;&#x69;<\/a>\u00a0tai postitse L\u00e4nsi-Savon toimitus, PL 310, 50101 Mikkeli.<\/p>\n","protected":false},"excerpt":{"rendered":"<p>Julkaisemme lukijoiden mielipidekirjoituksia painetussa lehdess\u00e4. Toivomme tiiviit\u00e4, enint\u00e4\u00e4n noin 2000 merkin mittaisia tekstej\u00e4. Toimitus varaa oikeuden lyhent\u00e4\u00e4 teksti\u00e4. Kirjoita omalla nimell\u00e4si ja liit\u00e4 mukaan my\u00f6s omat yhteystietosi. Voit l\u00e4hett\u00e4\u00e4 tekstin s\u00e4hk\u00f6postilla osoitteeseen &#x6d;&#105;&#101;&#x6c;&#x69;&#112;&#105;&#x64;&#x65;&#64;&#108;&#x61;&#x6e;&#115;&#105;&#x2d;&#x73;&#97;&#118;&#x6f;&#x2e;&#102;&#105;\u00a0tai postitse L\u00e4nsi-Savon toimitus, PL 310, 50101 Mikkeli.<\/p>\n","protected":false},"author":50,"featured_media":0,"parent":0,"menu_order":0,"comment_status":"closed","ping_status":"closed","template":"","meta":{"_acf_changed":false,"footnotes":""},"class_list":["post-2614","page","type-page","status-publish","hentry"],"acf":[],"yoast_head":"<!-- This site is optimized with the Yoast SEO plugin v26.2 - https:\/\/yoast.com\/wordpress\/plugins\/seo\/ -->\n<title>Mielipidekirjoitus - L\u00e4nsi-Savo<\/title>\n<meta name=\"robots\" content=\"index, follow, max-snippet:-1, max-image-preview:large, max-video-preview:-1\" \/>\n<link rel=\"canonical\" href=\"https:\/\/oma.media.fi\/lansi-savo\/mielipidekirjoitus\/\" \/>\n<meta property=\"og:locale\" content=\"fi_FI\" \/>\n<meta property=\"og:type\" content=\"article\" \/>\n<meta property=\"og:title\" content=\"Mielipidekirjoitus\" \/>\n<meta property=\"og:description\" content=\"Julkaisemme lukijoiden mielipidekirjoituksia painetussa lehdess\u00e4. Toivomme tiiviit\u00e4, enint\u00e4\u00e4n noin 2000 merkin mittaisia tekstej\u00e4. Toimitus varaa oikeuden lyhent\u00e4\u00e4 teksti\u00e4. Kirjoita omalla nimell\u00e4si ja liit\u00e4 mukaan my\u00f6s omat yhteystietosi. Voit l\u00e4hett\u00e4\u00e4 tekstin s\u00e4hk\u00f6postilla osoitteeseen &#x6d;&#105;e&#x6c;&#x69;&#112;i&#x64;&#x65;&#064;l&#x61;&#110;s&#x69;&#x2d;&#115;a&#x76;&#x6f;&#046;f&#x69;\u00a0tai postitse L\u00e4nsi-Savon toimitus, PL 310, 50101 Mikkeli.\" \/>\n<meta property=\"og:url\" content=\"https:\/\/oma.media.fi\/lansi-savo\/mielipidekirjoitus\/\" \/>\n<meta property=\"og:site_name\" content=\"L\u00e4nsi-Savo\" \/>\n<meta name=\"twitter:card\" content=\"summary_large_image\" \/>\n<script type=\"application\/ld+json\" class=\"yoast-schema-graph\">{\"@context\":\"https:\/\/schema.org\",\"@graph\":[{\"@type\":\"WebPage\",\"@id\":\"https:\/\/oma.media.fi\/lansi-savo\/mielipidekirjoitus\/\",\"url\":\"https:\/\/oma.media.fi\/lansi-savo\/mielipidekirjoitus\/\",\"name\":\"Mielipidekirjoitus - L\u00e4nsi-Savo\",\"isPartOf\":{\"@id\":\"https:\/\/oma.media.fi\/lansi-savo\/#website\"},\"datePublished\":\"2020-10-05T08:16:20+00:00\",\"breadcrumb\":{\"@id\":\"https:\/\/oma.media.fi\/lansi-savo\/mielipidekirjoitus\/#breadcrumb\"},\"inLanguage\":\"fi\",\"potentialAction\":[{\"@type\":\"ReadAction\",\"target\":[\"https:\/\/oma.media.fi\/lansi-savo\/mielipidekirjoitus\/\"]}]},{\"@type\":\"BreadcrumbList\",\"@id\":\"https:\/\/oma.media.fi\/lansi-savo\/mielipidekirjoitus\/#breadcrumb\",\"itemListElement\":[{\"@type\":\"ListItem\",\"position\":1,\"name\":\"Etusivu\",\"item\":\"https:\/\/oma.media.fi\/lansi-savo\/\"},{\"@type\":\"ListItem\",\"position\":2,\"name\":\"Mielipidekirjoitus\"}]},{\"@type\":\"WebSite\",\"@id\":\"https:\/\/oma.media.fi\/lansi-savo\/#website\",\"url\":\"https:\/\/oma.media.fi\/lansi-savo\/\",\"name\":\"L\u00e4nsi-Savo\",\"description\":\"\",\"potentialAction\":[{\"@type\":\"SearchAction\",\"target\":{\"@type\":\"EntryPoint\",\"urlTemplate\":\"https:\/\/oma.media.fi\/lansi-savo\/?s={search_term_string}\"},\"query-input\":{\"@type\":\"PropertyValueSpecification\",\"valueRequired\":true,\"valueName\":\"search_term_string\"}}],\"inLanguage\":\"fi\"}]}<\/script>\n<!-- \/ Yoast SEO plugin. -->","yoast_head_json":{"title":"Mielipidekirjoitus - L\u00e4nsi-Savo","robots":{"index":"index","follow":"follow","max-snippet":"max-snippet:-1","max-image-preview":"max-image-preview:large","max-video-preview":"max-video-preview:-1"},"canonical":"https:\/\/oma.media.fi\/lansi-savo\/mielipidekirjoitus\/","og_locale":"fi_FI","og_type":"article","og_title":"Mielipidekirjoitus","og_description":"Julkaisemme lukijoiden mielipidekirjoituksia painetussa lehdess\u00e4. Toivomme tiiviit\u00e4, enint\u00e4\u00e4n noin 2000 merkin mittaisia tekstej\u00e4. Toimitus varaa oikeuden lyhent\u00e4\u00e4 teksti\u00e4. Kirjoita omalla nimell\u00e4si ja liit\u00e4 mukaan my\u00f6s omat yhteystietosi. Voit l\u00e4hett\u00e4\u00e4 tekstin s\u00e4hk\u00f6postilla osoitteeseen &#x6d;&#105;e&#x6c;&#x69;&#112;i&#x64;&#x65;&#64;l&#x61;&#110;s&#x69;&#x2d;&#115;a&#x76;&#x6f;&#46;f&#x69;\u00a0tai postitse L\u00e4nsi-Savon toimitus, PL 310, 50101 Mikkeli.","og_url":"https:\/\/oma.media.fi\/lansi-savo\/mielipidekirjoitus\/","og_site_name":"L\u00e4nsi-Savo","twitter_card":"summary_large_image","schema":{"@context":"https:\/\/schema.org","@graph":[{"@type":"WebPage","@id":"https:\/\/oma.media.fi\/lansi-savo\/mielipidekirjoitus\/","url":"https:\/\/oma.media.fi\/lansi-savo\/mielipidekirjoitus\/","name":"Mielipidekirjoitus - L\u00e4nsi-Savo","isPartOf":{"@id":"https:\/\/oma.media.fi\/lansi-savo\/#website"},"datePublished":"2020-10-05T08:16:20+00:00","breadcrumb":{"@id":"https:\/\/oma.media.fi\/lansi-savo\/mielipidekirjoitus\/#breadcrumb"},"inLanguage":"fi","potentialAction":[{"@type":"ReadAction","target":["https:\/\/oma.media.fi\/lansi-savo\/mielipidekirjoitus\/"]}]},{"@type":"BreadcrumbList","@id":"https:\/\/oma.media.fi\/lansi-savo\/mielipidekirjoitus\/#breadcrumb","itemListElement":[{"@type":"ListItem","position":1,"name":"Etusivu","item":"https:\/\/oma.media.fi\/lansi-savo\/"},{"@type":"ListItem","position":2,"name":"Mielipidekirjoitus"}]},{"@type":"WebSite","@id":"https:\/\/oma.media.fi\/lansi-savo\/#website","url":"https:\/\/oma.media.fi\/lansi-savo\/","name":"L\u00e4nsi-Savo","description":"","potentialAction":[{"@type":"SearchAction","target":{"@type":"EntryPoint","urlTemplate":"https:\/\/oma.media.fi\/lansi-savo\/?s={search_term_string}"},"query-input":{"@type":"PropertyValueSpecification","valueRequired":true,"valueName":"search_term_string"}}],"inLanguage":"fi"}]}},"publishpress_future_action":{"enabled":false,"date":"2026-05-20 18:55:25","action":"change-status","newStatus":"draft","terms":[],"taxonomy":"","extraData":[]},"publishpress_future_workflow_manual_trigger":{"enabledWorkflows":[]},"_links":{"self":[{"href":"https:\/\/oma.media.fi\/lansi-savo\/wp-json\/wp\/v2\/pages\/2614","targetHints":{"allow":["GET"]}}],"collection":[{"href":"https:\/\/oma.media.fi\/lansi-savo\/wp-json\/wp\/v2\/pages"}],"about":[{"href":"https:\/\/oma.media.fi\/lansi-savo\/wp-json\/wp\/v2\/types\/page"}],"author":[{"embeddable":true,"href":"https:\/\/oma.media.fi\/lansi-savo\/wp-json\/wp\/v2\/users\/50"}],"replies":[{"embeddable":true,"href":"https:\/\/oma.media.fi\/lansi-savo\/wp-json\/wp\/v2\/comments?post=2614"}],"version-history":[{"count":1,"href":"https:\/\/oma.media.fi\/lansi-savo\/wp-json\/wp\/v2\/pages\/2614\/revisions"}],"predecessor-version":[{"id":2615,"href":"https:\/\/oma.media.fi\/lansi-savo\/wp-json\/wp\/v2\/pages\/2614\/revisions\/2615"}],"wp:attachment":[{"href":"https:\/\/oma.media.fi\/lansi-savo\/wp-json\/wp\/v2\/media?parent=2614"}],"curies":[{"name":"wp","href":"https:\/\/api.w.org\/{rel}","templated":true}]}}