{"id":2653,"date":"2020-10-09T09:32:26","date_gmt":"2020-10-09T06:32:26","guid":{"rendered":"https:\/\/oma.media.fi\/lansi-savo\/?page_id=2653"},"modified":"2026-01-28T13:27:04","modified_gmt":"2026-01-28T11:27:04","slug":"toimituksen-yhteystiedot","status":"publish","type":"page","link":"https:\/\/oma.media.fi\/lansi-savo\/toimituksen-yhteystiedot\/","title":{"rendered":"Toimituksen yhteystiedot"},"content":{"rendered":"<p>Uutisp\u00e4ivystys ma\u2013pe 7\u201322 la ja su 13\u201321 puh. 0440 350 324,<br \/>\n&#x75;&#x75;&#x74;&#105;&#115;et&#x40;&#x6c;&#x61;&#110;&#115;i-&#x73;&#x61;&#x76;&#111;&#46;fi<\/p>\n<p>Voit l\u00e4hett\u00e4\u00e4 juttuvinkin tai uutiskuvan my\u00f6s WhatsAppilla numeroon 0440 350 324.<\/p>\n<p><a href=\"https:\/\/www.facebook.com\/lansisavo\/\">L\u00e4nsi-Savo Facebookissa<\/a><br \/>\n<a href=\"http:\/\/www.twitter.com\/lansisavo\">L\u00e4nsi-Savo Twitteriss\u00e4<\/a><br \/>\n<a href=\"https:\/\/www.instagram.com\/lansisavo\/\">L\u00e4nsi-Savo Instagramissa<\/a><\/p>\n<p><strong>Toimitus<\/strong><\/p>\n<p>S\u00e4hk\u00f6postiosoite:<br \/>\n&#x65;&#116;&#x75;&#110;i&#x6d;&#105;&#46;&#x73;&#117;&#x6b;&#x75;n&#x69;&#109;i&#x40;&#108;&#x61;&#x6e;s&#x69;&#45;s&#x61;&#118;o&#x2e;&#102;&#x69;<\/p>\n<p>Mielipideaineisto:<br \/>\n&#x6d;&#105;&#x65;&#x6c;i&#x70;&#105;d&#x65;&#64;l&#x61;&#110;&#x73;&#x69;-&#x73;&#97;v&#x6f;&#46;f&#x69;<\/p>\n<p><strong>Timo Laitakari<\/strong><br \/>\nVastaava p\u00e4\u00e4toimittaja<br \/>\nPuh. 040 532 5660<\/p>\n<p><strong>Elina Keskitalo<\/strong><br \/>\nAjankohtaistuottaja<br \/>\nPuh. 0440 350 309<\/p>\n<p><strong>Suvi-Tuulia Palvaila<\/strong><br \/>\nUutistuottaja<br \/>\nPuh. 044 719 0268<\/p>\n<p><strong>Sanni Haikarainen<\/strong><br \/>\nTuottaja<br \/>\nPuh. 040 352 6515<\/p>\n<p><strong>Mikko Kontti<\/strong><br \/>\nTuottaja<br \/>\nPuh. 0440 350 302<\/p>\n<p><strong>Ella Nurmi<br \/>\n<\/strong>Tuottaja<br \/>\nPuh. 040 627 5505<\/p>\n<p><strong>Saana Huhtala<\/strong><br \/>\nToimittaja<br \/>\nPuh. 044 756 1227<\/p>\n<p><strong>Minna Jud\u00e9n<\/strong><br \/>\nToimittaja<br \/>\nPuh. 040 569 4087<\/p>\n<p><strong>Tiina Knaappila<\/strong><br \/>\nToimittaja<br \/>\nPuh.\u00a00440 350 509<\/p>\n<p><strong>Marjaana Lahola<\/strong><br \/>\nToimittaja<br \/>\nPuh. 040 671 5320<\/p>\n<p><strong>Tommi Ollikainen<\/strong><br \/>\nToimittaja<br \/>\nPuh. 040 354 6034<\/p>\n<p><strong>Markku Parkkonen<\/strong><br \/>\nToimittaja, mielipidesivu, sosiaali- ja terveysasiat<br \/>\nPuh. 040 615 9284<\/p>\n<p><strong>Kaisa Parta<\/strong><br \/>\nToimittaja<br \/>\nPuh. 0440 350 518<\/p>\n<p><strong>Elina Partio<\/strong><br \/>\nToimittaja, politiikka<br \/>\nPuh. 040 152 9031<\/p>\n<p><strong>Tero Ponto<\/strong><br \/>\nToimittaja<br \/>\nPuh. 040 351 5610<\/p>\n<p><strong>Kirsti Vuorela<\/strong><br \/>\nToimittaja, kulttuuri<br \/>\nPuh. 0440 350 326<\/p>\n<p>Urheilutoimitus 0440 350 327<\/p>\n<p><strong>Hanna Knaappila<\/strong><br \/>\nToimittaja, urheilu<br \/>\nPuh. 040 645 3648<\/p>\n<p><strong>Taru Hokkanen<\/strong><br \/>\nValokuvaaja<br \/>\nPuh. 0440 350 338<\/p>\n<p><strong>Vesa Vuorela<\/strong><br \/>\nValokuvaaja<br \/>\nPuh. 0440 350 336<\/p>\n","protected":false},"excerpt":{"rendered":"<p>Uutisp\u00e4ivystys ma\u2013pe 7\u201322 la ja su 13\u201321 puh. 0440 350 324, &#117;&#x75;t&#105;&#x73;e&#116;&#x40;l&#x61;&#x6e;&#115;&#x69;-&#115;&#x61;v&#111;&#x2e;f&#x69; Voit l\u00e4hett\u00e4\u00e4 juttuvinkin tai uutiskuvan my\u00f6s WhatsAppilla numeroon 0440 350 324. L\u00e4nsi-Savo Facebookissa L\u00e4nsi-Savo Twitteriss\u00e4 L\u00e4nsi-Savo Instagramissa Toimitus S\u00e4hk\u00f6postiosoite: &#101;&#116;&#x75;n&#105;&#x6d;&#x69;&#46;&#115;&#x75;&#x6b;u&#110;&#x69;&#x6d;i&#64;&#x6c;&#x61;n&#115;&#x69;&#x2d;s&#97;&#x76;o&#46;&#102;&#x69; Mielipideaineisto: &#x6d;&#x69;&#x65;&#108;&#105;pi&#x64;&#x65;&#x40;&#108;&#97;ns&#x69;&#x2d;&#x73;&#97;&#118;o&#46;&#x66;&#x69; Timo Laitakari Vastaava p\u00e4\u00e4toimittaja Puh. 040 532 5660 Elina Keskitalo Ajankohtaistuottaja Puh. 0440 350 309 Suvi-Tuulia Palvaila Uutistuottaja Puh. 044 719 [&hellip;]<\/p>\n","protected":false},"author":50,"featured_media":0,"parent":0,"menu_order":0,"comment_status":"closed","ping_status":"closed","template":"","meta":{"_acf_changed":false,"footnotes":""},"class_list":["post-2653","page","type-page","status-publish","hentry"],"acf":[],"yoast_head":"<!-- This site is optimized with the Yoast SEO plugin v26.2 - https:\/\/yoast.com\/wordpress\/plugins\/seo\/ -->\n<title>Toimituksen yhteystiedot - L\u00e4nsi-Savo<\/title>\n<meta name=\"robots\" content=\"index, follow, max-snippet:-1, max-image-preview:large, max-video-preview:-1\" \/>\n<link rel=\"canonical\" href=\"https:\/\/oma.media.fi\/lansi-savo\/toimituksen-yhteystiedot\/\" \/>\n<meta property=\"og:locale\" content=\"fi_FI\" \/>\n<meta property=\"og:type\" content=\"article\" \/>\n<meta property=\"og:title\" content=\"Toimituksen yhteystiedot\" \/>\n<meta property=\"og:description\" content=\"Uutisp\u00e4ivystys ma\u2013pe 7\u201322 la ja su 13\u201321 puh. 0440 350 324, &#x75;&#x75;&#116;i&#x73;&#x65;&#116;&#064;l&#x61;&#x6e;&#115;&#105;-&#x73;&#x61;&#118;o&#046;&#x66;&#x69; Voit l\u00e4hett\u00e4\u00e4 juttuvinkin tai uutiskuvan my\u00f6s WhatsAppilla numeroon 0440 350 324. L\u00e4nsi-Savo Facebookissa L\u00e4nsi-Savo Twitteriss\u00e4 L\u00e4nsi-Savo Instagramissa Toimitus S\u00e4hk\u00f6postiosoite: &#x65;&#x74;&#x75;&#110;&#105;&#109;i&#046;&#x73;&#x75;&#x6b;&#x75;&#110;&#105;mi&#x40;&#x6c;&#x61;&#x6e;&#115;&#105;-s&#x61;&#x76;&#x6f;&#x2e;&#102;&#105; Mielipideaineisto: &#109;i&#x65;l&#x69;p&#x69;d&#x65;&#064;&#x6c;&#097;&#x6e;&#115;&#x69;&#045;s&#097;v&#x6f;&#046;&#x66;i Timo Laitakari Vastaava p\u00e4\u00e4toimittaja Puh. 040 532 5660 Elina Keskitalo Ajankohtaistuottaja Puh. 0440 350 309 Suvi-Tuulia Palvaila Uutistuottaja Puh. 044 719 [&hellip;]\" \/>\n<meta property=\"og:url\" content=\"https:\/\/oma.media.fi\/lansi-savo\/toimituksen-yhteystiedot\/\" \/>\n<meta property=\"og:site_name\" content=\"L\u00e4nsi-Savo\" \/>\n<meta property=\"article:modified_time\" content=\"2026-01-28T11:27:04+00:00\" \/>\n<meta name=\"twitter:card\" content=\"summary_large_image\" \/>\n<meta name=\"twitter:label1\" content=\"Arvioitu lukuaika\" \/>\n\t<meta name=\"twitter:data1\" content=\"2 minuuttia\" \/>\n<script type=\"application\/ld+json\" class=\"yoast-schema-graph\">{\"@context\":\"https:\/\/schema.org\",\"@graph\":[{\"@type\":\"WebPage\",\"@id\":\"https:\/\/oma.media.fi\/lansi-savo\/toimituksen-yhteystiedot\/\",\"url\":\"https:\/\/oma.media.fi\/lansi-savo\/toimituksen-yhteystiedot\/\",\"name\":\"Toimituksen yhteystiedot - L\u00e4nsi-Savo\",\"isPartOf\":{\"@id\":\"https:\/\/oma.media.fi\/lansi-savo\/#website\"},\"datePublished\":\"2020-10-09T06:32:26+00:00\",\"dateModified\":\"2026-01-28T11:27:04+00:00\",\"breadcrumb\":{\"@id\":\"https:\/\/oma.media.fi\/lansi-savo\/toimituksen-yhteystiedot\/#breadcrumb\"},\"inLanguage\":\"fi\",\"potentialAction\":[{\"@type\":\"ReadAction\",\"target\":[\"https:\/\/oma.media.fi\/lansi-savo\/toimituksen-yhteystiedot\/\"]}]},{\"@type\":\"BreadcrumbList\",\"@id\":\"https:\/\/oma.media.fi\/lansi-savo\/toimituksen-yhteystiedot\/#breadcrumb\",\"itemListElement\":[{\"@type\":\"ListItem\",\"position\":1,\"name\":\"Etusivu\",\"item\":\"https:\/\/oma.media.fi\/lansi-savo\/\"},{\"@type\":\"ListItem\",\"position\":2,\"name\":\"Toimituksen yhteystiedot\"}]},{\"@type\":\"WebSite\",\"@id\":\"https:\/\/oma.media.fi\/lansi-savo\/#website\",\"url\":\"https:\/\/oma.media.fi\/lansi-savo\/\",\"name\":\"L\u00e4nsi-Savo\",\"description\":\"\",\"potentialAction\":[{\"@type\":\"SearchAction\",\"target\":{\"@type\":\"EntryPoint\",\"urlTemplate\":\"https:\/\/oma.media.fi\/lansi-savo\/?s={search_term_string}\"},\"query-input\":{\"@type\":\"PropertyValueSpecification\",\"valueRequired\":true,\"valueName\":\"search_term_string\"}}],\"inLanguage\":\"fi\"}]}<\/script>\n<!-- \/ Yoast SEO plugin. -->","yoast_head_json":{"title":"Toimituksen yhteystiedot - L\u00e4nsi-Savo","robots":{"index":"index","follow":"follow","max-snippet":"max-snippet:-1","max-image-preview":"max-image-preview:large","max-video-preview":"max-video-preview:-1"},"canonical":"https:\/\/oma.media.fi\/lansi-savo\/toimituksen-yhteystiedot\/","og_locale":"fi_FI","og_type":"article","og_title":"Toimituksen yhteystiedot","og_description":"Uutisp\u00e4ivystys ma\u2013pe 7\u201322 la ja su 13\u201321 puh. 0440 350 324, &#x75;&#x75;&#116;i&#x73;&#x65;&#116;&#64;l&#x61;&#x6e;&#115;&#105;-&#x73;&#x61;&#118;o&#46;&#x66;&#x69; Voit l\u00e4hett\u00e4\u00e4 juttuvinkin tai uutiskuvan my\u00f6s WhatsAppilla numeroon 0440 350 324. L\u00e4nsi-Savo Facebookissa L\u00e4nsi-Savo Twitteriss\u00e4 L\u00e4nsi-Savo Instagramissa Toimitus S\u00e4hk\u00f6postiosoite: &#x65;&#x74;&#x75;&#110;&#105;&#109;i&#46;&#x73;&#x75;&#x6b;&#x75;&#110;&#105;mi&#x40;&#x6c;&#x61;&#x6e;&#115;&#105;-s&#x61;&#x76;&#x6f;&#x2e;&#102;&#105; Mielipideaineisto: &#109;i&#x65;l&#x69;p&#x69;d&#x65;&#64;&#x6c;&#97;&#x6e;&#115;&#x69;&#45;s&#97;v&#x6f;&#46;&#x66;i Timo Laitakari Vastaava p\u00e4\u00e4toimittaja Puh. 040 532 5660 Elina Keskitalo Ajankohtaistuottaja Puh. 0440 350 309 Suvi-Tuulia Palvaila Uutistuottaja Puh. 044 719 [&hellip;]","og_url":"https:\/\/oma.media.fi\/lansi-savo\/toimituksen-yhteystiedot\/","og_site_name":"L\u00e4nsi-Savo","article_modified_time":"2026-01-28T11:27:04+00:00","twitter_card":"summary_large_image","twitter_misc":{"Arvioitu lukuaika":"2 minuuttia"},"schema":{"@context":"https:\/\/schema.org","@graph":[{"@type":"WebPage","@id":"https:\/\/oma.media.fi\/lansi-savo\/toimituksen-yhteystiedot\/","url":"https:\/\/oma.media.fi\/lansi-savo\/toimituksen-yhteystiedot\/","name":"Toimituksen yhteystiedot - L\u00e4nsi-Savo","isPartOf":{"@id":"https:\/\/oma.media.fi\/lansi-savo\/#website"},"datePublished":"2020-10-09T06:32:26+00:00","dateModified":"2026-01-28T11:27:04+00:00","breadcrumb":{"@id":"https:\/\/oma.media.fi\/lansi-savo\/toimituksen-yhteystiedot\/#breadcrumb"},"inLanguage":"fi","potentialAction":[{"@type":"ReadAction","target":["https:\/\/oma.media.fi\/lansi-savo\/toimituksen-yhteystiedot\/"]}]},{"@type":"BreadcrumbList","@id":"https:\/\/oma.media.fi\/lansi-savo\/toimituksen-yhteystiedot\/#breadcrumb","itemListElement":[{"@type":"ListItem","position":1,"name":"Etusivu","item":"https:\/\/oma.media.fi\/lansi-savo\/"},{"@type":"ListItem","position":2,"name":"Toimituksen yhteystiedot"}]},{"@type":"WebSite","@id":"https:\/\/oma.media.fi\/lansi-savo\/#website","url":"https:\/\/oma.media.fi\/lansi-savo\/","name":"L\u00e4nsi-Savo","description":"","potentialAction":[{"@type":"SearchAction","target":{"@type":"EntryPoint","urlTemplate":"https:\/\/oma.media.fi\/lansi-savo\/?s={search_term_string}"},"query-input":{"@type":"PropertyValueSpecification","valueRequired":true,"valueName":"search_term_string"}}],"inLanguage":"fi"}]}},"publishpress_future_action":{"enabled":false,"date":"2026-04-19 08:10:20","action":"change-status","newStatus":"draft","terms":[],"taxonomy":"","extraData":[]},"publishpress_future_workflow_manual_trigger":{"enabledWorkflows":[]},"_links":{"self":[{"href":"https:\/\/oma.media.fi\/lansi-savo\/wp-json\/wp\/v2\/pages\/2653","targetHints":{"allow":["GET"]}}],"collection":[{"href":"https:\/\/oma.media.fi\/lansi-savo\/wp-json\/wp\/v2\/pages"}],"about":[{"href":"https:\/\/oma.media.fi\/lansi-savo\/wp-json\/wp\/v2\/types\/page"}],"author":[{"embeddable":true,"href":"https:\/\/oma.media.fi\/lansi-savo\/wp-json\/wp\/v2\/users\/50"}],"replies":[{"embeddable":true,"href":"https:\/\/oma.media.fi\/lansi-savo\/wp-json\/wp\/v2\/comments?post=2653"}],"version-history":[{"count":50,"href":"https:\/\/oma.media.fi\/lansi-savo\/wp-json\/wp\/v2\/pages\/2653\/revisions"}],"predecessor-version":[{"id":7864,"href":"https:\/\/oma.media.fi\/lansi-savo\/wp-json\/wp\/v2\/pages\/2653\/revisions\/7864"}],"wp:attachment":[{"href":"https:\/\/oma.media.fi\/lansi-savo\/wp-json\/wp\/v2\/media?parent=2653"}],"curies":[{"name":"wp","href":"https:\/\/api.w.org\/{rel}","templated":true}]}}