{"id":77,"date":"2018-10-17T12:17:59","date_gmt":"2018-10-17T10:17:59","guid":{"rendered":"https:\/\/oma.media.fi\/lansi-savo\/yhteystiedot\/"},"modified":"2026-02-04T12:56:19","modified_gmt":"2026-02-04T10:56:19","slug":"yhteystiedot","status":"publish","type":"page","link":"https:\/\/oma.media.fi\/lansi-savo\/yhteystiedot\/","title":{"rendered":"Yhteystiedot"},"content":{"rendered":"<h2>Tilaukset<\/h2>\n<p>Digipalvelut, osoitteenmuutokset, jakelunkeskeytykset, asiakastietojen muutokset sek\u00e4<br \/>\nmuut tilauksiin liittyv\u00e4t asiat.<\/p>\n<p><a href=\"https:\/\/oma.media.fi\/lansi-savo\/\" target=\"_blank\" rel=\"noopener\"><strong>Asiakaspalvelua verkossa 24\/7<\/strong><\/a><\/p>\n<h2>Lukijailmoitukset<\/h2>\n<p>J\u00e4rjest\u00f6ilmoitukset, luokitellut ilmoitukset, perheilmoitukset, kuolinilmoitukset ja surukiitokset<\/p>\n<p><strong>J\u00e4t\u00e4 ilmoitus 24\/7 <\/strong><a href=\"https:\/\/oma.media.fi\/lansi-savo\/ilmoita\/\" target=\"_blank\" rel=\"noopener\"><strong>lansi-savo.fi\/ilmoita<\/strong><\/a><strong>\u00a0<\/strong><\/p>\n<h2>Asiakaspalvelu<\/h2>\n<p><strong>Puhelinpalvelu <\/strong>014 622 133<br \/>\nAvoinna: ma-pe klo 8.00-18.00<\/p>\n<p>Tallennamme puhelut asiakaspalvelutapahtumien varmentamiseksi<br \/>\nsek\u00e4 asiakaspalvelun koulutusta varten. Puhelun hinta mpm\/pvm, jonotus on maksullista.<\/p>\n<p><a class=\"button\" href=\"https:\/\/oma.media.fi\/lansi-savo\/yhteystiedot\/ota-yhteytta\/\" target=\"_blank\" rel=\"noopener\">Ota yhteytt\u00e4 asiakaspalveluun<\/a><\/p>\n<h2>Jakelu, jakeluh\u00e4iri\u00f6t ja puuttuvat lehdet<\/h2>\n<div class=\"wrapper cleafix\">\n<div id=\"main\" class=\"maxwidth clearfix\">\n<article id=\"pageid-15\" class=\"post page\">\n<div class=\"entry-box clearfix\">\n<div class=\"html-before-content\"><strong>Mik\u00e4li Sinulla on ongelmia lehden varhaisjakelussa, Postin jakelup\u00e4ivystys palvelee sinua seuraavasti:<\/strong><\/div>\n<div class=\"entry\">\n<p><strong>Mikkeli:<\/strong><br \/>\nma-pe\u00a0 6.30-16.00, la-su 6.30-12.00<br \/>\npuhelin 0200 220 20 (pvm\/mpm), jonotus on maksullista<\/p>\n<p><strong>Pieks\u00e4m\u00e4ki:<\/strong><br \/>\nma-pe 6.30-16.00, viikonloppuisin taajama-alue 6.30-9.00<br \/>\npuhelin 0100 4090 (pvm\/mpm), jonotus on maksullista<\/p>\n<p><strong>Hartola, Joutsa, Pertunmaa, Kuortti<\/strong><br \/>\nma-pe 6.30-10.00,\u00a0la-su 7.00-11.00<br \/>\npuhelin 0100 4070 (pvm\/mpm), jonotus on maksullista<\/p>\n<p>Varhaisjakelu toimittaa puuttuneen lehden seuraavan aamun jakelussa.<\/p>\n<\/div>\n<\/div>\n<\/article>\n<\/div>\n<\/div>\n<p><a class=\"button\" href=\"https:\/\/oma.media.fi\/lansi-savo\/yhteystiedot\/jakelupalaute\/\" target=\"_blank\" rel=\"noopener\">Anna jakelupalautetta<\/a><\/p>\n<h2>Toimitus<\/h2>\n<p>K\u00e4yntiosoite: Teollisuuskatu 2 \u2013 6, 50100 Mikkeli<\/p>\n<p>Uutisp\u00e4ivytys puh. 0440 350 324 ma-pe 7.00-22.30, la ja su klo 13.00-22.30.<br \/>\nLa ja su klo 7.00-13.00 puh. 05 2100 4200.<\/p>\n<p>Juttuvinkit ja -kuvat WhatsAppilla 0440 350 324<\/p>\n<p>S\u00e4hk\u00f6posti: <a href=\"&#109;&#x61;i&#x6c;t&#111;&#x3a;&#117;&#x75;t&#105;&#x73;&#101;&#x74;&#64;&#x6c;&#x61;&#110;&#x73;i&#x2d;s&#97;&#x76;&#111;&#x2e;f&#105;\">u&#117;&#116;&#105;&#x73;&#x65;&#x74;&#64;l&#97;&#110;&#x73;&#x69;&#x2d;&#x73;av&#111;&#46;&#x66;&#x69;<\/a><\/p>\n<p>Mielipideaineisto: <a href=\"mail&#116;&#111;&#58;&#109;&#105;&#x65;&#x6c;&#x69;&#x70;&#x69;&#x64;&#x65;&#64;lan&#115;&#105;&#45;&#115;&#97;&#x76;&#x6f;&#x2e;&#x66;&#x69;\">&#109;&#x69;&#101;&#x6c;&#105;&#x70;&#105;&#x64;&#101;&#x40;&#108;&#x61;n&#x73;i&#x2d;s&#x61;v&#x6f;&#46;&#x66;i<\/a><\/p>\n<p>Vastaava p\u00e4\u00e4toimittaja Timo Laitakari puh. 040 532 5660<\/p>\n<p>henkil\u00f6kohtaiset s\u00e4hk\u00f6postit: &#101;t&#x75;n&#x69;m&#x69;&#46;&#x73;&#117;&#x6b;&#117;n&#x69;m&#x69;&#64;&#x6c;&#97;&#x6e;&#115;&#x69;&#45;&#x73;&#97;v&#x6f;&#46;&#x66;i<\/p>\n<p><a href=\"https:\/\/oma.media.fi\/lansi-savo\/toimituksen-yhteystiedot\/\" target=\"_blank\" rel=\"noopener\"><strong>Toimituksen yhteystiedot<\/strong><\/a><\/p>\n<p>Kaikki sis\u00e4ll\u00f6t voidaan julkaista kaikissa Mediakonserni Keskisuomalaisen medioissa.<\/p>\n<p><a class=\"button\" href=\"https:\/\/oma.media.fi\/lansi-savo\/yhteystiedot\/juttuvinkki\/\" target=\"_blank\" rel=\"noopener\">L\u00e4het\u00e4 juttuvinkki<\/a><\/p>\n<h2>Medialaskutus<\/h2>\n<p>p. 09 2730 0230 (pvm\/mpm), ma-pe 9.00-14.00<br \/>\n<a href=\"&#x6d;&#x61;&#105;l&#x74;&#x6f;&#x3a;&#108;a&#x73;&#x6b;&#x75;&#116;u&#x73;&#x2e;&#x6b;&#101;s&#x6b;&#x69;&#x73;&#117;o&#x6d;&#x61;&#x6c;&#97;i&#x6e;&#x65;&#x6e;&#109;e&#x64;&#x69;&#x61;&#64;m&#x65;&#x64;&#x69;&#97;&#46;&#x66;&#x69;\">&#108;&#x61;&#x73;k&#117;&#x74;u&#115;&#x2e;&#x6b;e&#115;&#x6b;i&#115;&#x75;&#x6f;m&#97;&#x6c;a&#105;&#x6e;&#x65;&#110;&#109;&#x65;d&#105;&#x61;&#x40;&#109;&#x65;&#x64;i&#97;&#x2e;f&#105;<\/a><\/p>\n<h2>Mediamyynti<\/h2>\n<p>Mediamyynnin yhteystiedot l\u00f6yd\u00e4t <a href=\"https:\/\/meks.fi\/yhteystiedot\/\" target=\"_blank\" rel=\"noopener\"><strong>mediamyynnin sivuilta<\/strong><\/a><\/p>\n<h2>Palaute<\/h2>\n<p><a class=\"button\" href=\"https:\/\/oma.media.fi\/lansi-savo\/yhteystiedot\/anna-palautetta\/\" target=\"_blank\" rel=\"noopener\">Anna palautetta<\/a><\/p>\n","protected":false},"excerpt":{"rendered":"<p>Tilaukset Digipalvelut, osoitteenmuutokset, jakelunkeskeytykset, asiakastietojen muutokset sek\u00e4 muut tilauksiin liittyv\u00e4t asiat. Asiakaspalvelua verkossa 24\/7 Lukijailmoitukset J\u00e4rjest\u00f6ilmoitukset, luokitellut ilmoitukset, perheilmoitukset, kuolinilmoitukset ja surukiitokset J\u00e4t\u00e4 ilmoitus 24\/7 lansi-savo.fi\/ilmoita\u00a0 Asiakaspalvelu Puhelinpalvelu 014 622 133 Avoinna: ma-pe klo 8.00-18.00 Tallennamme puhelut asiakaspalvelutapahtumien varmentamiseksi sek\u00e4 asiakaspalvelun koulutusta varten. Puhelun hinta mpm\/pvm, jonotus on maksullista. Ota yhteytt\u00e4 asiakaspalveluun Jakelu, jakeluh\u00e4iri\u00f6t ja [&hellip;]<\/p>\n","protected":false},"author":1,"featured_media":0,"parent":0,"menu_order":0,"comment_status":"closed","ping_status":"closed","template":"","meta":{"_acf_changed":false,"footnotes":""},"class_list":["post-77","page","type-page","status-publish","hentry"],"acf":[],"yoast_head":"<!-- This site is optimized with the Yoast SEO plugin v26.2 - https:\/\/yoast.com\/wordpress\/plugins\/seo\/ -->\n<title>Yhteystiedot - L\u00e4nsi-Savo<\/title>\n<meta name=\"description\" content=\"Etsitk\u00f6 yhteystietoja vai haluatko antaa palautetta? Mediatalo Keskisuomalaisen asiakaspalveluiden yhteystiedot, palautekanavat ja juttuvinkit.\" \/>\n<meta name=\"robots\" content=\"index, follow, max-snippet:-1, max-image-preview:large, max-video-preview:-1\" \/>\n<link rel=\"canonical\" href=\"https:\/\/oma.media.fi\/lansi-savo\/yhteystiedot\/\" \/>\n<meta property=\"og:locale\" content=\"fi_FI\" \/>\n<meta property=\"og:type\" content=\"article\" \/>\n<meta property=\"og:title\" content=\"Yhteystiedot\" \/>\n<meta property=\"og:description\" content=\"Etsitk\u00f6 yhteystietoja vai haluatko antaa palautetta? Mediatalo Keskisuomalaisen asiakaspalveluiden yhteystiedot, palautekanavat ja juttuvinkit.\" \/>\n<meta property=\"og:url\" content=\"https:\/\/oma.media.fi\/lansi-savo\/yhteystiedot\/\" \/>\n<meta property=\"og:site_name\" content=\"L\u00e4nsi-Savo\" \/>\n<meta property=\"article:modified_time\" content=\"2026-02-04T10:56:19+00:00\" \/>\n<meta name=\"twitter:card\" content=\"summary_large_image\" \/>\n<meta name=\"twitter:label1\" content=\"Arvioitu lukuaika\" \/>\n\t<meta name=\"twitter:data1\" content=\"2 minuuttia\" \/>\n<script type=\"application\/ld+json\" class=\"yoast-schema-graph\">{\"@context\":\"https:\/\/schema.org\",\"@graph\":[{\"@type\":\"WebPage\",\"@id\":\"https:\/\/oma.media.fi\/lansi-savo\/yhteystiedot\/\",\"url\":\"https:\/\/oma.media.fi\/lansi-savo\/yhteystiedot\/\",\"name\":\"Yhteystiedot - L\u00e4nsi-Savo\",\"isPartOf\":{\"@id\":\"https:\/\/oma.media.fi\/lansi-savo\/#website\"},\"datePublished\":\"2018-10-17T10:17:59+00:00\",\"dateModified\":\"2026-02-04T10:56:19+00:00\",\"description\":\"Etsitk\u00f6 yhteystietoja vai haluatko antaa palautetta? Mediatalo Keskisuomalaisen asiakaspalveluiden yhteystiedot, palautekanavat ja juttuvinkit.\",\"breadcrumb\":{\"@id\":\"https:\/\/oma.media.fi\/lansi-savo\/yhteystiedot\/#breadcrumb\"},\"inLanguage\":\"fi\",\"potentialAction\":[{\"@type\":\"ReadAction\",\"target\":[\"https:\/\/oma.media.fi\/lansi-savo\/yhteystiedot\/\"]}]},{\"@type\":\"BreadcrumbList\",\"@id\":\"https:\/\/oma.media.fi\/lansi-savo\/yhteystiedot\/#breadcrumb\",\"itemListElement\":[{\"@type\":\"ListItem\",\"position\":1,\"name\":\"Etusivu\",\"item\":\"https:\/\/oma.media.fi\/lansi-savo\/\"},{\"@type\":\"ListItem\",\"position\":2,\"name\":\"Yhteystiedot\"}]},{\"@type\":\"WebSite\",\"@id\":\"https:\/\/oma.media.fi\/lansi-savo\/#website\",\"url\":\"https:\/\/oma.media.fi\/lansi-savo\/\",\"name\":\"L\u00e4nsi-Savo\",\"description\":\"\",\"potentialAction\":[{\"@type\":\"SearchAction\",\"target\":{\"@type\":\"EntryPoint\",\"urlTemplate\":\"https:\/\/oma.media.fi\/lansi-savo\/?s={search_term_string}\"},\"query-input\":{\"@type\":\"PropertyValueSpecification\",\"valueRequired\":true,\"valueName\":\"search_term_string\"}}],\"inLanguage\":\"fi\"}]}<\/script>\n<!-- \/ Yoast SEO plugin. -->","yoast_head_json":{"title":"Yhteystiedot - L\u00e4nsi-Savo","description":"Etsitk\u00f6 yhteystietoja vai haluatko antaa palautetta? Mediatalo Keskisuomalaisen asiakaspalveluiden yhteystiedot, palautekanavat ja juttuvinkit.","robots":{"index":"index","follow":"follow","max-snippet":"max-snippet:-1","max-image-preview":"max-image-preview:large","max-video-preview":"max-video-preview:-1"},"canonical":"https:\/\/oma.media.fi\/lansi-savo\/yhteystiedot\/","og_locale":"fi_FI","og_type":"article","og_title":"Yhteystiedot","og_description":"Etsitk\u00f6 yhteystietoja vai haluatko antaa palautetta? Mediatalo Keskisuomalaisen asiakaspalveluiden yhteystiedot, palautekanavat ja juttuvinkit.","og_url":"https:\/\/oma.media.fi\/lansi-savo\/yhteystiedot\/","og_site_name":"L\u00e4nsi-Savo","article_modified_time":"2026-02-04T10:56:19+00:00","twitter_card":"summary_large_image","twitter_misc":{"Arvioitu lukuaika":"2 minuuttia"},"schema":{"@context":"https:\/\/schema.org","@graph":[{"@type":"WebPage","@id":"https:\/\/oma.media.fi\/lansi-savo\/yhteystiedot\/","url":"https:\/\/oma.media.fi\/lansi-savo\/yhteystiedot\/","name":"Yhteystiedot - L\u00e4nsi-Savo","isPartOf":{"@id":"https:\/\/oma.media.fi\/lansi-savo\/#website"},"datePublished":"2018-10-17T10:17:59+00:00","dateModified":"2026-02-04T10:56:19+00:00","description":"Etsitk\u00f6 yhteystietoja vai haluatko antaa palautetta? Mediatalo Keskisuomalaisen asiakaspalveluiden yhteystiedot, palautekanavat ja juttuvinkit.","breadcrumb":{"@id":"https:\/\/oma.media.fi\/lansi-savo\/yhteystiedot\/#breadcrumb"},"inLanguage":"fi","potentialAction":[{"@type":"ReadAction","target":["https:\/\/oma.media.fi\/lansi-savo\/yhteystiedot\/"]}]},{"@type":"BreadcrumbList","@id":"https:\/\/oma.media.fi\/lansi-savo\/yhteystiedot\/#breadcrumb","itemListElement":[{"@type":"ListItem","position":1,"name":"Etusivu","item":"https:\/\/oma.media.fi\/lansi-savo\/"},{"@type":"ListItem","position":2,"name":"Yhteystiedot"}]},{"@type":"WebSite","@id":"https:\/\/oma.media.fi\/lansi-savo\/#website","url":"https:\/\/oma.media.fi\/lansi-savo\/","name":"L\u00e4nsi-Savo","description":"","potentialAction":[{"@type":"SearchAction","target":{"@type":"EntryPoint","urlTemplate":"https:\/\/oma.media.fi\/lansi-savo\/?s={search_term_string}"},"query-input":{"@type":"PropertyValueSpecification","valueRequired":true,"valueName":"search_term_string"}}],"inLanguage":"fi"}]}},"publishpress_future_action":{"enabled":false,"date":"2026-04-19 06:36:47","action":"change-status","newStatus":"draft","terms":[],"taxonomy":"","extraData":[]},"publishpress_future_workflow_manual_trigger":{"enabledWorkflows":[]},"_links":{"self":[{"href":"https:\/\/oma.media.fi\/lansi-savo\/wp-json\/wp\/v2\/pages\/77","targetHints":{"allow":["GET"]}}],"collection":[{"href":"https:\/\/oma.media.fi\/lansi-savo\/wp-json\/wp\/v2\/pages"}],"about":[{"href":"https:\/\/oma.media.fi\/lansi-savo\/wp-json\/wp\/v2\/types\/page"}],"author":[{"embeddable":true,"href":"https:\/\/oma.media.fi\/lansi-savo\/wp-json\/wp\/v2\/users\/1"}],"replies":[{"embeddable":true,"href":"https:\/\/oma.media.fi\/lansi-savo\/wp-json\/wp\/v2\/comments?post=77"}],"version-history":[{"count":52,"href":"https:\/\/oma.media.fi\/lansi-savo\/wp-json\/wp\/v2\/pages\/77\/revisions"}],"predecessor-version":[{"id":7865,"href":"https:\/\/oma.media.fi\/lansi-savo\/wp-json\/wp\/v2\/pages\/77\/revisions\/7865"}],"wp:attachment":[{"href":"https:\/\/oma.media.fi\/lansi-savo\/wp-json\/wp\/v2\/media?parent=77"}],"curies":[{"name":"wp","href":"https:\/\/api.w.org\/{rel}","templated":true}]}}