{"id":12472,"date":"2021-04-14T11:33:19","date_gmt":"2021-04-14T08:33:19","guid":{"rendered":"https:\/\/oma.media.fi\/lansi-uusimaa\/tilaa\/yritystilaus\/yrityslehti\/"},"modified":"2024-02-02T09:05:42","modified_gmt":"2024-02-02T07:05:42","slug":"yrityslehti","status":"publish","type":"page","link":"https:\/\/oma.media.fi\/lansi-uusimaa\/tilaa\/yritystilaus\/yrityslehti\/","title":{"rendered":"Yrityslehti"},"content":{"rendered":"<h2>Tilaa yrityslehti heti!<\/h2>\n<p>Yritystilaus laskutetaan vuosittain tilauksen alkaessa. Yrityslehden hinnaston l\u00f6yd\u00e4t <a href=\"https:\/\/oma.media.fi\/lansi-uusimaa\/tilaushinnat\/#yrityshinnasto\" target=\"_blank\" rel=\"noopener\">t\u00e4\u00e4lt\u00e4.<\/a><br \/>\nHuomioithan jakelurajoitteet: Painettu lehti jaetaan tilaajalle paikkakuntakohtaisen jakeluaikataulun ja -tavan mukaisesti. Jakeluaikataulu- ja tapa voivat vaihdella kunnan tai saman postinumeron sis\u00e4ll\u00e4. Pid\u00e4t\u00e4mme oikeuden jakelutavan, jakeluaikataulun ja ilmestymisp\u00e4ivien muutoksiin. Juhlapyhien painetulla lehdell\u00e4 voi olla poikkeavia ilmestymisp\u00e4ivi\u00e4 tai lehti ei ilmesty.<br \/>\nLue tarkemmin: <a href=\"https:\/\/oma.media.fi\/lansi-uusimaa\/tilaa\/tilausehdot\/#yritysasiakkaat\">Tilausehdot yritysasiakkaille<\/a>, kohta 10.<\/p>\n","protected":false},"excerpt":{"rendered":"<p>Tilaa yrityslehti heti! Yritystilaus laskutetaan vuosittain tilauksen alkaessa. Yrityslehden hinnaston l\u00f6yd\u00e4t t\u00e4\u00e4lt\u00e4. Huomioithan jakelurajoitteet: Painettu lehti jaetaan tilaajalle paikkakuntakohtaisen jakeluaikataulun ja -tavan mukaisesti. Jakeluaikataulu- ja tapa voivat vaihdella kunnan tai saman postinumeron sis\u00e4ll\u00e4. Pid\u00e4t\u00e4mme oikeuden jakelutavan, jakeluaikataulun ja ilmestymisp\u00e4ivien muutoksiin. Juhlapyhien painetulla lehdell\u00e4 voi olla poikkeavia ilmestymisp\u00e4ivi\u00e4 tai lehti ei ilmesty. Lue tarkemmin: Tilausehdot yritysasiakkaille, [&hellip;]<\/p>\n","protected":false},"author":1,"featured_media":0,"parent":12465,"menu_order":0,"comment_status":"closed","ping_status":"closed","template":"template-yritysdigi.php","meta":{"_acf_changed":false,"footnotes":""},"class_list":["post-12472","page","type-page","status-publish","hentry"],"acf":[],"yoast_head":"<!-- This site is optimized with the Yoast SEO plugin v26.2 - https:\/\/yoast.com\/wordpress\/plugins\/seo\/ -->\n<title>Yrityslehti - L\u00e4nsi-Uusimaa<\/title>\n<meta name=\"robots\" content=\"index, follow, max-snippet:-1, max-image-preview:large, max-video-preview:-1\" \/>\n<link rel=\"canonical\" href=\"https:\/\/oma.media.fi\/lansi-uusimaa\/tilaa\/yritystilaus\/yrityslehti\/\" \/>\n<meta property=\"og:locale\" content=\"fi_FI\" \/>\n<meta property=\"og:type\" content=\"article\" \/>\n<meta property=\"og:title\" content=\"Yrityslehti\" \/>\n<meta property=\"og:description\" content=\"Tilaa yrityslehti heti! Yritystilaus laskutetaan vuosittain tilauksen alkaessa. Yrityslehden hinnaston l\u00f6yd\u00e4t t\u00e4\u00e4lt\u00e4. Huomioithan jakelurajoitteet: Painettu lehti jaetaan tilaajalle paikkakuntakohtaisen jakeluaikataulun ja -tavan mukaisesti. Jakeluaikataulu- ja tapa voivat vaihdella kunnan tai saman postinumeron sis\u00e4ll\u00e4. Pid\u00e4t\u00e4mme oikeuden jakelutavan, jakeluaikataulun ja ilmestymisp\u00e4ivien muutoksiin. Juhlapyhien painetulla lehdell\u00e4 voi olla poikkeavia ilmestymisp\u00e4ivi\u00e4 tai lehti ei ilmesty. Lue tarkemmin: Tilausehdot yritysasiakkaille, [&hellip;]\" \/>\n<meta property=\"og:url\" content=\"https:\/\/oma.media.fi\/lansi-uusimaa\/tilaa\/yritystilaus\/yrityslehti\/\" \/>\n<meta property=\"og:site_name\" content=\"L\u00e4nsi-Uusimaa\" \/>\n<meta property=\"article:modified_time\" content=\"2024-02-02T07:05:42+00:00\" \/>\n<meta name=\"twitter:card\" content=\"summary_large_image\" \/>\n<meta name=\"twitter:label1\" content=\"Arvioitu lukuaika\" \/>\n\t<meta name=\"twitter:data1\" content=\"1 minuutti\" \/>\n<script type=\"application\/ld+json\" class=\"yoast-schema-graph\">{\"@context\":\"https:\/\/schema.org\",\"@graph\":[{\"@type\":\"WebPage\",\"@id\":\"https:\/\/oma.media.fi\/lansi-uusimaa\/tilaa\/yritystilaus\/yrityslehti\/\",\"url\":\"https:\/\/oma.media.fi\/lansi-uusimaa\/tilaa\/yritystilaus\/yrityslehti\/\",\"name\":\"Yrityslehti - L\u00e4nsi-Uusimaa\",\"isPartOf\":{\"@id\":\"https:\/\/oma.media.fi\/lansi-uusimaa\/#website\"},\"datePublished\":\"2021-04-14T08:33:19+00:00\",\"dateModified\":\"2024-02-02T07:05:42+00:00\",\"breadcrumb\":{\"@id\":\"https:\/\/oma.media.fi\/lansi-uusimaa\/tilaa\/yritystilaus\/yrityslehti\/#breadcrumb\"},\"inLanguage\":\"fi\",\"potentialAction\":[{\"@type\":\"ReadAction\",\"target\":[\"https:\/\/oma.media.fi\/lansi-uusimaa\/tilaa\/yritystilaus\/yrityslehti\/\"]}]},{\"@type\":\"BreadcrumbList\",\"@id\":\"https:\/\/oma.media.fi\/lansi-uusimaa\/tilaa\/yritystilaus\/yrityslehti\/#breadcrumb\",\"itemListElement\":[{\"@type\":\"ListItem\",\"position\":1,\"name\":\"Etusivu\",\"item\":\"https:\/\/oma.media.fi\/lansi-uusimaa\/\"},{\"@type\":\"ListItem\",\"position\":2,\"name\":\"Tilaa\",\"item\":\"https:\/\/oma.media.fi\/lansi-uusimaa\/tilaa\/\"},{\"@type\":\"ListItem\",\"position\":3,\"name\":\"Yrityslehti\"}]},{\"@type\":\"WebSite\",\"@id\":\"https:\/\/oma.media.fi\/lansi-uusimaa\/#website\",\"url\":\"https:\/\/oma.media.fi\/lansi-uusimaa\/\",\"name\":\"L\u00e4nsi-Uusimaa\",\"description\":\"\",\"potentialAction\":[{\"@type\":\"SearchAction\",\"target\":{\"@type\":\"EntryPoint\",\"urlTemplate\":\"https:\/\/oma.media.fi\/lansi-uusimaa\/?s={search_term_string}\"},\"query-input\":{\"@type\":\"PropertyValueSpecification\",\"valueRequired\":true,\"valueName\":\"search_term_string\"}}],\"inLanguage\":\"fi\"}]}<\/script>\n<!-- \/ Yoast SEO plugin. -->","yoast_head_json":{"title":"Yrityslehti - L\u00e4nsi-Uusimaa","robots":{"index":"index","follow":"follow","max-snippet":"max-snippet:-1","max-image-preview":"max-image-preview:large","max-video-preview":"max-video-preview:-1"},"canonical":"https:\/\/oma.media.fi\/lansi-uusimaa\/tilaa\/yritystilaus\/yrityslehti\/","og_locale":"fi_FI","og_type":"article","og_title":"Yrityslehti","og_description":"Tilaa yrityslehti heti! Yritystilaus laskutetaan vuosittain tilauksen alkaessa. Yrityslehden hinnaston l\u00f6yd\u00e4t t\u00e4\u00e4lt\u00e4. Huomioithan jakelurajoitteet: Painettu lehti jaetaan tilaajalle paikkakuntakohtaisen jakeluaikataulun ja -tavan mukaisesti. Jakeluaikataulu- ja tapa voivat vaihdella kunnan tai saman postinumeron sis\u00e4ll\u00e4. Pid\u00e4t\u00e4mme oikeuden jakelutavan, jakeluaikataulun ja ilmestymisp\u00e4ivien muutoksiin. Juhlapyhien painetulla lehdell\u00e4 voi olla poikkeavia ilmestymisp\u00e4ivi\u00e4 tai lehti ei ilmesty. Lue tarkemmin: Tilausehdot yritysasiakkaille, [&hellip;]","og_url":"https:\/\/oma.media.fi\/lansi-uusimaa\/tilaa\/yritystilaus\/yrityslehti\/","og_site_name":"L\u00e4nsi-Uusimaa","article_modified_time":"2024-02-02T07:05:42+00:00","twitter_card":"summary_large_image","twitter_misc":{"Arvioitu lukuaika":"1 minuutti"},"schema":{"@context":"https:\/\/schema.org","@graph":[{"@type":"WebPage","@id":"https:\/\/oma.media.fi\/lansi-uusimaa\/tilaa\/yritystilaus\/yrityslehti\/","url":"https:\/\/oma.media.fi\/lansi-uusimaa\/tilaa\/yritystilaus\/yrityslehti\/","name":"Yrityslehti - L\u00e4nsi-Uusimaa","isPartOf":{"@id":"https:\/\/oma.media.fi\/lansi-uusimaa\/#website"},"datePublished":"2021-04-14T08:33:19+00:00","dateModified":"2024-02-02T07:05:42+00:00","breadcrumb":{"@id":"https:\/\/oma.media.fi\/lansi-uusimaa\/tilaa\/yritystilaus\/yrityslehti\/#breadcrumb"},"inLanguage":"fi","potentialAction":[{"@type":"ReadAction","target":["https:\/\/oma.media.fi\/lansi-uusimaa\/tilaa\/yritystilaus\/yrityslehti\/"]}]},{"@type":"BreadcrumbList","@id":"https:\/\/oma.media.fi\/lansi-uusimaa\/tilaa\/yritystilaus\/yrityslehti\/#breadcrumb","itemListElement":[{"@type":"ListItem","position":1,"name":"Etusivu","item":"https:\/\/oma.media.fi\/lansi-uusimaa\/"},{"@type":"ListItem","position":2,"name":"Tilaa","item":"https:\/\/oma.media.fi\/lansi-uusimaa\/tilaa\/"},{"@type":"ListItem","position":3,"name":"Yrityslehti"}]},{"@type":"WebSite","@id":"https:\/\/oma.media.fi\/lansi-uusimaa\/#website","url":"https:\/\/oma.media.fi\/lansi-uusimaa\/","name":"L\u00e4nsi-Uusimaa","description":"","potentialAction":[{"@type":"SearchAction","target":{"@type":"EntryPoint","urlTemplate":"https:\/\/oma.media.fi\/lansi-uusimaa\/?s={search_term_string}"},"query-input":{"@type":"PropertyValueSpecification","valueRequired":true,"valueName":"search_term_string"}}],"inLanguage":"fi"}]}},"publishpress_future_action":{"enabled":false,"date":"2026-05-08 23:12:08","action":"change-status","newStatus":"draft","terms":[],"taxonomy":"","extraData":[]},"publishpress_future_workflow_manual_trigger":{"enabledWorkflows":[]},"_links":{"self":[{"href":"https:\/\/oma.media.fi\/lansi-uusimaa\/wp-json\/wp\/v2\/pages\/12472","targetHints":{"allow":["GET"]}}],"collection":[{"href":"https:\/\/oma.media.fi\/lansi-uusimaa\/wp-json\/wp\/v2\/pages"}],"about":[{"href":"https:\/\/oma.media.fi\/lansi-uusimaa\/wp-json\/wp\/v2\/types\/page"}],"author":[{"embeddable":true,"href":"https:\/\/oma.media.fi\/lansi-uusimaa\/wp-json\/wp\/v2\/users\/1"}],"replies":[{"embeddable":true,"href":"https:\/\/oma.media.fi\/lansi-uusimaa\/wp-json\/wp\/v2\/comments?post=12472"}],"version-history":[{"count":15,"href":"https:\/\/oma.media.fi\/lansi-uusimaa\/wp-json\/wp\/v2\/pages\/12472\/revisions"}],"predecessor-version":[{"id":15410,"href":"https:\/\/oma.media.fi\/lansi-uusimaa\/wp-json\/wp\/v2\/pages\/12472\/revisions\/15410"}],"up":[{"embeddable":true,"href":"https:\/\/oma.media.fi\/lansi-uusimaa\/wp-json\/wp\/v2\/pages\/12465"}],"wp:attachment":[{"href":"https:\/\/oma.media.fi\/lansi-uusimaa\/wp-json\/wp\/v2\/media?parent=12472"}],"curies":[{"name":"wp","href":"https:\/\/api.w.org\/{rel}","templated":true}]}}