{"id":196,"date":"2018-10-17T13:17:59","date_gmt":"2018-10-17T10:17:59","guid":{"rendered":"https:\/\/oma.media.fi\/lansivayla\/yhteystiedot\/"},"modified":"2026-04-13T12:37:03","modified_gmt":"2026-04-13T09:37:03","slug":"yhteystiedot","status":"publish","type":"page","link":"https:\/\/oma.media.fi\/lansivayla\/yhteystiedot\/","title":{"rendered":"Yhteystiedot"},"content":{"rendered":"<div class=\"text-block\">\n<h2>Lukijailmoitukset<\/h2>\n<p>J\u00e4rjest\u00f6ilmoitukset, luokitellut ilmoitukset, perheilmoitukset, kuolinilmoitukset ja surukiitokset<\/p>\n<p><strong>J\u00e4t\u00e4 ilmoitus 24\/7 <\/strong><a href=\"https:\/\/oma.media.fi\/lansivayla\/ilmoita\/\" target=\"_blank\" rel=\"noopener\"><strong>lansivayla.fi\/ilmoita<\/strong><\/a><\/p>\n<h2>Asiakaspalvelu<\/h2>\n<p><strong>Puhelinpalvelu:<\/strong> 014 622 133 ma-pe klo 8.00-18.00<\/p>\n<p>Tallennamme puhelut asiakaspalvelutapahtumien varmentamiseksi<br \/>\nsek\u00e4 asiakaspalvelun koulutusta varten. Puhelun hinta mpm\/pvm, jonotus on maksullista.<\/p>\n<p><a class=\"button\" href=\"https:\/\/oma.media.fi\/lansivayla\/yhteystiedot\/ota-yhteytta\/\" target=\"_blank\" rel=\"noopener\">Ota yhteytt\u00e4 asiakaspalveluun<\/a><\/p>\n<\/div>\n<div class=\"text-block\">\n<h2>Jakelu<\/h2>\n<p><strong>Suomen Suoramainonta Oy<\/strong><\/p>\n<p><a class=\"button\" href=\"https:\/\/ssm.fi\/jakelupalaute\" target=\"_blank\" rel=\"noopener\">L\u00e4het\u00e4 jakelupalautetta<br \/>\n<\/a><\/p>\n<p><a class=\"button\" href=\"https:\/\/www.google.com\/maps\/d\/u\/0\/viewer?mid=1a1AaECVuzS1-MwOYsal-q6H-gJbcqeLM&amp;ll=60.19931897408599%2C24.615345150000007&amp;z=11\" target=\"_blank\" rel=\"noopener noreferrer\">Noutopisteet<\/a><\/p>\n<\/div>\n<div class=\"text-block\">\n<h2>Medialaskutus<\/h2>\n<p>Ilmoituslaskutus<br \/>\np. 09 2730 0230 (pvm\/mpm), ma-pe 9.00-14.00<br \/>\n<a href=\"&#x6d;&#97;&#105;l&#x74;&#x6f;&#58;l&#x61;&#x73;&#107;ut&#x75;&#115;&#46;k&#x65;&#x73;&#107;i&#x73;&#x75;&#111;&#109;a&#x6c;&#x61;&#105;n&#x65;&#x6e;&#109;e&#x64;&#x69;&#97;&#64;m&#x65;&#x64;&#105;a&#x2e;&#x66;&#105;\">&#x6c;&#x61;&#x73;&#x6b;&#117;&#116;&#117;s&#46;&#x6b;&#x65;&#x73;&#x6b;&#x69;&#115;&#117;&#111;ma&#x6c;&#x61;&#x69;&#x6e;&#x65;&#110;&#109;&#101;di&#x61;&#x40;&#x6d;&#x65;&#x64;&#105;&#97;&#46;fi<\/a><\/p>\n<\/div>\n<div class=\"text-block\">\n<h2>Mediamyynti<\/h2>\n<p>Yhteystiedot l\u00f6yd\u00e4t <a href=\"https:\/\/meks.fi\/yhteystiedot\/\" target=\"_blank\" rel=\"noopener\">mediamyynnin sivuilta<\/a>.<\/p>\n<\/div>\n<div class=\"text-block\">\n<h2>Toimitus<\/h2>\n<p>Tapiontori 3 C, 02100 Espoo<\/p>\n<p>S\u00e4hk\u00f6postiosoitteet:<br \/>\n&#x65;&#x74;&#117;n&#x69;&#x6d;&#105;&#46;s&#x75;&#x6b;&#117;&#110;i&#x6d;&#x69;&#64;me&#x64;&#x69;&#97;&#46;&#x66;&#x69;<br \/>\nToimitus: <a href=\"m&#97;&#105;&#x6c;&#x74;o&#58;&#108;&#x76;&#x2e;&#x74;o&#105;&#109;&#x69;&#x74;us&#64;&#x6d;&#x65;&#x64;i&#97;&#46;&#x66;&#x69;\">l&#118;&#46;&#x74;&#x6f;im&#105;&#116;&#x75;&#x73;&#64;m&#101;&#100;&#x69;&#x61;&#46;f&#105;<\/a><\/p>\n<p>Uutisvihjeet: <a href=\"&#x6d;&#x61;&#x69;&#108;&#116;o:&#x6c;&#x76;&#x2e;&#x74;&#111;&#105;mi&#x74;&#x75;&#x73;&#64;&#109;&#101;di&#x61;&#x2e;&#x66;&#105;\">&#108;&#118;&#x2e;t&#111;&#x69;&#x6d;i&#116;&#x75;&#x73;&#64;&#109;&#x65;d&#105;&#x61;&#x2e;f&#105;<\/a><\/p>\n<p><a class=\"button\" href=\"https:\/\/oma.media.fi\/lansivayla\/yhteystiedot\/juttuvinkki\/\" target=\"_blank\" rel=\"noopener\">J\u00e4t\u00e4 juttuvinkki<\/a><\/p>\n<p><strong>P\u00e4\u00e4toimittaja<br \/>\n<\/strong>Heli Koivuniemi 040 0133955<\/p>\n<p><strong>Uutisp\u00e4\u00e4llik\u00f6t<br \/>\n<\/strong>Minna Airamaa 050 3677 772<br \/>\nMikko V\u00e4limaa 040 0133951<\/p>\n<p><strong>Toimittajat<br \/>\n<\/strong>Anne Lius-Liimatainen 040 593 6850<br \/>\nVille Oksa <span data-olk-copy-source=\"MessageBody\">040 4826 815<\/span><br \/>\nKatja Riihola 0400 905 075<br \/>\nAnneli Tuominen-Halomo 050 341 5863<\/p>\n<p><strong>Helppoa suomea -sis\u00e4ll\u00f6t<br \/>\n<\/strong>Tuottaja Milja Kein\u00e4nen 040 6350 388<br \/>\nToimittaja Elina Saarilahti-Guzman 040 756 9570<\/p>\n<p><strong>Kuvajournalisti<br \/>\n<\/strong>Sami Kuusivirta 040 661 7607<\/p>\n<p>Kaikki sis\u00e4ll\u00f6t voidaan julkaista kaikissa Mediakonserni Keskisuomalaisen medioissa.<\/p>\n<\/div>\n<div class=\"text-block\">\n<h2>Palaute<\/h2>\n<p><a class=\"button\" href=\"https:\/\/oma.media.fi\/lansivayla\/yhteystiedot\/anna-palautetta\/\">Anna palautetta<\/a><\/p>\n<\/div>\n","protected":false},"excerpt":{"rendered":"<p>Lukijailmoitukset J\u00e4rjest\u00f6ilmoitukset, luokitellut ilmoitukset, perheilmoitukset, kuolinilmoitukset ja surukiitokset J\u00e4t\u00e4 ilmoitus 24\/7 lansivayla.fi\/ilmoita Asiakaspalvelu Puhelinpalvelu: 014 622 133 ma-pe klo 8.00-18.00 Tallennamme puhelut asiakaspalvelutapahtumien varmentamiseksi sek\u00e4 asiakaspalvelun koulutusta varten. Puhelun hinta mpm\/pvm, jonotus on maksullista. Ota yhteytt\u00e4 asiakaspalveluun Jakelu Suomen Suoramainonta Oy L\u00e4het\u00e4 jakelupalautetta Noutopisteet Medialaskutus Ilmoituslaskutus p. 09 2730 0230 (pvm\/mpm), ma-pe 9.00-14.00 &#x6c;&#97;&#x73;&#x6b;u&#x74;&#117;s&#x2e;&#107;e&#x73;&#107;&#x69;&#x73;u&#x6f;&#109;a&#x6c;&#97;i&#x6e;&#101;&#x6e;&#x6d;&#101;&#x64;&#x69;a&#x40;&#109;e&#x64;&#105;a&#x2e;&#102;&#x69; Mediamyynti [&hellip;]<\/p>\n","protected":false},"author":1,"featured_media":0,"parent":0,"menu_order":0,"comment_status":"closed","ping_status":"closed","template":"","meta":{"_acf_changed":false,"footnotes":""},"class_list":["post-196","page","type-page","status-publish","hentry"],"acf":[],"yoast_head":"<!-- This site is optimized with the Yoast SEO plugin v26.2 - https:\/\/yoast.com\/wordpress\/plugins\/seo\/ -->\n<title>Yhteystiedot - L\u00e4nsiv\u00e4yl\u00e4<\/title>\n<meta name=\"description\" content=\"Etsitk\u00f6 yhteystietoja vai haluatko antaa palautetta? Mediatalo Keskisuomalaisen asiakaspalveluiden yhteystiedot, palautekanavat ja juttuvinkit.\" \/>\n<meta name=\"robots\" content=\"index, follow, max-snippet:-1, max-image-preview:large, max-video-preview:-1\" \/>\n<link rel=\"canonical\" href=\"https:\/\/oma.media.fi\/lansivayla\/yhteystiedot\/\" \/>\n<meta property=\"og:locale\" content=\"fi_FI\" \/>\n<meta property=\"og:type\" content=\"article\" \/>\n<meta property=\"og:title\" content=\"Yhteystiedot\" \/>\n<meta property=\"og:description\" content=\"Etsitk\u00f6 yhteystietoja vai haluatko antaa palautetta? Mediatalo Keskisuomalaisen asiakaspalveluiden yhteystiedot, palautekanavat ja juttuvinkit.\" \/>\n<meta property=\"og:url\" content=\"https:\/\/oma.media.fi\/lansivayla\/yhteystiedot\/\" \/>\n<meta property=\"og:site_name\" content=\"L\u00e4nsiv\u00e4yl\u00e4\" \/>\n<meta property=\"article:modified_time\" content=\"2026-04-13T09:37:03+00:00\" \/>\n<meta name=\"twitter:card\" content=\"summary_large_image\" \/>\n<meta name=\"twitter:label1\" content=\"Arvioitu lukuaika\" \/>\n\t<meta name=\"twitter:data1\" content=\"1 minuutti\" \/>\n<script type=\"application\/ld+json\" class=\"yoast-schema-graph\">{\"@context\":\"https:\/\/schema.org\",\"@graph\":[{\"@type\":\"WebPage\",\"@id\":\"https:\/\/oma.media.fi\/lansivayla\/yhteystiedot\/\",\"url\":\"https:\/\/oma.media.fi\/lansivayla\/yhteystiedot\/\",\"name\":\"Yhteystiedot - L\u00e4nsiv\u00e4yl\u00e4\",\"isPartOf\":{\"@id\":\"https:\/\/oma.media.fi\/lansivayla\/#website\"},\"datePublished\":\"2018-10-17T10:17:59+00:00\",\"dateModified\":\"2026-04-13T09:37:03+00:00\",\"description\":\"Etsitk\u00f6 yhteystietoja vai haluatko antaa palautetta? Mediatalo Keskisuomalaisen asiakaspalveluiden yhteystiedot, palautekanavat ja juttuvinkit.\",\"breadcrumb\":{\"@id\":\"https:\/\/oma.media.fi\/lansivayla\/yhteystiedot\/#breadcrumb\"},\"inLanguage\":\"fi\",\"potentialAction\":[{\"@type\":\"ReadAction\",\"target\":[\"https:\/\/oma.media.fi\/lansivayla\/yhteystiedot\/\"]}]},{\"@type\":\"BreadcrumbList\",\"@id\":\"https:\/\/oma.media.fi\/lansivayla\/yhteystiedot\/#breadcrumb\",\"itemListElement\":[{\"@type\":\"ListItem\",\"position\":1,\"name\":\"Etusivu\",\"item\":\"https:\/\/oma.media.fi\/lansivayla\/\"},{\"@type\":\"ListItem\",\"position\":2,\"name\":\"Yhteystiedot\"}]},{\"@type\":\"WebSite\",\"@id\":\"https:\/\/oma.media.fi\/lansivayla\/#website\",\"url\":\"https:\/\/oma.media.fi\/lansivayla\/\",\"name\":\"L\u00e4nsiv\u00e4yl\u00e4\",\"description\":\"\",\"potentialAction\":[{\"@type\":\"SearchAction\",\"target\":{\"@type\":\"EntryPoint\",\"urlTemplate\":\"https:\/\/oma.media.fi\/lansivayla\/?s={search_term_string}\"},\"query-input\":{\"@type\":\"PropertyValueSpecification\",\"valueRequired\":true,\"valueName\":\"search_term_string\"}}],\"inLanguage\":\"fi\"}]}<\/script>\n<!-- \/ Yoast SEO plugin. -->","yoast_head_json":{"title":"Yhteystiedot - L\u00e4nsiv\u00e4yl\u00e4","description":"Etsitk\u00f6 yhteystietoja vai haluatko antaa palautetta? Mediatalo Keskisuomalaisen asiakaspalveluiden yhteystiedot, palautekanavat ja juttuvinkit.","robots":{"index":"index","follow":"follow","max-snippet":"max-snippet:-1","max-image-preview":"max-image-preview:large","max-video-preview":"max-video-preview:-1"},"canonical":"https:\/\/oma.media.fi\/lansivayla\/yhteystiedot\/","og_locale":"fi_FI","og_type":"article","og_title":"Yhteystiedot","og_description":"Etsitk\u00f6 yhteystietoja vai haluatko antaa palautetta? Mediatalo Keskisuomalaisen asiakaspalveluiden yhteystiedot, palautekanavat ja juttuvinkit.","og_url":"https:\/\/oma.media.fi\/lansivayla\/yhteystiedot\/","og_site_name":"L\u00e4nsiv\u00e4yl\u00e4","article_modified_time":"2026-04-13T09:37:03+00:00","twitter_card":"summary_large_image","twitter_misc":{"Arvioitu lukuaika":"1 minuutti"},"schema":{"@context":"https:\/\/schema.org","@graph":[{"@type":"WebPage","@id":"https:\/\/oma.media.fi\/lansivayla\/yhteystiedot\/","url":"https:\/\/oma.media.fi\/lansivayla\/yhteystiedot\/","name":"Yhteystiedot - L\u00e4nsiv\u00e4yl\u00e4","isPartOf":{"@id":"https:\/\/oma.media.fi\/lansivayla\/#website"},"datePublished":"2018-10-17T10:17:59+00:00","dateModified":"2026-04-13T09:37:03+00:00","description":"Etsitk\u00f6 yhteystietoja vai haluatko antaa palautetta? Mediatalo Keskisuomalaisen asiakaspalveluiden yhteystiedot, palautekanavat ja juttuvinkit.","breadcrumb":{"@id":"https:\/\/oma.media.fi\/lansivayla\/yhteystiedot\/#breadcrumb"},"inLanguage":"fi","potentialAction":[{"@type":"ReadAction","target":["https:\/\/oma.media.fi\/lansivayla\/yhteystiedot\/"]}]},{"@type":"BreadcrumbList","@id":"https:\/\/oma.media.fi\/lansivayla\/yhteystiedot\/#breadcrumb","itemListElement":[{"@type":"ListItem","position":1,"name":"Etusivu","item":"https:\/\/oma.media.fi\/lansivayla\/"},{"@type":"ListItem","position":2,"name":"Yhteystiedot"}]},{"@type":"WebSite","@id":"https:\/\/oma.media.fi\/lansivayla\/#website","url":"https:\/\/oma.media.fi\/lansivayla\/","name":"L\u00e4nsiv\u00e4yl\u00e4","description":"","potentialAction":[{"@type":"SearchAction","target":{"@type":"EntryPoint","urlTemplate":"https:\/\/oma.media.fi\/lansivayla\/?s={search_term_string}"},"query-input":{"@type":"PropertyValueSpecification","valueRequired":true,"valueName":"search_term_string"}}],"inLanguage":"fi"}]}},"publishpress_future_action":{"enabled":false,"date":"2026-05-10 16:08:39","action":"change-status","newStatus":"draft","terms":[],"taxonomy":"","extraData":[]},"publishpress_future_workflow_manual_trigger":{"enabledWorkflows":[]},"_links":{"self":[{"href":"https:\/\/oma.media.fi\/lansivayla\/wp-json\/wp\/v2\/pages\/196","targetHints":{"allow":["GET"]}}],"collection":[{"href":"https:\/\/oma.media.fi\/lansivayla\/wp-json\/wp\/v2\/pages"}],"about":[{"href":"https:\/\/oma.media.fi\/lansivayla\/wp-json\/wp\/v2\/types\/page"}],"author":[{"embeddable":true,"href":"https:\/\/oma.media.fi\/lansivayla\/wp-json\/wp\/v2\/users\/1"}],"replies":[{"embeddable":true,"href":"https:\/\/oma.media.fi\/lansivayla\/wp-json\/wp\/v2\/comments?post=196"}],"version-history":[{"count":34,"href":"https:\/\/oma.media.fi\/lansivayla\/wp-json\/wp\/v2\/pages\/196\/revisions"}],"predecessor-version":[{"id":1958,"href":"https:\/\/oma.media.fi\/lansivayla\/wp-json\/wp\/v2\/pages\/196\/revisions\/1958"}],"wp:attachment":[{"href":"https:\/\/oma.media.fi\/lansivayla\/wp-json\/wp\/v2\/media?parent=196"}],"curies":[{"name":"wp","href":"https:\/\/api.w.org\/{rel}","templated":true}]}}