{"id":953,"date":"2023-12-20T13:40:02","date_gmt":"2023-12-20T11:40:02","guid":{"rendered":"https:\/\/oma.media.fi\/lansivayla\/?page_id=953"},"modified":"2024-06-19T10:22:25","modified_gmt":"2024-06-19T07:22:25","slug":"tietoa-tilauksesta","status":"publish","type":"page","link":"https:\/\/oma.media.fi\/lansivayla\/tietoa-tilauksesta\/","title":{"rendered":"Tietoa tilauksesta"},"content":{"rendered":"<p><em style=\"font-size: 1.3rem; color: #666;\"><strong>L\u00e4nsiv\u00e4yl\u00e4<\/strong> on Espoon ja espoolaisuuden ytimess\u00e4 ja kaupunkilaisten runsain, luotettavin, ajankohtaisin ja syv\u00e4llisin tiedonl\u00e4hde. Kerromme, mit\u00e4 Espoossa tapahtuu ja kuka p\u00e4\u00e4tt\u00e4\u00e4 sinun arkeesi vaikuttavista asioista.<\/em><\/p>\n<hr \/>\n<h2>Tervetuloa asiakaspalveluun<\/h2>\n<p>Tarjoamme tilauksiin liittyv\u00e4\u00e4 asiakaspalvelua jonottamatta 24\/7 verkossa osoitteessa <a href=\"https:\/\/oma.media.fi\/lansivayla\/\">Lansivayla.fi\/asiakaspalvelu<\/a> \u2013 k\u00e4y tutustumassa!<\/p>\n<h3>Joko sinulla on Mediatunnus?<\/h3>\n<p>Mediatunnus on avain kaikkiin s\u00e4hk\u00f6isiin palveluihimme. Yhdell\u00e4 tunnuksella p\u00e4\u00e4set n\u00e4pp\u00e4r\u00e4sti lukemaan tilaukseesi kuuluvia verkkosis\u00e4lt\u00f6j\u00e4 sek\u00e4 kommentoimaan niit\u00e4. Mediatunnuksella hoidat k\u00e4tev\u00e4sti my\u00f6s tilaukseesi liittyvi\u00e4 muutoksia \u2013 juuri silloin kun se sinulle sopii. Lue lis\u00e4\u00e4 Mediatunnuksesta ja sen luomisesta <a href=\"https:\/\/oma.media.fi\/lansivayla\/mediatunnukset\/\">t\u00e4st\u00e4<\/a>.<\/p>\n<h3>Lis\u00e4tietoja tilauksestasi l\u00f6yd\u00e4t alla olevista linkeist\u00e4<\/h3>\n<div class=\"table--responsive\"><table style=\"height: 167px; width: 100%; border-collapse: collapse;\" border=\"0\">\n<tbody>\n<tr style=\"height: 47px;\">\n<td style=\"width: 5.69249%; height: 47px;\"><em style=\"font-size: 1.3rem; color: #666;\"><strong><a href=\"https:\/\/oma.media.fi\/ess\/tilaussisallot\/\"><img loading=\"lazy\" decoding=\"async\" class=\"alignnone size-full wp-image-18491\" src=\"https:\/\/oma.media.fi\/ess\/wp-content\/uploads\/sites\/4\/2022\/01\/icon_tilauksensisalto-1.png\" alt=\"\" width=\"40\" height=\"45\" \/><\/a><\/strong><\/em><\/td>\n<td style=\"width: 94.3075%; height: 47px;\"><a href=\"https:\/\/oma.media.fi\/lansivayla\/tilaussisallot\/\">Tilauksen sis\u00e4lt\u00f6<\/a><\/td>\n<\/tr>\n<tr style=\"height: 24px;\">\n<td style=\"width: 5.69249%; height: 24px;\"><em style=\"font-size: 1.3rem; color: #666;\"><strong><a href=\"https:\/\/oma.media.fi\/ess\/ukk\/\"><img loading=\"lazy\" decoding=\"async\" class=\"alignnone size-large wp-image-18487\" src=\"https:\/\/oma.media.fi\/ess\/wp-content\/uploads\/sites\/4\/2022\/01\/icon_ukk-1.png\" alt=\"\" width=\"40\" height=\"45\" \/><\/a><\/strong><\/em><\/td>\n<td style=\"width: 94.3075%; height: 24px;\"><a href=\"https:\/\/oma.media.fi\/lansivayla\/ukk\/\">Usein kysytyt kysymykset<\/a><\/td>\n<\/tr>\n<tr style=\"height: 24px;\">\n<td style=\"width: 5.69249%; height: 24px;\"><em style=\"font-size: 1.3rem; color: #666;\"><strong><a href=\"https:\/\/oma.media.fi\/tilaushinnat\/\"><img loading=\"lazy\" decoding=\"async\" class=\"alignnone size-large wp-image-18484\" src=\"https:\/\/oma.media.fi\/ess\/wp-content\/uploads\/sites\/4\/2022\/01\/icon_hinnat_laskutus-1.png\" alt=\"\" width=\"40\" height=\"45\" \/><\/a><\/strong><\/em><\/td>\n<td style=\"width: 94.3075%; height: 24px;\"><a href=\"https:\/\/oma.media.fi\/lansivayla\/tilaushinnat\/\">Normaalihinnat<\/a> ja <a href=\"https:\/\/oma.media.fi\/lansivayla\/tilauslaskutus\/\">tilauslaskutus<\/a><\/td>\n<\/tr>\n<tr style=\"height: 24px;\">\n<td style=\"width: 5.69249%; height: 24px;\"><em style=\"font-size: 1.3rem; color: #666;\"><strong><a href=\"http:\/\/Lansivayla.fi\/tilaa\"><img loading=\"lazy\" decoding=\"async\" class=\"alignnone size-large wp-image-18485\" src=\"https:\/\/oma.media.fi\/ess\/wp-content\/uploads\/sites\/4\/2022\/01\/icon_tilaustarjoukset-1.png\" alt=\"\" width=\"40\" height=\"45\" \/><\/a><\/strong><\/em><\/td>\n<td style=\"width: 94.3075%; height: 24px;\"><a href=\"http:\/\/Lansivayla.fi\/tilaa\">Tilaustarjoukset<\/a><\/td>\n<\/tr>\n<\/tbody>\n<\/table><\/div>\n<p>&nbsp;<\/p>\n","protected":false},"excerpt":{"rendered":"<p>on Espoon ja espoolaisuuden ytimess\u00e4 ja kaupunkilaisten runsain, luotettavin, ajankohtaisin ja syv\u00e4llisin tiedonl\u00e4hde. Kerromme, mit\u00e4 Espoossa tapahtuu ja kuka p\u00e4\u00e4tt\u00e4\u00e4 sinun arkeesi vaikuttavista asioista. Tervetuloa asiakaspalveluun Tarjoamme tilauksiin liittyv\u00e4\u00e4 asiakaspalvelua jonottamatta 24\/7 verkossa osoitteessa \/asiakaspalvelu \u2013 k\u00e4y tutustumassa! Joko sinulla on Mediatunnus? Mediatunnus on avain kaikkiin s\u00e4hk\u00f6isiin palveluihimme. Yhdell\u00e4 tunnuksella p\u00e4\u00e4set n\u00e4pp\u00e4r\u00e4sti lukemaan tilaukseesi kuuluvia [&hellip;]<\/p>\n","protected":false},"author":6,"featured_media":999,"parent":0,"menu_order":0,"comment_status":"closed","ping_status":"closed","template":"","meta":{"_acf_changed":false,"footnotes":""},"class_list":["post-953","page","type-page","status-publish","has-post-thumbnail","hentry"],"acf":[],"yoast_head":"<!-- This site is optimized with the Yoast SEO plugin v26.2 - https:\/\/yoast.com\/wordpress\/plugins\/seo\/ -->\n<title>Tietoa tilauksesta - L\u00e4nsiv\u00e4yl\u00e4<\/title>\n<meta name=\"robots\" content=\"index, follow, max-snippet:-1, max-image-preview:large, max-video-preview:-1\" \/>\n<link rel=\"canonical\" href=\"https:\/\/oma.media.fi\/lansivayla\/tietoa-tilauksesta\/\" \/>\n<meta property=\"og:locale\" content=\"fi_FI\" \/>\n<meta property=\"og:type\" content=\"article\" \/>\n<meta property=\"og:title\" content=\"Tietoa tilauksesta\" \/>\n<meta property=\"og:description\" content=\"on Espoon ja espoolaisuuden ytimess\u00e4 ja kaupunkilaisten runsain, luotettavin, ajankohtaisin ja syv\u00e4llisin tiedonl\u00e4hde. Kerromme, mit\u00e4 Espoossa tapahtuu ja kuka p\u00e4\u00e4tt\u00e4\u00e4 sinun arkeesi vaikuttavista asioista. Tervetuloa asiakaspalveluun Tarjoamme tilauksiin liittyv\u00e4\u00e4 asiakaspalvelua jonottamatta 24\/7 verkossa osoitteessa \/asiakaspalvelu \u2013 k\u00e4y tutustumassa! Joko sinulla on Mediatunnus? Mediatunnus on avain kaikkiin s\u00e4hk\u00f6isiin palveluihimme. Yhdell\u00e4 tunnuksella p\u00e4\u00e4set n\u00e4pp\u00e4r\u00e4sti lukemaan tilaukseesi kuuluvia [&hellip;]\" \/>\n<meta property=\"og:url\" content=\"https:\/\/oma.media.fi\/lansivayla\/tietoa-tilauksesta\/\" \/>\n<meta property=\"og:site_name\" content=\"L\u00e4nsiv\u00e4yl\u00e4\" \/>\n<meta property=\"article:modified_time\" content=\"2024-06-19T07:22:25+00:00\" \/>\n<meta property=\"og:image\" content=\"https:\/\/oma.media.fi\/lansivayla\/wp-content\/uploads\/sites\/54\/2024\/01\/1210x519px_mainosratkaisut-copy.jpg\" \/>\n\t<meta property=\"og:image:width\" content=\"1210\" \/>\n\t<meta property=\"og:image:height\" content=\"519\" \/>\n\t<meta property=\"og:image:type\" content=\"image\/jpeg\" \/>\n<meta name=\"twitter:card\" content=\"summary_large_image\" \/>\n<meta name=\"twitter:label1\" content=\"Arvioitu lukuaika\" \/>\n\t<meta name=\"twitter:data1\" content=\"2 minuuttia\" \/>\n<script type=\"application\/ld+json\" class=\"yoast-schema-graph\">{\"@context\":\"https:\/\/schema.org\",\"@graph\":[{\"@type\":\"WebPage\",\"@id\":\"https:\/\/oma.media.fi\/lansivayla\/tietoa-tilauksesta\/\",\"url\":\"https:\/\/oma.media.fi\/lansivayla\/tietoa-tilauksesta\/\",\"name\":\"Tietoa tilauksesta - L\u00e4nsiv\u00e4yl\u00e4\",\"isPartOf\":{\"@id\":\"https:\/\/oma.media.fi\/lansivayla\/#website\"},\"primaryImageOfPage\":{\"@id\":\"https:\/\/oma.media.fi\/lansivayla\/tietoa-tilauksesta\/#primaryimage\"},\"image\":{\"@id\":\"https:\/\/oma.media.fi\/lansivayla\/tietoa-tilauksesta\/#primaryimage\"},\"thumbnailUrl\":\"https:\/\/oma.media.fi\/lansivayla\/wp-content\/uploads\/sites\/54\/2024\/01\/1210x519px_mainosratkaisut-copy.jpg\",\"datePublished\":\"2023-12-20T11:40:02+00:00\",\"dateModified\":\"2024-06-19T07:22:25+00:00\",\"breadcrumb\":{\"@id\":\"https:\/\/oma.media.fi\/lansivayla\/tietoa-tilauksesta\/#breadcrumb\"},\"inLanguage\":\"fi\",\"potentialAction\":[{\"@type\":\"ReadAction\",\"target\":[\"https:\/\/oma.media.fi\/lansivayla\/tietoa-tilauksesta\/\"]}]},{\"@type\":\"ImageObject\",\"inLanguage\":\"fi\",\"@id\":\"https:\/\/oma.media.fi\/lansivayla\/tietoa-tilauksesta\/#primaryimage\",\"url\":\"https:\/\/oma.media.fi\/lansivayla\/wp-content\/uploads\/sites\/54\/2024\/01\/1210x519px_mainosratkaisut-copy.jpg\",\"contentUrl\":\"https:\/\/oma.media.fi\/lansivayla\/wp-content\/uploads\/sites\/54\/2024\/01\/1210x519px_mainosratkaisut-copy.jpg\",\"width\":1210,\"height\":519},{\"@type\":\"BreadcrumbList\",\"@id\":\"https:\/\/oma.media.fi\/lansivayla\/tietoa-tilauksesta\/#breadcrumb\",\"itemListElement\":[{\"@type\":\"ListItem\",\"position\":1,\"name\":\"Etusivu\",\"item\":\"https:\/\/oma.media.fi\/lansivayla\/\"},{\"@type\":\"ListItem\",\"position\":2,\"name\":\"Tietoa tilauksesta\"}]},{\"@type\":\"WebSite\",\"@id\":\"https:\/\/oma.media.fi\/lansivayla\/#website\",\"url\":\"https:\/\/oma.media.fi\/lansivayla\/\",\"name\":\"L\u00e4nsiv\u00e4yl\u00e4\",\"description\":\"\",\"potentialAction\":[{\"@type\":\"SearchAction\",\"target\":{\"@type\":\"EntryPoint\",\"urlTemplate\":\"https:\/\/oma.media.fi\/lansivayla\/?s={search_term_string}\"},\"query-input\":{\"@type\":\"PropertyValueSpecification\",\"valueRequired\":true,\"valueName\":\"search_term_string\"}}],\"inLanguage\":\"fi\"}]}<\/script>\n<!-- \/ Yoast SEO plugin. -->","yoast_head_json":{"title":"Tietoa tilauksesta - L\u00e4nsiv\u00e4yl\u00e4","robots":{"index":"index","follow":"follow","max-snippet":"max-snippet:-1","max-image-preview":"max-image-preview:large","max-video-preview":"max-video-preview:-1"},"canonical":"https:\/\/oma.media.fi\/lansivayla\/tietoa-tilauksesta\/","og_locale":"fi_FI","og_type":"article","og_title":"Tietoa tilauksesta","og_description":"on Espoon ja espoolaisuuden ytimess\u00e4 ja kaupunkilaisten runsain, luotettavin, ajankohtaisin ja syv\u00e4llisin tiedonl\u00e4hde. Kerromme, mit\u00e4 Espoossa tapahtuu ja kuka p\u00e4\u00e4tt\u00e4\u00e4 sinun arkeesi vaikuttavista asioista. Tervetuloa asiakaspalveluun Tarjoamme tilauksiin liittyv\u00e4\u00e4 asiakaspalvelua jonottamatta 24\/7 verkossa osoitteessa \/asiakaspalvelu \u2013 k\u00e4y tutustumassa! Joko sinulla on Mediatunnus? Mediatunnus on avain kaikkiin s\u00e4hk\u00f6isiin palveluihimme. Yhdell\u00e4 tunnuksella p\u00e4\u00e4set n\u00e4pp\u00e4r\u00e4sti lukemaan tilaukseesi kuuluvia [&hellip;]","og_url":"https:\/\/oma.media.fi\/lansivayla\/tietoa-tilauksesta\/","og_site_name":"L\u00e4nsiv\u00e4yl\u00e4","article_modified_time":"2024-06-19T07:22:25+00:00","og_image":[{"width":1210,"height":519,"url":"https:\/\/oma.media.fi\/lansivayla\/wp-content\/uploads\/sites\/54\/2024\/01\/1210x519px_mainosratkaisut-copy.jpg","type":"image\/jpeg"}],"twitter_card":"summary_large_image","twitter_misc":{"Arvioitu lukuaika":"2 minuuttia"},"schema":{"@context":"https:\/\/schema.org","@graph":[{"@type":"WebPage","@id":"https:\/\/oma.media.fi\/lansivayla\/tietoa-tilauksesta\/","url":"https:\/\/oma.media.fi\/lansivayla\/tietoa-tilauksesta\/","name":"Tietoa tilauksesta - L\u00e4nsiv\u00e4yl\u00e4","isPartOf":{"@id":"https:\/\/oma.media.fi\/lansivayla\/#website"},"primaryImageOfPage":{"@id":"https:\/\/oma.media.fi\/lansivayla\/tietoa-tilauksesta\/#primaryimage"},"image":{"@id":"https:\/\/oma.media.fi\/lansivayla\/tietoa-tilauksesta\/#primaryimage"},"thumbnailUrl":"https:\/\/oma.media.fi\/lansivayla\/wp-content\/uploads\/sites\/54\/2024\/01\/1210x519px_mainosratkaisut-copy.jpg","datePublished":"2023-12-20T11:40:02+00:00","dateModified":"2024-06-19T07:22:25+00:00","breadcrumb":{"@id":"https:\/\/oma.media.fi\/lansivayla\/tietoa-tilauksesta\/#breadcrumb"},"inLanguage":"fi","potentialAction":[{"@type":"ReadAction","target":["https:\/\/oma.media.fi\/lansivayla\/tietoa-tilauksesta\/"]}]},{"@type":"ImageObject","inLanguage":"fi","@id":"https:\/\/oma.media.fi\/lansivayla\/tietoa-tilauksesta\/#primaryimage","url":"https:\/\/oma.media.fi\/lansivayla\/wp-content\/uploads\/sites\/54\/2024\/01\/1210x519px_mainosratkaisut-copy.jpg","contentUrl":"https:\/\/oma.media.fi\/lansivayla\/wp-content\/uploads\/sites\/54\/2024\/01\/1210x519px_mainosratkaisut-copy.jpg","width":1210,"height":519},{"@type":"BreadcrumbList","@id":"https:\/\/oma.media.fi\/lansivayla\/tietoa-tilauksesta\/#breadcrumb","itemListElement":[{"@type":"ListItem","position":1,"name":"Etusivu","item":"https:\/\/oma.media.fi\/lansivayla\/"},{"@type":"ListItem","position":2,"name":"Tietoa tilauksesta"}]},{"@type":"WebSite","@id":"https:\/\/oma.media.fi\/lansivayla\/#website","url":"https:\/\/oma.media.fi\/lansivayla\/","name":"L\u00e4nsiv\u00e4yl\u00e4","description":"","potentialAction":[{"@type":"SearchAction","target":{"@type":"EntryPoint","urlTemplate":"https:\/\/oma.media.fi\/lansivayla\/?s={search_term_string}"},"query-input":{"@type":"PropertyValueSpecification","valueRequired":true,"valueName":"search_term_string"}}],"inLanguage":"fi"}]}},"publishpress_future_action":{"enabled":false,"date":"2026-05-10 17:21:09","action":"change-status","newStatus":"draft","terms":[],"taxonomy":"","extraData":[]},"publishpress_future_workflow_manual_trigger":{"enabledWorkflows":[]},"_links":{"self":[{"href":"https:\/\/oma.media.fi\/lansivayla\/wp-json\/wp\/v2\/pages\/953","targetHints":{"allow":["GET"]}}],"collection":[{"href":"https:\/\/oma.media.fi\/lansivayla\/wp-json\/wp\/v2\/pages"}],"about":[{"href":"https:\/\/oma.media.fi\/lansivayla\/wp-json\/wp\/v2\/types\/page"}],"author":[{"embeddable":true,"href":"https:\/\/oma.media.fi\/lansivayla\/wp-json\/wp\/v2\/users\/6"}],"replies":[{"embeddable":true,"href":"https:\/\/oma.media.fi\/lansivayla\/wp-json\/wp\/v2\/comments?post=953"}],"version-history":[{"count":7,"href":"https:\/\/oma.media.fi\/lansivayla\/wp-json\/wp\/v2\/pages\/953\/revisions"}],"predecessor-version":[{"id":1183,"href":"https:\/\/oma.media.fi\/lansivayla\/wp-json\/wp\/v2\/pages\/953\/revisions\/1183"}],"wp:featuredmedia":[{"embeddable":true,"href":"https:\/\/oma.media.fi\/lansivayla\/wp-json\/wp\/v2\/media\/999"}],"wp:attachment":[{"href":"https:\/\/oma.media.fi\/lansivayla\/wp-json\/wp\/v2\/media?parent=953"}],"curies":[{"name":"wp","href":"https:\/\/api.w.org\/{rel}","templated":true}]}}