{"id":26,"date":"2018-10-17T13:17:59","date_gmt":"2018-10-17T10:17:59","guid":{"rendered":"https:\/\/oma.media.fi\/laukaa-konnevesi\/yhteystiedot\/"},"modified":"2026-04-13T12:14:22","modified_gmt":"2026-04-13T09:14:22","slug":"yhteystiedot","status":"publish","type":"page","link":"https:\/\/oma.media.fi\/laukaa-konnevesi\/yhteystiedot\/","title":{"rendered":"Yhteystiedot"},"content":{"rendered":"<div class=\"text-block\">\n<h2>Tilaukset<\/h2>\n<p>Digipalvelut, osoitteenmuutokset, jakelunkeskeytykset, asiakastietojen muutokset<br \/>\nsek\u00e4 tilauslaskut ja muut tilauksiin liittyv\u00e4t asiat.<\/p>\n<p><a href=\"https:\/\/oma.media.fi\/laukaa-konnevesi\/\" target=\"_blank\" rel=\"noopener\"><strong>Asiakaspalvelua verkossa 24\/7<\/strong><\/a><\/p>\n<h2>Lukijailmoitukset<\/h2>\n<p>J\u00e4rjest\u00f6ilmoitukset, luokitellut ilmoitukset, perheilmoitukset, kuolinilmoitukset ja surukiitokset<\/p>\n<p><strong>J\u00e4t\u00e4 ilmoitus 24\/7 <\/strong><a href=\"https:\/\/oma.media.fi\/laukaa-konnevesi\/ilmoita\/\" target=\"_blank\" rel=\"noopener\"><strong>laukaa-konnevesi.fi\/ilmoita<\/strong><\/a><\/p>\n<h2>Asiakaspalvelu<\/h2>\n<p>Tilauksiin ja lukijailmoituksiin liittyv\u00e4t asiat.<\/p>\n<p><strong>Puhelinpalvelu <\/strong>014 622 133<br \/>\nAvoinna: ma-pe klo 8.00-18.00<\/p>\n<p>Tallennamme puhelut asiakaspalvelutapahtumien varmentamiseksi<br \/>\nsek\u00e4 asiakaspalvelun koulutusta varten. Puhelun hinta mpm\/pvm, jonotus on maksullista.<\/p>\n<p><a class=\"button\" href=\"https:\/\/oma.media.fi\/laukaa-konnevesi\/yhteystiedot\/ota-yhteytta\/\" target=\"_blank\" rel=\"noopener\">Ota yhteytt\u00e4 asiakaspalveluun<\/a><\/p>\n<\/div>\n<div class=\"text-block\">\n<h2>Jakelu ja jakelup\u00e4ivystys<\/h2>\n<p><a class=\"button\" href=\"https:\/\/oma.media.fi\/laukaa-konnevesi\/yhteystiedot\/jakelupalaute\/\" target=\"_blank\" rel=\"noopener\">Ilmoita jakeluvirheest\u00e4<\/a><\/p>\n<p><strong>Postin varhaisjakelu:<\/strong><br \/>\np. 0200 25200, ark. klo 6.30-16, la klo 7-12, su 8-12<br \/>\n(pvm\/mpm), jonotus on maksullista<\/p>\n<p>Varhaisjakelu toimittaa puuttuneen lehden seuraavan aamun jakelussa.<\/p>\n<\/div>\n<div class=\"text-block\">\n<h2>Medialaskutus<\/h2>\n<p>Ilmoituslaskut<br \/>\np. 09 2730 0230 (pvm\/mpm), ma-pe 9.00-14.00<br \/>\n<a href=\"&#x6d;&#x61;&#105;l&#x74;&#x6f;&#58;&#108;a&#x73;&#x6b;&#117;&#116;u&#x73;&#x2e;&#107;es&#x6b;&#x69;&#115;u&#x6f;&#x6d;&#97;&#108;a&#x69;&#x6e;&#101;&#110;m&#x65;&#x64;&#105;a&#64;&#x6d;&#x65;&#100;i&#x61;&#x2e;&#102;&#105;\">&#x6c;&#97;s&#x6b;&#117;t&#x75;&#x73;&#46;&#x6b;&#x65;&#115;k&#x69;&#115;u&#x6f;&#x6d;&#97;&#x6c;&#x61;&#105;n&#x65;&#110;m&#x65;&#x64;&#105;&#x61;&#x40;&#109;e&#x64;&#105;a&#x2e;&#x66;&#105; <\/a><\/p>\n<\/div>\n<div class=\"text-block\">\n<h2>Mediamyynti<\/h2>\n<h3>Minna Tenhovuo<\/h3>\n<p>Puh. 040 098 7600, <a href=\"&#x6d;&#x61;&#x69;&#x6c;&#x74;&#x6f;&#58;&#109;&#105;&#110;na&#46;t&#x65;&#x6e;&#x68;&#x6f;&#x76;&#x75;&#111;&#64;&#109;&#101;&#100;ia&#46;&#x66;&#x69;\" target=\"_blank\" rel=\"noopener\">m&#105;&#x6e;&#x6e;a&#46;&#116;&#x65;&#x6e;h&#111;&#118;&#x75;&#x6f;&#64;&#109;&#x65;&#x64;&#x69;a&#46;&#x66;&#x69;<\/a><\/p>\n<p>Mediamyynnin yhteystiedot l\u00f6yd\u00e4t <a href=\"https:\/\/meks.fi\/yhteystiedot\/keski-suomi?pg=1\" target=\"_blank\" rel=\"noopener\">mediamyynnin sivuilta<\/a>.<\/p>\n<\/div>\n<div class=\"text-block\">\n<h2>Toimitus<\/h2>\n<p><a href=\"&#x6d;&#x61;&#x69;&#x6c;&#x74;&#x6f;&#58;&#116;&#111;&#105;mitu&#x73;&#x40;&#x6c;&#x61;&#x75;&#x6b;&#97;&#97;&#45;&#107;&#111;nne&#x76;&#x65;&#x73;&#x69;&#x2e;&#x66;&#105;\">&#x74;&#111;&#x69;&#x6d;&#105;&#x74;&#x75;&#115;&#x40;&#x6c;&#97;&#x75;&#x6b;a&#x61;&#x2d;k&#x6f;&#110;n&#x65;&#118;e&#x73;&#105;&#46;&#x66;&#105;<\/a><br \/>\nSuorat s\u00e4hk\u00f6postit: &#101;&#x74;&#117;&#x6e;&#105;&#x6d;&#105;&#x2e;&#115;&#x75;&#107;&#x75;n&#x69;m&#x69;&#64;&#x6c;a&#x75;k&#x61;a&#45;&#x6b;&#111;&#x6e;&#110;&#x65;&#118;&#x65;&#115;&#x69;&#46;&#x66;&#105;<\/p>\n<p>Postiosoite: Laukaantie 26, 41340 Laukaa<\/p>\n<p><a class=\"button\" href=\"https:\/\/oma.media.fi\/laukaa-konnevesi\/yhteystiedot\/juttuvinkki\/\" target=\"_blank\" rel=\"noopener\">J\u00e4t\u00e4 juttuvinkki<\/a><\/p>\n<h3>Jussi Miettinen<\/h3>\n<p><strong>p\u00e4\u00e4toimittaja<\/strong><br \/>\np. 050 467 3681<\/p>\n<p><strong>Toimitus<\/strong><\/p>\n<p><strong>Virpi Korhonen<br \/>\n<\/strong>p. 044\u00a0406 2146<\/p>\n<p><strong>Maria Latokartano<br \/>\n<\/strong>p. 040 671 9700<\/p>\n<p>&#x65;t&#x75;&#110;&#x69;&#109;&#x69;&#x2e;s&#x75;&#107;&#x75;&#110;&#x69;&#109;i&#x40;&#108;&#x61;&#117;&#x6b;&#97;a&#x2d;&#107;&#x6f;&#110;&#x6e;&#101;v&#x65;s&#x69;&#46;&#x66;&#105;<\/p>\n<p>Kaikki sis\u00e4ll\u00f6t voidaan julkaista kaikissa Mediakonserni Keskisuomalaisen medioissa.<\/p>\n<\/div>\n<div class=\"text-block\">\n<h3>Vaihde<\/h3>\n<p>p. 014 622 000, ma-pe klo 8.30 &#8211; 16.00<\/p>\n<\/div>\n<div class=\"text-block\">\n<h2>Sosiaalinen media<\/h2>\n<p><a href=\"https:\/\/www.facebook.com\/LaukaaKonnevesi\" target=\"_blank\" rel=\"noopener noreferrer\">Facebook<\/a><\/p>\n<\/div>\n<div class=\"text-block\">\n<h2>Palaute<\/h2>\n<p><a class=\"button\" href=\"https:\/\/oma.media.fi\/laukaa-konnevesi\/yhteystiedot\/anna-palautetta\/\" target=\"_blank\" rel=\"noopener\">Anna palautetta<\/a><\/p>\n<\/div>\n","protected":false},"excerpt":{"rendered":"<p>Tilaukset Digipalvelut, osoitteenmuutokset, jakelunkeskeytykset, asiakastietojen muutokset sek\u00e4 tilauslaskut ja muut tilauksiin liittyv\u00e4t asiat. Asiakaspalvelua verkossa 24\/7 Lukijailmoitukset J\u00e4rjest\u00f6ilmoitukset, luokitellut ilmoitukset, perheilmoitukset, kuolinilmoitukset ja surukiitokset J\u00e4t\u00e4 ilmoitus 24\/7 laukaa-konnevesi.fi\/ilmoita Asiakaspalvelu Tilauksiin ja lukijailmoituksiin liittyv\u00e4t asiat. Puhelinpalvelu 014 622 133 Avoinna: ma-pe klo 8.00-18.00 Tallennamme puhelut asiakaspalvelutapahtumien varmentamiseksi sek\u00e4 asiakaspalvelun koulutusta varten. Puhelun hinta mpm\/pvm, jonotus on [&hellip;]<\/p>\n","protected":false},"author":1,"featured_media":0,"parent":0,"menu_order":0,"comment_status":"closed","ping_status":"closed","template":"","meta":{"_acf_changed":false,"footnotes":""},"class_list":["post-26","page","type-page","status-publish","hentry"],"acf":[],"yoast_head":"<!-- This site is optimized with the Yoast SEO plugin v26.2 - https:\/\/yoast.com\/wordpress\/plugins\/seo\/ -->\n<title>Yhteystiedot - Laukaa-Konnevesi<\/title>\n<meta name=\"description\" content=\"Etsitk\u00f6 yhteystietoja vai haluatko antaa palautetta? Mediatalo Keskisuomalaisen asiakaspalveluiden yhteystiedot, palautekanavat ja juttuvinkit.\" \/>\n<meta name=\"robots\" content=\"index, follow, max-snippet:-1, max-image-preview:large, max-video-preview:-1\" \/>\n<link rel=\"canonical\" href=\"https:\/\/oma.media.fi\/laukaa-konnevesi\/yhteystiedot\/\" \/>\n<meta property=\"og:locale\" content=\"fi_FI\" \/>\n<meta property=\"og:type\" content=\"article\" \/>\n<meta property=\"og:title\" content=\"Yhteystiedot\" \/>\n<meta property=\"og:description\" content=\"Etsitk\u00f6 yhteystietoja vai haluatko antaa palautetta? Mediatalo Keskisuomalaisen asiakaspalveluiden yhteystiedot, palautekanavat ja juttuvinkit.\" \/>\n<meta property=\"og:url\" content=\"https:\/\/oma.media.fi\/laukaa-konnevesi\/yhteystiedot\/\" \/>\n<meta property=\"og:site_name\" content=\"Laukaa-Konnevesi\" \/>\n<meta property=\"article:modified_time\" content=\"2026-04-13T09:14:22+00:00\" \/>\n<meta name=\"twitter:card\" content=\"summary_large_image\" \/>\n<meta name=\"twitter:label1\" content=\"Arvioitu lukuaika\" \/>\n\t<meta name=\"twitter:data1\" content=\"2 minuuttia\" \/>\n<script type=\"application\/ld+json\" class=\"yoast-schema-graph\">{\"@context\":\"https:\/\/schema.org\",\"@graph\":[{\"@type\":\"WebPage\",\"@id\":\"https:\/\/oma.media.fi\/laukaa-konnevesi\/yhteystiedot\/\",\"url\":\"https:\/\/oma.media.fi\/laukaa-konnevesi\/yhteystiedot\/\",\"name\":\"Yhteystiedot - Laukaa-Konnevesi\",\"isPartOf\":{\"@id\":\"https:\/\/oma.media.fi\/laukaa-konnevesi\/#website\"},\"datePublished\":\"2018-10-17T10:17:59+00:00\",\"dateModified\":\"2026-04-13T09:14:22+00:00\",\"description\":\"Etsitk\u00f6 yhteystietoja vai haluatko antaa palautetta? Mediatalo Keskisuomalaisen asiakaspalveluiden yhteystiedot, palautekanavat ja juttuvinkit.\",\"breadcrumb\":{\"@id\":\"https:\/\/oma.media.fi\/laukaa-konnevesi\/yhteystiedot\/#breadcrumb\"},\"inLanguage\":\"fi\",\"potentialAction\":[{\"@type\":\"ReadAction\",\"target\":[\"https:\/\/oma.media.fi\/laukaa-konnevesi\/yhteystiedot\/\"]}]},{\"@type\":\"BreadcrumbList\",\"@id\":\"https:\/\/oma.media.fi\/laukaa-konnevesi\/yhteystiedot\/#breadcrumb\",\"itemListElement\":[{\"@type\":\"ListItem\",\"position\":1,\"name\":\"Etusivu\",\"item\":\"https:\/\/oma.media.fi\/laukaa-konnevesi\/\"},{\"@type\":\"ListItem\",\"position\":2,\"name\":\"Yhteystiedot\"}]},{\"@type\":\"WebSite\",\"@id\":\"https:\/\/oma.media.fi\/laukaa-konnevesi\/#website\",\"url\":\"https:\/\/oma.media.fi\/laukaa-konnevesi\/\",\"name\":\"Laukaa-Konnevesi\",\"description\":\"\",\"potentialAction\":[{\"@type\":\"SearchAction\",\"target\":{\"@type\":\"EntryPoint\",\"urlTemplate\":\"https:\/\/oma.media.fi\/laukaa-konnevesi\/?s={search_term_string}\"},\"query-input\":{\"@type\":\"PropertyValueSpecification\",\"valueRequired\":true,\"valueName\":\"search_term_string\"}}],\"inLanguage\":\"fi\"}]}<\/script>\n<!-- \/ Yoast SEO plugin. -->","yoast_head_json":{"title":"Yhteystiedot - Laukaa-Konnevesi","description":"Etsitk\u00f6 yhteystietoja vai haluatko antaa palautetta? Mediatalo Keskisuomalaisen asiakaspalveluiden yhteystiedot, palautekanavat ja juttuvinkit.","robots":{"index":"index","follow":"follow","max-snippet":"max-snippet:-1","max-image-preview":"max-image-preview:large","max-video-preview":"max-video-preview:-1"},"canonical":"https:\/\/oma.media.fi\/laukaa-konnevesi\/yhteystiedot\/","og_locale":"fi_FI","og_type":"article","og_title":"Yhteystiedot","og_description":"Etsitk\u00f6 yhteystietoja vai haluatko antaa palautetta? Mediatalo Keskisuomalaisen asiakaspalveluiden yhteystiedot, palautekanavat ja juttuvinkit.","og_url":"https:\/\/oma.media.fi\/laukaa-konnevesi\/yhteystiedot\/","og_site_name":"Laukaa-Konnevesi","article_modified_time":"2026-04-13T09:14:22+00:00","twitter_card":"summary_large_image","twitter_misc":{"Arvioitu lukuaika":"2 minuuttia"},"schema":{"@context":"https:\/\/schema.org","@graph":[{"@type":"WebPage","@id":"https:\/\/oma.media.fi\/laukaa-konnevesi\/yhteystiedot\/","url":"https:\/\/oma.media.fi\/laukaa-konnevesi\/yhteystiedot\/","name":"Yhteystiedot - Laukaa-Konnevesi","isPartOf":{"@id":"https:\/\/oma.media.fi\/laukaa-konnevesi\/#website"},"datePublished":"2018-10-17T10:17:59+00:00","dateModified":"2026-04-13T09:14:22+00:00","description":"Etsitk\u00f6 yhteystietoja vai haluatko antaa palautetta? Mediatalo Keskisuomalaisen asiakaspalveluiden yhteystiedot, palautekanavat ja juttuvinkit.","breadcrumb":{"@id":"https:\/\/oma.media.fi\/laukaa-konnevesi\/yhteystiedot\/#breadcrumb"},"inLanguage":"fi","potentialAction":[{"@type":"ReadAction","target":["https:\/\/oma.media.fi\/laukaa-konnevesi\/yhteystiedot\/"]}]},{"@type":"BreadcrumbList","@id":"https:\/\/oma.media.fi\/laukaa-konnevesi\/yhteystiedot\/#breadcrumb","itemListElement":[{"@type":"ListItem","position":1,"name":"Etusivu","item":"https:\/\/oma.media.fi\/laukaa-konnevesi\/"},{"@type":"ListItem","position":2,"name":"Yhteystiedot"}]},{"@type":"WebSite","@id":"https:\/\/oma.media.fi\/laukaa-konnevesi\/#website","url":"https:\/\/oma.media.fi\/laukaa-konnevesi\/","name":"Laukaa-Konnevesi","description":"","potentialAction":[{"@type":"SearchAction","target":{"@type":"EntryPoint","urlTemplate":"https:\/\/oma.media.fi\/laukaa-konnevesi\/?s={search_term_string}"},"query-input":{"@type":"PropertyValueSpecification","valueRequired":true,"valueName":"search_term_string"}}],"inLanguage":"fi"}]}},"publishpress_future_action":{"enabled":false,"date":"2026-05-08 05:55:12","action":"change-status","newStatus":"draft","terms":[],"taxonomy":"","extraData":[]},"publishpress_future_workflow_manual_trigger":{"enabledWorkflows":[]},"_links":{"self":[{"href":"https:\/\/oma.media.fi\/laukaa-konnevesi\/wp-json\/wp\/v2\/pages\/26","targetHints":{"allow":["GET"]}}],"collection":[{"href":"https:\/\/oma.media.fi\/laukaa-konnevesi\/wp-json\/wp\/v2\/pages"}],"about":[{"href":"https:\/\/oma.media.fi\/laukaa-konnevesi\/wp-json\/wp\/v2\/types\/page"}],"author":[{"embeddable":true,"href":"https:\/\/oma.media.fi\/laukaa-konnevesi\/wp-json\/wp\/v2\/users\/1"}],"replies":[{"embeddable":true,"href":"https:\/\/oma.media.fi\/laukaa-konnevesi\/wp-json\/wp\/v2\/comments?post=26"}],"version-history":[{"count":93,"href":"https:\/\/oma.media.fi\/laukaa-konnevesi\/wp-json\/wp\/v2\/pages\/26\/revisions"}],"predecessor-version":[{"id":3481,"href":"https:\/\/oma.media.fi\/laukaa-konnevesi\/wp-json\/wp\/v2\/pages\/26\/revisions\/3481"}],"wp:attachment":[{"href":"https:\/\/oma.media.fi\/laukaa-konnevesi\/wp-json\/wp\/v2\/media?parent=26"}],"curies":[{"name":"wp","href":"https:\/\/api.w.org\/{rel}","templated":true}]}}