{"id":3068,"date":"2018-11-01T10:24:48","date_gmt":"2018-11-01T08:24:48","guid":{"rendered":"https:\/\/oma.media.fi\/laukaa-konnevesi\/edut\/tietoa-kestotilaajan-eduista\/"},"modified":"2022-02-01T09:55:01","modified_gmt":"2022-02-01T07:55:01","slug":"tietoa-kestotilaajan-eduista","status":"publish","type":"page","link":"https:\/\/oma.media.fi\/laukaa-konnevesi\/edut\/tietoa-kestotilaajan-eduista\/","title":{"rendered":"Tietoa kestotilaajan eduista"},"content":{"rendered":"<h2>Mik\u00e4 on kestoasiakas?<\/h2>\n<p>Kestoasiakas on tilaaja, joka on tilannut Laukaa-Konnevesi -lehden jatkuvana digitilauksena tai lehti ja digi -tilauksena.<\/p>\n<h2>Mit\u00e4 saan kestoasiakkaana?<\/h2>\n<p>Jatkuva eli kestotilaus on voimassa niin kauan kuin itse haluat. Jatkuva tilaus on aina pitk\u00e4ll\u00e4 t\u00e4ht\u00e4imell\u00e4 paras tilausvaihtoehto. Se joustaa monella tapaa tilanteesi mukaan. Jatkuvan tilauksen voi keskeytt\u00e4\u00e4 esimerkiksi lomamatkan ajaksi tai sen maksut voi jakaa lyhyempiin maksuv\u00e4leihin ja t\u00e4ll\u00f6in kertamaksu on pienempi. Voimme halutessasi my\u00f6s muuttaa tilausmuotoa palvelemaan tarpeitasi paremmin. Lis\u00e4ksi saat k\u00e4ytt\u00f6\u00f6si kaikki tilaajan edut.<\/p>\n<p>Kestotilaajana saat lehtesi edullisimpaan hintaan ja voit lis\u00e4ksi tehd\u00e4 edullisen lahjatilauksen yst\u00e4v\u00e4llesi. Lis\u00e4ksi saat alennusta lukijailmoituksista. Kestotilaajana voit laittaa painetun lehtesi tauolle lomasi ajaksi ja keskeytysaika hyvitet\u00e4\u00e4n t\u00e4ysim\u00e4\u00e4r\u00e4isen\u00e4 (digitilausta ei voi laittaa tauolle).<\/p>\n<p><a class=\"button\" href=\"https:\/\/oma.media.fi\/laukaa-konnevesi\/edut\/\">Katso ajankohtaiset edut<\/a><\/p>\n","protected":false},"excerpt":{"rendered":"<p>Mik\u00e4 on kestoasiakas? Kestoasiakas on tilaaja, joka on tilannut Laukaa-Konnevesi -lehden jatkuvana digitilauksena tai lehti ja digi -tilauksena. Mit\u00e4 saan kestoasiakkaana? Jatkuva eli kestotilaus on voimassa niin kauan kuin itse haluat. Jatkuva tilaus on aina pitk\u00e4ll\u00e4 t\u00e4ht\u00e4imell\u00e4 paras tilausvaihtoehto. Se joustaa monella tapaa tilanteesi mukaan. Jatkuvan tilauksen voi keskeytt\u00e4\u00e4 esimerkiksi lomamatkan ajaksi tai sen maksut [&hellip;]<\/p>\n","protected":false},"author":1,"featured_media":12733,"parent":42,"menu_order":0,"comment_status":"closed","ping_status":"closed","template":"","meta":{"_acf_changed":false,"footnotes":""},"class_list":["post-3068","page","type-page","status-publish","has-post-thumbnail","hentry"],"acf":[],"yoast_head":"<!-- This site is optimized with the Yoast SEO plugin v26.2 - https:\/\/yoast.com\/wordpress\/plugins\/seo\/ -->\n<title>Tietoa kestotilaajan eduista - Laukaa-Konnevesi<\/title>\n<meta name=\"robots\" content=\"index, follow, max-snippet:-1, max-image-preview:large, max-video-preview:-1\" \/>\n<link rel=\"canonical\" href=\"https:\/\/oma.media.fi\/laukaa-konnevesi\/edut\/tietoa-kestotilaajan-eduista\/\" \/>\n<meta property=\"og:locale\" content=\"fi_FI\" \/>\n<meta property=\"og:type\" content=\"article\" \/>\n<meta property=\"og:title\" content=\"Tietoa kestotilaajan eduista\" \/>\n<meta property=\"og:description\" content=\"Mik\u00e4 on kestoasiakas? Kestoasiakas on tilaaja, joka on tilannut Laukaa-Konnevesi -lehden jatkuvana digitilauksena tai lehti ja digi -tilauksena. Mit\u00e4 saan kestoasiakkaana? Jatkuva eli kestotilaus on voimassa niin kauan kuin itse haluat. Jatkuva tilaus on aina pitk\u00e4ll\u00e4 t\u00e4ht\u00e4imell\u00e4 paras tilausvaihtoehto. Se joustaa monella tapaa tilanteesi mukaan. Jatkuvan tilauksen voi keskeytt\u00e4\u00e4 esimerkiksi lomamatkan ajaksi tai sen maksut [&hellip;]\" \/>\n<meta property=\"og:url\" content=\"https:\/\/oma.media.fi\/laukaa-konnevesi\/edut\/tietoa-kestotilaajan-eduista\/\" \/>\n<meta property=\"og:site_name\" content=\"Laukaa-Konnevesi\" \/>\n<meta property=\"article:modified_time\" content=\"2022-02-01T07:55:01+00:00\" \/>\n<meta property=\"og:image\" content=\"https:\/\/oma.media.fi\/laukaa-konnevesi\/wp-content\/uploads\/sites\/13\/2022\/02\/600x300_printti_mobiili_pariskunta-002.jpg\" \/>\n\t<meta property=\"og:image:width\" content=\"600\" \/>\n\t<meta property=\"og:image:height\" content=\"300\" \/>\n\t<meta property=\"og:image:type\" content=\"image\/jpeg\" \/>\n<meta name=\"twitter:card\" content=\"summary_large_image\" \/>\n<meta name=\"twitter:label1\" content=\"Arvioitu lukuaika\" \/>\n\t<meta name=\"twitter:data1\" content=\"1 minuutti\" \/>\n<script type=\"application\/ld+json\" class=\"yoast-schema-graph\">{\"@context\":\"https:\/\/schema.org\",\"@graph\":[{\"@type\":\"WebPage\",\"@id\":\"https:\/\/oma.media.fi\/laukaa-konnevesi\/edut\/tietoa-kestotilaajan-eduista\/\",\"url\":\"https:\/\/oma.media.fi\/laukaa-konnevesi\/edut\/tietoa-kestotilaajan-eduista\/\",\"name\":\"Tietoa kestotilaajan eduista - Laukaa-Konnevesi\",\"isPartOf\":{\"@id\":\"https:\/\/oma.media.fi\/laukaa-konnevesi\/#website\"},\"primaryImageOfPage\":{\"@id\":\"https:\/\/oma.media.fi\/laukaa-konnevesi\/edut\/tietoa-kestotilaajan-eduista\/#primaryimage\"},\"image\":{\"@id\":\"https:\/\/oma.media.fi\/laukaa-konnevesi\/edut\/tietoa-kestotilaajan-eduista\/#primaryimage\"},\"thumbnailUrl\":\"https:\/\/oma.media.fi\/laukaa-konnevesi\/wp-content\/uploads\/sites\/13\/2022\/02\/600x300_printti_mobiili_pariskunta-002.jpg\",\"datePublished\":\"2018-11-01T08:24:48+00:00\",\"dateModified\":\"2022-02-01T07:55:01+00:00\",\"breadcrumb\":{\"@id\":\"https:\/\/oma.media.fi\/laukaa-konnevesi\/edut\/tietoa-kestotilaajan-eduista\/#breadcrumb\"},\"inLanguage\":\"fi\",\"potentialAction\":[{\"@type\":\"ReadAction\",\"target\":[\"https:\/\/oma.media.fi\/laukaa-konnevesi\/edut\/tietoa-kestotilaajan-eduista\/\"]}]},{\"@type\":\"ImageObject\",\"inLanguage\":\"fi\",\"@id\":\"https:\/\/oma.media.fi\/laukaa-konnevesi\/edut\/tietoa-kestotilaajan-eduista\/#primaryimage\",\"url\":\"https:\/\/oma.media.fi\/laukaa-konnevesi\/wp-content\/uploads\/sites\/13\/2022\/02\/600x300_printti_mobiili_pariskunta-002.jpg\",\"contentUrl\":\"https:\/\/oma.media.fi\/laukaa-konnevesi\/wp-content\/uploads\/sites\/13\/2022\/02\/600x300_printti_mobiili_pariskunta-002.jpg\",\"width\":600,\"height\":300},{\"@type\":\"BreadcrumbList\",\"@id\":\"https:\/\/oma.media.fi\/laukaa-konnevesi\/edut\/tietoa-kestotilaajan-eduista\/#breadcrumb\",\"itemListElement\":[{\"@type\":\"ListItem\",\"position\":1,\"name\":\"Etusivu\",\"item\":\"https:\/\/oma.media.fi\/laukaa-konnevesi\/\"},{\"@type\":\"ListItem\",\"position\":2,\"name\":\"Tilaajan edut\",\"item\":\"https:\/\/oma.media.fi\/laukaa-konnevesi\/edut\/\"},{\"@type\":\"ListItem\",\"position\":3,\"name\":\"Tietoa kestotilaajan eduista\"}]},{\"@type\":\"WebSite\",\"@id\":\"https:\/\/oma.media.fi\/laukaa-konnevesi\/#website\",\"url\":\"https:\/\/oma.media.fi\/laukaa-konnevesi\/\",\"name\":\"Laukaa-Konnevesi\",\"description\":\"\",\"potentialAction\":[{\"@type\":\"SearchAction\",\"target\":{\"@type\":\"EntryPoint\",\"urlTemplate\":\"https:\/\/oma.media.fi\/laukaa-konnevesi\/?s={search_term_string}\"},\"query-input\":{\"@type\":\"PropertyValueSpecification\",\"valueRequired\":true,\"valueName\":\"search_term_string\"}}],\"inLanguage\":\"fi\"}]}<\/script>\n<!-- \/ Yoast SEO plugin. -->","yoast_head_json":{"title":"Tietoa kestotilaajan eduista - Laukaa-Konnevesi","robots":{"index":"index","follow":"follow","max-snippet":"max-snippet:-1","max-image-preview":"max-image-preview:large","max-video-preview":"max-video-preview:-1"},"canonical":"https:\/\/oma.media.fi\/laukaa-konnevesi\/edut\/tietoa-kestotilaajan-eduista\/","og_locale":"fi_FI","og_type":"article","og_title":"Tietoa kestotilaajan eduista","og_description":"Mik\u00e4 on kestoasiakas? Kestoasiakas on tilaaja, joka on tilannut Laukaa-Konnevesi -lehden jatkuvana digitilauksena tai lehti ja digi -tilauksena. Mit\u00e4 saan kestoasiakkaana? Jatkuva eli kestotilaus on voimassa niin kauan kuin itse haluat. Jatkuva tilaus on aina pitk\u00e4ll\u00e4 t\u00e4ht\u00e4imell\u00e4 paras tilausvaihtoehto. Se joustaa monella tapaa tilanteesi mukaan. Jatkuvan tilauksen voi keskeytt\u00e4\u00e4 esimerkiksi lomamatkan ajaksi tai sen maksut [&hellip;]","og_url":"https:\/\/oma.media.fi\/laukaa-konnevesi\/edut\/tietoa-kestotilaajan-eduista\/","og_site_name":"Laukaa-Konnevesi","article_modified_time":"2022-02-01T07:55:01+00:00","og_image":[{"width":600,"height":300,"url":"https:\/\/oma.media.fi\/laukaa-konnevesi\/wp-content\/uploads\/sites\/13\/2022\/02\/600x300_printti_mobiili_pariskunta-002.jpg","type":"image\/jpeg"}],"twitter_card":"summary_large_image","twitter_misc":{"Arvioitu lukuaika":"1 minuutti"},"schema":{"@context":"https:\/\/schema.org","@graph":[{"@type":"WebPage","@id":"https:\/\/oma.media.fi\/laukaa-konnevesi\/edut\/tietoa-kestotilaajan-eduista\/","url":"https:\/\/oma.media.fi\/laukaa-konnevesi\/edut\/tietoa-kestotilaajan-eduista\/","name":"Tietoa kestotilaajan eduista - Laukaa-Konnevesi","isPartOf":{"@id":"https:\/\/oma.media.fi\/laukaa-konnevesi\/#website"},"primaryImageOfPage":{"@id":"https:\/\/oma.media.fi\/laukaa-konnevesi\/edut\/tietoa-kestotilaajan-eduista\/#primaryimage"},"image":{"@id":"https:\/\/oma.media.fi\/laukaa-konnevesi\/edut\/tietoa-kestotilaajan-eduista\/#primaryimage"},"thumbnailUrl":"https:\/\/oma.media.fi\/laukaa-konnevesi\/wp-content\/uploads\/sites\/13\/2022\/02\/600x300_printti_mobiili_pariskunta-002.jpg","datePublished":"2018-11-01T08:24:48+00:00","dateModified":"2022-02-01T07:55:01+00:00","breadcrumb":{"@id":"https:\/\/oma.media.fi\/laukaa-konnevesi\/edut\/tietoa-kestotilaajan-eduista\/#breadcrumb"},"inLanguage":"fi","potentialAction":[{"@type":"ReadAction","target":["https:\/\/oma.media.fi\/laukaa-konnevesi\/edut\/tietoa-kestotilaajan-eduista\/"]}]},{"@type":"ImageObject","inLanguage":"fi","@id":"https:\/\/oma.media.fi\/laukaa-konnevesi\/edut\/tietoa-kestotilaajan-eduista\/#primaryimage","url":"https:\/\/oma.media.fi\/laukaa-konnevesi\/wp-content\/uploads\/sites\/13\/2022\/02\/600x300_printti_mobiili_pariskunta-002.jpg","contentUrl":"https:\/\/oma.media.fi\/laukaa-konnevesi\/wp-content\/uploads\/sites\/13\/2022\/02\/600x300_printti_mobiili_pariskunta-002.jpg","width":600,"height":300},{"@type":"BreadcrumbList","@id":"https:\/\/oma.media.fi\/laukaa-konnevesi\/edut\/tietoa-kestotilaajan-eduista\/#breadcrumb","itemListElement":[{"@type":"ListItem","position":1,"name":"Etusivu","item":"https:\/\/oma.media.fi\/laukaa-konnevesi\/"},{"@type":"ListItem","position":2,"name":"Tilaajan edut","item":"https:\/\/oma.media.fi\/laukaa-konnevesi\/edut\/"},{"@type":"ListItem","position":3,"name":"Tietoa kestotilaajan eduista"}]},{"@type":"WebSite","@id":"https:\/\/oma.media.fi\/laukaa-konnevesi\/#website","url":"https:\/\/oma.media.fi\/laukaa-konnevesi\/","name":"Laukaa-Konnevesi","description":"","potentialAction":[{"@type":"SearchAction","target":{"@type":"EntryPoint","urlTemplate":"https:\/\/oma.media.fi\/laukaa-konnevesi\/?s={search_term_string}"},"query-input":{"@type":"PropertyValueSpecification","valueRequired":true,"valueName":"search_term_string"}}],"inLanguage":"fi"}]}},"publishpress_future_action":{"enabled":false,"date":"2026-05-07 01:59:16","action":"change-status","newStatus":"draft","terms":[],"taxonomy":"","extraData":[]},"publishpress_future_workflow_manual_trigger":{"enabledWorkflows":[]},"_links":{"self":[{"href":"https:\/\/oma.media.fi\/laukaa-konnevesi\/wp-json\/wp\/v2\/pages\/3068","targetHints":{"allow":["GET"]}}],"collection":[{"href":"https:\/\/oma.media.fi\/laukaa-konnevesi\/wp-json\/wp\/v2\/pages"}],"about":[{"href":"https:\/\/oma.media.fi\/laukaa-konnevesi\/wp-json\/wp\/v2\/types\/page"}],"author":[{"embeddable":true,"href":"https:\/\/oma.media.fi\/laukaa-konnevesi\/wp-json\/wp\/v2\/users\/1"}],"replies":[{"embeddable":true,"href":"https:\/\/oma.media.fi\/laukaa-konnevesi\/wp-json\/wp\/v2\/comments?post=3068"}],"version-history":[{"count":16,"href":"https:\/\/oma.media.fi\/laukaa-konnevesi\/wp-json\/wp\/v2\/pages\/3068\/revisions"}],"predecessor-version":[{"id":12667,"href":"https:\/\/oma.media.fi\/laukaa-konnevesi\/wp-json\/wp\/v2\/pages\/3068\/revisions\/12667"}],"up":[{"embeddable":true,"href":"https:\/\/oma.media.fi\/laukaa-konnevesi\/wp-json\/wp\/v2\/pages\/42"}],"wp:featuredmedia":[{"embeddable":true,"href":"https:\/\/oma.media.fi\/laukaa-konnevesi\/wp-json\/wp\/v2\/media\/12733"}],"wp:attachment":[{"href":"https:\/\/oma.media.fi\/laukaa-konnevesi\/wp-json\/wp\/v2\/media?parent=3068"}],"curies":[{"name":"wp","href":"https:\/\/api.w.org\/{rel}","templated":true}]}}