{"id":539,"date":"2018-11-20T12:56:32","date_gmt":"2018-11-20T09:56:32","guid":{"rendered":"https:\/\/oma.media.fi\/laukaa-konnevesi\/jakelunkeskeytysehdot\/"},"modified":"2023-05-15T09:29:40","modified_gmt":"2023-05-15T06:29:40","slug":"jakelunkeskeytysehdot","status":"publish","type":"page","link":"https:\/\/oma.media.fi\/laukaa-konnevesi\/jakelunkeskeytysehdot\/","title":{"rendered":"Jakelunkeskeytysehdot"},"content":{"rendered":"<p>Asiakas voi keskeytt\u00e4\u00e4 paperilehden jakelun m\u00e4\u00e4r\u00e4ajaksi. Jakelunkeskeytyksen voi tehd\u00e4 v\u00e4hint\u00e4\u00e4n 2 p\u00e4iv\u00e4ksi ja enint\u00e4\u00e4n 6 kuukaudeksi.<\/p>\n<p><strong>Digitaalisen lehden lukuoikeus j\u00e4\u00e4 voimaan painetun lehden jakelunkeskeytyksen ajaksi.\u00a0<\/strong><\/p>\n<p>Pelk\u00e4n digitaalisen tuotteen tilausta ei voi keskeytt\u00e4\u00e4.<\/p>\n<p>&nbsp;<\/p>\n<p><strong>Jatkuvat tilaukset<\/strong><\/p>\n<p>Tilaukseen kuuluva digitaalinen lukuoikeus j\u00e4\u00e4 voimaan painetun lehden jakelunkeskeytyksen ajaksi. Jatkuvassa kestotilauksessa keskeytys hyvitet\u00e4\u00e4n tilausaikana painetun lehden osalta siirt\u00e4m\u00e4ll\u00e4 seuraavan laskutusjakson alkua eteenp\u00e4in.<\/p>\n<p>&nbsp;<\/p>\n<p><strong>M\u00e4\u00e4r\u00e4aikaistilaukset<\/strong><\/p>\n<p>M\u00e4\u00e4r\u00e4aikaisessa tilauksessa keskeytysaikaa ei hyvitet\u00e4.<\/p>\n","protected":false},"excerpt":{"rendered":"<p>Asiakas voi keskeytt\u00e4\u00e4 paperilehden jakelun m\u00e4\u00e4r\u00e4ajaksi. Jakelunkeskeytyksen voi tehd\u00e4 v\u00e4hint\u00e4\u00e4n 2 p\u00e4iv\u00e4ksi ja enint\u00e4\u00e4n 6 kuukaudeksi. Digitaalisen lehden lukuoikeus j\u00e4\u00e4 voimaan painetun lehden jakelunkeskeytyksen ajaksi.\u00a0 Pelk\u00e4n digitaalisen tuotteen tilausta ei voi keskeytt\u00e4\u00e4. &nbsp; Jatkuvat tilaukset Tilaukseen kuuluva digitaalinen lukuoikeus j\u00e4\u00e4 voimaan painetun lehden jakelunkeskeytyksen ajaksi. Jatkuvassa kestotilauksessa keskeytys hyvitet\u00e4\u00e4n tilausaikana painetun lehden osalta siirt\u00e4m\u00e4ll\u00e4 seuraavan [&hellip;]<\/p>\n","protected":false},"author":1,"featured_media":0,"parent":0,"menu_order":0,"comment_status":"closed","ping_status":"closed","template":"","meta":{"_acf_changed":false,"footnotes":""},"class_list":["post-539","page","type-page","status-publish","hentry"],"acf":[],"yoast_head":"<!-- This site is optimized with the Yoast SEO plugin v26.2 - https:\/\/yoast.com\/wordpress\/plugins\/seo\/ -->\n<title>Jakelunkeskeytysehdot - Laukaa-Konnevesi<\/title>\n<meta name=\"description\" content=\"Asiakas voi keskeytt\u00e4\u00e4 paperilehden jakelun m\u00e4\u00e4r\u00e4ajaksi. Verkon kautta jakelunkeskeytyksen voi tehd\u00e4 v\u00e4hint\u00e4\u00e4n 3 p\u00e4iv\u00e4ksi ja enint\u00e4\u00e4n 3 kuukaudeksi.\" \/>\n<meta name=\"robots\" content=\"index, follow, max-snippet:-1, max-image-preview:large, max-video-preview:-1\" \/>\n<link rel=\"canonical\" href=\"https:\/\/oma.media.fi\/laukaa-konnevesi\/jakelunkeskeytysehdot\/\" \/>\n<meta property=\"og:locale\" content=\"fi_FI\" \/>\n<meta property=\"og:type\" content=\"article\" \/>\n<meta property=\"og:title\" content=\"Jakelunkeskeytysehdot\" \/>\n<meta property=\"og:description\" content=\"Asiakas voi keskeytt\u00e4\u00e4 paperilehden jakelun m\u00e4\u00e4r\u00e4ajaksi. Verkon kautta jakelunkeskeytyksen voi tehd\u00e4 v\u00e4hint\u00e4\u00e4n 3 p\u00e4iv\u00e4ksi ja enint\u00e4\u00e4n 3 kuukaudeksi.\" \/>\n<meta property=\"og:url\" content=\"https:\/\/oma.media.fi\/laukaa-konnevesi\/jakelunkeskeytysehdot\/\" \/>\n<meta property=\"og:site_name\" content=\"Laukaa-Konnevesi\" \/>\n<meta property=\"article:modified_time\" content=\"2023-05-15T06:29:40+00:00\" \/>\n<meta name=\"twitter:card\" content=\"summary_large_image\" \/>\n<meta name=\"twitter:label1\" content=\"Arvioitu lukuaika\" \/>\n\t<meta name=\"twitter:data1\" content=\"1 minuutti\" \/>\n<script type=\"application\/ld+json\" class=\"yoast-schema-graph\">{\"@context\":\"https:\/\/schema.org\",\"@graph\":[{\"@type\":\"WebPage\",\"@id\":\"https:\/\/oma.media.fi\/laukaa-konnevesi\/jakelunkeskeytysehdot\/\",\"url\":\"https:\/\/oma.media.fi\/laukaa-konnevesi\/jakelunkeskeytysehdot\/\",\"name\":\"Jakelunkeskeytysehdot - Laukaa-Konnevesi\",\"isPartOf\":{\"@id\":\"https:\/\/oma.media.fi\/laukaa-konnevesi\/#website\"},\"datePublished\":\"2018-11-20T09:56:32+00:00\",\"dateModified\":\"2023-05-15T06:29:40+00:00\",\"description\":\"Asiakas voi keskeytt\u00e4\u00e4 paperilehden jakelun m\u00e4\u00e4r\u00e4ajaksi. Verkon kautta jakelunkeskeytyksen voi tehd\u00e4 v\u00e4hint\u00e4\u00e4n 3 p\u00e4iv\u00e4ksi ja enint\u00e4\u00e4n 3 kuukaudeksi.\",\"breadcrumb\":{\"@id\":\"https:\/\/oma.media.fi\/laukaa-konnevesi\/jakelunkeskeytysehdot\/#breadcrumb\"},\"inLanguage\":\"fi\",\"potentialAction\":[{\"@type\":\"ReadAction\",\"target\":[\"https:\/\/oma.media.fi\/laukaa-konnevesi\/jakelunkeskeytysehdot\/\"]}]},{\"@type\":\"BreadcrumbList\",\"@id\":\"https:\/\/oma.media.fi\/laukaa-konnevesi\/jakelunkeskeytysehdot\/#breadcrumb\",\"itemListElement\":[{\"@type\":\"ListItem\",\"position\":1,\"name\":\"Etusivu\",\"item\":\"https:\/\/oma.media.fi\/laukaa-konnevesi\/\"},{\"@type\":\"ListItem\",\"position\":2,\"name\":\"Jakelunkeskeytysehdot\"}]},{\"@type\":\"WebSite\",\"@id\":\"https:\/\/oma.media.fi\/laukaa-konnevesi\/#website\",\"url\":\"https:\/\/oma.media.fi\/laukaa-konnevesi\/\",\"name\":\"Laukaa-Konnevesi\",\"description\":\"\",\"potentialAction\":[{\"@type\":\"SearchAction\",\"target\":{\"@type\":\"EntryPoint\",\"urlTemplate\":\"https:\/\/oma.media.fi\/laukaa-konnevesi\/?s={search_term_string}\"},\"query-input\":{\"@type\":\"PropertyValueSpecification\",\"valueRequired\":true,\"valueName\":\"search_term_string\"}}],\"inLanguage\":\"fi\"}]}<\/script>\n<!-- \/ Yoast SEO plugin. -->","yoast_head_json":{"title":"Jakelunkeskeytysehdot - Laukaa-Konnevesi","description":"Asiakas voi keskeytt\u00e4\u00e4 paperilehden jakelun m\u00e4\u00e4r\u00e4ajaksi. Verkon kautta jakelunkeskeytyksen voi tehd\u00e4 v\u00e4hint\u00e4\u00e4n 3 p\u00e4iv\u00e4ksi ja enint\u00e4\u00e4n 3 kuukaudeksi.","robots":{"index":"index","follow":"follow","max-snippet":"max-snippet:-1","max-image-preview":"max-image-preview:large","max-video-preview":"max-video-preview:-1"},"canonical":"https:\/\/oma.media.fi\/laukaa-konnevesi\/jakelunkeskeytysehdot\/","og_locale":"fi_FI","og_type":"article","og_title":"Jakelunkeskeytysehdot","og_description":"Asiakas voi keskeytt\u00e4\u00e4 paperilehden jakelun m\u00e4\u00e4r\u00e4ajaksi. Verkon kautta jakelunkeskeytyksen voi tehd\u00e4 v\u00e4hint\u00e4\u00e4n 3 p\u00e4iv\u00e4ksi ja enint\u00e4\u00e4n 3 kuukaudeksi.","og_url":"https:\/\/oma.media.fi\/laukaa-konnevesi\/jakelunkeskeytysehdot\/","og_site_name":"Laukaa-Konnevesi","article_modified_time":"2023-05-15T06:29:40+00:00","twitter_card":"summary_large_image","twitter_misc":{"Arvioitu lukuaika":"1 minuutti"},"schema":{"@context":"https:\/\/schema.org","@graph":[{"@type":"WebPage","@id":"https:\/\/oma.media.fi\/laukaa-konnevesi\/jakelunkeskeytysehdot\/","url":"https:\/\/oma.media.fi\/laukaa-konnevesi\/jakelunkeskeytysehdot\/","name":"Jakelunkeskeytysehdot - Laukaa-Konnevesi","isPartOf":{"@id":"https:\/\/oma.media.fi\/laukaa-konnevesi\/#website"},"datePublished":"2018-11-20T09:56:32+00:00","dateModified":"2023-05-15T06:29:40+00:00","description":"Asiakas voi keskeytt\u00e4\u00e4 paperilehden jakelun m\u00e4\u00e4r\u00e4ajaksi. Verkon kautta jakelunkeskeytyksen voi tehd\u00e4 v\u00e4hint\u00e4\u00e4n 3 p\u00e4iv\u00e4ksi ja enint\u00e4\u00e4n 3 kuukaudeksi.","breadcrumb":{"@id":"https:\/\/oma.media.fi\/laukaa-konnevesi\/jakelunkeskeytysehdot\/#breadcrumb"},"inLanguage":"fi","potentialAction":[{"@type":"ReadAction","target":["https:\/\/oma.media.fi\/laukaa-konnevesi\/jakelunkeskeytysehdot\/"]}]},{"@type":"BreadcrumbList","@id":"https:\/\/oma.media.fi\/laukaa-konnevesi\/jakelunkeskeytysehdot\/#breadcrumb","itemListElement":[{"@type":"ListItem","position":1,"name":"Etusivu","item":"https:\/\/oma.media.fi\/laukaa-konnevesi\/"},{"@type":"ListItem","position":2,"name":"Jakelunkeskeytysehdot"}]},{"@type":"WebSite","@id":"https:\/\/oma.media.fi\/laukaa-konnevesi\/#website","url":"https:\/\/oma.media.fi\/laukaa-konnevesi\/","name":"Laukaa-Konnevesi","description":"","potentialAction":[{"@type":"SearchAction","target":{"@type":"EntryPoint","urlTemplate":"https:\/\/oma.media.fi\/laukaa-konnevesi\/?s={search_term_string}"},"query-input":{"@type":"PropertyValueSpecification","valueRequired":true,"valueName":"search_term_string"}}],"inLanguage":"fi"}]}},"publishpress_future_action":{"enabled":false,"date":"2026-04-21 11:06:30","action":"change-status","newStatus":"draft","terms":[],"taxonomy":"","extraData":[]},"publishpress_future_workflow_manual_trigger":{"enabledWorkflows":[]},"_links":{"self":[{"href":"https:\/\/oma.media.fi\/laukaa-konnevesi\/wp-json\/wp\/v2\/pages\/539","targetHints":{"allow":["GET"]}}],"collection":[{"href":"https:\/\/oma.media.fi\/laukaa-konnevesi\/wp-json\/wp\/v2\/pages"}],"about":[{"href":"https:\/\/oma.media.fi\/laukaa-konnevesi\/wp-json\/wp\/v2\/types\/page"}],"author":[{"embeddable":true,"href":"https:\/\/oma.media.fi\/laukaa-konnevesi\/wp-json\/wp\/v2\/users\/1"}],"replies":[{"embeddable":true,"href":"https:\/\/oma.media.fi\/laukaa-konnevesi\/wp-json\/wp\/v2\/comments?post=539"}],"version-history":[{"count":51,"href":"https:\/\/oma.media.fi\/laukaa-konnevesi\/wp-json\/wp\/v2\/pages\/539\/revisions"}],"predecessor-version":[{"id":13579,"href":"https:\/\/oma.media.fi\/laukaa-konnevesi\/wp-json\/wp\/v2\/pages\/539\/revisions\/13579"}],"wp:attachment":[{"href":"https:\/\/oma.media.fi\/laukaa-konnevesi\/wp-json\/wp\/v2\/media?parent=539"}],"curies":[{"name":"wp","href":"https:\/\/api.w.org\/{rel}","templated":true}]}}