{"id":185,"date":"2018-10-17T13:17:59","date_gmt":"2018-10-17T10:17:59","guid":{"rendered":"https:\/\/oma.media.fi\/lieksan-lehti\/yhteystiedot\/"},"modified":"2026-04-13T12:15:02","modified_gmt":"2026-04-13T09:15:02","slug":"yhteystiedot","status":"publish","type":"page","link":"https:\/\/oma.media.fi\/lieksan-lehti\/yhteystiedot\/","title":{"rendered":"Yhteystiedot"},"content":{"rendered":"<h2>Tilaukset<\/h2>\n<p>Digipalvelut, osoitteenmuutokset, jakelunkeskeytykset, asiakastietojen muutokset<br \/>\nsek\u00e4 tilauslaskut ja muut tilauksiin liittyv\u00e4t asiat.<\/p>\n<p><a href=\"https:\/\/oma.media.fi\/lieksan-lehti\/\" target=\"_blank\" rel=\"noopener\"><strong>Asiakaspalvelua verkossa 24\/7<\/strong><\/a><\/p>\n<h2>Lukijailmoitukset<\/h2>\n<p>J\u00e4rjest\u00f6ilmoitukset, luokitellut ilmoitukset, perheilmoitukset, kuolinilmoitukset ja surukiitokset<\/p>\n<p><strong>J\u00e4t\u00e4 ilmoitus 24\/7 <a href=\"https:\/\/oma.media.fi\/lieksan-lehti\/ilmoita\/\" target=\"_blank\" rel=\"noopener\">lieksanlehti.fi\/ilmoita<\/a><\/strong><\/p>\n<h2>Asiakaspalvelu<\/h2>\n<p>Tilauksiin ja lukijailmoituksiin liittyv\u00e4t asiat.<\/p>\n<p><strong>Puhelinpalvelu\u00a0<\/strong>014 622 133<br \/>\nAvoinna: ma-pe klo 8.00-18.00<\/p>\n<p>Tallennamme puhelut asiakaspalvelutapahtumien varmentamiseksi<br \/>\nsek\u00e4 asiakaspalvelun koulutusta varten. Puhelun hinta mpm\/pvm, jonotus on maksullista.<\/p>\n<p><a class=\"button\" href=\"https:\/\/oma.media.fi\/lieksan-lehti\/yhteystiedot\/ota-yhteytta\/\" target=\"_blank\" rel=\"noopener\">Ota yhteytt\u00e4 asiakaspalveluun<\/a><\/p>\n<h2><strong>Jakelu, jakeluh\u00e4iri\u00f6t ja puuttuvat lehdet<\/strong><\/h2>\n<p><a class=\"button\" href=\"https:\/\/oma.media.fi\/lieksan-lehti\/yhteystiedot\/jakelupalaute\/\" target=\"_blank\" rel=\"noopener\">Ilmoita jakeluvirheest\u00e4<\/a><\/p>\n<p><strong>Postin varhaisjakelu<\/strong><br \/>\np. 0200 71400 (pvm\/mpm), jonotus on maksullista<br \/>\nma-pe klo 6.30-16.00, la-su klo 6.30-12.00<br \/>\nVarhaisjakelu toimittaa puuttuneen lehden seuraavan aamun jakelussa.<\/p>\n<p><strong>Postin perusjakelu<\/strong><br \/>\np. 0100 5577 (pvm\/mpm), jonotus on maksullista<br \/>\nma-pe klo 8.00 &#8211; 16.00<\/p>\n<p>&nbsp;<\/p>\n<h2>Medialaskutus<\/h2>\n<p>Ilmoituslaskut<br \/>\np. 09 2730 0230 (pvm\/mpm), ma-pe 9.00-14.00<br \/>\n<a href=\"mailto&#58;&#108;&#97;&#115;&#107;&#117;&#116;&#x75;&#x73;&#x2e;&#x6b;&#x65;&#x73;&#x6b;&#x69;&#x73;&#x75;&#x6f;&#x6d;alaine&#110;&#109;&#101;&#100;&#105;&#97;&#64;&#x6d;&#x65;&#x64;&#x69;&#x61;&#x2e;&#x66;&#x69;\" target=\"_blank\" rel=\"noopener\">&#x6c;&#x61;&#x73;&#x6b;&#x75;&#x74;&#x75;&#x73;&#46;&#107;&#101;&#115;&#107;&#105;&#115;uoma&#x6c;&#x61;&#x69;&#x6e;&#x65;&#x6e;&#x6d;&#x65;&#x64;&#105;&#97;&#64;&#109;&#101;&#100;&#105;a&#46;fi<\/a><\/p>\n<h2>Mediamyynti<\/h2>\n<p>Yhteystiedot l\u00f6yd\u00e4t <a href=\"https:\/\/meks.fi\/yhteystiedot\/\" target=\"_blank\" rel=\"noopener\">mediamyynnin sivuilta<\/a>.<\/p>\n<p>&nbsp;<\/p>\n<h2>Toimitus<\/h2>\n<p><a href=\"mailto:t&#111;&#105;&#109;&#105;&#116;&#117;&#115;&#64;&#108;&#105;&#x65;&#x6b;&#x73;&#x61;&#x6e;&#x6c;&#x65;&#x68;&#x74;&#x69;&#x2e;&#x66;&#x69;\" target=\"_blank\" rel=\"noopener\">&#x74;&#x6f;&#x69;&#109;&#105;&#116;us&#x40;&#x6c;&#x69;&#x65;&#107;&#115;an&#x6c;&#x65;&#x68;&#x74;&#105;&#46;fi<\/a><\/p>\n<p>K\u00e4yntiosoite: Siltakatu 1, 81700 Lieksa<\/p>\n<p>P\u00e4\u00e4toimittaja Varpu Strengell\u00a0 p. 040 738 8383<br \/>\nToimittaja Harri Ronkainen p. 050 415 2409<br \/>\nToimittaja Martti Heikkinen 050 415 2406<\/p>\n<p>Henkil\u00f6kohtaiset s\u00e4hk\u00f6postit: &#101;&#x74;&#117;&#x6e;&#105;&#x6d;&#105;&#x2e;&#115;&#x75;&#107;&#x75;&#110;&#x69;&#109;&#x69;&#64;&#x6c;&#105;&#x65;&#107;&#x73;&#97;&#x6e;&#108;&#x65;h&#x74;i&#x2e;f&#x69;<\/p>\n<p>Kaikki sis\u00e4ll\u00f6t voidaan julkaista kaikissa Mediakonserni Keskisuomalaisen medioissa.<strong><br \/>\n<\/strong><\/p>\n<p><a class=\"button\" href=\"https:\/\/oma.media.fi\/lieksan-lehti\/yhteystiedot\/juttuvinkki\/\" target=\"_blank\" rel=\"noopener\">J\u00e4t\u00e4 juttuvinkki<\/a><\/p>\n","protected":false},"excerpt":{"rendered":"<p>Tilaukset Digipalvelut, osoitteenmuutokset, jakelunkeskeytykset, asiakastietojen muutokset sek\u00e4 tilauslaskut ja muut tilauksiin liittyv\u00e4t asiat. Asiakaspalvelua verkossa 24\/7 Lukijailmoitukset J\u00e4rjest\u00f6ilmoitukset, luokitellut ilmoitukset, perheilmoitukset, kuolinilmoitukset ja surukiitokset J\u00e4t\u00e4 ilmoitus 24\/7 lieksanlehti.fi\/ilmoita Asiakaspalvelu Tilauksiin ja lukijailmoituksiin liittyv\u00e4t asiat. Puhelinpalvelu\u00a0014 622 133 Avoinna: ma-pe klo 8.00-18.00 Tallennamme puhelut asiakaspalvelutapahtumien varmentamiseksi sek\u00e4 asiakaspalvelun koulutusta varten. Puhelun hinta mpm\/pvm, jonotus on maksullista. [&hellip;]<\/p>\n","protected":false},"author":1,"featured_media":0,"parent":0,"menu_order":0,"comment_status":"closed","ping_status":"closed","template":"","meta":{"_acf_changed":false,"footnotes":""},"class_list":["post-185","page","type-page","status-publish","hentry"],"acf":[],"yoast_head":"<!-- This site is optimized with the Yoast SEO plugin v26.2 - https:\/\/yoast.com\/wordpress\/plugins\/seo\/ -->\n<title>Yhteystiedot - Lieksan Lehti<\/title>\n<meta name=\"description\" content=\"Etsitk\u00f6 yhteystietoja vai haluatko antaa palautetta? Mediatalo Keskisuomalaisen asiakaspalveluiden yhteystiedot, palautekanavat ja juttuvinkit.\" \/>\n<meta name=\"robots\" content=\"noindex, follow, max-snippet:-1, max-image-preview:large, max-video-preview:-1\" \/>\n<meta property=\"og:locale\" content=\"fi_FI\" \/>\n<meta property=\"og:type\" content=\"article\" \/>\n<meta property=\"og:title\" content=\"Yhteystiedot\" \/>\n<meta property=\"og:description\" content=\"Etsitk\u00f6 yhteystietoja vai haluatko antaa palautetta? Mediatalo Keskisuomalaisen asiakaspalveluiden yhteystiedot, palautekanavat ja juttuvinkit.\" \/>\n<meta property=\"og:url\" content=\"https:\/\/oma.media.fi\/lieksan-lehti\/yhteystiedot\/\" \/>\n<meta property=\"og:site_name\" content=\"Lieksan Lehti\" \/>\n<meta property=\"article:publisher\" content=\"https:\/\/www.facebook.com\/p\/Lieksan-Lehti-100058824764916\" \/>\n<meta property=\"article:modified_time\" content=\"2026-04-13T09:15:02+00:00\" \/>\n<meta property=\"og:image\" content=\"https:\/\/oma.media.fi\/lieksan-lehti\/wp-content\/uploads\/sites\/57\/2024\/09\/og-image-lieksanlehti.jpg\" \/>\n\t<meta property=\"og:image:width\" content=\"1200\" \/>\n\t<meta property=\"og:image:height\" content=\"630\" \/>\n\t<meta property=\"og:image:type\" content=\"image\/jpeg\" \/>\n<meta name=\"twitter:card\" content=\"summary_large_image\" \/>\n<meta name=\"twitter:label1\" content=\"Arvioitu lukuaika\" \/>\n\t<meta name=\"twitter:data1\" content=\"1 minuutti\" \/>\n<script type=\"application\/ld+json\" class=\"yoast-schema-graph\">{\"@context\":\"https:\/\/schema.org\",\"@graph\":[{\"@type\":\"WebPage\",\"@id\":\"https:\/\/oma.media.fi\/lieksan-lehti\/yhteystiedot\/\",\"url\":\"https:\/\/oma.media.fi\/lieksan-lehti\/yhteystiedot\/\",\"name\":\"Yhteystiedot - Lieksan Lehti\",\"isPartOf\":{\"@id\":\"https:\/\/oma.media.fi\/lieksan-lehti\/#website\"},\"datePublished\":\"2018-10-17T10:17:59+00:00\",\"dateModified\":\"2026-04-13T09:15:02+00:00\",\"description\":\"Etsitk\u00f6 yhteystietoja vai haluatko antaa palautetta? Mediatalo Keskisuomalaisen asiakaspalveluiden yhteystiedot, palautekanavat ja juttuvinkit.\",\"breadcrumb\":{\"@id\":\"https:\/\/oma.media.fi\/lieksan-lehti\/yhteystiedot\/#breadcrumb\"},\"inLanguage\":\"fi\",\"potentialAction\":[{\"@type\":\"ReadAction\",\"target\":[\"https:\/\/oma.media.fi\/lieksan-lehti\/yhteystiedot\/\"]}]},{\"@type\":\"BreadcrumbList\",\"@id\":\"https:\/\/oma.media.fi\/lieksan-lehti\/yhteystiedot\/#breadcrumb\",\"itemListElement\":[{\"@type\":\"ListItem\",\"position\":1,\"name\":\"Etusivu\",\"item\":\"https:\/\/oma.media.fi\/lieksan-lehti\/\"},{\"@type\":\"ListItem\",\"position\":2,\"name\":\"Yhteystiedot\"}]},{\"@type\":\"WebSite\",\"@id\":\"https:\/\/oma.media.fi\/lieksan-lehti\/#website\",\"url\":\"https:\/\/oma.media.fi\/lieksan-lehti\/\",\"name\":\"Lieksan Lehti\",\"description\":\"\",\"potentialAction\":[{\"@type\":\"SearchAction\",\"target\":{\"@type\":\"EntryPoint\",\"urlTemplate\":\"https:\/\/oma.media.fi\/lieksan-lehti\/?s={search_term_string}\"},\"query-input\":{\"@type\":\"PropertyValueSpecification\",\"valueRequired\":true,\"valueName\":\"search_term_string\"}}],\"inLanguage\":\"fi\"}]}<\/script>\n<!-- \/ Yoast SEO plugin. -->","yoast_head_json":{"title":"Yhteystiedot - Lieksan Lehti","description":"Etsitk\u00f6 yhteystietoja vai haluatko antaa palautetta? Mediatalo Keskisuomalaisen asiakaspalveluiden yhteystiedot, palautekanavat ja juttuvinkit.","robots":{"index":"noindex","follow":"follow","max-snippet":"max-snippet:-1","max-image-preview":"max-image-preview:large","max-video-preview":"max-video-preview:-1"},"og_locale":"fi_FI","og_type":"article","og_title":"Yhteystiedot","og_description":"Etsitk\u00f6 yhteystietoja vai haluatko antaa palautetta? Mediatalo Keskisuomalaisen asiakaspalveluiden yhteystiedot, palautekanavat ja juttuvinkit.","og_url":"https:\/\/oma.media.fi\/lieksan-lehti\/yhteystiedot\/","og_site_name":"Lieksan Lehti","article_publisher":"https:\/\/www.facebook.com\/p\/Lieksan-Lehti-100058824764916","article_modified_time":"2026-04-13T09:15:02+00:00","og_image":[{"width":1200,"height":630,"url":"https:\/\/oma.media.fi\/lieksan-lehti\/wp-content\/uploads\/sites\/57\/2024\/09\/og-image-lieksanlehti.jpg","type":"image\/jpeg"}],"twitter_card":"summary_large_image","twitter_misc":{"Arvioitu lukuaika":"1 minuutti"},"schema":{"@context":"https:\/\/schema.org","@graph":[{"@type":"WebPage","@id":"https:\/\/oma.media.fi\/lieksan-lehti\/yhteystiedot\/","url":"https:\/\/oma.media.fi\/lieksan-lehti\/yhteystiedot\/","name":"Yhteystiedot - Lieksan Lehti","isPartOf":{"@id":"https:\/\/oma.media.fi\/lieksan-lehti\/#website"},"datePublished":"2018-10-17T10:17:59+00:00","dateModified":"2026-04-13T09:15:02+00:00","description":"Etsitk\u00f6 yhteystietoja vai haluatko antaa palautetta? Mediatalo Keskisuomalaisen asiakaspalveluiden yhteystiedot, palautekanavat ja juttuvinkit.","breadcrumb":{"@id":"https:\/\/oma.media.fi\/lieksan-lehti\/yhteystiedot\/#breadcrumb"},"inLanguage":"fi","potentialAction":[{"@type":"ReadAction","target":["https:\/\/oma.media.fi\/lieksan-lehti\/yhteystiedot\/"]}]},{"@type":"BreadcrumbList","@id":"https:\/\/oma.media.fi\/lieksan-lehti\/yhteystiedot\/#breadcrumb","itemListElement":[{"@type":"ListItem","position":1,"name":"Etusivu","item":"https:\/\/oma.media.fi\/lieksan-lehti\/"},{"@type":"ListItem","position":2,"name":"Yhteystiedot"}]},{"@type":"WebSite","@id":"https:\/\/oma.media.fi\/lieksan-lehti\/#website","url":"https:\/\/oma.media.fi\/lieksan-lehti\/","name":"Lieksan Lehti","description":"","potentialAction":[{"@type":"SearchAction","target":{"@type":"EntryPoint","urlTemplate":"https:\/\/oma.media.fi\/lieksan-lehti\/?s={search_term_string}"},"query-input":{"@type":"PropertyValueSpecification","valueRequired":true,"valueName":"search_term_string"}}],"inLanguage":"fi"}]}},"publishpress_future_action":{"enabled":false,"date":"2026-05-14 16:03:45","action":"change-status","newStatus":"draft","terms":[],"taxonomy":"","extraData":[]},"publishpress_future_workflow_manual_trigger":{"enabledWorkflows":[]},"_links":{"self":[{"href":"https:\/\/oma.media.fi\/lieksan-lehti\/wp-json\/wp\/v2\/pages\/185","targetHints":{"allow":["GET"]}}],"collection":[{"href":"https:\/\/oma.media.fi\/lieksan-lehti\/wp-json\/wp\/v2\/pages"}],"about":[{"href":"https:\/\/oma.media.fi\/lieksan-lehti\/wp-json\/wp\/v2\/types\/page"}],"author":[{"embeddable":true,"href":"https:\/\/oma.media.fi\/lieksan-lehti\/wp-json\/wp\/v2\/users\/1"}],"replies":[{"embeddable":true,"href":"https:\/\/oma.media.fi\/lieksan-lehti\/wp-json\/wp\/v2\/comments?post=185"}],"version-history":[{"count":23,"href":"https:\/\/oma.media.fi\/lieksan-lehti\/wp-json\/wp\/v2\/pages\/185\/revisions"}],"predecessor-version":[{"id":1527,"href":"https:\/\/oma.media.fi\/lieksan-lehti\/wp-json\/wp\/v2\/pages\/185\/revisions\/1527"}],"wp:attachment":[{"href":"https:\/\/oma.media.fi\/lieksan-lehti\/wp-json\/wp\/v2\/media?parent=185"}],"curies":[{"name":"wp","href":"https:\/\/api.w.org\/{rel}","templated":true}]}}