{"id":2785,"date":"2023-03-06T11:38:30","date_gmt":"2023-03-06T09:38:30","guid":{"rendered":"https:\/\/oma.media.fi\/lopen-lehti\/asioi\/"},"modified":"2024-07-01T10:34:01","modified_gmt":"2024-07-01T07:34:01","slug":"asioi","status":"publish","type":"page","link":"https:\/\/oma.media.fi\/lopen-lehti\/asioi\/","title":{"rendered":"Asioi verkossa helposti ja jonottamatta"},"content":{"rendered":"<p style=\"text-align: left\">T\u00e4lt\u00e4 sivulta p\u00e4\u00e4set hoitamaan tilaukseesi liittyvi\u00e4 asioita juuri silloin, kuin itsellesi sopii.<\/p>\n<h2 style=\"text-align: left\">Voit hallinnoida verkossa seuraavia asioita:<\/h2>\n<p style=\"text-align: left\"><a class=\"button--inverted button button--outlined\" href=\"https:\/\/media-ssp.worldoftulo.com\/TemporaryAddress\/\" target=\"_blank\" rel=\"noopener\">Tilap\u00e4inen osoitteenmuutos<\/a> <a class=\"button button--inverted button--outlined\" href=\"https:\/\/media-ssp.worldoftulo.com\/Intermission\/\" target=\"_blank\" rel=\"noopener\">Tilap\u00e4inen jakelunkeskeytys<\/a>\u00a0<a class=\"button button--outlined button--inverted\" href=\"https:\/\/media-ssp.worldoftulo.com\/Address\" target=\"_blank\" rel=\"noopener\">Pysyv\u00e4 osoitteenmuutos<\/a> <a class=\"button button--inverted button--outlined\" href=\"https:\/\/media.portal.worldoftulo.com\/Account\/MyAccount\" target=\"_blank\" rel=\"noopener\">Omat ja tilauksesi tiedot<\/a>\u00a0<a class=\"button button--inverted button--outlined\" href=\"https:\/\/media-ssp.worldoftulo.com\/Invoice\" target=\"_blank\" rel=\"noopener\">Laskun er\u00e4p\u00e4iv\u00e4n siirt\u00e4minen<\/a> <a class=\"button button--inverted button--outlined\" href=\"https:\/\/media-ssp.worldoftulo.com\/Reclaim\/\">Jakelupalaute<\/a><\/p>\n<p>Tilauksesi hallinnoimista varten sinun tulee kirjautua palveluun omalla Mediatunnuksellasi. Jos sinulla ei viel\u00e4 ole Mediatunnusta, voit katsoa <a href=\"https:\/\/youtu.be\/5vJto3cIKmM\" target=\"_blank\" rel=\"noopener\">ohjevideon Mediatunnuksen luomisesta<\/a> <a href=\"https:\/\/oma.media.fi\/lopen-lehti\/ohjevideot\/\" target=\"_blank\" rel=\"noopener\">ohjevideokirjastostamme<\/a> tai <a href=\"https:\/\/oma.media.fi\/lopen-lehti\/mediatunnus\/\">lukea aiheesta tarkemmin t\u00e4\u00e4lt\u00e4<\/a>.<br \/>\nOhjevideokirjastosta l\u00f6yd\u00e4t tarkat ohjeet my\u00f6s mm. osoitteenmuutoksen ja jakelunkeskeytyksen tekemiseen.<\/p>\n<h2><strong>Katso ohjeet Mediatunnuksen luomiseen ohjevideoltamme:<\/strong><\/h2>\n<div class=\"video-container\"><iframe loading=\"lazy\" title=\"Mediakonserni Keskisuomalainen | Tilaajan ohjevideot: Mediatunnuksen luominen tilaajana\" width=\"500\" height=\"281\" src=\"https:\/\/www.youtube.com\/embed\/5vJto3cIKmM?feature=oembed\" frameborder=\"0\" allow=\"accelerometer; autoplay; clipboard-write; encrypted-media; gyroscope; picture-in-picture; web-share\" referrerpolicy=\"strict-origin-when-cross-origin\" allowfullscreen><\/iframe><\/div>\n<p>&nbsp;<\/p>\n","protected":false},"excerpt":{"rendered":"<p>T\u00e4lt\u00e4 sivulta p\u00e4\u00e4set hoitamaan tilaukseesi liittyvi\u00e4 asioita juuri silloin, kuin itsellesi sopii. Voit hallinnoida verkossa seuraavia asioita: Tilap\u00e4inen osoitteenmuutos Tilap\u00e4inen jakelunkeskeytys\u00a0Pysyv\u00e4 osoitteenmuutos Omat ja tilauksesi tiedot\u00a0Laskun er\u00e4p\u00e4iv\u00e4n siirt\u00e4minen Jakelupalaute Tilauksesi hallinnoimista varten sinun tulee kirjautua palveluun omalla Mediatunnuksellasi. Jos sinulla ei viel\u00e4 ole Mediatunnusta, voit katsoa ohjevideon Mediatunnuksen luomisesta ohjevideokirjastostamme tai lukea aiheesta tarkemmin t\u00e4\u00e4lt\u00e4. [&hellip;]<\/p>\n","protected":false},"author":46,"featured_media":0,"parent":0,"menu_order":0,"comment_status":"closed","ping_status":"closed","template":"","meta":{"_acf_changed":false,"footnotes":""},"class_list":["post-2785","page","type-page","status-publish","hentry"],"acf":[],"yoast_head":"<!-- This site is optimized with the Yoast SEO plugin v26.2 - https:\/\/yoast.com\/wordpress\/plugins\/seo\/ -->\n<title>Asioi verkossa helposti ja jonottamatta - Lopen Lehti<\/title>\n<meta name=\"description\" content=\"Hoida lehden tilaukseesi liittyvi\u00e4 asioita juuri silloin, kuin itsellesi sopii. Tee esimerkiksi jakelunmuutos kotiosoitteestasi m\u00f6kille haluamanasi ajankohtana.\" \/>\n<meta name=\"robots\" content=\"index, follow, max-snippet:-1, max-image-preview:large, max-video-preview:-1\" \/>\n<link rel=\"canonical\" href=\"https:\/\/oma.media.fi\/lopen-lehti\/asioi\/\" \/>\n<meta property=\"og:locale\" content=\"fi_FI\" \/>\n<meta property=\"og:type\" content=\"article\" \/>\n<meta property=\"og:title\" content=\"Asioi verkossa helposti ja jonottamatta\" \/>\n<meta property=\"og:description\" content=\"Hoida lehden tilaukseesi liittyvi\u00e4 asioita juuri silloin, kuin itsellesi sopii. Tee esimerkiksi jakelunmuutos kotiosoitteestasi m\u00f6kille haluamanasi ajankohtana.\" \/>\n<meta property=\"og:url\" content=\"https:\/\/oma.media.fi\/lopen-lehti\/asioi\/\" \/>\n<meta property=\"og:site_name\" content=\"Lopen Lehti\" \/>\n<meta property=\"article:modified_time\" content=\"2024-07-01T07:34:01+00:00\" \/>\n<meta property=\"og:image\" content=\"https:\/\/oma.media.fi\/lopen-lehti\/wp-content\/uploads\/sites\/51\/2021\/01\/og-image-lopenlehti.jpg\" \/>\n\t<meta property=\"og:image:width\" content=\"1200\" \/>\n\t<meta property=\"og:image:height\" content=\"630\" \/>\n\t<meta property=\"og:image:type\" content=\"image\/jpeg\" \/>\n<meta name=\"twitter:card\" content=\"summary_large_image\" \/>\n<meta name=\"twitter:label1\" content=\"Arvioitu lukuaika\" \/>\n\t<meta name=\"twitter:data1\" content=\"1 minuutti\" \/>\n<script type=\"application\/ld+json\" class=\"yoast-schema-graph\">{\"@context\":\"https:\/\/schema.org\",\"@graph\":[{\"@type\":\"WebPage\",\"@id\":\"https:\/\/oma.media.fi\/lopen-lehti\/asioi\/\",\"url\":\"https:\/\/oma.media.fi\/lopen-lehti\/asioi\/\",\"name\":\"Asioi verkossa helposti ja jonottamatta - Lopen Lehti\",\"isPartOf\":{\"@id\":\"https:\/\/oma.media.fi\/lopen-lehti\/#website\"},\"datePublished\":\"2023-03-06T09:38:30+00:00\",\"dateModified\":\"2024-07-01T07:34:01+00:00\",\"description\":\"Hoida lehden tilaukseesi liittyvi\u00e4 asioita juuri silloin, kuin itsellesi sopii. Tee esimerkiksi jakelunmuutos kotiosoitteestasi m\u00f6kille haluamanasi ajankohtana.\",\"breadcrumb\":{\"@id\":\"https:\/\/oma.media.fi\/lopen-lehti\/asioi\/#breadcrumb\"},\"inLanguage\":\"fi\",\"potentialAction\":[{\"@type\":\"ReadAction\",\"target\":[\"https:\/\/oma.media.fi\/lopen-lehti\/asioi\/\"]}]},{\"@type\":\"BreadcrumbList\",\"@id\":\"https:\/\/oma.media.fi\/lopen-lehti\/asioi\/#breadcrumb\",\"itemListElement\":[{\"@type\":\"ListItem\",\"position\":1,\"name\":\"Etusivu\",\"item\":\"https:\/\/oma.media.fi\/lopen-lehti\/\"},{\"@type\":\"ListItem\",\"position\":2,\"name\":\"Asioi verkossa helposti ja jonottamatta\"}]},{\"@type\":\"WebSite\",\"@id\":\"https:\/\/oma.media.fi\/lopen-lehti\/#website\",\"url\":\"https:\/\/oma.media.fi\/lopen-lehti\/\",\"name\":\"Lopen Lehti\",\"description\":\"\",\"potentialAction\":[{\"@type\":\"SearchAction\",\"target\":{\"@type\":\"EntryPoint\",\"urlTemplate\":\"https:\/\/oma.media.fi\/lopen-lehti\/?s={search_term_string}\"},\"query-input\":{\"@type\":\"PropertyValueSpecification\",\"valueRequired\":true,\"valueName\":\"search_term_string\"}}],\"inLanguage\":\"fi\"}]}<\/script>\n<!-- \/ Yoast SEO plugin. -->","yoast_head_json":{"title":"Asioi verkossa helposti ja jonottamatta - Lopen Lehti","description":"Hoida lehden tilaukseesi liittyvi\u00e4 asioita juuri silloin, kuin itsellesi sopii. Tee esimerkiksi jakelunmuutos kotiosoitteestasi m\u00f6kille haluamanasi ajankohtana.","robots":{"index":"index","follow":"follow","max-snippet":"max-snippet:-1","max-image-preview":"max-image-preview:large","max-video-preview":"max-video-preview:-1"},"canonical":"https:\/\/oma.media.fi\/lopen-lehti\/asioi\/","og_locale":"fi_FI","og_type":"article","og_title":"Asioi verkossa helposti ja jonottamatta","og_description":"Hoida lehden tilaukseesi liittyvi\u00e4 asioita juuri silloin, kuin itsellesi sopii. Tee esimerkiksi jakelunmuutos kotiosoitteestasi m\u00f6kille haluamanasi ajankohtana.","og_url":"https:\/\/oma.media.fi\/lopen-lehti\/asioi\/","og_site_name":"Lopen Lehti","article_modified_time":"2024-07-01T07:34:01+00:00","og_image":[{"width":1200,"height":630,"url":"https:\/\/oma.media.fi\/lopen-lehti\/wp-content\/uploads\/sites\/51\/2021\/01\/og-image-lopenlehti.jpg","type":"image\/jpeg"}],"twitter_card":"summary_large_image","twitter_misc":{"Arvioitu lukuaika":"1 minuutti"},"schema":{"@context":"https:\/\/schema.org","@graph":[{"@type":"WebPage","@id":"https:\/\/oma.media.fi\/lopen-lehti\/asioi\/","url":"https:\/\/oma.media.fi\/lopen-lehti\/asioi\/","name":"Asioi verkossa helposti ja jonottamatta - Lopen Lehti","isPartOf":{"@id":"https:\/\/oma.media.fi\/lopen-lehti\/#website"},"datePublished":"2023-03-06T09:38:30+00:00","dateModified":"2024-07-01T07:34:01+00:00","description":"Hoida lehden tilaukseesi liittyvi\u00e4 asioita juuri silloin, kuin itsellesi sopii. Tee esimerkiksi jakelunmuutos kotiosoitteestasi m\u00f6kille haluamanasi ajankohtana.","breadcrumb":{"@id":"https:\/\/oma.media.fi\/lopen-lehti\/asioi\/#breadcrumb"},"inLanguage":"fi","potentialAction":[{"@type":"ReadAction","target":["https:\/\/oma.media.fi\/lopen-lehti\/asioi\/"]}]},{"@type":"BreadcrumbList","@id":"https:\/\/oma.media.fi\/lopen-lehti\/asioi\/#breadcrumb","itemListElement":[{"@type":"ListItem","position":1,"name":"Etusivu","item":"https:\/\/oma.media.fi\/lopen-lehti\/"},{"@type":"ListItem","position":2,"name":"Asioi verkossa helposti ja jonottamatta"}]},{"@type":"WebSite","@id":"https:\/\/oma.media.fi\/lopen-lehti\/#website","url":"https:\/\/oma.media.fi\/lopen-lehti\/","name":"Lopen Lehti","description":"","potentialAction":[{"@type":"SearchAction","target":{"@type":"EntryPoint","urlTemplate":"https:\/\/oma.media.fi\/lopen-lehti\/?s={search_term_string}"},"query-input":{"@type":"PropertyValueSpecification","valueRequired":true,"valueName":"search_term_string"}}],"inLanguage":"fi"}]}},"publishpress_future_action":{"enabled":false,"date":"2026-04-22 00:22:54","action":"change-status","newStatus":"draft","terms":[],"taxonomy":"","extraData":[]},"publishpress_future_workflow_manual_trigger":{"enabledWorkflows":[]},"_links":{"self":[{"href":"https:\/\/oma.media.fi\/lopen-lehti\/wp-json\/wp\/v2\/pages\/2785","targetHints":{"allow":["GET"]}}],"collection":[{"href":"https:\/\/oma.media.fi\/lopen-lehti\/wp-json\/wp\/v2\/pages"}],"about":[{"href":"https:\/\/oma.media.fi\/lopen-lehti\/wp-json\/wp\/v2\/types\/page"}],"author":[{"embeddable":true,"href":"https:\/\/oma.media.fi\/lopen-lehti\/wp-json\/wp\/v2\/users\/46"}],"replies":[{"embeddable":true,"href":"https:\/\/oma.media.fi\/lopen-lehti\/wp-json\/wp\/v2\/comments?post=2785"}],"version-history":[{"count":8,"href":"https:\/\/oma.media.fi\/lopen-lehti\/wp-json\/wp\/v2\/pages\/2785\/revisions"}],"predecessor-version":[{"id":3403,"href":"https:\/\/oma.media.fi\/lopen-lehti\/wp-json\/wp\/v2\/pages\/2785\/revisions\/3403"}],"wp:attachment":[{"href":"https:\/\/oma.media.fi\/lopen-lehti\/wp-json\/wp\/v2\/media?parent=2785"}],"curies":[{"name":"wp","href":"https:\/\/api.w.org\/{rel}","templated":true}]}}