{"id":545,"date":"2018-11-30T12:06:18","date_gmt":"2018-11-30T09:06:18","guid":{"rendered":"https:\/\/oma.media.fi\/loviisan-sanomat\/kiitos-tilauksesta\/"},"modified":"2019-09-13T08:20:54","modified_gmt":"2019-09-13T05:20:54","slug":"kiitos-tilauksesta","status":"publish","type":"page","link":"https:\/\/oma.media.fi\/loviisan-sanomat\/kiitos-tilauksesta\/","title":{"rendered":"Kiitos tilauksesta"},"content":{"rendered":"<div class=\"row\">\n<div class=\"col-md-10 col-md-offset-1\">\n<div class=\"page-content\">\n<p>Tilauksesi on vastaanotettu onnistuneesti.<\/p>\n<p>Tilaus k\u00e4ynnistyy asiakaspalvelumme k\u00e4sitelty\u00e4 tilauksen.<\/p>\n<\/div>\n<\/div>\n<\/div>\n","protected":false},"excerpt":{"rendered":"<p>Tilauksesi on vastaanotettu onnistuneesti. Tilaus k\u00e4ynnistyy asiakaspalvelumme k\u00e4sitelty\u00e4 tilauksen.<\/p>\n","protected":false},"author":3,"featured_media":0,"parent":0,"menu_order":0,"comment_status":"closed","ping_status":"closed","template":"","meta":{"_acf_changed":false,"footnotes":""},"class_list":["post-545","page","type-page","status-publish","hentry"],"acf":[],"yoast_head":"<!-- This site is optimized with the Yoast SEO plugin v26.2 - https:\/\/yoast.com\/wordpress\/plugins\/seo\/ -->\n<title>Kiitos tilauksesta - Loviisan Sanomat<\/title>\n<meta name=\"robots\" content=\"index, follow, max-snippet:-1, max-image-preview:large, max-video-preview:-1\" \/>\n<link rel=\"canonical\" href=\"https:\/\/oma.media.fi\/loviisan-sanomat\/kiitos-tilauksesta\/\" \/>\n<meta property=\"og:locale\" content=\"fi_FI\" \/>\n<meta property=\"og:type\" content=\"article\" \/>\n<meta property=\"og:title\" content=\"Kiitos tilauksesta\" \/>\n<meta property=\"og:description\" content=\"Tilauksesi on vastaanotettu onnistuneesti. Tilaus k\u00e4ynnistyy asiakaspalvelumme k\u00e4sitelty\u00e4 tilauksen.\" \/>\n<meta property=\"og:url\" content=\"https:\/\/oma.media.fi\/loviisan-sanomat\/kiitos-tilauksesta\/\" \/>\n<meta property=\"og:site_name\" content=\"Loviisan Sanomat\" \/>\n<meta property=\"article:modified_time\" content=\"2019-09-13T05:20:54+00:00\" \/>\n<meta name=\"twitter:card\" content=\"summary_large_image\" \/>\n<script type=\"application\/ld+json\" class=\"yoast-schema-graph\">{\"@context\":\"https:\/\/schema.org\",\"@graph\":[{\"@type\":\"WebPage\",\"@id\":\"https:\/\/oma.media.fi\/loviisan-sanomat\/kiitos-tilauksesta\/\",\"url\":\"https:\/\/oma.media.fi\/loviisan-sanomat\/kiitos-tilauksesta\/\",\"name\":\"Kiitos tilauksesta - Loviisan Sanomat\",\"isPartOf\":{\"@id\":\"https:\/\/oma.media.fi\/loviisan-sanomat\/#website\"},\"datePublished\":\"2018-11-30T09:06:18+00:00\",\"dateModified\":\"2019-09-13T05:20:54+00:00\",\"breadcrumb\":{\"@id\":\"https:\/\/oma.media.fi\/loviisan-sanomat\/kiitos-tilauksesta\/#breadcrumb\"},\"inLanguage\":\"fi\",\"potentialAction\":[{\"@type\":\"ReadAction\",\"target\":[\"https:\/\/oma.media.fi\/loviisan-sanomat\/kiitos-tilauksesta\/\"]}]},{\"@type\":\"BreadcrumbList\",\"@id\":\"https:\/\/oma.media.fi\/loviisan-sanomat\/kiitos-tilauksesta\/#breadcrumb\",\"itemListElement\":[{\"@type\":\"ListItem\",\"position\":1,\"name\":\"Etusivu\",\"item\":\"https:\/\/oma.media.fi\/loviisan-sanomat\/\"},{\"@type\":\"ListItem\",\"position\":2,\"name\":\"Kiitos tilauksesta\"}]},{\"@type\":\"WebSite\",\"@id\":\"https:\/\/oma.media.fi\/loviisan-sanomat\/#website\",\"url\":\"https:\/\/oma.media.fi\/loviisan-sanomat\/\",\"name\":\"Loviisan Sanomat\",\"description\":\"Asiakaspalvelu\",\"potentialAction\":[{\"@type\":\"SearchAction\",\"target\":{\"@type\":\"EntryPoint\",\"urlTemplate\":\"https:\/\/oma.media.fi\/loviisan-sanomat\/?s={search_term_string}\"},\"query-input\":{\"@type\":\"PropertyValueSpecification\",\"valueRequired\":true,\"valueName\":\"search_term_string\"}}],\"inLanguage\":\"fi\"}]}<\/script>\n<!-- \/ Yoast SEO plugin. -->","yoast_head_json":{"title":"Kiitos tilauksesta - Loviisan Sanomat","robots":{"index":"index","follow":"follow","max-snippet":"max-snippet:-1","max-image-preview":"max-image-preview:large","max-video-preview":"max-video-preview:-1"},"canonical":"https:\/\/oma.media.fi\/loviisan-sanomat\/kiitos-tilauksesta\/","og_locale":"fi_FI","og_type":"article","og_title":"Kiitos tilauksesta","og_description":"Tilauksesi on vastaanotettu onnistuneesti. Tilaus k\u00e4ynnistyy asiakaspalvelumme k\u00e4sitelty\u00e4 tilauksen.","og_url":"https:\/\/oma.media.fi\/loviisan-sanomat\/kiitos-tilauksesta\/","og_site_name":"Loviisan Sanomat","article_modified_time":"2019-09-13T05:20:54+00:00","twitter_card":"summary_large_image","schema":{"@context":"https:\/\/schema.org","@graph":[{"@type":"WebPage","@id":"https:\/\/oma.media.fi\/loviisan-sanomat\/kiitos-tilauksesta\/","url":"https:\/\/oma.media.fi\/loviisan-sanomat\/kiitos-tilauksesta\/","name":"Kiitos tilauksesta - Loviisan Sanomat","isPartOf":{"@id":"https:\/\/oma.media.fi\/loviisan-sanomat\/#website"},"datePublished":"2018-11-30T09:06:18+00:00","dateModified":"2019-09-13T05:20:54+00:00","breadcrumb":{"@id":"https:\/\/oma.media.fi\/loviisan-sanomat\/kiitos-tilauksesta\/#breadcrumb"},"inLanguage":"fi","potentialAction":[{"@type":"ReadAction","target":["https:\/\/oma.media.fi\/loviisan-sanomat\/kiitos-tilauksesta\/"]}]},{"@type":"BreadcrumbList","@id":"https:\/\/oma.media.fi\/loviisan-sanomat\/kiitos-tilauksesta\/#breadcrumb","itemListElement":[{"@type":"ListItem","position":1,"name":"Etusivu","item":"https:\/\/oma.media.fi\/loviisan-sanomat\/"},{"@type":"ListItem","position":2,"name":"Kiitos tilauksesta"}]},{"@type":"WebSite","@id":"https:\/\/oma.media.fi\/loviisan-sanomat\/#website","url":"https:\/\/oma.media.fi\/loviisan-sanomat\/","name":"Loviisan Sanomat","description":"Asiakaspalvelu","potentialAction":[{"@type":"SearchAction","target":{"@type":"EntryPoint","urlTemplate":"https:\/\/oma.media.fi\/loviisan-sanomat\/?s={search_term_string}"},"query-input":{"@type":"PropertyValueSpecification","valueRequired":true,"valueName":"search_term_string"}}],"inLanguage":"fi"}]}},"publishpress_future_action":{"enabled":false,"date":"2026-04-21 11:21:59","action":"change-status","newStatus":"draft","terms":[],"taxonomy":"","extraData":[]},"publishpress_future_workflow_manual_trigger":{"enabledWorkflows":[]},"_links":{"self":[{"href":"https:\/\/oma.media.fi\/loviisan-sanomat\/wp-json\/wp\/v2\/pages\/545","targetHints":{"allow":["GET"]}}],"collection":[{"href":"https:\/\/oma.media.fi\/loviisan-sanomat\/wp-json\/wp\/v2\/pages"}],"about":[{"href":"https:\/\/oma.media.fi\/loviisan-sanomat\/wp-json\/wp\/v2\/types\/page"}],"author":[{"embeddable":true,"href":"https:\/\/oma.media.fi\/loviisan-sanomat\/wp-json\/wp\/v2\/users\/3"}],"replies":[{"embeddable":true,"href":"https:\/\/oma.media.fi\/loviisan-sanomat\/wp-json\/wp\/v2\/comments?post=545"}],"version-history":[{"count":0,"href":"https:\/\/oma.media.fi\/loviisan-sanomat\/wp-json\/wp\/v2\/pages\/545\/revisions"}],"wp:attachment":[{"href":"https:\/\/oma.media.fi\/loviisan-sanomat\/wp-json\/wp\/v2\/media?parent=545"}],"curies":[{"name":"wp","href":"https:\/\/api.w.org\/{rel}","templated":true}]}}