{"id":552,"date":"2018-09-04T08:24:30","date_gmt":"2018-09-04T05:24:30","guid":{"rendered":"https:\/\/oma.media.fi\/loviisan-sanomat\/tiedotteet\/"},"modified":"2023-12-20T12:51:20","modified_gmt":"2023-12-20T10:51:20","slug":"tiedotteet","status":"publish","type":"page","link":"https:\/\/oma.media.fi\/loviisan-sanomat\/tiedotteet\/","title":{"rendered":"Tiedotteet"},"content":{"rendered":"<p>Osana tehostamisohjelmaa Keskisuomalainen-konsernissa v\u00e4hennet\u00e4\u00e4n tilattavien paperilehtien ilmestymisp\u00e4ivi\u00e4.<\/p>\n<p>Vuoden 2024 huhtikuussa tehd\u00e4\u00e4n seuraava muutos paperilehden ilmestymisp\u00e4iviss\u00e4:<\/p>\n<p>Loviisan Sanomien tiistain tilattavan numeron sek\u00e4 sunnuntain Uusimaa Loviisan painoksen paperilehdet lakkaavat ilmestym\u00e4st\u00e4.\u00a0<strong>Verkon uutisointi jatkuu seitsem\u00e4n\u00e4 p\u00e4iv\u00e4n\u00e4 viikossa.<\/strong><\/p>\n","protected":false},"excerpt":{"rendered":"<p>Osana tehostamisohjelmaa Keskisuomalainen-konsernissa v\u00e4hennet\u00e4\u00e4n tilattavien paperilehtien ilmestymisp\u00e4ivi\u00e4. Vuoden 2024 huhtikuussa tehd\u00e4\u00e4n seuraava muutos paperilehden ilmestymisp\u00e4iviss\u00e4: Loviisan Sanomien tiistain tilattavan numeron sek\u00e4 sunnuntain Uusimaa Loviisan painoksen paperilehdet lakkaavat ilmestym\u00e4st\u00e4.\u00a0Verkon uutisointi jatkuu seitsem\u00e4n\u00e4 p\u00e4iv\u00e4n\u00e4 viikossa.<\/p>\n","protected":false},"author":1,"featured_media":0,"parent":0,"menu_order":0,"comment_status":"closed","ping_status":"closed","template":"","meta":{"_acf_changed":false,"footnotes":""},"class_list":["post-552","page","type-page","status-publish","hentry"],"acf":[],"yoast_head":"<!-- This site is optimized with the Yoast SEO plugin v26.2 - https:\/\/yoast.com\/wordpress\/plugins\/seo\/ -->\n<title>Tiedotteet - Loviisan Sanomat<\/title>\n<meta name=\"robots\" content=\"index, follow, max-snippet:-1, max-image-preview:large, max-video-preview:-1\" \/>\n<link rel=\"canonical\" href=\"https:\/\/oma.media.fi\/loviisan-sanomat\/tiedotteet\/\" \/>\n<meta property=\"og:locale\" content=\"fi_FI\" \/>\n<meta property=\"og:type\" content=\"article\" \/>\n<meta property=\"og:title\" content=\"Tiedotteet\" \/>\n<meta property=\"og:description\" content=\"Osana tehostamisohjelmaa Keskisuomalainen-konsernissa v\u00e4hennet\u00e4\u00e4n tilattavien paperilehtien ilmestymisp\u00e4ivi\u00e4. Vuoden 2024 huhtikuussa tehd\u00e4\u00e4n seuraava muutos paperilehden ilmestymisp\u00e4iviss\u00e4: Loviisan Sanomien tiistain tilattavan numeron sek\u00e4 sunnuntain Uusimaa Loviisan painoksen paperilehdet lakkaavat ilmestym\u00e4st\u00e4.\u00a0Verkon uutisointi jatkuu seitsem\u00e4n\u00e4 p\u00e4iv\u00e4n\u00e4 viikossa.\" \/>\n<meta property=\"og:url\" content=\"https:\/\/oma.media.fi\/loviisan-sanomat\/tiedotteet\/\" \/>\n<meta property=\"og:site_name\" content=\"Loviisan Sanomat\" \/>\n<meta property=\"article:modified_time\" content=\"2023-12-20T10:51:20+00:00\" \/>\n<meta name=\"twitter:card\" content=\"summary_large_image\" \/>\n<meta name=\"twitter:label1\" content=\"Arvioitu lukuaika\" \/>\n\t<meta name=\"twitter:data1\" content=\"1 minuutti\" \/>\n<script type=\"application\/ld+json\" class=\"yoast-schema-graph\">{\"@context\":\"https:\/\/schema.org\",\"@graph\":[{\"@type\":\"WebPage\",\"@id\":\"https:\/\/oma.media.fi\/loviisan-sanomat\/tiedotteet\/\",\"url\":\"https:\/\/oma.media.fi\/loviisan-sanomat\/tiedotteet\/\",\"name\":\"Tiedotteet - Loviisan Sanomat\",\"isPartOf\":{\"@id\":\"https:\/\/oma.media.fi\/loviisan-sanomat\/#website\"},\"datePublished\":\"2018-09-04T05:24:30+00:00\",\"dateModified\":\"2023-12-20T10:51:20+00:00\",\"breadcrumb\":{\"@id\":\"https:\/\/oma.media.fi\/loviisan-sanomat\/tiedotteet\/#breadcrumb\"},\"inLanguage\":\"fi\",\"potentialAction\":[{\"@type\":\"ReadAction\",\"target\":[\"https:\/\/oma.media.fi\/loviisan-sanomat\/tiedotteet\/\"]}]},{\"@type\":\"BreadcrumbList\",\"@id\":\"https:\/\/oma.media.fi\/loviisan-sanomat\/tiedotteet\/#breadcrumb\",\"itemListElement\":[{\"@type\":\"ListItem\",\"position\":1,\"name\":\"Etusivu\",\"item\":\"https:\/\/oma.media.fi\/loviisan-sanomat\/\"},{\"@type\":\"ListItem\",\"position\":2,\"name\":\"Tiedotteet\"}]},{\"@type\":\"WebSite\",\"@id\":\"https:\/\/oma.media.fi\/loviisan-sanomat\/#website\",\"url\":\"https:\/\/oma.media.fi\/loviisan-sanomat\/\",\"name\":\"Loviisan Sanomat\",\"description\":\"Asiakaspalvelu\",\"potentialAction\":[{\"@type\":\"SearchAction\",\"target\":{\"@type\":\"EntryPoint\",\"urlTemplate\":\"https:\/\/oma.media.fi\/loviisan-sanomat\/?s={search_term_string}\"},\"query-input\":{\"@type\":\"PropertyValueSpecification\",\"valueRequired\":true,\"valueName\":\"search_term_string\"}}],\"inLanguage\":\"fi\"}]}<\/script>\n<!-- \/ Yoast SEO plugin. -->","yoast_head_json":{"title":"Tiedotteet - Loviisan Sanomat","robots":{"index":"index","follow":"follow","max-snippet":"max-snippet:-1","max-image-preview":"max-image-preview:large","max-video-preview":"max-video-preview:-1"},"canonical":"https:\/\/oma.media.fi\/loviisan-sanomat\/tiedotteet\/","og_locale":"fi_FI","og_type":"article","og_title":"Tiedotteet","og_description":"Osana tehostamisohjelmaa Keskisuomalainen-konsernissa v\u00e4hennet\u00e4\u00e4n tilattavien paperilehtien ilmestymisp\u00e4ivi\u00e4. Vuoden 2024 huhtikuussa tehd\u00e4\u00e4n seuraava muutos paperilehden ilmestymisp\u00e4iviss\u00e4: Loviisan Sanomien tiistain tilattavan numeron sek\u00e4 sunnuntain Uusimaa Loviisan painoksen paperilehdet lakkaavat ilmestym\u00e4st\u00e4.\u00a0Verkon uutisointi jatkuu seitsem\u00e4n\u00e4 p\u00e4iv\u00e4n\u00e4 viikossa.","og_url":"https:\/\/oma.media.fi\/loviisan-sanomat\/tiedotteet\/","og_site_name":"Loviisan Sanomat","article_modified_time":"2023-12-20T10:51:20+00:00","twitter_card":"summary_large_image","twitter_misc":{"Arvioitu lukuaika":"1 minuutti"},"schema":{"@context":"https:\/\/schema.org","@graph":[{"@type":"WebPage","@id":"https:\/\/oma.media.fi\/loviisan-sanomat\/tiedotteet\/","url":"https:\/\/oma.media.fi\/loviisan-sanomat\/tiedotteet\/","name":"Tiedotteet - Loviisan Sanomat","isPartOf":{"@id":"https:\/\/oma.media.fi\/loviisan-sanomat\/#website"},"datePublished":"2018-09-04T05:24:30+00:00","dateModified":"2023-12-20T10:51:20+00:00","breadcrumb":{"@id":"https:\/\/oma.media.fi\/loviisan-sanomat\/tiedotteet\/#breadcrumb"},"inLanguage":"fi","potentialAction":[{"@type":"ReadAction","target":["https:\/\/oma.media.fi\/loviisan-sanomat\/tiedotteet\/"]}]},{"@type":"BreadcrumbList","@id":"https:\/\/oma.media.fi\/loviisan-sanomat\/tiedotteet\/#breadcrumb","itemListElement":[{"@type":"ListItem","position":1,"name":"Etusivu","item":"https:\/\/oma.media.fi\/loviisan-sanomat\/"},{"@type":"ListItem","position":2,"name":"Tiedotteet"}]},{"@type":"WebSite","@id":"https:\/\/oma.media.fi\/loviisan-sanomat\/#website","url":"https:\/\/oma.media.fi\/loviisan-sanomat\/","name":"Loviisan Sanomat","description":"Asiakaspalvelu","potentialAction":[{"@type":"SearchAction","target":{"@type":"EntryPoint","urlTemplate":"https:\/\/oma.media.fi\/loviisan-sanomat\/?s={search_term_string}"},"query-input":{"@type":"PropertyValueSpecification","valueRequired":true,"valueName":"search_term_string"}}],"inLanguage":"fi"}]}},"publishpress_future_action":{"enabled":false,"date":"2026-05-11 03:49:26","action":"change-status","newStatus":"draft","terms":[],"taxonomy":"","extraData":[]},"publishpress_future_workflow_manual_trigger":{"enabledWorkflows":[]},"_links":{"self":[{"href":"https:\/\/oma.media.fi\/loviisan-sanomat\/wp-json\/wp\/v2\/pages\/552","targetHints":{"allow":["GET"]}}],"collection":[{"href":"https:\/\/oma.media.fi\/loviisan-sanomat\/wp-json\/wp\/v2\/pages"}],"about":[{"href":"https:\/\/oma.media.fi\/loviisan-sanomat\/wp-json\/wp\/v2\/types\/page"}],"author":[{"embeddable":true,"href":"https:\/\/oma.media.fi\/loviisan-sanomat\/wp-json\/wp\/v2\/users\/1"}],"replies":[{"embeddable":true,"href":"https:\/\/oma.media.fi\/loviisan-sanomat\/wp-json\/wp\/v2\/comments?post=552"}],"version-history":[{"count":1,"href":"https:\/\/oma.media.fi\/loviisan-sanomat\/wp-json\/wp\/v2\/pages\/552\/revisions"}],"predecessor-version":[{"id":10180,"href":"https:\/\/oma.media.fi\/loviisan-sanomat\/wp-json\/wp\/v2\/pages\/552\/revisions\/10180"}],"wp:attachment":[{"href":"https:\/\/oma.media.fi\/loviisan-sanomat\/wp-json\/wp\/v2\/media?parent=552"}],"curies":[{"name":"wp","href":"https:\/\/api.w.org\/{rel}","templated":true}]}}