{"id":8007,"date":"2021-04-01T15:03:20","date_gmt":"2021-04-01T12:03:20","guid":{"rendered":"https:\/\/oma.media.fi\/loviisan-sanomat\/peruutus\/"},"modified":"2025-09-29T10:15:10","modified_gmt":"2025-09-29T07:15:10","slug":"tilauksen-peruminen","status":"publish","type":"page","link":"https:\/\/oma.media.fi\/loviisan-sanomat\/tilauksen-peruminen\/","title":{"rendered":"Tilauksen peruminen"},"content":{"rendered":"<p>T\u00e4lt\u00e4 sivulta l\u00f6yd\u00e4t tietoa Loviisan Sanomien tilauksen perumisesta.<\/p>\n<h2><a href=\"https:\/\/oma.media.fi\/loviisan-sanomat\/tilauksen-peruminen\/#jatkuva\">Jatkuvan tilauksen peruutus<\/a><\/h2>\n<h2><a href=\"https:\/\/oma.media.fi\/loviisan-sanomat\/tilauksen-peruminen\/#maara-aikainen\">M\u00e4\u00e4r\u00e4aikaisen tilauksen peruutus<\/a><\/h2>\n<h2><a href=\"https:\/\/oma.media.fi\/loviisan-sanomat\/tilauksen-peruminen\/#etamyynti\">Et\u00e4myynniss\u00e4 tehdyn tilauksen peruuttamisoikeus<\/a><\/h2>\n<hr id=\"jatkuva\" \/>\n<h2>Jatkuvan tilauksen peruutus<\/h2>\n<p>Tiesitk\u00f6, ett\u00e4 voit p\u00e4\u00e4tt\u00e4\u00e4 <b>jatkuvan tilauksen<\/b> kuluitta kuluvan laskutusjakson loppuun ilmoittamalla perumisesta asiakaspalveluun ennen seuraavan kauden alkamista. Jos kyseess\u00e4 on kuolintapaus tai muutto, voidaan tilaus p\u00e4\u00e4tt\u00e4\u00e4 poikkeuksellisesti kesken laskutusjakson.<\/p>\n<h3>Haluamme palvella sinua joustavasti, jotta voit jatkaa tilaamista hyvill\u00e4 mielin. Olisiko n\u00e4ist\u00e4 vinkeist\u00e4 apua tilanteeseesi?<\/h3>\n<ul>\n<li><strong>Tilauslaskun maksuer\u00e4n pienent\u00e4minen<\/strong><\/li>\n<\/ul>\n<p style=\"padding-left: 40px\">Jatkuvan tilauksen maksut voi jakaa lyhyempiin maksuv\u00e4leihin ja t\u00e4ll\u00f6in kertamaksu on pienempi. Mahdollisuutta voi k\u00e4ytt\u00e4\u00e4 avoinna olevaan tai tulevaan laskuun ja laskun voi jakaa minimiss\u00e4\u00e4n 2 kk jaksoihin.<\/p>\n<ul>\n<li><strong>Er\u00e4p\u00e4iv\u00e4n siirt\u00e4minen<\/strong><\/li>\n<\/ul>\n<p style=\"padding-left: 40px\">Voit neuvotella tilauslaskulle poikkeuksellisesti lis\u00e4\u00e4 maksuaikaa, jos tilanteesi sit\u00e4 vaatii.<\/p>\n<ul>\n<li style=\"list-style-type: none\">\n<ul>\n<li><strong>Tilausmuodon muuttaminen<\/strong><\/li>\n<\/ul>\n<\/li>\n<\/ul>\n<p style=\"padding-left: 40px\">Kaipaatko digin rinnalle painettua lehte\u00e4? Voimme muuttaa tilausmuotoa palvelemaan tarpeitasi paremmin.<\/p>\n<ul>\n<li><strong>Tilauksen keskeytt\u00e4minen<\/strong><\/li>\n<\/ul>\n<p style=\"padding-left: 40px\">Voimme keskeytt\u00e4\u00e4 tilauksesi enint\u00e4\u00e4n 3 kuukaudeksi tilaamastasi lehdest\u00e4 riippuen. Kestotilaajana keskeytys hyvitet\u00e4\u00e4n tilausjaksosi loppuun. Lis\u00e4tietoja jakelunkeskeytyksist\u00e4 l\u00f6yd\u00e4 <a href=\"https:\/\/oma.media.fi\/loviisan-sanomat\/jakelunkeskeytysehdot\/\"><u>t\u00e4\u00e4lt\u00e4<\/u><\/a>.\u00a0 Muistathan, ett\u00e4 voit my\u00f6s tehd\u00e4 tilap\u00e4isen osoitteenmuutoksen.<\/p>\n<ul>\n<li><strong>Lehden vaihtaminen<\/strong><\/li>\n<\/ul>\n<p style=\"padding-left: 40px\">Jos olet muuttamassa toiselle paikkakunnalle, kannattaa tarkistaa ilmestyyk\u00f6 uudessa asuinymp\u00e4rist\u00f6ss\u00e4 Mediakonserni Keskisuomalaisen lehti. Ehk\u00e4 voimme vaihtaa lehden tai tehd\u00e4 sinulle hyv\u00e4n tarjouksen, jotta tied\u00e4t heti mit\u00e4 uudella paikkakunnalla tapahtuu.<\/p>\n<h3>Auttaisivatko n\u00e4m\u00e4 keinot sinua? Ota yhteytt\u00e4 omaan <a href=\"https:\/\/oma.media.fi\/loviisan-sanomat\/yhteystiedot\/\"><u>asiakaspalveluusi<\/u>,<\/a> niin laitetaan asiat kuntoon!<\/h3>\n<p>&nbsp;<\/p>\n<hr id=\"maara-aikainen\" \/>\n<h2>M\u00e4\u00e4r\u00e4aikaisen tilauksen peruutus<\/h2>\n<p><b>M\u00e4\u00e4r\u00e4aikaista tilausta<\/b> ei voi p\u00e4\u00e4tt\u00e4\u00e4 kesken tilausjakson, mutta lehden voi lahjoittaa toiselle henkil\u00f6lle tai keskeytt\u00e4\u00e4 lehden jakelun. Tilausmaksua ei kuitenkaan palauteta.<\/p>\n<p>Lue tarkemmin <a href=\"https:\/\/oma.media.fi\/loviisan-sanomat\/tilaa\/tilausehdot\/\">tilausehdoista &gt;&gt;<\/a><\/p>\n<p>&nbsp;<\/p>\n<hr id=\"etamyynti\" \/>\n<h2>Et\u00e4myynniss\u00e4 tehdyn tilauksen peruuttamisoikeus<\/h2>\n<p>Tilaajalla on oikeus peruuttaa et\u00e4myynniss\u00e4 tehty lehtitilaus Kuluttajasuojalain nojalla 14 p\u00e4iv\u00e4n kuluessa syyt\u00e4 ilmoittamatta.<\/p>\n<p><strong>Peruuttamisoikeuden alkaminen ja p\u00e4\u00e4ttyminen<\/strong><\/p>\n<p>Peruuttamisen m\u00e4\u00e4r\u00e4aika p\u00e4\u00e4ttyy 14 p\u00e4iv\u00e4n kuluttua siit\u00e4, kun tuote on vastaanotettu.<\/p>\n<ul>\n<li>Mik\u00e4li tilaukseen kuuluu painettu lehti, alkaa peruutusoikeuden laskeminen siit\u00e4, kun ensimm\u00e4inen lehti on vastaanotettu.<\/li>\n<li>Kun kyse on palvelun tai s\u00e4hk\u00f6isesti toimitettavasta digitaalisesta sis\u00e4ll\u00f6st\u00e4, peruuttamisen m\u00e4\u00e4r\u00e4aika p\u00e4\u00e4ttyy 14 p\u00e4iv\u00e4n kuluttua siit\u00e4, kun sopimus on tehty.<\/li>\n<\/ul>\n<p><strong>Miten teen peruutuksen<\/strong><\/p>\n<p>Peruuttamisoikeuden k\u00e4ytt\u00e4miseksi teid\u00e4n on ilmoitettava lehden asiakaspalveluun p\u00e4\u00e4t\u00f6ksest\u00e4nne peruuttaa et\u00e4myynniss\u00e4 tehty tilaussopimus. Peruutuksen voi tehd\u00e4:<\/p>\n<ul>\n<li>Verkossa <a href=\"https:\/\/oma.media.fi\/loviisan-sanomat\/yhteystiedot\/tilauksen-peruminen\/\" target=\"_blank\" rel=\"noopener\">palautelomakkeella<\/a><\/li>\n<li>Soittamalla tai l\u00e4hett\u00e4m\u00e4ll\u00e4 s\u00e4hk\u00f6postia <a href=\"https:\/\/oma.media.fi\/loviisan-sanomat\/yhteystiedot\/\" target=\"_blank\" rel=\"noopener\"><u>asiakaspalveluun<\/u><\/a><\/li>\n<\/ul>\n<p>Laskun maksamatta j\u00e4tt\u00e4minen ei ole peruutus.<\/p>\n<ul>\n<li>Peruuttamisen m\u00e4\u00e4r\u00e4ajan noudattamiseksi riitt\u00e4\u00e4, ett\u00e4 l\u00e4het\u00e4tte ilmoituksenne peruuttamisoikeuden k\u00e4yt\u00f6st\u00e4 ennen peruuttamisajan p\u00e4\u00e4ttymist\u00e4.<\/li>\n<\/ul>\n<p><strong>Peruuttamisen vaikutukset<\/strong><br \/>\nJos peruutatte t\u00e4m\u00e4n sopimuksen, palautamme teille kaikki teilt\u00e4 saamamme suoritukset, my\u00f6s toimituskustannukset (paitsi lis\u00e4kustannuksia siit\u00e4, ett\u00e4 olette valinnut tarjoamastamme edullisimmasta vakiotoimitustavasta poikkeavan toimitustavan), viivytyksett\u00e4 ja joka tapauksessa viimeist\u00e4\u00e4n 14 p\u00e4iv\u00e4n kuluttua peruuttamisilmoituksen saatuamme.<\/p>\n<p>Suoritamme palautuksen sill\u00e4 maksutavalla, jota olette k\u00e4ytt\u00e4nyt alkuper\u00e4isess\u00e4 liiketoimessa, ellette ole nimenomaisesti suostunut muuhun, ja joka tapauksessa siten, ett\u00e4 teille ei aiheudu suoritusten palauttamisesta kustannuksia.<\/p>\n","protected":false},"excerpt":{"rendered":"<p>T\u00e4lt\u00e4 sivulta l\u00f6yd\u00e4t tietoa tilauksen perumisesta. Jatkuvan tilauksen peruutus M\u00e4\u00e4r\u00e4aikaisen tilauksen peruutus Et\u00e4myynniss\u00e4 tehdyn tilauksen peruuttamisoikeus Jatkuvan tilauksen peruutus Tiesitk\u00f6, ett\u00e4 voit p\u00e4\u00e4tt\u00e4\u00e4 jatkuvan tilauksen kuluitta kuluvan laskutusjakson loppuun ilmoittamalla perumisesta asiakaspalveluun ennen seuraavan kauden alkamista. Jos kyseess\u00e4 on kuolintapaus tai muutto, voidaan tilaus p\u00e4\u00e4tt\u00e4\u00e4 poikkeuksellisesti kesken laskutusjakson. Haluamme palvella sinua joustavasti, jotta voit jatkaa [&hellip;]<\/p>\n","protected":false},"author":1,"featured_media":8008,"parent":0,"menu_order":0,"comment_status":"closed","ping_status":"closed","template":"","meta":{"_acf_changed":false,"footnotes":""},"class_list":["post-8007","page","type-page","status-publish","has-post-thumbnail","hentry"],"acf":[],"yoast_head":"<!-- This site is optimized with the Yoast SEO plugin v26.2 - https:\/\/yoast.com\/wordpress\/plugins\/seo\/ -->\n<title>Tilauksen peruminen - Loviisan Sanomat<\/title>\n<meta name=\"description\" content=\"Tilauksen peruminen. Haluamme palvella sinua joustavasti, jotta voit jatkaa tilaustasi. Olisiko n\u00e4ist\u00e4 vinkeist\u00e4 apua tilanteeseesi?\" \/>\n<meta name=\"robots\" content=\"index, follow, max-snippet:-1, max-image-preview:large, max-video-preview:-1\" \/>\n<link rel=\"canonical\" href=\"https:\/\/oma.media.fi\/loviisan-sanomat\/tilauksen-peruminen\/\" \/>\n<meta property=\"og:locale\" content=\"fi_FI\" \/>\n<meta property=\"og:type\" content=\"article\" \/>\n<meta property=\"og:title\" content=\"Tilauksen peruminen\" \/>\n<meta property=\"og:description\" content=\"Tilauksen peruminen. Haluamme palvella sinua joustavasti, jotta voit jatkaa tilaustasi. Olisiko n\u00e4ist\u00e4 vinkeist\u00e4 apua tilanteeseesi?\" \/>\n<meta property=\"og:url\" content=\"https:\/\/oma.media.fi\/loviisan-sanomat\/tilauksen-peruminen\/\" \/>\n<meta property=\"og:site_name\" content=\"Loviisan Sanomat\" \/>\n<meta property=\"article:modified_time\" content=\"2025-09-29T07:15:10+00:00\" \/>\n<meta property=\"og:image\" content=\"https:\/\/oma.media.fi\/loviisan-sanomat\/wp-content\/uploads\/sites\/30\/2021\/04\/kansi.jpg\" \/>\n\t<meta property=\"og:image:width\" content=\"810\" \/>\n\t<meta property=\"og:image:height\" content=\"260\" \/>\n\t<meta property=\"og:image:type\" content=\"image\/jpeg\" \/>\n<meta name=\"twitter:card\" content=\"summary_large_image\" \/>\n<meta name=\"twitter:label1\" content=\"Arvioitu lukuaika\" \/>\n\t<meta name=\"twitter:data1\" content=\"3 minuuttia\" \/>\n<script type=\"application\/ld+json\" class=\"yoast-schema-graph\">{\"@context\":\"https:\/\/schema.org\",\"@graph\":[{\"@type\":\"WebPage\",\"@id\":\"https:\/\/oma.media.fi\/loviisan-sanomat\/tilauksen-peruminen\/\",\"url\":\"https:\/\/oma.media.fi\/loviisan-sanomat\/tilauksen-peruminen\/\",\"name\":\"Tilauksen peruminen - Loviisan Sanomat\",\"isPartOf\":{\"@id\":\"https:\/\/oma.media.fi\/loviisan-sanomat\/#website\"},\"primaryImageOfPage\":{\"@id\":\"https:\/\/oma.media.fi\/loviisan-sanomat\/tilauksen-peruminen\/#primaryimage\"},\"image\":{\"@id\":\"https:\/\/oma.media.fi\/loviisan-sanomat\/tilauksen-peruminen\/#primaryimage\"},\"thumbnailUrl\":\"https:\/\/oma.media.fi\/loviisan-sanomat\/wp-content\/uploads\/sites\/30\/2021\/04\/kansi.jpg\",\"datePublished\":\"2021-04-01T12:03:20+00:00\",\"dateModified\":\"2025-09-29T07:15:10+00:00\",\"description\":\"Tilauksen peruminen. Haluamme palvella sinua joustavasti, jotta voit jatkaa tilaustasi. Olisiko n\u00e4ist\u00e4 vinkeist\u00e4 apua tilanteeseesi?\",\"breadcrumb\":{\"@id\":\"https:\/\/oma.media.fi\/loviisan-sanomat\/tilauksen-peruminen\/#breadcrumb\"},\"inLanguage\":\"fi\",\"potentialAction\":[{\"@type\":\"ReadAction\",\"target\":[\"https:\/\/oma.media.fi\/loviisan-sanomat\/tilauksen-peruminen\/\"]}]},{\"@type\":\"ImageObject\",\"inLanguage\":\"fi\",\"@id\":\"https:\/\/oma.media.fi\/loviisan-sanomat\/tilauksen-peruminen\/#primaryimage\",\"url\":\"https:\/\/oma.media.fi\/loviisan-sanomat\/wp-content\/uploads\/sites\/30\/2021\/04\/kansi.jpg\",\"contentUrl\":\"https:\/\/oma.media.fi\/loviisan-sanomat\/wp-content\/uploads\/sites\/30\/2021\/04\/kansi.jpg\",\"width\":810,\"height\":260,\"caption\":\"Tilauksen peruutus\"},{\"@type\":\"BreadcrumbList\",\"@id\":\"https:\/\/oma.media.fi\/loviisan-sanomat\/tilauksen-peruminen\/#breadcrumb\",\"itemListElement\":[{\"@type\":\"ListItem\",\"position\":1,\"name\":\"Etusivu\",\"item\":\"https:\/\/oma.media.fi\/loviisan-sanomat\/\"},{\"@type\":\"ListItem\",\"position\":2,\"name\":\"Tilauksen peruminen\"}]},{\"@type\":\"WebSite\",\"@id\":\"https:\/\/oma.media.fi\/loviisan-sanomat\/#website\",\"url\":\"https:\/\/oma.media.fi\/loviisan-sanomat\/\",\"name\":\"Loviisan Sanomat\",\"description\":\"Asiakaspalvelu\",\"potentialAction\":[{\"@type\":\"SearchAction\",\"target\":{\"@type\":\"EntryPoint\",\"urlTemplate\":\"https:\/\/oma.media.fi\/loviisan-sanomat\/?s={search_term_string}\"},\"query-input\":{\"@type\":\"PropertyValueSpecification\",\"valueRequired\":true,\"valueName\":\"search_term_string\"}}],\"inLanguage\":\"fi\"}]}<\/script>\n<!-- \/ Yoast SEO plugin. -->","yoast_head_json":{"title":"Tilauksen peruminen - Loviisan Sanomat","description":"Tilauksen peruminen. Haluamme palvella sinua joustavasti, jotta voit jatkaa tilaustasi. Olisiko n\u00e4ist\u00e4 vinkeist\u00e4 apua tilanteeseesi?","robots":{"index":"index","follow":"follow","max-snippet":"max-snippet:-1","max-image-preview":"max-image-preview:large","max-video-preview":"max-video-preview:-1"},"canonical":"https:\/\/oma.media.fi\/loviisan-sanomat\/tilauksen-peruminen\/","og_locale":"fi_FI","og_type":"article","og_title":"Tilauksen peruminen","og_description":"Tilauksen peruminen. Haluamme palvella sinua joustavasti, jotta voit jatkaa tilaustasi. Olisiko n\u00e4ist\u00e4 vinkeist\u00e4 apua tilanteeseesi?","og_url":"https:\/\/oma.media.fi\/loviisan-sanomat\/tilauksen-peruminen\/","og_site_name":"Loviisan Sanomat","article_modified_time":"2025-09-29T07:15:10+00:00","og_image":[{"width":810,"height":260,"url":"https:\/\/oma.media.fi\/loviisan-sanomat\/wp-content\/uploads\/sites\/30\/2021\/04\/kansi.jpg","type":"image\/jpeg"}],"twitter_card":"summary_large_image","twitter_misc":{"Arvioitu lukuaika":"3 minuuttia"},"schema":{"@context":"https:\/\/schema.org","@graph":[{"@type":"WebPage","@id":"https:\/\/oma.media.fi\/loviisan-sanomat\/tilauksen-peruminen\/","url":"https:\/\/oma.media.fi\/loviisan-sanomat\/tilauksen-peruminen\/","name":"Tilauksen peruminen - Loviisan Sanomat","isPartOf":{"@id":"https:\/\/oma.media.fi\/loviisan-sanomat\/#website"},"primaryImageOfPage":{"@id":"https:\/\/oma.media.fi\/loviisan-sanomat\/tilauksen-peruminen\/#primaryimage"},"image":{"@id":"https:\/\/oma.media.fi\/loviisan-sanomat\/tilauksen-peruminen\/#primaryimage"},"thumbnailUrl":"https:\/\/oma.media.fi\/loviisan-sanomat\/wp-content\/uploads\/sites\/30\/2021\/04\/kansi.jpg","datePublished":"2021-04-01T12:03:20+00:00","dateModified":"2025-09-29T07:15:10+00:00","description":"Tilauksen peruminen. Haluamme palvella sinua joustavasti, jotta voit jatkaa tilaustasi. Olisiko n\u00e4ist\u00e4 vinkeist\u00e4 apua tilanteeseesi?","breadcrumb":{"@id":"https:\/\/oma.media.fi\/loviisan-sanomat\/tilauksen-peruminen\/#breadcrumb"},"inLanguage":"fi","potentialAction":[{"@type":"ReadAction","target":["https:\/\/oma.media.fi\/loviisan-sanomat\/tilauksen-peruminen\/"]}]},{"@type":"ImageObject","inLanguage":"fi","@id":"https:\/\/oma.media.fi\/loviisan-sanomat\/tilauksen-peruminen\/#primaryimage","url":"https:\/\/oma.media.fi\/loviisan-sanomat\/wp-content\/uploads\/sites\/30\/2021\/04\/kansi.jpg","contentUrl":"https:\/\/oma.media.fi\/loviisan-sanomat\/wp-content\/uploads\/sites\/30\/2021\/04\/kansi.jpg","width":810,"height":260,"caption":"Tilauksen peruutus"},{"@type":"BreadcrumbList","@id":"https:\/\/oma.media.fi\/loviisan-sanomat\/tilauksen-peruminen\/#breadcrumb","itemListElement":[{"@type":"ListItem","position":1,"name":"Etusivu","item":"https:\/\/oma.media.fi\/loviisan-sanomat\/"},{"@type":"ListItem","position":2,"name":"Tilauksen peruminen"}]},{"@type":"WebSite","@id":"https:\/\/oma.media.fi\/loviisan-sanomat\/#website","url":"https:\/\/oma.media.fi\/loviisan-sanomat\/","name":"Loviisan Sanomat","description":"Asiakaspalvelu","potentialAction":[{"@type":"SearchAction","target":{"@type":"EntryPoint","urlTemplate":"https:\/\/oma.media.fi\/loviisan-sanomat\/?s={search_term_string}"},"query-input":{"@type":"PropertyValueSpecification","valueRequired":true,"valueName":"search_term_string"}}],"inLanguage":"fi"}]}},"publishpress_future_action":{"enabled":false,"date":"2026-04-22 03:17:40","action":"change-status","newStatus":"draft","terms":[],"taxonomy":"","extraData":[]},"publishpress_future_workflow_manual_trigger":{"enabledWorkflows":[]},"_links":{"self":[{"href":"https:\/\/oma.media.fi\/loviisan-sanomat\/wp-json\/wp\/v2\/pages\/8007","targetHints":{"allow":["GET"]}}],"collection":[{"href":"https:\/\/oma.media.fi\/loviisan-sanomat\/wp-json\/wp\/v2\/pages"}],"about":[{"href":"https:\/\/oma.media.fi\/loviisan-sanomat\/wp-json\/wp\/v2\/types\/page"}],"author":[{"embeddable":true,"href":"https:\/\/oma.media.fi\/loviisan-sanomat\/wp-json\/wp\/v2\/users\/1"}],"replies":[{"embeddable":true,"href":"https:\/\/oma.media.fi\/loviisan-sanomat\/wp-json\/wp\/v2\/comments?post=8007"}],"version-history":[{"count":21,"href":"https:\/\/oma.media.fi\/loviisan-sanomat\/wp-json\/wp\/v2\/pages\/8007\/revisions"}],"predecessor-version":[{"id":10935,"href":"https:\/\/oma.media.fi\/loviisan-sanomat\/wp-json\/wp\/v2\/pages\/8007\/revisions\/10935"}],"wp:featuredmedia":[{"embeddable":true,"href":"https:\/\/oma.media.fi\/loviisan-sanomat\/wp-json\/wp\/v2\/media\/8008"}],"wp:attachment":[{"href":"https:\/\/oma.media.fi\/loviisan-sanomat\/wp-json\/wp\/v2\/media?parent=8007"}],"curies":[{"name":"wp","href":"https:\/\/api.w.org\/{rel}","templated":true}]}}