{"id":308,"date":"2018-11-09T08:41:23","date_gmt":"2018-11-09T06:41:23","guid":{"rendered":"https:\/\/oma.media.fi\/matti-ja-liisa\/ilmoita\/ohjeita-ilmoittajalle\/"},"modified":"2026-03-17T12:47:33","modified_gmt":"2026-03-17T10:47:33","slug":"ohjeita-ilmoittajalle","status":"publish","type":"page","link":"https:\/\/oma.media.fi\/matti-ja-liisa\/ilmoita\/ohjeita-ilmoittajalle\/","title":{"rendered":"Ohjeita ilmoittajalle"},"content":{"rendered":"<h3 data-start=\"495\" data-end=\"529\">Tee ilmoitus helposti verkossa<\/h3>\n<p data-start=\"530\" data-end=\"682\">Valitse haluamasi lehti\u00a0 <a href=\"https:\/\/oma.media.fi\/wp-content\/uploads\/2026\/01\/Mediakonseni-Keskisuomalaisen-lehdet.pdf\" target=\"_blank\" rel=\"noopener\"><strong data-start=\"555\" data-end=\"572\">J\u00e4t\u00e4 ilmoitus<\/strong> <\/a>-verkkopalvelussamme, valittavanasi on kaikki Mediakonserni Keskisuomalaisen lehdet<\/p>\n<p data-start=\"684\" data-end=\"713\">Jatka valitsemalla ilmoituksesi osasto:<br \/>\n<em>(osastovalikoima vaihtelee lehditt\u00e4in)<\/em><\/p>\n<ul>\n<li data-start=\"716\" data-end=\"734\">Perheilmoitukset<\/li>\n<li data-start=\"716\" data-end=\"734\">Luokitellut ilmoitukset<\/li>\n<li data-start=\"716\" data-end=\"734\">Seura- ja j\u00e4rjest\u00f6toiminta<\/li>\n<li data-start=\"716\" data-end=\"734\">Kuolinilmoitukset ja surukiitokset<\/li>\n<\/ul>\n<p data-start=\"834\" data-end=\"961\">Palvelussa k\u00e4yt\u00f6ss\u00e4si on valmiita ilmoitusmalleja, joita voit muokata. Ilmoituksen hinta p\u00e4ivittyy automaattisesti koon mukaan.<\/p>\n<hr data-start=\"1114\" data-end=\"1117\" \/>\n<h3>Tarvitsetko apua?<\/h3>\n<p data-start=\"1141\" data-end=\"1272\">Jos et l\u00f6yd\u00e4 sopivaa ilmoitusmallia tai kaipaat apua ilmoituksen tekemisess\u00e4, asiakaspalvelumme auttaa mielell\u00e4\u00e4n.<\/p>\n<p data-start=\"1141\" data-end=\"1272\"><a class=\"button\" href=\"https:\/\/oma.media.fi\/lehti\/yhteystiedot\/ota-yhteytta\/\" target=\"_blank\" rel=\"noopener\">Ota yhteytt\u00e4 asiakaspalveluun<\/a><\/p>\n<p data-start=\"1141\" data-end=\"1272\">Huomioithan, ett\u00e4 perjantaina klo 18 j\u00e4lkeen tulleet viestit k\u00e4sitell\u00e4\u00e4n seuraavana arkip\u00e4iv\u00e4n\u00e4.<\/p>\n<hr data-start=\"1438\" data-end=\"1441\" \/>\n<h3 data-start=\"1443\" data-end=\"1480\">Kuolinilmoitukset ja surukiitokset<\/h3>\n<p data-start=\"1481\" data-end=\"1614\">Kuolinilmoitusten kuvat, symbolit, hinnat ja lehtikohtaiset julkaisup\u00e4iv\u00e4t l\u00f6yd\u00e4t t\u00e4\u00e4lt\u00e4:<br data-start=\"1570\" data-end=\"1573\" \/><a href=\"https:\/\/oma.media.fi\/wp-content\/uploads\/2026\/01\/MEKS_Kuolinilmoitukset_hinnasto_A4_12.1.2026.pdf\" target=\"_blank\" rel=\"noopener\"><strong data-start=\"1573\" data-end=\"1614\">Kuolinilmoitus- ja surukiitoshinnasto<\/strong><\/a><\/p>\n<ul>\n<li>Juhlapyh\u00e4t voivat vaikuttaa julkaisup\u00e4iviin ja ilmoitusten j\u00e4tt\u00f6aikoihin<\/li>\n<li>Palvelun v\u00e4rssypankin teksteill\u00e4 ja symboleilla on julkaisulupa<\/li>\n<li>Jos k\u00e4yt\u00e4t omaa runoa, laulun sanoja tai toisen henkil\u00f6n tekem\u00e4\u00e4 kuvaa, varmista k\u00e4ytt\u00f6oikeus<\/li>\n<\/ul>\n<p data-start=\"1864\" data-end=\"1894\">Lis\u00e4tietoa tekij\u00e4noikeuksista:<\/p>\n<ul>\n<li data-start=\"1897\" data-end=\"1942\"><a href=\"https:\/\/www.tekijanoikeus.fi\/\" target=\"_blank\" rel=\"noopener\">Tekij\u00e4noikeuden tiedotus- ja valvontakeskus<\/a><\/li>\n<li data-start=\"1897\" data-end=\"1942\"><a href=\"https:\/\/www.sanasto.fi\/kirjallisuuden-kaytto-kuolinilmoituksessa\/\" target=\"_blank\" rel=\"noopener\">Sanasto<\/a><\/li>\n<\/ul>\n<hr data-start=\"1954\" data-end=\"1957\" \/>\n<h3 data-start=\"1959\" data-end=\"1983\">Ilmoituksen j\u00e4tt\u00f6ajat<\/h3>\n<p data-start=\"1984\" data-end=\"2066\">Hyv\u00e4ksytty ilmoitus tulee toimittaa <a href=\"https:\/\/oma.media.fi\/wp-content\/uploads\/2026\/03\/Lukijailmoitukset-2026-DL-lehdittain.pdf\" target=\"_blank\" rel=\"noopener\">ko. lehden aikataulun mukaisesti.\u00a0<\/a><\/p>\n<p>Huomioithan, ett\u00e4 juhlapyh\u00e4t voivat vaikuttaa julkaisup\u00e4iviin ja ilmoitusten j\u00e4tt\u00f6aikoihin<\/p>\n<hr data-start=\"1954\" data-end=\"1957\" \/>\n<h3 data-start=\"2859\" data-end=\"2882\">Poliittinen mainonta<\/h3>\n<p data-start=\"2883\" data-end=\"2962\">Vaalit ja poliittinen ilmoittaminen hoidetaan keskitetysti <a href=\"https:\/\/meks.fi\/yhteystiedot\/\" target=\"_blank\" rel=\"noopener\">Mediamyynnin kautta<\/a>.<\/p>\n<p data-start=\"2964\" data-end=\"3108\">10.10.2025 on voimaan tullut EU:n uusi asetus poliittisesta mainonnasta (TTPA).<br data-start=\"159\" data-end=\"162\" \/>Asetus vaikuttaa poliittisen mainonnan tunnistettavuuteen ja l\u00e4pin\u00e4kyvyyteen.<br \/>\nVarmista, ett\u00e4 kaikki poliittiseksi mainonnaksi katsottavat sis\u00e4ll\u00f6t ovat asetuksen mukaisia.<\/p>\n<p>Poliittiseksi mainonnaksi katsotaan mainonta, mink\u00e4 rahoittajana toimii poliittinen toimija itse tai joku h\u00e4nen puolestaan (esim. kokousilmoitukset sek\u00e4 vaaliin, kansan\u00e4\u00e4nestykseen, lakiin tai muuhun s\u00e4\u00e4ntelyyn vaikuttava mainonta)<\/p>\n<p data-start=\"2964\" data-end=\"3108\">Jokaisen poliittisen mainoksen yhteydess\u00e4 on oltava maininta poliittisesta mainoksesta, rahoittajan tiedot sek\u00e4 linkki tai QR-koodi\u00a0<a href=\"https:\/\/meks.fi\/poliittinen-mainonta\/\" target=\"_blank\" rel=\"noopener\">avoimuusilmoitukseen<\/a>.<\/p>\n<hr data-start=\"2068\" data-end=\"2071\" \/>\n<h3 data-start=\"2073\" data-end=\"2092\">Hinnat ja maksut<\/h3>\n<p data-start=\"2137\" data-end=\"2214\">Asiakaspalvelun kautta j\u00e4tett\u00e4vist\u00e4 ilmoituksista veloitetaan valmistusmaksu:<\/p>\n<ul>\n<li>J\u00e4rjest\u00f6ilmoitukset: <strong data-start=\"2238\" data-end=\"2245\">5 \u20ac<\/strong><\/li>\n<li>Kuolinilmoitukset ja surukiitokset: <strong data-start=\"2286\" data-end=\"2300\">0,20 \u20ac\/pmm<\/strong><\/li>\n<li>Perhe- ja luokitellut ilmoitukset: <strong data-start=\"2340\" data-end=\"2357\">13,81\u201326,36 \u20ac<\/strong> koon mukaan<\/li>\n<\/ul>\n<p data-start=\"2373\" data-end=\"2451\"><span style=\"color: #339966\"><strong data-start=\"2376\" data-end=\"2451\">Verkkopalvelussa itse tehtyihin ilmoituksiin ei lis\u00e4t\u00e4 valmistusmaksua.<br \/>\n<\/strong><strong>Kun teet Luokitellut-osaston ilmoituksen itse verkkopalvelussa,<br \/>\nsaat 25 % alennuksen ilmoituksen normaali hinnasta.<\/strong><\/span><\/p>\n<hr data-start=\"2453\" data-end=\"2456\" \/>\n<h3><strong>Maksuliikenne, maksuehdot ja vastuu virheist\u00e4<\/strong><\/h3>\n<p><strong>Mediakonserni Keskisuomaisen maksuliikennetiedot<br \/>\n<\/strong>Keskisuomalainen Media Oy<br \/>\nY-tunnus 2005510-5<br \/>\nOsuuspankki FI33 5000 0120 4981 74 ja Nordea FI88 2027 3800 0059 27<\/p>\n<p data-start=\"2627\" data-end=\"2639\"><strong>Maksuehdot<br \/>\n<\/strong>\u2022 Yritysasiakkaat 10 pv netto<br \/>\n\u2022 Yksityisasiakkaat 14 pv netto<br \/>\n\u2022 Viiv\u00e4styskorko korkolain 4 \u00a7:n mukaisesti<br \/>\n\u2022 Mahdollinen hinnanmuutos koskee my\u00f6s jo tehtyj\u00e4 ilmoitusvarauksia<br \/>\n\u2022 Laista, asetuksista tai viranomaisen toimenpiteist\u00e4 aiheutuvat kustannuslis\u00e4ykset korottavat hintoja vastaavasti m\u00e4\u00e4r\u00e4ysten voimaantulohetkest\u00e4 lukien.<br \/>\n\u2022 Paperilaskusta veloitamme yritysasiakkailta 7 \u20ac (alv 0 %), yksityisasiakkailta 3 \u20ac (sis. alv).<br \/>\nMahdollisuus maksuttomaan s\u00e4hk\u00f6postilaskuun, yrityksill\u00e4 mahdollisuus my\u00f6s maksuttomaan verkkolaskutukseen.<\/p>\n<p><strong>Verkkomaksaminen<br \/>\n<\/strong><strong>Maksut Visa, Visa Electron tai MasterCard-korteilla<br \/>\n<\/strong>Maksunv\u00e4lityspalvelun toteuttajana ja maksupalveluntarjoajana toimii Paytrail Oyj (Y-tunnus 2122839-7) yhteisty\u00f6ss\u00e4 suomalaisten pankkien ja luottolaitosten kanssa. Visa, Visa Electron tai MasterCard-korteilla teht\u00e4viss\u00e4 maksuissa Paytrail Oyj n\u00e4kyy maksun saajana korttilaskulla ja v\u00e4litt\u00e4\u00e4 maksun kauppiaalle. Paytrail Oyj:ll\u00e4 on maksulaitoksen toimilupa.<\/p>\n<p>Paytrail Oyj<br \/>\nInnova 2<br \/>\nLutakonaukio 7<br \/>\n40100 Jyv\u00e4skyl\u00e4<br \/>\nPuhelin: 0207 181830<\/p>\n<p><strong>Verkkopankit<br \/>\n<\/strong>Verkkopankkimaksamiseen liittyv\u00e4n maksunv\u00e4lityspalvelun toteuttaa Paytrail Oyj (2122839-7) yhteisty\u00f6ss\u00e4 suomalaisten pankkien ja luottolaitosten kanssa. K\u00e4ytt\u00e4j\u00e4n kannalta palvelu toimii aivan kuten perinteinen verkkomaksaminenkin.<\/p>\n<hr data-start=\"2854\" data-end=\"2857\" \/>\n<h3><strong>Vastuu virheist\u00e4 ja reklamaatiot:<\/strong><\/h3>\n<p><a href=\"https:\/\/keskisuomalainen.com\/myyntiehdot-kuluttajailmoitusasiakkaille\/\" target=\"_blank\" rel=\"noopener\">Mediakonserni Keskisuomalaisen myyntiehdot<\/a><\/p>\n<p>Muistutus virheellisest\u00e4 julkaisusta on teht\u00e4v\u00e4 kahdeksan (8) p\u00e4iv\u00e4n kuluessa ilmoituksen julkaisemisesta lehdess\u00e4 tai s\u00e4hk\u00f6isen kampanjan p\u00e4\u00e4ttymisest\u00e4. Muistutus laskutusvirheest\u00e4 on teht\u00e4v\u00e4 viimeist\u00e4\u00e4n kahdeksan (8) vuorokauden kuluessa laskutusp\u00e4iv\u00e4st\u00e4.<\/p>\n<p>Mediakonserni Keskisuomalainen ei vastaa Asiakkaalle aiheutuneista v\u00e4lillisist\u00e4 vahingoista. Vastuu v\u00e4litt\u00f6mist\u00e4 vahingoista rajoittuu ostetun mediatilan hintaan.<br \/>\nKaikki hyv\u00e4ksytyt mainokset pyrit\u00e4\u00e4n julkaisemaan sovitun aikataulun mukaisesti. Mik\u00e4li mainos ei tuotannollisista tai muista toiminnallisista syist\u00e4 (esim. lakko) tai Asiakkaasta johtuvasta syyst\u00e4 voida julkaista, Mediakonserni Keskisuomalainen ei vastaa t\u00e4st\u00e4 mahdollisesti aiheutuvasta vahingosta.<\/p>\n<p>Mediakonserni Keskisuomalainen ei vastaa mainoksen sis\u00e4lt\u00f6\u00f6n tai asuun tulleesta virheest\u00e4, joka johtuu esimerkiksi puutteellisesta tai virheellisest\u00e4 aineistosta, ep\u00e4selv\u00e4st\u00e4 k\u00e4sikirjoituksesta tai puhelimitse annetusta aineistosta.<\/p>\n<p>Mediakonserni Keskisuomalainen ei vastaa virheest\u00e4, joka ilmenee mainostajalle toimitetusta vedoksesta, jos Asiakas on hyv\u00e4ksynyt vedoksen sit\u00e4 korjaamatta tai j\u00e4tt\u00e4nyt kommentoimatta vedosta m\u00e4\u00e4r\u00e4aikaan menness\u00e4. Mediakonserni Keskisuomalainen ei anna hyvityst\u00e4 lehti-ilmoituksen v\u00e4h\u00e4isest\u00e4 paino-, palautus- tai taittovirheest\u00e4, joka ei vaikeuta ilmoituksen ymm\u00e4rt\u00e4mist\u00e4 eik\u00e4 v\u00e4henn\u00e4 sen mainosarvoa.<\/p>\n<p>Mediakonserni Keskisuomalaisella on oikeus sijoittaa mainos normaalin k\u00e4yt\u00e4nn\u00f6n mukaisesti mediaymp\u00e4rist\u00f6\u00f6n riippumatta toimituksellisesta sis\u00e4ll\u00f6st\u00e4 tai muiden asiakkaiden julkaisuista.<br \/>\nS\u00e4hk\u00f6inen palvelu voidaan ottaa tilap\u00e4isesti pois k\u00e4yt\u00f6st\u00e4 huollon, yll\u00e4pidon tai muun vastaavan syyn takia. Mediakonserni Keskisuomalainen ei vastaa k\u00e4ytt\u00f6katkosten aiheuttamista vahingoista.<br \/>\nVastuu mainoksen poisj\u00e4\u00e4misest\u00e4, julkaisemisessa sattuneesta virheest\u00e4 tai virheest\u00e4 aineiston valmistuksessa rajoittuu mediatilasta maksetun eurom\u00e4\u00e4r\u00e4n palauttamiseen.<\/p>\n<hr data-start=\"3416\" data-end=\"3419\" \/>\n<p data-start=\"3582\" data-end=\"3662\">\n","protected":false},"excerpt":{"rendered":"<p>Tee ilmoitus helposti verkossa Valitse haluamasi lehti\u00a0 J\u00e4t\u00e4 ilmoitus -verkkopalvelussamme, valittavanasi on kaikki Mediakonserni Keskisuomalaisen lehdet Jatka valitsemalla ilmoituksesi osasto: (osastovalikoima vaihtelee lehditt\u00e4in) Perheilmoitukset Luokitellut ilmoitukset Seura- ja j\u00e4rjest\u00f6toiminta Kuolinilmoitukset ja surukiitokset Palvelussa k\u00e4yt\u00f6ss\u00e4si on valmiita ilmoitusmalleja, joita voit muokata. Ilmoituksen hinta p\u00e4ivittyy automaattisesti koon mukaan. Tarvitsetko apua? Jos et l\u00f6yd\u00e4 sopivaa ilmoitusmallia tai kaipaat [&hellip;]<\/p>\n","protected":false},"author":1,"featured_media":0,"parent":43,"menu_order":0,"comment_status":"closed","ping_status":"closed","template":"template-ilmoita-ohjeet.php","meta":{"_acf_changed":false,"footnotes":""},"class_list":["post-308","page","type-page","status-publish","hentry"],"acf":[],"yoast_head":"<!-- This site is optimized with the Yoast SEO plugin v26.2 - https:\/\/yoast.com\/wordpress\/plugins\/seo\/ -->\n<title>Ohjeita ilmoittajalle - Matti ja Liisa<\/title>\n<meta name=\"description\" content=\"Verkkopalvelussamme voit j\u00e4tt\u00e4\u00e4 ilmoitukseen lehteen 24\/7. Ohjeita ja tietoja ilmoituksen j\u00e4tt\u00e4misest\u00e4 lehteen.\" \/>\n<meta name=\"robots\" content=\"index, follow, max-snippet:-1, max-image-preview:large, max-video-preview:-1\" \/>\n<link rel=\"canonical\" href=\"https:\/\/oma.media.fi\/matti-ja-liisa\/ilmoita\/ohjeita-ilmoittajalle\/\" \/>\n<meta property=\"og:locale\" content=\"fi_FI\" \/>\n<meta property=\"og:type\" content=\"article\" \/>\n<meta property=\"og:title\" content=\"Ohjeita ilmoittajalle\" \/>\n<meta property=\"og:description\" content=\"Verkkopalvelussamme voit j\u00e4tt\u00e4\u00e4 ilmoitukseen lehteen 24\/7. Ohjeita ja tietoja ilmoituksen j\u00e4tt\u00e4misest\u00e4 lehteen.\" \/>\n<meta property=\"og:url\" content=\"https:\/\/oma.media.fi\/matti-ja-liisa\/ilmoita\/ohjeita-ilmoittajalle\/\" \/>\n<meta property=\"og:site_name\" content=\"Matti ja Liisa\" \/>\n<meta property=\"article:modified_time\" content=\"2026-03-17T10:47:33+00:00\" \/>\n<meta name=\"twitter:card\" content=\"summary_large_image\" \/>\n<meta name=\"twitter:label1\" content=\"Arvioitu lukuaika\" \/>\n\t<meta name=\"twitter:data1\" content=\"4 minuuttia\" \/>\n<script type=\"application\/ld+json\" class=\"yoast-schema-graph\">{\"@context\":\"https:\/\/schema.org\",\"@graph\":[{\"@type\":\"WebPage\",\"@id\":\"https:\/\/oma.media.fi\/matti-ja-liisa\/ilmoita\/ohjeita-ilmoittajalle\/\",\"url\":\"https:\/\/oma.media.fi\/matti-ja-liisa\/ilmoita\/ohjeita-ilmoittajalle\/\",\"name\":\"Ohjeita ilmoittajalle - Matti ja Liisa\",\"isPartOf\":{\"@id\":\"https:\/\/oma.media.fi\/matti-ja-liisa\/#website\"},\"datePublished\":\"2018-11-09T06:41:23+00:00\",\"dateModified\":\"2026-03-17T10:47:33+00:00\",\"description\":\"Verkkopalvelussamme voit j\u00e4tt\u00e4\u00e4 ilmoitukseen lehteen 24\/7. Ohjeita ja tietoja ilmoituksen j\u00e4tt\u00e4misest\u00e4 lehteen.\",\"breadcrumb\":{\"@id\":\"https:\/\/oma.media.fi\/matti-ja-liisa\/ilmoita\/ohjeita-ilmoittajalle\/#breadcrumb\"},\"inLanguage\":\"fi\",\"potentialAction\":[{\"@type\":\"ReadAction\",\"target\":[\"https:\/\/oma.media.fi\/matti-ja-liisa\/ilmoita\/ohjeita-ilmoittajalle\/\"]}]},{\"@type\":\"BreadcrumbList\",\"@id\":\"https:\/\/oma.media.fi\/matti-ja-liisa\/ilmoita\/ohjeita-ilmoittajalle\/#breadcrumb\",\"itemListElement\":[{\"@type\":\"ListItem\",\"position\":1,\"name\":\"Etusivu\",\"item\":\"https:\/\/oma.media.fi\/matti-ja-liisa\/\"},{\"@type\":\"ListItem\",\"position\":2,\"name\":\"Ohjeita ilmoittajalle\"}]},{\"@type\":\"WebSite\",\"@id\":\"https:\/\/oma.media.fi\/matti-ja-liisa\/#website\",\"url\":\"https:\/\/oma.media.fi\/matti-ja-liisa\/\",\"name\":\"Matti ja Liisa\",\"description\":\"\",\"potentialAction\":[{\"@type\":\"SearchAction\",\"target\":{\"@type\":\"EntryPoint\",\"urlTemplate\":\"https:\/\/oma.media.fi\/matti-ja-liisa\/?s={search_term_string}\"},\"query-input\":{\"@type\":\"PropertyValueSpecification\",\"valueRequired\":true,\"valueName\":\"search_term_string\"}}],\"inLanguage\":\"fi\"}]}<\/script>\n<!-- \/ Yoast SEO plugin. -->","yoast_head_json":{"title":"Ohjeita ilmoittajalle - Matti ja Liisa","description":"Verkkopalvelussamme voit j\u00e4tt\u00e4\u00e4 ilmoitukseen lehteen 24\/7. Ohjeita ja tietoja ilmoituksen j\u00e4tt\u00e4misest\u00e4 lehteen.","robots":{"index":"index","follow":"follow","max-snippet":"max-snippet:-1","max-image-preview":"max-image-preview:large","max-video-preview":"max-video-preview:-1"},"canonical":"https:\/\/oma.media.fi\/matti-ja-liisa\/ilmoita\/ohjeita-ilmoittajalle\/","og_locale":"fi_FI","og_type":"article","og_title":"Ohjeita ilmoittajalle","og_description":"Verkkopalvelussamme voit j\u00e4tt\u00e4\u00e4 ilmoitukseen lehteen 24\/7. Ohjeita ja tietoja ilmoituksen j\u00e4tt\u00e4misest\u00e4 lehteen.","og_url":"https:\/\/oma.media.fi\/matti-ja-liisa\/ilmoita\/ohjeita-ilmoittajalle\/","og_site_name":"Matti ja Liisa","article_modified_time":"2026-03-17T10:47:33+00:00","twitter_card":"summary_large_image","twitter_misc":{"Arvioitu lukuaika":"4 minuuttia"},"schema":{"@context":"https:\/\/schema.org","@graph":[{"@type":"WebPage","@id":"https:\/\/oma.media.fi\/matti-ja-liisa\/ilmoita\/ohjeita-ilmoittajalle\/","url":"https:\/\/oma.media.fi\/matti-ja-liisa\/ilmoita\/ohjeita-ilmoittajalle\/","name":"Ohjeita ilmoittajalle - Matti ja Liisa","isPartOf":{"@id":"https:\/\/oma.media.fi\/matti-ja-liisa\/#website"},"datePublished":"2018-11-09T06:41:23+00:00","dateModified":"2026-03-17T10:47:33+00:00","description":"Verkkopalvelussamme voit j\u00e4tt\u00e4\u00e4 ilmoitukseen lehteen 24\/7. Ohjeita ja tietoja ilmoituksen j\u00e4tt\u00e4misest\u00e4 lehteen.","breadcrumb":{"@id":"https:\/\/oma.media.fi\/matti-ja-liisa\/ilmoita\/ohjeita-ilmoittajalle\/#breadcrumb"},"inLanguage":"fi","potentialAction":[{"@type":"ReadAction","target":["https:\/\/oma.media.fi\/matti-ja-liisa\/ilmoita\/ohjeita-ilmoittajalle\/"]}]},{"@type":"BreadcrumbList","@id":"https:\/\/oma.media.fi\/matti-ja-liisa\/ilmoita\/ohjeita-ilmoittajalle\/#breadcrumb","itemListElement":[{"@type":"ListItem","position":1,"name":"Etusivu","item":"https:\/\/oma.media.fi\/matti-ja-liisa\/"},{"@type":"ListItem","position":2,"name":"Ohjeita ilmoittajalle"}]},{"@type":"WebSite","@id":"https:\/\/oma.media.fi\/matti-ja-liisa\/#website","url":"https:\/\/oma.media.fi\/matti-ja-liisa\/","name":"Matti ja Liisa","description":"","potentialAction":[{"@type":"SearchAction","target":{"@type":"EntryPoint","urlTemplate":"https:\/\/oma.media.fi\/matti-ja-liisa\/?s={search_term_string}"},"query-input":{"@type":"PropertyValueSpecification","valueRequired":true,"valueName":"search_term_string"}}],"inLanguage":"fi"}]}},"publishpress_future_action":{"enabled":false,"date":"2026-04-22 01:40:03","action":"change-status","newStatus":"draft","terms":[],"taxonomy":"","extraData":[]},"publishpress_future_workflow_manual_trigger":{"enabledWorkflows":[]},"_links":{"self":[{"href":"https:\/\/oma.media.fi\/matti-ja-liisa\/wp-json\/wp\/v2\/pages\/308","targetHints":{"allow":["GET"]}}],"collection":[{"href":"https:\/\/oma.media.fi\/matti-ja-liisa\/wp-json\/wp\/v2\/pages"}],"about":[{"href":"https:\/\/oma.media.fi\/matti-ja-liisa\/wp-json\/wp\/v2\/types\/page"}],"author":[{"embeddable":true,"href":"https:\/\/oma.media.fi\/matti-ja-liisa\/wp-json\/wp\/v2\/users\/1"}],"replies":[{"embeddable":true,"href":"https:\/\/oma.media.fi\/matti-ja-liisa\/wp-json\/wp\/v2\/comments?post=308"}],"version-history":[{"count":26,"href":"https:\/\/oma.media.fi\/matti-ja-liisa\/wp-json\/wp\/v2\/pages\/308\/revisions"}],"predecessor-version":[{"id":14794,"href":"https:\/\/oma.media.fi\/matti-ja-liisa\/wp-json\/wp\/v2\/pages\/308\/revisions\/14794"}],"up":[{"embeddable":true,"href":"https:\/\/oma.media.fi\/matti-ja-liisa\/wp-json\/wp\/v2\/pages\/43"}],"wp:attachment":[{"href":"https:\/\/oma.media.fi\/matti-ja-liisa\/wp-json\/wp\/v2\/media?parent=308"}],"curies":[{"name":"wp","href":"https:\/\/api.w.org\/{rel}","templated":true}]}}