{"id":535,"date":"2018-11-19T12:36:32","date_gmt":"2018-11-19T10:36:32","guid":{"rendered":"https:\/\/oma.media.fi\/matti-ja-liisa\/yhteystiedot\/laheta-mielipidekirjoitus-lehteen\/"},"modified":"2026-03-10T08:24:41","modified_gmt":"2026-03-10T06:24:41","slug":"laheta-mielipidekirjoitus-lehteen","status":"publish","type":"page","link":"https:\/\/oma.media.fi\/matti-ja-liisa\/yhteystiedot\/laheta-mielipidekirjoitus-lehteen\/","title":{"rendered":"L\u00e4het\u00e4 mielipidekirjoitus lehteen"},"content":{"rendered":"<script type=\"text\/javascript\">\n\/* <![CDATA[ *\/\nvar gform;gform||(document.addEventListener(\"gform_main_scripts_loaded\",function(){gform.scriptsLoaded=!0}),document.addEventListener(\"gform\/theme\/scripts_loaded\",function(){gform.themeScriptsLoaded=!0}),window.addEventListener(\"DOMContentLoaded\",function(){gform.domLoaded=!0}),gform={domLoaded:!1,scriptsLoaded:!1,themeScriptsLoaded:!1,isFormEditor:()=>\"function\"==typeof InitializeEditor,callIfLoaded:function(o){return!(!gform.domLoaded||!gform.scriptsLoaded||!gform.themeScriptsLoaded&&!gform.isFormEditor()||(gform.isFormEditor()&&console.warn(\"The use of gform.initializeOnLoaded() is deprecated in the form editor context and will be removed in Gravity Forms 3.1.\"),o(),0))},initializeOnLoaded:function(o){gform.callIfLoaded(o)||(document.addEventListener(\"gform_main_scripts_loaded\",()=>{gform.scriptsLoaded=!0,gform.callIfLoaded(o)}),document.addEventListener(\"gform\/theme\/scripts_loaded\",()=>{gform.themeScriptsLoaded=!0,gform.callIfLoaded(o)}),window.addEventListener(\"DOMContentLoaded\",()=>{gform.domLoaded=!0,gform.callIfLoaded(o)}))},hooks:{action:{},filter:{}},addAction:function(o,r,e,t){gform.addHook(\"action\",o,r,e,t)},addFilter:function(o,r,e,t){gform.addHook(\"filter\",o,r,e,t)},doAction:function(o){gform.doHook(\"action\",o,arguments)},applyFilters:function(o){return gform.doHook(\"filter\",o,arguments)},removeAction:function(o,r){gform.removeHook(\"action\",o,r)},removeFilter:function(o,r,e){gform.removeHook(\"filter\",o,r,e)},addHook:function(o,r,e,t,n){null==gform.hooks[o][r]&&(gform.hooks[o][r]=[]);var d=gform.hooks[o][r];null==n&&(n=r+\"_\"+d.length),gform.hooks[o][r].push({tag:n,callable:e,priority:t=null==t?10:t})},doHook:function(r,o,e){var t;if(e=Array.prototype.slice.call(e,1),null!=gform.hooks[r][o]&&((o=gform.hooks[r][o]).sort(function(o,r){return o.priority-r.priority}),o.forEach(function(o){\"function\"!=typeof(t=o.callable)&&(t=window[t]),\"action\"==r?t.apply(null,e):e[0]=t.apply(null,e)})),\"filter\"==r)return e[0]},removeHook:function(o,r,t,n){var e;null!=gform.hooks[o][r]&&(e=(e=gform.hooks[o][r]).filter(function(o,r,e){return!!(null!=n&&n!=o.tag||null!=t&&t!=o.priority)}),gform.hooks[o][r]=e)}});\n\/* ]]> *\/\n<\/script>\n\n                <div class='gf_browser_gecko gform_wrapper gform_legacy_markup_wrapper gform-theme--no-framework' data-form-theme='legacy' data-form-index='0' id='gform_wrapper_5' style='display:none'><form method='post' enctype='multipart\/form-data'  id='gform_5'  action='\/matti-ja-liisa\/wp-json\/wp\/v2\/pages\/535' data-formid='5' novalidate>\n                        <div class='gform-body gform_body'><ul id='gform_fields_5' class='gform_fields top_label form_sublabel_below description_below validation_below'><li id=\"field_5_18\" class=\"gfield gfield--type-honeypot gform_validation_container field_sublabel_below gfield--has-description field_description_below field_validation_below gfield_visibility_visible\"  ><label class='gfield_label gform-field-label' for='input_5_18'>Comments<\/label><div class='ginput_container'><input name='input_18' id='input_5_18' type='text' value='' autocomplete='new-password'\/><\/div><div class='gfield_description' id='gfield_description_5_18'>Kentt\u00e4 on validointitarkoituksiin ja tulee j\u00e4tt\u00e4\u00e4 koskemattomaksi.<\/div><\/li><li id=\"field_5_1\" class=\"gfield gfield--type-select gfield--input-type-select mediachoice gfield_contains_required field_sublabel_below gfield--no-description field_description_below field_validation_below gfield_visibility_hidden\"  ><div class=\"admin-hidden-markup\"><i class=\"gform-icon gform-icon--hidden\" aria-hidden=\"true\" title=\"This field is hidden when viewing the form\"><\/i><span>This field is hidden when viewing the form<\/span><\/div><label class='gfield_label gform-field-label' for='input_5_1'>Valitse lehti, jolle haluat mielipidekirjoituksen l\u00e4hett\u00e4\u00e4<span class=\"gfield_required\"><span class=\"gfield_required gfield_required_asterisk\">*<\/span><\/span><\/label><div class='ginput_container ginput_container_select'><select name='input_1' id='input_5_1' class='medium gfield_select'    aria-required=\"true\" aria-invalid=\"false\" ><option value='Valitse' >Valitse<\/option><option value='Aamuposti' >Aamuposti<\/option><option value='Etel\u00e4-Suomen Sanomat' >Etel\u00e4-Suomen Sanomat<\/option><option value='Forssan Lehti' >Forssan Lehti<\/option><option value='Hein\u00e4veden Lehti' >Hein\u00e4veden Lehti<\/option><option value='Helsingin Uutiset' >Helsingin Uutiset<\/option><option value='H\u00e4meen Sanomat' >H\u00e4meen Sanomat<\/option><option value='H\u00e4meenlinnan Kaupunkiuutiset' >H\u00e4meenlinnan Kaupunkiuutiset<\/option><option value='Iisalmen Sanomat' >Iisalmen Sanomat<\/option><option value='It\u00e4-H\u00e4me' >It\u00e4-H\u00e4me<\/option><option value='Joroisten Lehti' >Joroisten Lehti<\/option><option value='Karkkilalainen' >Karkkilalainen<\/option><option value='Keski-Uusimaa' >Keski-Uusimaa<\/option><option value='Keskisuomalainen' >Keskisuomalainen<\/option><option value='Koillis-Savo' >Koillis-Savo<\/option><option value='Kuopion Kaupunkilehti' >Kuopion Kaupunkilehti<\/option><option value='Lappeenrannan Uutiset' >Lappeenrannan Uutiset<\/option><option value='Lopen Lehti' >Lopen Lehti<\/option><option value='Loviisan Sanomat' >Loviisan Sanomat<\/option><option value='Luoteis-Uusimaa' >Luoteis-Uusimaa<\/option><option value='L\u00e4nsi-Uusimaa' >L\u00e4nsi-Uusimaa<\/option><option value='L\u00e4nsiv\u00e4yl\u00e4' >L\u00e4nsiv\u00e4yl\u00e4<\/option><option value='Matti ja Liisa' selected='selected'>Matti ja Liisa<\/option><option value='Miilu' >Miilu<\/option><option value='Mikkelin Kaupunkilehti' >Mikkelin Kaupunkilehti<\/option><option value='M\u00e4nts\u00e4l\u00e4n Uutiset' >M\u00e4nts\u00e4l\u00e4n Uutiset<\/option><option value='Nurmij\u00e4rven Uutiset' >Nurmij\u00e4rven Uutiset<\/option><option value='Paikallislehti Sis\u00e4-Savo' >Paikallislehti Sis\u00e4-Savo<\/option><option value='Perni\u00f6nseudun Lehti' >Perni\u00f6nseudun Lehti<\/option><option value='Pieks\u00e4m\u00e4en Lehti' >Pieks\u00e4m\u00e4en Lehti<\/option><option value='Pielavesi-Keitele' >Pielavesi-Keitele<\/option><option value='Pit\u00e4j\u00e4l\u00e4inen' >Pit\u00e4j\u00e4l\u00e4inen<\/option><option value='Pyht\u00e4\u00e4nlehti' >Pyht\u00e4\u00e4nlehti<\/option><option value='Savon Sanomat' >Savon Sanomat<\/option><option value='Sipoon Sanomat' >Sipoon Sanomat<\/option><option value='Soisalon Seutu' >Soisalon Seutu<\/option><option value='Tamperelainen' >Tamperelainen<\/option><option value='Turkulainen' >Turkulainen<\/option><option value='Uusimaa' >Uusimaa<\/option><option value='Uutis-Jousi' >Uutis-Jousi<\/option><option value='Vantaan Sanomat' >Vantaan Sanomat<\/option><option value='Vihdin Uutiset' >Vihdin Uutiset<\/option><option value='Warkauden Lehti' >Warkauden Lehti<\/option><option value='Viikkosavo' >Viikkosavo<\/option><\/select><\/div><\/li><li id=\"field_5_16\" class=\"gfield gfield--type-select gfield--input-type-select gfield_contains_required field_sublabel_below gfield--no-description field_description_below field_validation_below gfield_visibility_visible\"  ><label class='gfield_label gform-field-label' for='input_5_16'>Mielipidekirjoituksen aihe<span class=\"gfield_required\"><span class=\"gfield_required gfield_required_asterisk\">*<\/span><\/span><\/label><div class='ginput_container ginput_container_select'><select name='input_16' id='input_5_16' class='medium gfield_select'    aria-required=\"true\" aria-invalid=\"false\" ><option value='Valitse' >Valitse<\/option><option value='Mielipidekirjoitus' >Mielipidekirjoitus<\/option><option value='Lukijan tarina' >Lukijan tarina<\/option><option value='Lukijan runo' >Lukijan runo<\/option><\/select><\/div><\/li><li id=\"field_5_3\" class=\"gfield gfield--type-textarea gfield--input-type-textarea gfield_contains_required field_sublabel_below gfield--has-description field_description_above field_validation_below gfield_visibility_visible\"  ><label class='gfield_label gform-field-label' for='input_5_3'>Mielipidekirjoitus<span class=\"gfield_required\"><span class=\"gfield_required gfield_required_asterisk\">*<\/span><\/span><\/label><div class='gfield_description' id='gfield_description_5_3'>J\u00e4t\u00e4 kappaleiden v\u00e4liin yksi tyhj\u00e4 rivi.<\/div><div class='ginput_container ginput_container_textarea'><textarea name='input_3' id='input_5_3' class='textarea large'  aria-describedby=\"gfield_description_5_3\" maxlength='3000'  aria-required=\"true\" aria-invalid=\"false\"   rows='10' cols='50'><\/textarea><\/div><\/li><li id=\"field_5_4\" class=\"gfield gfield--type-section gfield--input-type-section gsection field_sublabel_below gfield--no-description field_description_below field_validation_below gfield_visibility_visible\"  ><h2 class=\"gsection_title\">Yhteystiedot<\/h2><\/li><li id=\"field_5_6\" class=\"gfield gfield--type-name gfield--input-type-name gfield_contains_required field_sublabel_below gfield--no-description field_description_below field_validation_below gfield_visibility_visible\"  ><label class='gfield_label gform-field-label gfield_label_before_complex' >Nimi<span class=\"gfield_required\"><span class=\"gfield_required gfield_required_asterisk\">*<\/span><\/span><\/label><div class='ginput_complex ginput_container ginput_container--name no_prefix has_first_name no_middle_name has_last_name no_suffix gf_name_has_2 ginput_container_name gform-grid-row' id='input_5_6'>\n                            \n                            <span id='input_5_6_3_container' class='name_first gform-grid-col gform-grid-col--size-auto' >\n                                                    <input type='text' name='input_6.3' id='input_5_6_3' value=''   aria-required='true'     \/>\n                                                    <label for='input_5_6_3' class='gform-field-label gform-field-label--type-sub '>Etunimi<\/label>\n                                                <\/span>\n                            \n                            <span id='input_5_6_6_container' class='name_last gform-grid-col gform-grid-col--size-auto' >\n                                                    <input type='text' name='input_6.6' id='input_5_6_6' value=''   aria-required='true'     \/>\n                                                    <label for='input_5_6_6' class='gform-field-label gform-field-label--type-sub '>Sukunimi<\/label>\n                                                <\/span>\n                            \n                        <\/div><\/li><li id=\"field_5_13\" class=\"gfield gfield--type-text gfield--input-type-text field_sublabel_below gfield--has-description field_description_below field_validation_below gfield_visibility_visible\"  ><label class='gfield_label gform-field-label' for='input_5_13'>Nimimerkki<\/label><div class='ginput_container ginput_container_text'><input name='input_13' id='input_5_13' type='text' value='' class='medium'  aria-describedby=\"gfield_description_5_13\"    aria-invalid=\"false\"   \/><\/div><div class='gfield_description' id='gfield_description_5_13'>Jos haluat k\u00e4ytt\u00e4\u00e4 nimimerkki\u00e4, kirjoita se t\u00e4h\u00e4n. Muussa tapauksessa kirjoitus julkaistaan omalla nimell\u00e4si.<\/div><\/li><li id=\"field_5_17\" class=\"gfield gfield--type-text gfield--input-type-text gfield_contains_required field_sublabel_below gfield--no-description field_description_below field_validation_below gfield_visibility_visible\"  ><label class='gfield_label gform-field-label' for='input_5_17'>Paikkakunta<span class=\"gfield_required\"><span class=\"gfield_required gfield_required_asterisk\">*<\/span><\/span><\/label><div class='ginput_container ginput_container_text'><input name='input_17' id='input_5_17' type='text' value='' class='medium'     aria-required=\"true\" aria-invalid=\"false\"   \/><\/div><\/li><li id=\"field_5_9\" class=\"gfield gfield--type-email gfield--input-type-email gfield_contains_required field_sublabel_below gfield--no-description field_description_below field_validation_below gfield_visibility_visible\"  ><label class='gfield_label gform-field-label' for='input_5_9'>S\u00e4hk\u00f6postiosoite<span class=\"gfield_required\"><span class=\"gfield_required gfield_required_asterisk\">*<\/span><\/span><\/label><div class='ginput_container ginput_container_email'>\n                            <input name='input_9' id='input_5_9' type='email' value='' class='medium'    aria-required=\"true\" aria-invalid=\"false\"  \/>\n                        <\/div><\/li><li id=\"field_5_15\" class=\"gfield gfield--type-text gfield--input-type-text gfield_contains_required field_sublabel_below gfield--no-description field_description_below field_validation_below gfield_visibility_visible\"  ><label class='gfield_label gform-field-label' for='input_5_15'>Puhelinnumero<span class=\"gfield_required\"><span class=\"gfield_required gfield_required_asterisk\">*<\/span><\/span><\/label><div class='ginput_container ginput_container_text'><input name='input_15' id='input_5_15' type='text' value='' class='medium'     aria-required=\"true\" aria-invalid=\"false\"   \/><\/div><\/li><\/ul><\/div>\n        <div class='gform-footer gform_footer top_label'> <input type='submit' id='gform_submit_button_5' class='gform_button button' onclick='gform.submission.handleButtonClick(this);' data-submission-type='submit' value='L\u00e4het\u00e4'  \/> \n            <input type='hidden' class='gform_hidden' name='gform_submission_method' data-js='gform_submission_method_5' value='postback' \/>\n            <input type='hidden' class='gform_hidden' name='gform_theme' data-js='gform_theme_5' id='gform_theme_5' value='legacy' \/>\n            <input type='hidden' class='gform_hidden' name='gform_style_settings' data-js='gform_style_settings_5' id='gform_style_settings_5' value='[]' \/>\n            <input type='hidden' class='gform_hidden' name='is_submit_5' value='1' \/>\n            <input type='hidden' class='gform_hidden' name='gform_submit' value='5' \/>\n            \n            <input type='hidden' class='gform_hidden' name='gform_unique_id' value='' \/>\n            <input type='hidden' class='gform_hidden' name='state_5' value='WyJbXSIsIjc5ODdlM2NjNWM0OWM3NWJkOWZmZjJlNGI2NmRkZTljIl0=' \/>\n            <input type='hidden' autocomplete='off' class='gform_hidden' name='gform_target_page_number_5' id='gform_target_page_number_5' value='0' \/>\n            <input type='hidden' autocomplete='off' class='gform_hidden' name='gform_source_page_number_5' id='gform_source_page_number_5' value='1' \/>\n            <input type='hidden' name='gform_field_values' value='' \/>\n            \n        <\/div>\n                        <\/form>\n                        <\/div><script type=\"text\/javascript\">\n\/* <![CDATA[ *\/\n gform.initializeOnLoaded( function() {gformInitSpinner( 5, 'https:\/\/oma.media.fi\/matti-ja-liisa\/wp-content\/plugins\/gravityforms\/images\/spinner.svg', true );jQuery('#gform_ajax_frame_5').on('load',function(){var contents = jQuery(this).contents().find('*').html();var is_postback = contents.indexOf('GF_AJAX_POSTBACK') >= 0;if(!is_postback){return;}var form_content = jQuery(this).contents().find('#gform_wrapper_5');var is_confirmation = jQuery(this).contents().find('#gform_confirmation_wrapper_5').length > 0;var is_redirect = contents.indexOf('gformRedirect(){') >= 0;var is_form = form_content.length > 0 && ! is_redirect && ! is_confirmation;var mt = parseInt(jQuery('html').css('margin-top'), 10) + parseInt(jQuery('body').css('margin-top'), 10) + 100;if(is_form){form_content.find('form').css('opacity', 0);jQuery('#gform_wrapper_5').html(form_content.html());if(form_content.hasClass('gform_validation_error')){jQuery('#gform_wrapper_5').addClass('gform_validation_error');} else {jQuery('#gform_wrapper_5').removeClass('gform_validation_error');}setTimeout( function() { \/* delay the scroll by 50 milliseconds to fix a bug in chrome *\/  }, 50 );if(window['gformInitDatepicker']) {gformInitDatepicker();}if(window['gformInitPriceFields']) {gformInitPriceFields();}var current_page = jQuery('#gform_source_page_number_5').val();gformInitSpinner( 5, 'https:\/\/oma.media.fi\/matti-ja-liisa\/wp-content\/plugins\/gravityforms\/images\/spinner.svg', true );jQuery(document).trigger('gform_page_loaded', [5, current_page]);window['gf_submitting_5'] = false;}else if(!is_redirect){var confirmation_content = jQuery(this).contents().find('.GF_AJAX_POSTBACK').html();if(!confirmation_content){confirmation_content = contents;}jQuery('#gform_wrapper_5').replaceWith(confirmation_content);jQuery(document).trigger('gform_confirmation_loaded', [5]);window['gf_submitting_5'] = false;wp.a11y.speak(jQuery('#gform_confirmation_message_5').text());}else{jQuery('#gform_5').append(contents);if(window['gformRedirect']) {gformRedirect();}}jQuery(document).trigger(\"gform_pre_post_render\", [{ formId: \"5\", currentPage: \"current_page\", abort: function() { this.preventDefault(); } }]);        if (event && event.defaultPrevented) {                return;        }        const gformWrapperDiv = document.getElementById( \"gform_wrapper_5\" );        if ( gformWrapperDiv ) {            const visibilitySpan = document.createElement( \"span\" );            visibilitySpan.id = \"gform_visibility_test_5\";            gformWrapperDiv.insertAdjacentElement( \"afterend\", visibilitySpan );        }        const visibilityTestDiv = document.getElementById( \"gform_visibility_test_5\" );        let postRenderFired = false;        function triggerPostRender() {            if ( postRenderFired ) {                return;            }            postRenderFired = true;            gform.core.triggerPostRenderEvents( 5, current_page );            if ( visibilityTestDiv ) {                visibilityTestDiv.parentNode.removeChild( visibilityTestDiv );            }        }        function debounce( func, wait, immediate ) {            var timeout;            return function() {                var context = this, args = arguments;                var later = function() {                    timeout = null;                    if ( !immediate ) func.apply( context, args );                };                var callNow = immediate && !timeout;                clearTimeout( timeout );                timeout = setTimeout( later, wait );                if ( callNow ) func.apply( context, args );            };        }        const debouncedTriggerPostRender = debounce( function() {            triggerPostRender();        }, 200 );        if ( visibilityTestDiv && visibilityTestDiv.offsetParent === null ) {            const observer = new MutationObserver( ( mutations ) => {                mutations.forEach( ( mutation ) => {                    if ( mutation.type === 'attributes' && visibilityTestDiv.offsetParent !== null ) {                        debouncedTriggerPostRender();                        observer.disconnect();                    }                });            });            observer.observe( document.body, {                attributes: true,                childList: false,                subtree: true,                attributeFilter: [ 'style', 'class' ],            });        } else {            triggerPostRender();        }    } );} ); \n\/* ]]> *\/\n<\/script>\n\n","protected":false},"excerpt":{"rendered":"","protected":false},"author":1,"featured_media":0,"parent":26,"menu_order":0,"comment_status":"closed","ping_status":"closed","template":"","meta":{"_acf_changed":false,"footnotes":""},"class_list":["post-535","page","type-page","status-publish","hentry"],"acf":[],"yoast_head":"<!-- This site is optimized with the Yoast SEO plugin v26.2 - https:\/\/yoast.com\/wordpress\/plugins\/seo\/ -->\n<title>L\u00e4het\u00e4 mielipidekirjoitus lehteen - Matti ja Liisa<\/title>\n<meta name=\"robots\" content=\"index, follow, max-snippet:-1, max-image-preview:large, max-video-preview:-1\" \/>\n<link rel=\"canonical\" href=\"https:\/\/oma.media.fi\/matti-ja-liisa\/yhteystiedot\/laheta-mielipidekirjoitus-lehteen\/\" \/>\n<meta property=\"og:locale\" content=\"fi_FI\" \/>\n<meta property=\"og:type\" content=\"article\" \/>\n<meta property=\"og:title\" content=\"L\u00e4het\u00e4 mielipidekirjoitus lehteen\" \/>\n<meta property=\"og:url\" content=\"https:\/\/oma.media.fi\/matti-ja-liisa\/yhteystiedot\/laheta-mielipidekirjoitus-lehteen\/\" \/>\n<meta property=\"og:site_name\" content=\"Matti ja Liisa\" \/>\n<meta property=\"article:modified_time\" content=\"2026-03-10T06:24:41+00:00\" \/>\n<meta name=\"twitter:card\" content=\"summary_large_image\" \/>\n<meta name=\"twitter:label1\" content=\"Arvioitu lukuaika\" \/>\n\t<meta name=\"twitter:data1\" content=\"1 minuutti\" \/>\n<script type=\"application\/ld+json\" class=\"yoast-schema-graph\">{\"@context\":\"https:\/\/schema.org\",\"@graph\":[{\"@type\":\"WebPage\",\"@id\":\"https:\/\/oma.media.fi\/matti-ja-liisa\/yhteystiedot\/laheta-mielipidekirjoitus-lehteen\/\",\"url\":\"https:\/\/oma.media.fi\/matti-ja-liisa\/yhteystiedot\/laheta-mielipidekirjoitus-lehteen\/\",\"name\":\"L\u00e4het\u00e4 mielipidekirjoitus lehteen - Matti ja Liisa\",\"isPartOf\":{\"@id\":\"https:\/\/oma.media.fi\/matti-ja-liisa\/#website\"},\"datePublished\":\"2018-11-19T10:36:32+00:00\",\"dateModified\":\"2026-03-10T06:24:41+00:00\",\"breadcrumb\":{\"@id\":\"https:\/\/oma.media.fi\/matti-ja-liisa\/yhteystiedot\/laheta-mielipidekirjoitus-lehteen\/#breadcrumb\"},\"inLanguage\":\"fi\",\"potentialAction\":[{\"@type\":\"ReadAction\",\"target\":[\"https:\/\/oma.media.fi\/matti-ja-liisa\/yhteystiedot\/laheta-mielipidekirjoitus-lehteen\/\"]}]},{\"@type\":\"BreadcrumbList\",\"@id\":\"https:\/\/oma.media.fi\/matti-ja-liisa\/yhteystiedot\/laheta-mielipidekirjoitus-lehteen\/#breadcrumb\",\"itemListElement\":[{\"@type\":\"ListItem\",\"position\":1,\"name\":\"Etusivu\",\"item\":\"https:\/\/oma.media.fi\/matti-ja-liisa\/\"},{\"@type\":\"ListItem\",\"position\":2,\"name\":\"Yhteystiedot\",\"item\":\"https:\/\/oma.media.fi\/matti-ja-liisa\/yhteystiedot\/\"},{\"@type\":\"ListItem\",\"position\":3,\"name\":\"L\u00e4het\u00e4 mielipidekirjoitus lehteen\"}]},{\"@type\":\"WebSite\",\"@id\":\"https:\/\/oma.media.fi\/matti-ja-liisa\/#website\",\"url\":\"https:\/\/oma.media.fi\/matti-ja-liisa\/\",\"name\":\"Matti ja Liisa\",\"description\":\"\",\"potentialAction\":[{\"@type\":\"SearchAction\",\"target\":{\"@type\":\"EntryPoint\",\"urlTemplate\":\"https:\/\/oma.media.fi\/matti-ja-liisa\/?s={search_term_string}\"},\"query-input\":{\"@type\":\"PropertyValueSpecification\",\"valueRequired\":true,\"valueName\":\"search_term_string\"}}],\"inLanguage\":\"fi\"}]}<\/script>\n<!-- \/ Yoast SEO plugin. -->","yoast_head_json":{"title":"L\u00e4het\u00e4 mielipidekirjoitus lehteen - Matti ja Liisa","robots":{"index":"index","follow":"follow","max-snippet":"max-snippet:-1","max-image-preview":"max-image-preview:large","max-video-preview":"max-video-preview:-1"},"canonical":"https:\/\/oma.media.fi\/matti-ja-liisa\/yhteystiedot\/laheta-mielipidekirjoitus-lehteen\/","og_locale":"fi_FI","og_type":"article","og_title":"L\u00e4het\u00e4 mielipidekirjoitus lehteen","og_url":"https:\/\/oma.media.fi\/matti-ja-liisa\/yhteystiedot\/laheta-mielipidekirjoitus-lehteen\/","og_site_name":"Matti ja Liisa","article_modified_time":"2026-03-10T06:24:41+00:00","twitter_card":"summary_large_image","twitter_misc":{"Arvioitu lukuaika":"1 minuutti"},"schema":{"@context":"https:\/\/schema.org","@graph":[{"@type":"WebPage","@id":"https:\/\/oma.media.fi\/matti-ja-liisa\/yhteystiedot\/laheta-mielipidekirjoitus-lehteen\/","url":"https:\/\/oma.media.fi\/matti-ja-liisa\/yhteystiedot\/laheta-mielipidekirjoitus-lehteen\/","name":"L\u00e4het\u00e4 mielipidekirjoitus lehteen - Matti ja Liisa","isPartOf":{"@id":"https:\/\/oma.media.fi\/matti-ja-liisa\/#website"},"datePublished":"2018-11-19T10:36:32+00:00","dateModified":"2026-03-10T06:24:41+00:00","breadcrumb":{"@id":"https:\/\/oma.media.fi\/matti-ja-liisa\/yhteystiedot\/laheta-mielipidekirjoitus-lehteen\/#breadcrumb"},"inLanguage":"fi","potentialAction":[{"@type":"ReadAction","target":["https:\/\/oma.media.fi\/matti-ja-liisa\/yhteystiedot\/laheta-mielipidekirjoitus-lehteen\/"]}]},{"@type":"BreadcrumbList","@id":"https:\/\/oma.media.fi\/matti-ja-liisa\/yhteystiedot\/laheta-mielipidekirjoitus-lehteen\/#breadcrumb","itemListElement":[{"@type":"ListItem","position":1,"name":"Etusivu","item":"https:\/\/oma.media.fi\/matti-ja-liisa\/"},{"@type":"ListItem","position":2,"name":"Yhteystiedot","item":"https:\/\/oma.media.fi\/matti-ja-liisa\/yhteystiedot\/"},{"@type":"ListItem","position":3,"name":"L\u00e4het\u00e4 mielipidekirjoitus lehteen"}]},{"@type":"WebSite","@id":"https:\/\/oma.media.fi\/matti-ja-liisa\/#website","url":"https:\/\/oma.media.fi\/matti-ja-liisa\/","name":"Matti ja Liisa","description":"","potentialAction":[{"@type":"SearchAction","target":{"@type":"EntryPoint","urlTemplate":"https:\/\/oma.media.fi\/matti-ja-liisa\/?s={search_term_string}"},"query-input":{"@type":"PropertyValueSpecification","valueRequired":true,"valueName":"search_term_string"}}],"inLanguage":"fi"}]}},"publishpress_future_action":{"enabled":false,"date":"2026-04-11 16:37:31","action":"change-status","newStatus":"draft","terms":[],"taxonomy":"","extraData":[]},"publishpress_future_workflow_manual_trigger":{"enabledWorkflows":[]},"_links":{"self":[{"href":"https:\/\/oma.media.fi\/matti-ja-liisa\/wp-json\/wp\/v2\/pages\/535","targetHints":{"allow":["GET"]}}],"collection":[{"href":"https:\/\/oma.media.fi\/matti-ja-liisa\/wp-json\/wp\/v2\/pages"}],"about":[{"href":"https:\/\/oma.media.fi\/matti-ja-liisa\/wp-json\/wp\/v2\/types\/page"}],"author":[{"embeddable":true,"href":"https:\/\/oma.media.fi\/matti-ja-liisa\/wp-json\/wp\/v2\/users\/1"}],"replies":[{"embeddable":true,"href":"https:\/\/oma.media.fi\/matti-ja-liisa\/wp-json\/wp\/v2\/comments?post=535"}],"version-history":[{"count":37,"href":"https:\/\/oma.media.fi\/matti-ja-liisa\/wp-json\/wp\/v2\/pages\/535\/revisions"}],"predecessor-version":[{"id":14786,"href":"https:\/\/oma.media.fi\/matti-ja-liisa\/wp-json\/wp\/v2\/pages\/535\/revisions\/14786"}],"up":[{"embeddable":true,"href":"https:\/\/oma.media.fi\/matti-ja-liisa\/wp-json\/wp\/v2\/pages\/26"}],"wp:attachment":[{"href":"https:\/\/oma.media.fi\/matti-ja-liisa\/wp-json\/wp\/v2\/media?parent=535"}],"curies":[{"name":"wp","href":"https:\/\/api.w.org\/{rel}","templated":true}]}}