{"id":541,"date":"2018-11-19T14:06:34","date_gmt":"2018-11-19T12:06:34","guid":{"rendered":"https:\/\/oma.media.fi\/matti-ja-liisa\/ilmestymispaivat\/"},"modified":"2026-01-07T11:08:25","modified_gmt":"2026-01-07T09:08:25","slug":"ilmestymispaivat","status":"publish","type":"page","link":"https:\/\/oma.media.fi\/matti-ja-liisa\/ilmestymispaivat\/","title":{"rendered":"Ilmestymisp\u00e4iv\u00e4t"},"content":{"rendered":"<p>Lapinlahti, Varpaisj\u00e4rvi<\/p>\n<p>Ilmestyy torstaisin<\/p>\n<p><strong>Painettu lehti ei ilmesty vuonna 2026:<\/strong><\/p>\n<p>To 1.1.2026 Uudenvuodenp\u00e4iv\u00e4<br \/>\nTo 8.1.2026<br \/>\nTo 2.4.2026<br \/>\nTo 14.5.2026 Helatorstai<br \/>\nTo 18.6.2026<br \/>\nTo 24.12.2026 Jouluaatto<br \/>\nTo 31.12.2026 Uuden vuoden aatto<\/p>\n<p><strong>Poikkeavat ilmestymisp\u00e4iv\u00e4t 2026:<\/strong><br \/>\nke 1.4.<br \/>\nke 13.5.<br \/>\nke 17.6.<br \/>\nti 22.12.<\/p>\n<p>Ei ilmesty vkolla 53.<\/p>\n<p>Muutokset mahdollisia<strong>.<\/strong><\/p>\n","protected":false},"excerpt":{"rendered":"<p>Lapinlahti, Varpaisj\u00e4rvi Ilmestyy torstaisin Painettu lehti ei ilmesty vuonna 2026: To 1.1.2026 Uudenvuodenp\u00e4iv\u00e4 To 8.1.2026 To 2.4.2026 To 14.5.2026 Helatorstai To 18.6.2026 To 24.12.2026 Jouluaatto To 31.12.2026 Uuden vuoden aatto Poikkeavat ilmestymisp\u00e4iv\u00e4t 2026: ke 1.4. ke 13.5. ke 17.6. ti 22.12. Ei ilmesty vkolla 53. Muutokset mahdollisia.<\/p>\n","protected":false},"author":1,"featured_media":0,"parent":0,"menu_order":0,"comment_status":"closed","ping_status":"closed","template":"","meta":{"_acf_changed":false,"footnotes":""},"class_list":["post-541","page","type-page","status-publish","hentry"],"acf":[],"yoast_head":"<!-- This site is optimized with the Yoast SEO plugin v26.2 - https:\/\/yoast.com\/wordpress\/plugins\/seo\/ -->\n<title>Ilmestymisp\u00e4iv\u00e4t - Matti ja Liisa<\/title>\n<meta name=\"description\" content=\"Matin ja Liisan ilmestymisp\u00e4iv\u00e4t 2020 ja lehti ei ilmesty 24.12.2020\" \/>\n<meta name=\"robots\" content=\"index, follow, max-snippet:-1, max-image-preview:large, max-video-preview:-1\" \/>\n<link rel=\"canonical\" href=\"https:\/\/oma.media.fi\/matti-ja-liisa\/ilmestymispaivat\/\" \/>\n<meta property=\"og:locale\" content=\"fi_FI\" \/>\n<meta property=\"og:type\" content=\"article\" \/>\n<meta property=\"og:title\" content=\"Ilmestymisp\u00e4iv\u00e4t\" \/>\n<meta property=\"og:description\" content=\"Matin ja Liisan ilmestymisp\u00e4iv\u00e4t 2020 ja lehti ei ilmesty 24.12.2020\" \/>\n<meta property=\"og:url\" content=\"https:\/\/oma.media.fi\/matti-ja-liisa\/ilmestymispaivat\/\" \/>\n<meta property=\"og:site_name\" content=\"Matti ja Liisa\" \/>\n<meta property=\"article:modified_time\" content=\"2026-01-07T09:08:25+00:00\" \/>\n<meta name=\"twitter:card\" content=\"summary_large_image\" \/>\n<meta name=\"twitter:label1\" content=\"Arvioitu lukuaika\" \/>\n\t<meta name=\"twitter:data1\" content=\"1 minuutti\" \/>\n<script type=\"application\/ld+json\" class=\"yoast-schema-graph\">{\"@context\":\"https:\/\/schema.org\",\"@graph\":[{\"@type\":\"WebPage\",\"@id\":\"https:\/\/oma.media.fi\/matti-ja-liisa\/ilmestymispaivat\/\",\"url\":\"https:\/\/oma.media.fi\/matti-ja-liisa\/ilmestymispaivat\/\",\"name\":\"Ilmestymisp\u00e4iv\u00e4t - Matti ja Liisa\",\"isPartOf\":{\"@id\":\"https:\/\/oma.media.fi\/matti-ja-liisa\/#website\"},\"datePublished\":\"2018-11-19T12:06:34+00:00\",\"dateModified\":\"2026-01-07T09:08:25+00:00\",\"description\":\"Matin ja Liisan ilmestymisp\u00e4iv\u00e4t 2020 ja lehti ei ilmesty 24.12.2020\",\"breadcrumb\":{\"@id\":\"https:\/\/oma.media.fi\/matti-ja-liisa\/ilmestymispaivat\/#breadcrumb\"},\"inLanguage\":\"fi\",\"potentialAction\":[{\"@type\":\"ReadAction\",\"target\":[\"https:\/\/oma.media.fi\/matti-ja-liisa\/ilmestymispaivat\/\"]}]},{\"@type\":\"BreadcrumbList\",\"@id\":\"https:\/\/oma.media.fi\/matti-ja-liisa\/ilmestymispaivat\/#breadcrumb\",\"itemListElement\":[{\"@type\":\"ListItem\",\"position\":1,\"name\":\"Etusivu\",\"item\":\"https:\/\/oma.media.fi\/matti-ja-liisa\/\"},{\"@type\":\"ListItem\",\"position\":2,\"name\":\"Ilmestymisp\u00e4iv\u00e4t\"}]},{\"@type\":\"WebSite\",\"@id\":\"https:\/\/oma.media.fi\/matti-ja-liisa\/#website\",\"url\":\"https:\/\/oma.media.fi\/matti-ja-liisa\/\",\"name\":\"Matti ja Liisa\",\"description\":\"\",\"potentialAction\":[{\"@type\":\"SearchAction\",\"target\":{\"@type\":\"EntryPoint\",\"urlTemplate\":\"https:\/\/oma.media.fi\/matti-ja-liisa\/?s={search_term_string}\"},\"query-input\":{\"@type\":\"PropertyValueSpecification\",\"valueRequired\":true,\"valueName\":\"search_term_string\"}}],\"inLanguage\":\"fi\"}]}<\/script>\n<!-- \/ Yoast SEO plugin. -->","yoast_head_json":{"title":"Ilmestymisp\u00e4iv\u00e4t - Matti ja Liisa","description":"Matin ja Liisan ilmestymisp\u00e4iv\u00e4t 2020 ja lehti ei ilmesty 24.12.2020","robots":{"index":"index","follow":"follow","max-snippet":"max-snippet:-1","max-image-preview":"max-image-preview:large","max-video-preview":"max-video-preview:-1"},"canonical":"https:\/\/oma.media.fi\/matti-ja-liisa\/ilmestymispaivat\/","og_locale":"fi_FI","og_type":"article","og_title":"Ilmestymisp\u00e4iv\u00e4t","og_description":"Matin ja Liisan ilmestymisp\u00e4iv\u00e4t 2020 ja lehti ei ilmesty 24.12.2020","og_url":"https:\/\/oma.media.fi\/matti-ja-liisa\/ilmestymispaivat\/","og_site_name":"Matti ja Liisa","article_modified_time":"2026-01-07T09:08:25+00:00","twitter_card":"summary_large_image","twitter_misc":{"Arvioitu lukuaika":"1 minuutti"},"schema":{"@context":"https:\/\/schema.org","@graph":[{"@type":"WebPage","@id":"https:\/\/oma.media.fi\/matti-ja-liisa\/ilmestymispaivat\/","url":"https:\/\/oma.media.fi\/matti-ja-liisa\/ilmestymispaivat\/","name":"Ilmestymisp\u00e4iv\u00e4t - Matti ja Liisa","isPartOf":{"@id":"https:\/\/oma.media.fi\/matti-ja-liisa\/#website"},"datePublished":"2018-11-19T12:06:34+00:00","dateModified":"2026-01-07T09:08:25+00:00","description":"Matin ja Liisan ilmestymisp\u00e4iv\u00e4t 2020 ja lehti ei ilmesty 24.12.2020","breadcrumb":{"@id":"https:\/\/oma.media.fi\/matti-ja-liisa\/ilmestymispaivat\/#breadcrumb"},"inLanguage":"fi","potentialAction":[{"@type":"ReadAction","target":["https:\/\/oma.media.fi\/matti-ja-liisa\/ilmestymispaivat\/"]}]},{"@type":"BreadcrumbList","@id":"https:\/\/oma.media.fi\/matti-ja-liisa\/ilmestymispaivat\/#breadcrumb","itemListElement":[{"@type":"ListItem","position":1,"name":"Etusivu","item":"https:\/\/oma.media.fi\/matti-ja-liisa\/"},{"@type":"ListItem","position":2,"name":"Ilmestymisp\u00e4iv\u00e4t"}]},{"@type":"WebSite","@id":"https:\/\/oma.media.fi\/matti-ja-liisa\/#website","url":"https:\/\/oma.media.fi\/matti-ja-liisa\/","name":"Matti ja Liisa","description":"","potentialAction":[{"@type":"SearchAction","target":{"@type":"EntryPoint","urlTemplate":"https:\/\/oma.media.fi\/matti-ja-liisa\/?s={search_term_string}"},"query-input":{"@type":"PropertyValueSpecification","valueRequired":true,"valueName":"search_term_string"}}],"inLanguage":"fi"}]}},"publishpress_future_action":{"enabled":false,"date":"2026-05-10 19:35:58","action":"change-status","newStatus":"draft","terms":[],"taxonomy":"","extraData":[]},"publishpress_future_workflow_manual_trigger":{"enabledWorkflows":[]},"_links":{"self":[{"href":"https:\/\/oma.media.fi\/matti-ja-liisa\/wp-json\/wp\/v2\/pages\/541","targetHints":{"allow":["GET"]}}],"collection":[{"href":"https:\/\/oma.media.fi\/matti-ja-liisa\/wp-json\/wp\/v2\/pages"}],"about":[{"href":"https:\/\/oma.media.fi\/matti-ja-liisa\/wp-json\/wp\/v2\/types\/page"}],"author":[{"embeddable":true,"href":"https:\/\/oma.media.fi\/matti-ja-liisa\/wp-json\/wp\/v2\/users\/1"}],"replies":[{"embeddable":true,"href":"https:\/\/oma.media.fi\/matti-ja-liisa\/wp-json\/wp\/v2\/comments?post=541"}],"version-history":[{"count":26,"href":"https:\/\/oma.media.fi\/matti-ja-liisa\/wp-json\/wp\/v2\/pages\/541\/revisions"}],"predecessor-version":[{"id":14711,"href":"https:\/\/oma.media.fi\/matti-ja-liisa\/wp-json\/wp\/v2\/pages\/541\/revisions\/14711"}],"wp:attachment":[{"href":"https:\/\/oma.media.fi\/matti-ja-liisa\/wp-json\/wp\/v2\/media?parent=541"}],"curies":[{"name":"wp","href":"https:\/\/api.w.org\/{rel}","templated":true}]}}