{"id":27,"date":"2018-10-22T10:30:52","date_gmt":"2018-10-22T07:30:52","guid":{"rendered":"https:\/\/oma.media.fi\/outokummun-seutu\/ilmoita\/"},"modified":"2026-04-30T13:13:14","modified_gmt":"2026-04-30T10:13:14","slug":"ilmoita","status":"publish","type":"page","link":"https:\/\/oma.media.fi\/outokummun-seutu\/ilmoita\/","title":{"rendered":"Ilmoita"},"content":{"rendered":"<p><span style=\"color: #008000\"><a style=\"color: #008000\" href=\"https:\/\/oma.media.fi\/outokummun-seutu\/ilmoita\/ohjeita-ilmoittajalle\/\"><strong>Ohjeita ilmoittajalle<\/strong><\/a><\/span><\/p>\n","protected":false},"excerpt":{"rendered":"<p>Ohjeita ilmoittajalle<\/p>\n","protected":false},"author":1,"featured_media":0,"parent":0,"menu_order":0,"comment_status":"closed","ping_status":"closed","template":"template-ilmoita.php","meta":{"_acf_changed":false,"footnotes":""},"class_list":["post-27","page","type-page","status-publish","hentry"],"acf":[],"yoast_head":"<!-- This site is optimized with the Yoast SEO plugin v26.2 - https:\/\/yoast.com\/wordpress\/plugins\/seo\/ -->\n<title>Ilmoita - Outokummun Seutu<\/title>\n<meta name=\"description\" content=\"J\u00e4t\u00e4 ilmoitus lehteen. Myynti- ja ostoilmoitukset, perheilmoitukset, seura- ja j\u00e4rjest\u00f6ilmoitukset, kuolinilmoitukset, surukiitokset, vauvauutiset jne.\" \/>\n<meta name=\"robots\" content=\"noindex, follow, max-snippet:-1, max-image-preview:large, max-video-preview:-1\" \/>\n<meta property=\"og:locale\" content=\"fi_FI\" \/>\n<meta property=\"og:type\" content=\"article\" \/>\n<meta property=\"og:title\" content=\"Ilmoita\" \/>\n<meta property=\"og:description\" content=\"J\u00e4t\u00e4 ilmoitus lehteen. Myynti- ja ostoilmoitukset, perheilmoitukset, seura- ja j\u00e4rjest\u00f6ilmoitukset, kuolinilmoitukset, surukiitokset, vauvauutiset jne.\" \/>\n<meta property=\"og:url\" content=\"https:\/\/oma.media.fi\/outokummun-seutu\/ilmoita\/\" \/>\n<meta property=\"og:site_name\" content=\"Outokummun Seutu\" \/>\n<meta property=\"article:publisher\" content=\"https:\/\/www.facebook.com\/outokummunseutu\" \/>\n<meta property=\"article:modified_time\" content=\"2026-04-30T10:13:14+00:00\" \/>\n<meta property=\"og:image\" content=\"https:\/\/oma.media.fi\/outokummun-seutu\/wp-content\/uploads\/sites\/58\/2024\/09\/og-image-outokummunseutu.jpg\" \/>\n\t<meta property=\"og:image:width\" content=\"1200\" \/>\n\t<meta property=\"og:image:height\" content=\"630\" \/>\n\t<meta property=\"og:image:type\" content=\"image\/jpeg\" \/>\n<meta name=\"twitter:card\" content=\"summary_large_image\" \/>\n<meta name=\"twitter:label1\" content=\"Arvioitu lukuaika\" \/>\n\t<meta name=\"twitter:data1\" content=\"1 minuutti\" \/>\n<script type=\"application\/ld+json\" class=\"yoast-schema-graph\">{\"@context\":\"https:\/\/schema.org\",\"@graph\":[{\"@type\":\"WebPage\",\"@id\":\"https:\/\/oma.media.fi\/outokummun-seutu\/ilmoita\/\",\"url\":\"https:\/\/oma.media.fi\/outokummun-seutu\/ilmoita\/\",\"name\":\"Ilmoita - Outokummun Seutu\",\"isPartOf\":{\"@id\":\"https:\/\/oma.media.fi\/outokummun-seutu\/#website\"},\"datePublished\":\"2018-10-22T07:30:52+00:00\",\"dateModified\":\"2026-04-30T10:13:14+00:00\",\"description\":\"J\u00e4t\u00e4 ilmoitus lehteen. Myynti- ja ostoilmoitukset, perheilmoitukset, seura- ja j\u00e4rjest\u00f6ilmoitukset, kuolinilmoitukset, surukiitokset, vauvauutiset jne.\",\"breadcrumb\":{\"@id\":\"https:\/\/oma.media.fi\/outokummun-seutu\/ilmoita\/#breadcrumb\"},\"inLanguage\":\"fi\",\"potentialAction\":[{\"@type\":\"ReadAction\",\"target\":[\"https:\/\/oma.media.fi\/outokummun-seutu\/ilmoita\/\"]}]},{\"@type\":\"BreadcrumbList\",\"@id\":\"https:\/\/oma.media.fi\/outokummun-seutu\/ilmoita\/#breadcrumb\",\"itemListElement\":[{\"@type\":\"ListItem\",\"position\":1,\"name\":\"Etusivu\",\"item\":\"https:\/\/oma.media.fi\/outokummun-seutu\/\"},{\"@type\":\"ListItem\",\"position\":2,\"name\":\"Ilmoita\"}]},{\"@type\":\"WebSite\",\"@id\":\"https:\/\/oma.media.fi\/outokummun-seutu\/#website\",\"url\":\"https:\/\/oma.media.fi\/outokummun-seutu\/\",\"name\":\"Outokummun Seutu\",\"description\":\"\",\"potentialAction\":[{\"@type\":\"SearchAction\",\"target\":{\"@type\":\"EntryPoint\",\"urlTemplate\":\"https:\/\/oma.media.fi\/outokummun-seutu\/?s={search_term_string}\"},\"query-input\":{\"@type\":\"PropertyValueSpecification\",\"valueRequired\":true,\"valueName\":\"search_term_string\"}}],\"inLanguage\":\"fi\"}]}<\/script>\n<!-- \/ Yoast SEO plugin. -->","yoast_head_json":{"title":"Ilmoita - Outokummun Seutu","description":"J\u00e4t\u00e4 ilmoitus lehteen. Myynti- ja ostoilmoitukset, perheilmoitukset, seura- ja j\u00e4rjest\u00f6ilmoitukset, kuolinilmoitukset, surukiitokset, vauvauutiset jne.","robots":{"index":"noindex","follow":"follow","max-snippet":"max-snippet:-1","max-image-preview":"max-image-preview:large","max-video-preview":"max-video-preview:-1"},"og_locale":"fi_FI","og_type":"article","og_title":"Ilmoita","og_description":"J\u00e4t\u00e4 ilmoitus lehteen. Myynti- ja ostoilmoitukset, perheilmoitukset, seura- ja j\u00e4rjest\u00f6ilmoitukset, kuolinilmoitukset, surukiitokset, vauvauutiset jne.","og_url":"https:\/\/oma.media.fi\/outokummun-seutu\/ilmoita\/","og_site_name":"Outokummun Seutu","article_publisher":"https:\/\/www.facebook.com\/outokummunseutu","article_modified_time":"2026-04-30T10:13:14+00:00","og_image":[{"width":1200,"height":630,"url":"https:\/\/oma.media.fi\/outokummun-seutu\/wp-content\/uploads\/sites\/58\/2024\/09\/og-image-outokummunseutu.jpg","type":"image\/jpeg"}],"twitter_card":"summary_large_image","twitter_misc":{"Arvioitu lukuaika":"1 minuutti"},"schema":{"@context":"https:\/\/schema.org","@graph":[{"@type":"WebPage","@id":"https:\/\/oma.media.fi\/outokummun-seutu\/ilmoita\/","url":"https:\/\/oma.media.fi\/outokummun-seutu\/ilmoita\/","name":"Ilmoita - Outokummun Seutu","isPartOf":{"@id":"https:\/\/oma.media.fi\/outokummun-seutu\/#website"},"datePublished":"2018-10-22T07:30:52+00:00","dateModified":"2026-04-30T10:13:14+00:00","description":"J\u00e4t\u00e4 ilmoitus lehteen. Myynti- ja ostoilmoitukset, perheilmoitukset, seura- ja j\u00e4rjest\u00f6ilmoitukset, kuolinilmoitukset, surukiitokset, vauvauutiset jne.","breadcrumb":{"@id":"https:\/\/oma.media.fi\/outokummun-seutu\/ilmoita\/#breadcrumb"},"inLanguage":"fi","potentialAction":[{"@type":"ReadAction","target":["https:\/\/oma.media.fi\/outokummun-seutu\/ilmoita\/"]}]},{"@type":"BreadcrumbList","@id":"https:\/\/oma.media.fi\/outokummun-seutu\/ilmoita\/#breadcrumb","itemListElement":[{"@type":"ListItem","position":1,"name":"Etusivu","item":"https:\/\/oma.media.fi\/outokummun-seutu\/"},{"@type":"ListItem","position":2,"name":"Ilmoita"}]},{"@type":"WebSite","@id":"https:\/\/oma.media.fi\/outokummun-seutu\/#website","url":"https:\/\/oma.media.fi\/outokummun-seutu\/","name":"Outokummun Seutu","description":"","potentialAction":[{"@type":"SearchAction","target":{"@type":"EntryPoint","urlTemplate":"https:\/\/oma.media.fi\/outokummun-seutu\/?s={search_term_string}"},"query-input":{"@type":"PropertyValueSpecification","valueRequired":true,"valueName":"search_term_string"}}],"inLanguage":"fi"}]}},"publishpress_future_action":{"enabled":false,"date":"2026-05-10 12:41:40","action":"change-status","newStatus":"draft","terms":[],"taxonomy":"","extraData":[]},"publishpress_future_workflow_manual_trigger":{"enabledWorkflows":[]},"_links":{"self":[{"href":"https:\/\/oma.media.fi\/outokummun-seutu\/wp-json\/wp\/v2\/pages\/27","targetHints":{"allow":["GET"]}}],"collection":[{"href":"https:\/\/oma.media.fi\/outokummun-seutu\/wp-json\/wp\/v2\/pages"}],"about":[{"href":"https:\/\/oma.media.fi\/outokummun-seutu\/wp-json\/wp\/v2\/types\/page"}],"author":[{"embeddable":true,"href":"https:\/\/oma.media.fi\/outokummun-seutu\/wp-json\/wp\/v2\/users\/1"}],"replies":[{"embeddable":true,"href":"https:\/\/oma.media.fi\/outokummun-seutu\/wp-json\/wp\/v2\/comments?post=27"}],"version-history":[{"count":98,"href":"https:\/\/oma.media.fi\/outokummun-seutu\/wp-json\/wp\/v2\/pages\/27\/revisions"}],"predecessor-version":[{"id":1490,"href":"https:\/\/oma.media.fi\/outokummun-seutu\/wp-json\/wp\/v2\/pages\/27\/revisions\/1490"}],"wp:attachment":[{"href":"https:\/\/oma.media.fi\/outokummun-seutu\/wp-json\/wp\/v2\/media?parent=27"}],"curies":[{"name":"wp","href":"https:\/\/api.w.org\/{rel}","templated":true}]}}