{"id":12451,"date":"2021-12-28T10:27:52","date_gmt":"2021-12-28T08:27:52","guid":{"rendered":"https:\/\/oma.media.fi\/pieksamaen-lehti\/?page_id=12451"},"modified":"2023-09-07T08:31:19","modified_gmt":"2023-09-07T05:31:19","slug":"tietoa-tilauksesta","status":"publish","type":"page","link":"https:\/\/oma.media.fi\/pieksamaen-lehti\/tietoa-tilauksesta\/","title":{"rendered":"Tietoa tilauksesta"},"content":{"rendered":"<p><em style=\"font-size: 1.3rem;color: #666\"><strong>Pieks\u00e4m\u00e4en Lehti<\/strong> <em>on l\u00e4sn\u00e4 siell\u00e4, miss\u00e4 tapahtuu ja kertoo sen, mist\u00e4 kylill\u00e4 puhutaan. Painettu lehti ilmestyy kaksi kertaa viikossa tiistaisin ja torstaisin. <\/em><em>Lis\u00e4tietoa poikkeuksellisista ilmestymisp\u00e4ivist\u00e4 saat <a href=\"https:\/\/oma.media.fi\/pieksamaen-lehti\/ilmestymispaivat\/\">t\u00e4\u00e4lt\u00e4.<\/a><\/em><\/em><\/p>\n<hr \/>\n<h2>Tervetuloa asiakaspalveluun <a href=\"https:\/\/oma.media.fi\/pieksamaen-lehti\/wp-content\/uploads\/sites\/17\/2021\/12\/Pieksamaen_Lehti_levikkikartta.png\"><img loading=\"lazy\" decoding=\"async\" class=\" wp-image-12456 alignright\" src=\"https:\/\/oma.media.fi\/pieksamaen-lehti\/wp-content\/uploads\/sites\/17\/2021\/12\/Pieksamaen_Lehti_levikkikartta.png\" alt=\"\" width=\"357\" height=\"360\" srcset=\"https:\/\/oma.media.fi\/pieksamaen-lehti\/wp-content\/uploads\/sites\/17\/2021\/12\/Pieksamaen_Lehti_levikkikartta.png 422w, https:\/\/oma.media.fi\/pieksamaen-lehti\/wp-content\/uploads\/sites\/17\/2021\/12\/Pieksamaen_Lehti_levikkikartta-298x300.png 298w, https:\/\/oma.media.fi\/pieksamaen-lehti\/wp-content\/uploads\/sites\/17\/2021\/12\/Pieksamaen_Lehti_levikkikartta-150x150.png 150w\" sizes=\"auto, (max-width: 357px) 100vw, 357px\" \/><\/a><\/h2>\n<p>Tarjoamme tilauksiin liittyv\u00e4\u00e4 asiakaspalvelua jonottamatta 24\/7 verkossa osoitteessa <a href=\"http:\/\/Pieksamaenlehti.fi\/asiakaspalvelu\">Pieksamaenlehti.fi\/asiakaspalvelu<\/a> \u2013 k\u00e4y tutustumassa!<\/p>\n<h3>Joko sinulla on Mediatunnus?<\/h3>\n<p>Mediatunnus on avain kaikkiin s\u00e4hk\u00f6isiin palveluihimme. Yhdell\u00e4 tunnuksella p\u00e4\u00e4set n\u00e4pp\u00e4r\u00e4sti lukemaan tilaukseesi kuuluvia verkkosis\u00e4lt\u00f6j\u00e4 sek\u00e4 kommentoimaan niit\u00e4. Mediatunnuksella hoidat k\u00e4tev\u00e4sti my\u00f6s tilaukseesi liittyvi\u00e4 muutoksia \u2013 juuri silloin kun se sinulle sopii. Lue lis\u00e4\u00e4 Mediatunnuksesta ja sen luomisesta <a href=\"https:\/\/oma.media.fi\/pieksamaen-lehti\/mediatunnukset\/\">t\u00e4st\u00e4<\/a>.<\/p>\n<h3>Lis\u00e4tietoja tilauksestasi l\u00f6yd\u00e4t alla olevista linkeist\u00e4<\/h3>\n<div class=\"table--responsive\"><table style=\"height: 167px;width: 100%;border-collapse: collapse\" border=\"0\">\n<tbody>\n<tr style=\"height: 47px\">\n<td style=\"width: 5.69249%;height: 47px\"><a href=\"https:\/\/oma.media.fi\/pieksamaen-lehti\/wp-content\/uploads\/sites\/17\/2022\/01\/icon_tilauksensisalto-1.png\"><img loading=\"lazy\" decoding=\"async\" class=\"alignnone size-large wp-image-12486\" src=\"https:\/\/oma.media.fi\/pieksamaen-lehti\/wp-content\/uploads\/sites\/17\/2022\/01\/icon_tilauksensisalto-1.png\" alt=\"\" width=\"40\" height=\"45\" \/><\/a><\/td>\n<td style=\"width: 94.3075%;height: 47px\"><a href=\"https:\/\/oma.media.fi\/pieksamaen-lehti\/tilaussisallot\/\">Tilauksen sis\u00e4lt\u00f6<\/a><\/td>\n<\/tr>\n<tr style=\"height: 24px\">\n<td style=\"width: 5.69249%;height: 24px\"><a href=\"https:\/\/oma.media.fi\/pieksamaen-lehti\/wp-content\/uploads\/sites\/17\/2022\/01\/icon_ukk-1.png\"><img loading=\"lazy\" decoding=\"async\" class=\"alignnone size-full wp-image-12489\" src=\"https:\/\/oma.media.fi\/pieksamaen-lehti\/wp-content\/uploads\/sites\/17\/2022\/01\/icon_ukk-1.png\" alt=\"\" width=\"40\" height=\"45\" \/><\/a><\/td>\n<td style=\"width: 94.3075%;height: 24px\"><a href=\"https:\/\/oma.media.fi\/pieksamaen-lehti\/ukk\/\">Usein kysytyt kysymykset<\/a><\/td>\n<\/tr>\n<tr style=\"height: 24px\">\n<td style=\"width: 5.69249%;height: 24px\"><a href=\"https:\/\/oma.media.fi\/pieksamaen-lehti\/wp-content\/uploads\/sites\/17\/2022\/01\/icon_jatkuvatilaus-1.png\"><img loading=\"lazy\" decoding=\"async\" class=\"alignnone size-large wp-image-12485\" src=\"https:\/\/oma.media.fi\/pieksamaen-lehti\/wp-content\/uploads\/sites\/17\/2022\/01\/icon_jatkuvatilaus-1.png\" alt=\"\" width=\"40\" height=\"45\" \/><\/a><\/td>\n<td style=\"width: 94.3075%;height: 24px\"><a href=\"https:\/\/oma.media.fi\/pieksamaen-lehti\/edut\/tietoa-kestotilaajan-eduista\/\">Jatkuvan tilauksen hy\u00f6dyt<\/a><\/td>\n<\/tr>\n<tr style=\"height: 24px\">\n<td style=\"width: 5.69249%;height: 24px\"><a href=\"https:\/\/oma.media.fi\/pieksamaen-lehti\/wp-content\/uploads\/sites\/17\/2022\/01\/icon_tilausmuodot-1.png\"><img loading=\"lazy\" decoding=\"async\" class=\"alignnone size-large wp-image-12487\" src=\"https:\/\/oma.media.fi\/pieksamaen-lehti\/wp-content\/uploads\/sites\/17\/2022\/01\/icon_tilausmuodot-1.png\" alt=\"\" width=\"40\" height=\"45\" \/><\/a><\/td>\n<td style=\"width: 94.3075%;height: 24px\"><a href=\"https:\/\/oma.media.fi\/pieksamaen-lehti\/tilausmuodot\/\">Tilausmuodot<\/a><\/td>\n<\/tr>\n<tr style=\"height: 24px\">\n<td style=\"width: 5.69249%;height: 24px\"><a href=\"https:\/\/oma.media.fi\/pieksamaen-lehti\/wp-content\/uploads\/sites\/17\/2022\/01\/icon_hinnat_laskutus-1.png\"><img loading=\"lazy\" decoding=\"async\" class=\"alignnone size-full wp-image-12484\" src=\"https:\/\/oma.media.fi\/pieksamaen-lehti\/wp-content\/uploads\/sites\/17\/2022\/01\/icon_hinnat_laskutus-1.png\" alt=\"\" width=\"40\" height=\"45\" \/><\/a><\/td>\n<td style=\"width: 94.3075%;height: 24px\"><a href=\"https:\/\/oma.media.fi\/tilaushinnat\/\">Normaalihinnat<\/a> ja <a href=\"https:\/\/oma.media.fi\/tilauslaskutus\/\">tilauslaskutus<\/a><\/td>\n<\/tr>\n<tr style=\"height: 24px\">\n<td style=\"width: 5.69249%;height: 24px\"><a href=\"https:\/\/oma.media.fi\/pieksamaen-lehti\/wp-content\/uploads\/sites\/17\/2022\/01\/icon_tilaustarjoukset-1.png\"><img loading=\"lazy\" decoding=\"async\" class=\"alignnone size-large wp-image-12488\" src=\"https:\/\/oma.media.fi\/pieksamaen-lehti\/wp-content\/uploads\/sites\/17\/2022\/01\/icon_tilaustarjoukset-1.png\" alt=\"\" width=\"40\" height=\"45\" \/><\/a><\/td>\n<td style=\"width: 94.3075%;height: 24px\"><a href=\"http:\/\/Pieksamaenlehti.fi\/tilaa\">Tilaustarjoukset<\/a><\/td>\n<\/tr>\n<\/tbody>\n<\/table><\/div>\n<p>&nbsp;<\/p>\n","protected":false},"excerpt":{"rendered":"<p>on l\u00e4sn\u00e4 siell\u00e4, miss\u00e4 tapahtuu ja kertoo sen, mist\u00e4 kylill\u00e4 puhutaan. Painettu lehti ilmestyy kaksi kertaa viikossa tiistaisin ja torstaisin. Lis\u00e4tietoa poikkeuksellisista ilmestymisp\u00e4ivist\u00e4 saat t\u00e4\u00e4lt\u00e4. Tervetuloa asiakaspalveluun Tarjoamme tilauksiin liittyv\u00e4\u00e4 asiakaspalvelua jonottamatta 24\/7 verkossa osoitteessa \/asiakaspalvelu \u2013 k\u00e4y tutustumassa! Joko sinulla on Mediatunnus? Mediatunnus on avain kaikkiin s\u00e4hk\u00f6isiin palveluihimme. Yhdell\u00e4 tunnuksella p\u00e4\u00e4set n\u00e4pp\u00e4r\u00e4sti lukemaan tilaukseesi [&hellip;]<\/p>\n","protected":false},"author":6,"featured_media":12483,"parent":0,"menu_order":0,"comment_status":"closed","ping_status":"closed","template":"","meta":{"_acf_changed":false,"footnotes":""},"class_list":["post-12451","page","type-page","status-publish","has-post-thumbnail","hentry"],"acf":[],"yoast_head":"<!-- This site is optimized with the Yoast SEO plugin v26.2 - https:\/\/yoast.com\/wordpress\/plugins\/seo\/ -->\n<title>Tietoa tilauksesta - Pieks\u00e4m\u00e4en Lehti<\/title>\n<meta name=\"robots\" content=\"index, follow, max-snippet:-1, max-image-preview:large, max-video-preview:-1\" \/>\n<link rel=\"canonical\" href=\"https:\/\/oma.media.fi\/pieksamaen-lehti\/tietoa-tilauksesta\/\" \/>\n<meta property=\"og:locale\" content=\"fi_FI\" \/>\n<meta property=\"og:type\" content=\"article\" \/>\n<meta property=\"og:title\" content=\"Tietoa tilauksesta\" \/>\n<meta property=\"og:description\" content=\"on l\u00e4sn\u00e4 siell\u00e4, miss\u00e4 tapahtuu ja kertoo sen, mist\u00e4 kylill\u00e4 puhutaan. Painettu lehti ilmestyy kaksi kertaa viikossa tiistaisin ja torstaisin. Lis\u00e4tietoa poikkeuksellisista ilmestymisp\u00e4ivist\u00e4 saat t\u00e4\u00e4lt\u00e4. Tervetuloa asiakaspalveluun Tarjoamme tilauksiin liittyv\u00e4\u00e4 asiakaspalvelua jonottamatta 24\/7 verkossa osoitteessa \/asiakaspalvelu \u2013 k\u00e4y tutustumassa! Joko sinulla on Mediatunnus? Mediatunnus on avain kaikkiin s\u00e4hk\u00f6isiin palveluihimme. Yhdell\u00e4 tunnuksella p\u00e4\u00e4set n\u00e4pp\u00e4r\u00e4sti lukemaan tilaukseesi [&hellip;]\" \/>\n<meta property=\"og:url\" content=\"https:\/\/oma.media.fi\/pieksamaen-lehti\/tietoa-tilauksesta\/\" \/>\n<meta property=\"og:site_name\" content=\"Pieks\u00e4m\u00e4en Lehti\" \/>\n<meta property=\"article:modified_time\" content=\"2023-09-07T05:31:19+00:00\" \/>\n<meta property=\"og:image\" content=\"https:\/\/oma.media.fi\/pieksamaen-lehti\/wp-content\/uploads\/sites\/17\/2022\/01\/810x260_tietoatilauksesta_land.jpg\" \/>\n\t<meta property=\"og:image:width\" content=\"810\" \/>\n\t<meta property=\"og:image:height\" content=\"260\" \/>\n\t<meta property=\"og:image:type\" content=\"image\/jpeg\" \/>\n<meta name=\"twitter:card\" content=\"summary_large_image\" \/>\n<meta name=\"twitter:label1\" content=\"Arvioitu lukuaika\" \/>\n\t<meta name=\"twitter:data1\" content=\"3 minuuttia\" \/>\n<script type=\"application\/ld+json\" class=\"yoast-schema-graph\">{\"@context\":\"https:\/\/schema.org\",\"@graph\":[{\"@type\":\"WebPage\",\"@id\":\"https:\/\/oma.media.fi\/pieksamaen-lehti\/tietoa-tilauksesta\/\",\"url\":\"https:\/\/oma.media.fi\/pieksamaen-lehti\/tietoa-tilauksesta\/\",\"name\":\"Tietoa tilauksesta - Pieks\u00e4m\u00e4en Lehti\",\"isPartOf\":{\"@id\":\"https:\/\/oma.media.fi\/pieksamaen-lehti\/#website\"},\"primaryImageOfPage\":{\"@id\":\"https:\/\/oma.media.fi\/pieksamaen-lehti\/tietoa-tilauksesta\/#primaryimage\"},\"image\":{\"@id\":\"https:\/\/oma.media.fi\/pieksamaen-lehti\/tietoa-tilauksesta\/#primaryimage\"},\"thumbnailUrl\":\"https:\/\/oma.media.fi\/pieksamaen-lehti\/wp-content\/uploads\/sites\/17\/2022\/01\/810x260_tietoatilauksesta_land.jpg\",\"datePublished\":\"2021-12-28T08:27:52+00:00\",\"dateModified\":\"2023-09-07T05:31:19+00:00\",\"breadcrumb\":{\"@id\":\"https:\/\/oma.media.fi\/pieksamaen-lehti\/tietoa-tilauksesta\/#breadcrumb\"},\"inLanguage\":\"fi\",\"potentialAction\":[{\"@type\":\"ReadAction\",\"target\":[\"https:\/\/oma.media.fi\/pieksamaen-lehti\/tietoa-tilauksesta\/\"]}]},{\"@type\":\"ImageObject\",\"inLanguage\":\"fi\",\"@id\":\"https:\/\/oma.media.fi\/pieksamaen-lehti\/tietoa-tilauksesta\/#primaryimage\",\"url\":\"https:\/\/oma.media.fi\/pieksamaen-lehti\/wp-content\/uploads\/sites\/17\/2022\/01\/810x260_tietoatilauksesta_land.jpg\",\"contentUrl\":\"https:\/\/oma.media.fi\/pieksamaen-lehti\/wp-content\/uploads\/sites\/17\/2022\/01\/810x260_tietoatilauksesta_land.jpg\",\"width\":810,\"height\":260},{\"@type\":\"BreadcrumbList\",\"@id\":\"https:\/\/oma.media.fi\/pieksamaen-lehti\/tietoa-tilauksesta\/#breadcrumb\",\"itemListElement\":[{\"@type\":\"ListItem\",\"position\":1,\"name\":\"Etusivu\",\"item\":\"https:\/\/oma.media.fi\/pieksamaen-lehti\/\"},{\"@type\":\"ListItem\",\"position\":2,\"name\":\"Tietoa tilauksesta\"}]},{\"@type\":\"WebSite\",\"@id\":\"https:\/\/oma.media.fi\/pieksamaen-lehti\/#website\",\"url\":\"https:\/\/oma.media.fi\/pieksamaen-lehti\/\",\"name\":\"Pieks\u00e4m\u00e4en Lehti\",\"description\":\"\",\"potentialAction\":[{\"@type\":\"SearchAction\",\"target\":{\"@type\":\"EntryPoint\",\"urlTemplate\":\"https:\/\/oma.media.fi\/pieksamaen-lehti\/?s={search_term_string}\"},\"query-input\":{\"@type\":\"PropertyValueSpecification\",\"valueRequired\":true,\"valueName\":\"search_term_string\"}}],\"inLanguage\":\"fi\"}]}<\/script>\n<!-- \/ Yoast SEO plugin. -->","yoast_head_json":{"title":"Tietoa tilauksesta - Pieks\u00e4m\u00e4en Lehti","robots":{"index":"index","follow":"follow","max-snippet":"max-snippet:-1","max-image-preview":"max-image-preview:large","max-video-preview":"max-video-preview:-1"},"canonical":"https:\/\/oma.media.fi\/pieksamaen-lehti\/tietoa-tilauksesta\/","og_locale":"fi_FI","og_type":"article","og_title":"Tietoa tilauksesta","og_description":"on l\u00e4sn\u00e4 siell\u00e4, miss\u00e4 tapahtuu ja kertoo sen, mist\u00e4 kylill\u00e4 puhutaan. Painettu lehti ilmestyy kaksi kertaa viikossa tiistaisin ja torstaisin. Lis\u00e4tietoa poikkeuksellisista ilmestymisp\u00e4ivist\u00e4 saat t\u00e4\u00e4lt\u00e4. Tervetuloa asiakaspalveluun Tarjoamme tilauksiin liittyv\u00e4\u00e4 asiakaspalvelua jonottamatta 24\/7 verkossa osoitteessa \/asiakaspalvelu \u2013 k\u00e4y tutustumassa! Joko sinulla on Mediatunnus? Mediatunnus on avain kaikkiin s\u00e4hk\u00f6isiin palveluihimme. Yhdell\u00e4 tunnuksella p\u00e4\u00e4set n\u00e4pp\u00e4r\u00e4sti lukemaan tilaukseesi [&hellip;]","og_url":"https:\/\/oma.media.fi\/pieksamaen-lehti\/tietoa-tilauksesta\/","og_site_name":"Pieks\u00e4m\u00e4en Lehti","article_modified_time":"2023-09-07T05:31:19+00:00","og_image":[{"width":810,"height":260,"url":"https:\/\/oma.media.fi\/pieksamaen-lehti\/wp-content\/uploads\/sites\/17\/2022\/01\/810x260_tietoatilauksesta_land.jpg","type":"image\/jpeg"}],"twitter_card":"summary_large_image","twitter_misc":{"Arvioitu lukuaika":"3 minuuttia"},"schema":{"@context":"https:\/\/schema.org","@graph":[{"@type":"WebPage","@id":"https:\/\/oma.media.fi\/pieksamaen-lehti\/tietoa-tilauksesta\/","url":"https:\/\/oma.media.fi\/pieksamaen-lehti\/tietoa-tilauksesta\/","name":"Tietoa tilauksesta - Pieks\u00e4m\u00e4en Lehti","isPartOf":{"@id":"https:\/\/oma.media.fi\/pieksamaen-lehti\/#website"},"primaryImageOfPage":{"@id":"https:\/\/oma.media.fi\/pieksamaen-lehti\/tietoa-tilauksesta\/#primaryimage"},"image":{"@id":"https:\/\/oma.media.fi\/pieksamaen-lehti\/tietoa-tilauksesta\/#primaryimage"},"thumbnailUrl":"https:\/\/oma.media.fi\/pieksamaen-lehti\/wp-content\/uploads\/sites\/17\/2022\/01\/810x260_tietoatilauksesta_land.jpg","datePublished":"2021-12-28T08:27:52+00:00","dateModified":"2023-09-07T05:31:19+00:00","breadcrumb":{"@id":"https:\/\/oma.media.fi\/pieksamaen-lehti\/tietoa-tilauksesta\/#breadcrumb"},"inLanguage":"fi","potentialAction":[{"@type":"ReadAction","target":["https:\/\/oma.media.fi\/pieksamaen-lehti\/tietoa-tilauksesta\/"]}]},{"@type":"ImageObject","inLanguage":"fi","@id":"https:\/\/oma.media.fi\/pieksamaen-lehti\/tietoa-tilauksesta\/#primaryimage","url":"https:\/\/oma.media.fi\/pieksamaen-lehti\/wp-content\/uploads\/sites\/17\/2022\/01\/810x260_tietoatilauksesta_land.jpg","contentUrl":"https:\/\/oma.media.fi\/pieksamaen-lehti\/wp-content\/uploads\/sites\/17\/2022\/01\/810x260_tietoatilauksesta_land.jpg","width":810,"height":260},{"@type":"BreadcrumbList","@id":"https:\/\/oma.media.fi\/pieksamaen-lehti\/tietoa-tilauksesta\/#breadcrumb","itemListElement":[{"@type":"ListItem","position":1,"name":"Etusivu","item":"https:\/\/oma.media.fi\/pieksamaen-lehti\/"},{"@type":"ListItem","position":2,"name":"Tietoa tilauksesta"}]},{"@type":"WebSite","@id":"https:\/\/oma.media.fi\/pieksamaen-lehti\/#website","url":"https:\/\/oma.media.fi\/pieksamaen-lehti\/","name":"Pieks\u00e4m\u00e4en Lehti","description":"","potentialAction":[{"@type":"SearchAction","target":{"@type":"EntryPoint","urlTemplate":"https:\/\/oma.media.fi\/pieksamaen-lehti\/?s={search_term_string}"},"query-input":{"@type":"PropertyValueSpecification","valueRequired":true,"valueName":"search_term_string"}}],"inLanguage":"fi"}]}},"publishpress_future_action":{"enabled":false,"date":"2026-04-24 05:17:53","action":"change-status","newStatus":"draft","terms":[],"taxonomy":"","extraData":[]},"publishpress_future_workflow_manual_trigger":{"enabledWorkflows":[]},"_links":{"self":[{"href":"https:\/\/oma.media.fi\/pieksamaen-lehti\/wp-json\/wp\/v2\/pages\/12451","targetHints":{"allow":["GET"]}}],"collection":[{"href":"https:\/\/oma.media.fi\/pieksamaen-lehti\/wp-json\/wp\/v2\/pages"}],"about":[{"href":"https:\/\/oma.media.fi\/pieksamaen-lehti\/wp-json\/wp\/v2\/types\/page"}],"author":[{"embeddable":true,"href":"https:\/\/oma.media.fi\/pieksamaen-lehti\/wp-json\/wp\/v2\/users\/6"}],"replies":[{"embeddable":true,"href":"https:\/\/oma.media.fi\/pieksamaen-lehti\/wp-json\/wp\/v2\/comments?post=12451"}],"version-history":[{"count":8,"href":"https:\/\/oma.media.fi\/pieksamaen-lehti\/wp-json\/wp\/v2\/pages\/12451\/revisions"}],"predecessor-version":[{"id":13747,"href":"https:\/\/oma.media.fi\/pieksamaen-lehti\/wp-json\/wp\/v2\/pages\/12451\/revisions\/13747"}],"wp:featuredmedia":[{"embeddable":true,"href":"https:\/\/oma.media.fi\/pieksamaen-lehti\/wp-json\/wp\/v2\/media\/12483"}],"wp:attachment":[{"href":"https:\/\/oma.media.fi\/pieksamaen-lehti\/wp-json\/wp\/v2\/media?parent=12451"}],"curies":[{"name":"wp","href":"https:\/\/api.w.org\/{rel}","templated":true}]}}