{"id":26,"date":"2018-10-17T13:17:59","date_gmt":"2018-10-17T10:17:59","guid":{"rendered":"https:\/\/oma.media.fi\/pielavesi-keitele\/yhteystiedot\/"},"modified":"2026-04-13T12:21:51","modified_gmt":"2026-04-13T09:21:51","slug":"yhteystiedot","status":"publish","type":"page","link":"https:\/\/oma.media.fi\/pielavesi-keitele\/yhteystiedot\/","title":{"rendered":"Yhteystiedot"},"content":{"rendered":"<div class=\"text-block\">\n<h2>Tilaukset<\/h2>\n<p>Digipalvelut, osoitteenmuutokset, jakelunkeskeytykset, asiakastietojen muutokset<br \/>\nsek\u00e4 tilauslaskutus ja muut tilauksiin liittyv\u00e4t asiat.<\/p>\n<p><a href=\"https:\/\/oma.media.fi\/pielavesi-keitele\/\" target=\"_blank\" rel=\"noopener\"><strong>Asiakaspalvelua verkossa 24\/7<\/strong><\/a><\/p>\n<h2>Lukijailmoitukset<\/h2>\n<p>J\u00e4rjest\u00f6ilmoitukset, luokitellut ilmoitukset, perheilmoitukset, kuolinilmoitukset ja surukiitokset<\/p>\n<p><strong>J\u00e4t\u00e4 ilmoitus 24\/7 <\/strong><strong><a href=\"https:\/\/oma.media.fi\/pielavesi-keitele\/ilmoita\/\" target=\"_blank\" rel=\"noopener\">pielavesi-keitele.fi\/ilmoita<\/a><\/strong><\/p>\n<h2>Asiakaspalvelu<\/h2>\n<p>Tilauksiin ja lukijailmoituksiin liittyv\u00e4t asiat.<\/p>\n<p><strong>Puhelinpalvelu <\/strong>014 622 133<br \/>\nAvoinna: ma-pe klo 8.00-18.00<\/p>\n<p>Tallennamme puhelut asiakaspalvelutapahtumien varmentamiseksi<br \/>\nsek\u00e4 asiakaspalvelun koulutusta varten. Puhelun hinta mpm\/pvm, jonotus on maksullista.<\/p>\n<p><a class=\"button\" href=\"https:\/\/oma.media.fi\/pielavesi-keitele\/yhteystiedot\/ota-yhteytta\/\" target=\"_blank\" rel=\"noopener\">Ota yhteytt\u00e4 asiakaspalveluun<\/a><\/p>\n<\/div>\n<div class=\"text-block\">\n<h2><strong>Jakelu, jakeluh\u00e4iri\u00f6t ja puuttuvat lehdet<\/strong><\/h2>\n<p><a class=\"button\" href=\"https:\/\/oma.media.fi\/pielavesi-keitele\/yhteystiedot\/jakelupalaute\/\" target=\"_blank\" rel=\"noopener\">Ilmoita jakeluvirheest\u00e4<\/a><\/p>\n<p><strong>Postin varhaisjakelu<\/strong><br \/>\np. 0100 4090 (pvm\/mpm), jonotus on maksullista<br \/>\nma-pe klo 6.30-16.00, la-su klo 6.30-12.00<\/p>\n<p>Varhaisjakelu toimittaa puuttuneen lehden seuraavan aamun jakelussa.<\/p>\n<p><strong>Postin perusjakelu, kaikki perusjakelun paikkakunnat<\/strong><br \/>\np. 0100 5577 (pvm\/mpm), jonotus on maksullista<br \/>\nma-pe klo 8.00-16.00<\/p>\n<p><strong>Heittolaatikkojakelu<\/strong> ota yhteys <a href=\"https:\/\/oma.media.fi\/yhteystiedot\/ota-yhteytta\/\" target=\"_blank\" rel=\"noopener\">asiakaspalveluun<\/a><\/p>\n<\/div>\n<div class=\"text-block\">\n<h2>Medialaskutus<\/h2>\n<p>Ilmoituslaskutus<br \/>\np. 09 2730 0230 (pvm\/mpm), ma-pe 9.00-14.00<br \/>\n<a href=\"&#x6d;&#97;&#x69;&#x6c;t&#x6f;&#58;l&#x61;&#115;k&#x75;&#116;&#x75;&#x73;&#46;&#x6b;&#101;s&#x6b;&#105;s&#x75;&#111;&#x6d;&#x61;&#108;&#x61;&#x69;n&#x65;&#110;m&#x65;&#100;i&#x61;&#64;&#x6d;&#x65;d&#x69;&#97;&#46;&#x66;&#105;\" target=\"_blank\" rel=\"noopener\">&#108;&#x61;s&#107;&#x75;t&#117;&#x73;&#46;&#107;&#x65;s&#107;&#x69;s&#117;&#x6f;m&#97;&#x6c;a&#105;&#x6e;e&#110;&#x6d;e&#100;&#x69;a&#64;&#x6d;e&#x64;&#x69;a&#x2e;&#x66;&#105;<\/a><\/p>\n<\/div>\n<div class=\"text-block\">\n<h2>Mediamyynti<\/h2>\n<p>Mediamyynnin yhteystiedot l\u00f6yd\u00e4t <a href=\"https:\/\/meks.fi\/yhteystiedot\/\" target=\"_blank\" rel=\"noopener\">mediamyynnin sivuilta<\/a>.<\/p>\n<p>Aineistojen toimitusosoitteet l\u00f6yd\u00e4t <a href=\"https:\/\/meks.fi\/aineisto-ohjeet\/\" target=\"_blank\" rel=\"noopener\">t\u00e4\u00e4lt\u00e4<\/a>.<\/p>\n<\/div>\n<div class=\"text-block\">\n<h2>Toimitus<\/h2>\n<p><a href=\"&#109;&#x61;&#105;&#x6c;t&#111;&#x3a;&#112;&#x69;e&#x6b;e&#64;&#x70;&#105;&#x65;l&#x61;&#x76;&#101;&#x73;i&#x2d;k&#101;&#x69;&#116;&#x65;l&#x65;&#46;&#102;&#x69;\" target=\"_blank\" rel=\"noopener\">&#112;&#x69;&#101;&#x6b;&#101;&#x40;&#112;&#x69;&#101;&#x6c;&#97;&#x76;e&#x73;i&#x2d;k&#x65;i&#x74;e&#x6c;e&#46;&#x66;&#105;<\/a><br \/>\nSuorat s\u00e4hk\u00f6postit: e&#116;&#117;&#x6e;&#x69;mi&#46;&#115;&#x75;&#x6b;un&#105;&#109;&#x69;&#x40;pi&#101;&#x6c;&#x61;&#x76;e&#115;&#105;&#x2d;&#x6b;&#x65;i&#116;&#101;&#x6c;&#x65;&#x2e;f&#105;<br \/>\nPuistotie 23, 72400 Pielavesi<\/p>\n<p><a class=\"button\" href=\"https:\/\/oma.media.fi\/pielavesi-keitele\/yhteystiedot\/juttuvinkki\/\" target=\"_blank\" rel=\"noopener\">J\u00e4t\u00e4 juttuvinkki<\/a><\/p>\n<p><strong>Heli Roivainen-Koistinen<br \/>\n<\/strong><strong>p\u00e4\u00e4toimittaja<\/strong><br \/>\nPuh: 040 565 1947<\/p>\n<p><strong>Elisa Nuutinen<br \/>\n<\/strong><strong>toimittaja<br \/>\n<\/strong>Puh: 0400 340 405<\/p>\n<p>Kaikki sis\u00e4ll\u00f6t voidaan julkaista kaikissa Mediakonserni Keskisuomalaisen medioissa.<\/p>\n<\/div>\n<div class=\"text-block\">\n<h2>Palaute<\/h2>\n<p><a class=\"button\" href=\"https:\/\/oma.media.fi\/pielavesi-keitele\/yhteystiedot\/anna-palautetta\/\" target=\"_blank\" rel=\"noopener\">Anna palautetta<\/a><\/p>\n<\/div>\n","protected":false},"excerpt":{"rendered":"<p>Tilaukset Digipalvelut, osoitteenmuutokset, jakelunkeskeytykset, asiakastietojen muutokset sek\u00e4 tilauslaskutus ja muut tilauksiin liittyv\u00e4t asiat. Asiakaspalvelua verkossa 24\/7 Lukijailmoitukset J\u00e4rjest\u00f6ilmoitukset, luokitellut ilmoitukset, perheilmoitukset, kuolinilmoitukset ja surukiitokset J\u00e4t\u00e4 ilmoitus 24\/7 pielavesi-keitele.fi\/ilmoita Asiakaspalvelu Tilauksiin ja lukijailmoituksiin liittyv\u00e4t asiat. Puhelinpalvelu 014 622 133 Avoinna: ma-pe klo 8.00-18.00 Tallennamme puhelut asiakaspalvelutapahtumien varmentamiseksi sek\u00e4 asiakaspalvelun koulutusta varten. Puhelun hinta mpm\/pvm, jonotus on [&hellip;]<\/p>\n","protected":false},"author":1,"featured_media":0,"parent":0,"menu_order":0,"comment_status":"closed","ping_status":"closed","template":"","meta":{"_acf_changed":false,"footnotes":""},"class_list":["post-26","page","type-page","status-publish","hentry"],"acf":[],"yoast_head":"<!-- This site is optimized with the Yoast SEO plugin v26.2 - https:\/\/yoast.com\/wordpress\/plugins\/seo\/ -->\n<title>Yhteystiedot - Pielavesi-Keitele<\/title>\n<meta name=\"description\" content=\"Etsitk\u00f6 yhteystietoja vai haluatko antaa palautetta? Mediatalo Keskisuomalaisen asiakaspalveluiden yhteystiedot, palautekanavat ja juttuvinkit.\" \/>\n<meta name=\"robots\" content=\"index, follow, max-snippet:-1, max-image-preview:large, max-video-preview:-1\" \/>\n<link rel=\"canonical\" href=\"https:\/\/oma.media.fi\/pielavesi-keitele\/yhteystiedot\/\" \/>\n<meta property=\"og:locale\" content=\"fi_FI\" \/>\n<meta property=\"og:type\" content=\"article\" \/>\n<meta property=\"og:title\" content=\"Yhteystiedot\" \/>\n<meta property=\"og:description\" content=\"Etsitk\u00f6 yhteystietoja vai haluatko antaa palautetta? Mediatalo Keskisuomalaisen asiakaspalveluiden yhteystiedot, palautekanavat ja juttuvinkit.\" \/>\n<meta property=\"og:url\" content=\"https:\/\/oma.media.fi\/pielavesi-keitele\/yhteystiedot\/\" \/>\n<meta property=\"og:site_name\" content=\"Pielavesi-Keitele\" \/>\n<meta property=\"article:modified_time\" content=\"2026-04-13T09:21:51+00:00\" \/>\n<meta name=\"twitter:card\" content=\"summary_large_image\" \/>\n<meta name=\"twitter:label1\" content=\"Arvioitu lukuaika\" \/>\n\t<meta name=\"twitter:data1\" content=\"2 minuuttia\" \/>\n<script type=\"application\/ld+json\" class=\"yoast-schema-graph\">{\"@context\":\"https:\/\/schema.org\",\"@graph\":[{\"@type\":\"WebPage\",\"@id\":\"https:\/\/oma.media.fi\/pielavesi-keitele\/yhteystiedot\/\",\"url\":\"https:\/\/oma.media.fi\/pielavesi-keitele\/yhteystiedot\/\",\"name\":\"Yhteystiedot - Pielavesi-Keitele\",\"isPartOf\":{\"@id\":\"https:\/\/oma.media.fi\/pielavesi-keitele\/#website\"},\"datePublished\":\"2018-10-17T10:17:59+00:00\",\"dateModified\":\"2026-04-13T09:21:51+00:00\",\"description\":\"Etsitk\u00f6 yhteystietoja vai haluatko antaa palautetta? Mediatalo Keskisuomalaisen asiakaspalveluiden yhteystiedot, palautekanavat ja juttuvinkit.\",\"breadcrumb\":{\"@id\":\"https:\/\/oma.media.fi\/pielavesi-keitele\/yhteystiedot\/#breadcrumb\"},\"inLanguage\":\"fi\",\"potentialAction\":[{\"@type\":\"ReadAction\",\"target\":[\"https:\/\/oma.media.fi\/pielavesi-keitele\/yhteystiedot\/\"]}]},{\"@type\":\"BreadcrumbList\",\"@id\":\"https:\/\/oma.media.fi\/pielavesi-keitele\/yhteystiedot\/#breadcrumb\",\"itemListElement\":[{\"@type\":\"ListItem\",\"position\":1,\"name\":\"Etusivu\",\"item\":\"https:\/\/oma.media.fi\/pielavesi-keitele\/\"},{\"@type\":\"ListItem\",\"position\":2,\"name\":\"Yhteystiedot\"}]},{\"@type\":\"WebSite\",\"@id\":\"https:\/\/oma.media.fi\/pielavesi-keitele\/#website\",\"url\":\"https:\/\/oma.media.fi\/pielavesi-keitele\/\",\"name\":\"Pielavesi-Keitele\",\"description\":\"\",\"potentialAction\":[{\"@type\":\"SearchAction\",\"target\":{\"@type\":\"EntryPoint\",\"urlTemplate\":\"https:\/\/oma.media.fi\/pielavesi-keitele\/?s={search_term_string}\"},\"query-input\":{\"@type\":\"PropertyValueSpecification\",\"valueRequired\":true,\"valueName\":\"search_term_string\"}}],\"inLanguage\":\"fi\"}]}<\/script>\n<!-- \/ Yoast SEO plugin. -->","yoast_head_json":{"title":"Yhteystiedot - Pielavesi-Keitele","description":"Etsitk\u00f6 yhteystietoja vai haluatko antaa palautetta? Mediatalo Keskisuomalaisen asiakaspalveluiden yhteystiedot, palautekanavat ja juttuvinkit.","robots":{"index":"index","follow":"follow","max-snippet":"max-snippet:-1","max-image-preview":"max-image-preview:large","max-video-preview":"max-video-preview:-1"},"canonical":"https:\/\/oma.media.fi\/pielavesi-keitele\/yhteystiedot\/","og_locale":"fi_FI","og_type":"article","og_title":"Yhteystiedot","og_description":"Etsitk\u00f6 yhteystietoja vai haluatko antaa palautetta? Mediatalo Keskisuomalaisen asiakaspalveluiden yhteystiedot, palautekanavat ja juttuvinkit.","og_url":"https:\/\/oma.media.fi\/pielavesi-keitele\/yhteystiedot\/","og_site_name":"Pielavesi-Keitele","article_modified_time":"2026-04-13T09:21:51+00:00","twitter_card":"summary_large_image","twitter_misc":{"Arvioitu lukuaika":"2 minuuttia"},"schema":{"@context":"https:\/\/schema.org","@graph":[{"@type":"WebPage","@id":"https:\/\/oma.media.fi\/pielavesi-keitele\/yhteystiedot\/","url":"https:\/\/oma.media.fi\/pielavesi-keitele\/yhteystiedot\/","name":"Yhteystiedot - Pielavesi-Keitele","isPartOf":{"@id":"https:\/\/oma.media.fi\/pielavesi-keitele\/#website"},"datePublished":"2018-10-17T10:17:59+00:00","dateModified":"2026-04-13T09:21:51+00:00","description":"Etsitk\u00f6 yhteystietoja vai haluatko antaa palautetta? Mediatalo Keskisuomalaisen asiakaspalveluiden yhteystiedot, palautekanavat ja juttuvinkit.","breadcrumb":{"@id":"https:\/\/oma.media.fi\/pielavesi-keitele\/yhteystiedot\/#breadcrumb"},"inLanguage":"fi","potentialAction":[{"@type":"ReadAction","target":["https:\/\/oma.media.fi\/pielavesi-keitele\/yhteystiedot\/"]}]},{"@type":"BreadcrumbList","@id":"https:\/\/oma.media.fi\/pielavesi-keitele\/yhteystiedot\/#breadcrumb","itemListElement":[{"@type":"ListItem","position":1,"name":"Etusivu","item":"https:\/\/oma.media.fi\/pielavesi-keitele\/"},{"@type":"ListItem","position":2,"name":"Yhteystiedot"}]},{"@type":"WebSite","@id":"https:\/\/oma.media.fi\/pielavesi-keitele\/#website","url":"https:\/\/oma.media.fi\/pielavesi-keitele\/","name":"Pielavesi-Keitele","description":"","potentialAction":[{"@type":"SearchAction","target":{"@type":"EntryPoint","urlTemplate":"https:\/\/oma.media.fi\/pielavesi-keitele\/?s={search_term_string}"},"query-input":{"@type":"PropertyValueSpecification","valueRequired":true,"valueName":"search_term_string"}}],"inLanguage":"fi"}]}},"publishpress_future_action":{"enabled":false,"date":"2026-05-10 14:02:33","action":"change-status","newStatus":"draft","terms":[],"taxonomy":"","extraData":[]},"publishpress_future_workflow_manual_trigger":{"enabledWorkflows":[]},"_links":{"self":[{"href":"https:\/\/oma.media.fi\/pielavesi-keitele\/wp-json\/wp\/v2\/pages\/26","targetHints":{"allow":["GET"]}}],"collection":[{"href":"https:\/\/oma.media.fi\/pielavesi-keitele\/wp-json\/wp\/v2\/pages"}],"about":[{"href":"https:\/\/oma.media.fi\/pielavesi-keitele\/wp-json\/wp\/v2\/types\/page"}],"author":[{"embeddable":true,"href":"https:\/\/oma.media.fi\/pielavesi-keitele\/wp-json\/wp\/v2\/users\/1"}],"replies":[{"embeddable":true,"href":"https:\/\/oma.media.fi\/pielavesi-keitele\/wp-json\/wp\/v2\/comments?post=26"}],"version-history":[{"count":70,"href":"https:\/\/oma.media.fi\/pielavesi-keitele\/wp-json\/wp\/v2\/pages\/26\/revisions"}],"predecessor-version":[{"id":14803,"href":"https:\/\/oma.media.fi\/pielavesi-keitele\/wp-json\/wp\/v2\/pages\/26\/revisions\/14803"}],"wp:attachment":[{"href":"https:\/\/oma.media.fi\/pielavesi-keitele\/wp-json\/wp\/v2\/media?parent=26"}],"curies":[{"name":"wp","href":"https:\/\/api.w.org\/{rel}","templated":true}]}}