{"id":541,"date":"2018-11-19T14:06:34","date_gmt":"2018-11-19T12:06:34","guid":{"rendered":"https:\/\/oma.media.fi\/pielavesi-keitele\/ilmestymispaivat\/"},"modified":"2026-01-07T10:57:48","modified_gmt":"2026-01-07T08:57:48","slug":"ilmestymispaivat","status":"publish","type":"page","link":"https:\/\/oma.media.fi\/pielavesi-keitele\/ilmestymispaivat\/","title":{"rendered":"Ilmestymisp\u00e4iv\u00e4t"},"content":{"rendered":"<p>Pielavesi, Keitele<\/p>\n<p>Ilmestyy keskiviikkoisin<\/p>\n<p><strong>Painettu lehti ei ilmesty vuonna 2026:<\/strong><\/p>\n<p>Ke 7.1.2026<br \/>\nKe 23.12.2026<br \/>\nKe 31.12.2026<\/p>\n<p><strong>Poikkeavat ilmestymisp\u00e4iv\u00e4t 2026:<\/strong><br \/>\nti 22.12.<\/p>\n<p>Ei ilmesty vkolla 53.<\/p>\n<p>Muutokset mahdollisia<strong>.<\/strong><\/p>\n","protected":false},"excerpt":{"rendered":"<p>Pielavesi, Keitele Ilmestyy keskiviikkoisin Painettu lehti ei ilmesty vuonna 2026: Ke 7.1.2026 Ke 23.12.2026 Ke 31.12.2026 Poikkeavat ilmestymisp\u00e4iv\u00e4t 2026: ti 22.12. Ei ilmesty vkolla 53. Muutokset mahdollisia.<\/p>\n","protected":false},"author":1,"featured_media":0,"parent":0,"menu_order":0,"comment_status":"closed","ping_status":"closed","template":"","meta":{"_acf_changed":false,"footnotes":""},"class_list":["post-541","page","type-page","status-publish","hentry"],"acf":[],"yoast_head":"<!-- This site is optimized with the Yoast SEO plugin v26.2 - https:\/\/yoast.com\/wordpress\/plugins\/seo\/ -->\n<title>Ilmestymisp\u00e4iv\u00e4t - Pielavesi-Keitele<\/title>\n<meta name=\"description\" content=\"Pielavesi-Keiteleen ilmestymisp\u00e4iv\u00e4t ja poikkeusp\u00e4iv\u00e4t 2020\" \/>\n<meta name=\"robots\" content=\"index, follow, max-snippet:-1, max-image-preview:large, max-video-preview:-1\" \/>\n<link rel=\"canonical\" href=\"https:\/\/oma.media.fi\/pielavesi-keitele\/ilmestymispaivat\/\" \/>\n<meta property=\"og:locale\" content=\"fi_FI\" \/>\n<meta property=\"og:type\" content=\"article\" \/>\n<meta property=\"og:title\" content=\"Ilmestymisp\u00e4iv\u00e4t\" \/>\n<meta property=\"og:description\" content=\"Pielavesi-Keiteleen ilmestymisp\u00e4iv\u00e4t ja poikkeusp\u00e4iv\u00e4t 2020\" \/>\n<meta property=\"og:url\" content=\"https:\/\/oma.media.fi\/pielavesi-keitele\/ilmestymispaivat\/\" \/>\n<meta property=\"og:site_name\" content=\"Pielavesi-Keitele\" \/>\n<meta property=\"article:modified_time\" content=\"2026-01-07T08:57:48+00:00\" \/>\n<meta name=\"twitter:card\" content=\"summary_large_image\" \/>\n<meta name=\"twitter:label1\" content=\"Arvioitu lukuaika\" \/>\n\t<meta name=\"twitter:data1\" content=\"1 minuutti\" \/>\n<script type=\"application\/ld+json\" class=\"yoast-schema-graph\">{\"@context\":\"https:\/\/schema.org\",\"@graph\":[{\"@type\":\"WebPage\",\"@id\":\"https:\/\/oma.media.fi\/pielavesi-keitele\/ilmestymispaivat\/\",\"url\":\"https:\/\/oma.media.fi\/pielavesi-keitele\/ilmestymispaivat\/\",\"name\":\"Ilmestymisp\u00e4iv\u00e4t - Pielavesi-Keitele\",\"isPartOf\":{\"@id\":\"https:\/\/oma.media.fi\/pielavesi-keitele\/#website\"},\"datePublished\":\"2018-11-19T12:06:34+00:00\",\"dateModified\":\"2026-01-07T08:57:48+00:00\",\"description\":\"Pielavesi-Keiteleen ilmestymisp\u00e4iv\u00e4t ja poikkeusp\u00e4iv\u00e4t 2020\",\"breadcrumb\":{\"@id\":\"https:\/\/oma.media.fi\/pielavesi-keitele\/ilmestymispaivat\/#breadcrumb\"},\"inLanguage\":\"fi\",\"potentialAction\":[{\"@type\":\"ReadAction\",\"target\":[\"https:\/\/oma.media.fi\/pielavesi-keitele\/ilmestymispaivat\/\"]}]},{\"@type\":\"BreadcrumbList\",\"@id\":\"https:\/\/oma.media.fi\/pielavesi-keitele\/ilmestymispaivat\/#breadcrumb\",\"itemListElement\":[{\"@type\":\"ListItem\",\"position\":1,\"name\":\"Etusivu\",\"item\":\"https:\/\/oma.media.fi\/pielavesi-keitele\/\"},{\"@type\":\"ListItem\",\"position\":2,\"name\":\"Ilmestymisp\u00e4iv\u00e4t\"}]},{\"@type\":\"WebSite\",\"@id\":\"https:\/\/oma.media.fi\/pielavesi-keitele\/#website\",\"url\":\"https:\/\/oma.media.fi\/pielavesi-keitele\/\",\"name\":\"Pielavesi-Keitele\",\"description\":\"\",\"potentialAction\":[{\"@type\":\"SearchAction\",\"target\":{\"@type\":\"EntryPoint\",\"urlTemplate\":\"https:\/\/oma.media.fi\/pielavesi-keitele\/?s={search_term_string}\"},\"query-input\":{\"@type\":\"PropertyValueSpecification\",\"valueRequired\":true,\"valueName\":\"search_term_string\"}}],\"inLanguage\":\"fi\"}]}<\/script>\n<!-- \/ Yoast SEO plugin. -->","yoast_head_json":{"title":"Ilmestymisp\u00e4iv\u00e4t - Pielavesi-Keitele","description":"Pielavesi-Keiteleen ilmestymisp\u00e4iv\u00e4t ja poikkeusp\u00e4iv\u00e4t 2020","robots":{"index":"index","follow":"follow","max-snippet":"max-snippet:-1","max-image-preview":"max-image-preview:large","max-video-preview":"max-video-preview:-1"},"canonical":"https:\/\/oma.media.fi\/pielavesi-keitele\/ilmestymispaivat\/","og_locale":"fi_FI","og_type":"article","og_title":"Ilmestymisp\u00e4iv\u00e4t","og_description":"Pielavesi-Keiteleen ilmestymisp\u00e4iv\u00e4t ja poikkeusp\u00e4iv\u00e4t 2020","og_url":"https:\/\/oma.media.fi\/pielavesi-keitele\/ilmestymispaivat\/","og_site_name":"Pielavesi-Keitele","article_modified_time":"2026-01-07T08:57:48+00:00","twitter_card":"summary_large_image","twitter_misc":{"Arvioitu lukuaika":"1 minuutti"},"schema":{"@context":"https:\/\/schema.org","@graph":[{"@type":"WebPage","@id":"https:\/\/oma.media.fi\/pielavesi-keitele\/ilmestymispaivat\/","url":"https:\/\/oma.media.fi\/pielavesi-keitele\/ilmestymispaivat\/","name":"Ilmestymisp\u00e4iv\u00e4t - Pielavesi-Keitele","isPartOf":{"@id":"https:\/\/oma.media.fi\/pielavesi-keitele\/#website"},"datePublished":"2018-11-19T12:06:34+00:00","dateModified":"2026-01-07T08:57:48+00:00","description":"Pielavesi-Keiteleen ilmestymisp\u00e4iv\u00e4t ja poikkeusp\u00e4iv\u00e4t 2020","breadcrumb":{"@id":"https:\/\/oma.media.fi\/pielavesi-keitele\/ilmestymispaivat\/#breadcrumb"},"inLanguage":"fi","potentialAction":[{"@type":"ReadAction","target":["https:\/\/oma.media.fi\/pielavesi-keitele\/ilmestymispaivat\/"]}]},{"@type":"BreadcrumbList","@id":"https:\/\/oma.media.fi\/pielavesi-keitele\/ilmestymispaivat\/#breadcrumb","itemListElement":[{"@type":"ListItem","position":1,"name":"Etusivu","item":"https:\/\/oma.media.fi\/pielavesi-keitele\/"},{"@type":"ListItem","position":2,"name":"Ilmestymisp\u00e4iv\u00e4t"}]},{"@type":"WebSite","@id":"https:\/\/oma.media.fi\/pielavesi-keitele\/#website","url":"https:\/\/oma.media.fi\/pielavesi-keitele\/","name":"Pielavesi-Keitele","description":"","potentialAction":[{"@type":"SearchAction","target":{"@type":"EntryPoint","urlTemplate":"https:\/\/oma.media.fi\/pielavesi-keitele\/?s={search_term_string}"},"query-input":{"@type":"PropertyValueSpecification","valueRequired":true,"valueName":"search_term_string"}}],"inLanguage":"fi"}]}},"publishpress_future_action":{"enabled":false,"date":"2026-05-10 16:01:19","action":"change-status","newStatus":"draft","terms":[],"taxonomy":"","extraData":[]},"publishpress_future_workflow_manual_trigger":{"enabledWorkflows":[]},"_links":{"self":[{"href":"https:\/\/oma.media.fi\/pielavesi-keitele\/wp-json\/wp\/v2\/pages\/541","targetHints":{"allow":["GET"]}}],"collection":[{"href":"https:\/\/oma.media.fi\/pielavesi-keitele\/wp-json\/wp\/v2\/pages"}],"about":[{"href":"https:\/\/oma.media.fi\/pielavesi-keitele\/wp-json\/wp\/v2\/types\/page"}],"author":[{"embeddable":true,"href":"https:\/\/oma.media.fi\/pielavesi-keitele\/wp-json\/wp\/v2\/users\/1"}],"replies":[{"embeddable":true,"href":"https:\/\/oma.media.fi\/pielavesi-keitele\/wp-json\/wp\/v2\/comments?post=541"}],"version-history":[{"count":26,"href":"https:\/\/oma.media.fi\/pielavesi-keitele\/wp-json\/wp\/v2\/pages\/541\/revisions"}],"predecessor-version":[{"id":14715,"href":"https:\/\/oma.media.fi\/pielavesi-keitele\/wp-json\/wp\/v2\/pages\/541\/revisions\/14715"}],"wp:attachment":[{"href":"https:\/\/oma.media.fi\/pielavesi-keitele\/wp-json\/wp\/v2\/media?parent=541"}],"curies":[{"name":"wp","href":"https:\/\/api.w.org\/{rel}","templated":true}]}}