{"id":8947,"date":"2022-10-05T10:00:43","date_gmt":"2022-10-05T07:00:43","guid":{"rendered":"https:\/\/oma.media.fi\/pitajanuutiset\/tervetuloa-tilaajaksi\/"},"modified":"2022-10-05T10:04:55","modified_gmt":"2022-10-05T07:04:55","slug":"tervetuloa-tilaajaksi","status":"publish","type":"page","link":"https:\/\/oma.media.fi\/pitajanuutiset\/tervetuloa-tilaajaksi\/","title":{"rendered":"Tervetuloa tilaajaksi"},"content":{"rendered":"<p><em style=\"font-size: 1.3rem;color: #666\">Kiitos, ett\u00e4 olet valinnut meid\u00e4t vastuullisten uutisten ja paikallisten juttujen l\u00e4hteeksi. Taustoitamme uutiset, kerromme luotettavasti ja nopeasti ajankohtaiset tapahtumat sek\u00e4 ilmi\u00f6t l\u00e4hell\u00e4si. Katso mit\u00e4 kaikkea tilaukseesi sis\u00e4ltyy ja ota tuotteemme k\u00e4ytt\u00f6\u00f6n monipuolisesti. Tervetuloa seuraamme!<\/em><\/p>\n<hr \/>\n<h2>Monipuoliset sis\u00e4lt\u00f6mme odottavat sinua<\/h2>\n<p>Tiesith\u00e4n, ett\u00e4 tilaajana k\u00e4yt\u00f6ss\u00e4si on kaikki monipuoliset digisis\u00e4lt\u00f6mme?<br \/>\n<ul>\n<li><a href=\"https:\/\/www.pitajanuutiset.fi\/\">Pitajanuutiset.fi-verkkopalvelun<\/a> rajaton k\u00e4ytt\u00f6oikeus vuoden jokaisena p\u00e4iv\u00e4n\u00e4<\/li>\n<li><a href=\"https:\/\/www.pitajanuutiset.fi\/asenna\/\">Sovelluksen<\/a>\u00a0k\u00e4ytt\u00f6oikeus (iOS ja Android)<\/li>\n<li><a href=\"https:\/\/www.pitajanuutiset.fi\/nakoislehti\/\">N\u00e4k\u00f6islehti<\/a><\/li>\n<li>Digilukuoikeus sinulle ja kolmelle samassa taloudessa asuvalle perheenj\u00e4senellesi<\/li>\n<\/ul>\n<\/p>\n<h3>Valitse juuri sinulle sopivin tapa lukea<\/h3>\n<p>Vilkaise p\u00e4iv\u00e4n puheenaiheet nopeasti tauolla tai pys\u00e4hdy mielenkiintoisten tarinoiden \u00e4\u00e4relle silloin kuin sinulle sopii. Pit\u00e4j\u00e4nuutiset kulkee n\u00e4pp\u00e4r\u00e4sti mukanasi sovelluksissamme, mutta voit my\u00f6s lukea ne perinteiseen tapaan tietokoneella.<\/p>\n<p>Tietokoneella luet tuoreimmat jutut sek\u00e4 n\u00e4k\u00f6islehden verkkopalvelustamme. Puhelimella ja tabletilla verkkopalvelumme uutiset luet n\u00e4pp\u00e4rimmin uutissovelluksestamme. Kokeile my\u00f6s p\u00e4iv\u00e4n lehti -sovellusta, joka on suunniteltu n\u00e4k\u00f6islehden lukemista varten mobiililaitteille.<\/p>\n<p><strong>Lue tarkemmin eri digisis\u00e4ll\u00f6ist\u00e4mme:<\/strong><\/p>\n<div class=\"table--responsive\"><table style=\"width: 100%;border-collapse: collapse\" border=\"0\">\n<tbody>\n<tr>\n<td style=\"width: 5.83756%\"><em style=\"font-size: 1.3rem;color: #666\"><strong><a href=\"https:\/\/oma.media.fi\/pitajanuutiset\/verkkopalvelu\/\"><img loading=\"lazy\" decoding=\"async\" class=\"alignnone size-full wp-image-8483\" src=\"https:\/\/oma.media.fi\/pitajanuutiset\/wp-content\/uploads\/sites\/40\/2022\/01\/icon_verkkopalvelu.png\" alt=\"\" width=\"40\" height=\"45\" \/><\/a><\/strong><\/em><\/td>\n<td style=\"width: 94.1624%\"><a href=\"https:\/\/oma.media.fi\/pitajanuutiset\/verkkopalvelu\/\">Pitajanuutiset.fi-verkkopalvelu<\/a><\/td>\n<\/tr>\n<tr>\n<td style=\"width: 5.83756%\"><em style=\"font-size: 1.3rem;color: #666\"><strong><a href=\"https:\/\/oma.media.fi\/pitajanuutiset\/nakoislehti\/\"><img loading=\"lazy\" decoding=\"async\" class=\"alignnone size-large wp-image-8480\" src=\"https:\/\/oma.media.fi\/pitajanuutiset\/wp-content\/uploads\/sites\/40\/2022\/01\/icon_nakoislehti.png\" alt=\"\" width=\"40\" height=\"45\" \/><\/a><\/strong><\/em><\/td>\n<td style=\"width: 94.1624%\"><a href=\"https:\/\/oma.media.fi\/pitajanuutiset\/nakoislehti\/\">N\u00e4k\u00f6islehti<\/a><\/td>\n<\/tr>\n<tr>\n<td style=\"width: 5.83756%\"><em style=\"font-size: 1.3rem;color: #666\"><strong><a href=\"https:\/\/oma.media.fi\/pitajanuutiset\/sovellus\/\"><img loading=\"lazy\" decoding=\"async\" class=\"alignnone size-large wp-image-8482\" src=\"https:\/\/oma.media.fi\/pitajanuutiset\/wp-content\/uploads\/sites\/40\/2022\/01\/icon_sovellukset.png\" alt=\"\" width=\"40\" height=\"45\" \/><\/a><\/strong><\/em><\/td>\n<td style=\"width: 94.1624%\"><a href=\"https:\/\/oma.media.fi\/pitajanuutiset\/sovellus\/\">Sovellukset<\/a><\/td>\n<\/tr>\n<tr>\n<td style=\"width: 5.83756%\"><\/td>\n<td style=\"width: 94.1624%\"><\/td>\n<\/tr>\n<\/tbody>\n<\/table><\/div>\n<h3>Yhdell\u00e4 tilauksella kaikki digisis\u00e4ll\u00f6t jopa nelj\u00e4lle k\u00e4ytt\u00e4j\u00e4lle<\/h3>\n<p>Tilaajana voit jakaa digilukuoikeuden kolmelle samassa taloudessa asuvalle perheenj\u00e4senelle. Jaettuasi lukuoikeuden perheenj\u00e4senesi p\u00e4\u00e4sev\u00e4t luomaan oman Mediatunnuksen, jolla p\u00e4\u00e4sev\u00e4t lukemaan kaikkia tilaukseesi kuuluvia digisis\u00e4lt\u00f6j\u00e4mme sek\u00e4 kommentoimaan juttujamme omalla nimimerkill\u00e4\u00e4n. Jakamalla lukuoikeuden my\u00f6s tilaustietosi ovat turvassa, sill\u00e4 voit tehd\u00e4 niihin muutoksia vain omalla Mediatunnuksellasi.<\/p>\n<p><a class=\"button button--outlined\" href=\"https:\/\/oma.media.fi\/pitajanuutiset\/lukuoikeuden-jakaminen\/\">Jaa lukuoikeus<\/a><\/p>\n<h3>Monipuoliset asiointipalvelut aina ulottuvillasi<\/h3>\n<p>Kirjautumalla sis\u00e4\u00e4n Mediatunnuksellasi voit p\u00e4ivitt\u00e4\u00e4 omia tietojasi ja tehd\u00e4 osoite- ja jakelumuutokset juuri silloin kuin sinulle sopii. Omiin tietoihisi p\u00e4\u00e4set asiakaspalvelusivustomme Asiointi-valikosta tai Pitajanuutiset.fi-verkkopalvelustamme.<\/p>\n<p>Asiakaspalvelusivustoltamme Pitajanuutiset.fi\/asiakaspalvelu l\u00f6yd\u00e4t ajankohtaiset tiedotteet, usein kysytyt kysymykset, lis\u00e4tietoa tuotteistamme ja eduista sek\u00e4 yhteystiedot. Voit my\u00f6s j\u00e4tt\u00e4\u00e4 sivuston kautta ilmoituksia lehtiimme edullisesti.<\/p>\n<h3>Kaipaatko viel\u00e4 lis\u00e4\u00e4 tietoja?<\/h3>\n<p>Tutustu esimerkiksi <a href=\"https:\/\/oma.media.fi\/tietoa-tilauksesta\/\">tietoa tilauksesta -sivuun<\/a>, johon on koottu kaikki t\u00e4rkeimm\u00e4t tiedot tilauksestasi. Jos sinua j\u00e4\u00e4 jokin mietitytt\u00e4m\u00e4\u00e4n, vilkaise my\u00f6s <a href=\"https:\/\/oma.media.fi\/pitajanuutiset\/ukk\/\">usein kysytyt kysymyksemme<\/a>.<\/p>\n","protected":false},"excerpt":{"rendered":"<p>Kiitos, ett\u00e4 olet valinnut meid\u00e4t vastuullisten uutisten ja paikallisten juttujen l\u00e4hteeksi. Taustoitamme uutiset, kerromme luotettavasti ja nopeasti ajankohtaiset tapahtumat sek\u00e4 ilmi\u00f6t l\u00e4hell\u00e4si. Katso mit\u00e4 kaikkea tilaukseesi sis\u00e4ltyy ja ota tuotteemme k\u00e4ytt\u00f6\u00f6n monipuolisesti. Tervetuloa seuraamme! Monipuoliset sis\u00e4lt\u00f6mme odottavat sinua Tiesith\u00e4n, ett\u00e4 tilaajana k\u00e4yt\u00f6ss\u00e4si on kaikki monipuoliset digisis\u00e4lt\u00f6mme? Valitse juuri sinulle sopivin tapa lukea Vilkaise p\u00e4iv\u00e4n puheenaiheet [&hellip;]<\/p>\n","protected":false},"author":6,"featured_media":0,"parent":0,"menu_order":0,"comment_status":"closed","ping_status":"closed","template":"","meta":{"_acf_changed":false,"footnotes":""},"class_list":["post-8947","page","type-page","status-publish","hentry"],"acf":[],"yoast_head":"<!-- This site is optimized with the Yoast SEO plugin v26.2 - https:\/\/yoast.com\/wordpress\/plugins\/seo\/ -->\n<title>Tervetuloa tilaajaksi - Pit\u00e4j\u00e4nuutiset<\/title>\n<meta name=\"robots\" content=\"index, follow, max-snippet:-1, max-image-preview:large, max-video-preview:-1\" \/>\n<link rel=\"canonical\" href=\"https:\/\/oma.media.fi\/pitajanuutiset\/tervetuloa-tilaajaksi\/\" \/>\n<meta property=\"og:locale\" content=\"fi_FI\" \/>\n<meta property=\"og:type\" content=\"article\" \/>\n<meta property=\"og:title\" content=\"Tervetuloa tilaajaksi\" \/>\n<meta property=\"og:description\" content=\"Kiitos, ett\u00e4 olet valinnut meid\u00e4t vastuullisten uutisten ja paikallisten juttujen l\u00e4hteeksi. Taustoitamme uutiset, kerromme luotettavasti ja nopeasti ajankohtaiset tapahtumat sek\u00e4 ilmi\u00f6t l\u00e4hell\u00e4si. Katso mit\u00e4 kaikkea tilaukseesi sis\u00e4ltyy ja ota tuotteemme k\u00e4ytt\u00f6\u00f6n monipuolisesti. Tervetuloa seuraamme! Monipuoliset sis\u00e4lt\u00f6mme odottavat sinua Tiesith\u00e4n, ett\u00e4 tilaajana k\u00e4yt\u00f6ss\u00e4si on kaikki monipuoliset digisis\u00e4lt\u00f6mme? Valitse juuri sinulle sopivin tapa lukea Vilkaise p\u00e4iv\u00e4n puheenaiheet [&hellip;]\" \/>\n<meta property=\"og:url\" content=\"https:\/\/oma.media.fi\/pitajanuutiset\/tervetuloa-tilaajaksi\/\" \/>\n<meta property=\"og:site_name\" content=\"Pit\u00e4j\u00e4nuutiset\" \/>\n<meta property=\"article:modified_time\" content=\"2022-10-05T07:04:55+00:00\" \/>\n<meta property=\"og:image\" content=\"https:\/\/oma.media.fi\/pitajanuutiset\/wp-content\/uploads\/sites\/40\/2022\/01\/icon_verkkopalvelu.png\" \/>\n<meta name=\"twitter:card\" content=\"summary_large_image\" \/>\n<meta name=\"twitter:label1\" content=\"Arvioitu lukuaika\" \/>\n\t<meta name=\"twitter:data1\" content=\"3 minuuttia\" \/>\n<script type=\"application\/ld+json\" class=\"yoast-schema-graph\">{\"@context\":\"https:\/\/schema.org\",\"@graph\":[{\"@type\":\"WebPage\",\"@id\":\"https:\/\/oma.media.fi\/pitajanuutiset\/tervetuloa-tilaajaksi\/\",\"url\":\"https:\/\/oma.media.fi\/pitajanuutiset\/tervetuloa-tilaajaksi\/\",\"name\":\"Tervetuloa tilaajaksi - Pit\u00e4j\u00e4nuutiset\",\"isPartOf\":{\"@id\":\"https:\/\/oma.media.fi\/pitajanuutiset\/#website\"},\"primaryImageOfPage\":{\"@id\":\"https:\/\/oma.media.fi\/pitajanuutiset\/tervetuloa-tilaajaksi\/#primaryimage\"},\"image\":{\"@id\":\"https:\/\/oma.media.fi\/pitajanuutiset\/tervetuloa-tilaajaksi\/#primaryimage\"},\"thumbnailUrl\":\"https:\/\/oma.media.fi\/pitajanuutiset\/wp-content\/uploads\/sites\/40\/2022\/01\/icon_verkkopalvelu.png\",\"datePublished\":\"2022-10-05T07:00:43+00:00\",\"dateModified\":\"2022-10-05T07:04:55+00:00\",\"breadcrumb\":{\"@id\":\"https:\/\/oma.media.fi\/pitajanuutiset\/tervetuloa-tilaajaksi\/#breadcrumb\"},\"inLanguage\":\"fi\",\"potentialAction\":[{\"@type\":\"ReadAction\",\"target\":[\"https:\/\/oma.media.fi\/pitajanuutiset\/tervetuloa-tilaajaksi\/\"]}]},{\"@type\":\"ImageObject\",\"inLanguage\":\"fi\",\"@id\":\"https:\/\/oma.media.fi\/pitajanuutiset\/tervetuloa-tilaajaksi\/#primaryimage\",\"url\":\"https:\/\/oma.media.fi\/pitajanuutiset\/wp-content\/uploads\/sites\/40\/2022\/01\/icon_verkkopalvelu.png\",\"contentUrl\":\"https:\/\/oma.media.fi\/pitajanuutiset\/wp-content\/uploads\/sites\/40\/2022\/01\/icon_verkkopalvelu.png\",\"width\":40,\"height\":45},{\"@type\":\"BreadcrumbList\",\"@id\":\"https:\/\/oma.media.fi\/pitajanuutiset\/tervetuloa-tilaajaksi\/#breadcrumb\",\"itemListElement\":[{\"@type\":\"ListItem\",\"position\":1,\"name\":\"Etusivu\",\"item\":\"https:\/\/oma.media.fi\/pitajanuutiset\/\"},{\"@type\":\"ListItem\",\"position\":2,\"name\":\"Tervetuloa tilaajaksi\"}]},{\"@type\":\"WebSite\",\"@id\":\"https:\/\/oma.media.fi\/pitajanuutiset\/#website\",\"url\":\"https:\/\/oma.media.fi\/pitajanuutiset\/\",\"name\":\"Pit\u00e4j\u00e4nuutiset\",\"description\":\"\",\"potentialAction\":[{\"@type\":\"SearchAction\",\"target\":{\"@type\":\"EntryPoint\",\"urlTemplate\":\"https:\/\/oma.media.fi\/pitajanuutiset\/?s={search_term_string}\"},\"query-input\":{\"@type\":\"PropertyValueSpecification\",\"valueRequired\":true,\"valueName\":\"search_term_string\"}}],\"inLanguage\":\"fi\"}]}<\/script>\n<!-- \/ Yoast SEO plugin. -->","yoast_head_json":{"title":"Tervetuloa tilaajaksi - Pit\u00e4j\u00e4nuutiset","robots":{"index":"index","follow":"follow","max-snippet":"max-snippet:-1","max-image-preview":"max-image-preview:large","max-video-preview":"max-video-preview:-1"},"canonical":"https:\/\/oma.media.fi\/pitajanuutiset\/tervetuloa-tilaajaksi\/","og_locale":"fi_FI","og_type":"article","og_title":"Tervetuloa tilaajaksi","og_description":"Kiitos, ett\u00e4 olet valinnut meid\u00e4t vastuullisten uutisten ja paikallisten juttujen l\u00e4hteeksi. Taustoitamme uutiset, kerromme luotettavasti ja nopeasti ajankohtaiset tapahtumat sek\u00e4 ilmi\u00f6t l\u00e4hell\u00e4si. Katso mit\u00e4 kaikkea tilaukseesi sis\u00e4ltyy ja ota tuotteemme k\u00e4ytt\u00f6\u00f6n monipuolisesti. Tervetuloa seuraamme! Monipuoliset sis\u00e4lt\u00f6mme odottavat sinua Tiesith\u00e4n, ett\u00e4 tilaajana k\u00e4yt\u00f6ss\u00e4si on kaikki monipuoliset digisis\u00e4lt\u00f6mme? Valitse juuri sinulle sopivin tapa lukea Vilkaise p\u00e4iv\u00e4n puheenaiheet [&hellip;]","og_url":"https:\/\/oma.media.fi\/pitajanuutiset\/tervetuloa-tilaajaksi\/","og_site_name":"Pit\u00e4j\u00e4nuutiset","article_modified_time":"2022-10-05T07:04:55+00:00","og_image":[{"url":"https:\/\/oma.media.fi\/pitajanuutiset\/wp-content\/uploads\/sites\/40\/2022\/01\/icon_verkkopalvelu.png","type":"","width":"","height":""}],"twitter_card":"summary_large_image","twitter_misc":{"Arvioitu lukuaika":"3 minuuttia"},"schema":{"@context":"https:\/\/schema.org","@graph":[{"@type":"WebPage","@id":"https:\/\/oma.media.fi\/pitajanuutiset\/tervetuloa-tilaajaksi\/","url":"https:\/\/oma.media.fi\/pitajanuutiset\/tervetuloa-tilaajaksi\/","name":"Tervetuloa tilaajaksi - Pit\u00e4j\u00e4nuutiset","isPartOf":{"@id":"https:\/\/oma.media.fi\/pitajanuutiset\/#website"},"primaryImageOfPage":{"@id":"https:\/\/oma.media.fi\/pitajanuutiset\/tervetuloa-tilaajaksi\/#primaryimage"},"image":{"@id":"https:\/\/oma.media.fi\/pitajanuutiset\/tervetuloa-tilaajaksi\/#primaryimage"},"thumbnailUrl":"https:\/\/oma.media.fi\/pitajanuutiset\/wp-content\/uploads\/sites\/40\/2022\/01\/icon_verkkopalvelu.png","datePublished":"2022-10-05T07:00:43+00:00","dateModified":"2022-10-05T07:04:55+00:00","breadcrumb":{"@id":"https:\/\/oma.media.fi\/pitajanuutiset\/tervetuloa-tilaajaksi\/#breadcrumb"},"inLanguage":"fi","potentialAction":[{"@type":"ReadAction","target":["https:\/\/oma.media.fi\/pitajanuutiset\/tervetuloa-tilaajaksi\/"]}]},{"@type":"ImageObject","inLanguage":"fi","@id":"https:\/\/oma.media.fi\/pitajanuutiset\/tervetuloa-tilaajaksi\/#primaryimage","url":"https:\/\/oma.media.fi\/pitajanuutiset\/wp-content\/uploads\/sites\/40\/2022\/01\/icon_verkkopalvelu.png","contentUrl":"https:\/\/oma.media.fi\/pitajanuutiset\/wp-content\/uploads\/sites\/40\/2022\/01\/icon_verkkopalvelu.png","width":40,"height":45},{"@type":"BreadcrumbList","@id":"https:\/\/oma.media.fi\/pitajanuutiset\/tervetuloa-tilaajaksi\/#breadcrumb","itemListElement":[{"@type":"ListItem","position":1,"name":"Etusivu","item":"https:\/\/oma.media.fi\/pitajanuutiset\/"},{"@type":"ListItem","position":2,"name":"Tervetuloa tilaajaksi"}]},{"@type":"WebSite","@id":"https:\/\/oma.media.fi\/pitajanuutiset\/#website","url":"https:\/\/oma.media.fi\/pitajanuutiset\/","name":"Pit\u00e4j\u00e4nuutiset","description":"","potentialAction":[{"@type":"SearchAction","target":{"@type":"EntryPoint","urlTemplate":"https:\/\/oma.media.fi\/pitajanuutiset\/?s={search_term_string}"},"query-input":{"@type":"PropertyValueSpecification","valueRequired":true,"valueName":"search_term_string"}}],"inLanguage":"fi"}]}},"publishpress_future_action":{"enabled":false,"date":"2026-04-12 11:54:21","action":"change-status","newStatus":"draft","terms":[],"taxonomy":"","extraData":[]},"publishpress_future_workflow_manual_trigger":{"enabledWorkflows":[]},"_links":{"self":[{"href":"https:\/\/oma.media.fi\/pitajanuutiset\/wp-json\/wp\/v2\/pages\/8947","targetHints":{"allow":["GET"]}}],"collection":[{"href":"https:\/\/oma.media.fi\/pitajanuutiset\/wp-json\/wp\/v2\/pages"}],"about":[{"href":"https:\/\/oma.media.fi\/pitajanuutiset\/wp-json\/wp\/v2\/types\/page"}],"author":[{"embeddable":true,"href":"https:\/\/oma.media.fi\/pitajanuutiset\/wp-json\/wp\/v2\/users\/6"}],"replies":[{"embeddable":true,"href":"https:\/\/oma.media.fi\/pitajanuutiset\/wp-json\/wp\/v2\/comments?post=8947"}],"version-history":[{"count":3,"href":"https:\/\/oma.media.fi\/pitajanuutiset\/wp-json\/wp\/v2\/pages\/8947\/revisions"}],"predecessor-version":[{"id":8950,"href":"https:\/\/oma.media.fi\/pitajanuutiset\/wp-json\/wp\/v2\/pages\/8947\/revisions\/8950"}],"wp:attachment":[{"href":"https:\/\/oma.media.fi\/pitajanuutiset\/wp-json\/wp\/v2\/media?parent=8947"}],"curies":[{"name":"wp","href":"https:\/\/api.w.org\/{rel}","templated":true}]}}