{"id":26,"date":"2018-10-17T13:17:59","date_gmt":"2018-10-17T10:17:59","guid":{"rendered":"https:\/\/oma.media.fi\/sampo\/yhteystiedot\/"},"modified":"2026-02-04T15:27:42","modified_gmt":"2026-02-04T13:27:42","slug":"yhteystiedot","status":"publish","type":"page","link":"https:\/\/oma.media.fi\/sampo\/yhteystiedot\/","title":{"rendered":"Yhteystiedot"},"content":{"rendered":"<div class=\"text-block\">\n<h2>Tilaukset<\/h2>\n<p>Digipalvelut, osoitteenmuutokset, jakelunkeskeytykset, asiakastietojen muutokset sek\u00e4<br \/>\nmuut tilauksiin liittyv\u00e4t asiat.<\/p>\n<p><a href=\"https:\/\/oma.media.fi\/sampo\/\" target=\"_blank\" rel=\"noopener\"><strong>Asiakaspalvelua verkossa 24\/7<\/strong><\/a><\/p>\n<h2>Lukijailmoitukset<\/h2>\n<p>J\u00e4rjest\u00f6ilmoitukset, luokitellut ilmoitukset, perheilmoitukset, kuolinilmoitukset ja surukiitokset<\/p>\n<p><strong>J\u00e4t\u00e4 ilmoitus 24\/7 <\/strong><a href=\"https:\/\/oma.media.fi\/sampo\/ilmoita\/\" target=\"_blank\" rel=\"noopener\"><strong>sampolehti.fi\/ilmoita<\/strong><\/a><\/p>\n<h2>Asiakaspalvelu<\/h2>\n<p>Tilauksiin ja lukijailmoituksiin liittyv\u00e4t asiat.<\/p>\n<p><strong>Puhelinpalvelu <\/strong>014 622 133<br \/>\nAvoinna: ma-pe klo 8.00-18.00<\/p>\n<p>Tallennamme puhelut asiakaspalvelutapahtumien varmentamiseksi<br \/>\nsek\u00e4 asiakaspalvelun koulutusta varten. Puhelun hinta mpm\/pvm, jonotus on maksullista.<\/p>\n<p><a class=\"button\" href=\"https:\/\/oma.media.fi\/sampo\/yhteystiedot\/ota-yhteytta\/\" target=\"_blank\" rel=\"noopener\">Ota yhteytt\u00e4 asiakaspalveluun<\/a><\/p>\n<\/div>\n<div class=\"text-block\">\n<h2>Jakelu ja jakelup\u00e4ivystys<\/h2>\n<p><strong>Postin varhaisjakelu<\/strong><br \/>\np. 0200 25200 (pvm\/mpm), jonotus on maksullista<br \/>\narkisin klo 6.30-16.00<\/p>\n<p>Varhaisjakelu toimittaa puuttuneen lehden seuraavan aamun jakelussa.<\/p>\n<p><a class=\"button\" href=\"https:\/\/oma.media.fi\/sampo\/yhteystiedot\/jakelupalaute\/\" target=\"_blank\" rel=\"noopener\">Ilmoita jakeluvirheest\u00e4<\/a><\/p>\n<\/div>\n<div class=\"text-block\">\n<h2>Medialaskutus<\/h2>\n<p>p. 09 2730 0230 (pvm\/mpm), ma-pe 9.00-14.00<br \/>\n<a href=\"mail&#116;&#111;&#58;&#108;&#97;&#115;&#107;&#x75;&#x74;&#x75;&#x73;&#x2e;&#x6b;&#x65;&#x73;&#x6b;isuo&#109;&#97;&#108;&#97;&#105;&#110;&#101;&#x6e;&#x6d;&#x65;&#x64;&#x69;&#x61;&#x40;&#x6d;&#x65;dia&#46;&#102;&#105;\">&#x6c;a&#x73;&#107;&#x75;&#116;&#x75;&#x73;&#46;&#x6b;&#101;&#x73;&#107;&#x69;&#115;u&#x6f;&#109;&#x61;&#108;&#x61;&#105;n&#x65;&#110;&#x6d;&#101;&#x64;&#105;a&#x40;m&#x65;&#100;&#x69;&#97;&#46;&#x66;i<\/a><\/p>\n<\/div>\n<div class=\"text-block\">\n<h2>Mediamyynti<\/h2>\n<p>Sampo ja Saarij\u00e4rvel\u00e4inen<\/p>\n<h3>Maarit Sironen<\/h3>\n<p>Puh. 044 406 2073, <a href=\"m&#97;&#105;&#x6c;&#x74;&#x6f;:m&#97;&#97;&#x72;&#x69;&#x74;&#46;&#115;&#105;&#114;&#x6f;&#x6e;&#x65;n&#64;&#109;&#x65;&#x64;&#x69;a&#46;&#102;&#105;\" target=\"_blank\" rel=\"noopener\">&#x6d;&#x61;&#97;&#114;i&#x74;&#x2e;&#x73;&#105;&#114;o&#x6e;&#x65;&#x6e;&#64;&#109;e&#x64;&#x69;&#x61;&#46;&#102;i<\/a><\/p>\n<h3>Heli Iso-Ahola<\/h3>\n<p>Puh. 050 463 2195, <a href=\"mailto:j&#117;&#107;&#107;&#97;&#46;&#116;&#117;&#111;&#118;&#105;&#x6e;&#x65;&#x6e;&#x40;&#x6d;&#x65;&#x64;&#x69;&#x61;&#x2e;&#x66;&#x69;\" target=\"_blank\" rel=\"noopener\">h&#101;&#108;&#x69;&#x2e;&#x69;so&#45;&#97;&#x68;&#x6f;&#x6c;a&#64;&#109;&#101;&#x64;&#x69;&#x61;&#46;&#102;&#105;<\/a><\/p>\n<p>Mediamyynnin yhteystiedot l\u00f6yd\u00e4t <a href=\"https:\/\/meks.fi\/yhteystiedot\/\" target=\"_blank\" rel=\"noopener\">mediamyynnin sivuilta<\/a>.<\/p>\n<\/div>\n<div class=\"text-block\">\n<h2>Toimitus<\/h2>\n<p>p.\u00a0014 421 460<br \/>\n<a href=\"&#x6d;&#x61;&#x69;&#x6c;&#x74;&#x6f;&#x3a;&#x74;&#x6f;&#x69;&#x6d;&#x69;&#x74;&#x75;&#x73;&#x40;&#x73;&#x61;&#x6d;&#x70;&#x6f;&#x6c;&#x65;&#x68;&#x74;&#x69;&#x2e;&#x66;&#x69;\">&#116;&#x6f;&#105;&#x6d;&#105;&#x74;&#117;&#x73;&#64;&#x73;&#97;&#x6d;p&#x6f;l&#x65;h&#x74;i&#x2e;f&#x69;<\/a><br \/>\nSuorat s\u00e4hk\u00f6postit: &#x65;&#x74;&#117;n&#x69;&#x6d;&#x69;&#46;s&#x75;&#x6b;&#x75;&#110;i&#x6d;&#x69;&#x40;&#115;a&#x6d;&#x70;&#x6f;&#108;e&#x68;&#x74;&#x69;&#46;f&#x69;<\/p>\n<p>Postiosoite:<br \/>\nKauppakatu 5 (PL 46), 43100 Saarij\u00e4rvi<\/p>\n<p><a class=\"button\" href=\"https:\/\/oma.media.fi\/sampo\/yhteystiedot\/juttuvinkki\/\" target=\"_blank\" rel=\"noopener\">J\u00e4t\u00e4 juttuvinkki<\/a><\/p>\n<p><strong>Marja Tarvainen<\/strong><\/p>\n<p>p\u00e4\u00e4toimittaja<br \/>\np. 044 406 2071<\/p>\n<p><strong>Susanna Mattila<\/strong><\/p>\n<p>toimittaja<br \/>\np. 044 406 2647<\/p>\n<h2>Vaihde<\/h2>\n<p>puh. 014 622 000, ma-pe klo 8.30 &#8211; 16.00<\/p>\n<\/div>\n<div class=\"text-block\">\n<h2>Palaute<\/h2>\n<p><a class=\"button\" href=\"https:\/\/oma.media.fi\/sampo\/yhteystiedot\/anna-palautetta\/\" target=\"_blank\" rel=\"noopener\">Anna palautetta<\/a><\/p>\n<\/div>\n","protected":false},"excerpt":{"rendered":"<p>Tilaukset Digipalvelut, osoitteenmuutokset, jakelunkeskeytykset, asiakastietojen muutokset sek\u00e4 muut tilauksiin liittyv\u00e4t asiat. Asiakaspalvelua verkossa 24\/7 Lukijailmoitukset J\u00e4rjest\u00f6ilmoitukset, luokitellut ilmoitukset, perheilmoitukset, kuolinilmoitukset ja surukiitokset J\u00e4t\u00e4 ilmoitus 24\/7 sampolehti.fi\/ilmoita Asiakaspalvelu Tilauksiin ja lukijailmoituksiin liittyv\u00e4t asiat. Puhelinpalvelu 014 622 133 Avoinna: ma-pe klo 8.00-18.00 Tallennamme puhelut asiakaspalvelutapahtumien varmentamiseksi sek\u00e4 asiakaspalvelun koulutusta varten. Puhelun hinta mpm\/pvm, jonotus on maksullista. Ota [&hellip;]<\/p>\n","protected":false},"author":1,"featured_media":0,"parent":0,"menu_order":0,"comment_status":"closed","ping_status":"closed","template":"","meta":{"_acf_changed":false,"footnotes":""},"class_list":["post-26","page","type-page","status-publish","hentry"],"acf":[],"yoast_head":"<!-- This site is optimized with the Yoast SEO plugin v26.2 - https:\/\/yoast.com\/wordpress\/plugins\/seo\/ -->\n<title>Yhteystiedot - Sampo<\/title>\n<meta name=\"description\" content=\"Etsitk\u00f6 yhteystietoja vai haluatko antaa palautetta? Mediatalo Keskisuomalaisen asiakaspalveluiden yhteystiedot, palautekanavat ja juttuvinkit.\" \/>\n<meta name=\"robots\" content=\"index, follow, max-snippet:-1, max-image-preview:large, max-video-preview:-1\" \/>\n<link rel=\"canonical\" href=\"https:\/\/oma.media.fi\/sampo\/yhteystiedot\/\" \/>\n<meta property=\"og:locale\" content=\"fi_FI\" \/>\n<meta property=\"og:type\" content=\"article\" \/>\n<meta property=\"og:title\" content=\"Yhteystiedot\" \/>\n<meta property=\"og:description\" content=\"Etsitk\u00f6 yhteystietoja vai haluatko antaa palautetta? Mediatalo Keskisuomalaisen asiakaspalveluiden yhteystiedot, palautekanavat ja juttuvinkit.\" \/>\n<meta property=\"og:url\" content=\"https:\/\/oma.media.fi\/sampo\/yhteystiedot\/\" \/>\n<meta property=\"og:site_name\" content=\"Sampo\" \/>\n<meta property=\"article:modified_time\" content=\"2026-02-04T13:27:42+00:00\" \/>\n<meta name=\"twitter:card\" content=\"summary_large_image\" \/>\n<meta name=\"twitter:label1\" content=\"Arvioitu lukuaika\" \/>\n\t<meta name=\"twitter:data1\" content=\"1 minuutti\" \/>\n<script type=\"application\/ld+json\" class=\"yoast-schema-graph\">{\"@context\":\"https:\/\/schema.org\",\"@graph\":[{\"@type\":\"WebPage\",\"@id\":\"https:\/\/oma.media.fi\/sampo\/yhteystiedot\/\",\"url\":\"https:\/\/oma.media.fi\/sampo\/yhteystiedot\/\",\"name\":\"Yhteystiedot - Sampo\",\"isPartOf\":{\"@id\":\"https:\/\/oma.media.fi\/sampo\/#website\"},\"datePublished\":\"2018-10-17T10:17:59+00:00\",\"dateModified\":\"2026-02-04T13:27:42+00:00\",\"description\":\"Etsitk\u00f6 yhteystietoja vai haluatko antaa palautetta? Mediatalo Keskisuomalaisen asiakaspalveluiden yhteystiedot, palautekanavat ja juttuvinkit.\",\"breadcrumb\":{\"@id\":\"https:\/\/oma.media.fi\/sampo\/yhteystiedot\/#breadcrumb\"},\"inLanguage\":\"fi\",\"potentialAction\":[{\"@type\":\"ReadAction\",\"target\":[\"https:\/\/oma.media.fi\/sampo\/yhteystiedot\/\"]}]},{\"@type\":\"BreadcrumbList\",\"@id\":\"https:\/\/oma.media.fi\/sampo\/yhteystiedot\/#breadcrumb\",\"itemListElement\":[{\"@type\":\"ListItem\",\"position\":1,\"name\":\"Etusivu\",\"item\":\"https:\/\/oma.media.fi\/sampo\/\"},{\"@type\":\"ListItem\",\"position\":2,\"name\":\"Yhteystiedot\"}]},{\"@type\":\"WebSite\",\"@id\":\"https:\/\/oma.media.fi\/sampo\/#website\",\"url\":\"https:\/\/oma.media.fi\/sampo\/\",\"name\":\"Sampo\",\"description\":\"\",\"potentialAction\":[{\"@type\":\"SearchAction\",\"target\":{\"@type\":\"EntryPoint\",\"urlTemplate\":\"https:\/\/oma.media.fi\/sampo\/?s={search_term_string}\"},\"query-input\":{\"@type\":\"PropertyValueSpecification\",\"valueRequired\":true,\"valueName\":\"search_term_string\"}}],\"inLanguage\":\"fi\"}]}<\/script>\n<!-- \/ Yoast SEO plugin. -->","yoast_head_json":{"title":"Yhteystiedot - Sampo","description":"Etsitk\u00f6 yhteystietoja vai haluatko antaa palautetta? Mediatalo Keskisuomalaisen asiakaspalveluiden yhteystiedot, palautekanavat ja juttuvinkit.","robots":{"index":"index","follow":"follow","max-snippet":"max-snippet:-1","max-image-preview":"max-image-preview:large","max-video-preview":"max-video-preview:-1"},"canonical":"https:\/\/oma.media.fi\/sampo\/yhteystiedot\/","og_locale":"fi_FI","og_type":"article","og_title":"Yhteystiedot","og_description":"Etsitk\u00f6 yhteystietoja vai haluatko antaa palautetta? Mediatalo Keskisuomalaisen asiakaspalveluiden yhteystiedot, palautekanavat ja juttuvinkit.","og_url":"https:\/\/oma.media.fi\/sampo\/yhteystiedot\/","og_site_name":"Sampo","article_modified_time":"2026-02-04T13:27:42+00:00","twitter_card":"summary_large_image","twitter_misc":{"Arvioitu lukuaika":"1 minuutti"},"schema":{"@context":"https:\/\/schema.org","@graph":[{"@type":"WebPage","@id":"https:\/\/oma.media.fi\/sampo\/yhteystiedot\/","url":"https:\/\/oma.media.fi\/sampo\/yhteystiedot\/","name":"Yhteystiedot - Sampo","isPartOf":{"@id":"https:\/\/oma.media.fi\/sampo\/#website"},"datePublished":"2018-10-17T10:17:59+00:00","dateModified":"2026-02-04T13:27:42+00:00","description":"Etsitk\u00f6 yhteystietoja vai haluatko antaa palautetta? Mediatalo Keskisuomalaisen asiakaspalveluiden yhteystiedot, palautekanavat ja juttuvinkit.","breadcrumb":{"@id":"https:\/\/oma.media.fi\/sampo\/yhteystiedot\/#breadcrumb"},"inLanguage":"fi","potentialAction":[{"@type":"ReadAction","target":["https:\/\/oma.media.fi\/sampo\/yhteystiedot\/"]}]},{"@type":"BreadcrumbList","@id":"https:\/\/oma.media.fi\/sampo\/yhteystiedot\/#breadcrumb","itemListElement":[{"@type":"ListItem","position":1,"name":"Etusivu","item":"https:\/\/oma.media.fi\/sampo\/"},{"@type":"ListItem","position":2,"name":"Yhteystiedot"}]},{"@type":"WebSite","@id":"https:\/\/oma.media.fi\/sampo\/#website","url":"https:\/\/oma.media.fi\/sampo\/","name":"Sampo","description":"","potentialAction":[{"@type":"SearchAction","target":{"@type":"EntryPoint","urlTemplate":"https:\/\/oma.media.fi\/sampo\/?s={search_term_string}"},"query-input":{"@type":"PropertyValueSpecification","valueRequired":true,"valueName":"search_term_string"}}],"inLanguage":"fi"}]}},"publishpress_future_action":{"enabled":false,"date":"2026-05-14 18:37:54","action":"change-status","newStatus":"draft","terms":[],"taxonomy":"","extraData":[]},"publishpress_future_workflow_manual_trigger":{"enabledWorkflows":[]},"_links":{"self":[{"href":"https:\/\/oma.media.fi\/sampo\/wp-json\/wp\/v2\/pages\/26","targetHints":{"allow":["GET"]}}],"collection":[{"href":"https:\/\/oma.media.fi\/sampo\/wp-json\/wp\/v2\/pages"}],"about":[{"href":"https:\/\/oma.media.fi\/sampo\/wp-json\/wp\/v2\/types\/page"}],"author":[{"embeddable":true,"href":"https:\/\/oma.media.fi\/sampo\/wp-json\/wp\/v2\/users\/1"}],"replies":[{"embeddable":true,"href":"https:\/\/oma.media.fi\/sampo\/wp-json\/wp\/v2\/comments?post=26"}],"version-history":[{"count":88,"href":"https:\/\/oma.media.fi\/sampo\/wp-json\/wp\/v2\/pages\/26\/revisions"}],"predecessor-version":[{"id":14747,"href":"https:\/\/oma.media.fi\/sampo\/wp-json\/wp\/v2\/pages\/26\/revisions\/14747"}],"wp:attachment":[{"href":"https:\/\/oma.media.fi\/sampo\/wp-json\/wp\/v2\/media?parent=26"}],"curies":[{"name":"wp","href":"https:\/\/api.w.org\/{rel}","templated":true}]}}