{"id":12829,"date":"2020-11-11T12:13:18","date_gmt":"2020-11-11T10:13:18","guid":{"rendered":"https:\/\/oma.media.fi\/savon-sanomat\/?page_id=12829"},"modified":"2020-11-11T12:13:18","modified_gmt":"2020-11-11T10:13:18","slug":"tietoa-kestotilaajan-eduista-2","status":"publish","type":"page","link":"https:\/\/oma.media.fi\/savon-sanomat\/edut\/tietoa-kestotilaajan-eduista-2\/","title":{"rendered":"Tietoa kestotilaajan eduista"},"content":{"rendered":"<p>Neuvottelemme puolestasi rahan arvoisia etuja alueen tapahtumiin ja yrityksiin. Yhteisty\u00f6kumppanimme tarjoavat vuoden varrella runsaasti etuja, jotka saat helposti k\u00e4ytt\u00f6\u00f6si Savon Sanomien etukortilla. Kumppanien tarjoamien etujen lis\u00e4ksi voit hy\u00f6dynt\u00e4\u00e4 my\u00f6s Savon Sanomien kestotilaajatarjouksia tilauksista, ilmoituksista sek\u00e4 muista tuotteista. J\u00e4rjest\u00e4mme vuoden mittaan my\u00f6s vain kestotilaajille tarkoitettuja arvontoja.<\/p>\n<p><a class=\"button\" href=\"https:\/\/oma.media.fi\/savon-sanomat\/edut\/\">Katso kaikki kestotilaajaedut t\u00e4st\u00e4!<\/a><\/p>\n<h3>Asiakaspalvelumme yhteystiedot:<\/h3>\n<p>s\u00e4hk\u00f6posti:\u00a0<a href=\"&#x6d;&#x61;&#x69;&#x6c;&#x74;&#111;&#58;&#97;&#115;iak&#x61;&#x73;&#x70;&#x61;&#x6c;&#x76;&#101;&#108;&#117;&#64;sa&#x76;&#x6f;&#x6e;&#x6d;&#x65;&#x64;&#105;&#97;&#46;&#102;i\">&#x61;&#x73;&#x69;&#x61;&#x6b;&#x61;&#x73;&#x70;&#97;&#108;&#118;&#101;&#108;&#117;&#64;savo&#x6e;&#x6d;&#x65;&#x64;&#x69;&#x61;&#x2e;&#x66;&#x69;<\/a><br \/>\nPuhelin: 017\u00a0303\u00a0500 (ma-pe klo 8.00-16.00)<br \/>\nPuhelun hinta mpm\/pvm, jonotus on maksullista<\/p>\n<p>K\u00e4yntiosoite:<br \/>\nVuorikatu 21, 70100 Kuopio<br \/>\nAvoinna ma-pe klo 08.00-16.00<\/p>\n","protected":false},"excerpt":{"rendered":"<p>Neuvottelemme puolestasi rahan arvoisia etuja alueen tapahtumiin ja yrityksiin. Yhteisty\u00f6kumppanimme tarjoavat vuoden varrella runsaasti etuja, jotka saat helposti k\u00e4ytt\u00f6\u00f6si Savon Sanomien etukortilla. Kumppanien tarjoamien etujen lis\u00e4ksi voit hy\u00f6dynt\u00e4\u00e4 my\u00f6s Savon Sanomien kestotilaajatarjouksia tilauksista, ilmoituksista sek\u00e4 muista tuotteista. J\u00e4rjest\u00e4mme vuoden mittaan my\u00f6s vain kestotilaajille tarkoitettuja arvontoja. Katso kaikki kestotilaajaedut t\u00e4st\u00e4! Asiakaspalvelumme yhteystiedot: s\u00e4hk\u00f6posti:\u00a0&#x61;&#115;&#105;&#x61;&#x6b;&#97;&#115;&#x70;&#x61;&#108;&#118;&#x65;&#x6c;&#117;&#64;&#x73;&#x61;&#118;&#111;&#x6e;&#x6d;&#101;&#100;&#x69;&#x61;&#46;&#102;&#x69; Puhelin: 017\u00a0303\u00a0500 (ma-pe [&hellip;]<\/p>\n","protected":false},"author":1,"featured_media":3112,"parent":44,"menu_order":0,"comment_status":"closed","ping_status":"closed","template":"","meta":{"_acf_changed":false,"footnotes":""},"class_list":["post-12829","page","type-page","status-publish","has-post-thumbnail","hentry"],"acf":[],"yoast_head":"<!-- This site is optimized with the Yoast SEO plugin v26.2 - https:\/\/yoast.com\/wordpress\/plugins\/seo\/ -->\n<title>Tietoa kestotilaajan eduista - Savon Sanomat<\/title>\n<meta name=\"robots\" content=\"index, follow, max-snippet:-1, max-image-preview:large, max-video-preview:-1\" \/>\n<link rel=\"canonical\" href=\"https:\/\/oma.media.fi\/savon-sanomat\/edut\/tietoa-kestotilaajan-eduista-2\/\" \/>\n<meta property=\"og:locale\" content=\"fi_FI\" \/>\n<meta property=\"og:type\" content=\"article\" \/>\n<meta property=\"og:title\" content=\"Tietoa kestotilaajan eduista\" \/>\n<meta property=\"og:description\" content=\"Neuvottelemme puolestasi rahan arvoisia etuja alueen tapahtumiin ja yrityksiin. Yhteisty\u00f6kumppanimme tarjoavat vuoden varrella runsaasti etuja, jotka saat helposti k\u00e4ytt\u00f6\u00f6si Savon Sanomien etukortilla. Kumppanien tarjoamien etujen lis\u00e4ksi voit hy\u00f6dynt\u00e4\u00e4 my\u00f6s Savon Sanomien kestotilaajatarjouksia tilauksista, ilmoituksista sek\u00e4 muista tuotteista. J\u00e4rjest\u00e4mme vuoden mittaan my\u00f6s vain kestotilaajille tarkoitettuja arvontoja. Katso kaikki kestotilaajaedut t\u00e4st\u00e4! Asiakaspalvelumme yhteystiedot: s\u00e4hk\u00f6posti:\u00a0a&#115;&#105;&#x61;&#x6b;as&#112;&#097;&#x6c;&#x76;el&#117;&#064;&#x73;&#x61;vo&#110;&#x6d;&#x65;&#x64;i&#097;&#046;&#x66;&#x69; Puhelin: 017\u00a0303\u00a0500 (ma-pe [&hellip;]\" \/>\n<meta property=\"og:url\" content=\"https:\/\/oma.media.fi\/savon-sanomat\/edut\/tietoa-kestotilaajan-eduista-2\/\" \/>\n<meta property=\"og:site_name\" content=\"Savon Sanomat\" \/>\n<meta property=\"og:image\" content=\"https:\/\/oma.media.fi\/savon-sanomat\/wp-content\/uploads\/sites\/3\/2018\/12\/edut-tietoa-etuasiakkuudesta.jpg\" \/>\n\t<meta property=\"og:image:width\" content=\"4000\" \/>\n\t<meta property=\"og:image:height\" content=\"1763\" \/>\n\t<meta property=\"og:image:type\" content=\"image\/jpeg\" \/>\n<meta name=\"twitter:card\" content=\"summary_large_image\" \/>\n<script type=\"application\/ld+json\" class=\"yoast-schema-graph\">{\"@context\":\"https:\/\/schema.org\",\"@graph\":[{\"@type\":\"WebPage\",\"@id\":\"https:\/\/oma.media.fi\/savon-sanomat\/edut\/tietoa-kestotilaajan-eduista-2\/\",\"url\":\"https:\/\/oma.media.fi\/savon-sanomat\/edut\/tietoa-kestotilaajan-eduista-2\/\",\"name\":\"Tietoa kestotilaajan eduista - Savon Sanomat\",\"isPartOf\":{\"@id\":\"https:\/\/oma.media.fi\/savon-sanomat\/#website\"},\"primaryImageOfPage\":{\"@id\":\"https:\/\/oma.media.fi\/savon-sanomat\/edut\/tietoa-kestotilaajan-eduista-2\/#primaryimage\"},\"image\":{\"@id\":\"https:\/\/oma.media.fi\/savon-sanomat\/edut\/tietoa-kestotilaajan-eduista-2\/#primaryimage\"},\"thumbnailUrl\":\"https:\/\/oma.media.fi\/savon-sanomat\/wp-content\/uploads\/sites\/3\/2018\/12\/edut-tietoa-etuasiakkuudesta.jpg\",\"datePublished\":\"2020-11-11T10:13:18+00:00\",\"breadcrumb\":{\"@id\":\"https:\/\/oma.media.fi\/savon-sanomat\/edut\/tietoa-kestotilaajan-eduista-2\/#breadcrumb\"},\"inLanguage\":\"fi\",\"potentialAction\":[{\"@type\":\"ReadAction\",\"target\":[\"https:\/\/oma.media.fi\/savon-sanomat\/edut\/tietoa-kestotilaajan-eduista-2\/\"]}]},{\"@type\":\"ImageObject\",\"inLanguage\":\"fi\",\"@id\":\"https:\/\/oma.media.fi\/savon-sanomat\/edut\/tietoa-kestotilaajan-eduista-2\/#primaryimage\",\"url\":\"https:\/\/oma.media.fi\/savon-sanomat\/wp-content\/uploads\/sites\/3\/2018\/12\/edut-tietoa-etuasiakkuudesta.jpg\",\"contentUrl\":\"https:\/\/oma.media.fi\/savon-sanomat\/wp-content\/uploads\/sites\/3\/2018\/12\/edut-tietoa-etuasiakkuudesta.jpg\",\"width\":4000,\"height\":1763},{\"@type\":\"BreadcrumbList\",\"@id\":\"https:\/\/oma.media.fi\/savon-sanomat\/edut\/tietoa-kestotilaajan-eduista-2\/#breadcrumb\",\"itemListElement\":[{\"@type\":\"ListItem\",\"position\":1,\"name\":\"Etusivu\",\"item\":\"https:\/\/oma.media.fi\/savon-sanomat\/\"},{\"@type\":\"ListItem\",\"position\":2,\"name\":\"Tilaajan edut\",\"item\":\"https:\/\/oma.media.fi\/savon-sanomat\/edut\/\"},{\"@type\":\"ListItem\",\"position\":3,\"name\":\"Tietoa kestotilaajan eduista\"}]},{\"@type\":\"WebSite\",\"@id\":\"https:\/\/oma.media.fi\/savon-sanomat\/#website\",\"url\":\"https:\/\/oma.media.fi\/savon-sanomat\/\",\"name\":\"Savon Sanomat\",\"description\":\"\",\"potentialAction\":[{\"@type\":\"SearchAction\",\"target\":{\"@type\":\"EntryPoint\",\"urlTemplate\":\"https:\/\/oma.media.fi\/savon-sanomat\/?s={search_term_string}\"},\"query-input\":{\"@type\":\"PropertyValueSpecification\",\"valueRequired\":true,\"valueName\":\"search_term_string\"}}],\"inLanguage\":\"fi\"}]}<\/script>\n<!-- \/ Yoast SEO plugin. -->","yoast_head_json":{"title":"Tietoa kestotilaajan eduista - Savon Sanomat","robots":{"index":"index","follow":"follow","max-snippet":"max-snippet:-1","max-image-preview":"max-image-preview:large","max-video-preview":"max-video-preview:-1"},"canonical":"https:\/\/oma.media.fi\/savon-sanomat\/edut\/tietoa-kestotilaajan-eduista-2\/","og_locale":"fi_FI","og_type":"article","og_title":"Tietoa kestotilaajan eduista","og_description":"Neuvottelemme puolestasi rahan arvoisia etuja alueen tapahtumiin ja yrityksiin. Yhteisty\u00f6kumppanimme tarjoavat vuoden varrella runsaasti etuja, jotka saat helposti k\u00e4ytt\u00f6\u00f6si Savon Sanomien etukortilla. Kumppanien tarjoamien etujen lis\u00e4ksi voit hy\u00f6dynt\u00e4\u00e4 my\u00f6s Savon Sanomien kestotilaajatarjouksia tilauksista, ilmoituksista sek\u00e4 muista tuotteista. J\u00e4rjest\u00e4mme vuoden mittaan my\u00f6s vain kestotilaajille tarkoitettuja arvontoja. Katso kaikki kestotilaajaedut t\u00e4st\u00e4! Asiakaspalvelumme yhteystiedot: s\u00e4hk\u00f6posti:\u00a0a&#115;&#105;&#x61;&#x6b;as&#112;&#97;&#x6c;&#x76;el&#117;&#64;&#x73;&#x61;vo&#110;&#x6d;&#x65;&#x64;i&#97;&#46;&#x66;&#x69; Puhelin: 017\u00a0303\u00a0500 (ma-pe [&hellip;]","og_url":"https:\/\/oma.media.fi\/savon-sanomat\/edut\/tietoa-kestotilaajan-eduista-2\/","og_site_name":"Savon Sanomat","og_image":[{"width":4000,"height":1763,"url":"https:\/\/oma.media.fi\/savon-sanomat\/wp-content\/uploads\/sites\/3\/2018\/12\/edut-tietoa-etuasiakkuudesta.jpg","type":"image\/jpeg"}],"twitter_card":"summary_large_image","schema":{"@context":"https:\/\/schema.org","@graph":[{"@type":"WebPage","@id":"https:\/\/oma.media.fi\/savon-sanomat\/edut\/tietoa-kestotilaajan-eduista-2\/","url":"https:\/\/oma.media.fi\/savon-sanomat\/edut\/tietoa-kestotilaajan-eduista-2\/","name":"Tietoa kestotilaajan eduista - Savon Sanomat","isPartOf":{"@id":"https:\/\/oma.media.fi\/savon-sanomat\/#website"},"primaryImageOfPage":{"@id":"https:\/\/oma.media.fi\/savon-sanomat\/edut\/tietoa-kestotilaajan-eduista-2\/#primaryimage"},"image":{"@id":"https:\/\/oma.media.fi\/savon-sanomat\/edut\/tietoa-kestotilaajan-eduista-2\/#primaryimage"},"thumbnailUrl":"https:\/\/oma.media.fi\/savon-sanomat\/wp-content\/uploads\/sites\/3\/2018\/12\/edut-tietoa-etuasiakkuudesta.jpg","datePublished":"2020-11-11T10:13:18+00:00","breadcrumb":{"@id":"https:\/\/oma.media.fi\/savon-sanomat\/edut\/tietoa-kestotilaajan-eduista-2\/#breadcrumb"},"inLanguage":"fi","potentialAction":[{"@type":"ReadAction","target":["https:\/\/oma.media.fi\/savon-sanomat\/edut\/tietoa-kestotilaajan-eduista-2\/"]}]},{"@type":"ImageObject","inLanguage":"fi","@id":"https:\/\/oma.media.fi\/savon-sanomat\/edut\/tietoa-kestotilaajan-eduista-2\/#primaryimage","url":"https:\/\/oma.media.fi\/savon-sanomat\/wp-content\/uploads\/sites\/3\/2018\/12\/edut-tietoa-etuasiakkuudesta.jpg","contentUrl":"https:\/\/oma.media.fi\/savon-sanomat\/wp-content\/uploads\/sites\/3\/2018\/12\/edut-tietoa-etuasiakkuudesta.jpg","width":4000,"height":1763},{"@type":"BreadcrumbList","@id":"https:\/\/oma.media.fi\/savon-sanomat\/edut\/tietoa-kestotilaajan-eduista-2\/#breadcrumb","itemListElement":[{"@type":"ListItem","position":1,"name":"Etusivu","item":"https:\/\/oma.media.fi\/savon-sanomat\/"},{"@type":"ListItem","position":2,"name":"Tilaajan edut","item":"https:\/\/oma.media.fi\/savon-sanomat\/edut\/"},{"@type":"ListItem","position":3,"name":"Tietoa kestotilaajan eduista"}]},{"@type":"WebSite","@id":"https:\/\/oma.media.fi\/savon-sanomat\/#website","url":"https:\/\/oma.media.fi\/savon-sanomat\/","name":"Savon Sanomat","description":"","potentialAction":[{"@type":"SearchAction","target":{"@type":"EntryPoint","urlTemplate":"https:\/\/oma.media.fi\/savon-sanomat\/?s={search_term_string}"},"query-input":{"@type":"PropertyValueSpecification","valueRequired":true,"valueName":"search_term_string"}}],"inLanguage":"fi"}]}},"publishpress_future_action":{"enabled":false,"date":"2026-04-12 17:32:08","action":"change-status","newStatus":"draft","terms":[],"taxonomy":"","extraData":[]},"publishpress_future_workflow_manual_trigger":{"enabledWorkflows":[]},"_links":{"self":[{"href":"https:\/\/oma.media.fi\/savon-sanomat\/wp-json\/wp\/v2\/pages\/12829","targetHints":{"allow":["GET"]}}],"collection":[{"href":"https:\/\/oma.media.fi\/savon-sanomat\/wp-json\/wp\/v2\/pages"}],"about":[{"href":"https:\/\/oma.media.fi\/savon-sanomat\/wp-json\/wp\/v2\/types\/page"}],"author":[{"embeddable":true,"href":"https:\/\/oma.media.fi\/savon-sanomat\/wp-json\/wp\/v2\/users\/1"}],"replies":[{"embeddable":true,"href":"https:\/\/oma.media.fi\/savon-sanomat\/wp-json\/wp\/v2\/comments?post=12829"}],"version-history":[{"count":2,"href":"https:\/\/oma.media.fi\/savon-sanomat\/wp-json\/wp\/v2\/pages\/12829\/revisions"}],"predecessor-version":[{"id":12831,"href":"https:\/\/oma.media.fi\/savon-sanomat\/wp-json\/wp\/v2\/pages\/12829\/revisions\/12831"}],"up":[{"embeddable":true,"href":"https:\/\/oma.media.fi\/savon-sanomat\/wp-json\/wp\/v2\/pages\/44"}],"wp:featuredmedia":[{"embeddable":true,"href":"https:\/\/oma.media.fi\/savon-sanomat\/wp-json\/wp\/v2\/media\/3112"}],"wp:attachment":[{"href":"https:\/\/oma.media.fi\/savon-sanomat\/wp-json\/wp\/v2\/media?parent=12829"}],"curies":[{"name":"wp","href":"https:\/\/api.w.org\/{rel}","templated":true}]}}