{"id":20050,"date":"2023-12-05T10:45:22","date_gmt":"2023-12-05T08:45:22","guid":{"rendered":"https:\/\/oma.media.fi\/savon-sanomat\/sinun-media\/"},"modified":"2023-12-05T15:06:27","modified_gmt":"2023-12-05T13:06:27","slug":"sinun-media","status":"publish","type":"page","link":"https:\/\/oma.media.fi\/savon-sanomat\/sinun-media\/","title":{"rendered":"Sinun Media"},"content":{"rendered":"<p>Sinun Media on Savon Sanomien k\u00e4yt\u00f6ss\u00e4 oleva tekstiviestin l\u00e4hett\u00e4j\u00e4tunnus. Samaa l\u00e4hett\u00e4j\u00e4tunnusta k\u00e4ytt\u00e4v\u00e4t kaikki Mediakonserni Keskisuomalaisen lehdet.<\/p>\n<p><strong>N\u00e4in tunnistat viestin luotettavaksi:<\/strong><\/p>\n<ul>\n<li>Olet ollut joskus lehtemme tilaaja ja saat kyseisen lehden tarjouksen<\/li>\n<li>Linkki ohjaa Savonsanomat.fi&#8211; tai tilaa.media.fi-alkuiseen osoitteeseen<\/li>\n<li>Viestin lopussa on ohjeet tekstiviestimarkkinoinnista kielt\u00e4ytymiseen, esimerkiksi: <em>Jos et halua en\u00e4\u00e4 viestej\u00e4, l\u00e4het\u00e4 ESTO numeroon 17214.<\/em><\/li>\n<\/ul>\n<p>Jos ep\u00e4ilet viestin aitoutta, mutta haluaisit kuitenkin hy\u00f6dynt\u00e4\u00e4 siin\u00e4 esitetyn tarjouksen, suosittelemme olemaan suoraan yhteydess\u00e4 asiakaspalveluumme tarjouksen lunastamiseksi.<\/p>\n<p><a href=\"https:\/\/keskisuomalainen.com\/mediat\/\">Kaikki Mediakonserni Keskisuomalaisen lehdet n\u00e4et esimerkiksi t\u00e4\u00e4lt\u00e4 &gt;&gt;<\/a><\/p>\n","protected":false},"excerpt":{"rendered":"<p>Sinun Media on k\u00e4yt\u00f6ss\u00e4 oleva tekstiviestin l\u00e4hett\u00e4j\u00e4tunnus. Samaa l\u00e4hett\u00e4j\u00e4tunnusta k\u00e4ytt\u00e4v\u00e4t kaikki Mediakonserni Keskisuomalaisen lehdet. N\u00e4in tunnistat viestin luotettavaksi: Olet ollut joskus lehtemme tilaaja ja saat kyseisen lehden tarjouksen Linkki ohjaa &#8211; tai tilaa.media.fi-alkuiseen osoitteeseen Viestin lopussa on ohjeet tekstiviestimarkkinoinnista kielt\u00e4ytymiseen, esimerkiksi: Jos et halua en\u00e4\u00e4 viestej\u00e4, l\u00e4het\u00e4 ESTO numeroon 17214. Jos ep\u00e4ilet viestin aitoutta, mutta [&hellip;]<\/p>\n","protected":false},"author":6,"featured_media":0,"parent":0,"menu_order":0,"comment_status":"closed","ping_status":"closed","template":"","meta":{"_acf_changed":false,"footnotes":""},"class_list":["post-20050","page","type-page","status-publish","hentry"],"acf":[],"yoast_head":"<!-- This site is optimized with the Yoast SEO plugin v26.2 - https:\/\/yoast.com\/wordpress\/plugins\/seo\/ -->\n<title>Sinun Media - Savon Sanomat<\/title>\n<meta name=\"description\" content=\"Sinun Media on Mediakonserni Keskisuomalaisen k\u00e4yt\u00f6ss\u00e4 oleva tekstiviestin l\u00e4hett\u00e4j\u00e4tunnus. Lue lis\u00e4\u00e4 l\u00e4hett\u00e4j\u00e4tunnuksesta.\" \/>\n<meta name=\"robots\" content=\"index, follow, max-snippet:-1, max-image-preview:large, max-video-preview:-1\" \/>\n<link rel=\"canonical\" href=\"https:\/\/oma.media.fi\/savon-sanomat\/sinun-media\/\" \/>\n<meta property=\"og:locale\" content=\"fi_FI\" \/>\n<meta property=\"og:type\" content=\"article\" \/>\n<meta property=\"og:title\" content=\"Sinun Media\" \/>\n<meta property=\"og:description\" content=\"Sinun Media on Mediakonserni Keskisuomalaisen k\u00e4yt\u00f6ss\u00e4 oleva tekstiviestin l\u00e4hett\u00e4j\u00e4tunnus. Lue lis\u00e4\u00e4 l\u00e4hett\u00e4j\u00e4tunnuksesta.\" \/>\n<meta property=\"og:url\" content=\"https:\/\/oma.media.fi\/savon-sanomat\/sinun-media\/\" \/>\n<meta property=\"og:site_name\" content=\"Savon Sanomat\" \/>\n<meta property=\"article:modified_time\" content=\"2023-12-05T13:06:27+00:00\" \/>\n<meta name=\"twitter:card\" content=\"summary_large_image\" \/>\n<meta name=\"twitter:label1\" content=\"Arvioitu lukuaika\" \/>\n\t<meta name=\"twitter:data1\" content=\"1 minuutti\" \/>\n<script type=\"application\/ld+json\" class=\"yoast-schema-graph\">{\"@context\":\"https:\/\/schema.org\",\"@graph\":[{\"@type\":\"WebPage\",\"@id\":\"https:\/\/oma.media.fi\/savon-sanomat\/sinun-media\/\",\"url\":\"https:\/\/oma.media.fi\/savon-sanomat\/sinun-media\/\",\"name\":\"Sinun Media - Savon Sanomat\",\"isPartOf\":{\"@id\":\"https:\/\/oma.media.fi\/savon-sanomat\/#website\"},\"datePublished\":\"2023-12-05T08:45:22+00:00\",\"dateModified\":\"2023-12-05T13:06:27+00:00\",\"description\":\"Sinun Media on Mediakonserni Keskisuomalaisen k\u00e4yt\u00f6ss\u00e4 oleva tekstiviestin l\u00e4hett\u00e4j\u00e4tunnus. Lue lis\u00e4\u00e4 l\u00e4hett\u00e4j\u00e4tunnuksesta.\",\"breadcrumb\":{\"@id\":\"https:\/\/oma.media.fi\/savon-sanomat\/sinun-media\/#breadcrumb\"},\"inLanguage\":\"fi\",\"potentialAction\":[{\"@type\":\"ReadAction\",\"target\":[\"https:\/\/oma.media.fi\/savon-sanomat\/sinun-media\/\"]}]},{\"@type\":\"BreadcrumbList\",\"@id\":\"https:\/\/oma.media.fi\/savon-sanomat\/sinun-media\/#breadcrumb\",\"itemListElement\":[{\"@type\":\"ListItem\",\"position\":1,\"name\":\"Etusivu\",\"item\":\"https:\/\/oma.media.fi\/savon-sanomat\/\"},{\"@type\":\"ListItem\",\"position\":2,\"name\":\"Sinun Media\"}]},{\"@type\":\"WebSite\",\"@id\":\"https:\/\/oma.media.fi\/savon-sanomat\/#website\",\"url\":\"https:\/\/oma.media.fi\/savon-sanomat\/\",\"name\":\"Savon Sanomat\",\"description\":\"\",\"potentialAction\":[{\"@type\":\"SearchAction\",\"target\":{\"@type\":\"EntryPoint\",\"urlTemplate\":\"https:\/\/oma.media.fi\/savon-sanomat\/?s={search_term_string}\"},\"query-input\":{\"@type\":\"PropertyValueSpecification\",\"valueRequired\":true,\"valueName\":\"search_term_string\"}}],\"inLanguage\":\"fi\"}]}<\/script>\n<!-- \/ Yoast SEO plugin. -->","yoast_head_json":{"title":"Sinun Media - Savon Sanomat","description":"Sinun Media on Mediakonserni Keskisuomalaisen k\u00e4yt\u00f6ss\u00e4 oleva tekstiviestin l\u00e4hett\u00e4j\u00e4tunnus. Lue lis\u00e4\u00e4 l\u00e4hett\u00e4j\u00e4tunnuksesta.","robots":{"index":"index","follow":"follow","max-snippet":"max-snippet:-1","max-image-preview":"max-image-preview:large","max-video-preview":"max-video-preview:-1"},"canonical":"https:\/\/oma.media.fi\/savon-sanomat\/sinun-media\/","og_locale":"fi_FI","og_type":"article","og_title":"Sinun Media","og_description":"Sinun Media on Mediakonserni Keskisuomalaisen k\u00e4yt\u00f6ss\u00e4 oleva tekstiviestin l\u00e4hett\u00e4j\u00e4tunnus. Lue lis\u00e4\u00e4 l\u00e4hett\u00e4j\u00e4tunnuksesta.","og_url":"https:\/\/oma.media.fi\/savon-sanomat\/sinun-media\/","og_site_name":"Savon Sanomat","article_modified_time":"2023-12-05T13:06:27+00:00","twitter_card":"summary_large_image","twitter_misc":{"Arvioitu lukuaika":"1 minuutti"},"schema":{"@context":"https:\/\/schema.org","@graph":[{"@type":"WebPage","@id":"https:\/\/oma.media.fi\/savon-sanomat\/sinun-media\/","url":"https:\/\/oma.media.fi\/savon-sanomat\/sinun-media\/","name":"Sinun Media - Savon Sanomat","isPartOf":{"@id":"https:\/\/oma.media.fi\/savon-sanomat\/#website"},"datePublished":"2023-12-05T08:45:22+00:00","dateModified":"2023-12-05T13:06:27+00:00","description":"Sinun Media on Mediakonserni Keskisuomalaisen k\u00e4yt\u00f6ss\u00e4 oleva tekstiviestin l\u00e4hett\u00e4j\u00e4tunnus. Lue lis\u00e4\u00e4 l\u00e4hett\u00e4j\u00e4tunnuksesta.","breadcrumb":{"@id":"https:\/\/oma.media.fi\/savon-sanomat\/sinun-media\/#breadcrumb"},"inLanguage":"fi","potentialAction":[{"@type":"ReadAction","target":["https:\/\/oma.media.fi\/savon-sanomat\/sinun-media\/"]}]},{"@type":"BreadcrumbList","@id":"https:\/\/oma.media.fi\/savon-sanomat\/sinun-media\/#breadcrumb","itemListElement":[{"@type":"ListItem","position":1,"name":"Etusivu","item":"https:\/\/oma.media.fi\/savon-sanomat\/"},{"@type":"ListItem","position":2,"name":"Sinun Media"}]},{"@type":"WebSite","@id":"https:\/\/oma.media.fi\/savon-sanomat\/#website","url":"https:\/\/oma.media.fi\/savon-sanomat\/","name":"Savon Sanomat","description":"","potentialAction":[{"@type":"SearchAction","target":{"@type":"EntryPoint","urlTemplate":"https:\/\/oma.media.fi\/savon-sanomat\/?s={search_term_string}"},"query-input":{"@type":"PropertyValueSpecification","valueRequired":true,"valueName":"search_term_string"}}],"inLanguage":"fi"}]}},"publishpress_future_action":{"enabled":false,"date":"2026-04-13 11:17:31","action":"change-status","newStatus":"draft","terms":[],"taxonomy":"","extraData":[]},"publishpress_future_workflow_manual_trigger":{"enabledWorkflows":[]},"_links":{"self":[{"href":"https:\/\/oma.media.fi\/savon-sanomat\/wp-json\/wp\/v2\/pages\/20050","targetHints":{"allow":["GET"]}}],"collection":[{"href":"https:\/\/oma.media.fi\/savon-sanomat\/wp-json\/wp\/v2\/pages"}],"about":[{"href":"https:\/\/oma.media.fi\/savon-sanomat\/wp-json\/wp\/v2\/types\/page"}],"author":[{"embeddable":true,"href":"https:\/\/oma.media.fi\/savon-sanomat\/wp-json\/wp\/v2\/users\/6"}],"replies":[{"embeddable":true,"href":"https:\/\/oma.media.fi\/savon-sanomat\/wp-json\/wp\/v2\/comments?post=20050"}],"version-history":[{"count":0,"href":"https:\/\/oma.media.fi\/savon-sanomat\/wp-json\/wp\/v2\/pages\/20050\/revisions"}],"wp:attachment":[{"href":"https:\/\/oma.media.fi\/savon-sanomat\/wp-json\/wp\/v2\/media?parent=20050"}],"curies":[{"name":"wp","href":"https:\/\/api.w.org\/{rel}","templated":true}]}}