{"id":549,"date":"2018-11-19T12:51:57","date_gmt":"2018-11-19T10:51:57","guid":{"rendered":"https:\/\/oma.media.fi\/savon-sanomat\/?page_id=549"},"modified":"2025-08-22T10:44:22","modified_gmt":"2025-08-22T07:44:22","slug":"lukijan-sanomat","status":"publish","type":"page","link":"https:\/\/oma.media.fi\/savon-sanomat\/yhteystiedot\/lukijan-sanomat\/","title":{"rendered":"Lukijan Sanomat"},"content":{"rendered":"<p><em>Savon Sanomat<\/em>\u00a0kannustaa lukijoitaan keskustelemaan p\u00e4iv\u00e4n puheenaiheista. Verkkolehden, Facebookin ja Twitterin kautta mielipidesivun jutuista j\u00e4tettyj\u00e4 kommentteja voidaan jatkossa nostaa my\u00f6s printtilehteen Lukijan Sanomiin. Kommentteja k\u00e4ytet\u00e4\u00e4n silloin nimell\u00e4 tai nimimerkill\u00e4.<\/p>\n<p>Lukijan Sanomat -sivulle otetaan mielipiteit\u00e4 vastaan entiseen tapaan mieluiten s\u00e4hk\u00f6postin kautta. Sivun p\u00e4\u00e4jutun maksimipituus on noin 3\u00a0000 merkki\u00e4 (noin 50 konekirjoitusrivi\u00e4). Kakkosjutut ovat noin 2\u00a0000 ja 1\u00a0300 merkki\u00e4. Mielipide on aina omalla nimell\u00e4 kirjoitettu ja vain poikkeustapauksessa nimimerkill\u00e4.<\/p>\n<p>Nimimerkill\u00e4 julkaistaan vain lyhyiden kirjoitusten palstan ja Kuuman linjan viestej\u00e4.\u00a0<strong>Kuuma linja<\/strong>\u00a0on tarkoitettu vain lyhyit\u00e4, napakoita viestej\u00e4 varten\u00a0ja sinne voi l\u00e4hett\u00e4\u00e4 mielipiteen\u00a0<strong>vain tekstiviestill\u00e4<\/strong>, ks. Kuuma linja alempana.<\/p>\n<p>Lyhyesti-palstan kirjoitusten enimm\u00e4ispituus on noin 1\u00a0000 merkki\u00e4 v\u00e4lily\u00f6nteineen. Sinne voi kirjoittaa my\u00f6s nimell\u00e4.<\/p>\n<p>My\u00f6s nimimerkill\u00e4 kirjoittavien t\u00e4ytyy ilmoittaa toimituksen tietoon nimens\u00e4, osoitteensa ja puhelinnumeronsa.\u00a0<strong>Emme julkaise tekstej\u00e4, joista yhteystiedot puuttuvat<\/strong>.<\/p>\n<p>Toimitus valitsee julkaistavat kirjoitukset ja muokkaa ja lyhent\u00e4\u00e4 niit\u00e4 tiloihin sopiviksi.<\/p>\n<p>Lukijan Sanomissa julkaistaan my\u00f6s Lukijan tarinoita. Ne voivat olla lyhyit\u00e4 (noin 500-1 000 merkin) kertomuksia sattumuksista tai muisteluksia menneilt\u00e4 ajoilta. Lehteen voi tarjota my\u00f6s Lukijan runoja.<\/p>\n<p>Sutkaustekstej\u00e4 voi l\u00e4hett\u00e4\u00e4 s\u00e4hk\u00f6postilla tai kirjeitse. Julkaistuista teksteist\u00e4 maksamme 10 euron palkkion, jonka maksamista varten tarvitsemme my\u00f6s kirjoittajan pankkitilitiedot ja henkil\u00f6tunnuksen nimen ja osoitteen lis\u00e4ksi. N\u00e4it\u00e4 tietoja ei voi l\u00e4hett\u00e4\u00e4 alla olevalla lomakkeella.<\/p>\n<p><em>Yhteystiedot: &#x6c;u&#x6b;&#105;&#x6a;&#x61;n&#x73;&#97;&#x6e;&#x6f;m&#x61;&#116;&#x40;&#x73;a&#x76;&#111;&#x6e;&#x73;a&#x6e;&#111;&#x6d;&#x61;t&#x2e;&#102;&#x69; , postiosoite Savon Sanomat, Lukijan Sanomat, PL 68, 70101 Kuopio<\/em><\/p>\n<h3>Kuuma linja<\/h3>\n<p><em>L\u00e4het\u00e4 viesti SS KUUMALINJA (v\u00e4lily\u00f6nti) mielipiteesi, nimimerkkisi numeroon 13300 (1,10 e). <\/em>(Omaa nime\u00e4 ei tarvitse liitt\u00e4\u00e4 viestiin, puhelinnumero j\u00e4\u00e4 toimituksen tietoon.)<\/p>\n<h3>Voit j\u00e4tt\u00e4\u00e4 kirjoituksen my\u00f6s alla olevalla lomakkeella<\/h3>\n<script type=\"text\/javascript\">\n\/* <![CDATA[ *\/\nvar gform;gform||(document.addEventListener(\"gform_main_scripts_loaded\",function(){gform.scriptsLoaded=!0}),document.addEventListener(\"gform\/theme\/scripts_loaded\",function(){gform.themeScriptsLoaded=!0}),window.addEventListener(\"DOMContentLoaded\",function(){gform.domLoaded=!0}),gform={domLoaded:!1,scriptsLoaded:!1,themeScriptsLoaded:!1,isFormEditor:()=>\"function\"==typeof InitializeEditor,callIfLoaded:function(o){return!(!gform.domLoaded||!gform.scriptsLoaded||!gform.themeScriptsLoaded&&!gform.isFormEditor()||(gform.isFormEditor()&&console.warn(\"The use of gform.initializeOnLoaded() is deprecated in the form editor context and will be removed in Gravity Forms 3.1.\"),o(),0))},initializeOnLoaded:function(o){gform.callIfLoaded(o)||(document.addEventListener(\"gform_main_scripts_loaded\",()=>{gform.scriptsLoaded=!0,gform.callIfLoaded(o)}),document.addEventListener(\"gform\/theme\/scripts_loaded\",()=>{gform.themeScriptsLoaded=!0,gform.callIfLoaded(o)}),window.addEventListener(\"DOMContentLoaded\",()=>{gform.domLoaded=!0,gform.callIfLoaded(o)}))},hooks:{action:{},filter:{}},addAction:function(o,r,e,t){gform.addHook(\"action\",o,r,e,t)},addFilter:function(o,r,e,t){gform.addHook(\"filter\",o,r,e,t)},doAction:function(o){gform.doHook(\"action\",o,arguments)},applyFilters:function(o){return gform.doHook(\"filter\",o,arguments)},removeAction:function(o,r){gform.removeHook(\"action\",o,r)},removeFilter:function(o,r,e){gform.removeHook(\"filter\",o,r,e)},addHook:function(o,r,e,t,n){null==gform.hooks[o][r]&&(gform.hooks[o][r]=[]);var d=gform.hooks[o][r];null==n&&(n=r+\"_\"+d.length),gform.hooks[o][r].push({tag:n,callable:e,priority:t=null==t?10:t})},doHook:function(r,o,e){var t;if(e=Array.prototype.slice.call(e,1),null!=gform.hooks[r][o]&&((o=gform.hooks[r][o]).sort(function(o,r){return o.priority-r.priority}),o.forEach(function(o){\"function\"!=typeof(t=o.callable)&&(t=window[t]),\"action\"==r?t.apply(null,e):e[0]=t.apply(null,e)})),\"filter\"==r)return e[0]},removeHook:function(o,r,t,n){var e;null!=gform.hooks[o][r]&&(e=(e=gform.hooks[o][r]).filter(function(o,r,e){return!!(null!=n&&n!=o.tag||null!=t&&t!=o.priority)}),gform.hooks[o][r]=e)}});\n\/* ]]> *\/\n<\/script>\n\n                <div class='gf_browser_gecko gform_wrapper gform_legacy_markup_wrapper gform-theme--no-framework' data-form-theme='legacy' data-form-index='0' id='gform_wrapper_4' ><form method='post' enctype='multipart\/form-data'  id='gform_4'  action='\/savon-sanomat\/wp-json\/wp\/v2\/pages\/549' data-formid='4' novalidate>\n                        <div class='gform-body gform_body'><ul id='gform_fields_4' class='gform_fields top_label form_sublabel_below description_below validation_below'><li id=\"field_4_17\" class=\"gfield gfield--type-honeypot gform_validation_container field_sublabel_below gfield--has-description field_description_below field_validation_below gfield_visibility_visible\"  ><label class='gfield_label gform-field-label' for='input_4_17'>URL<\/label><div class='ginput_container'><input name='input_17' id='input_4_17' type='text' value='' autocomplete='new-password'\/><\/div><div class='gfield_description' id='gfield_description_4_17'>Kentt\u00e4 on validointitarkoituksiin ja tulee j\u00e4tt\u00e4\u00e4 koskemattomaksi.<\/div><\/li><li id=\"field_4_16\" class=\"gfield gfield--type-select gfield_contains_required field_sublabel_below gfield--no-description field_description_below field_validation_below gfield_visibility_visible\"  ><label class='gfield_label gform-field-label' for='input_4_16'>Mielipidekirjoituksen aihe<span class=\"gfield_required\"><span class=\"gfield_required gfield_required_asterisk\">*<\/span><\/span><\/label><div class='ginput_container ginput_container_select'><select name='input_16' id='input_4_16' class='medium gfield_select'    aria-required=\"true\" aria-invalid=\"false\" ><option value='Valitse' >Valitse<\/option><option value='Mielipidekirjoitus' >Mielipidekirjoitus<\/option><option value='Lukijan tarina' >Lukijan tarina<\/option><option value='Lukijan runo' >Lukijan runo<\/option><\/select><\/div><\/li><li id=\"field_4_3\" class=\"gfield gfield--type-textarea gfield_contains_required field_sublabel_below gfield--no-description field_description_below field_validation_below gfield_visibility_visible\"  ><label class='gfield_label gform-field-label' for='input_4_3'>Mielipidekirjoitus<span class=\"gfield_required\"><span class=\"gfield_required gfield_required_asterisk\">*<\/span><\/span><\/label><div class='ginput_container ginput_container_textarea'><textarea name='input_3' id='input_4_3' class='textarea medium'   maxlength='3000'  aria-required=\"true\" aria-invalid=\"false\"   rows='10' cols='50'><\/textarea><\/div><\/li><li id=\"field_4_4\" class=\"gfield gfield--type-section gsection field_sublabel_below gfield--no-description field_description_below field_validation_below gfield_visibility_visible\"  ><h2 class=\"gsection_title\">Yhteystiedot<\/h2><\/li><li id=\"field_4_6\" class=\"gfield gfield--type-name gfield_contains_required field_sublabel_below gfield--no-description field_description_below field_validation_below gfield_visibility_visible\"  ><label class='gfield_label gform-field-label gfield_label_before_complex' >Nimi<span class=\"gfield_required\"><span class=\"gfield_required gfield_required_asterisk\">*<\/span><\/span><\/label><div class='ginput_complex ginput_container ginput_container--name no_prefix has_first_name no_middle_name has_last_name no_suffix gf_name_has_2 ginput_container_name gform-grid-row' id='input_4_6'>\n                            \n                            <span id='input_4_6_3_container' class='name_first gform-grid-col gform-grid-col--size-auto' >\n                                                    <input type='text' name='input_6.3' id='input_4_6_3' value=''   aria-required='true'     \/>\n                                                    <label for='input_4_6_3' class='gform-field-label gform-field-label--type-sub '>Etunimi<\/label>\n                                                <\/span>\n                            \n                            <span id='input_4_6_6_container' class='name_last gform-grid-col gform-grid-col--size-auto' >\n                                                    <input type='text' name='input_6.6' id='input_4_6_6' value=''   aria-required='true'     \/>\n                                                    <label for='input_4_6_6' class='gform-field-label gform-field-label--type-sub '>Sukunimi<\/label>\n                                                <\/span>\n                            \n                        <\/div><\/li><li id=\"field_4_13\" class=\"gfield gfield--type-text field_sublabel_below gfield--has-description field_description_below field_validation_below gfield_visibility_visible\"  ><label class='gfield_label gform-field-label' for='input_4_13'>Nimimerkki<\/label><div class='ginput_container ginput_container_text'><input name='input_13' id='input_4_13' type='text' value='' class='medium'  aria-describedby=\"gfield_description_4_13\"    aria-invalid=\"false\"   \/><\/div><div class='gfield_description' id='gfield_description_4_13'>Jos haluat k\u00e4ytt\u00e4\u00e4 nimimerkki\u00e4, kirjoita se t\u00e4h\u00e4n. Muussa tapauksessa kirjoitus julkaistaan omalla nimell\u00e4si.<\/div><\/li><li id=\"field_4_9\" class=\"gfield gfield--type-email field_sublabel_below gfield--no-description field_description_below field_validation_below gfield_visibility_visible\"  ><label class='gfield_label gform-field-label' for='input_4_9'>S\u00e4hk\u00f6postiosoite<\/label><div class='ginput_container ginput_container_email'>\n                            <input name='input_9' id='input_4_9' type='email' value='' class='medium'     aria-invalid=\"false\"  \/>\n                        <\/div><\/li><li id=\"field_4_15\" class=\"gfield gfield--type-text gfield_contains_required field_sublabel_below gfield--no-description field_description_below field_validation_below gfield_visibility_visible\"  ><label class='gfield_label gform-field-label' for='input_4_15'>Puhelinnumero<span class=\"gfield_required\"><span class=\"gfield_required gfield_required_asterisk\">*<\/span><\/span><\/label><div class='ginput_container ginput_container_text'><input name='input_15' id='input_4_15' type='text' value='' class='medium'     aria-required=\"true\" aria-invalid=\"false\"   \/><\/div><\/li><\/ul><\/div>\n        <div class='gform-footer gform_footer top_label'> <input type='submit' id='gform_submit_button_4' class='gform_button button' onclick='gform.submission.handleButtonClick(this);' data-submission-type='submit' value='L\u00e4het\u00e4'  \/> \n            <input type='hidden' class='gform_hidden' name='gform_submission_method' data-js='gform_submission_method_4' value='postback' \/>\n            <input type='hidden' class='gform_hidden' name='gform_theme' data-js='gform_theme_4' id='gform_theme_4' value='legacy' \/>\n            <input type='hidden' class='gform_hidden' name='gform_style_settings' data-js='gform_style_settings_4' id='gform_style_settings_4' value='[]' \/>\n            <input type='hidden' class='gform_hidden' name='is_submit_4' value='1' \/>\n            <input type='hidden' class='gform_hidden' name='gform_submit' value='4' \/>\n            \n            <input type='hidden' class='gform_hidden' name='gform_unique_id' value='' \/>\n            <input type='hidden' class='gform_hidden' name='state_4' value='WyJbXSIsIjc5ODdlM2NjNWM0OWM3NWJkOWZmZjJlNGI2NmRkZTljIl0=' \/>\n            <input type='hidden' autocomplete='off' class='gform_hidden' name='gform_target_page_number_4' id='gform_target_page_number_4' value='0' \/>\n            <input type='hidden' autocomplete='off' class='gform_hidden' name='gform_source_page_number_4' id='gform_source_page_number_4' value='1' \/>\n            <input type='hidden' name='gform_field_values' value='' \/>\n            \n        <\/div>\n                        <\/form>\n                        <\/div><script type=\"text\/javascript\">\n\/* <![CDATA[ *\/\n gform.initializeOnLoaded( function() {gformInitSpinner( 4, 'https:\/\/oma.media.fi\/savon-sanomat\/wp-content\/plugins\/gravityforms\/images\/spinner.svg', true );jQuery('#gform_ajax_frame_4').on('load',function(){var contents = jQuery(this).contents().find('*').html();var is_postback = contents.indexOf('GF_AJAX_POSTBACK') >= 0;if(!is_postback){return;}var form_content = jQuery(this).contents().find('#gform_wrapper_4');var is_confirmation = jQuery(this).contents().find('#gform_confirmation_wrapper_4').length > 0;var is_redirect = contents.indexOf('gformRedirect(){') >= 0;var is_form = form_content.length > 0 && ! is_redirect && ! is_confirmation;var mt = parseInt(jQuery('html').css('margin-top'), 10) + parseInt(jQuery('body').css('margin-top'), 10) + 100;if(is_form){jQuery('#gform_wrapper_4').html(form_content.html());if(form_content.hasClass('gform_validation_error')){jQuery('#gform_wrapper_4').addClass('gform_validation_error');} else {jQuery('#gform_wrapper_4').removeClass('gform_validation_error');}setTimeout( function() { \/* delay the scroll by 50 milliseconds to fix a bug in chrome *\/  }, 50 );if(window['gformInitDatepicker']) {gformInitDatepicker();}if(window['gformInitPriceFields']) {gformInitPriceFields();}var current_page = jQuery('#gform_source_page_number_4').val();gformInitSpinner( 4, 'https:\/\/oma.media.fi\/savon-sanomat\/wp-content\/plugins\/gravityforms\/images\/spinner.svg', true );jQuery(document).trigger('gform_page_loaded', [4, current_page]);window['gf_submitting_4'] = false;}else if(!is_redirect){var confirmation_content = jQuery(this).contents().find('.GF_AJAX_POSTBACK').html();if(!confirmation_content){confirmation_content = contents;}jQuery('#gform_wrapper_4').replaceWith(confirmation_content);jQuery(document).trigger('gform_confirmation_loaded', [4]);window['gf_submitting_4'] = false;wp.a11y.speak(jQuery('#gform_confirmation_message_4').text());}else{jQuery('#gform_4').append(contents);if(window['gformRedirect']) {gformRedirect();}}jQuery(document).trigger(\"gform_pre_post_render\", [{ formId: \"4\", currentPage: \"current_page\", abort: function() { this.preventDefault(); } }]);        if (event && event.defaultPrevented) {                return;        }        const gformWrapperDiv = document.getElementById( \"gform_wrapper_4\" );        if ( gformWrapperDiv ) {            const visibilitySpan = document.createElement( \"span\" );            visibilitySpan.id = \"gform_visibility_test_4\";            gformWrapperDiv.insertAdjacentElement( \"afterend\", visibilitySpan );        }        const visibilityTestDiv = document.getElementById( \"gform_visibility_test_4\" );        let postRenderFired = false;        function triggerPostRender() {            if ( postRenderFired ) {                return;            }            postRenderFired = true;            gform.core.triggerPostRenderEvents( 4, current_page );            if ( visibilityTestDiv ) {                visibilityTestDiv.parentNode.removeChild( visibilityTestDiv );            }        }        function debounce( func, wait, immediate ) {            var timeout;            return function() {                var context = this, args = arguments;                var later = function() {                    timeout = null;                    if ( !immediate ) func.apply( context, args );                };                var callNow = immediate && !timeout;                clearTimeout( timeout );                timeout = setTimeout( later, wait );                if ( callNow ) func.apply( context, args );            };        }        const debouncedTriggerPostRender = debounce( function() {            triggerPostRender();        }, 200 );        if ( visibilityTestDiv && visibilityTestDiv.offsetParent === null ) {            const observer = new MutationObserver( ( mutations ) => {                mutations.forEach( ( mutation ) => {                    if ( mutation.type === 'attributes' && visibilityTestDiv.offsetParent !== null ) {                        debouncedTriggerPostRender();                        observer.disconnect();                    }                });            });            observer.observe( document.body, {                attributes: true,                childList: false,                subtree: true,                attributeFilter: [ 'style', 'class' ],            });        } else {            triggerPostRender();        }    } );} ); \n\/* ]]> *\/\n<\/script>\n\n","protected":false},"excerpt":{"rendered":"<p>Savon Sanomat\u00a0kannustaa lukijoitaan keskustelemaan p\u00e4iv\u00e4n puheenaiheista. Verkkolehden, Facebookin ja Twitterin kautta mielipidesivun jutuista j\u00e4tettyj\u00e4 kommentteja voidaan jatkossa nostaa my\u00f6s printtilehteen Lukijan Sanomiin. Kommentteja k\u00e4ytet\u00e4\u00e4n silloin nimell\u00e4 tai nimimerkill\u00e4. Lukijan Sanomat -sivulle otetaan mielipiteit\u00e4 vastaan entiseen tapaan mieluiten s\u00e4hk\u00f6postin kautta. Sivun p\u00e4\u00e4jutun maksimipituus on noin 3\u00a0000 merkki\u00e4 (noin 50 konekirjoitusrivi\u00e4). Kakkosjutut ovat noin 2\u00a0000 ja 1\u00a0300 [&hellip;]<\/p>\n","protected":false},"author":1,"featured_media":0,"parent":26,"menu_order":0,"comment_status":"closed","ping_status":"closed","template":"","meta":{"_acf_changed":false,"footnotes":""},"class_list":["post-549","page","type-page","status-publish","hentry"],"acf":[],"yoast_head":"<!-- This site is optimized with the Yoast SEO plugin v26.2 - https:\/\/yoast.com\/wordpress\/plugins\/seo\/ -->\n<title>Lukijan Sanomat - Savon Sanomat<\/title>\n<meta name=\"robots\" content=\"index, follow, max-snippet:-1, max-image-preview:large, max-video-preview:-1\" \/>\n<link rel=\"canonical\" href=\"https:\/\/oma.media.fi\/savon-sanomat\/yhteystiedot\/lukijan-sanomat\/\" \/>\n<meta property=\"og:locale\" content=\"fi_FI\" \/>\n<meta property=\"og:type\" content=\"article\" \/>\n<meta property=\"og:title\" content=\"Lukijan Sanomat\" \/>\n<meta property=\"og:description\" content=\"Savon Sanomat\u00a0kannustaa lukijoitaan keskustelemaan p\u00e4iv\u00e4n puheenaiheista. Verkkolehden, Facebookin ja Twitterin kautta mielipidesivun jutuista j\u00e4tettyj\u00e4 kommentteja voidaan jatkossa nostaa my\u00f6s printtilehteen Lukijan Sanomiin. Kommentteja k\u00e4ytet\u00e4\u00e4n silloin nimell\u00e4 tai nimimerkill\u00e4. Lukijan Sanomat -sivulle otetaan mielipiteit\u00e4 vastaan entiseen tapaan mieluiten s\u00e4hk\u00f6postin kautta. Sivun p\u00e4\u00e4jutun maksimipituus on noin 3\u00a0000 merkki\u00e4 (noin 50 konekirjoitusrivi\u00e4). Kakkosjutut ovat noin 2\u00a0000 ja 1\u00a0300 [&hellip;]\" \/>\n<meta property=\"og:url\" content=\"https:\/\/oma.media.fi\/savon-sanomat\/yhteystiedot\/lukijan-sanomat\/\" \/>\n<meta property=\"og:site_name\" content=\"Savon Sanomat\" \/>\n<meta property=\"article:modified_time\" content=\"2025-08-22T07:44:22+00:00\" \/>\n<meta name=\"twitter:card\" content=\"summary_large_image\" \/>\n<meta name=\"twitter:label1\" content=\"Arvioitu lukuaika\" \/>\n\t<meta name=\"twitter:data1\" content=\"2 minuuttia\" \/>\n<script type=\"application\/ld+json\" class=\"yoast-schema-graph\">{\"@context\":\"https:\/\/schema.org\",\"@graph\":[{\"@type\":\"WebPage\",\"@id\":\"https:\/\/oma.media.fi\/savon-sanomat\/yhteystiedot\/lukijan-sanomat\/\",\"url\":\"https:\/\/oma.media.fi\/savon-sanomat\/yhteystiedot\/lukijan-sanomat\/\",\"name\":\"Lukijan Sanomat - Savon Sanomat\",\"isPartOf\":{\"@id\":\"https:\/\/oma.media.fi\/savon-sanomat\/#website\"},\"datePublished\":\"2018-11-19T10:51:57+00:00\",\"dateModified\":\"2025-08-22T07:44:22+00:00\",\"breadcrumb\":{\"@id\":\"https:\/\/oma.media.fi\/savon-sanomat\/yhteystiedot\/lukijan-sanomat\/#breadcrumb\"},\"inLanguage\":\"fi\",\"potentialAction\":[{\"@type\":\"ReadAction\",\"target\":[\"https:\/\/oma.media.fi\/savon-sanomat\/yhteystiedot\/lukijan-sanomat\/\"]}]},{\"@type\":\"BreadcrumbList\",\"@id\":\"https:\/\/oma.media.fi\/savon-sanomat\/yhteystiedot\/lukijan-sanomat\/#breadcrumb\",\"itemListElement\":[{\"@type\":\"ListItem\",\"position\":1,\"name\":\"Etusivu\",\"item\":\"https:\/\/oma.media.fi\/savon-sanomat\/\"},{\"@type\":\"ListItem\",\"position\":2,\"name\":\"Yhteystiedot\",\"item\":\"https:\/\/oma.media.fi\/savon-sanomat\/yhteystiedot\/\"},{\"@type\":\"ListItem\",\"position\":3,\"name\":\"Lukijan Sanomat\"}]},{\"@type\":\"WebSite\",\"@id\":\"https:\/\/oma.media.fi\/savon-sanomat\/#website\",\"url\":\"https:\/\/oma.media.fi\/savon-sanomat\/\",\"name\":\"Savon Sanomat\",\"description\":\"\",\"potentialAction\":[{\"@type\":\"SearchAction\",\"target\":{\"@type\":\"EntryPoint\",\"urlTemplate\":\"https:\/\/oma.media.fi\/savon-sanomat\/?s={search_term_string}\"},\"query-input\":{\"@type\":\"PropertyValueSpecification\",\"valueRequired\":true,\"valueName\":\"search_term_string\"}}],\"inLanguage\":\"fi\"}]}<\/script>\n<!-- \/ Yoast SEO plugin. -->","yoast_head_json":{"title":"Lukijan Sanomat - Savon Sanomat","robots":{"index":"index","follow":"follow","max-snippet":"max-snippet:-1","max-image-preview":"max-image-preview:large","max-video-preview":"max-video-preview:-1"},"canonical":"https:\/\/oma.media.fi\/savon-sanomat\/yhteystiedot\/lukijan-sanomat\/","og_locale":"fi_FI","og_type":"article","og_title":"Lukijan Sanomat","og_description":"Savon Sanomat\u00a0kannustaa lukijoitaan keskustelemaan p\u00e4iv\u00e4n puheenaiheista. Verkkolehden, Facebookin ja Twitterin kautta mielipidesivun jutuista j\u00e4tettyj\u00e4 kommentteja voidaan jatkossa nostaa my\u00f6s printtilehteen Lukijan Sanomiin. Kommentteja k\u00e4ytet\u00e4\u00e4n silloin nimell\u00e4 tai nimimerkill\u00e4. Lukijan Sanomat -sivulle otetaan mielipiteit\u00e4 vastaan entiseen tapaan mieluiten s\u00e4hk\u00f6postin kautta. Sivun p\u00e4\u00e4jutun maksimipituus on noin 3\u00a0000 merkki\u00e4 (noin 50 konekirjoitusrivi\u00e4). Kakkosjutut ovat noin 2\u00a0000 ja 1\u00a0300 [&hellip;]","og_url":"https:\/\/oma.media.fi\/savon-sanomat\/yhteystiedot\/lukijan-sanomat\/","og_site_name":"Savon Sanomat","article_modified_time":"2025-08-22T07:44:22+00:00","twitter_card":"summary_large_image","twitter_misc":{"Arvioitu lukuaika":"2 minuuttia"},"schema":{"@context":"https:\/\/schema.org","@graph":[{"@type":"WebPage","@id":"https:\/\/oma.media.fi\/savon-sanomat\/yhteystiedot\/lukijan-sanomat\/","url":"https:\/\/oma.media.fi\/savon-sanomat\/yhteystiedot\/lukijan-sanomat\/","name":"Lukijan Sanomat - Savon Sanomat","isPartOf":{"@id":"https:\/\/oma.media.fi\/savon-sanomat\/#website"},"datePublished":"2018-11-19T10:51:57+00:00","dateModified":"2025-08-22T07:44:22+00:00","breadcrumb":{"@id":"https:\/\/oma.media.fi\/savon-sanomat\/yhteystiedot\/lukijan-sanomat\/#breadcrumb"},"inLanguage":"fi","potentialAction":[{"@type":"ReadAction","target":["https:\/\/oma.media.fi\/savon-sanomat\/yhteystiedot\/lukijan-sanomat\/"]}]},{"@type":"BreadcrumbList","@id":"https:\/\/oma.media.fi\/savon-sanomat\/yhteystiedot\/lukijan-sanomat\/#breadcrumb","itemListElement":[{"@type":"ListItem","position":1,"name":"Etusivu","item":"https:\/\/oma.media.fi\/savon-sanomat\/"},{"@type":"ListItem","position":2,"name":"Yhteystiedot","item":"https:\/\/oma.media.fi\/savon-sanomat\/yhteystiedot\/"},{"@type":"ListItem","position":3,"name":"Lukijan Sanomat"}]},{"@type":"WebSite","@id":"https:\/\/oma.media.fi\/savon-sanomat\/#website","url":"https:\/\/oma.media.fi\/savon-sanomat\/","name":"Savon Sanomat","description":"","potentialAction":[{"@type":"SearchAction","target":{"@type":"EntryPoint","urlTemplate":"https:\/\/oma.media.fi\/savon-sanomat\/?s={search_term_string}"},"query-input":{"@type":"PropertyValueSpecification","valueRequired":true,"valueName":"search_term_string"}}],"inLanguage":"fi"}]}},"publishpress_future_action":{"enabled":false,"date":"2026-04-30 17:23:07","action":"change-status","newStatus":"draft","terms":[],"taxonomy":"","extraData":[]},"publishpress_future_workflow_manual_trigger":{"enabledWorkflows":[]},"_links":{"self":[{"href":"https:\/\/oma.media.fi\/savon-sanomat\/wp-json\/wp\/v2\/pages\/549","targetHints":{"allow":["GET"]}}],"collection":[{"href":"https:\/\/oma.media.fi\/savon-sanomat\/wp-json\/wp\/v2\/pages"}],"about":[{"href":"https:\/\/oma.media.fi\/savon-sanomat\/wp-json\/wp\/v2\/types\/page"}],"author":[{"embeddable":true,"href":"https:\/\/oma.media.fi\/savon-sanomat\/wp-json\/wp\/v2\/users\/1"}],"replies":[{"embeddable":true,"href":"https:\/\/oma.media.fi\/savon-sanomat\/wp-json\/wp\/v2\/comments?post=549"}],"version-history":[{"count":3,"href":"https:\/\/oma.media.fi\/savon-sanomat\/wp-json\/wp\/v2\/pages\/549\/revisions"}],"predecessor-version":[{"id":21217,"href":"https:\/\/oma.media.fi\/savon-sanomat\/wp-json\/wp\/v2\/pages\/549\/revisions\/21217"}],"up":[{"embeddable":true,"href":"https:\/\/oma.media.fi\/savon-sanomat\/wp-json\/wp\/v2\/pages\/26"}],"wp:attachment":[{"href":"https:\/\/oma.media.fi\/savon-sanomat\/wp-json\/wp\/v2\/media?parent=549"}],"curies":[{"name":"wp","href":"https:\/\/api.w.org\/{rel}","templated":true}]}}