{"id":552,"date":"2018-11-19T14:06:34","date_gmt":"2018-11-19T12:06:34","guid":{"rendered":"https:\/\/oma.media.fi\/savon-sanomat\/ilmestymispaivat\/"},"modified":"2026-01-07T10:47:47","modified_gmt":"2026-01-07T08:47:47","slug":"ilmestymispaivat","status":"publish","type":"page","link":"https:\/\/oma.media.fi\/savon-sanomat\/ilmestymispaivat\/","title":{"rendered":"Ilmestymisp\u00e4iv\u00e4t"},"content":{"rendered":"<p><strong>Savon Sanomat pit\u00e4\u00e4 sinut kartalla \u2013 vuoden jokaisena p\u00e4iv\u00e4n\u00e4<\/strong><\/p>\n<p>Savon Sanomien verkkouutiset p\u00e4ivittyv\u00e4t joka p\u00e4iv\u00e4, my\u00f6s pyhin\u00e4. Painettu lehti ilmestyy joka p\u00e4iv\u00e4 maanantaista sunnuntaihin, mutta juhlapyhin\u00e4 voi olla poikkeuksia.<\/p>\n<p>Painetun lehden n\u00e4k\u00f6islehti on luettavissa lehden ilmestymisp\u00e4ivin\u00e4 ja j\u00e4lkik\u00e4teen arkistosta. Silloin kun painettua lehte\u00e4 ei tule useampaan p\u00e4iv\u00e4\u00e4n per\u00e4kk\u00e4in, julkaistaan yksi juhlapyhien n\u00e4k\u00f6islehti verkossa. L\u00f6yd\u00e4t sen ensimm\u00e4isen\u00e4 ilmestym\u00e4tt\u00f6myysp\u00e4iv\u00e4n\u00e4.<\/p>\n<p>Uutiset kulkevat mukanasi \u2013 lue n\u00e4pp\u00e4r\u00e4sti sovelluksella juuri silloin kun sinulle sopii.<\/p>\n<hr \/>\n<p><strong>Painettu lehti ei ilmesty 2026:<\/strong><\/p>\n<p>to 1.1. Uudenvuodenp\u00e4iv\u00e4 \u2013 digilehti ilmestyy<br \/>\nti 6.1. Loppiainen \u2013 digilehti ilmestyy<br \/>\nke 7.1. Loppiaisen j\u00e4lkeinen p\u00e4iv\u00e4<br \/>\nla 4.4. Lauantai \u2013 digilehti ilmestyy<br \/>\nsu 5.4. P\u00e4\u00e4si\u00e4isp\u00e4iv\u00e4<br \/>\nma 6.4. 2. p\u00e4\u00e4si\u00e4isp\u00e4iv\u00e4<br \/>\npe 1.5. Vapunp\u00e4iv\u00e4 \u2013 digilehti ilmestyy<br \/>\nla 2.5. Vapunp\u00e4iv\u00e4n j\u00e4lkeinen p\u00e4iv\u00e4<br \/>\nto 14.5. Helatorstai \u2013 digilehti ilmestyy<br \/>\npe 15.5. Helatorstain j\u00e4lkeinen p\u00e4iv\u00e4<br \/>\npe 19.6. Juhannusaatto \u2013 digilehti ilmestyy<br \/>\nla 20.6. Juhannusp\u00e4iv\u00e4<br \/>\nsu 21.6. Juhannusp\u00e4iv\u00e4n j\u00e4lkeinen p\u00e4iv\u00e4<br \/>\nla 31.10. Pyh\u00e4inp\u00e4iv\u00e4 \u2013 digilehti ilmestyy<br \/>\nsu 1.11. Pyh\u00e4inp\u00e4iv\u00e4n j\u00e4lkeinen p\u00e4iv\u00e4<br \/>\nsu 6.12. Itsen\u00e4isyysp\u00e4iv\u00e4 \u2013 digilehti ilmestyy<br \/>\nma 7.12. Itsen\u00e4isyysp\u00e4iv\u00e4n j\u00e4lkeinen p\u00e4iv\u00e4<br \/>\nto 24.12. Jouluaatto<br \/>\npe 25.12. Joulup\u00e4iv\u00e4 \u2013 digilehti ilmestyy<br \/>\nla 26.12. Tapaninp\u00e4iv\u00e4<br \/>\nsu 27.12. Tapaninp\u00e4iv\u00e4n j\u00e4lkeinen p\u00e4iv\u00e4<\/p>\n<p>&nbsp;<\/p>\n","protected":false},"excerpt":{"rendered":"<p>pit\u00e4\u00e4 sinut kartalla \u2013 vuoden jokaisena p\u00e4iv\u00e4n\u00e4 verkkouutiset p\u00e4ivittyv\u00e4t joka p\u00e4iv\u00e4, my\u00f6s pyhin\u00e4. Painettu lehti ilmestyy joka p\u00e4iv\u00e4 maanantaista sunnuntaihin, mutta juhlapyhin\u00e4 voi olla poikkeuksia. Painetun lehden n\u00e4k\u00f6islehti on luettavissa lehden ilmestymisp\u00e4ivin\u00e4 ja j\u00e4lkik\u00e4teen arkistosta. Silloin kun painettua lehte\u00e4 ei tule useampaan p\u00e4iv\u00e4\u00e4n per\u00e4kk\u00e4in, julkaistaan yksi juhlapyhien n\u00e4k\u00f6islehti verkossa. L\u00f6yd\u00e4t sen ensimm\u00e4isen\u00e4 ilmestym\u00e4tt\u00f6myysp\u00e4iv\u00e4n\u00e4. Uutiset kulkevat [&hellip;]<\/p>\n","protected":false},"author":1,"featured_media":0,"parent":0,"menu_order":0,"comment_status":"closed","ping_status":"closed","template":"","meta":{"_acf_changed":false,"footnotes":""},"class_list":["post-552","page","type-page","status-publish","hentry"],"acf":[],"yoast_head":"<!-- This site is optimized with the Yoast SEO plugin v26.2 - https:\/\/yoast.com\/wordpress\/plugins\/seo\/ -->\n<title>Ilmestymisp\u00e4iv\u00e4t - Savon Sanomat<\/title>\n<meta name=\"robots\" content=\"index, follow, max-snippet:-1, max-image-preview:large, max-video-preview:-1\" \/>\n<link rel=\"canonical\" href=\"https:\/\/oma.media.fi\/savon-sanomat\/ilmestymispaivat\/\" \/>\n<meta property=\"og:locale\" content=\"fi_FI\" \/>\n<meta property=\"og:type\" content=\"article\" \/>\n<meta property=\"og:title\" content=\"Ilmestymisp\u00e4iv\u00e4t\" \/>\n<meta property=\"og:description\" content=\"pit\u00e4\u00e4 sinut kartalla \u2013 vuoden jokaisena p\u00e4iv\u00e4n\u00e4 verkkouutiset p\u00e4ivittyv\u00e4t joka p\u00e4iv\u00e4, my\u00f6s pyhin\u00e4. Painettu lehti ilmestyy joka p\u00e4iv\u00e4 maanantaista sunnuntaihin, mutta juhlapyhin\u00e4 voi olla poikkeuksia. Painetun lehden n\u00e4k\u00f6islehti on luettavissa lehden ilmestymisp\u00e4ivin\u00e4 ja j\u00e4lkik\u00e4teen arkistosta. Silloin kun painettua lehte\u00e4 ei tule useampaan p\u00e4iv\u00e4\u00e4n per\u00e4kk\u00e4in, julkaistaan yksi juhlapyhien n\u00e4k\u00f6islehti verkossa. L\u00f6yd\u00e4t sen ensimm\u00e4isen\u00e4 ilmestym\u00e4tt\u00f6myysp\u00e4iv\u00e4n\u00e4. Uutiset kulkevat [&hellip;]\" \/>\n<meta property=\"og:url\" content=\"https:\/\/oma.media.fi\/savon-sanomat\/ilmestymispaivat\/\" \/>\n<meta property=\"og:site_name\" content=\"Savon Sanomat\" \/>\n<meta property=\"article:modified_time\" content=\"2026-01-07T08:47:47+00:00\" \/>\n<meta name=\"twitter:card\" content=\"summary_large_image\" \/>\n<meta name=\"twitter:label1\" content=\"Arvioitu lukuaika\" \/>\n\t<meta name=\"twitter:data1\" content=\"2 minuuttia\" \/>\n<script type=\"application\/ld+json\" class=\"yoast-schema-graph\">{\"@context\":\"https:\/\/schema.org\",\"@graph\":[{\"@type\":\"WebPage\",\"@id\":\"https:\/\/oma.media.fi\/savon-sanomat\/ilmestymispaivat\/\",\"url\":\"https:\/\/oma.media.fi\/savon-sanomat\/ilmestymispaivat\/\",\"name\":\"Ilmestymisp\u00e4iv\u00e4t - Savon Sanomat\",\"isPartOf\":{\"@id\":\"https:\/\/oma.media.fi\/savon-sanomat\/#website\"},\"datePublished\":\"2018-11-19T12:06:34+00:00\",\"dateModified\":\"2026-01-07T08:47:47+00:00\",\"breadcrumb\":{\"@id\":\"https:\/\/oma.media.fi\/savon-sanomat\/ilmestymispaivat\/#breadcrumb\"},\"inLanguage\":\"fi\",\"potentialAction\":[{\"@type\":\"ReadAction\",\"target\":[\"https:\/\/oma.media.fi\/savon-sanomat\/ilmestymispaivat\/\"]}]},{\"@type\":\"BreadcrumbList\",\"@id\":\"https:\/\/oma.media.fi\/savon-sanomat\/ilmestymispaivat\/#breadcrumb\",\"itemListElement\":[{\"@type\":\"ListItem\",\"position\":1,\"name\":\"Etusivu\",\"item\":\"https:\/\/oma.media.fi\/savon-sanomat\/\"},{\"@type\":\"ListItem\",\"position\":2,\"name\":\"Ilmestymisp\u00e4iv\u00e4t\"}]},{\"@type\":\"WebSite\",\"@id\":\"https:\/\/oma.media.fi\/savon-sanomat\/#website\",\"url\":\"https:\/\/oma.media.fi\/savon-sanomat\/\",\"name\":\"Savon Sanomat\",\"description\":\"\",\"potentialAction\":[{\"@type\":\"SearchAction\",\"target\":{\"@type\":\"EntryPoint\",\"urlTemplate\":\"https:\/\/oma.media.fi\/savon-sanomat\/?s={search_term_string}\"},\"query-input\":{\"@type\":\"PropertyValueSpecification\",\"valueRequired\":true,\"valueName\":\"search_term_string\"}}],\"inLanguage\":\"fi\"}]}<\/script>\n<!-- \/ Yoast SEO plugin. -->","yoast_head_json":{"title":"Ilmestymisp\u00e4iv\u00e4t - Savon Sanomat","robots":{"index":"index","follow":"follow","max-snippet":"max-snippet:-1","max-image-preview":"max-image-preview:large","max-video-preview":"max-video-preview:-1"},"canonical":"https:\/\/oma.media.fi\/savon-sanomat\/ilmestymispaivat\/","og_locale":"fi_FI","og_type":"article","og_title":"Ilmestymisp\u00e4iv\u00e4t","og_description":"pit\u00e4\u00e4 sinut kartalla \u2013 vuoden jokaisena p\u00e4iv\u00e4n\u00e4 verkkouutiset p\u00e4ivittyv\u00e4t joka p\u00e4iv\u00e4, my\u00f6s pyhin\u00e4. Painettu lehti ilmestyy joka p\u00e4iv\u00e4 maanantaista sunnuntaihin, mutta juhlapyhin\u00e4 voi olla poikkeuksia. Painetun lehden n\u00e4k\u00f6islehti on luettavissa lehden ilmestymisp\u00e4ivin\u00e4 ja j\u00e4lkik\u00e4teen arkistosta. Silloin kun painettua lehte\u00e4 ei tule useampaan p\u00e4iv\u00e4\u00e4n per\u00e4kk\u00e4in, julkaistaan yksi juhlapyhien n\u00e4k\u00f6islehti verkossa. L\u00f6yd\u00e4t sen ensimm\u00e4isen\u00e4 ilmestym\u00e4tt\u00f6myysp\u00e4iv\u00e4n\u00e4. Uutiset kulkevat [&hellip;]","og_url":"https:\/\/oma.media.fi\/savon-sanomat\/ilmestymispaivat\/","og_site_name":"Savon Sanomat","article_modified_time":"2026-01-07T08:47:47+00:00","twitter_card":"summary_large_image","twitter_misc":{"Arvioitu lukuaika":"2 minuuttia"},"schema":{"@context":"https:\/\/schema.org","@graph":[{"@type":"WebPage","@id":"https:\/\/oma.media.fi\/savon-sanomat\/ilmestymispaivat\/","url":"https:\/\/oma.media.fi\/savon-sanomat\/ilmestymispaivat\/","name":"Ilmestymisp\u00e4iv\u00e4t - Savon Sanomat","isPartOf":{"@id":"https:\/\/oma.media.fi\/savon-sanomat\/#website"},"datePublished":"2018-11-19T12:06:34+00:00","dateModified":"2026-01-07T08:47:47+00:00","breadcrumb":{"@id":"https:\/\/oma.media.fi\/savon-sanomat\/ilmestymispaivat\/#breadcrumb"},"inLanguage":"fi","potentialAction":[{"@type":"ReadAction","target":["https:\/\/oma.media.fi\/savon-sanomat\/ilmestymispaivat\/"]}]},{"@type":"BreadcrumbList","@id":"https:\/\/oma.media.fi\/savon-sanomat\/ilmestymispaivat\/#breadcrumb","itemListElement":[{"@type":"ListItem","position":1,"name":"Etusivu","item":"https:\/\/oma.media.fi\/savon-sanomat\/"},{"@type":"ListItem","position":2,"name":"Ilmestymisp\u00e4iv\u00e4t"}]},{"@type":"WebSite","@id":"https:\/\/oma.media.fi\/savon-sanomat\/#website","url":"https:\/\/oma.media.fi\/savon-sanomat\/","name":"Savon Sanomat","description":"","potentialAction":[{"@type":"SearchAction","target":{"@type":"EntryPoint","urlTemplate":"https:\/\/oma.media.fi\/savon-sanomat\/?s={search_term_string}"},"query-input":{"@type":"PropertyValueSpecification","valueRequired":true,"valueName":"search_term_string"}}],"inLanguage":"fi"}]}},"publishpress_future_action":{"enabled":false,"date":"2026-05-11 15:56:43","action":"change-status","newStatus":"draft","terms":[],"taxonomy":"","extraData":[]},"publishpress_future_workflow_manual_trigger":{"enabledWorkflows":[]},"_links":{"self":[{"href":"https:\/\/oma.media.fi\/savon-sanomat\/wp-json\/wp\/v2\/pages\/552","targetHints":{"allow":["GET"]}}],"collection":[{"href":"https:\/\/oma.media.fi\/savon-sanomat\/wp-json\/wp\/v2\/pages"}],"about":[{"href":"https:\/\/oma.media.fi\/savon-sanomat\/wp-json\/wp\/v2\/types\/page"}],"author":[{"embeddable":true,"href":"https:\/\/oma.media.fi\/savon-sanomat\/wp-json\/wp\/v2\/users\/1"}],"replies":[{"embeddable":true,"href":"https:\/\/oma.media.fi\/savon-sanomat\/wp-json\/wp\/v2\/comments?post=552"}],"version-history":[{"count":85,"href":"https:\/\/oma.media.fi\/savon-sanomat\/wp-json\/wp\/v2\/pages\/552\/revisions"}],"predecessor-version":[{"id":21418,"href":"https:\/\/oma.media.fi\/savon-sanomat\/wp-json\/wp\/v2\/pages\/552\/revisions\/21418"}],"wp:attachment":[{"href":"https:\/\/oma.media.fi\/savon-sanomat\/wp-json\/wp\/v2\/media?parent=552"}],"curies":[{"name":"wp","href":"https:\/\/api.w.org\/{rel}","templated":true}]}}