{"id":9594,"date":"2020-01-16T08:51:30","date_gmt":"2020-01-16T06:51:30","guid":{"rendered":"https:\/\/oma.media.fi\/savon-sanomat\/?page_id=9594"},"modified":"2020-01-16T10:31:23","modified_gmt":"2020-01-16T08:31:23","slug":"savon-median-paikallislehdet","status":"publish","type":"page","link":"https:\/\/oma.media.fi\/savon-sanomat\/savon-median-paikallislehdet\/","title":{"rendered":"Savon Median paikallislehdet"},"content":{"rendered":"<div class=\"table--responsive\"><table style=\"width: 100%;border-collapse: collapse\" border=\"0\">\n<tbody>\n<tr style=\"height: 80px\">\n<td style=\"width: 25%;height: 80px\"><a href=\"https:\/\/heinavedenlehti.fi\"><img loading=\"lazy\" decoding=\"async\" class=\"alignnone size-full wp-image-5456\" src=\"https:\/\/oma.media.fi\/savon-sanomat\/wp-content\/uploads\/sites\/3\/2019\/10\/heinaveden-lehti.gif\" alt=\"Hein\u00e4veden Lehti\" width=\"190\" height=\"28\" \/><\/a><\/td>\n<td style=\"width: 25%;height: 80px\"><a href=\"https:\/\/www.koillis-savo.fi\"><img loading=\"lazy\" decoding=\"async\" class=\"alignnone size-full wp-image-5457\" src=\"https:\/\/oma.media.fi\/savon-sanomat\/wp-content\/uploads\/sites\/3\/2019\/10\/koillis-savo.gif\" alt=\"Koillis-Savo\" width=\"190\" height=\"39\" \/><\/a><\/td>\n<td style=\"width: 25%;height: 80px\"><a href=\"https:\/\/www.mattijaliisa.fi\"><img loading=\"lazy\" decoding=\"async\" class=\"alignnone size-full wp-image-5458\" src=\"https:\/\/oma.media.fi\/savon-sanomat\/wp-content\/uploads\/sites\/3\/2019\/10\/matti-ja-liisa.gif\" alt=\"Paikallislehti Matti ja Liisa\" width=\"190\" height=\"38\" \/><\/a><\/td>\n<td style=\"width: 25%;height: 80px\"><a href=\"https:\/\/www.miilu.fi\"><img loading=\"lazy\" decoding=\"async\" class=\"alignnone size-full wp-image-5459\" src=\"https:\/\/oma.media.fi\/savon-sanomat\/wp-content\/uploads\/sites\/3\/2019\/10\/miilu.gif\" alt=\"Paikallislehti Miilu\" width=\"190\" height=\"75\" \/><\/a><\/td>\n<\/tr>\n<tr style=\"height: 88px\">\n<td style=\"width: 25%;height: 88px\"><a href=\"https:\/\/www.pieksamaenlehti.fi\"><img loading=\"lazy\" decoding=\"async\" class=\"alignnone size-full wp-image-5460\" src=\"https:\/\/oma.media.fi\/savon-sanomat\/wp-content\/uploads\/sites\/3\/2019\/10\/pieksamaen-lehti.gif\" alt=\"Pieks\u00e4m\u00e4en Lehti\" width=\"190\" height=\"35\" \/><\/a><\/td>\n<td style=\"width: 25%;height: 88px\"><a href=\"https:\/\/www.pielavesi-keitele.fi\"><img loading=\"lazy\" decoding=\"async\" class=\"alignnone size-full wp-image-5461\" src=\"https:\/\/oma.media.fi\/savon-sanomat\/wp-content\/uploads\/sites\/3\/2019\/10\/pielavesi-keitele.gif\" alt=\"Paikallislehti Pielavesi-Keitele\" width=\"190\" height=\"84\" \/><\/a><\/td>\n<td style=\"width: 25%;height: 88px\"><a href=\"https:\/\/www.pitajalainen.fi\"><img loading=\"lazy\" decoding=\"async\" class=\"alignnone size-full wp-image-5462\" src=\"https:\/\/oma.media.fi\/savon-sanomat\/wp-content\/uploads\/sites\/3\/2019\/10\/pitajalainen.gif\" alt=\"Paikallislehti Pit\u00e4j\u00e4l\u00e4inen\" width=\"190\" height=\"55\" \/><\/a><\/td>\n<td style=\"width: 25%;height: 88px\"><a href=\"https:\/\/www.sisa-savolehti.fi\/\"><img loading=\"lazy\" decoding=\"async\" class=\"alignnone size-full wp-image-5463\" src=\"https:\/\/oma.media.fi\/savon-sanomat\/wp-content\/uploads\/sites\/3\/2019\/10\/paikallislehti-sisa-savo.gif\" alt=\"Paikallislehti Sis\u00e4-Savo\" width=\"190\" height=\"68\" \/><\/a><\/td>\n<\/tr>\n<tr style=\"height: 56px\">\n<td style=\"width: 25%;height: 56px\"><a href=\"https:\/\/www.soisalonseutu.fi\"><img loading=\"lazy\" decoding=\"async\" class=\"alignnone size-full wp-image-5464\" src=\"https:\/\/oma.media.fi\/savon-sanomat\/wp-content\/uploads\/sites\/3\/2019\/10\/soisalon-seutu.gif\" alt=\"Paikallislehti Soisalon Seutu\" width=\"190\" height=\"52\" \/><\/a><\/td>\n<td style=\"width: 25%;height: 56px\"><a href=\"https:\/\/uutis-jousi.fi\"><img loading=\"lazy\" decoding=\"async\" class=\"alignnone size-full wp-image-5465\" src=\"https:\/\/oma.media.fi\/savon-sanomat\/wp-content\/uploads\/sites\/3\/2019\/10\/uutis-jousi.gif\" alt=\"Paikallislehti Uutis-Jousi\" width=\"190\" height=\"49\" \/><\/a><\/td>\n<td style=\"width: 25%;height: 56px\"><a href=\"https:\/\/www.joroistenlehti.fi\"><img loading=\"lazy\" decoding=\"async\" class=\"alignnone size-full wp-image-5466\" src=\"https:\/\/oma.media.fi\/savon-sanomat\/wp-content\/uploads\/sites\/3\/2019\/10\/joroisten-lehti.gif\" alt=\"Joroisten Lehti\" width=\"190\" height=\"25\" \/><\/a><\/td>\n<td style=\"width: 25%;height: 56px\"><\/td>\n<\/tr>\n<\/tbody>\n<\/table><\/div>\n<p>&nbsp;<\/p>\n","protected":false},"excerpt":{"rendered":"<p>&nbsp;<\/p>\n","protected":false},"author":1,"featured_media":0,"parent":0,"menu_order":0,"comment_status":"closed","ping_status":"closed","template":"","meta":{"_acf_changed":false,"footnotes":""},"class_list":["post-9594","page","type-page","status-publish","hentry"],"acf":[],"yoast_head":"<!-- This site is optimized with the Yoast SEO plugin v26.2 - https:\/\/yoast.com\/wordpress\/plugins\/seo\/ -->\n<title>Savon Median paikallislehdet - Savon Sanomat<\/title>\n<meta name=\"description\" content=\"Savon Median paikallislehdet: Hein\u00e4veden Lehti, Koilli-Savo, Matti ja Liisa, Miilu, Pieks\u00e4m\u00e4en Lehti, Pielavesi-Keitele, Pit\u00e4j\u00e4l\u00e4inen, Sis\u00e4-Savo, Soisalon Seutu, Uutis-Jousi ja Joroisten Lehti\" \/>\n<meta name=\"robots\" content=\"index, follow, max-snippet:-1, max-image-preview:large, max-video-preview:-1\" \/>\n<link rel=\"canonical\" href=\"https:\/\/oma.media.fi\/savon-sanomat\/savon-median-paikallislehdet\/\" \/>\n<meta property=\"og:locale\" content=\"fi_FI\" \/>\n<meta property=\"og:type\" content=\"article\" \/>\n<meta property=\"og:title\" content=\"Savon Median paikallislehdet\" \/>\n<meta property=\"og:description\" content=\"Savon Median paikallislehdet: Hein\u00e4veden Lehti, Koilli-Savo, Matti ja Liisa, Miilu, Pieks\u00e4m\u00e4en Lehti, Pielavesi-Keitele, Pit\u00e4j\u00e4l\u00e4inen, Sis\u00e4-Savo, Soisalon Seutu, Uutis-Jousi ja Joroisten Lehti\" \/>\n<meta property=\"og:url\" content=\"https:\/\/oma.media.fi\/savon-sanomat\/savon-median-paikallislehdet\/\" \/>\n<meta property=\"og:site_name\" content=\"Savon Sanomat\" \/>\n<meta property=\"article:modified_time\" content=\"2020-01-16T08:31:23+00:00\" \/>\n<meta property=\"og:image\" content=\"https:\/\/oma.media.fi\/savon-sanomat\/wp-content\/uploads\/sites\/3\/2019\/10\/heinaveden-lehti.gif\" \/>\n<meta name=\"twitter:card\" content=\"summary_large_image\" \/>\n<script type=\"application\/ld+json\" class=\"yoast-schema-graph\">{\"@context\":\"https:\/\/schema.org\",\"@graph\":[{\"@type\":\"WebPage\",\"@id\":\"https:\/\/oma.media.fi\/savon-sanomat\/savon-median-paikallislehdet\/\",\"url\":\"https:\/\/oma.media.fi\/savon-sanomat\/savon-median-paikallislehdet\/\",\"name\":\"Savon Median paikallislehdet - Savon Sanomat\",\"isPartOf\":{\"@id\":\"https:\/\/oma.media.fi\/savon-sanomat\/#website\"},\"primaryImageOfPage\":{\"@id\":\"https:\/\/oma.media.fi\/savon-sanomat\/savon-median-paikallislehdet\/#primaryimage\"},\"image\":{\"@id\":\"https:\/\/oma.media.fi\/savon-sanomat\/savon-median-paikallislehdet\/#primaryimage\"},\"thumbnailUrl\":\"https:\/\/oma.media.fi\/savon-sanomat\/wp-content\/uploads\/sites\/3\/2019\/10\/heinaveden-lehti.gif\",\"datePublished\":\"2020-01-16T06:51:30+00:00\",\"dateModified\":\"2020-01-16T08:31:23+00:00\",\"description\":\"Savon Median paikallislehdet: Hein\u00e4veden Lehti, Koilli-Savo, Matti ja Liisa, Miilu, Pieks\u00e4m\u00e4en Lehti, Pielavesi-Keitele, Pit\u00e4j\u00e4l\u00e4inen, Sis\u00e4-Savo, Soisalon Seutu, Uutis-Jousi ja Joroisten Lehti\",\"breadcrumb\":{\"@id\":\"https:\/\/oma.media.fi\/savon-sanomat\/savon-median-paikallislehdet\/#breadcrumb\"},\"inLanguage\":\"fi\",\"potentialAction\":[{\"@type\":\"ReadAction\",\"target\":[\"https:\/\/oma.media.fi\/savon-sanomat\/savon-median-paikallislehdet\/\"]}]},{\"@type\":\"ImageObject\",\"inLanguage\":\"fi\",\"@id\":\"https:\/\/oma.media.fi\/savon-sanomat\/savon-median-paikallislehdet\/#primaryimage\",\"url\":\"https:\/\/oma.media.fi\/savon-sanomat\/wp-content\/uploads\/sites\/3\/2019\/10\/heinaveden-lehti.gif\",\"contentUrl\":\"https:\/\/oma.media.fi\/savon-sanomat\/wp-content\/uploads\/sites\/3\/2019\/10\/heinaveden-lehti.gif\",\"width\":190,\"height\":28,\"caption\":\"Hein\u00e4veden Lehti\"},{\"@type\":\"BreadcrumbList\",\"@id\":\"https:\/\/oma.media.fi\/savon-sanomat\/savon-median-paikallislehdet\/#breadcrumb\",\"itemListElement\":[{\"@type\":\"ListItem\",\"position\":1,\"name\":\"Etusivu\",\"item\":\"https:\/\/oma.media.fi\/savon-sanomat\/\"},{\"@type\":\"ListItem\",\"position\":2,\"name\":\"Savon Median paikallislehdet\"}]},{\"@type\":\"WebSite\",\"@id\":\"https:\/\/oma.media.fi\/savon-sanomat\/#website\",\"url\":\"https:\/\/oma.media.fi\/savon-sanomat\/\",\"name\":\"Savon Sanomat\",\"description\":\"\",\"potentialAction\":[{\"@type\":\"SearchAction\",\"target\":{\"@type\":\"EntryPoint\",\"urlTemplate\":\"https:\/\/oma.media.fi\/savon-sanomat\/?s={search_term_string}\"},\"query-input\":{\"@type\":\"PropertyValueSpecification\",\"valueRequired\":true,\"valueName\":\"search_term_string\"}}],\"inLanguage\":\"fi\"}]}<\/script>\n<!-- \/ Yoast SEO plugin. -->","yoast_head_json":{"title":"Savon Median paikallislehdet - Savon Sanomat","description":"Savon Median paikallislehdet: Hein\u00e4veden Lehti, Koilli-Savo, Matti ja Liisa, Miilu, Pieks\u00e4m\u00e4en Lehti, Pielavesi-Keitele, Pit\u00e4j\u00e4l\u00e4inen, Sis\u00e4-Savo, Soisalon Seutu, Uutis-Jousi ja Joroisten Lehti","robots":{"index":"index","follow":"follow","max-snippet":"max-snippet:-1","max-image-preview":"max-image-preview:large","max-video-preview":"max-video-preview:-1"},"canonical":"https:\/\/oma.media.fi\/savon-sanomat\/savon-median-paikallislehdet\/","og_locale":"fi_FI","og_type":"article","og_title":"Savon Median paikallislehdet","og_description":"Savon Median paikallislehdet: Hein\u00e4veden Lehti, Koilli-Savo, Matti ja Liisa, Miilu, Pieks\u00e4m\u00e4en Lehti, Pielavesi-Keitele, Pit\u00e4j\u00e4l\u00e4inen, Sis\u00e4-Savo, Soisalon Seutu, Uutis-Jousi ja Joroisten Lehti","og_url":"https:\/\/oma.media.fi\/savon-sanomat\/savon-median-paikallislehdet\/","og_site_name":"Savon Sanomat","article_modified_time":"2020-01-16T08:31:23+00:00","og_image":[{"url":"https:\/\/oma.media.fi\/savon-sanomat\/wp-content\/uploads\/sites\/3\/2019\/10\/heinaveden-lehti.gif","type":"","width":"","height":""}],"twitter_card":"summary_large_image","schema":{"@context":"https:\/\/schema.org","@graph":[{"@type":"WebPage","@id":"https:\/\/oma.media.fi\/savon-sanomat\/savon-median-paikallislehdet\/","url":"https:\/\/oma.media.fi\/savon-sanomat\/savon-median-paikallislehdet\/","name":"Savon Median paikallislehdet - Savon Sanomat","isPartOf":{"@id":"https:\/\/oma.media.fi\/savon-sanomat\/#website"},"primaryImageOfPage":{"@id":"https:\/\/oma.media.fi\/savon-sanomat\/savon-median-paikallislehdet\/#primaryimage"},"image":{"@id":"https:\/\/oma.media.fi\/savon-sanomat\/savon-median-paikallislehdet\/#primaryimage"},"thumbnailUrl":"https:\/\/oma.media.fi\/savon-sanomat\/wp-content\/uploads\/sites\/3\/2019\/10\/heinaveden-lehti.gif","datePublished":"2020-01-16T06:51:30+00:00","dateModified":"2020-01-16T08:31:23+00:00","description":"Savon Median paikallislehdet: Hein\u00e4veden Lehti, Koilli-Savo, Matti ja Liisa, Miilu, Pieks\u00e4m\u00e4en Lehti, Pielavesi-Keitele, Pit\u00e4j\u00e4l\u00e4inen, Sis\u00e4-Savo, Soisalon Seutu, Uutis-Jousi ja Joroisten Lehti","breadcrumb":{"@id":"https:\/\/oma.media.fi\/savon-sanomat\/savon-median-paikallislehdet\/#breadcrumb"},"inLanguage":"fi","potentialAction":[{"@type":"ReadAction","target":["https:\/\/oma.media.fi\/savon-sanomat\/savon-median-paikallislehdet\/"]}]},{"@type":"ImageObject","inLanguage":"fi","@id":"https:\/\/oma.media.fi\/savon-sanomat\/savon-median-paikallislehdet\/#primaryimage","url":"https:\/\/oma.media.fi\/savon-sanomat\/wp-content\/uploads\/sites\/3\/2019\/10\/heinaveden-lehti.gif","contentUrl":"https:\/\/oma.media.fi\/savon-sanomat\/wp-content\/uploads\/sites\/3\/2019\/10\/heinaveden-lehti.gif","width":190,"height":28,"caption":"Hein\u00e4veden Lehti"},{"@type":"BreadcrumbList","@id":"https:\/\/oma.media.fi\/savon-sanomat\/savon-median-paikallislehdet\/#breadcrumb","itemListElement":[{"@type":"ListItem","position":1,"name":"Etusivu","item":"https:\/\/oma.media.fi\/savon-sanomat\/"},{"@type":"ListItem","position":2,"name":"Savon Median paikallislehdet"}]},{"@type":"WebSite","@id":"https:\/\/oma.media.fi\/savon-sanomat\/#website","url":"https:\/\/oma.media.fi\/savon-sanomat\/","name":"Savon Sanomat","description":"","potentialAction":[{"@type":"SearchAction","target":{"@type":"EntryPoint","urlTemplate":"https:\/\/oma.media.fi\/savon-sanomat\/?s={search_term_string}"},"query-input":{"@type":"PropertyValueSpecification","valueRequired":true,"valueName":"search_term_string"}}],"inLanguage":"fi"}]}},"publishpress_future_action":{"enabled":false,"date":"2026-04-11 23:57:31","action":"change-status","newStatus":"draft","terms":[],"taxonomy":"","extraData":[]},"publishpress_future_workflow_manual_trigger":{"enabledWorkflows":[]},"_links":{"self":[{"href":"https:\/\/oma.media.fi\/savon-sanomat\/wp-json\/wp\/v2\/pages\/9594","targetHints":{"allow":["GET"]}}],"collection":[{"href":"https:\/\/oma.media.fi\/savon-sanomat\/wp-json\/wp\/v2\/pages"}],"about":[{"href":"https:\/\/oma.media.fi\/savon-sanomat\/wp-json\/wp\/v2\/types\/page"}],"author":[{"embeddable":true,"href":"https:\/\/oma.media.fi\/savon-sanomat\/wp-json\/wp\/v2\/users\/1"}],"replies":[{"embeddable":true,"href":"https:\/\/oma.media.fi\/savon-sanomat\/wp-json\/wp\/v2\/comments?post=9594"}],"version-history":[{"count":20,"href":"https:\/\/oma.media.fi\/savon-sanomat\/wp-json\/wp\/v2\/pages\/9594\/revisions"}],"predecessor-version":[{"id":9615,"href":"https:\/\/oma.media.fi\/savon-sanomat\/wp-json\/wp\/v2\/pages\/9594\/revisions\/9615"}],"wp:attachment":[{"href":"https:\/\/oma.media.fi\/savon-sanomat\/wp-json\/wp\/v2\/media?parent=9594"}],"curies":[{"name":"wp","href":"https:\/\/api.w.org\/{rel}","templated":true}]}}