{"id":548,"date":"2018-11-20T09:05:53","date_gmt":"2018-11-20T07:05:53","guid":{"rendered":"https:\/\/oma.media.fi\/sipoon-sanomat\/edut\/etukaista-ohje\/"},"modified":"2022-01-31T11:54:42","modified_gmt":"2022-01-31T09:54:42","slug":"etukaista-ohje","status":"publish","type":"page","link":"https:\/\/oma.media.fi\/sipoon-sanomat\/edut\/etukaista-ohje\/","title":{"rendered":"Etukaista-ohje"},"content":{"rendered":"<p>Kuvallinen ohje\u00a0<strong>Iphone<\/strong>:<\/p>\n<p><a href=\"https:\/\/oma.media.fi\/sipoon-sanomat\/wp-content\/uploads\/sites\/21\/2018\/11\/etukaista-ohje-iphone.jpg\"><img loading=\"lazy\" decoding=\"async\" class=\"alignnone size-full wp-image-544\" src=\"https:\/\/oma.media.fi\/sipoon-sanomat\/wp-content\/uploads\/sites\/21\/2018\/11\/etukaista-ohje-iphone.jpg\" alt=\"\" width=\"1000\" height=\"445\" srcset=\"https:\/\/oma.media.fi\/sipoon-sanomat\/wp-content\/uploads\/sites\/21\/2018\/11\/etukaista-ohje-iphone.jpg 1000w, https:\/\/oma.media.fi\/sipoon-sanomat\/wp-content\/uploads\/sites\/21\/2018\/11\/etukaista-ohje-iphone-300x134.jpg 300w, https:\/\/oma.media.fi\/sipoon-sanomat\/wp-content\/uploads\/sites\/21\/2018\/11\/etukaista-ohje-iphone-768x342.jpg 768w\" sizes=\"auto, (max-width: 1000px) 100vw, 1000px\" \/><\/a><\/p>\n<p>Kuvallinen ohje\u00a0<strong>Android<\/strong>:<\/p>\n<p><a href=\"https:\/\/oma.media.fi\/sipoon-sanomat\/wp-content\/uploads\/sites\/21\/2018\/11\/etukaista-ohje-android.jpg\"><img loading=\"lazy\" decoding=\"async\" class=\"alignnone size-full wp-image-543\" src=\"https:\/\/oma.media.fi\/sipoon-sanomat\/wp-content\/uploads\/sites\/21\/2018\/11\/etukaista-ohje-android.jpg\" alt=\"\" width=\"1000\" height=\"445\" srcset=\"https:\/\/oma.media.fi\/sipoon-sanomat\/wp-content\/uploads\/sites\/21\/2018\/11\/etukaista-ohje-android.jpg 1000w, https:\/\/oma.media.fi\/sipoon-sanomat\/wp-content\/uploads\/sites\/21\/2018\/11\/etukaista-ohje-android-300x134.jpg 300w, https:\/\/oma.media.fi\/sipoon-sanomat\/wp-content\/uploads\/sites\/21\/2018\/11\/etukaista-ohje-android-768x342.jpg 768w\" sizes=\"auto, (max-width: 1000px) 100vw, 1000px\" \/><\/a><\/p>\n<p><strong>Huawei<\/strong>:<\/p>\n<p>Avaa tekstiviestiss\u00e4 saapuva linkki. Valitse avautuvan sivun oikeasta yl\u00e4kulmasta valikko (kolme pistett\u00e4, kts. Android-ohjeen ensimm\u00e4inen ruutu). Klikkaa valikon yl\u00e4laidasta t\u00e4hti-merkki, jolloin avautuu sivu \u201dLis\u00e4\u00e4 sivu kirjanmerkkeihin\u201d. Muuta alimpaan, \u201dLis\u00e4\u00e4 kansioon\u201d -kohtaan vaihtoehto \u201dEtusivu\u201d, ja paina OK. Kuvake tallentuu aloitusn\u00e4yt\u00f6lle.<\/p>\n","protected":false},"excerpt":{"rendered":"<p>Kuvallinen ohje\u00a0Iphone: Kuvallinen ohje\u00a0Android: Huawei: Avaa tekstiviestiss\u00e4 saapuva linkki. Valitse avautuvan sivun oikeasta yl\u00e4kulmasta valikko (kolme pistett\u00e4, kts. Android-ohjeen ensimm\u00e4inen ruutu). Klikkaa valikon yl\u00e4laidasta t\u00e4hti-merkki, jolloin avautuu sivu \u201dLis\u00e4\u00e4 sivu kirjanmerkkeihin\u201d. Muuta alimpaan, \u201dLis\u00e4\u00e4 kansioon\u201d -kohtaan vaihtoehto \u201dEtusivu\u201d, ja paina OK. Kuvake tallentuu aloitusn\u00e4yt\u00f6lle.<\/p>\n","protected":false},"author":1,"featured_media":0,"parent":42,"menu_order":0,"comment_status":"closed","ping_status":"closed","template":"","meta":{"_acf_changed":false,"footnotes":""},"class_list":["post-548","page","type-page","status-publish","hentry"],"acf":[],"yoast_head":"<!-- This site is optimized with the Yoast SEO plugin v26.2 - https:\/\/yoast.com\/wordpress\/plugins\/seo\/ -->\n<title>Etukaista-ohje - Sipoon Sanomat<\/title>\n<meta name=\"robots\" content=\"index, follow, max-snippet:-1, max-image-preview:large, max-video-preview:-1\" \/>\n<link rel=\"canonical\" href=\"https:\/\/oma.media.fi\/sipoon-sanomat\/edut\/etukaista-ohje\/\" \/>\n<meta property=\"og:locale\" content=\"fi_FI\" \/>\n<meta property=\"og:type\" content=\"article\" \/>\n<meta property=\"og:title\" content=\"Etukaista-ohje\" \/>\n<meta property=\"og:description\" content=\"Kuvallinen ohje\u00a0Iphone: Kuvallinen ohje\u00a0Android: Huawei: Avaa tekstiviestiss\u00e4 saapuva linkki. Valitse avautuvan sivun oikeasta yl\u00e4kulmasta valikko (kolme pistett\u00e4, kts. Android-ohjeen ensimm\u00e4inen ruutu). Klikkaa valikon yl\u00e4laidasta t\u00e4hti-merkki, jolloin avautuu sivu \u201dLis\u00e4\u00e4 sivu kirjanmerkkeihin\u201d. Muuta alimpaan, \u201dLis\u00e4\u00e4 kansioon\u201d -kohtaan vaihtoehto \u201dEtusivu\u201d, ja paina OK. Kuvake tallentuu aloitusn\u00e4yt\u00f6lle.\" \/>\n<meta property=\"og:url\" content=\"https:\/\/oma.media.fi\/sipoon-sanomat\/edut\/etukaista-ohje\/\" \/>\n<meta property=\"og:site_name\" content=\"Sipoon Sanomat\" \/>\n<meta property=\"article:modified_time\" content=\"2022-01-31T09:54:42+00:00\" \/>\n<meta property=\"og:image\" content=\"https:\/\/oma.media.fi\/sipoon-sanomat\/wp-content\/uploads\/sites\/21\/2018\/11\/etukaista-ohje-iphone.jpg\" \/>\n<meta name=\"twitter:card\" content=\"summary_large_image\" \/>\n<script type=\"application\/ld+json\" class=\"yoast-schema-graph\">{\"@context\":\"https:\/\/schema.org\",\"@graph\":[{\"@type\":\"WebPage\",\"@id\":\"https:\/\/oma.media.fi\/sipoon-sanomat\/edut\/etukaista-ohje\/\",\"url\":\"https:\/\/oma.media.fi\/sipoon-sanomat\/edut\/etukaista-ohje\/\",\"name\":\"Etukaista-ohje - Sipoon Sanomat\",\"isPartOf\":{\"@id\":\"https:\/\/oma.media.fi\/sipoon-sanomat\/#website\"},\"primaryImageOfPage\":{\"@id\":\"https:\/\/oma.media.fi\/sipoon-sanomat\/edut\/etukaista-ohje\/#primaryimage\"},\"image\":{\"@id\":\"https:\/\/oma.media.fi\/sipoon-sanomat\/edut\/etukaista-ohje\/#primaryimage\"},\"thumbnailUrl\":\"https:\/\/oma.media.fi\/sipoon-sanomat\/wp-content\/uploads\/sites\/21\/2018\/11\/etukaista-ohje-iphone.jpg\",\"datePublished\":\"2018-11-20T07:05:53+00:00\",\"dateModified\":\"2022-01-31T09:54:42+00:00\",\"breadcrumb\":{\"@id\":\"https:\/\/oma.media.fi\/sipoon-sanomat\/edut\/etukaista-ohje\/#breadcrumb\"},\"inLanguage\":\"fi\",\"potentialAction\":[{\"@type\":\"ReadAction\",\"target\":[\"https:\/\/oma.media.fi\/sipoon-sanomat\/edut\/etukaista-ohje\/\"]}]},{\"@type\":\"ImageObject\",\"inLanguage\":\"fi\",\"@id\":\"https:\/\/oma.media.fi\/sipoon-sanomat\/edut\/etukaista-ohje\/#primaryimage\",\"url\":\"https:\/\/oma.media.fi\/sipoon-sanomat\/wp-content\/uploads\/sites\/21\/2018\/11\/etukaista-ohje-iphone.jpg\",\"contentUrl\":\"https:\/\/oma.media.fi\/sipoon-sanomat\/wp-content\/uploads\/sites\/21\/2018\/11\/etukaista-ohje-iphone.jpg\"},{\"@type\":\"BreadcrumbList\",\"@id\":\"https:\/\/oma.media.fi\/sipoon-sanomat\/edut\/etukaista-ohje\/#breadcrumb\",\"itemListElement\":[{\"@type\":\"ListItem\",\"position\":1,\"name\":\"Etusivu\",\"item\":\"https:\/\/oma.media.fi\/sipoon-sanomat\/\"},{\"@type\":\"ListItem\",\"position\":2,\"name\":\"Tilaajan edut\",\"item\":\"https:\/\/oma.media.fi\/sipoon-sanomat\/edut\/\"},{\"@type\":\"ListItem\",\"position\":3,\"name\":\"Etukaista-ohje\"}]},{\"@type\":\"WebSite\",\"@id\":\"https:\/\/oma.media.fi\/sipoon-sanomat\/#website\",\"url\":\"https:\/\/oma.media.fi\/sipoon-sanomat\/\",\"name\":\"Sipoon Sanomat\",\"description\":\"\",\"potentialAction\":[{\"@type\":\"SearchAction\",\"target\":{\"@type\":\"EntryPoint\",\"urlTemplate\":\"https:\/\/oma.media.fi\/sipoon-sanomat\/?s={search_term_string}\"},\"query-input\":{\"@type\":\"PropertyValueSpecification\",\"valueRequired\":true,\"valueName\":\"search_term_string\"}}],\"inLanguage\":\"fi\"}]}<\/script>\n<!-- \/ Yoast SEO plugin. -->","yoast_head_json":{"title":"Etukaista-ohje - Sipoon Sanomat","robots":{"index":"index","follow":"follow","max-snippet":"max-snippet:-1","max-image-preview":"max-image-preview:large","max-video-preview":"max-video-preview:-1"},"canonical":"https:\/\/oma.media.fi\/sipoon-sanomat\/edut\/etukaista-ohje\/","og_locale":"fi_FI","og_type":"article","og_title":"Etukaista-ohje","og_description":"Kuvallinen ohje\u00a0Iphone: Kuvallinen ohje\u00a0Android: Huawei: Avaa tekstiviestiss\u00e4 saapuva linkki. Valitse avautuvan sivun oikeasta yl\u00e4kulmasta valikko (kolme pistett\u00e4, kts. Android-ohjeen ensimm\u00e4inen ruutu). Klikkaa valikon yl\u00e4laidasta t\u00e4hti-merkki, jolloin avautuu sivu \u201dLis\u00e4\u00e4 sivu kirjanmerkkeihin\u201d. Muuta alimpaan, \u201dLis\u00e4\u00e4 kansioon\u201d -kohtaan vaihtoehto \u201dEtusivu\u201d, ja paina OK. Kuvake tallentuu aloitusn\u00e4yt\u00f6lle.","og_url":"https:\/\/oma.media.fi\/sipoon-sanomat\/edut\/etukaista-ohje\/","og_site_name":"Sipoon Sanomat","article_modified_time":"2022-01-31T09:54:42+00:00","og_image":[{"url":"https:\/\/oma.media.fi\/sipoon-sanomat\/wp-content\/uploads\/sites\/21\/2018\/11\/etukaista-ohje-iphone.jpg","type":"","width":"","height":""}],"twitter_card":"summary_large_image","schema":{"@context":"https:\/\/schema.org","@graph":[{"@type":"WebPage","@id":"https:\/\/oma.media.fi\/sipoon-sanomat\/edut\/etukaista-ohje\/","url":"https:\/\/oma.media.fi\/sipoon-sanomat\/edut\/etukaista-ohje\/","name":"Etukaista-ohje - Sipoon Sanomat","isPartOf":{"@id":"https:\/\/oma.media.fi\/sipoon-sanomat\/#website"},"primaryImageOfPage":{"@id":"https:\/\/oma.media.fi\/sipoon-sanomat\/edut\/etukaista-ohje\/#primaryimage"},"image":{"@id":"https:\/\/oma.media.fi\/sipoon-sanomat\/edut\/etukaista-ohje\/#primaryimage"},"thumbnailUrl":"https:\/\/oma.media.fi\/sipoon-sanomat\/wp-content\/uploads\/sites\/21\/2018\/11\/etukaista-ohje-iphone.jpg","datePublished":"2018-11-20T07:05:53+00:00","dateModified":"2022-01-31T09:54:42+00:00","breadcrumb":{"@id":"https:\/\/oma.media.fi\/sipoon-sanomat\/edut\/etukaista-ohje\/#breadcrumb"},"inLanguage":"fi","potentialAction":[{"@type":"ReadAction","target":["https:\/\/oma.media.fi\/sipoon-sanomat\/edut\/etukaista-ohje\/"]}]},{"@type":"ImageObject","inLanguage":"fi","@id":"https:\/\/oma.media.fi\/sipoon-sanomat\/edut\/etukaista-ohje\/#primaryimage","url":"https:\/\/oma.media.fi\/sipoon-sanomat\/wp-content\/uploads\/sites\/21\/2018\/11\/etukaista-ohje-iphone.jpg","contentUrl":"https:\/\/oma.media.fi\/sipoon-sanomat\/wp-content\/uploads\/sites\/21\/2018\/11\/etukaista-ohje-iphone.jpg"},{"@type":"BreadcrumbList","@id":"https:\/\/oma.media.fi\/sipoon-sanomat\/edut\/etukaista-ohje\/#breadcrumb","itemListElement":[{"@type":"ListItem","position":1,"name":"Etusivu","item":"https:\/\/oma.media.fi\/sipoon-sanomat\/"},{"@type":"ListItem","position":2,"name":"Tilaajan edut","item":"https:\/\/oma.media.fi\/sipoon-sanomat\/edut\/"},{"@type":"ListItem","position":3,"name":"Etukaista-ohje"}]},{"@type":"WebSite","@id":"https:\/\/oma.media.fi\/sipoon-sanomat\/#website","url":"https:\/\/oma.media.fi\/sipoon-sanomat\/","name":"Sipoon Sanomat","description":"","potentialAction":[{"@type":"SearchAction","target":{"@type":"EntryPoint","urlTemplate":"https:\/\/oma.media.fi\/sipoon-sanomat\/?s={search_term_string}"},"query-input":{"@type":"PropertyValueSpecification","valueRequired":true,"valueName":"search_term_string"}}],"inLanguage":"fi"}]}},"publishpress_future_action":{"enabled":false,"date":"2026-05-11 06:07:19","action":"change-status","newStatus":"draft","terms":[],"taxonomy":"","extraData":[]},"publishpress_future_workflow_manual_trigger":{"enabledWorkflows":[]},"_links":{"self":[{"href":"https:\/\/oma.media.fi\/sipoon-sanomat\/wp-json\/wp\/v2\/pages\/548","targetHints":{"allow":["GET"]}}],"collection":[{"href":"https:\/\/oma.media.fi\/sipoon-sanomat\/wp-json\/wp\/v2\/pages"}],"about":[{"href":"https:\/\/oma.media.fi\/sipoon-sanomat\/wp-json\/wp\/v2\/types\/page"}],"author":[{"embeddable":true,"href":"https:\/\/oma.media.fi\/sipoon-sanomat\/wp-json\/wp\/v2\/users\/1"}],"replies":[{"embeddable":true,"href":"https:\/\/oma.media.fi\/sipoon-sanomat\/wp-json\/wp\/v2\/comments?post=548"}],"version-history":[{"count":8,"href":"https:\/\/oma.media.fi\/sipoon-sanomat\/wp-json\/wp\/v2\/pages\/548\/revisions"}],"predecessor-version":[{"id":12753,"href":"https:\/\/oma.media.fi\/sipoon-sanomat\/wp-json\/wp\/v2\/pages\/548\/revisions\/12753"}],"up":[{"embeddable":true,"href":"https:\/\/oma.media.fi\/sipoon-sanomat\/wp-json\/wp\/v2\/pages\/42"}],"wp:attachment":[{"href":"https:\/\/oma.media.fi\/sipoon-sanomat\/wp-json\/wp\/v2\/media?parent=548"}],"curies":[{"name":"wp","href":"https:\/\/api.w.org\/{rel}","templated":true}]}}