{"id":26,"date":"2018-10-17T13:17:59","date_gmt":"2018-10-17T10:17:59","guid":{"rendered":"https:\/\/oma.media.fi\/sisa-savo\/yhteystiedot\/"},"modified":"2026-04-13T12:27:18","modified_gmt":"2026-04-13T09:27:18","slug":"yhteystiedot","status":"publish","type":"page","link":"https:\/\/oma.media.fi\/sisa-savo\/yhteystiedot\/","title":{"rendered":"Yhteystiedot"},"content":{"rendered":"<div class=\"text-block\">\n<h2>Tilaukset<\/h2>\n<p>Digipalvelut, osoitteenmuutokset, jakelunkeskeytykset, asiakastietojen muutokset<br \/>\nsek\u00e4 tilauslaskutus ja muut tilauksiin liittyv\u00e4t asiat.<\/p>\n<p><a href=\"https:\/\/oma.media.fi\/sisa-savo\/\"><strong>Asiakaspalvelua verkossa 24\/7<\/strong><\/a><\/p>\n<h2>Lukijailmoitukset<\/h2>\n<p>J\u00e4rjest\u00f6ilmoitukset, luokitellut ilmoitukset, perheilmoitukset, kuolinilmoitukset ja surukiitokset<\/p>\n<p><strong>J\u00e4t\u00e4 ilmoitus 24\/7 <\/strong><a href=\"https:\/\/oma.media.fi\/sisa-savo\/ilmoita\/\" target=\"_blank\" rel=\"noopener\"><strong>sisa-savolehti.fi\/ilmoita<\/strong><\/a><\/p>\n<h2>Asiakaspalvelu<\/h2>\n<p>Tilauksiin ja lukijailmoituksiin liittyv\u00e4t asiat.<\/p>\n<p><strong>Puhelinpalvelu <\/strong>014 622 133<br \/>\nAvoinna: ma-pe klo 8.00-18.00<\/p>\n<p>Tallennamme puhelut asiakaspalvelutapahtumien varmentamiseksi<br \/>\nsek\u00e4 asiakaspalvelun koulutusta varten. Puhelun hinta mpm\/pvm, jonotus on maksullista.<\/p>\n<p><a class=\"button\" href=\"https:\/\/oma.media.fi\/sisa-savo\/yhteystiedot\/ota-yhteytta\/\" target=\"_blank\" rel=\"noopener\">Ota yhteytt\u00e4 asiakaspalveluun<\/a><\/p>\n<\/div>\n<div class=\"text-block\">\n<h2><strong>Jakelu, jakeluh\u00e4iri\u00f6t ja puuttuvat lehdet<\/strong><\/h2>\n<p><a class=\"button\" href=\"https:\/\/oma.media.fi\/sisa-savo\/yhteystiedot\/jakelupalaute\/\" target=\"_blank\" rel=\"noopener\">Ilmoita jakeluvirheest\u00e4<\/a><\/p>\n<p><strong>Postin varhaisjakelu<\/strong><br \/>\np. 0100 4090 (pvm\/mpm), jonotus on maksullista<br \/>\nma-pe klo 6.30-16.00, la-su klo 6.30-12.00<\/p>\n<p>Varhaisjakelu toimittaa puuttuneen lehden seuraavan aamun jakelussa.<\/p>\n<p><strong>Postin perusjakelu, kaikki perusjakelun paikkakunnat<\/strong><br \/>\np. 0100 5577 (pvm\/mpm), jonotus on maksullista<br \/>\nma-pe klo 8.00-16.00<\/p>\n<p><strong>Heittolaatikkojakelu<\/strong> ota yhteys <a href=\"https:\/\/oma.media.fi\/yhteystiedot\/ota-yhteytta\/\" target=\"_blank\" rel=\"noopener\">asiakaspalveluun<\/a><\/p>\n<\/div>\n<div class=\"text-block\">\n<h2>Medialaskutus<\/h2>\n<p>Ilmoituslaskutus<br \/>\np. 09 2730 0230 (pvm\/mpm), ma-pe 9.00-14.00<br \/>\n<a href=\"ma&#105;&#108;&#x74;&#x6f;&#x3a;&#x6c;as&#107;&#117;&#x74;&#x75;&#x73;&#x2e;ke&#115;&#107;&#105;&#x73;&#x75;&#x6f;&#x6d;al&#97;&#105;&#x6e;&#x65;&#x6e;&#x6d;ed&#105;&#97;&#x40;&#x6d;&#x65;&#x64;ia&#46;&#102;&#105;\">&#108;&#x61;&#115;&#x6b;u&#116;&#x75;&#115;&#x2e;k&#x65;s&#107;&#x69;&#115;&#x75;o&#x6d;&#x61;&#108;&#x61;i&#x6e;e&#110;&#x6d;&#101;&#x64;i&#x61;&#64;&#109;&#x65;&#100;&#x69;a&#46;&#x66;&#105;<\/a><\/p>\n<\/div>\n<div class=\"text-block\">\n<h2>Mediamyynti<\/h2>\n<p>Mediamyynnin yhteystiedot l\u00f6yd\u00e4t <a href=\"https:\/\/meks.fi\/yhteystiedot\/\" target=\"_blank\" rel=\"noopener\">mediamyynnin sivuilta<\/a>.<\/p>\n<p>Aineistojen toimitusosoitteet l\u00f6yd\u00e4t <a href=\"https:\/\/meks.fi\/aineisto-ohjeet\/\" target=\"_blank\" rel=\"noopener\">t\u00e4\u00e4lt\u00e4<\/a>.<\/p>\n<\/div>\n<div class=\"text-block\">\n<h2>Toimitus<\/h2>\n<p>Iisvedentie 3, 77600 Suonenjoki, k\u00e4ynti Ainonkadun puolelta<\/p>\n<p><a href=\"&#x6d;&#97;i&#x6c;&#116;&#111;&#x3a;&#x75;&#117;t&#x69;&#115;e&#x74;&#x40;&#115;i&#x73;&#97;-&#x73;&#x61;&#118;o&#x6c;&#101;h&#x74;&#x69;&#46;f&#x69;\" target=\"_blank\" rel=\"noopener\">&#x75;&#117;t&#x69;&#115;&#101;&#x74;&#x40;&#115;i&#x73;&#97;-&#x73;&#x61;&#118;o&#x6c;&#101;h&#x74;&#x69;&#46;f&#x69;<\/a><br \/>\nSuorat s\u00e4hk\u00f6postit: e&#116;&#117;&#x6e;&#x69;&#x6d;&#x69;&#46;&#115;&#117;&#107;&#x75;&#x6e;&#x69;mi&#64;&#115;&#x69;&#x73;&#x61;-s&#97;&#118;&#x6f;&#x6c;&#x65;ht&#105;&#46;&#x66;&#x69;<\/p>\n<p><a class=\"button\" href=\"https:\/\/oma.media.fi\/sisa-savo\/yhteystiedot\/juttuvinkki\/\" target=\"_blank\" rel=\"noopener\">J\u00e4t\u00e4 juttuvinkki<\/a><\/p>\n<p><strong>P\u00e4ivi Taskinen-Kekki<br \/>\n<\/strong><strong>p\u00e4\u00e4toimittaja<\/strong><br \/>\np. 044 406 3628<\/p>\n<p><strong>P\u00e4ivi Halonen<br \/>\n<\/strong><strong>toimittaja<\/strong><br \/>\np. 040 688 8527<\/p>\n<p><span class=\"ui-provider hf bgf bch cgo cgp cgq cgr cgs cgt cgu cgv cgw cgx cgy cgz cha chb chc chd che chf chg chh chi chj chk chl chm chn cho chp chq chr chs cht\" dir=\"ltr\"><strong>Helena Nyman<\/strong><br \/>\n<strong>toimittaja<\/strong><br \/>\np. 044 406 2140<\/span><\/p>\n<p>Kaikki sis\u00e4ll\u00f6t voidaan julkaista kaikissa Mediakonserni Keskisuomalaisen medioissa.<\/p>\n<\/div>\n<div class=\"text-block\">\n<h2>Palaute<\/h2>\n<p><a class=\"button\" href=\"https:\/\/oma.media.fi\/sisa-savo\/yhteystiedot\/anna-palautetta\/\" target=\"_blank\" rel=\"noopener\">Anna palautetta<\/a><\/p>\n<\/div>\n","protected":false},"excerpt":{"rendered":"<p>Tilaukset Digipalvelut, osoitteenmuutokset, jakelunkeskeytykset, asiakastietojen muutokset sek\u00e4 tilauslaskutus ja muut tilauksiin liittyv\u00e4t asiat. Asiakaspalvelua verkossa 24\/7 Lukijailmoitukset J\u00e4rjest\u00f6ilmoitukset, luokitellut ilmoitukset, perheilmoitukset, kuolinilmoitukset ja surukiitokset J\u00e4t\u00e4 ilmoitus 24\/7 sisa-savolehti.fi\/ilmoita Asiakaspalvelu Tilauksiin ja lukijailmoituksiin liittyv\u00e4t asiat. Puhelinpalvelu 014 622 133 Avoinna: ma-pe klo 8.00-18.00 Tallennamme puhelut asiakaspalvelutapahtumien varmentamiseksi sek\u00e4 asiakaspalvelun koulutusta varten. Puhelun hinta mpm\/pvm, jonotus on [&hellip;]<\/p>\n","protected":false},"author":1,"featured_media":0,"parent":0,"menu_order":0,"comment_status":"closed","ping_status":"closed","template":"","meta":{"_acf_changed":false,"footnotes":""},"class_list":["post-26","page","type-page","status-publish","hentry"],"acf":[],"yoast_head":"<!-- This site is optimized with the Yoast SEO plugin v26.2 - https:\/\/yoast.com\/wordpress\/plugins\/seo\/ -->\n<title>Yhteystiedot - Paikallislehti Sis\u00e4-Savo<\/title>\n<meta name=\"description\" content=\"Etsitk\u00f6 yhteystietoja vai haluatko antaa palautetta? Mediatalo Keskisuomalaisen asiakaspalveluiden yhteystiedot, palautekanavat ja juttuvinkit.\" \/>\n<meta name=\"robots\" content=\"index, follow, max-snippet:-1, max-image-preview:large, max-video-preview:-1\" \/>\n<link rel=\"canonical\" href=\"https:\/\/oma.media.fi\/sisa-savo\/yhteystiedot\/\" \/>\n<meta property=\"og:locale\" content=\"fi_FI\" \/>\n<meta property=\"og:type\" content=\"article\" \/>\n<meta property=\"og:title\" content=\"Yhteystiedot\" \/>\n<meta property=\"og:description\" content=\"Etsitk\u00f6 yhteystietoja vai haluatko antaa palautetta? Mediatalo Keskisuomalaisen asiakaspalveluiden yhteystiedot, palautekanavat ja juttuvinkit.\" \/>\n<meta property=\"og:url\" content=\"https:\/\/oma.media.fi\/sisa-savo\/yhteystiedot\/\" \/>\n<meta property=\"og:site_name\" content=\"Paikallislehti Sis\u00e4-Savo\" \/>\n<meta property=\"article:modified_time\" content=\"2026-04-13T09:27:18+00:00\" \/>\n<meta name=\"twitter:card\" content=\"summary_large_image\" \/>\n<meta name=\"twitter:label1\" content=\"Arvioitu lukuaika\" \/>\n\t<meta name=\"twitter:data1\" content=\"2 minuuttia\" \/>\n<script type=\"application\/ld+json\" class=\"yoast-schema-graph\">{\"@context\":\"https:\/\/schema.org\",\"@graph\":[{\"@type\":\"WebPage\",\"@id\":\"https:\/\/oma.media.fi\/sisa-savo\/yhteystiedot\/\",\"url\":\"https:\/\/oma.media.fi\/sisa-savo\/yhteystiedot\/\",\"name\":\"Yhteystiedot - Paikallislehti Sis\u00e4-Savo\",\"isPartOf\":{\"@id\":\"https:\/\/oma.media.fi\/sisa-savo\/#website\"},\"datePublished\":\"2018-10-17T10:17:59+00:00\",\"dateModified\":\"2026-04-13T09:27:18+00:00\",\"description\":\"Etsitk\u00f6 yhteystietoja vai haluatko antaa palautetta? Mediatalo Keskisuomalaisen asiakaspalveluiden yhteystiedot, palautekanavat ja juttuvinkit.\",\"breadcrumb\":{\"@id\":\"https:\/\/oma.media.fi\/sisa-savo\/yhteystiedot\/#breadcrumb\"},\"inLanguage\":\"fi\",\"potentialAction\":[{\"@type\":\"ReadAction\",\"target\":[\"https:\/\/oma.media.fi\/sisa-savo\/yhteystiedot\/\"]}]},{\"@type\":\"BreadcrumbList\",\"@id\":\"https:\/\/oma.media.fi\/sisa-savo\/yhteystiedot\/#breadcrumb\",\"itemListElement\":[{\"@type\":\"ListItem\",\"position\":1,\"name\":\"Etusivu\",\"item\":\"https:\/\/oma.media.fi\/sisa-savo\/\"},{\"@type\":\"ListItem\",\"position\":2,\"name\":\"Yhteystiedot\"}]},{\"@type\":\"WebSite\",\"@id\":\"https:\/\/oma.media.fi\/sisa-savo\/#website\",\"url\":\"https:\/\/oma.media.fi\/sisa-savo\/\",\"name\":\"Paikallislehti Sis\u00e4-Savo\",\"description\":\"\",\"potentialAction\":[{\"@type\":\"SearchAction\",\"target\":{\"@type\":\"EntryPoint\",\"urlTemplate\":\"https:\/\/oma.media.fi\/sisa-savo\/?s={search_term_string}\"},\"query-input\":{\"@type\":\"PropertyValueSpecification\",\"valueRequired\":true,\"valueName\":\"search_term_string\"}}],\"inLanguage\":\"fi\"}]}<\/script>\n<!-- \/ Yoast SEO plugin. -->","yoast_head_json":{"title":"Yhteystiedot - Paikallislehti Sis\u00e4-Savo","description":"Etsitk\u00f6 yhteystietoja vai haluatko antaa palautetta? Mediatalo Keskisuomalaisen asiakaspalveluiden yhteystiedot, palautekanavat ja juttuvinkit.","robots":{"index":"index","follow":"follow","max-snippet":"max-snippet:-1","max-image-preview":"max-image-preview:large","max-video-preview":"max-video-preview:-1"},"canonical":"https:\/\/oma.media.fi\/sisa-savo\/yhteystiedot\/","og_locale":"fi_FI","og_type":"article","og_title":"Yhteystiedot","og_description":"Etsitk\u00f6 yhteystietoja vai haluatko antaa palautetta? Mediatalo Keskisuomalaisen asiakaspalveluiden yhteystiedot, palautekanavat ja juttuvinkit.","og_url":"https:\/\/oma.media.fi\/sisa-savo\/yhteystiedot\/","og_site_name":"Paikallislehti Sis\u00e4-Savo","article_modified_time":"2026-04-13T09:27:18+00:00","twitter_card":"summary_large_image","twitter_misc":{"Arvioitu lukuaika":"2 minuuttia"},"schema":{"@context":"https:\/\/schema.org","@graph":[{"@type":"WebPage","@id":"https:\/\/oma.media.fi\/sisa-savo\/yhteystiedot\/","url":"https:\/\/oma.media.fi\/sisa-savo\/yhteystiedot\/","name":"Yhteystiedot - Paikallislehti Sis\u00e4-Savo","isPartOf":{"@id":"https:\/\/oma.media.fi\/sisa-savo\/#website"},"datePublished":"2018-10-17T10:17:59+00:00","dateModified":"2026-04-13T09:27:18+00:00","description":"Etsitk\u00f6 yhteystietoja vai haluatko antaa palautetta? Mediatalo Keskisuomalaisen asiakaspalveluiden yhteystiedot, palautekanavat ja juttuvinkit.","breadcrumb":{"@id":"https:\/\/oma.media.fi\/sisa-savo\/yhteystiedot\/#breadcrumb"},"inLanguage":"fi","potentialAction":[{"@type":"ReadAction","target":["https:\/\/oma.media.fi\/sisa-savo\/yhteystiedot\/"]}]},{"@type":"BreadcrumbList","@id":"https:\/\/oma.media.fi\/sisa-savo\/yhteystiedot\/#breadcrumb","itemListElement":[{"@type":"ListItem","position":1,"name":"Etusivu","item":"https:\/\/oma.media.fi\/sisa-savo\/"},{"@type":"ListItem","position":2,"name":"Yhteystiedot"}]},{"@type":"WebSite","@id":"https:\/\/oma.media.fi\/sisa-savo\/#website","url":"https:\/\/oma.media.fi\/sisa-savo\/","name":"Paikallislehti Sis\u00e4-Savo","description":"","potentialAction":[{"@type":"SearchAction","target":{"@type":"EntryPoint","urlTemplate":"https:\/\/oma.media.fi\/sisa-savo\/?s={search_term_string}"},"query-input":{"@type":"PropertyValueSpecification","valueRequired":true,"valueName":"search_term_string"}}],"inLanguage":"fi"}]}},"publishpress_future_action":{"enabled":false,"date":"2026-05-14 15:50:35","action":"change-status","newStatus":"draft","terms":[],"taxonomy":"","extraData":[]},"publishpress_future_workflow_manual_trigger":{"enabledWorkflows":[]},"_links":{"self":[{"href":"https:\/\/oma.media.fi\/sisa-savo\/wp-json\/wp\/v2\/pages\/26","targetHints":{"allow":["GET"]}}],"collection":[{"href":"https:\/\/oma.media.fi\/sisa-savo\/wp-json\/wp\/v2\/pages"}],"about":[{"href":"https:\/\/oma.media.fi\/sisa-savo\/wp-json\/wp\/v2\/types\/page"}],"author":[{"embeddable":true,"href":"https:\/\/oma.media.fi\/sisa-savo\/wp-json\/wp\/v2\/users\/1"}],"replies":[{"embeddable":true,"href":"https:\/\/oma.media.fi\/sisa-savo\/wp-json\/wp\/v2\/comments?post=26"}],"version-history":[{"count":94,"href":"https:\/\/oma.media.fi\/sisa-savo\/wp-json\/wp\/v2\/pages\/26\/revisions"}],"predecessor-version":[{"id":14866,"href":"https:\/\/oma.media.fi\/sisa-savo\/wp-json\/wp\/v2\/pages\/26\/revisions\/14866"}],"wp:attachment":[{"href":"https:\/\/oma.media.fi\/sisa-savo\/wp-json\/wp\/v2\/media?parent=26"}],"curies":[{"name":"wp","href":"https:\/\/api.w.org\/{rel}","templated":true}]}}