{"id":26,"date":"2018-10-17T13:17:59","date_gmt":"2018-10-17T10:17:59","guid":{"rendered":"https:\/\/oma.media.fi\/sisa-suomen-lehti\/yhteystiedot\/"},"modified":"2026-04-13T12:03:33","modified_gmt":"2026-04-13T09:03:33","slug":"yhteystiedot","status":"publish","type":"page","link":"https:\/\/oma.media.fi\/sisa-suomen-lehti\/yhteystiedot\/","title":{"rendered":"Yhteystiedot"},"content":{"rendered":"<div class=\"text-block\">\n<h2>Tilaukset<\/h2>\n<p>Digipalvelut, osoitteenmuutokset, jakelunkeskeytykset, asiakastietojen muutokset<br \/>\nsek\u00e4 tilauslaskutus ja muut tilauksiin liittyv\u00e4t asiat.<\/p>\n<p><a href=\"https:\/\/oma.media.fi\/sisa-suomen-lehti\/\" target=\"_blank\" rel=\"noopener\"><strong>Asiakaspalvelua verkossa 24\/7<\/strong><\/a><\/p>\n<p>&nbsp;<\/p>\n<h2>Lukijailmoitukset<\/h2>\n<p>J\u00e4rjest\u00f6ilmoitukset, luokitellut ilmoitukset, perheilmoitukset, kuolinilmoitukset ja surukiitokset<\/p>\n<p><strong>J\u00e4t\u00e4 ilmoitus 24\/7 <\/strong><a href=\"https:\/\/oma.media.fi\/sisa-suomen-lehti\/ilmoita\/\" target=\"_blank\" rel=\"noopener\"><strong>sisasuomenlehti.fi\/ilmoita<\/strong><\/a><\/p>\n<p>&nbsp;<\/p>\n<h2>Asiakaspalvelu<\/h2>\n<p>Tilauksiin ja lukijailmoituksiin liittyv\u00e4t asiat.<\/p>\n<p><strong>Puhelinpalvelu <\/strong>014 622 133<br \/>\nAvoinna: ma-pe klo 8.00-18.00<\/p>\n<p>Tallennamme puhelut asiakaspalvelutapahtumien varmentamiseksi<br \/>\nsek\u00e4 asiakaspalvelun koulutusta varten. Puhelun hinta mpm\/pvm, jonotus on maksullista.<\/p>\n<p>Toimipisteess\u00e4 ei ole tiskiasiakaspalvelua<strong><br \/>\nPostiosoite:<\/strong> Kauppakatu 8 C 2, 44100 \u00c4\u00e4nekoski<\/p>\n<p><strong>\u00a0<\/strong><a class=\"button\" href=\"https:\/\/oma.media.fi\/sisa-suomen-lehti\/yhteystiedot\/ota-yhteytta\/\" target=\"_blank\" rel=\"noopener\">Ota yhteytt\u00e4 asiakaspalveluun<\/a><\/p>\n<\/div>\n<div class=\"text-block\">\n<h2>Jakelu ja jakelup\u00e4ivystys<\/h2>\n<p><a class=\"button\" href=\"https:\/\/oma.media.fi\/sisa-suomen-lehti\/yhteystiedot\/jakelupalaute\/\" target=\"_blank\" rel=\"noopener\">Ilmoita jakeluvirheest\u00e4<\/a><\/p>\n<p><strong>Postin varhaisjakelu:<\/strong><br \/>\n0200 25200 (pvm\/mpm), jonotus on maksullista<br \/>\nark. klo 6.30-16, la klo 7-12, su 8-12.<\/p>\n<p>Varhaisjakelu toimittaa puuttuneen lehden seuraavan aamun jakelussa.<\/p>\n<\/div>\n<div class=\"text-block\">\n<h2>Medialaskutus<\/h2>\n<p>Ilmoituslaskutus<br \/>\np. 09 2730 0230 (pvm\/mpm), ma-pe 9.00-14.00<br \/>\n<a href=\"&#x6d;&#x61;&#x69;&#x6c;&#x74;&#x6f;&#x3a;&#x6c;&#x61;&#x73;&#x6b;&#x75;&#x74;&#x75;&#x73;&#x2e;&#x6b;&#x65;&#x73;&#x6b;&#x69;&#x73;&#117;&#111;&#109;&#97;&#108;&#97;&#105;&#110;&#101;&#110;&#109;&#101;&#100;&#105;&#97;&#64;media&#46;fi\">&#108;&#97;&#x73;&#x6b;&#117;&#116;&#x75;&#x73;&#46;&#107;&#x65;&#x73;&#107;&#105;&#x73;&#x75;&#111;&#109;&#x61;&#x6c;&#97;&#105;&#x6e;&#x65;&#110;&#109;&#x65;&#x64;&#105;&#97;&#x40;&#x6d;&#101;&#100;&#x69;&#x61;&#46;&#102;&#x69;<\/a><\/p>\n<\/div>\n<div class=\"text-block\">\n<h2>Mediamyynti<\/h2>\n<h3>Tuula Aarniovuori<\/h3>\n<p>Puh. 040 573 4998, <a href=\"&#109;&#97;&#x69;&#x6c;&#116;&#111;&#x3a;&#x74;&#117;&#117;&#x6c;&#x61;&#46;&#97;&#x61;&#x72;&#110;&#105;&#x6f;&#x76;&#117;&#111;&#x72;&#x69;&#64;&#109;&#x65;&#x64;&#105;&#97;&#x2e;&#x66;&#105;\" target=\"_blank\" rel=\"noopener\">&#x74;&#117;u&#x6c;&#97;&#46;&#x61;&#x61;&#114;n&#x69;&#111;v&#x75;&#x6f;&#114;i&#x40;&#109;e&#x64;&#x69;&#97;&#46;&#x66;&#105;<\/a><\/p>\n<p>Mediamyynnin yhteystiedot l\u00f6yd\u00e4t <a href=\"https:\/\/meks.fi\/yhteystiedot\/keski-suomi?pg=1\" target=\"_blank\" rel=\"noopener\">mediamyynnin sivuilta<\/a>.<\/p>\n<\/div>\n<div class=\"text-block\">\n<h2>Toimitus<\/h2>\n<p><a href=\"&#x6d;&#x61;&#x69;&#x6c;&#116;&#111;:to&#x69;&#x6d;&#x69;&#x74;&#117;&#115;&#64;si&#x73;&#x61;&#x73;&#x75;&#111;&#109;&#101;nl&#x65;&#x68;&#x74;&#x69;&#46;&#102;&#105;\">toimit&#117;&#115;&#64;&#115;&#105;&#115;&#97;&#x73;&#x75;&#x6f;&#x6d;&#x65;&#x6e;&#x6c;&#x65;&#x68;&#x74;&#x69;&#x2e;fi<\/a><br \/>\nSuorat s\u00e4hk\u00f6postit: &#x65;&#116;&#117;n&#x69;&#x6d;&#105;&#46;&#x73;&#x75;&#107;u&#x6e;&#x69;&#109;i&#x40;&#x73;&#105;s&#x61;&#x73;&#117;o&#x6d;&#x65;&#110;&#108;e&#x68;&#x74;&#105;&#46;&#x66;&#x69;<\/p>\n<p>Postiosoite:<br \/>\nKauppakatu 8 C 2, 44100 \u00c4\u00e4nekoski<\/p>\n<p><a class=\"button\" href=\"https:\/\/oma.media.fi\/sisa-suomen-lehti\/yhteystiedot\/juttuvinkki\/\" target=\"_blank\" rel=\"noopener\">J\u00e4t\u00e4 juttuvinkki<\/a><\/p>\n<h3><strong>Salla Norontaus<\/strong><\/h3>\n<p><strong>P\u00e4\u00e4toimittaja<\/strong><br \/>\nPuh: 040 576 1462<\/p>\n<h3><strong>Marjo J\u00e4rvikyl\u00e4<\/strong><\/h3>\n<p><strong>toimittaja<\/strong><br \/>\nPuh: 040 487 2032<\/p>\n<h3><strong>Maria Latokartano<\/strong><\/h3>\n<p><strong>toimittaja<\/strong><br \/>\nPuh: 040 671 9700<br \/>\n<a href=\"&#109;a&#105;l&#116;o&#x3a;m&#x61;r&#x69;a&#x2e;l&#x61;t&#x6f;k&#x61;r&#x74;a&#x6e;o&#x40;&#109;&#x65;&#100;&#x69;&#97;&#x2e;&#102;&#x69;\"><span data-teams=\"true\">&#109;&#x61;r&#105;&#x61;&#46;&#108;&#x61;t&#111;&#x6b;a&#114;&#x74;&#97;&#x6e;&#x6f;&#64;&#x6d;&#x65;&#100;&#x69;a&#46;&#x66;i<\/span><\/a><\/p>\n<p>Kaikki sis\u00e4ll\u00f6t voidaan julkaista kaikissa Mediakonserni Keskisuomalaisen medioissa.<\/p>\n<\/div>\n<div class=\"text-block\">\n<h2>Vaihde<\/h2>\n<p>p. 014 622 000, ma-pe klo 8.30\u201316.00<\/p>\n<\/div>\n<div class=\"text-block\">\n<h2>Sosiaalinen media<\/h2>\n<p><a href=\"https:\/\/www.facebook.com\/sisasuomenlehti\" target=\"_blank\" rel=\"noopener noreferrer\">Facebook<\/a><\/p>\n<\/div>\n<div class=\"text-block\">\n<h2>Palaute<\/h2>\n<p><a class=\"button\" href=\"https:\/\/oma.media.fi\/sisa-suomen-lehti\/yhteystiedot\/anna-palautetta\/\" target=\"_blank\" rel=\"noopener\">Anna palautetta<\/a><\/p>\n<\/div>\n","protected":false},"excerpt":{"rendered":"<p>Tilaukset Digipalvelut, osoitteenmuutokset, jakelunkeskeytykset, asiakastietojen muutokset sek\u00e4 tilauslaskutus ja muut tilauksiin liittyv\u00e4t asiat. Asiakaspalvelua verkossa 24\/7 &nbsp; Lukijailmoitukset J\u00e4rjest\u00f6ilmoitukset, luokitellut ilmoitukset, perheilmoitukset, kuolinilmoitukset ja surukiitokset J\u00e4t\u00e4 ilmoitus 24\/7 sisasuomenlehti.fi\/ilmoita &nbsp; Asiakaspalvelu Tilauksiin ja lukijailmoituksiin liittyv\u00e4t asiat. Puhelinpalvelu 014 622 133 Avoinna: ma-pe klo 8.00-18.00 Tallennamme puhelut asiakaspalvelutapahtumien varmentamiseksi sek\u00e4 asiakaspalvelun koulutusta varten. Puhelun hinta mpm\/pvm, [&hellip;]<\/p>\n","protected":false},"author":1,"featured_media":0,"parent":0,"menu_order":0,"comment_status":"closed","ping_status":"closed","template":"","meta":{"_acf_changed":false,"footnotes":""},"class_list":["post-26","page","type-page","status-publish","hentry"],"acf":[],"yoast_head":"<!-- This site is optimized with the Yoast SEO plugin v26.2 - https:\/\/yoast.com\/wordpress\/plugins\/seo\/ -->\n<title>Yhteystiedot - Sis\u00e4-Suomen Lehti<\/title>\n<meta name=\"description\" content=\"Etsitk\u00f6 yhteystietoja vai haluatko antaa palautetta? Mediatalo Keskisuomalaisen asiakaspalveluiden yhteystiedot, palautekanavat ja juttuvinkit.\" \/>\n<meta name=\"robots\" content=\"index, follow, max-snippet:-1, max-image-preview:large, max-video-preview:-1\" \/>\n<link rel=\"canonical\" href=\"https:\/\/oma.media.fi\/sisa-suomen-lehti\/yhteystiedot\/\" \/>\n<meta property=\"og:locale\" content=\"fi_FI\" \/>\n<meta property=\"og:type\" content=\"article\" \/>\n<meta property=\"og:title\" content=\"Yhteystiedot\" \/>\n<meta property=\"og:description\" content=\"Etsitk\u00f6 yhteystietoja vai haluatko antaa palautetta? Mediatalo Keskisuomalaisen asiakaspalveluiden yhteystiedot, palautekanavat ja juttuvinkit.\" \/>\n<meta property=\"og:url\" content=\"https:\/\/oma.media.fi\/sisa-suomen-lehti\/yhteystiedot\/\" \/>\n<meta property=\"og:site_name\" content=\"Sis\u00e4-Suomen Lehti\" \/>\n<meta property=\"article:modified_time\" content=\"2026-04-13T09:03:33+00:00\" \/>\n<meta name=\"twitter:card\" content=\"summary_large_image\" \/>\n<meta name=\"twitter:label1\" content=\"Arvioitu lukuaika\" \/>\n\t<meta name=\"twitter:data1\" content=\"2 minuuttia\" \/>\n<script type=\"application\/ld+json\" class=\"yoast-schema-graph\">{\"@context\":\"https:\/\/schema.org\",\"@graph\":[{\"@type\":\"WebPage\",\"@id\":\"https:\/\/oma.media.fi\/sisa-suomen-lehti\/yhteystiedot\/\",\"url\":\"https:\/\/oma.media.fi\/sisa-suomen-lehti\/yhteystiedot\/\",\"name\":\"Yhteystiedot - Sis\u00e4-Suomen Lehti\",\"isPartOf\":{\"@id\":\"https:\/\/oma.media.fi\/sisa-suomen-lehti\/#website\"},\"datePublished\":\"2018-10-17T10:17:59+00:00\",\"dateModified\":\"2026-04-13T09:03:33+00:00\",\"description\":\"Etsitk\u00f6 yhteystietoja vai haluatko antaa palautetta? Mediatalo Keskisuomalaisen asiakaspalveluiden yhteystiedot, palautekanavat ja juttuvinkit.\",\"breadcrumb\":{\"@id\":\"https:\/\/oma.media.fi\/sisa-suomen-lehti\/yhteystiedot\/#breadcrumb\"},\"inLanguage\":\"fi\",\"potentialAction\":[{\"@type\":\"ReadAction\",\"target\":[\"https:\/\/oma.media.fi\/sisa-suomen-lehti\/yhteystiedot\/\"]}]},{\"@type\":\"BreadcrumbList\",\"@id\":\"https:\/\/oma.media.fi\/sisa-suomen-lehti\/yhteystiedot\/#breadcrumb\",\"itemListElement\":[{\"@type\":\"ListItem\",\"position\":1,\"name\":\"Etusivu\",\"item\":\"https:\/\/oma.media.fi\/sisa-suomen-lehti\/\"},{\"@type\":\"ListItem\",\"position\":2,\"name\":\"Yhteystiedot\"}]},{\"@type\":\"WebSite\",\"@id\":\"https:\/\/oma.media.fi\/sisa-suomen-lehti\/#website\",\"url\":\"https:\/\/oma.media.fi\/sisa-suomen-lehti\/\",\"name\":\"Sis\u00e4-Suomen Lehti\",\"description\":\"\",\"potentialAction\":[{\"@type\":\"SearchAction\",\"target\":{\"@type\":\"EntryPoint\",\"urlTemplate\":\"https:\/\/oma.media.fi\/sisa-suomen-lehti\/?s={search_term_string}\"},\"query-input\":{\"@type\":\"PropertyValueSpecification\",\"valueRequired\":true,\"valueName\":\"search_term_string\"}}],\"inLanguage\":\"fi\"}]}<\/script>\n<!-- \/ Yoast SEO plugin. -->","yoast_head_json":{"title":"Yhteystiedot - Sis\u00e4-Suomen Lehti","description":"Etsitk\u00f6 yhteystietoja vai haluatko antaa palautetta? Mediatalo Keskisuomalaisen asiakaspalveluiden yhteystiedot, palautekanavat ja juttuvinkit.","robots":{"index":"index","follow":"follow","max-snippet":"max-snippet:-1","max-image-preview":"max-image-preview:large","max-video-preview":"max-video-preview:-1"},"canonical":"https:\/\/oma.media.fi\/sisa-suomen-lehti\/yhteystiedot\/","og_locale":"fi_FI","og_type":"article","og_title":"Yhteystiedot","og_description":"Etsitk\u00f6 yhteystietoja vai haluatko antaa palautetta? Mediatalo Keskisuomalaisen asiakaspalveluiden yhteystiedot, palautekanavat ja juttuvinkit.","og_url":"https:\/\/oma.media.fi\/sisa-suomen-lehti\/yhteystiedot\/","og_site_name":"Sis\u00e4-Suomen Lehti","article_modified_time":"2026-04-13T09:03:33+00:00","twitter_card":"summary_large_image","twitter_misc":{"Arvioitu lukuaika":"2 minuuttia"},"schema":{"@context":"https:\/\/schema.org","@graph":[{"@type":"WebPage","@id":"https:\/\/oma.media.fi\/sisa-suomen-lehti\/yhteystiedot\/","url":"https:\/\/oma.media.fi\/sisa-suomen-lehti\/yhteystiedot\/","name":"Yhteystiedot - Sis\u00e4-Suomen Lehti","isPartOf":{"@id":"https:\/\/oma.media.fi\/sisa-suomen-lehti\/#website"},"datePublished":"2018-10-17T10:17:59+00:00","dateModified":"2026-04-13T09:03:33+00:00","description":"Etsitk\u00f6 yhteystietoja vai haluatko antaa palautetta? Mediatalo Keskisuomalaisen asiakaspalveluiden yhteystiedot, palautekanavat ja juttuvinkit.","breadcrumb":{"@id":"https:\/\/oma.media.fi\/sisa-suomen-lehti\/yhteystiedot\/#breadcrumb"},"inLanguage":"fi","potentialAction":[{"@type":"ReadAction","target":["https:\/\/oma.media.fi\/sisa-suomen-lehti\/yhteystiedot\/"]}]},{"@type":"BreadcrumbList","@id":"https:\/\/oma.media.fi\/sisa-suomen-lehti\/yhteystiedot\/#breadcrumb","itemListElement":[{"@type":"ListItem","position":1,"name":"Etusivu","item":"https:\/\/oma.media.fi\/sisa-suomen-lehti\/"},{"@type":"ListItem","position":2,"name":"Yhteystiedot"}]},{"@type":"WebSite","@id":"https:\/\/oma.media.fi\/sisa-suomen-lehti\/#website","url":"https:\/\/oma.media.fi\/sisa-suomen-lehti\/","name":"Sis\u00e4-Suomen Lehti","description":"","potentialAction":[{"@type":"SearchAction","target":{"@type":"EntryPoint","urlTemplate":"https:\/\/oma.media.fi\/sisa-suomen-lehti\/?s={search_term_string}"},"query-input":{"@type":"PropertyValueSpecification","valueRequired":true,"valueName":"search_term_string"}}],"inLanguage":"fi"}]}},"publishpress_future_action":{"enabled":false,"date":"2026-04-24 12:11:18","action":"change-status","newStatus":"draft","terms":[],"taxonomy":"","extraData":[]},"publishpress_future_workflow_manual_trigger":{"enabledWorkflows":[]},"_links":{"self":[{"href":"https:\/\/oma.media.fi\/sisa-suomen-lehti\/wp-json\/wp\/v2\/pages\/26","targetHints":{"allow":["GET"]}}],"collection":[{"href":"https:\/\/oma.media.fi\/sisa-suomen-lehti\/wp-json\/wp\/v2\/pages"}],"about":[{"href":"https:\/\/oma.media.fi\/sisa-suomen-lehti\/wp-json\/wp\/v2\/types\/page"}],"author":[{"embeddable":true,"href":"https:\/\/oma.media.fi\/sisa-suomen-lehti\/wp-json\/wp\/v2\/users\/1"}],"replies":[{"embeddable":true,"href":"https:\/\/oma.media.fi\/sisa-suomen-lehti\/wp-json\/wp\/v2\/comments?post=26"}],"version-history":[{"count":97,"href":"https:\/\/oma.media.fi\/sisa-suomen-lehti\/wp-json\/wp\/v2\/pages\/26\/revisions"}],"predecessor-version":[{"id":14789,"href":"https:\/\/oma.media.fi\/sisa-suomen-lehti\/wp-json\/wp\/v2\/pages\/26\/revisions\/14789"}],"wp:attachment":[{"href":"https:\/\/oma.media.fi\/sisa-suomen-lehti\/wp-json\/wp\/v2\/media?parent=26"}],"curies":[{"name":"wp","href":"https:\/\/api.w.org\/{rel}","templated":true}]}}