{"id":3061,"date":"2018-11-01T10:24:48","date_gmt":"2018-11-01T08:24:48","guid":{"rendered":"https:\/\/oma.media.fi\/soisalon-seutu\/edut\/tietoa-kestotilaajan-eduista\/"},"modified":"2022-01-05T10:44:42","modified_gmt":"2022-01-05T08:44:42","slug":"tietoa-kestotilaajan-eduista","status":"publish","type":"page","link":"https:\/\/oma.media.fi\/soisalon-seutu\/edut\/tietoa-kestotilaajan-eduista\/","title":{"rendered":"Tietoa kestotilaajan eduista"},"content":{"rendered":"<p>Jatkuva eli kestotilaus on voimassa niin kauan kuin itse haluat. Kestotilaus on aina pitk\u00e4ll\u00e4 t\u00e4ht\u00e4imell\u00e4 paras tilausvaihtoehto. Se joustaa monella tapaa tilanteesi mukaan. Kestotilauksen voi keskeytt\u00e4\u00e4 esimerkiksi lomamatkan ajaksi tai sen maksut voi jakaa lyhyempiin maksuv\u00e4leihin ja t\u00e4ll\u00f6in kertamaksu on pienempi. Voimme halutessasi my\u00f6s muuttaa tilausmuotoa palvelemaan tarpeitasi paremmin. Lis\u00e4ksi saat k\u00e4ytt\u00f6\u00f6si kaikki kestotilaajan edut.<\/p>\n<p><a class=\"button\" href=\"https:\/\/oma.media.fi\/soisalon-seutu\/edut\/\">Katso kestotilaajan edut t\u00e4st\u00e4!<\/a><\/p>\n","protected":false},"excerpt":{"rendered":"<p>Jatkuva eli kestotilaus on voimassa niin kauan kuin itse haluat. Kestotilaus on aina pitk\u00e4ll\u00e4 t\u00e4ht\u00e4imell\u00e4 paras tilausvaihtoehto. Se joustaa monella tapaa tilanteesi mukaan. Kestotilauksen voi keskeytt\u00e4\u00e4 esimerkiksi lomamatkan ajaksi tai sen maksut voi jakaa lyhyempiin maksuv\u00e4leihin ja t\u00e4ll\u00f6in kertamaksu on pienempi. Voimme halutessasi my\u00f6s muuttaa tilausmuotoa palvelemaan tarpeitasi paremmin. Lis\u00e4ksi saat k\u00e4ytt\u00f6\u00f6si kaikki kestotilaajan edut. [&hellip;]<\/p>\n","protected":false},"author":1,"featured_media":9872,"parent":42,"menu_order":0,"comment_status":"closed","ping_status":"closed","template":"","meta":{"_acf_changed":false,"footnotes":""},"class_list":["post-3061","page","type-page","status-publish","has-post-thumbnail","hentry"],"acf":[],"yoast_head":"<!-- This site is optimized with the Yoast SEO plugin v26.2 - https:\/\/yoast.com\/wordpress\/plugins\/seo\/ -->\n<title>Tietoa kestotilaajan eduista - Soisalon Seutu<\/title>\n<meta name=\"robots\" content=\"index, follow, max-snippet:-1, max-image-preview:large, max-video-preview:-1\" \/>\n<link rel=\"canonical\" href=\"https:\/\/oma.media.fi\/soisalon-seutu\/edut\/tietoa-kestotilaajan-eduista\/\" \/>\n<meta property=\"og:locale\" content=\"fi_FI\" \/>\n<meta property=\"og:type\" content=\"article\" \/>\n<meta property=\"og:title\" content=\"Tietoa kestotilaajan eduista\" \/>\n<meta property=\"og:description\" content=\"Jatkuva eli kestotilaus on voimassa niin kauan kuin itse haluat. Kestotilaus on aina pitk\u00e4ll\u00e4 t\u00e4ht\u00e4imell\u00e4 paras tilausvaihtoehto. Se joustaa monella tapaa tilanteesi mukaan. Kestotilauksen voi keskeytt\u00e4\u00e4 esimerkiksi lomamatkan ajaksi tai sen maksut voi jakaa lyhyempiin maksuv\u00e4leihin ja t\u00e4ll\u00f6in kertamaksu on pienempi. Voimme halutessasi my\u00f6s muuttaa tilausmuotoa palvelemaan tarpeitasi paremmin. Lis\u00e4ksi saat k\u00e4ytt\u00f6\u00f6si kaikki kestotilaajan edut. [&hellip;]\" \/>\n<meta property=\"og:url\" content=\"https:\/\/oma.media.fi\/soisalon-seutu\/edut\/tietoa-kestotilaajan-eduista\/\" \/>\n<meta property=\"og:site_name\" content=\"Soisalon Seutu\" \/>\n<meta property=\"article:modified_time\" content=\"2022-01-05T08:44:42+00:00\" \/>\n<meta property=\"og:image\" content=\"https:\/\/oma.media.fi\/soisalon-seutu\/wp-content\/uploads\/sites\/24\/2020\/03\/810x260_mobiili_farkkupoika.jpg\" \/>\n\t<meta property=\"og:image:width\" content=\"810\" \/>\n\t<meta property=\"og:image:height\" content=\"260\" \/>\n\t<meta property=\"og:image:type\" content=\"image\/jpeg\" \/>\n<meta name=\"twitter:card\" content=\"summary_large_image\" \/>\n<script type=\"application\/ld+json\" class=\"yoast-schema-graph\">{\"@context\":\"https:\/\/schema.org\",\"@graph\":[{\"@type\":\"WebPage\",\"@id\":\"https:\/\/oma.media.fi\/soisalon-seutu\/edut\/tietoa-kestotilaajan-eduista\/\",\"url\":\"https:\/\/oma.media.fi\/soisalon-seutu\/edut\/tietoa-kestotilaajan-eduista\/\",\"name\":\"Tietoa kestotilaajan eduista - Soisalon Seutu\",\"isPartOf\":{\"@id\":\"https:\/\/oma.media.fi\/soisalon-seutu\/#website\"},\"primaryImageOfPage\":{\"@id\":\"https:\/\/oma.media.fi\/soisalon-seutu\/edut\/tietoa-kestotilaajan-eduista\/#primaryimage\"},\"image\":{\"@id\":\"https:\/\/oma.media.fi\/soisalon-seutu\/edut\/tietoa-kestotilaajan-eduista\/#primaryimage\"},\"thumbnailUrl\":\"https:\/\/oma.media.fi\/soisalon-seutu\/wp-content\/uploads\/sites\/24\/2020\/03\/810x260_mobiili_farkkupoika.jpg\",\"datePublished\":\"2018-11-01T08:24:48+00:00\",\"dateModified\":\"2022-01-05T08:44:42+00:00\",\"breadcrumb\":{\"@id\":\"https:\/\/oma.media.fi\/soisalon-seutu\/edut\/tietoa-kestotilaajan-eduista\/#breadcrumb\"},\"inLanguage\":\"fi\",\"potentialAction\":[{\"@type\":\"ReadAction\",\"target\":[\"https:\/\/oma.media.fi\/soisalon-seutu\/edut\/tietoa-kestotilaajan-eduista\/\"]}]},{\"@type\":\"ImageObject\",\"inLanguage\":\"fi\",\"@id\":\"https:\/\/oma.media.fi\/soisalon-seutu\/edut\/tietoa-kestotilaajan-eduista\/#primaryimage\",\"url\":\"https:\/\/oma.media.fi\/soisalon-seutu\/wp-content\/uploads\/sites\/24\/2020\/03\/810x260_mobiili_farkkupoika.jpg\",\"contentUrl\":\"https:\/\/oma.media.fi\/soisalon-seutu\/wp-content\/uploads\/sites\/24\/2020\/03\/810x260_mobiili_farkkupoika.jpg\",\"width\":810,\"height\":260},{\"@type\":\"BreadcrumbList\",\"@id\":\"https:\/\/oma.media.fi\/soisalon-seutu\/edut\/tietoa-kestotilaajan-eduista\/#breadcrumb\",\"itemListElement\":[{\"@type\":\"ListItem\",\"position\":1,\"name\":\"Etusivu\",\"item\":\"https:\/\/oma.media.fi\/soisalon-seutu\/\"},{\"@type\":\"ListItem\",\"position\":2,\"name\":\"Tilaajan edut\",\"item\":\"https:\/\/oma.media.fi\/soisalon-seutu\/edut\/\"},{\"@type\":\"ListItem\",\"position\":3,\"name\":\"Tietoa kestotilaajan eduista\"}]},{\"@type\":\"WebSite\",\"@id\":\"https:\/\/oma.media.fi\/soisalon-seutu\/#website\",\"url\":\"https:\/\/oma.media.fi\/soisalon-seutu\/\",\"name\":\"Soisalon Seutu\",\"description\":\"\",\"potentialAction\":[{\"@type\":\"SearchAction\",\"target\":{\"@type\":\"EntryPoint\",\"urlTemplate\":\"https:\/\/oma.media.fi\/soisalon-seutu\/?s={search_term_string}\"},\"query-input\":{\"@type\":\"PropertyValueSpecification\",\"valueRequired\":true,\"valueName\":\"search_term_string\"}}],\"inLanguage\":\"fi\"}]}<\/script>\n<!-- \/ Yoast SEO plugin. -->","yoast_head_json":{"title":"Tietoa kestotilaajan eduista - Soisalon Seutu","robots":{"index":"index","follow":"follow","max-snippet":"max-snippet:-1","max-image-preview":"max-image-preview:large","max-video-preview":"max-video-preview:-1"},"canonical":"https:\/\/oma.media.fi\/soisalon-seutu\/edut\/tietoa-kestotilaajan-eduista\/","og_locale":"fi_FI","og_type":"article","og_title":"Tietoa kestotilaajan eduista","og_description":"Jatkuva eli kestotilaus on voimassa niin kauan kuin itse haluat. Kestotilaus on aina pitk\u00e4ll\u00e4 t\u00e4ht\u00e4imell\u00e4 paras tilausvaihtoehto. Se joustaa monella tapaa tilanteesi mukaan. Kestotilauksen voi keskeytt\u00e4\u00e4 esimerkiksi lomamatkan ajaksi tai sen maksut voi jakaa lyhyempiin maksuv\u00e4leihin ja t\u00e4ll\u00f6in kertamaksu on pienempi. Voimme halutessasi my\u00f6s muuttaa tilausmuotoa palvelemaan tarpeitasi paremmin. Lis\u00e4ksi saat k\u00e4ytt\u00f6\u00f6si kaikki kestotilaajan edut. [&hellip;]","og_url":"https:\/\/oma.media.fi\/soisalon-seutu\/edut\/tietoa-kestotilaajan-eduista\/","og_site_name":"Soisalon Seutu","article_modified_time":"2022-01-05T08:44:42+00:00","og_image":[{"width":810,"height":260,"url":"https:\/\/oma.media.fi\/soisalon-seutu\/wp-content\/uploads\/sites\/24\/2020\/03\/810x260_mobiili_farkkupoika.jpg","type":"image\/jpeg"}],"twitter_card":"summary_large_image","schema":{"@context":"https:\/\/schema.org","@graph":[{"@type":"WebPage","@id":"https:\/\/oma.media.fi\/soisalon-seutu\/edut\/tietoa-kestotilaajan-eduista\/","url":"https:\/\/oma.media.fi\/soisalon-seutu\/edut\/tietoa-kestotilaajan-eduista\/","name":"Tietoa kestotilaajan eduista - Soisalon Seutu","isPartOf":{"@id":"https:\/\/oma.media.fi\/soisalon-seutu\/#website"},"primaryImageOfPage":{"@id":"https:\/\/oma.media.fi\/soisalon-seutu\/edut\/tietoa-kestotilaajan-eduista\/#primaryimage"},"image":{"@id":"https:\/\/oma.media.fi\/soisalon-seutu\/edut\/tietoa-kestotilaajan-eduista\/#primaryimage"},"thumbnailUrl":"https:\/\/oma.media.fi\/soisalon-seutu\/wp-content\/uploads\/sites\/24\/2020\/03\/810x260_mobiili_farkkupoika.jpg","datePublished":"2018-11-01T08:24:48+00:00","dateModified":"2022-01-05T08:44:42+00:00","breadcrumb":{"@id":"https:\/\/oma.media.fi\/soisalon-seutu\/edut\/tietoa-kestotilaajan-eduista\/#breadcrumb"},"inLanguage":"fi","potentialAction":[{"@type":"ReadAction","target":["https:\/\/oma.media.fi\/soisalon-seutu\/edut\/tietoa-kestotilaajan-eduista\/"]}]},{"@type":"ImageObject","inLanguage":"fi","@id":"https:\/\/oma.media.fi\/soisalon-seutu\/edut\/tietoa-kestotilaajan-eduista\/#primaryimage","url":"https:\/\/oma.media.fi\/soisalon-seutu\/wp-content\/uploads\/sites\/24\/2020\/03\/810x260_mobiili_farkkupoika.jpg","contentUrl":"https:\/\/oma.media.fi\/soisalon-seutu\/wp-content\/uploads\/sites\/24\/2020\/03\/810x260_mobiili_farkkupoika.jpg","width":810,"height":260},{"@type":"BreadcrumbList","@id":"https:\/\/oma.media.fi\/soisalon-seutu\/edut\/tietoa-kestotilaajan-eduista\/#breadcrumb","itemListElement":[{"@type":"ListItem","position":1,"name":"Etusivu","item":"https:\/\/oma.media.fi\/soisalon-seutu\/"},{"@type":"ListItem","position":2,"name":"Tilaajan edut","item":"https:\/\/oma.media.fi\/soisalon-seutu\/edut\/"},{"@type":"ListItem","position":3,"name":"Tietoa kestotilaajan eduista"}]},{"@type":"WebSite","@id":"https:\/\/oma.media.fi\/soisalon-seutu\/#website","url":"https:\/\/oma.media.fi\/soisalon-seutu\/","name":"Soisalon Seutu","description":"","potentialAction":[{"@type":"SearchAction","target":{"@type":"EntryPoint","urlTemplate":"https:\/\/oma.media.fi\/soisalon-seutu\/?s={search_term_string}"},"query-input":{"@type":"PropertyValueSpecification","valueRequired":true,"valueName":"search_term_string"}}],"inLanguage":"fi"}]}},"publishpress_future_action":{"enabled":false,"date":"2026-05-11 20:08:02","action":"change-status","newStatus":"draft","terms":[],"taxonomy":"","extraData":[]},"publishpress_future_workflow_manual_trigger":{"enabledWorkflows":[]},"_links":{"self":[{"href":"https:\/\/oma.media.fi\/soisalon-seutu\/wp-json\/wp\/v2\/pages\/3061","targetHints":{"allow":["GET"]}}],"collection":[{"href":"https:\/\/oma.media.fi\/soisalon-seutu\/wp-json\/wp\/v2\/pages"}],"about":[{"href":"https:\/\/oma.media.fi\/soisalon-seutu\/wp-json\/wp\/v2\/types\/page"}],"author":[{"embeddable":true,"href":"https:\/\/oma.media.fi\/soisalon-seutu\/wp-json\/wp\/v2\/users\/1"}],"replies":[{"embeddable":true,"href":"https:\/\/oma.media.fi\/soisalon-seutu\/wp-json\/wp\/v2\/comments?post=3061"}],"version-history":[{"count":6,"href":"https:\/\/oma.media.fi\/soisalon-seutu\/wp-json\/wp\/v2\/pages\/3061\/revisions"}],"predecessor-version":[{"id":12408,"href":"https:\/\/oma.media.fi\/soisalon-seutu\/wp-json\/wp\/v2\/pages\/3061\/revisions\/12408"}],"up":[{"embeddable":true,"href":"https:\/\/oma.media.fi\/soisalon-seutu\/wp-json\/wp\/v2\/pages\/42"}],"wp:featuredmedia":[{"embeddable":true,"href":"https:\/\/oma.media.fi\/soisalon-seutu\/wp-json\/wp\/v2\/media\/9872"}],"wp:attachment":[{"href":"https:\/\/oma.media.fi\/soisalon-seutu\/wp-json\/wp\/v2\/media?parent=3061"}],"curies":[{"name":"wp","href":"https:\/\/api.w.org\/{rel}","templated":true}]}}