{"id":26,"date":"2018-10-17T13:17:59","date_gmt":"2018-10-17T10:17:59","guid":{"rendered":"https:\/\/oma.media.fi\/uusimaa\/yhteystiedot\/"},"modified":"2026-04-13T11:59:55","modified_gmt":"2026-04-13T08:59:55","slug":"yhteystiedot","status":"publish","type":"page","link":"https:\/\/oma.media.fi\/uusimaa\/yhteystiedot\/","title":{"rendered":"Yhteystiedot"},"content":{"rendered":"<div class=\"text-block\">\n<h2>Tilaukset<\/h2>\n<p>Digipalvelut, osoitteenmuutokset, jakelunkeskeytykset, asiakastietojen muutokset<br \/>\nsek\u00e4 tilauslaskutus ja muut tilauksiin liittyv\u00e4t asiat.<\/p>\n<p><a href=\"https:\/\/oma.media.fi\/uusimaa\/\" target=\"_blank\" rel=\"noopener\"><strong>Asiakaspalvelua verkossa 24\/7<\/strong><\/a><\/p>\n<h2>Lukijailmoitukset<\/h2>\n<p>J\u00e4rjest\u00f6ilmoitukset, luokitellut ilmoitukset, perheilmoitukset, kuolinilmoitukset ja surukiitokset<\/p>\n<p><strong>J\u00e4t\u00e4 ilmoitus 24\/7 <\/strong><a href=\"https:\/\/oma.media.fi\/uusimaa\/ilmoita\/\" target=\"_blank\" rel=\"noopener\"><strong>uusimaa.fi\/ilmoita<\/strong><\/a><\/p>\n<h2>Asiakaspalvelu<\/h2>\n<p>Tilauksiin ja lukijailmoituksiin liittyv\u00e4t asiat.<\/p>\n<p><strong>Puhelinpalvelu<\/strong> 014 622 133<br \/>\nAvoinna: ma-pe klo 8.00-18.00<\/p>\n<p>Tallennamme puhelut asiakaspalvelutapahtumien varmentamiseksi<br \/>\nsek\u00e4 asiakaspalvelun koulutusta varten. Puhelun hinta mpm\/pvm, jonotus on maksullista.<\/p>\n<p><a class=\"button\" href=\"https:\/\/oma.media.fi\/uusimaa\/yhteystiedot\/ota-yhteytta\/\" target=\"_blank\" rel=\"noopener\">Ota yhteytt\u00e4 asiakaspalveluun<\/a><\/p>\n<\/div>\n<div class=\"text-block\">\n<h2>Jakelu ja jakelup\u00e4ivystys<\/h2>\n<p><a class=\"button\" href=\"https:\/\/oma.media.fi\/uusimaa\/yhteystiedot\/jakelupalaute\/\" target=\"_blank\" rel=\"noopener\">Ilmoita jakeluvirheest\u00e4<\/a><\/p>\n<p><strong>Varhaisjakelu toimittaa puuttuneen lehden seuraavan aamun jakelussa.<\/strong><\/p>\n<p><strong>Porvoo, Askola, Sipoo, Pukkila<br \/>\n<\/strong>06 784 8931 (pvm\/mpm) ark. klo 6-8, la-su klo 6-10<\/p>\n<p><strong>Myrskyl\u00e4<br \/>\n<\/strong>0200 30011 (pvm\/mpm) ark. klo 6.30\u201316, la klo 7-12<\/p>\n<p><strong>Lehti p\u00e4iv\u00e4postin jakelussa<br \/>\n<\/strong>ota yhteys lehden tilaajapalveluun<\/p>\n<\/div>\n<div class=\"text-block\">\n<h2>Medialaskutus<\/h2>\n<p>Ilmoituslaskutus<br \/>\np. 09 2730 0230 (pvm\/mpm), ma-pe 9.00-14.00<br \/>\n<a href=\"&#x6d;&#97;&#105;l&#x74;&#x6f;&#58;l&#x61;&#x73;&#107;u&#x74;&#x75;&#115;&#46;&#x6b;&#x65;&#115;k&#x69;&#x73;&#117;o&#x6d;&#x61;&#108;&#97;i&#x6e;&#x65;&#110;m&#x65;&#x64;&#105;a&#x40;&#x6d;&#101;d&#x69;&#x61;&#46;f&#x69;\">&#108;&#x61;&#x73;k&#117;&#x74;u&#115;&#x2e;&#x6b;e&#115;&#x6b;i&#115;&#x75;&#x6f;m&#97;&#x6c;a&#105;&#x6e;&#x65;&#110;&#109;&#x65;d&#105;&#x61;&#x40;&#109;&#x65;&#x64;i&#97;&#x2e;f&#105;<\/a><\/p>\n<\/div>\n<div class=\"text-block\">\n<h2>Mediamyynti<\/h2>\n<p>Yhteystiedot l\u00f6yd\u00e4t <a href=\"https:\/\/meks.fi\/yhteystiedot\/\" target=\"_blank\" rel=\"noopener\">mediamyynnin sivulta<\/a><\/p>\n<\/div>\n<div class=\"text-block\">\n<h2>Toimitus<\/h2>\n<p><a href=\"&#x6d;&#97;i&#x6c;&#x74;&#111;:&#x74;&#111;i&#x6d;&#x69;&#116;u&#x73;&#46;u&#x75;&#x73;&#105;m&#x61;&#x61;&#64;&#x6d;&#x65;&#100;i&#x61;&#x2e;&#102;i\">&#x74;&#111;&#x69;&#109;i&#x74;&#117;s&#x2e;&#117;&#x75;&#x73;i&#x6d;&#97;a&#x40;&#109;&#x65;&#x64;i&#x61;&#46;f&#x69;<\/a><\/p>\n<p>Suorat s\u00e4hk\u00f6postit: &#x65;t&#x75;&#110;&#x69;&#x6d;i&#x2e;&#115;&#x75;&#x6b;u&#x6e;&#105;&#x6d;&#x69;&#64;&#x6d;&#101;&#x64;&#x69;a&#x2e;&#102;&#x69;<\/p>\n<p><span data-teams=\"true\"><span class=\"ui-provider a b c d e f g h i j k l m n o p q r s t u v w x y z ab ac ae af ag ah ai aj ak\" dir=\"ltr\">Lundinkatu 8, 06100 Porvoo (k\u00e4ynti Runeberginkatu 31)<\/span><\/span><\/p>\n<p><a class=\"button\" href=\"https:\/\/oma.media.fi\/uusimaa\/yhteystiedot\/juttuvinkki\/\" target=\"_blank\" rel=\"noopener\">J\u00e4t\u00e4 juttuvinkki<\/a><\/p>\n<section class=\"pdf_page\" aria-label=\"Page 7\">\n<div class=\"textlayer\">\n<div><strong>P\u00e4\u00e4toimittaja<br \/>\n<\/strong>Marko Enberg 040 523 0473<\/div>\n<div><strong><br \/>\nUutisp\u00e4\u00e4llik\u00f6t<br \/>\n<\/strong>Heli Juvakka (vanhempainvapaalla)<br \/>\nStefan Holmstr\u00f6m 040 682 5976<\/div>\n<div><strong>Vt. uutisp\u00e4\u00e4llikk\u00f6<br \/>\n<\/strong>Sari Sakala 040 548 4521\u00a0<strong><br \/>\n<\/strong><\/div>\n<\/div>\n<\/section>\n<\/div>\n<p><strong>Uutistoimitus<br \/>\n<\/strong>Anniina Hamunen (vanhempainvapaalla)<br \/>\nJyrki H\u00e4m\u00e4l\u00e4inen 040 551 4058<br \/>\nSamu Karvala 050 330 7166<br \/>\nCrista Lassfolk-Feodoroff 040 139 3001<br \/>\nMika Laurila 040 738 8038<br \/>\nOuti Paappanen 040 672 4699<br \/>\nInka T\u00f6yryl\u00e4 0400 133 893<\/p>\n<p><strong>Tuottaja<\/strong><br \/>\nAki Hast 040 724 0656<\/p>\n<p>Kaikki sis\u00e4ll\u00f6t voidaan julkaista kaikissa Mediakonserni Keskisuomalaisen medioissa.<\/p>\n<div class=\"text-block\">\n<h2>Vaihde<\/h2>\n<p>p. 09 2730 0204 (pvm\/mpm) ma-pe klo 8.00-16.00<\/p>\n<\/div>\n<div class=\"text-block\">\n<h2>Palaute<\/h2>\n<p><a class=\"button\" href=\"https:\/\/oma.media.fi\/uusimaa\/yhteystiedot\/anna-palautetta\/\" target=\"_blank\" rel=\"noopener\">Anna palautetta<\/a><\/p>\n<\/div>\n","protected":false},"excerpt":{"rendered":"<p>Tilaukset Digipalvelut, osoitteenmuutokset, jakelunkeskeytykset, asiakastietojen muutokset sek\u00e4 tilauslaskutus ja muut tilauksiin liittyv\u00e4t asiat. Asiakaspalvelua verkossa 24\/7 Lukijailmoitukset J\u00e4rjest\u00f6ilmoitukset, luokitellut ilmoitukset, perheilmoitukset, kuolinilmoitukset ja surukiitokset J\u00e4t\u00e4 ilmoitus 24\/7 uusimaa.fi\/ilmoita Asiakaspalvelu Tilauksiin ja lukijailmoituksiin liittyv\u00e4t asiat. Puhelinpalvelu 014 622 133 Avoinna: ma-pe klo 8.00-18.00 Tallennamme puhelut asiakaspalvelutapahtumien varmentamiseksi sek\u00e4 asiakaspalvelun koulutusta varten. Puhelun hinta mpm\/pvm, jonotus on [&hellip;]<\/p>\n","protected":false},"author":1,"featured_media":0,"parent":0,"menu_order":0,"comment_status":"closed","ping_status":"closed","template":"","meta":{"_acf_changed":false,"footnotes":""},"class_list":["post-26","page","type-page","status-publish","hentry"],"acf":[],"yoast_head":"<!-- This site is optimized with the Yoast SEO plugin v26.2 - https:\/\/yoast.com\/wordpress\/plugins\/seo\/ -->\n<title>Yhteystiedot - Uusimaa<\/title>\n<meta name=\"description\" content=\"Etsitk\u00f6 yhteystietoja vai haluatko antaa palautetta? Mediatalo Keskisuomalaisen asiakaspalveluiden yhteystiedot, palautekanavat ja juttuvinkit.\" \/>\n<meta name=\"robots\" content=\"index, follow, max-snippet:-1, max-image-preview:large, max-video-preview:-1\" \/>\n<link rel=\"canonical\" href=\"https:\/\/oma.media.fi\/uusimaa\/yhteystiedot\/\" \/>\n<meta property=\"og:locale\" content=\"fi_FI\" \/>\n<meta property=\"og:type\" content=\"article\" \/>\n<meta property=\"og:title\" content=\"Yhteystiedot\" \/>\n<meta property=\"og:description\" content=\"Etsitk\u00f6 yhteystietoja vai haluatko antaa palautetta? Mediatalo Keskisuomalaisen asiakaspalveluiden yhteystiedot, palautekanavat ja juttuvinkit.\" \/>\n<meta property=\"og:url\" content=\"https:\/\/oma.media.fi\/uusimaa\/yhteystiedot\/\" \/>\n<meta property=\"og:site_name\" content=\"Uusimaa\" \/>\n<meta property=\"article:modified_time\" content=\"2026-04-13T08:59:55+00:00\" \/>\n<meta name=\"twitter:card\" content=\"summary_large_image\" \/>\n<meta name=\"twitter:label1\" content=\"Arvioitu lukuaika\" \/>\n\t<meta name=\"twitter:data1\" content=\"2 minuuttia\" \/>\n<script type=\"application\/ld+json\" class=\"yoast-schema-graph\">{\"@context\":\"https:\/\/schema.org\",\"@graph\":[{\"@type\":\"WebPage\",\"@id\":\"https:\/\/oma.media.fi\/uusimaa\/yhteystiedot\/\",\"url\":\"https:\/\/oma.media.fi\/uusimaa\/yhteystiedot\/\",\"name\":\"Yhteystiedot - Uusimaa\",\"isPartOf\":{\"@id\":\"https:\/\/oma.media.fi\/uusimaa\/#website\"},\"datePublished\":\"2018-10-17T10:17:59+00:00\",\"dateModified\":\"2026-04-13T08:59:55+00:00\",\"description\":\"Etsitk\u00f6 yhteystietoja vai haluatko antaa palautetta? Mediatalo Keskisuomalaisen asiakaspalveluiden yhteystiedot, palautekanavat ja juttuvinkit.\",\"breadcrumb\":{\"@id\":\"https:\/\/oma.media.fi\/uusimaa\/yhteystiedot\/#breadcrumb\"},\"inLanguage\":\"fi\",\"potentialAction\":[{\"@type\":\"ReadAction\",\"target\":[\"https:\/\/oma.media.fi\/uusimaa\/yhteystiedot\/\"]}]},{\"@type\":\"BreadcrumbList\",\"@id\":\"https:\/\/oma.media.fi\/uusimaa\/yhteystiedot\/#breadcrumb\",\"itemListElement\":[{\"@type\":\"ListItem\",\"position\":1,\"name\":\"Etusivu\",\"item\":\"https:\/\/oma.media.fi\/uusimaa\/\"},{\"@type\":\"ListItem\",\"position\":2,\"name\":\"Yhteystiedot\"}]},{\"@type\":\"WebSite\",\"@id\":\"https:\/\/oma.media.fi\/uusimaa\/#website\",\"url\":\"https:\/\/oma.media.fi\/uusimaa\/\",\"name\":\"Uusimaa\",\"description\":\"\",\"potentialAction\":[{\"@type\":\"SearchAction\",\"target\":{\"@type\":\"EntryPoint\",\"urlTemplate\":\"https:\/\/oma.media.fi\/uusimaa\/?s={search_term_string}\"},\"query-input\":{\"@type\":\"PropertyValueSpecification\",\"valueRequired\":true,\"valueName\":\"search_term_string\"}}],\"inLanguage\":\"fi\"}]}<\/script>\n<!-- \/ Yoast SEO plugin. -->","yoast_head_json":{"title":"Yhteystiedot - Uusimaa","description":"Etsitk\u00f6 yhteystietoja vai haluatko antaa palautetta? Mediatalo Keskisuomalaisen asiakaspalveluiden yhteystiedot, palautekanavat ja juttuvinkit.","robots":{"index":"index","follow":"follow","max-snippet":"max-snippet:-1","max-image-preview":"max-image-preview:large","max-video-preview":"max-video-preview:-1"},"canonical":"https:\/\/oma.media.fi\/uusimaa\/yhteystiedot\/","og_locale":"fi_FI","og_type":"article","og_title":"Yhteystiedot","og_description":"Etsitk\u00f6 yhteystietoja vai haluatko antaa palautetta? Mediatalo Keskisuomalaisen asiakaspalveluiden yhteystiedot, palautekanavat ja juttuvinkit.","og_url":"https:\/\/oma.media.fi\/uusimaa\/yhteystiedot\/","og_site_name":"Uusimaa","article_modified_time":"2026-04-13T08:59:55+00:00","twitter_card":"summary_large_image","twitter_misc":{"Arvioitu lukuaika":"2 minuuttia"},"schema":{"@context":"https:\/\/schema.org","@graph":[{"@type":"WebPage","@id":"https:\/\/oma.media.fi\/uusimaa\/yhteystiedot\/","url":"https:\/\/oma.media.fi\/uusimaa\/yhteystiedot\/","name":"Yhteystiedot - Uusimaa","isPartOf":{"@id":"https:\/\/oma.media.fi\/uusimaa\/#website"},"datePublished":"2018-10-17T10:17:59+00:00","dateModified":"2026-04-13T08:59:55+00:00","description":"Etsitk\u00f6 yhteystietoja vai haluatko antaa palautetta? Mediatalo Keskisuomalaisen asiakaspalveluiden yhteystiedot, palautekanavat ja juttuvinkit.","breadcrumb":{"@id":"https:\/\/oma.media.fi\/uusimaa\/yhteystiedot\/#breadcrumb"},"inLanguage":"fi","potentialAction":[{"@type":"ReadAction","target":["https:\/\/oma.media.fi\/uusimaa\/yhteystiedot\/"]}]},{"@type":"BreadcrumbList","@id":"https:\/\/oma.media.fi\/uusimaa\/yhteystiedot\/#breadcrumb","itemListElement":[{"@type":"ListItem","position":1,"name":"Etusivu","item":"https:\/\/oma.media.fi\/uusimaa\/"},{"@type":"ListItem","position":2,"name":"Yhteystiedot"}]},{"@type":"WebSite","@id":"https:\/\/oma.media.fi\/uusimaa\/#website","url":"https:\/\/oma.media.fi\/uusimaa\/","name":"Uusimaa","description":"","potentialAction":[{"@type":"SearchAction","target":{"@type":"EntryPoint","urlTemplate":"https:\/\/oma.media.fi\/uusimaa\/?s={search_term_string}"},"query-input":{"@type":"PropertyValueSpecification","valueRequired":true,"valueName":"search_term_string"}}],"inLanguage":"fi"}]}},"publishpress_future_action":{"enabled":false,"date":"2026-05-19 18:35:28","action":"change-status","newStatus":"draft","terms":[],"taxonomy":"","extraData":[]},"publishpress_future_workflow_manual_trigger":{"enabledWorkflows":[]},"_links":{"self":[{"href":"https:\/\/oma.media.fi\/uusimaa\/wp-json\/wp\/v2\/pages\/26","targetHints":{"allow":["GET"]}}],"collection":[{"href":"https:\/\/oma.media.fi\/uusimaa\/wp-json\/wp\/v2\/pages"}],"about":[{"href":"https:\/\/oma.media.fi\/uusimaa\/wp-json\/wp\/v2\/types\/page"}],"author":[{"embeddable":true,"href":"https:\/\/oma.media.fi\/uusimaa\/wp-json\/wp\/v2\/users\/1"}],"replies":[{"embeddable":true,"href":"https:\/\/oma.media.fi\/uusimaa\/wp-json\/wp\/v2\/comments?post=26"}],"version-history":[{"count":94,"href":"https:\/\/oma.media.fi\/uusimaa\/wp-json\/wp\/v2\/pages\/26\/revisions"}],"predecessor-version":[{"id":16071,"href":"https:\/\/oma.media.fi\/uusimaa\/wp-json\/wp\/v2\/pages\/26\/revisions\/16071"}],"wp:attachment":[{"href":"https:\/\/oma.media.fi\/uusimaa\/wp-json\/wp\/v2\/media?parent=26"}],"curies":[{"name":"wp","href":"https:\/\/api.w.org\/{rel}","templated":true}]}}