{"id":37,"date":"2018-11-20T12:44:37","date_gmt":"2018-11-20T10:44:37","guid":{"rendered":"https:\/\/oma.media.fi\/uutisvuoksi\/tilauslaskutus\/"},"modified":"2025-09-22T14:42:10","modified_gmt":"2025-09-22T11:42:10","slug":"tilauslaskutus","status":"publish","type":"page","link":"https:\/\/oma.media.fi\/uutisvuoksi\/tilauslaskutus\/","title":{"rendered":"Tilauslaskutus"},"content":{"rendered":"<p>T\u00e4lt\u00e4 sivulta l\u00f6yd\u00e4t kaikkien Mediakonserni Keskisuomalaisen lehtien tilauslaskutusta koskevat tiedot.<\/p>\n<h3><a href=\"https:\/\/oma.media.fi\/uutisvuoksi\/tilauslaskutus\/#laskutustavat\">1. Laskutus- ja maksutavat<\/a><a href=\"https:\/\/oma.media.fi\/uutisvuoksi\/wp-content\/uploads\/sites\/47\/2020\/03\/5866888-woman-hand-filling-in-invoice-paper-1.jpg\"><img loading=\"lazy\" decoding=\"async\" class=\" wp-image-38 alignright\" src=\"https:\/\/oma.media.fi\/uutisvuoksi\/wp-content\/uploads\/sites\/47\/2020\/03\/5866888-woman-hand-filling-in-invoice-paper-1.jpg\" alt=\"S\u00e4hk\u00f6ist\u00e4 tilauslaskusi\" width=\"370\" height=\"251\" srcset=\"https:\/\/oma.media.fi\/uutisvuoksi\/wp-content\/uploads\/sites\/47\/2020\/03\/5866888-woman-hand-filling-in-invoice-paper-1.jpg 800w, https:\/\/oma.media.fi\/uutisvuoksi\/wp-content\/uploads\/sites\/47\/2020\/03\/5866888-woman-hand-filling-in-invoice-paper-1-300x203.jpg 300w, https:\/\/oma.media.fi\/uutisvuoksi\/wp-content\/uploads\/sites\/47\/2020\/03\/5866888-woman-hand-filling-in-invoice-paper-1-768x520.jpg 768w\" sizes=\"auto, (max-width: 370px) 100vw, 370px\" \/><\/a><\/h3>\n<h3><a href=\"https:\/\/oma.media.fi\/uutisvuoksi\/tilauslaskutus\/#laskujoustaa\">2. Laskutuksen muokkaaminen<\/a><\/h3>\n<h3><a href=\"https:\/\/oma.media.fi\/uutisvuoksi\/tilauslaskutus\/#tilaushinnat\">3. Tilaushinnat ja tilausehtojen muutokset<\/a><\/h3>\n<h3><a href=\"https:\/\/oma.media.fi\/uutisvuoksi\/tilauslaskutus\/#maksuyhteystiedot\">4. Tilattavien lehtien maksuyhteystiedot<\/a><\/h3>\n<p>&nbsp;<\/p>\n<h2 id=\"laskutustavat\">1. Laskutus- ja maksutavat<\/h2>\n<p>Kuluttajana voit valita useista maksuttomista laskutustavoista sinulle parhaiten sopivan:<\/p>\n<ul>\n<li><a href=\"https:\/\/oma.media.fi\/uutisvuoksi\/tilauslaskutus\/sahkopostilasku\/\" rel=\"noopener\"><strong>s\u00e4hk\u00f6postilaskun<\/strong><\/a><\/li>\n<li><a href=\"https:\/\/oma.media.fi\/uutisvuoksi\/tilauslaskutus\/e-lasku\/\" rel=\"noopener\"><strong>e-laskun verkkopankkiisi<\/strong><\/a><\/li>\n<li><a href=\"https:\/\/oma.media.fi\/uutisvuoksi\/tilauslaskutus\/suoramaksu\/\" rel=\"noopener\"><strong>suoramaksun <\/strong><\/a>tai<\/li>\n<li><strong>tilatessasi verkossa voit maksaa <a href=\"https:\/\/oma.media.fi\/uutisvuoksi\/tilauslaskutus\/verkkopankki-ja-korttimaksut\/\" rel=\"noopener\">verkkopankkimaksulla tai korttimaksulla<\/a><\/strong><\/li>\n<\/ul>\n<p>Kuluttaja-asiakkaan laskutustapana tarjoamme edellisten lis\u00e4ksi my\u00f6s paperilaskun postitse. Mediakonserni Keskisuomalaisen lehtien <strong>postitse toimittamissa tilauslaskuissa<\/strong> (pl. suoramaksuilmoitukset) veloitetaan <strong>4,90 \u20ac (sis.alv) euron k\u00e4sittely- ja postituskulu \/ lasku.<\/strong><\/p>\n<p>Verkkosivuilla tilattaessa laskulla edellytet\u00e4\u00e4n vahvaa tunnistautumista Kuluttajansuojalain 6 luvun 12c mukaan.<\/p>\n<p>Yrityksille tarjoamme maksuttomina laskutusvaihtoehtoina verkko- ja s\u00e4hk\u00f6postilaskun, postitse toimitettavasta paperilaskusta veloitetaan lis\u00e4veloitushinnaston mukainen k\u00e4sittely- ja postituskulu \/ lasku. <a href=\"https:\/\/oma.media.fi\/uutisvuoksi\/tilauslaskutus\/yrityksen-laskutustavat\/\" rel=\"noopener\">\u00a0Lue lis\u00e4\u00e4 yrityksen laskutustavoista<\/a>.<\/p>\n<p>&nbsp;<\/p>\n<h2 id=\"laskujoustaa\">2. Laskutuksen muokkaaminen<\/h2>\n<p>Tiesitk\u00f6, ett\u00e4 voit muokata tilauslaskutustasi itsellesi sopivaksi usealla eri tavalla? Voit muokata laskutustasi seuraavin keinoin:<\/p>\n<ul>\n<li style=\"text-align: left\"><strong>Tilauslaskun maksuer\u00e4n pienent\u00e4minen<\/strong><\/li>\n<\/ul>\n<p style=\"text-align: left;padding-left: 40px\">Jatkuvan tilauksen maksut voi jakaa lyhyempiin maksuv\u00e4leihin, ja t\u00e4ll\u00f6in kertamaksu on pienempi. Mahdollisuutta voi k\u00e4ytt\u00e4\u00e4 avoinna olevaan tai tulevaan laskuun.<br \/>\nOtathan yhteytt\u00e4 <a href=\"https:\/\/oma.media.fi\/uutisvuoksi\/yhteystiedot\/asiakaspalveluidenyhteystiedot\/\">asiakaspalveluun<\/a>, jos haluat tehd\u00e4 muutoksen laskutusv\u00e4leihin. S\u00e4hk\u00f6isiss\u00e4 laskuissa (e-lasku, suoramaksu, s\u00e4hk\u00f6posti) pienin laskutusjakso on 1 kk. Paperilaskuissa pienin laskutusjakso on 2 kk.<\/p>\n<ul>\n<li style=\"text-align: left\"><strong>Er\u00e4p\u00e4iv\u00e4n siirt\u00e4minen<\/strong><\/li>\n<\/ul>\n<p style=\"text-align: left;padding-left: 40px\">Kaikissa vaihtoehdoissa lasku toimitetaan asiakkaillemme niin, ett\u00e4 er\u00e4p\u00e4iv\u00e4\u00e4n on aikaa n. kaksi viikkoa. Tarvittaessa voit muuttaa laskusi er\u00e4p\u00e4iv\u00e4\u00e4 helpoiten <a href=\"https:\/\/media-ssp.worldoftulo.com\/Invoice\">itsepalveluna verkossa<\/a> k\u00e4ytt\u00e4j\u00e4tilisi <a href=\"https:\/\/media-ssp.worldoftulo.com\/Invoice\" rel=\"noopener\"><strong>Laskut<\/strong><\/a>-osiossa. Klikkaa avoimen laskun kohdalta <em>Muuta er\u00e4p\u00e4iv\u00e4\u00e4<\/em> -kohtaa, jossa p\u00e4\u00e4set muokkaamaan er\u00e4p\u00e4iv\u00e4\u00e4. Voit siirt\u00e4\u00e4 er\u00e4p\u00e4iv\u00e4\u00e4 yhden kerran enint\u00e4\u00e4n 2 viikkoa \/ lasku. Er\u00e4p\u00e4iv\u00e4n siirrosta ja maksusuunnitelmista voit my\u00f6s keskustella asiakaspalvelumme kanssa. Katso asiakaspalvelun yhteystiedot <a href=\"https:\/\/oma.media.fi\/uutisvuoksi\/yhteystiedot\/asiakaspalveluidenyhteystiedot\/\" rel=\"noopener\">t\u00e4\u00e4lt\u00e4<\/a>.<\/p>\n<ul>\n<li style=\"text-align: left\"><strong>Tilauksen v\u00e4liaikainen keskeytt\u00e4minen<\/strong><\/li>\n<\/ul>\n<p style=\"text-align: left;padding-left: 40px\">Voimme keskeytt\u00e4\u00e4 tilauksesi jopa 6 kuukaudeksi tilaamastasi lehdest\u00e4 riippuen. Kestotilaajana keskeytys hyvitet\u00e4\u00e4n tilausjaksosi loppuun. Tee tilap\u00e4inen jakelunkeskeytys painetulle lehdelle helpoiten <a href=\"https:\/\/media-ssp.worldoftulo.com\/Intermission\/\">itsepalveluna verkossa<\/a>. Lis\u00e4tietoja jakelunkeskeytyksist\u00e4 l\u00f6yd\u00e4t <a href=\"https:\/\/oma.media.fi\/uutisvuoksi\/tilaa\/tilausehdot\/\">tilausehdoistamme<\/a> kohdasta <em>jakelunkeskeytys<\/em>.<\/p>\n<p>&nbsp;<\/p>\n<h2 id=\"tilaushinnat\">3. Tilaushinnat ja tilausehtojen muutokset<\/h2>\n<ul>\n<li>Laskutusjakson hinta perustuu sen alkaessa voimassa olevaan normaalihinnastoon <a href=\"https:\/\/oma.media.fi\/uutisvuoksi\/tilauslaskutus\/lisaveloitukset\/\" rel=\"noopener\">lis\u00e4veloituksineen<\/a> tai tilaajalle tarjotun kampanjan hinnastoon.<\/li>\n<li><a href=\"https:\/\/oma.media.fi\/uutisvuoksi\/tilaushinnat\/\" rel=\"noopener\">Normaalihinnasto<\/a> on n\u00e4ht\u00e4viss\u00e4 lehdess\u00e4, verkkosivulla ja asiakaspalvelussa.<\/li>\n<li><a href=\"https:\/\/www.keskisuomalainen.com\" rel=\"noopener\">Mediakonserni Keskisuomalaisella<\/a> on oikeus muuttaa tilausehtoja, k\u00e4ytt\u00f6ehtoja, ilmestymisp\u00e4ivi\u00e4 sek\u00e4 tilaushintoja. Tilausehtojen muutoksista ilmoitetaan <a href=\"https:\/\/oma.media.fi\/uutisvuoksi\/tilaushinnat\/\" rel=\"noopener\">verkkosivulla<\/a> sek\u00e4 lehdess\u00e4.<\/li>\n<li>Muutokset astuvat voimaan ilmoitettuna ajankohtana ja ne koskevat v\u00e4litt\u00f6m\u00e4sti kaikkia tilauksia.<\/li>\n<li>Mediakonserni Keskisuomalaisella on oikeus kielt\u00e4yty\u00e4 laittamasta pyydetty\u00e4 tilausta voimaan tai keskeytt\u00e4\u00e4 tilauksen jakelu perustellusta syyst\u00e4, esimerkiksi tilauksen maksajan maksuh\u00e4iri\u00f6iden vuoksi.<\/li>\n<li>Laista, asetuksesta, viranomaism\u00e4\u00e4r\u00e4yksest\u00e4 tai vastaavista johtuvat hinnan- tai ehtomuutokset tulevat voimaan v\u00e4litt\u00f6m\u00e4sti ilman eri ilmoitusta ja ne koskevat v\u00e4litt\u00f6m\u00e4sti kaikkia tilauksia.<\/li>\n<\/ul>\n<p><a class=\"button button--inverted button--outlined\" href=\"https:\/\/oma.media.fi\/uutisvuoksi\/tilaa\/tilausehdot\/\" rel=\"noopener\">Katso voimassaolevat tilausehdot t\u00e4st\u00e4<\/a><\/p>\n<p>&nbsp;<\/p>\n<h2 id=\"maksuyhteystiedot\">4. Mediakonserni Keskisuomalaisen tilattavien lehtien maksuyhteystiedot<\/h2>\n<p><a class=\"button\" href=\"https:\/\/oma.media.fi\/uutisvuoksi\/lehtitilausten-maksuyhteystiedot\/\" rel=\"noopener\">Katso lehtien maksuyhteystiedot t\u00e4st\u00e4<\/a><\/p>\n<p>&nbsp;<\/p>\n<p>Etk\u00f6 l\u00f6yt\u00e4nyt etsim\u00e4\u00e4si tietoa? Katso, l\u00f6ytyisik\u00f6 vastaus laskutusta koskevista Usein kysytyt kysymyksist\u00e4, jotka l\u00f6yd\u00e4t <a href=\"https:\/\/oma.media.fi\/uutisvuoksi\/ukk\/\" rel=\"noopener\">t\u00e4\u00e4lt\u00e4.<\/a><\/p>\n","protected":false},"excerpt":{"rendered":"<p>T\u00e4lt\u00e4 sivulta l\u00f6yd\u00e4t kaikkien Mediakonserni Keskisuomalaisen lehtien tilauslaskutusta koskevat tiedot. 1. Laskutus- ja maksutavat 2. Laskutuksen muokkaaminen 3. Tilaushinnat ja tilausehtojen muutokset 4. Tilattavien lehtien maksuyhteystiedot &nbsp; 1. Laskutus- ja maksutavat Kuluttajana voit valita useista maksuttomista laskutustavoista sinulle parhaiten sopivan: s\u00e4hk\u00f6postilaskun e-laskun verkkopankkiisi suoramaksun tai tilatessasi verkossa voit maksaa verkkopankkimaksulla tai korttimaksulla Kuluttaja-asiakkaan laskutustapana tarjoamme [&hellip;]<\/p>\n","protected":false},"author":1,"featured_media":0,"parent":0,"menu_order":0,"comment_status":"closed","ping_status":"closed","template":"","meta":{"_acf_changed":false,"footnotes":""},"class_list":["post-37","page","type-page","status-publish","hentry"],"acf":[],"yoast_head":"<!-- This site is optimized with the Yoast SEO plugin v26.2 - https:\/\/yoast.com\/wordpress\/plugins\/seo\/ -->\n<title>Tilauslaskutus - Uutisvuoksi<\/title>\n<meta name=\"description\" content=\"Valitse lehtitilaukseesi maksuton laskutustapa. Voit valita maksuttomista laskutustavoista sinulle parhaiten sopivan: e-lasku, s\u00e4hk\u00f6posti- tai suoramaksu.\" \/>\n<meta name=\"robots\" content=\"index, follow, max-snippet:-1, max-image-preview:large, max-video-preview:-1\" \/>\n<link rel=\"canonical\" href=\"https:\/\/oma.media.fi\/uutisvuoksi\/tilauslaskutus\/\" \/>\n<meta property=\"og:locale\" content=\"fi_FI\" \/>\n<meta property=\"og:type\" content=\"article\" \/>\n<meta property=\"og:title\" content=\"Tilauslaskutus\" \/>\n<meta property=\"og:description\" content=\"Valitse lehtitilaukseesi maksuton laskutustapa. Voit valita maksuttomista laskutustavoista sinulle parhaiten sopivan: e-lasku, s\u00e4hk\u00f6posti- tai suoramaksu.\" \/>\n<meta property=\"og:url\" content=\"https:\/\/oma.media.fi\/uutisvuoksi\/tilauslaskutus\/\" \/>\n<meta property=\"og:site_name\" content=\"Uutisvuoksi\" \/>\n<meta property=\"article:modified_time\" content=\"2025-09-22T11:42:10+00:00\" \/>\n<meta property=\"og:image\" content=\"https:\/\/oma.media.fi\/uutisvuoksi\/wp-content\/uploads\/sites\/47\/2020\/03\/5866888-woman-hand-filling-in-invoice-paper-1.jpg\" \/>\n\t<meta property=\"og:image:width\" content=\"800\" \/>\n\t<meta property=\"og:image:height\" content=\"542\" \/>\n\t<meta property=\"og:image:type\" content=\"image\/jpeg\" \/>\n<meta name=\"twitter:card\" content=\"summary_large_image\" \/>\n<meta name=\"twitter:label1\" content=\"Arvioitu lukuaika\" \/>\n\t<meta name=\"twitter:data1\" content=\"3 minuuttia\" \/>\n<script type=\"application\/ld+json\" class=\"yoast-schema-graph\">{\"@context\":\"https:\/\/schema.org\",\"@graph\":[{\"@type\":\"WebPage\",\"@id\":\"https:\/\/oma.media.fi\/uutisvuoksi\/tilauslaskutus\/\",\"url\":\"https:\/\/oma.media.fi\/uutisvuoksi\/tilauslaskutus\/\",\"name\":\"Tilauslaskutus - Uutisvuoksi\",\"isPartOf\":{\"@id\":\"https:\/\/oma.media.fi\/uutisvuoksi\/#website\"},\"primaryImageOfPage\":{\"@id\":\"https:\/\/oma.media.fi\/uutisvuoksi\/tilauslaskutus\/#primaryimage\"},\"image\":{\"@id\":\"https:\/\/oma.media.fi\/uutisvuoksi\/tilauslaskutus\/#primaryimage\"},\"thumbnailUrl\":\"https:\/\/oma.media.fi\/uutisvuoksi\/wp-content\/uploads\/sites\/47\/2020\/03\/5866888-woman-hand-filling-in-invoice-paper-1.jpg\",\"datePublished\":\"2018-11-20T10:44:37+00:00\",\"dateModified\":\"2025-09-22T11:42:10+00:00\",\"description\":\"Valitse lehtitilaukseesi maksuton laskutustapa. Voit valita maksuttomista laskutustavoista sinulle parhaiten sopivan: e-lasku, s\u00e4hk\u00f6posti- tai suoramaksu.\",\"breadcrumb\":{\"@id\":\"https:\/\/oma.media.fi\/uutisvuoksi\/tilauslaskutus\/#breadcrumb\"},\"inLanguage\":\"fi\",\"potentialAction\":[{\"@type\":\"ReadAction\",\"target\":[\"https:\/\/oma.media.fi\/uutisvuoksi\/tilauslaskutus\/\"]}]},{\"@type\":\"ImageObject\",\"inLanguage\":\"fi\",\"@id\":\"https:\/\/oma.media.fi\/uutisvuoksi\/tilauslaskutus\/#primaryimage\",\"url\":\"https:\/\/oma.media.fi\/uutisvuoksi\/wp-content\/uploads\/sites\/47\/2020\/03\/5866888-woman-hand-filling-in-invoice-paper-1.jpg\",\"contentUrl\":\"https:\/\/oma.media.fi\/uutisvuoksi\/wp-content\/uploads\/sites\/47\/2020\/03\/5866888-woman-hand-filling-in-invoice-paper-1.jpg\"},{\"@type\":\"BreadcrumbList\",\"@id\":\"https:\/\/oma.media.fi\/uutisvuoksi\/tilauslaskutus\/#breadcrumb\",\"itemListElement\":[{\"@type\":\"ListItem\",\"position\":1,\"name\":\"Etusivu\",\"item\":\"https:\/\/oma.media.fi\/uutisvuoksi\/\"},{\"@type\":\"ListItem\",\"position\":2,\"name\":\"Tilauslaskutus\"}]},{\"@type\":\"WebSite\",\"@id\":\"https:\/\/oma.media.fi\/uutisvuoksi\/#website\",\"url\":\"https:\/\/oma.media.fi\/uutisvuoksi\/\",\"name\":\"Uutisvuoksi\",\"description\":\"\",\"potentialAction\":[{\"@type\":\"SearchAction\",\"target\":{\"@type\":\"EntryPoint\",\"urlTemplate\":\"https:\/\/oma.media.fi\/uutisvuoksi\/?s={search_term_string}\"},\"query-input\":{\"@type\":\"PropertyValueSpecification\",\"valueRequired\":true,\"valueName\":\"search_term_string\"}}],\"inLanguage\":\"fi\"}]}<\/script>\n<!-- \/ Yoast SEO plugin. -->","yoast_head_json":{"title":"Tilauslaskutus - Uutisvuoksi","description":"Valitse lehtitilaukseesi maksuton laskutustapa. Voit valita maksuttomista laskutustavoista sinulle parhaiten sopivan: e-lasku, s\u00e4hk\u00f6posti- tai suoramaksu.","robots":{"index":"index","follow":"follow","max-snippet":"max-snippet:-1","max-image-preview":"max-image-preview:large","max-video-preview":"max-video-preview:-1"},"canonical":"https:\/\/oma.media.fi\/uutisvuoksi\/tilauslaskutus\/","og_locale":"fi_FI","og_type":"article","og_title":"Tilauslaskutus","og_description":"Valitse lehtitilaukseesi maksuton laskutustapa. Voit valita maksuttomista laskutustavoista sinulle parhaiten sopivan: e-lasku, s\u00e4hk\u00f6posti- tai suoramaksu.","og_url":"https:\/\/oma.media.fi\/uutisvuoksi\/tilauslaskutus\/","og_site_name":"Uutisvuoksi","article_modified_time":"2025-09-22T11:42:10+00:00","og_image":[{"width":800,"height":542,"url":"https:\/\/oma.media.fi\/uutisvuoksi\/wp-content\/uploads\/sites\/47\/2020\/03\/5866888-woman-hand-filling-in-invoice-paper-1.jpg","type":"image\/jpeg"}],"twitter_card":"summary_large_image","twitter_misc":{"Arvioitu lukuaika":"3 minuuttia"},"schema":{"@context":"https:\/\/schema.org","@graph":[{"@type":"WebPage","@id":"https:\/\/oma.media.fi\/uutisvuoksi\/tilauslaskutus\/","url":"https:\/\/oma.media.fi\/uutisvuoksi\/tilauslaskutus\/","name":"Tilauslaskutus - Uutisvuoksi","isPartOf":{"@id":"https:\/\/oma.media.fi\/uutisvuoksi\/#website"},"primaryImageOfPage":{"@id":"https:\/\/oma.media.fi\/uutisvuoksi\/tilauslaskutus\/#primaryimage"},"image":{"@id":"https:\/\/oma.media.fi\/uutisvuoksi\/tilauslaskutus\/#primaryimage"},"thumbnailUrl":"https:\/\/oma.media.fi\/uutisvuoksi\/wp-content\/uploads\/sites\/47\/2020\/03\/5866888-woman-hand-filling-in-invoice-paper-1.jpg","datePublished":"2018-11-20T10:44:37+00:00","dateModified":"2025-09-22T11:42:10+00:00","description":"Valitse lehtitilaukseesi maksuton laskutustapa. Voit valita maksuttomista laskutustavoista sinulle parhaiten sopivan: e-lasku, s\u00e4hk\u00f6posti- tai suoramaksu.","breadcrumb":{"@id":"https:\/\/oma.media.fi\/uutisvuoksi\/tilauslaskutus\/#breadcrumb"},"inLanguage":"fi","potentialAction":[{"@type":"ReadAction","target":["https:\/\/oma.media.fi\/uutisvuoksi\/tilauslaskutus\/"]}]},{"@type":"ImageObject","inLanguage":"fi","@id":"https:\/\/oma.media.fi\/uutisvuoksi\/tilauslaskutus\/#primaryimage","url":"https:\/\/oma.media.fi\/uutisvuoksi\/wp-content\/uploads\/sites\/47\/2020\/03\/5866888-woman-hand-filling-in-invoice-paper-1.jpg","contentUrl":"https:\/\/oma.media.fi\/uutisvuoksi\/wp-content\/uploads\/sites\/47\/2020\/03\/5866888-woman-hand-filling-in-invoice-paper-1.jpg"},{"@type":"BreadcrumbList","@id":"https:\/\/oma.media.fi\/uutisvuoksi\/tilauslaskutus\/#breadcrumb","itemListElement":[{"@type":"ListItem","position":1,"name":"Etusivu","item":"https:\/\/oma.media.fi\/uutisvuoksi\/"},{"@type":"ListItem","position":2,"name":"Tilauslaskutus"}]},{"@type":"WebSite","@id":"https:\/\/oma.media.fi\/uutisvuoksi\/#website","url":"https:\/\/oma.media.fi\/uutisvuoksi\/","name":"Uutisvuoksi","description":"","potentialAction":[{"@type":"SearchAction","target":{"@type":"EntryPoint","urlTemplate":"https:\/\/oma.media.fi\/uutisvuoksi\/?s={search_term_string}"},"query-input":{"@type":"PropertyValueSpecification","valueRequired":true,"valueName":"search_term_string"}}],"inLanguage":"fi"}]}},"publishpress_future_action":{"enabled":false,"date":"2026-04-22 11:45:04","action":"change-status","newStatus":"draft","terms":[],"taxonomy":"","extraData":[]},"publishpress_future_workflow_manual_trigger":{"enabledWorkflows":[]},"_links":{"self":[{"href":"https:\/\/oma.media.fi\/uutisvuoksi\/wp-json\/wp\/v2\/pages\/37","targetHints":{"allow":["GET"]}}],"collection":[{"href":"https:\/\/oma.media.fi\/uutisvuoksi\/wp-json\/wp\/v2\/pages"}],"about":[{"href":"https:\/\/oma.media.fi\/uutisvuoksi\/wp-json\/wp\/v2\/types\/page"}],"author":[{"embeddable":true,"href":"https:\/\/oma.media.fi\/uutisvuoksi\/wp-json\/wp\/v2\/users\/1"}],"replies":[{"embeddable":true,"href":"https:\/\/oma.media.fi\/uutisvuoksi\/wp-json\/wp\/v2\/comments?post=37"}],"version-history":[{"count":63,"href":"https:\/\/oma.media.fi\/uutisvuoksi\/wp-json\/wp\/v2\/pages\/37\/revisions"}],"predecessor-version":[{"id":6779,"href":"https:\/\/oma.media.fi\/uutisvuoksi\/wp-json\/wp\/v2\/pages\/37\/revisions\/6779"}],"wp:attachment":[{"href":"https:\/\/oma.media.fi\/uutisvuoksi\/wp-json\/wp\/v2\/media?parent=37"}],"curies":[{"name":"wp","href":"https:\/\/api.w.org\/{rel}","templated":true}]}}