{"id":4422,"date":"2021-12-20T15:48:33","date_gmt":"2021-12-20T13:48:33","guid":{"rendered":"https:\/\/oma.media.fi\/uutisvuoksi\/tilaussisallot\/"},"modified":"2025-09-12T12:36:28","modified_gmt":"2025-09-12T09:36:28","slug":"tilaussisallot","status":"publish","type":"page","link":"https:\/\/oma.media.fi\/uutisvuoksi\/tilaussisallot\/","title":{"rendered":"Tilaussis\u00e4ll\u00f6t"},"content":{"rendered":"<p><em style=\"font-size: 1.3rem;color: #666\">Katso mit\u00e4 kaikkea tilauksesi sis\u00e4lt\u00e4\u00e4 ja ota tuotteemme k\u00e4ytt\u00f6\u00f6n monipuolisesti. Tuotepakettisi saat selville esimerkiksi <a href=\"https:\/\/media.portal.worldoftulo.com\/login\/index?continue=https:\/\/media.portal.worldoftulo.com\/\">omista tiedoistasi<\/a> tai viimeisimm\u00e4st\u00e4 tilauslaskustasi. Tutustu my\u00f6s monipuolisiin digisis\u00e4lt\u00f6ihimme, mobiilisovellukseen ja lukuoikeuden jakoon.<\/em><\/p>\n<hr \/>\n<h3>Lehti ja digi<\/h3>\n<ul>\n<li>Painettu lehti maanantaisin, keskiviikkoisin ja perjantaisin<\/li>\n<li><a href=\"https:\/\/www.uutisvuoksi.fi\/\">Uutisvuoksi.fi-verkkopalvelun<\/a> rajaton k\u00e4ytt\u00f6oikeus vuoden jokaisena p\u00e4iv\u00e4n\u00e4<\/li>\n<li><a href=\"https:\/\/www.uutisvuoksi.fi\/asenna\/\">Sovelluksen<\/a> k\u00e4ytt\u00f6oikeus (iOS ja Android)<\/li>\n<li><a href=\"https:\/\/www.uutisvuoksi.fi\/nakoislehti\/\">N\u00e4k\u00f6islehti<\/a><\/li>\n<li>Digilukuoikeus sinulle ja kolmelle samassa taloudessa asuvalle perheenj\u00e4senellesi<\/li>\n<\/ul>\n\n<h3>Digi<\/h3>\n<ul>\n<li><a href=\"https:\/\/www.uutisvuoksi.fi\/\">Uutisvuoksi.fi-verkkopalvelun<\/a> rajaton k\u00e4ytt\u00f6oikeus vuoden jokaisena p\u00e4iv\u00e4n\u00e4<\/li>\n<li><a href=\"https:\/\/www.uutisvuoksi.fi\/asenna\/\">Sovelluksen<\/a> k\u00e4ytt\u00f6oikeus (iOS ja Android)<\/li>\n<li><a href=\"https:\/\/www.uutisvuoksi.fi\/nakoislehti\/\">N\u00e4k\u00f6islehti<\/a><\/li>\n<li>Digilukuoikeus sinulle ja kolmelle samassa taloudessa asuvalle perheenj\u00e4senellesi<\/li>\n<\/ul>\n\n<hr \/>\n<h2>Lue tarkemmin eri digisis\u00e4ll\u00f6ist\u00e4mme:<\/h2>\n<div class=\"table--responsive\"><table style=\"width: 100%;border-collapse: collapse\" border=\"0\">\n<tbody>\n<tr>\n<td style=\"width: 5.83756%\"><em style=\"font-size: 1.3rem;color: #666\"><strong><a href=\"https:\/\/oma.media.fi\/uutisvuoksi\/verkkopalvelu\/\"><img loading=\"lazy\" decoding=\"async\" class=\"alignnone size-full wp-image-4657\" src=\"https:\/\/oma.media.fi\/uutisvuoksi\/wp-content\/uploads\/sites\/47\/2022\/01\/icon_verkkopalvelu.png\" alt=\"\" width=\"40\" height=\"45\" \/><\/a><\/strong><\/em><\/td>\n<td style=\"width: 94.1624%\"><a href=\"https:\/\/oma.media.fi\/uutisvuoksi\/verkkopalvelu\/\">Uutisvuoksi.fi-verkkopalvelu<\/a><\/td>\n<\/tr>\n<tr>\n<td style=\"width: 5.83756%\"><em style=\"font-size: 1.3rem;color: #666\"><strong><a href=\"https:\/\/oma.media.fi\/uutisvuoksi\/nakoislehti\/\"><img loading=\"lazy\" decoding=\"async\" class=\"alignnone size-large wp-image-4654\" src=\"https:\/\/oma.media.fi\/uutisvuoksi\/wp-content\/uploads\/sites\/47\/2022\/01\/icon_nakoislehti.png\" alt=\"\" width=\"40\" height=\"45\" \/><\/a><\/strong><\/em><\/td>\n<td style=\"width: 94.1624%\"><a href=\"https:\/\/oma.media.fi\/uutisvuoksi\/nakoislehti\/\">N\u00e4k\u00f6islehti<\/a><\/td>\n<\/tr>\n<tr>\n<td style=\"width: 5.83756%\"><em style=\"font-size: 1.3rem;color: #666\"><strong><a href=\"https:\/\/oma.media.fi\/uutisvuoksi\/sovellus\/\"><img loading=\"lazy\" decoding=\"async\" class=\"alignnone size-large wp-image-4656\" src=\"https:\/\/oma.media.fi\/uutisvuoksi\/wp-content\/uploads\/sites\/47\/2022\/01\/icon_sovellukset.png\" alt=\"\" width=\"40\" height=\"45\" \/><\/a><\/strong><\/em><\/td>\n<td style=\"width: 94.1624%\"><a href=\"https:\/\/oma.media.fi\/uutisvuoksi\/sovellus\/\">Sovellus<\/a><\/td>\n<\/tr>\n<tr>\n<td style=\"width: 5.83756%\"><em style=\"font-size: 1.3rem;color: #666\"><strong><a href=\"https:\/\/oma.media.fi\/uutisvuoksi\/lukuoikeuden-jakaminen\/\"><img loading=\"lazy\" decoding=\"async\" class=\"alignnone size-large wp-image-4655\" src=\"https:\/\/oma.media.fi\/uutisvuoksi\/wp-content\/uploads\/sites\/47\/2022\/01\/icon_lukuoikeudenjako.png\" alt=\"\" width=\"40\" height=\"45\" \/><\/a><\/strong><\/em><\/td>\n<td style=\"width: 94.1624%\"><a href=\"https:\/\/oma.media.fi\/uutisvuoksi\/lukuoikeuden-jakaminen\/\">Lukuoikeuden jakaminen<\/a><\/td>\n<\/tr>\n<\/tbody>\n<\/table><\/div>\n<hr \/>\n<h2>Ota Mediatunnus k\u00e4ytt\u00f6\u00f6si<\/h2>\n<p>Kaikki tilauksesi digisis\u00e4ll\u00f6t ja muut s\u00e4hk\u00f6iset palvelut saat k\u00e4ytt\u00f6\u00f6si Mediatunnuksella.<\/p>\n<p><a class=\"button button--outlined\" href=\"https:\/\/oma.media.fi\/uutisvuoksi\/mediatunnukset\/\">Lue lis\u00e4\u00e4 Mediatunnuksesta<\/a><\/p>\n","protected":false},"excerpt":{"rendered":"<p>Katso mit\u00e4 kaikkea tilauksesi sis\u00e4lt\u00e4\u00e4 ja ota tuotteemme k\u00e4ytt\u00f6\u00f6n monipuolisesti. Tuotepakettisi saat selville esimerkiksi omista tiedoistasi tai viimeisimm\u00e4st\u00e4 tilauslaskustasi. Tutustu my\u00f6s monipuolisiin digisis\u00e4lt\u00f6ihimme, mobiilisovellukseen ja lukuoikeuden jakoon. Lehti ja digi Digi Lue tarkemmin eri digisis\u00e4ll\u00f6ist\u00e4mme: -verkkopalvelu N\u00e4k\u00f6islehti Sovellus Lukuoikeuden jakaminen Ota Mediatunnus k\u00e4ytt\u00f6\u00f6si Kaikki tilauksesi digisis\u00e4ll\u00f6t ja muut s\u00e4hk\u00f6iset palvelut saat k\u00e4ytt\u00f6\u00f6si Mediatunnuksella. Lue lis\u00e4\u00e4 [&hellip;]<\/p>\n","protected":false},"author":6,"featured_media":0,"parent":0,"menu_order":0,"comment_status":"closed","ping_status":"closed","template":"","meta":{"_acf_changed":false,"footnotes":""},"class_list":["post-4422","page","type-page","status-publish","hentry"],"acf":[],"yoast_head":"<!-- This site is optimized with the Yoast SEO plugin v26.2 - https:\/\/yoast.com\/wordpress\/plugins\/seo\/ -->\n<title>Tilaussis\u00e4ll\u00f6t - Uutisvuoksi<\/title>\n<meta name=\"robots\" content=\"index, follow, max-snippet:-1, max-image-preview:large, max-video-preview:-1\" \/>\n<link rel=\"canonical\" href=\"https:\/\/oma.media.fi\/uutisvuoksi\/tilaussisallot\/\" \/>\n<meta property=\"og:locale\" content=\"fi_FI\" \/>\n<meta property=\"og:type\" content=\"article\" \/>\n<meta property=\"og:title\" content=\"Tilaussis\u00e4ll\u00f6t\" \/>\n<meta property=\"og:description\" content=\"Katso mit\u00e4 kaikkea tilauksesi sis\u00e4lt\u00e4\u00e4 ja ota tuotteemme k\u00e4ytt\u00f6\u00f6n monipuolisesti. Tuotepakettisi saat selville esimerkiksi omista tiedoistasi tai viimeisimm\u00e4st\u00e4 tilauslaskustasi. Tutustu my\u00f6s monipuolisiin digisis\u00e4lt\u00f6ihimme, mobiilisovellukseen ja lukuoikeuden jakoon. Lehti ja digi Digi Lue tarkemmin eri digisis\u00e4ll\u00f6ist\u00e4mme: -verkkopalvelu N\u00e4k\u00f6islehti Sovellus Lukuoikeuden jakaminen Ota Mediatunnus k\u00e4ytt\u00f6\u00f6si Kaikki tilauksesi digisis\u00e4ll\u00f6t ja muut s\u00e4hk\u00f6iset palvelut saat k\u00e4ytt\u00f6\u00f6si Mediatunnuksella. Lue lis\u00e4\u00e4 [&hellip;]\" \/>\n<meta property=\"og:url\" content=\"https:\/\/oma.media.fi\/uutisvuoksi\/tilaussisallot\/\" \/>\n<meta property=\"og:site_name\" content=\"Uutisvuoksi\" \/>\n<meta property=\"article:modified_time\" content=\"2025-09-12T09:36:28+00:00\" \/>\n<meta property=\"og:image\" content=\"https:\/\/oma.media.fi\/uutisvuoksi\/wp-content\/uploads\/sites\/47\/2022\/01\/icon_verkkopalvelu.png\" \/>\n\t<meta property=\"og:image:width\" content=\"40\" \/>\n\t<meta property=\"og:image:height\" content=\"45\" \/>\n\t<meta property=\"og:image:type\" content=\"image\/png\" \/>\n<meta name=\"twitter:card\" content=\"summary_large_image\" \/>\n<meta name=\"twitter:label1\" content=\"Arvioitu lukuaika\" \/>\n\t<meta name=\"twitter:data1\" content=\"2 minuuttia\" \/>\n<script type=\"application\/ld+json\" class=\"yoast-schema-graph\">{\"@context\":\"https:\/\/schema.org\",\"@graph\":[{\"@type\":\"WebPage\",\"@id\":\"https:\/\/oma.media.fi\/uutisvuoksi\/tilaussisallot\/\",\"url\":\"https:\/\/oma.media.fi\/uutisvuoksi\/tilaussisallot\/\",\"name\":\"Tilaussis\u00e4ll\u00f6t - Uutisvuoksi\",\"isPartOf\":{\"@id\":\"https:\/\/oma.media.fi\/uutisvuoksi\/#website\"},\"primaryImageOfPage\":{\"@id\":\"https:\/\/oma.media.fi\/uutisvuoksi\/tilaussisallot\/#primaryimage\"},\"image\":{\"@id\":\"https:\/\/oma.media.fi\/uutisvuoksi\/tilaussisallot\/#primaryimage\"},\"thumbnailUrl\":\"https:\/\/oma.media.fi\/uutisvuoksi\/wp-content\/uploads\/sites\/47\/2022\/01\/icon_verkkopalvelu.png\",\"datePublished\":\"2021-12-20T13:48:33+00:00\",\"dateModified\":\"2025-09-12T09:36:28+00:00\",\"breadcrumb\":{\"@id\":\"https:\/\/oma.media.fi\/uutisvuoksi\/tilaussisallot\/#breadcrumb\"},\"inLanguage\":\"fi\",\"potentialAction\":[{\"@type\":\"ReadAction\",\"target\":[\"https:\/\/oma.media.fi\/uutisvuoksi\/tilaussisallot\/\"]}]},{\"@type\":\"ImageObject\",\"inLanguage\":\"fi\",\"@id\":\"https:\/\/oma.media.fi\/uutisvuoksi\/tilaussisallot\/#primaryimage\",\"url\":\"https:\/\/oma.media.fi\/uutisvuoksi\/wp-content\/uploads\/sites\/47\/2022\/01\/icon_verkkopalvelu.png\",\"contentUrl\":\"https:\/\/oma.media.fi\/uutisvuoksi\/wp-content\/uploads\/sites\/47\/2022\/01\/icon_verkkopalvelu.png\",\"width\":40,\"height\":45},{\"@type\":\"BreadcrumbList\",\"@id\":\"https:\/\/oma.media.fi\/uutisvuoksi\/tilaussisallot\/#breadcrumb\",\"itemListElement\":[{\"@type\":\"ListItem\",\"position\":1,\"name\":\"Etusivu\",\"item\":\"https:\/\/oma.media.fi\/uutisvuoksi\/\"},{\"@type\":\"ListItem\",\"position\":2,\"name\":\"Tilaussis\u00e4ll\u00f6t\"}]},{\"@type\":\"WebSite\",\"@id\":\"https:\/\/oma.media.fi\/uutisvuoksi\/#website\",\"url\":\"https:\/\/oma.media.fi\/uutisvuoksi\/\",\"name\":\"Uutisvuoksi\",\"description\":\"\",\"potentialAction\":[{\"@type\":\"SearchAction\",\"target\":{\"@type\":\"EntryPoint\",\"urlTemplate\":\"https:\/\/oma.media.fi\/uutisvuoksi\/?s={search_term_string}\"},\"query-input\":{\"@type\":\"PropertyValueSpecification\",\"valueRequired\":true,\"valueName\":\"search_term_string\"}}],\"inLanguage\":\"fi\"}]}<\/script>\n<!-- \/ Yoast SEO plugin. -->","yoast_head_json":{"title":"Tilaussis\u00e4ll\u00f6t - Uutisvuoksi","robots":{"index":"index","follow":"follow","max-snippet":"max-snippet:-1","max-image-preview":"max-image-preview:large","max-video-preview":"max-video-preview:-1"},"canonical":"https:\/\/oma.media.fi\/uutisvuoksi\/tilaussisallot\/","og_locale":"fi_FI","og_type":"article","og_title":"Tilaussis\u00e4ll\u00f6t","og_description":"Katso mit\u00e4 kaikkea tilauksesi sis\u00e4lt\u00e4\u00e4 ja ota tuotteemme k\u00e4ytt\u00f6\u00f6n monipuolisesti. Tuotepakettisi saat selville esimerkiksi omista tiedoistasi tai viimeisimm\u00e4st\u00e4 tilauslaskustasi. Tutustu my\u00f6s monipuolisiin digisis\u00e4lt\u00f6ihimme, mobiilisovellukseen ja lukuoikeuden jakoon. Lehti ja digi Digi Lue tarkemmin eri digisis\u00e4ll\u00f6ist\u00e4mme: -verkkopalvelu N\u00e4k\u00f6islehti Sovellus Lukuoikeuden jakaminen Ota Mediatunnus k\u00e4ytt\u00f6\u00f6si Kaikki tilauksesi digisis\u00e4ll\u00f6t ja muut s\u00e4hk\u00f6iset palvelut saat k\u00e4ytt\u00f6\u00f6si Mediatunnuksella. Lue lis\u00e4\u00e4 [&hellip;]","og_url":"https:\/\/oma.media.fi\/uutisvuoksi\/tilaussisallot\/","og_site_name":"Uutisvuoksi","article_modified_time":"2025-09-12T09:36:28+00:00","og_image":[{"width":40,"height":45,"url":"https:\/\/oma.media.fi\/uutisvuoksi\/wp-content\/uploads\/sites\/47\/2022\/01\/icon_verkkopalvelu.png","type":"image\/png"}],"twitter_card":"summary_large_image","twitter_misc":{"Arvioitu lukuaika":"2 minuuttia"},"schema":{"@context":"https:\/\/schema.org","@graph":[{"@type":"WebPage","@id":"https:\/\/oma.media.fi\/uutisvuoksi\/tilaussisallot\/","url":"https:\/\/oma.media.fi\/uutisvuoksi\/tilaussisallot\/","name":"Tilaussis\u00e4ll\u00f6t - Uutisvuoksi","isPartOf":{"@id":"https:\/\/oma.media.fi\/uutisvuoksi\/#website"},"primaryImageOfPage":{"@id":"https:\/\/oma.media.fi\/uutisvuoksi\/tilaussisallot\/#primaryimage"},"image":{"@id":"https:\/\/oma.media.fi\/uutisvuoksi\/tilaussisallot\/#primaryimage"},"thumbnailUrl":"https:\/\/oma.media.fi\/uutisvuoksi\/wp-content\/uploads\/sites\/47\/2022\/01\/icon_verkkopalvelu.png","datePublished":"2021-12-20T13:48:33+00:00","dateModified":"2025-09-12T09:36:28+00:00","breadcrumb":{"@id":"https:\/\/oma.media.fi\/uutisvuoksi\/tilaussisallot\/#breadcrumb"},"inLanguage":"fi","potentialAction":[{"@type":"ReadAction","target":["https:\/\/oma.media.fi\/uutisvuoksi\/tilaussisallot\/"]}]},{"@type":"ImageObject","inLanguage":"fi","@id":"https:\/\/oma.media.fi\/uutisvuoksi\/tilaussisallot\/#primaryimage","url":"https:\/\/oma.media.fi\/uutisvuoksi\/wp-content\/uploads\/sites\/47\/2022\/01\/icon_verkkopalvelu.png","contentUrl":"https:\/\/oma.media.fi\/uutisvuoksi\/wp-content\/uploads\/sites\/47\/2022\/01\/icon_verkkopalvelu.png","width":40,"height":45},{"@type":"BreadcrumbList","@id":"https:\/\/oma.media.fi\/uutisvuoksi\/tilaussisallot\/#breadcrumb","itemListElement":[{"@type":"ListItem","position":1,"name":"Etusivu","item":"https:\/\/oma.media.fi\/uutisvuoksi\/"},{"@type":"ListItem","position":2,"name":"Tilaussis\u00e4ll\u00f6t"}]},{"@type":"WebSite","@id":"https:\/\/oma.media.fi\/uutisvuoksi\/#website","url":"https:\/\/oma.media.fi\/uutisvuoksi\/","name":"Uutisvuoksi","description":"","potentialAction":[{"@type":"SearchAction","target":{"@type":"EntryPoint","urlTemplate":"https:\/\/oma.media.fi\/uutisvuoksi\/?s={search_term_string}"},"query-input":{"@type":"PropertyValueSpecification","valueRequired":true,"valueName":"search_term_string"}}],"inLanguage":"fi"}]}},"publishpress_future_action":{"enabled":false,"date":"2026-04-22 01:39:10","action":"change-status","newStatus":"draft","terms":[],"taxonomy":"","extraData":[]},"publishpress_future_workflow_manual_trigger":{"enabledWorkflows":[]},"_links":{"self":[{"href":"https:\/\/oma.media.fi\/uutisvuoksi\/wp-json\/wp\/v2\/pages\/4422","targetHints":{"allow":["GET"]}}],"collection":[{"href":"https:\/\/oma.media.fi\/uutisvuoksi\/wp-json\/wp\/v2\/pages"}],"about":[{"href":"https:\/\/oma.media.fi\/uutisvuoksi\/wp-json\/wp\/v2\/types\/page"}],"author":[{"embeddable":true,"href":"https:\/\/oma.media.fi\/uutisvuoksi\/wp-json\/wp\/v2\/users\/6"}],"replies":[{"embeddable":true,"href":"https:\/\/oma.media.fi\/uutisvuoksi\/wp-json\/wp\/v2\/comments?post=4422"}],"version-history":[{"count":29,"href":"https:\/\/oma.media.fi\/uutisvuoksi\/wp-json\/wp\/v2\/pages\/4422\/revisions"}],"predecessor-version":[{"id":6769,"href":"https:\/\/oma.media.fi\/uutisvuoksi\/wp-json\/wp\/v2\/pages\/4422\/revisions\/6769"}],"wp:attachment":[{"href":"https:\/\/oma.media.fi\/uutisvuoksi\/wp-json\/wp\/v2\/media?parent=4422"}],"curies":[{"name":"wp","href":"https:\/\/api.w.org\/{rel}","templated":true}]}}