{"id":46,"date":"2019-02-13T13:50:43","date_gmt":"2019-02-13T11:50:43","guid":{"rendered":"https:\/\/oma.media.fi\/uutisvuoksi\/tilauslaskutus\/lisaveloitukset\/"},"modified":"2023-12-13T13:13:58","modified_gmt":"2023-12-13T11:13:58","slug":"lisaveloitukset","status":"publish","type":"page","link":"https:\/\/oma.media.fi\/uutisvuoksi\/tilauslaskutus\/lisaveloitukset\/","title":{"rendered":"Lis\u00e4veloitukset"},"content":{"rendered":"<p><a href=\"https:\/\/oma.media.fi\/uutisvuoksi\/wp-content\/uploads\/sites\/47\/2020\/03\/1607113-piggy-bank.jpg\"><img loading=\"lazy\" decoding=\"async\" class=\" wp-image-47 alignright\" src=\"https:\/\/oma.media.fi\/uutisvuoksi\/wp-content\/uploads\/sites\/47\/2020\/03\/1607113-piggy-bank.jpg\" alt=\"Lehtilaskuihin liittyv\u00e4t lis\u00e4veloitukset\" width=\"251\" height=\"377\" srcset=\"https:\/\/oma.media.fi\/uutisvuoksi\/wp-content\/uploads\/sites\/47\/2020\/03\/1607113-piggy-bank.jpg 400w, https:\/\/oma.media.fi\/uutisvuoksi\/wp-content\/uploads\/sites\/47\/2020\/03\/1607113-piggy-bank-200x300.jpg 200w\" sizes=\"auto, (max-width: 251px) 100vw, 251px\" \/><\/a>Mediatalo Keskisuomalaisen tilauslaskuihin voidaan lis\u00e4t\u00e4 lis\u00e4veloituksia maksutavasta tai maksuerien m\u00e4\u00e4r\u00e4st\u00e4, lehden tai laskun toimitustavasta riippuen. Lis\u00e4veloitukset sis\u00e4lt\u00e4v\u00e4t kulloinkin voimassaolevan arvonlis\u00e4veron.<\/p>\n<ul>\n<li>Postitse toimitetun tilauksen paperilaskun <strong>k\u00e4sittely- ja postituskulu 4,90 \u20ac<\/strong> \/ lasku (sis. alv)<\/li>\n<li><strong>Postimaksu ulkomaan tilauksissa<\/strong> (ennen 15.12.2022 voimassa olleissa) paperilehden toimittamisesta Suomen ulkopuolelle: tilausmaksun lis\u00e4ksi veloitamme <a href=\"https:\/\/www.posti.fi\/fi\/henkiloille\/laheta\/kirjeet-ja-kortit-ulkomaille\" target=\"_blank\" rel=\"noopener noreferrer\">postimaksun<\/a> (sis. alv), joka m\u00e4\u00e4r\u00e4ytyy kohdemaan ja kuljetusnopeuden mukaan, lis\u00e4tietoa postimaksusta saat oman lehtesi asiakaspalvelusta.<\/li>\n<li><strong>Eurom\u00e4\u00e4r\u00e4inen er\u00e4lis\u00e4<\/strong> (sis. alv) maksettaessa kestotilaus useammassa kuin yhdess\u00e4 vuosittaisessa maksuer\u00e4ss\u00e4 tai m\u00e4\u00e4r\u00e4aikainen tilaus useammassa kuin yhdess\u00e4 er\u00e4ss\u00e4. Er\u00e4lis\u00e4n hinta vaihtelee lehditt\u00e4in tai kampanjoittain.<\/li>\n<li>Virheellisesti maksetun tai ylim\u00e4\u00e4r\u00e4isen maksun<strong> palautuksen k\u00e4sittelykulu<\/strong> <strong>5,00<\/strong> \u20ac (sis. alv).\n<ul>\n<li>ylim\u00e4\u00e4r\u00e4isen tai virheellisesti maksetun tilausmaksun palautuksen yhteydess\u00e4<\/li>\n<li>k\u00e4sittelykulua ei veloiteta, jos asiakas on maksanut ylim\u00e4\u00e4r\u00e4ist\u00e4 tilausmaksua ja raha k\u00e4ytet\u00e4\u00e4n seuraavan laskun maksamiseen tai jos rahan palauttaminen liittyy kuolemantapaukseen.<\/li>\n<\/ul>\n<\/li>\n<li><strong>Maksumuistutusmaksu<\/strong> <strong>on 5 \u20ac<\/strong> (alv 0%)<\/li>\n<li>Maksamattomien laskujen perinn\u00e4n hoitaa perint\u00e4toimisto, jolloin perint\u00e4\u00e4n liittyy perint\u00e4toimiston veloittamia korko- ja k\u00e4sittelykuluja.<\/li>\n<\/ul>\n","protected":false},"excerpt":{"rendered":"<p>Mediatalo Keskisuomalaisen tilauslaskuihin voidaan lis\u00e4t\u00e4 lis\u00e4veloituksia maksutavasta tai maksuerien m\u00e4\u00e4r\u00e4st\u00e4, lehden tai laskun toimitustavasta riippuen. Lis\u00e4veloitukset sis\u00e4lt\u00e4v\u00e4t kulloinkin voimassaolevan arvonlis\u00e4veron. Postitse toimitetun tilauksen paperilaskun k\u00e4sittely- ja postituskulu 4,90 \u20ac \/ lasku (sis. alv) Postimaksu ulkomaan tilauksissa (ennen 15.12.2022 voimassa olleissa) paperilehden toimittamisesta Suomen ulkopuolelle: tilausmaksun lis\u00e4ksi veloitamme postimaksun (sis. alv), joka m\u00e4\u00e4r\u00e4ytyy kohdemaan ja kuljetusnopeuden [&hellip;]<\/p>\n","protected":false},"author":1,"featured_media":0,"parent":37,"menu_order":0,"comment_status":"closed","ping_status":"closed","template":"","meta":{"_acf_changed":false,"footnotes":""},"class_list":["post-46","page","type-page","status-publish","hentry"],"acf":[],"yoast_head":"<!-- This site is optimized with the Yoast SEO plugin v26.2 - https:\/\/yoast.com\/wordpress\/plugins\/seo\/ -->\n<title>Lis\u00e4veloitukset - Uutisvuoksi<\/title>\n<meta name=\"description\" content=\"Mediatalo Keskisuomalaisen tilauslaskuihin liittyv\u00e4t lis\u00e4veloitukset riippuvat maksutavasta tai -erien m\u00e4\u00e4r\u00e4st\u00e4, lehden tai laskun toimitustavasta.\" \/>\n<meta name=\"robots\" content=\"index, follow, max-snippet:-1, max-image-preview:large, max-video-preview:-1\" \/>\n<link rel=\"canonical\" href=\"https:\/\/oma.media.fi\/uutisvuoksi\/tilauslaskutus\/lisaveloitukset\/\" \/>\n<meta property=\"og:locale\" content=\"fi_FI\" \/>\n<meta property=\"og:type\" content=\"article\" \/>\n<meta property=\"og:title\" content=\"Lis\u00e4veloitukset\" \/>\n<meta property=\"og:description\" content=\"Mediatalo Keskisuomalaisen tilauslaskuihin liittyv\u00e4t lis\u00e4veloitukset riippuvat maksutavasta tai -erien m\u00e4\u00e4r\u00e4st\u00e4, lehden tai laskun toimitustavasta.\" \/>\n<meta property=\"og:url\" content=\"https:\/\/oma.media.fi\/uutisvuoksi\/tilauslaskutus\/lisaveloitukset\/\" \/>\n<meta property=\"og:site_name\" content=\"Uutisvuoksi\" \/>\n<meta property=\"article:modified_time\" content=\"2023-12-13T11:13:58+00:00\" \/>\n<meta property=\"og:image\" content=\"https:\/\/oma.media.fi\/uutisvuoksi\/wp-content\/uploads\/sites\/47\/2020\/03\/1607113-piggy-bank.jpg\" \/>\n<meta name=\"twitter:card\" content=\"summary_large_image\" \/>\n<meta name=\"twitter:label1\" content=\"Arvioitu lukuaika\" \/>\n\t<meta name=\"twitter:data1\" content=\"2 minuuttia\" \/>\n<script type=\"application\/ld+json\" class=\"yoast-schema-graph\">{\"@context\":\"https:\/\/schema.org\",\"@graph\":[{\"@type\":\"WebPage\",\"@id\":\"https:\/\/oma.media.fi\/uutisvuoksi\/tilauslaskutus\/lisaveloitukset\/\",\"url\":\"https:\/\/oma.media.fi\/uutisvuoksi\/tilauslaskutus\/lisaveloitukset\/\",\"name\":\"Lis\u00e4veloitukset - Uutisvuoksi\",\"isPartOf\":{\"@id\":\"https:\/\/oma.media.fi\/uutisvuoksi\/#website\"},\"primaryImageOfPage\":{\"@id\":\"https:\/\/oma.media.fi\/uutisvuoksi\/tilauslaskutus\/lisaveloitukset\/#primaryimage\"},\"image\":{\"@id\":\"https:\/\/oma.media.fi\/uutisvuoksi\/tilauslaskutus\/lisaveloitukset\/#primaryimage\"},\"thumbnailUrl\":\"https:\/\/oma.media.fi\/uutisvuoksi\/wp-content\/uploads\/sites\/47\/2020\/03\/1607113-piggy-bank.jpg\",\"datePublished\":\"2019-02-13T11:50:43+00:00\",\"dateModified\":\"2023-12-13T11:13:58+00:00\",\"description\":\"Mediatalo Keskisuomalaisen tilauslaskuihin liittyv\u00e4t lis\u00e4veloitukset riippuvat maksutavasta tai -erien m\u00e4\u00e4r\u00e4st\u00e4, lehden tai laskun toimitustavasta.\",\"breadcrumb\":{\"@id\":\"https:\/\/oma.media.fi\/uutisvuoksi\/tilauslaskutus\/lisaveloitukset\/#breadcrumb\"},\"inLanguage\":\"fi\",\"potentialAction\":[{\"@type\":\"ReadAction\",\"target\":[\"https:\/\/oma.media.fi\/uutisvuoksi\/tilauslaskutus\/lisaveloitukset\/\"]}]},{\"@type\":\"ImageObject\",\"inLanguage\":\"fi\",\"@id\":\"https:\/\/oma.media.fi\/uutisvuoksi\/tilauslaskutus\/lisaveloitukset\/#primaryimage\",\"url\":\"https:\/\/oma.media.fi\/uutisvuoksi\/wp-content\/uploads\/sites\/47\/2020\/03\/1607113-piggy-bank.jpg\",\"contentUrl\":\"https:\/\/oma.media.fi\/uutisvuoksi\/wp-content\/uploads\/sites\/47\/2020\/03\/1607113-piggy-bank.jpg\"},{\"@type\":\"BreadcrumbList\",\"@id\":\"https:\/\/oma.media.fi\/uutisvuoksi\/tilauslaskutus\/lisaveloitukset\/#breadcrumb\",\"itemListElement\":[{\"@type\":\"ListItem\",\"position\":1,\"name\":\"Etusivu\",\"item\":\"https:\/\/oma.media.fi\/uutisvuoksi\/\"},{\"@type\":\"ListItem\",\"position\":2,\"name\":\"Lis\u00e4veloitukset\"}]},{\"@type\":\"WebSite\",\"@id\":\"https:\/\/oma.media.fi\/uutisvuoksi\/#website\",\"url\":\"https:\/\/oma.media.fi\/uutisvuoksi\/\",\"name\":\"Uutisvuoksi\",\"description\":\"\",\"potentialAction\":[{\"@type\":\"SearchAction\",\"target\":{\"@type\":\"EntryPoint\",\"urlTemplate\":\"https:\/\/oma.media.fi\/uutisvuoksi\/?s={search_term_string}\"},\"query-input\":{\"@type\":\"PropertyValueSpecification\",\"valueRequired\":true,\"valueName\":\"search_term_string\"}}],\"inLanguage\":\"fi\"}]}<\/script>\n<!-- \/ Yoast SEO plugin. -->","yoast_head_json":{"title":"Lis\u00e4veloitukset - Uutisvuoksi","description":"Mediatalo Keskisuomalaisen tilauslaskuihin liittyv\u00e4t lis\u00e4veloitukset riippuvat maksutavasta tai -erien m\u00e4\u00e4r\u00e4st\u00e4, lehden tai laskun toimitustavasta.","robots":{"index":"index","follow":"follow","max-snippet":"max-snippet:-1","max-image-preview":"max-image-preview:large","max-video-preview":"max-video-preview:-1"},"canonical":"https:\/\/oma.media.fi\/uutisvuoksi\/tilauslaskutus\/lisaveloitukset\/","og_locale":"fi_FI","og_type":"article","og_title":"Lis\u00e4veloitukset","og_description":"Mediatalo Keskisuomalaisen tilauslaskuihin liittyv\u00e4t lis\u00e4veloitukset riippuvat maksutavasta tai -erien m\u00e4\u00e4r\u00e4st\u00e4, lehden tai laskun toimitustavasta.","og_url":"https:\/\/oma.media.fi\/uutisvuoksi\/tilauslaskutus\/lisaveloitukset\/","og_site_name":"Uutisvuoksi","article_modified_time":"2023-12-13T11:13:58+00:00","og_image":[{"url":"https:\/\/oma.media.fi\/uutisvuoksi\/wp-content\/uploads\/sites\/47\/2020\/03\/1607113-piggy-bank.jpg","type":"","width":"","height":""}],"twitter_card":"summary_large_image","twitter_misc":{"Arvioitu lukuaika":"2 minuuttia"},"schema":{"@context":"https:\/\/schema.org","@graph":[{"@type":"WebPage","@id":"https:\/\/oma.media.fi\/uutisvuoksi\/tilauslaskutus\/lisaveloitukset\/","url":"https:\/\/oma.media.fi\/uutisvuoksi\/tilauslaskutus\/lisaveloitukset\/","name":"Lis\u00e4veloitukset - Uutisvuoksi","isPartOf":{"@id":"https:\/\/oma.media.fi\/uutisvuoksi\/#website"},"primaryImageOfPage":{"@id":"https:\/\/oma.media.fi\/uutisvuoksi\/tilauslaskutus\/lisaveloitukset\/#primaryimage"},"image":{"@id":"https:\/\/oma.media.fi\/uutisvuoksi\/tilauslaskutus\/lisaveloitukset\/#primaryimage"},"thumbnailUrl":"https:\/\/oma.media.fi\/uutisvuoksi\/wp-content\/uploads\/sites\/47\/2020\/03\/1607113-piggy-bank.jpg","datePublished":"2019-02-13T11:50:43+00:00","dateModified":"2023-12-13T11:13:58+00:00","description":"Mediatalo Keskisuomalaisen tilauslaskuihin liittyv\u00e4t lis\u00e4veloitukset riippuvat maksutavasta tai -erien m\u00e4\u00e4r\u00e4st\u00e4, lehden tai laskun toimitustavasta.","breadcrumb":{"@id":"https:\/\/oma.media.fi\/uutisvuoksi\/tilauslaskutus\/lisaveloitukset\/#breadcrumb"},"inLanguage":"fi","potentialAction":[{"@type":"ReadAction","target":["https:\/\/oma.media.fi\/uutisvuoksi\/tilauslaskutus\/lisaveloitukset\/"]}]},{"@type":"ImageObject","inLanguage":"fi","@id":"https:\/\/oma.media.fi\/uutisvuoksi\/tilauslaskutus\/lisaveloitukset\/#primaryimage","url":"https:\/\/oma.media.fi\/uutisvuoksi\/wp-content\/uploads\/sites\/47\/2020\/03\/1607113-piggy-bank.jpg","contentUrl":"https:\/\/oma.media.fi\/uutisvuoksi\/wp-content\/uploads\/sites\/47\/2020\/03\/1607113-piggy-bank.jpg"},{"@type":"BreadcrumbList","@id":"https:\/\/oma.media.fi\/uutisvuoksi\/tilauslaskutus\/lisaveloitukset\/#breadcrumb","itemListElement":[{"@type":"ListItem","position":1,"name":"Etusivu","item":"https:\/\/oma.media.fi\/uutisvuoksi\/"},{"@type":"ListItem","position":2,"name":"Lis\u00e4veloitukset"}]},{"@type":"WebSite","@id":"https:\/\/oma.media.fi\/uutisvuoksi\/#website","url":"https:\/\/oma.media.fi\/uutisvuoksi\/","name":"Uutisvuoksi","description":"","potentialAction":[{"@type":"SearchAction","target":{"@type":"EntryPoint","urlTemplate":"https:\/\/oma.media.fi\/uutisvuoksi\/?s={search_term_string}"},"query-input":{"@type":"PropertyValueSpecification","valueRequired":true,"valueName":"search_term_string"}}],"inLanguage":"fi"}]}},"publishpress_future_action":{"enabled":false,"date":"2026-04-22 13:32:24","action":"change-status","newStatus":"draft","terms":[],"taxonomy":"","extraData":[]},"publishpress_future_workflow_manual_trigger":{"enabledWorkflows":[]},"_links":{"self":[{"href":"https:\/\/oma.media.fi\/uutisvuoksi\/wp-json\/wp\/v2\/pages\/46","targetHints":{"allow":["GET"]}}],"collection":[{"href":"https:\/\/oma.media.fi\/uutisvuoksi\/wp-json\/wp\/v2\/pages"}],"about":[{"href":"https:\/\/oma.media.fi\/uutisvuoksi\/wp-json\/wp\/v2\/types\/page"}],"author":[{"embeddable":true,"href":"https:\/\/oma.media.fi\/uutisvuoksi\/wp-json\/wp\/v2\/users\/1"}],"replies":[{"embeddable":true,"href":"https:\/\/oma.media.fi\/uutisvuoksi\/wp-json\/wp\/v2\/comments?post=46"}],"version-history":[{"count":19,"href":"https:\/\/oma.media.fi\/uutisvuoksi\/wp-json\/wp\/v2\/pages\/46\/revisions"}],"predecessor-version":[{"id":5914,"href":"https:\/\/oma.media.fi\/uutisvuoksi\/wp-json\/wp\/v2\/pages\/46\/revisions\/5914"}],"up":[{"embeddable":true,"href":"https:\/\/oma.media.fi\/uutisvuoksi\/wp-json\/wp\/v2\/pages\/37"}],"wp:attachment":[{"href":"https:\/\/oma.media.fi\/uutisvuoksi\/wp-json\/wp\/v2\/media?parent=46"}],"curies":[{"name":"wp","href":"https:\/\/api.w.org\/{rel}","templated":true}]}}