{"id":54,"date":"2019-02-07T16:04:08","date_gmt":"2019-02-07T14:04:08","guid":{"rendered":"https:\/\/oma.media.fi\/uutisvuoksi\/tilauslaskutus\/verkkopankki-ja-korttimaksut\/"},"modified":"2025-09-10T08:56:06","modified_gmt":"2025-09-10T05:56:06","slug":"verkkopankki-ja-korttimaksut","status":"publish","type":"page","link":"https:\/\/oma.media.fi\/uutisvuoksi\/tilauslaskutus\/verkkopankki-ja-korttimaksut\/","title":{"rendered":"Verkkopankki- ja korttimaksut"},"content":{"rendered":"<p><a href=\"https:\/\/oma.media.fi\/uutisvuoksi\/wp-content\/uploads\/sites\/47\/2020\/03\/561582-online-shopping-with-credit-card-1.jpg\"><img loading=\"lazy\" decoding=\"async\" class=\" wp-image-55 alignright\" src=\"https:\/\/oma.media.fi\/uutisvuoksi\/wp-content\/uploads\/sites\/47\/2020\/03\/561582-online-shopping-with-credit-card-1.jpg\" alt=\"Lehden tilaaminen luottokortilla\" width=\"271\" height=\"397\" srcset=\"https:\/\/oma.media.fi\/uutisvuoksi\/wp-content\/uploads\/sites\/47\/2020\/03\/561582-online-shopping-with-credit-card-1.jpg 410w, https:\/\/oma.media.fi\/uutisvuoksi\/wp-content\/uploads\/sites\/47\/2020\/03\/561582-online-shopping-with-credit-card-1-205x300.jpg 205w\" sizes=\"auto, (max-width: 271px) 100vw, 271px\" \/><\/a>Maksa lehtitilauksesi verkkopankkitunnuksilla tai korttimaksuina.\u00a0 Verkossa tilatessasi voit maksaa maksaa tilauksen verkkopankissa verkkopankkitunnuksillasi, maksukorteilla (credit\/debit) tai luottokortilla. Tarjottavat maksutavat voivat vaihdella lehti-, tilauslaji- tai kampanjakohtaisesti.<\/p>\n<p>Jos valitset kestotilauksen maksutavaksi verkkopankkimaksun, <strong>ensimm\u00e4inen veloitus tapahtuu verkkopankista <\/strong>ja seuraavista tilausjaksoista saat paperilaskun. Voit muuttaa laskutustapaasi koska tahansa, <a href=\"https:\/\/oma.media.fi\/uutisvuoksi\/tilauslaskutus\/\">katso tarkempia tietoja t\u00e4st\u00e4<\/a>.<\/p>\n<p>Verkkokaupan maksuv\u00e4litt\u00e4j\u00e4n\u00e4 toimii <strong>Visma Pay<\/strong><strong>\u00a0(Paybyway Oy, y-tunnus 2486559-4)<\/strong>, joka on rekister\u00f6ity <a href=\"https:\/\/www.finanssivalvonta.fi\/\" target=\"_blank\" rel=\"noopener noreferrer\">Finanssivalvonnan<\/a> yll\u00e4pit\u00e4m\u00e4\u00e4n maksulaitosrekisteriin tai\u00a0<strong>Adyen N.V.<\/strong> <strong>(VAT: NL817154243B01)<\/strong>. Maksamiseen siirryt\u00e4\u00e4n Visma Pay:n tai Adyen N.V.:n verkkopalvelun ja sen kumppanina toimivaan Paytrail Oyj kautta ja yhti\u00f6t v\u00e4litt\u00e4v\u00e4t maksut Mediakonserni Keskisuomalaiselle. Asiakkaan tiliotteella \/ korttilaskulla maksun saajana n\u00e4kyy Visma tai Adyen. Maksaminen on turvallista, sill\u00e4 kaikki maksutapahtumaa koskevat tiedot v\u00e4litet\u00e4\u00e4n salattua yhteytt\u00e4 k\u00e4ytt\u00e4en niin, ettei kukaan ulkopuolinen taho n\u00e4e maksutapahtuman tietoja. Kauppa syntyy tilaaja-asiakkaan ja Mediakonserni Keskisuomalaisen v\u00e4lille. Mediakonserni Keskisuomalainen vastaa kaikista kauppaan liittyvist\u00e4 velvoitteista. K\u00e4ytett\u00e4viss\u00e4 ovat seuraavat maksutavat: <a href=\"https:\/\/www.op.fi\/\" target=\"_blank\" rel=\"noopener noreferrer\">Osuuspankki<\/a>, <a href=\"https:\/\/www.nordea.fi\/\" target=\"_blank\" rel=\"noopener noreferrer\">Nordea<\/a>, <a href=\"https:\/\/danskebank.fi\/\" target=\"_blank\" rel=\"noopener noreferrer\">Danske Bank<\/a>, <a href=\"https:\/\/www.saastopankki.fi\/fi-fi\" target=\"_blank\" rel=\"noopener noreferrer\">S\u00e4\u00e4st\u00f6pankki<\/a>, <a href=\"https:\/\/www.omasp.fi\/fi\" target=\"_blank\" rel=\"noopener noreferrer\">Oma S\u00e4\u00e4st\u00f6pankki<\/a>, <a href=\"https:\/\/www.aktia.fi\/fi\/\" target=\"_blank\" rel=\"noopener noreferrer\">Aktia<\/a>, <a href=\"https:\/\/www.poppankki.fi\/\" target=\"_blank\" rel=\"noopener noreferrer\">Paikallisosuuspankit<\/a>, <a href=\"https:\/\/www.s-pankki.fi\/\" target=\"_blank\" rel=\"noopener noreferrer\">S-Pankki<\/a>, <a href=\"https:\/\/www.handelsbanken.fi\/fi\/\" target=\"_blank\" rel=\"noopener noreferrer\">Handelsbanken<\/a>, <a href=\"https:\/\/www.alandsbanken.fi\/\" target=\"_blank\" rel=\"noopener noreferrer\">\u00c5landsbanken<\/a>, <a href=\"https:\/\/www.visa.fi\/fi_FI\" target=\"_blank\" rel=\"noopener noreferrer\">Visa-, Visa Debit-, Visa Electron-<\/a>, <a href=\"https:\/\/www.mastercard.fi\/fi-fi.html\" target=\"_blank\" rel=\"noopener noreferrer\">MasterCard- ja Debit MasterCard<\/a> -kortit.<\/p>\n<p>&nbsp;<\/p>\n<h2>Toistuva korttimaksu<\/h2>\n<p>Toistuva korttimaksu on <strong>mahdollinen verkossa tehdyiss\u00e4 verkkotuotteen tilauksissa<\/strong> Visa, Visa Electron tai MasterCard-korteilla. Toistuvassa korttimaksussa veloitus tehd\u00e4\u00e4n tilaajan kortilta etuk\u00e4teen kerran kuukaudessa. Tilaajan tulee varata tilille riitt\u00e4v\u00e4 kate, jotta veloitus voidaan tehd\u00e4. Jos asiakkaan kortilla ei ole katetta\/kortti on vanhentunut, l\u00e4het\u00e4mme tilaajalle viestin. Mik\u00e4li maksu viiv\u00e4styy t\u00e4st\u00e4 huolimatta, tilaus katkeaa maksetun jakson loppuun.<\/p>\n","protected":false},"excerpt":{"rendered":"<p>Maksa lehtitilauksesi verkkopankkitunnuksilla tai korttimaksuina.\u00a0 Verkossa tilatessasi voit maksaa maksaa tilauksen verkkopankissa verkkopankkitunnuksillasi, maksukorteilla (credit\/debit) tai luottokortilla. Tarjottavat maksutavat voivat vaihdella lehti-, tilauslaji- tai kampanjakohtaisesti. Jos valitset kestotilauksen maksutavaksi verkkopankkimaksun, ensimm\u00e4inen veloitus tapahtuu verkkopankista ja seuraavista tilausjaksoista saat paperilaskun. Voit muuttaa laskutustapaasi koska tahansa, katso tarkempia tietoja t\u00e4st\u00e4. Verkkokaupan maksuv\u00e4litt\u00e4j\u00e4n\u00e4 toimii Visma Pay\u00a0(Paybyway Oy, y-tunnus [&hellip;]<\/p>\n","protected":false},"author":1,"featured_media":0,"parent":37,"menu_order":0,"comment_status":"closed","ping_status":"closed","template":"","meta":{"_acf_changed":false,"footnotes":""},"class_list":["post-54","page","type-page","status-publish","hentry"],"acf":[],"yoast_head":"<!-- This site is optimized with the Yoast SEO plugin v26.2 - https:\/\/yoast.com\/wordpress\/plugins\/seo\/ -->\n<title>Verkkopankki- ja korttimaksut - Uutisvuoksi<\/title>\n<meta name=\"description\" content=\"Maksa lehtitilauksesi verkkopankkitunnuksilla tai korttimaksuina. 1. veloitus tapahtuu verkkopankista ja seuraavat paperilaskuna.\" \/>\n<meta name=\"robots\" content=\"index, follow, max-snippet:-1, max-image-preview:large, max-video-preview:-1\" \/>\n<link rel=\"canonical\" href=\"https:\/\/oma.media.fi\/uutisvuoksi\/tilauslaskutus\/verkkopankki-ja-korttimaksut\/\" \/>\n<meta property=\"og:locale\" content=\"fi_FI\" \/>\n<meta property=\"og:type\" content=\"article\" \/>\n<meta property=\"og:title\" content=\"Verkkopankki- ja korttimaksut\" \/>\n<meta property=\"og:description\" content=\"Maksa lehtitilauksesi verkkopankkitunnuksilla tai korttimaksuina. 1. veloitus tapahtuu verkkopankista ja seuraavat paperilaskuna.\" \/>\n<meta property=\"og:url\" content=\"https:\/\/oma.media.fi\/uutisvuoksi\/tilauslaskutus\/verkkopankki-ja-korttimaksut\/\" \/>\n<meta property=\"og:site_name\" content=\"Uutisvuoksi\" \/>\n<meta property=\"article:modified_time\" content=\"2025-09-10T05:56:06+00:00\" \/>\n<meta property=\"og:image\" content=\"https:\/\/oma.media.fi\/uutisvuoksi\/wp-content\/uploads\/sites\/47\/2020\/03\/561582-online-shopping-with-credit-card-1.jpg\" \/>\n\t<meta property=\"og:image:width\" content=\"410\" \/>\n\t<meta property=\"og:image:height\" content=\"600\" \/>\n\t<meta property=\"og:image:type\" content=\"image\/jpeg\" \/>\n<meta name=\"twitter:card\" content=\"summary_large_image\" \/>\n<meta name=\"twitter:label1\" content=\"Arvioitu lukuaika\" \/>\n\t<meta name=\"twitter:data1\" content=\"2 minuuttia\" \/>\n<script type=\"application\/ld+json\" class=\"yoast-schema-graph\">{\"@context\":\"https:\/\/schema.org\",\"@graph\":[{\"@type\":\"WebPage\",\"@id\":\"https:\/\/oma.media.fi\/uutisvuoksi\/tilauslaskutus\/verkkopankki-ja-korttimaksut\/\",\"url\":\"https:\/\/oma.media.fi\/uutisvuoksi\/tilauslaskutus\/verkkopankki-ja-korttimaksut\/\",\"name\":\"Verkkopankki- ja korttimaksut - Uutisvuoksi\",\"isPartOf\":{\"@id\":\"https:\/\/oma.media.fi\/uutisvuoksi\/#website\"},\"primaryImageOfPage\":{\"@id\":\"https:\/\/oma.media.fi\/uutisvuoksi\/tilauslaskutus\/verkkopankki-ja-korttimaksut\/#primaryimage\"},\"image\":{\"@id\":\"https:\/\/oma.media.fi\/uutisvuoksi\/tilauslaskutus\/verkkopankki-ja-korttimaksut\/#primaryimage\"},\"thumbnailUrl\":\"https:\/\/oma.media.fi\/uutisvuoksi\/wp-content\/uploads\/sites\/47\/2020\/03\/561582-online-shopping-with-credit-card-1.jpg\",\"datePublished\":\"2019-02-07T14:04:08+00:00\",\"dateModified\":\"2025-09-10T05:56:06+00:00\",\"description\":\"Maksa lehtitilauksesi verkkopankkitunnuksilla tai korttimaksuina. 1. veloitus tapahtuu verkkopankista ja seuraavat paperilaskuna.\",\"breadcrumb\":{\"@id\":\"https:\/\/oma.media.fi\/uutisvuoksi\/tilauslaskutus\/verkkopankki-ja-korttimaksut\/#breadcrumb\"},\"inLanguage\":\"fi\",\"potentialAction\":[{\"@type\":\"ReadAction\",\"target\":[\"https:\/\/oma.media.fi\/uutisvuoksi\/tilauslaskutus\/verkkopankki-ja-korttimaksut\/\"]}]},{\"@type\":\"ImageObject\",\"inLanguage\":\"fi\",\"@id\":\"https:\/\/oma.media.fi\/uutisvuoksi\/tilauslaskutus\/verkkopankki-ja-korttimaksut\/#primaryimage\",\"url\":\"https:\/\/oma.media.fi\/uutisvuoksi\/wp-content\/uploads\/sites\/47\/2020\/03\/561582-online-shopping-with-credit-card-1.jpg\",\"contentUrl\":\"https:\/\/oma.media.fi\/uutisvuoksi\/wp-content\/uploads\/sites\/47\/2020\/03\/561582-online-shopping-with-credit-card-1.jpg\"},{\"@type\":\"BreadcrumbList\",\"@id\":\"https:\/\/oma.media.fi\/uutisvuoksi\/tilauslaskutus\/verkkopankki-ja-korttimaksut\/#breadcrumb\",\"itemListElement\":[{\"@type\":\"ListItem\",\"position\":1,\"name\":\"Etusivu\",\"item\":\"https:\/\/oma.media.fi\/uutisvuoksi\/\"},{\"@type\":\"ListItem\",\"position\":2,\"name\":\"Verkkopankki- ja korttimaksut\"}]},{\"@type\":\"WebSite\",\"@id\":\"https:\/\/oma.media.fi\/uutisvuoksi\/#website\",\"url\":\"https:\/\/oma.media.fi\/uutisvuoksi\/\",\"name\":\"Uutisvuoksi\",\"description\":\"\",\"potentialAction\":[{\"@type\":\"SearchAction\",\"target\":{\"@type\":\"EntryPoint\",\"urlTemplate\":\"https:\/\/oma.media.fi\/uutisvuoksi\/?s={search_term_string}\"},\"query-input\":{\"@type\":\"PropertyValueSpecification\",\"valueRequired\":true,\"valueName\":\"search_term_string\"}}],\"inLanguage\":\"fi\"}]}<\/script>\n<!-- \/ Yoast SEO plugin. -->","yoast_head_json":{"title":"Verkkopankki- ja korttimaksut - Uutisvuoksi","description":"Maksa lehtitilauksesi verkkopankkitunnuksilla tai korttimaksuina. 1. veloitus tapahtuu verkkopankista ja seuraavat paperilaskuna.","robots":{"index":"index","follow":"follow","max-snippet":"max-snippet:-1","max-image-preview":"max-image-preview:large","max-video-preview":"max-video-preview:-1"},"canonical":"https:\/\/oma.media.fi\/uutisvuoksi\/tilauslaskutus\/verkkopankki-ja-korttimaksut\/","og_locale":"fi_FI","og_type":"article","og_title":"Verkkopankki- ja korttimaksut","og_description":"Maksa lehtitilauksesi verkkopankkitunnuksilla tai korttimaksuina. 1. veloitus tapahtuu verkkopankista ja seuraavat paperilaskuna.","og_url":"https:\/\/oma.media.fi\/uutisvuoksi\/tilauslaskutus\/verkkopankki-ja-korttimaksut\/","og_site_name":"Uutisvuoksi","article_modified_time":"2025-09-10T05:56:06+00:00","og_image":[{"width":410,"height":600,"url":"https:\/\/oma.media.fi\/uutisvuoksi\/wp-content\/uploads\/sites\/47\/2020\/03\/561582-online-shopping-with-credit-card-1.jpg","type":"image\/jpeg"}],"twitter_card":"summary_large_image","twitter_misc":{"Arvioitu lukuaika":"2 minuuttia"},"schema":{"@context":"https:\/\/schema.org","@graph":[{"@type":"WebPage","@id":"https:\/\/oma.media.fi\/uutisvuoksi\/tilauslaskutus\/verkkopankki-ja-korttimaksut\/","url":"https:\/\/oma.media.fi\/uutisvuoksi\/tilauslaskutus\/verkkopankki-ja-korttimaksut\/","name":"Verkkopankki- ja korttimaksut - Uutisvuoksi","isPartOf":{"@id":"https:\/\/oma.media.fi\/uutisvuoksi\/#website"},"primaryImageOfPage":{"@id":"https:\/\/oma.media.fi\/uutisvuoksi\/tilauslaskutus\/verkkopankki-ja-korttimaksut\/#primaryimage"},"image":{"@id":"https:\/\/oma.media.fi\/uutisvuoksi\/tilauslaskutus\/verkkopankki-ja-korttimaksut\/#primaryimage"},"thumbnailUrl":"https:\/\/oma.media.fi\/uutisvuoksi\/wp-content\/uploads\/sites\/47\/2020\/03\/561582-online-shopping-with-credit-card-1.jpg","datePublished":"2019-02-07T14:04:08+00:00","dateModified":"2025-09-10T05:56:06+00:00","description":"Maksa lehtitilauksesi verkkopankkitunnuksilla tai korttimaksuina. 1. veloitus tapahtuu verkkopankista ja seuraavat paperilaskuna.","breadcrumb":{"@id":"https:\/\/oma.media.fi\/uutisvuoksi\/tilauslaskutus\/verkkopankki-ja-korttimaksut\/#breadcrumb"},"inLanguage":"fi","potentialAction":[{"@type":"ReadAction","target":["https:\/\/oma.media.fi\/uutisvuoksi\/tilauslaskutus\/verkkopankki-ja-korttimaksut\/"]}]},{"@type":"ImageObject","inLanguage":"fi","@id":"https:\/\/oma.media.fi\/uutisvuoksi\/tilauslaskutus\/verkkopankki-ja-korttimaksut\/#primaryimage","url":"https:\/\/oma.media.fi\/uutisvuoksi\/wp-content\/uploads\/sites\/47\/2020\/03\/561582-online-shopping-with-credit-card-1.jpg","contentUrl":"https:\/\/oma.media.fi\/uutisvuoksi\/wp-content\/uploads\/sites\/47\/2020\/03\/561582-online-shopping-with-credit-card-1.jpg"},{"@type":"BreadcrumbList","@id":"https:\/\/oma.media.fi\/uutisvuoksi\/tilauslaskutus\/verkkopankki-ja-korttimaksut\/#breadcrumb","itemListElement":[{"@type":"ListItem","position":1,"name":"Etusivu","item":"https:\/\/oma.media.fi\/uutisvuoksi\/"},{"@type":"ListItem","position":2,"name":"Verkkopankki- ja korttimaksut"}]},{"@type":"WebSite","@id":"https:\/\/oma.media.fi\/uutisvuoksi\/#website","url":"https:\/\/oma.media.fi\/uutisvuoksi\/","name":"Uutisvuoksi","description":"","potentialAction":[{"@type":"SearchAction","target":{"@type":"EntryPoint","urlTemplate":"https:\/\/oma.media.fi\/uutisvuoksi\/?s={search_term_string}"},"query-input":{"@type":"PropertyValueSpecification","valueRequired":true,"valueName":"search_term_string"}}],"inLanguage":"fi"}]}},"publishpress_future_action":{"enabled":false,"date":"2026-04-22 13:32:27","action":"change-status","newStatus":"draft","terms":[],"taxonomy":"","extraData":[]},"publishpress_future_workflow_manual_trigger":{"enabledWorkflows":[]},"_links":{"self":[{"href":"https:\/\/oma.media.fi\/uutisvuoksi\/wp-json\/wp\/v2\/pages\/54","targetHints":{"allow":["GET"]}}],"collection":[{"href":"https:\/\/oma.media.fi\/uutisvuoksi\/wp-json\/wp\/v2\/pages"}],"about":[{"href":"https:\/\/oma.media.fi\/uutisvuoksi\/wp-json\/wp\/v2\/types\/page"}],"author":[{"embeddable":true,"href":"https:\/\/oma.media.fi\/uutisvuoksi\/wp-json\/wp\/v2\/users\/1"}],"replies":[{"embeddable":true,"href":"https:\/\/oma.media.fi\/uutisvuoksi\/wp-json\/wp\/v2\/comments?post=54"}],"version-history":[{"count":15,"href":"https:\/\/oma.media.fi\/uutisvuoksi\/wp-json\/wp\/v2\/pages\/54\/revisions"}],"predecessor-version":[{"id":6765,"href":"https:\/\/oma.media.fi\/uutisvuoksi\/wp-json\/wp\/v2\/pages\/54\/revisions\/6765"}],"up":[{"embeddable":true,"href":"https:\/\/oma.media.fi\/uutisvuoksi\/wp-json\/wp\/v2\/pages\/37"}],"wp:attachment":[{"href":"https:\/\/oma.media.fi\/uutisvuoksi\/wp-json\/wp\/v2\/media?parent=54"}],"curies":[{"name":"wp","href":"https:\/\/api.w.org\/{rel}","templated":true}]}}