{"id":75,"date":"2018-10-17T12:17:59","date_gmt":"2018-10-17T10:17:59","guid":{"rendered":"https:\/\/oma.media.fi\/uutisvuoksi\/yhteystiedot\/"},"modified":"2026-02-05T15:14:41","modified_gmt":"2026-02-05T13:14:41","slug":"yhteystiedot","status":"publish","type":"page","link":"https:\/\/oma.media.fi\/uutisvuoksi\/yhteystiedot\/","title":{"rendered":"Yhteystiedot"},"content":{"rendered":"<h2>Tilaukset<\/h2>\n<p>Digipalvelut, osoitteenmuutokset, jakelunkeskeytykset, asiakastietojen muutokset<br \/>\nsek\u00e4 muut tilauksiin liittyv\u00e4t asiat.<\/p>\n<p><a href=\"https:\/\/oma.media.fi\/uutisvuoksi\/\" target=\"_blank\" rel=\"noopener\"><strong>Asiakaspalvelua verkossa 24\/7<\/strong><\/a><\/p>\n<h2>Lukijailmoitukset<\/h2>\n<p>J\u00e4rjest\u00f6ilmoitukset, luokitellut ilmoitukset, perheilmoitukset, kuolinilmoitukset ja surukiitokset<\/p>\n<p><strong>J\u00e4t\u00e4 ilmoitus 24\/7 <\/strong><a href=\"https:\/\/oma.media.fi\/uutisvuoksi\/ilmoita\/\" target=\"_blank\" rel=\"noopener\"><strong>uutisvuoksi.fi\/ilmoita<\/strong><\/a><\/p>\n<h2>Asiakaspalvelu<\/h2>\n<p>Tilauksiin ja lukijailmoituksiin liittyv\u00e4t asiat.<\/p>\n<p><strong>Puhelinpalvelu <\/strong>014 622 133<br \/>\nAvoinna: ma-pe klo 8.00-18.00<\/p>\n<p>Tallennamme puhelut asiakaspalvelutapahtumien varmentamiseksi<br \/>\nsek\u00e4 asiakaspalvelun koulutusta varten. Puhelun hinta mpm\/pvm, jonotus on maksullista.<\/p>\n<p><a class=\"button\" href=\"https:\/\/oma.media.fi\/uutisvuoksi\/yhteystiedot\/ota-yhteytta\/\" target=\"_blank\" rel=\"noopener\">Ota yhteytt\u00e4 asiakaspalveluun\u00a0<\/a><\/p>\n<p>&nbsp;<\/p>\n<h2>Jakelu, jakeluh\u00e4iri\u00f6t ja puuttuvat lehdet<\/h2>\n<p><strong>Mik\u00e4li sinulla on ongelmia lehden varhaisjakelussa, jakelup\u00e4ivystys palvelee sinua seuraavasti:<\/strong><\/p>\n<p>Joka p\u00e4iv\u00e4 klo 6.00-8.00<br \/>\np. 050 372 8330<br \/>\n<a href=\"&#x6d;&#x61;&#x69;&#x6c;&#x74;&#x6f;&#x3a;&#x69;&#x6d;&#x61;&#x74;&#x72;&#x61;&#x40;&#x6d;&#x61;&#x69;&#x6c;&#x69;&#x61;&#x2e;&#x66;&#105;\"><span class=\"ui-provider a b c d e f g h i j k l m n o p q r s t u v w x y z ab ac ae af ag ah ai aj ak\" dir=\"ltr\">&#x69;&#109;&#x61;&#x74;r&#x61;&#64;m&#x61;&#105;l&#x69;&#97;&#x2e;&#x66;i<\/span><\/a><\/p>\n<p>Varhaisjakelu toimittaa puuttuneen lehden seuraavan aamun jakelussa.<\/p>\n<p><a class=\"button\" href=\"https:\/\/oma.media.fi\/uutisvuoksi\/yhteystiedot\/jakelupalaute\/\" target=\"_blank\" rel=\"noopener\">Anna jakelupalautetta<\/a><\/p>\n<h2>Toimitus<\/h2>\n<p>P\u00e4\u00e4toimittaja <span data-teams=\"true\">Minna M\u00e4kinen p. 040 714 9626<\/span><\/p>\n<p>Uutisp\u00e4ivystys sek\u00e4 vinkit ja kuvat p. 040 124 6665<\/p>\n<p>S\u00e4hk\u00f6posti: <a href=\"&#109;&#x61;&#x69;l&#116;&#x6f;:&#116;&#x6f;&#x69;m&#105;&#x74;u&#115;&#x40;&#x75;u&#116;&#x69;s&#118;&#x75;&#x6f;&#107;&#115;&#x69;&#46;&#102;&#x69;\">&#116;&#x6f;i&#109;&#x69;t&#117;&#x73;&#64;&#117;&#x75;t&#105;&#x73;v&#117;&#x6f;k&#115;&#x69;&#46;&#102;&#x69;<\/a><\/p>\n<p>K\u00e4yntiosoite: Einonkatu 2, 55100 Imatra<\/p>\n<p><a href=\"https:\/\/oma.media.fi\/uutisvuoksi\/toimituksen-yhteystiedot\" target=\"_blank\" rel=\"noopener\">Toimituksen yhteystiedot<\/a><\/p>\n<p><a class=\"button\" href=\"https:\/\/oma.media.fi\/uutisvuoksi\/yhteystiedot\/juttuvinkki\/\" target=\"_blank\" rel=\"noopener\">L\u00e4het\u00e4 juttuvinkki<\/a><\/p>\n<h2>Medialaskutus<\/h2>\n<p>p. 09 2730 0230 (pvm\/mpm), ma-pe 9.00-14.00<br \/>\n<a href=\"&#x6d;&#97;&#105;&#x6c;&#x74;&#111;&#58;&#x6c;&#x61;&#115;&#107;&#x75;&#x74;&#117;&#115;&#x2e;&#x6b;&#101;&#115;&#x6b;&#x69;&#115;&#117;&#x6f;&#x6d;&#97;&#108;&#x61;&#x69;&#110;&#101;&#x6e;&#x6d;&#101;&#100;&#x69;&#x61;&#64;&#109;&#x65;&#x64;&#105;&#97;&#x2e;&#x66;&#105;\">&#x6c;&#x61;&#115;&#107;u&#x74;&#x75;&#x73;&#46;&#107;e&#x73;&#x6b;&#x69;&#115;&#117;o&#x6d;&#x61;&#x6c;&#97;&#105;n&#x65;&#x6e;&#x6d;&#101;di&#x61;&#x40;&#x6d;&#101;di&#x61;&#x2e;&#102;&#105;<\/a><\/p>\n<h2>Mediamyynti<\/h2>\n<p>Mediamyynnin yhteystiedot l\u00f6yd\u00e4t <a href=\"https:\/\/meks.fi\/yhteystiedot\/\" target=\"_blank\" rel=\"noopener\"><strong>mediamyynnin sivuilta<\/strong><\/a><\/p>\n<h2>Palautetta<\/h2>\n<p><a class=\"button\" href=\"https:\/\/oma.media.fi\/uutisvuoksi\/yhteystiedot\/anna-palautetta\/\" target=\"_blank\" rel=\"noopener\">Anna palautetta<\/a><\/p>\n","protected":false},"excerpt":{"rendered":"<p>Tilaukset Digipalvelut, osoitteenmuutokset, jakelunkeskeytykset, asiakastietojen muutokset sek\u00e4 muut tilauksiin liittyv\u00e4t asiat. Asiakaspalvelua verkossa 24\/7 Lukijailmoitukset J\u00e4rjest\u00f6ilmoitukset, luokitellut ilmoitukset, perheilmoitukset, kuolinilmoitukset ja surukiitokset J\u00e4t\u00e4 ilmoitus 24\/7 uutisvuoksi.fi\/ilmoita Asiakaspalvelu Tilauksiin ja lukijailmoituksiin liittyv\u00e4t asiat. Puhelinpalvelu 014 622 133 Avoinna: ma-pe klo 8.00-18.00 Tallennamme puhelut asiakaspalvelutapahtumien varmentamiseksi sek\u00e4 asiakaspalvelun koulutusta varten. Puhelun hinta mpm\/pvm, jonotus on maksullista. Ota [&hellip;]<\/p>\n","protected":false},"author":1,"featured_media":0,"parent":0,"menu_order":0,"comment_status":"closed","ping_status":"closed","template":"","meta":{"_acf_changed":false,"footnotes":""},"class_list":["post-75","page","type-page","status-publish","hentry"],"acf":[],"yoast_head":"<!-- This site is optimized with the Yoast SEO plugin v26.2 - https:\/\/yoast.com\/wordpress\/plugins\/seo\/ -->\n<title>Yhteystiedot - Uutisvuoksi<\/title>\n<meta name=\"description\" content=\"Etsitk\u00f6 yhteystietoja vai haluatko antaa palautetta? Mediatalo Keskisuomalaisen asiakaspalveluiden yhteystiedot, palautekanavat ja juttuvinkit.\" \/>\n<meta name=\"robots\" content=\"index, follow, max-snippet:-1, max-image-preview:large, max-video-preview:-1\" \/>\n<link rel=\"canonical\" href=\"https:\/\/oma.media.fi\/uutisvuoksi\/yhteystiedot\/\" \/>\n<meta property=\"og:locale\" content=\"fi_FI\" \/>\n<meta property=\"og:type\" content=\"article\" \/>\n<meta property=\"og:title\" content=\"Yhteystiedot\" \/>\n<meta property=\"og:description\" content=\"Etsitk\u00f6 yhteystietoja vai haluatko antaa palautetta? Mediatalo Keskisuomalaisen asiakaspalveluiden yhteystiedot, palautekanavat ja juttuvinkit.\" \/>\n<meta property=\"og:url\" content=\"https:\/\/oma.media.fi\/uutisvuoksi\/yhteystiedot\/\" \/>\n<meta property=\"og:site_name\" content=\"Uutisvuoksi\" \/>\n<meta property=\"article:modified_time\" content=\"2026-02-05T13:14:41+00:00\" \/>\n<meta name=\"twitter:card\" content=\"summary_large_image\" \/>\n<meta name=\"twitter:label1\" content=\"Arvioitu lukuaika\" \/>\n\t<meta name=\"twitter:data1\" content=\"1 minuutti\" \/>\n<script type=\"application\/ld+json\" class=\"yoast-schema-graph\">{\"@context\":\"https:\/\/schema.org\",\"@graph\":[{\"@type\":\"WebPage\",\"@id\":\"https:\/\/oma.media.fi\/uutisvuoksi\/yhteystiedot\/\",\"url\":\"https:\/\/oma.media.fi\/uutisvuoksi\/yhteystiedot\/\",\"name\":\"Yhteystiedot - Uutisvuoksi\",\"isPartOf\":{\"@id\":\"https:\/\/oma.media.fi\/uutisvuoksi\/#website\"},\"datePublished\":\"2018-10-17T10:17:59+00:00\",\"dateModified\":\"2026-02-05T13:14:41+00:00\",\"description\":\"Etsitk\u00f6 yhteystietoja vai haluatko antaa palautetta? Mediatalo Keskisuomalaisen asiakaspalveluiden yhteystiedot, palautekanavat ja juttuvinkit.\",\"breadcrumb\":{\"@id\":\"https:\/\/oma.media.fi\/uutisvuoksi\/yhteystiedot\/#breadcrumb\"},\"inLanguage\":\"fi\",\"potentialAction\":[{\"@type\":\"ReadAction\",\"target\":[\"https:\/\/oma.media.fi\/uutisvuoksi\/yhteystiedot\/\"]}]},{\"@type\":\"BreadcrumbList\",\"@id\":\"https:\/\/oma.media.fi\/uutisvuoksi\/yhteystiedot\/#breadcrumb\",\"itemListElement\":[{\"@type\":\"ListItem\",\"position\":1,\"name\":\"Etusivu\",\"item\":\"https:\/\/oma.media.fi\/uutisvuoksi\/\"},{\"@type\":\"ListItem\",\"position\":2,\"name\":\"Yhteystiedot\"}]},{\"@type\":\"WebSite\",\"@id\":\"https:\/\/oma.media.fi\/uutisvuoksi\/#website\",\"url\":\"https:\/\/oma.media.fi\/uutisvuoksi\/\",\"name\":\"Uutisvuoksi\",\"description\":\"\",\"potentialAction\":[{\"@type\":\"SearchAction\",\"target\":{\"@type\":\"EntryPoint\",\"urlTemplate\":\"https:\/\/oma.media.fi\/uutisvuoksi\/?s={search_term_string}\"},\"query-input\":{\"@type\":\"PropertyValueSpecification\",\"valueRequired\":true,\"valueName\":\"search_term_string\"}}],\"inLanguage\":\"fi\"}]}<\/script>\n<!-- \/ Yoast SEO plugin. -->","yoast_head_json":{"title":"Yhteystiedot - Uutisvuoksi","description":"Etsitk\u00f6 yhteystietoja vai haluatko antaa palautetta? Mediatalo Keskisuomalaisen asiakaspalveluiden yhteystiedot, palautekanavat ja juttuvinkit.","robots":{"index":"index","follow":"follow","max-snippet":"max-snippet:-1","max-image-preview":"max-image-preview:large","max-video-preview":"max-video-preview:-1"},"canonical":"https:\/\/oma.media.fi\/uutisvuoksi\/yhteystiedot\/","og_locale":"fi_FI","og_type":"article","og_title":"Yhteystiedot","og_description":"Etsitk\u00f6 yhteystietoja vai haluatko antaa palautetta? Mediatalo Keskisuomalaisen asiakaspalveluiden yhteystiedot, palautekanavat ja juttuvinkit.","og_url":"https:\/\/oma.media.fi\/uutisvuoksi\/yhteystiedot\/","og_site_name":"Uutisvuoksi","article_modified_time":"2026-02-05T13:14:41+00:00","twitter_card":"summary_large_image","twitter_misc":{"Arvioitu lukuaika":"1 minuutti"},"schema":{"@context":"https:\/\/schema.org","@graph":[{"@type":"WebPage","@id":"https:\/\/oma.media.fi\/uutisvuoksi\/yhteystiedot\/","url":"https:\/\/oma.media.fi\/uutisvuoksi\/yhteystiedot\/","name":"Yhteystiedot - Uutisvuoksi","isPartOf":{"@id":"https:\/\/oma.media.fi\/uutisvuoksi\/#website"},"datePublished":"2018-10-17T10:17:59+00:00","dateModified":"2026-02-05T13:14:41+00:00","description":"Etsitk\u00f6 yhteystietoja vai haluatko antaa palautetta? Mediatalo Keskisuomalaisen asiakaspalveluiden yhteystiedot, palautekanavat ja juttuvinkit.","breadcrumb":{"@id":"https:\/\/oma.media.fi\/uutisvuoksi\/yhteystiedot\/#breadcrumb"},"inLanguage":"fi","potentialAction":[{"@type":"ReadAction","target":["https:\/\/oma.media.fi\/uutisvuoksi\/yhteystiedot\/"]}]},{"@type":"BreadcrumbList","@id":"https:\/\/oma.media.fi\/uutisvuoksi\/yhteystiedot\/#breadcrumb","itemListElement":[{"@type":"ListItem","position":1,"name":"Etusivu","item":"https:\/\/oma.media.fi\/uutisvuoksi\/"},{"@type":"ListItem","position":2,"name":"Yhteystiedot"}]},{"@type":"WebSite","@id":"https:\/\/oma.media.fi\/uutisvuoksi\/#website","url":"https:\/\/oma.media.fi\/uutisvuoksi\/","name":"Uutisvuoksi","description":"","potentialAction":[{"@type":"SearchAction","target":{"@type":"EntryPoint","urlTemplate":"https:\/\/oma.media.fi\/uutisvuoksi\/?s={search_term_string}"},"query-input":{"@type":"PropertyValueSpecification","valueRequired":true,"valueName":"search_term_string"}}],"inLanguage":"fi"}]}},"publishpress_future_action":{"enabled":false,"date":"2026-04-16 22:24:25","action":"change-status","newStatus":"draft","terms":[],"taxonomy":"","extraData":[]},"publishpress_future_workflow_manual_trigger":{"enabledWorkflows":[]},"_links":{"self":[{"href":"https:\/\/oma.media.fi\/uutisvuoksi\/wp-json\/wp\/v2\/pages\/75","targetHints":{"allow":["GET"]}}],"collection":[{"href":"https:\/\/oma.media.fi\/uutisvuoksi\/wp-json\/wp\/v2\/pages"}],"about":[{"href":"https:\/\/oma.media.fi\/uutisvuoksi\/wp-json\/wp\/v2\/types\/page"}],"author":[{"embeddable":true,"href":"https:\/\/oma.media.fi\/uutisvuoksi\/wp-json\/wp\/v2\/users\/1"}],"replies":[{"embeddable":true,"href":"https:\/\/oma.media.fi\/uutisvuoksi\/wp-json\/wp\/v2\/comments?post=75"}],"version-history":[{"count":69,"href":"https:\/\/oma.media.fi\/uutisvuoksi\/wp-json\/wp\/v2\/pages\/75\/revisions"}],"predecessor-version":[{"id":6907,"href":"https:\/\/oma.media.fi\/uutisvuoksi\/wp-json\/wp\/v2\/pages\/75\/revisions\/6907"}],"wp:attachment":[{"href":"https:\/\/oma.media.fi\/uutisvuoksi\/wp-json\/wp\/v2\/media?parent=75"}],"curies":[{"name":"wp","href":"https:\/\/api.w.org\/{rel}","templated":true}]}}