{"id":25,"date":"2018-10-17T13:17:59","date_gmt":"2018-10-17T10:17:59","guid":{"rendered":"https:\/\/oma.media.fi\/viispiikkinen\/yhteystiedot\/"},"modified":"2026-04-13T11:53:09","modified_gmt":"2026-04-13T08:53:09","slug":"yhteystiedot","status":"publish","type":"page","link":"https:\/\/oma.media.fi\/viispiikkinen\/yhteystiedot\/","title":{"rendered":"Yhteystiedot"},"content":{"rendered":"<div class=\"text-block\">\n<h2>Tilaukset<\/h2>\n<p>Digipalvelut, osoitteenmuutokset, jakelunkeskeytykset, asiakastietojen muutokset<br \/>\nsek\u00e4 tilauslaskutus ja muut tilauksiin liittyv\u00e4t asiat.<\/p>\n<p><a href=\"https:\/\/oma.media.fi\/viispiikkinen\/\" target=\"_blank\" rel=\"noopener\"><strong>Asiakaspalvelua verkossa 24\/7<\/strong><\/a><\/p>\n<h2>Lukijailmoitukset<\/h2>\n<p>J\u00e4rjest\u00f6ilmoitukset, luokitellut ilmoitukset, perheilmoitukset, kuolinilmoitukset ja surukiitokset<\/p>\n<p><strong>J\u00e4t\u00e4 ilmoitus 24\/7 <\/strong><a href=\"https:\/\/oma.media.fi\/viispiikkinen\/ilmoita\/\" target=\"_blank\" rel=\"noopener\"><strong>viispiikkinen.fi\/ilmoita<\/strong><\/a><\/p>\n<h2>Asiakaspalvelu<\/h2>\n<p>Tilauksiin ja lukijailmoituksiin liittyv\u00e4t asiat.<\/p>\n<p><strong>Puhelinpalvelu <\/strong>014 622 133<br \/>\nAvoinna: ma-pe klo 8.00-18.00<\/p>\n<p>Tallennamme puhelut asiakaspalvelutapahtumien varmentamiseksi<br \/>\nsek\u00e4 asiakaspalvelun koulutusta varten. Puhelun hinta mpm\/pvm, jonotus on maksullista.<\/p>\n<p><a class=\"button\" href=\"https:\/\/oma.media.fi\/viispiikkinen\/yhteystiedot\/ota-yhteytta\/\" target=\"_blank\" rel=\"noopener\">Ota yhteytt\u00e4 asiakaspalveluun<\/a><\/p>\n<\/div>\n<div class=\"text-block\">\n<h2>Jakelu ja jakelup\u00e4ivystys<\/h2>\n<p><strong>Postin varhaisjakelu:<\/strong><br \/>\np. 0200 25200 (pvm\/mpm), jonotus on maksullista<br \/>\narkisin klo 6.30-16.00<\/p>\n<p>Varhaisjakelu toimittaa puuttuneen lehden seuraavan aamun jakelussa.<\/p>\n<p><a class=\"button\" href=\"https:\/\/oma.media.fi\/viispiikkinen\/yhteystiedot\/jakelupalaute\/\" target=\"_blank\" rel=\"noopener\">Ilmoita jakeluvirheest\u00e4<\/a><\/p>\n<\/div>\n<div class=\"text-block\">\n<h2>Medialaskutus<\/h2>\n<p>Ilmoituslaskutus<br \/>\np. 09 2730 0230 (pvm\/mpm), ma-pe 9.00-14.00<br \/>\n<a href=\"&#x6d;&#x61;&#x69;&#108;&#116;o:&#x6c;&#x61;&#x73;&#x6b;&#117;&#116;us&#x2e;&#x6b;&#x65;&#115;&#107;&#105;su&#x6f;&#x6d;&#x61;&#108;&#97;in&#x65;&#x6e;&#x6d;&#x65;&#100;&#105;a&#64;&#x6d;&#x65;&#x64;&#105;&#97;&#46;fi\">&#108;a&#x73;k&#x75;t&#x75;s&#x2e;&#107;&#x65;&#115;&#x6b;&#105;&#x73;&#117;o&#109;a&#x6c;a&#x69;n&#x65;&#110;&#x6d;&#101;&#x64;&#105;&#x61;&#64;&#x6d;&#101;d&#105;a&#x2e;f&#x69;<\/a><\/p>\n<\/div>\n<div class=\"text-block\">\n<h2>Mediamyynti<\/h2>\n<h3>Heli Iso-Ahola<\/h3>\n<p>Puh. 050 463 2195, <a href=\"ma&#105;&#108;&#116;&#111;&#x3a;&#x6a;&#x75;&#x6b;&#x6b;a&#46;&#116;&#117;&#111;&#118;&#x69;&#x6e;&#x65;&#x6e;&#x40;me&#100;&#105;&#97;&#46;&#x66;&#x69;\" target=\"_blank\" rel=\"noopener\">h&#101;&#108;&#x69;&#x2e;&#x69;&#x73;o&#45;&#97;&#104;&#x6f;&#x6c;&#x61;&#64;m&#101;&#100;&#x69;&#x61;&#x2e;fi<\/a><br \/>\nMediamyynnin lis\u00e4tiedot l\u00f6yd\u00e4t <span style=\"color: #0000ff\"><a style=\"color: #0000ff\" href=\"https:\/\/meks.fi\/yhteystiedot\/keski-suomi?pg=1\">mediamyynnin sivuilta<\/a><\/span><\/p>\n<\/div>\n<div class=\"text-block\">\n<h2>Toimitus<\/h2>\n<p><a href=\"&#x6d;&#x61;&#105;lt&#x6f;&#x3a;&#116;&#111;i&#x6d;&#x69;&#116;&#117;s&#x40;&#x76;&#x69;&#105;sp&#x69;&#x69;&#107;&#107;i&#x6e;&#x65;&#110;&#46;f&#x69;\">&#x74;o&#x69;&#109;i&#x74;&#117;&#x73;&#64;v&#x69;&#105;&#x73;&#112;i&#x69;&#107;&#x6b;&#x69;n&#x65;&#110;&#46;&#x66;&#105;<\/a><br \/>\nSuorat s\u00e4hk\u00f6postit: &#x65;&#x74;&#x75;&#x6e;&#x69;&#109;&#105;&#46;&#115;uku&#x6e;&#x69;&#x6d;&#x69;&#x40;&#x76;&#105;&#105;&#115;pii&#x6b;&#x6b;&#x69;&#x6e;&#x65;&#x6e;&#46;&#102;&#105;<\/p>\n<p><strong>Postiosoite:<\/strong><br \/>\nVirastotie 3, 43500 Karstula<\/p>\n<p><a class=\"button\" href=\"https:\/\/oma.media.fi\/viispiikkinen\/yhteystiedot\/juttuvinkki\/\" target=\"_blank\" rel=\"noopener\">J\u00e4t\u00e4 juttuvinkki<\/a><\/p>\n<h3>Anne Mietala<\/h3>\n<p>p\u00e4\u00e4toimittaja<br \/>\n044 406 2081<\/p>\n<h3>Pasi Antila<\/h3>\n<p>toimittaja<br \/>\n044\u00a0406 2082<\/p>\n<p>Kaikki sis\u00e4ll\u00f6t voidaan julkaista kaikissa Mediakonserni Keskisuomalaisen medioissa.<\/p>\n<\/div>\n<div class=\"text-block\">\n<h2>Vaihde<\/h2>\n<p>p. 014 622 000, ma-to klo 8.30-16.00<\/p>\n<\/div>\n<div class=\"text-block\">\n<h2>Sosiaalinen media<\/h2>\n<p><a href=\"https:\/\/www.facebook.com\/Viispiikkinen\" target=\"_blank\" rel=\"noopener noreferrer\">Facebook<\/a><br \/>\n<a href=\"https:\/\/www.youtube.com\/user\/viispiikkinen\" target=\"_blank\" rel=\"noopener noreferrer\">YouTube<\/a><\/p>\n<\/div>\n<div class=\"text-block\">\n<h2>Palaute<\/h2>\n<p><a class=\"button\" href=\"https:\/\/oma.media.fi\/viispiikkinen\/yhteystiedot\/anna-palautetta\/\">Anna palautetta<\/a><\/p>\n<\/div>\n","protected":false},"excerpt":{"rendered":"<p>Tilaukset Digipalvelut, osoitteenmuutokset, jakelunkeskeytykset, asiakastietojen muutokset sek\u00e4 tilauslaskutus ja muut tilauksiin liittyv\u00e4t asiat. Asiakaspalvelua verkossa 24\/7 Lukijailmoitukset J\u00e4rjest\u00f6ilmoitukset, luokitellut ilmoitukset, perheilmoitukset, kuolinilmoitukset ja surukiitokset J\u00e4t\u00e4 ilmoitus 24\/7 viispiikkinen.fi\/ilmoita Asiakaspalvelu Tilauksiin ja lukijailmoituksiin liittyv\u00e4t asiat. Puhelinpalvelu 014 622 133 Avoinna: ma-pe klo 8.00-18.00 Tallennamme puhelut asiakaspalvelutapahtumien varmentamiseksi sek\u00e4 asiakaspalvelun koulutusta varten. Puhelun hinta mpm\/pvm, jonotus on [&hellip;]<\/p>\n","protected":false},"author":1,"featured_media":0,"parent":0,"menu_order":0,"comment_status":"closed","ping_status":"closed","template":"","meta":{"_acf_changed":false,"footnotes":""},"class_list":["post-25","page","type-page","status-publish","hentry"],"acf":[],"yoast_head":"<!-- This site is optimized with the Yoast SEO plugin v26.2 - https:\/\/yoast.com\/wordpress\/plugins\/seo\/ -->\n<title>Yhteystiedot - Viispiikkinen<\/title>\n<meta name=\"description\" content=\"Etsitk\u00f6 yhteystietoja vai haluatko antaa palautetta? Mediatalo Keskisuomalaisen asiakaspalveluiden yhteystiedot, palautekanavat ja juttuvinkit.\" \/>\n<meta name=\"robots\" content=\"index, follow, max-snippet:-1, max-image-preview:large, max-video-preview:-1\" \/>\n<link rel=\"canonical\" href=\"https:\/\/oma.media.fi\/viispiikkinen\/yhteystiedot\/\" \/>\n<meta property=\"og:locale\" content=\"fi_FI\" \/>\n<meta property=\"og:type\" content=\"article\" \/>\n<meta property=\"og:title\" content=\"Yhteystiedot\" \/>\n<meta property=\"og:description\" content=\"Etsitk\u00f6 yhteystietoja vai haluatko antaa palautetta? Mediatalo Keskisuomalaisen asiakaspalveluiden yhteystiedot, palautekanavat ja juttuvinkit.\" \/>\n<meta property=\"og:url\" content=\"https:\/\/oma.media.fi\/viispiikkinen\/yhteystiedot\/\" \/>\n<meta property=\"og:site_name\" content=\"Viispiikkinen\" \/>\n<meta property=\"article:modified_time\" content=\"2026-04-13T08:53:09+00:00\" \/>\n<meta name=\"twitter:card\" content=\"summary_large_image\" \/>\n<meta name=\"twitter:label1\" content=\"Arvioitu lukuaika\" \/>\n\t<meta name=\"twitter:data1\" content=\"1 minuutti\" \/>\n<script type=\"application\/ld+json\" class=\"yoast-schema-graph\">{\"@context\":\"https:\/\/schema.org\",\"@graph\":[{\"@type\":\"WebPage\",\"@id\":\"https:\/\/oma.media.fi\/viispiikkinen\/yhteystiedot\/\",\"url\":\"https:\/\/oma.media.fi\/viispiikkinen\/yhteystiedot\/\",\"name\":\"Yhteystiedot - Viispiikkinen\",\"isPartOf\":{\"@id\":\"https:\/\/oma.media.fi\/viispiikkinen\/#website\"},\"datePublished\":\"2018-10-17T10:17:59+00:00\",\"dateModified\":\"2026-04-13T08:53:09+00:00\",\"description\":\"Etsitk\u00f6 yhteystietoja vai haluatko antaa palautetta? Mediatalo Keskisuomalaisen asiakaspalveluiden yhteystiedot, palautekanavat ja juttuvinkit.\",\"breadcrumb\":{\"@id\":\"https:\/\/oma.media.fi\/viispiikkinen\/yhteystiedot\/#breadcrumb\"},\"inLanguage\":\"fi\",\"potentialAction\":[{\"@type\":\"ReadAction\",\"target\":[\"https:\/\/oma.media.fi\/viispiikkinen\/yhteystiedot\/\"]}]},{\"@type\":\"BreadcrumbList\",\"@id\":\"https:\/\/oma.media.fi\/viispiikkinen\/yhteystiedot\/#breadcrumb\",\"itemListElement\":[{\"@type\":\"ListItem\",\"position\":1,\"name\":\"Etusivu\",\"item\":\"https:\/\/oma.media.fi\/viispiikkinen\/\"},{\"@type\":\"ListItem\",\"position\":2,\"name\":\"Yhteystiedot\"}]},{\"@type\":\"WebSite\",\"@id\":\"https:\/\/oma.media.fi\/viispiikkinen\/#website\",\"url\":\"https:\/\/oma.media.fi\/viispiikkinen\/\",\"name\":\"Viispiikkinen\",\"description\":\"\",\"potentialAction\":[{\"@type\":\"SearchAction\",\"target\":{\"@type\":\"EntryPoint\",\"urlTemplate\":\"https:\/\/oma.media.fi\/viispiikkinen\/?s={search_term_string}\"},\"query-input\":{\"@type\":\"PropertyValueSpecification\",\"valueRequired\":true,\"valueName\":\"search_term_string\"}}],\"inLanguage\":\"fi\"}]}<\/script>\n<!-- \/ Yoast SEO plugin. -->","yoast_head_json":{"title":"Yhteystiedot - Viispiikkinen","description":"Etsitk\u00f6 yhteystietoja vai haluatko antaa palautetta? Mediatalo Keskisuomalaisen asiakaspalveluiden yhteystiedot, palautekanavat ja juttuvinkit.","robots":{"index":"index","follow":"follow","max-snippet":"max-snippet:-1","max-image-preview":"max-image-preview:large","max-video-preview":"max-video-preview:-1"},"canonical":"https:\/\/oma.media.fi\/viispiikkinen\/yhteystiedot\/","og_locale":"fi_FI","og_type":"article","og_title":"Yhteystiedot","og_description":"Etsitk\u00f6 yhteystietoja vai haluatko antaa palautetta? Mediatalo Keskisuomalaisen asiakaspalveluiden yhteystiedot, palautekanavat ja juttuvinkit.","og_url":"https:\/\/oma.media.fi\/viispiikkinen\/yhteystiedot\/","og_site_name":"Viispiikkinen","article_modified_time":"2026-04-13T08:53:09+00:00","twitter_card":"summary_large_image","twitter_misc":{"Arvioitu lukuaika":"1 minuutti"},"schema":{"@context":"https:\/\/schema.org","@graph":[{"@type":"WebPage","@id":"https:\/\/oma.media.fi\/viispiikkinen\/yhteystiedot\/","url":"https:\/\/oma.media.fi\/viispiikkinen\/yhteystiedot\/","name":"Yhteystiedot - Viispiikkinen","isPartOf":{"@id":"https:\/\/oma.media.fi\/viispiikkinen\/#website"},"datePublished":"2018-10-17T10:17:59+00:00","dateModified":"2026-04-13T08:53:09+00:00","description":"Etsitk\u00f6 yhteystietoja vai haluatko antaa palautetta? Mediatalo Keskisuomalaisen asiakaspalveluiden yhteystiedot, palautekanavat ja juttuvinkit.","breadcrumb":{"@id":"https:\/\/oma.media.fi\/viispiikkinen\/yhteystiedot\/#breadcrumb"},"inLanguage":"fi","potentialAction":[{"@type":"ReadAction","target":["https:\/\/oma.media.fi\/viispiikkinen\/yhteystiedot\/"]}]},{"@type":"BreadcrumbList","@id":"https:\/\/oma.media.fi\/viispiikkinen\/yhteystiedot\/#breadcrumb","itemListElement":[{"@type":"ListItem","position":1,"name":"Etusivu","item":"https:\/\/oma.media.fi\/viispiikkinen\/"},{"@type":"ListItem","position":2,"name":"Yhteystiedot"}]},{"@type":"WebSite","@id":"https:\/\/oma.media.fi\/viispiikkinen\/#website","url":"https:\/\/oma.media.fi\/viispiikkinen\/","name":"Viispiikkinen","description":"","potentialAction":[{"@type":"SearchAction","target":{"@type":"EntryPoint","urlTemplate":"https:\/\/oma.media.fi\/viispiikkinen\/?s={search_term_string}"},"query-input":{"@type":"PropertyValueSpecification","valueRequired":true,"valueName":"search_term_string"}}],"inLanguage":"fi"}]}},"publishpress_future_action":{"enabled":false,"date":"2026-05-15 15:53:01","action":"change-status","newStatus":"draft","terms":[],"taxonomy":"","extraData":[]},"publishpress_future_workflow_manual_trigger":{"enabledWorkflows":[]},"_links":{"self":[{"href":"https:\/\/oma.media.fi\/viispiikkinen\/wp-json\/wp\/v2\/pages\/25","targetHints":{"allow":["GET"]}}],"collection":[{"href":"https:\/\/oma.media.fi\/viispiikkinen\/wp-json\/wp\/v2\/pages"}],"about":[{"href":"https:\/\/oma.media.fi\/viispiikkinen\/wp-json\/wp\/v2\/types\/page"}],"author":[{"embeddable":true,"href":"https:\/\/oma.media.fi\/viispiikkinen\/wp-json\/wp\/v2\/users\/1"}],"replies":[{"embeddable":true,"href":"https:\/\/oma.media.fi\/viispiikkinen\/wp-json\/wp\/v2\/comments?post=25"}],"version-history":[{"count":101,"href":"https:\/\/oma.media.fi\/viispiikkinen\/wp-json\/wp\/v2\/pages\/25\/revisions"}],"predecessor-version":[{"id":14535,"href":"https:\/\/oma.media.fi\/viispiikkinen\/wp-json\/wp\/v2\/pages\/25\/revisions\/14535"}],"wp:attachment":[{"href":"https:\/\/oma.media.fi\/viispiikkinen\/wp-json\/wp\/v2\/media?parent=25"}],"curies":[{"name":"wp","href":"https:\/\/api.w.org\/{rel}","templated":true}]}}