{"id":1970,"date":"2018-11-30T11:03:22","date_gmt":"2018-11-30T09:03:22","guid":{"rendered":"https:\/\/oma.media.fi\/warkauden-lehti\/kiitos-jatkotilauksesta\/"},"modified":"2025-11-19T17:12:53","modified_gmt":"2025-11-19T15:12:53","slug":"kiitos-jatkotilauksesta","status":"publish","type":"page","link":"https:\/\/oma.media.fi\/warkauden-lehti\/kiitos-jatkotilauksesta\/","title":{"rendered":"Kiitos jatkotilauksesta"},"content":{"rendered":"<p>Tilauksesi on vastaanotettu onnistuneesti.<\/p>\n<p>Mik\u00e4li edellinen tilausjaksosi on edelleen voimassa, k\u00e4ynnistyy uusi tilausjaksosi automaattisesti edellisen p\u00e4\u00e4tytty\u00e4.<\/p>\n","protected":false},"excerpt":{"rendered":"<p>Tilauksesi on vastaanotettu onnistuneesti. Mik\u00e4li edellinen tilausjaksosi on edelleen voimassa, k\u00e4ynnistyy uusi tilausjaksosi automaattisesti edellisen p\u00e4\u00e4tytty\u00e4.<\/p>\n","protected":false},"author":3,"featured_media":0,"parent":0,"menu_order":0,"comment_status":"closed","ping_status":"closed","template":"","meta":{"_acf_changed":false,"footnotes":""},"class_list":["post-1970","page","type-page","status-publish","hentry"],"acf":[],"yoast_head":"<!-- This site is optimized with the Yoast SEO plugin v26.2 - https:\/\/yoast.com\/wordpress\/plugins\/seo\/ -->\n<title>Kiitos jatkotilauksesta - Warkauden Lehti<\/title>\n<meta name=\"robots\" content=\"index, follow, max-snippet:-1, max-image-preview:large, max-video-preview:-1\" \/>\n<link rel=\"canonical\" href=\"https:\/\/oma.media.fi\/warkauden-lehti\/kiitos-jatkotilauksesta\/\" \/>\n<meta property=\"og:locale\" content=\"fi_FI\" \/>\n<meta property=\"og:type\" content=\"article\" \/>\n<meta property=\"og:title\" content=\"Kiitos jatkotilauksesta\" \/>\n<meta property=\"og:description\" content=\"Tilauksesi on vastaanotettu onnistuneesti. Mik\u00e4li edellinen tilausjaksosi on edelleen voimassa, k\u00e4ynnistyy uusi tilausjaksosi automaattisesti edellisen p\u00e4\u00e4tytty\u00e4.\" \/>\n<meta property=\"og:url\" content=\"https:\/\/oma.media.fi\/warkauden-lehti\/kiitos-jatkotilauksesta\/\" \/>\n<meta property=\"og:site_name\" content=\"Warkauden Lehti\" \/>\n<meta property=\"article:modified_time\" content=\"2025-11-19T15:12:53+00:00\" \/>\n<meta name=\"twitter:card\" content=\"summary_large_image\" \/>\n<meta name=\"twitter:label1\" content=\"Arvioitu lukuaika\" \/>\n\t<meta name=\"twitter:data1\" content=\"1 minuutti\" \/>\n<script type=\"application\/ld+json\" class=\"yoast-schema-graph\">{\"@context\":\"https:\/\/schema.org\",\"@graph\":[{\"@type\":\"WebPage\",\"@id\":\"https:\/\/oma.media.fi\/warkauden-lehti\/kiitos-jatkotilauksesta\/\",\"url\":\"https:\/\/oma.media.fi\/warkauden-lehti\/kiitos-jatkotilauksesta\/\",\"name\":\"Kiitos jatkotilauksesta - Warkauden Lehti\",\"isPartOf\":{\"@id\":\"https:\/\/oma.media.fi\/warkauden-lehti\/#website\"},\"datePublished\":\"2018-11-30T09:03:22+00:00\",\"dateModified\":\"2025-11-19T15:12:53+00:00\",\"breadcrumb\":{\"@id\":\"https:\/\/oma.media.fi\/warkauden-lehti\/kiitos-jatkotilauksesta\/#breadcrumb\"},\"inLanguage\":\"fi\",\"potentialAction\":[{\"@type\":\"ReadAction\",\"target\":[\"https:\/\/oma.media.fi\/warkauden-lehti\/kiitos-jatkotilauksesta\/\"]}]},{\"@type\":\"BreadcrumbList\",\"@id\":\"https:\/\/oma.media.fi\/warkauden-lehti\/kiitos-jatkotilauksesta\/#breadcrumb\",\"itemListElement\":[{\"@type\":\"ListItem\",\"position\":1,\"name\":\"Etusivu\",\"item\":\"https:\/\/oma.media.fi\/warkauden-lehti\/\"},{\"@type\":\"ListItem\",\"position\":2,\"name\":\"Kiitos jatkotilauksesta\"}]},{\"@type\":\"WebSite\",\"@id\":\"https:\/\/oma.media.fi\/warkauden-lehti\/#website\",\"url\":\"https:\/\/oma.media.fi\/warkauden-lehti\/\",\"name\":\"Warkauden Lehti\",\"description\":\"\",\"potentialAction\":[{\"@type\":\"SearchAction\",\"target\":{\"@type\":\"EntryPoint\",\"urlTemplate\":\"https:\/\/oma.media.fi\/warkauden-lehti\/?s={search_term_string}\"},\"query-input\":{\"@type\":\"PropertyValueSpecification\",\"valueRequired\":true,\"valueName\":\"search_term_string\"}}],\"inLanguage\":\"fi\"}]}<\/script>\n<!-- \/ Yoast SEO plugin. -->","yoast_head_json":{"title":"Kiitos jatkotilauksesta - Warkauden Lehti","robots":{"index":"index","follow":"follow","max-snippet":"max-snippet:-1","max-image-preview":"max-image-preview:large","max-video-preview":"max-video-preview:-1"},"canonical":"https:\/\/oma.media.fi\/warkauden-lehti\/kiitos-jatkotilauksesta\/","og_locale":"fi_FI","og_type":"article","og_title":"Kiitos jatkotilauksesta","og_description":"Tilauksesi on vastaanotettu onnistuneesti. Mik\u00e4li edellinen tilausjaksosi on edelleen voimassa, k\u00e4ynnistyy uusi tilausjaksosi automaattisesti edellisen p\u00e4\u00e4tytty\u00e4.","og_url":"https:\/\/oma.media.fi\/warkauden-lehti\/kiitos-jatkotilauksesta\/","og_site_name":"Warkauden Lehti","article_modified_time":"2025-11-19T15:12:53+00:00","twitter_card":"summary_large_image","twitter_misc":{"Arvioitu lukuaika":"1 minuutti"},"schema":{"@context":"https:\/\/schema.org","@graph":[{"@type":"WebPage","@id":"https:\/\/oma.media.fi\/warkauden-lehti\/kiitos-jatkotilauksesta\/","url":"https:\/\/oma.media.fi\/warkauden-lehti\/kiitos-jatkotilauksesta\/","name":"Kiitos jatkotilauksesta - Warkauden Lehti","isPartOf":{"@id":"https:\/\/oma.media.fi\/warkauden-lehti\/#website"},"datePublished":"2018-11-30T09:03:22+00:00","dateModified":"2025-11-19T15:12:53+00:00","breadcrumb":{"@id":"https:\/\/oma.media.fi\/warkauden-lehti\/kiitos-jatkotilauksesta\/#breadcrumb"},"inLanguage":"fi","potentialAction":[{"@type":"ReadAction","target":["https:\/\/oma.media.fi\/warkauden-lehti\/kiitos-jatkotilauksesta\/"]}]},{"@type":"BreadcrumbList","@id":"https:\/\/oma.media.fi\/warkauden-lehti\/kiitos-jatkotilauksesta\/#breadcrumb","itemListElement":[{"@type":"ListItem","position":1,"name":"Etusivu","item":"https:\/\/oma.media.fi\/warkauden-lehti\/"},{"@type":"ListItem","position":2,"name":"Kiitos jatkotilauksesta"}]},{"@type":"WebSite","@id":"https:\/\/oma.media.fi\/warkauden-lehti\/#website","url":"https:\/\/oma.media.fi\/warkauden-lehti\/","name":"Warkauden Lehti","description":"","potentialAction":[{"@type":"SearchAction","target":{"@type":"EntryPoint","urlTemplate":"https:\/\/oma.media.fi\/warkauden-lehti\/?s={search_term_string}"},"query-input":{"@type":"PropertyValueSpecification","valueRequired":true,"valueName":"search_term_string"}}],"inLanguage":"fi"}]}},"publishpress_future_action":{"enabled":false,"date":"2026-04-22 00:22:14","action":"change-status","newStatus":"draft","terms":[],"taxonomy":"","extraData":[]},"publishpress_future_workflow_manual_trigger":{"enabledWorkflows":[]},"_links":{"self":[{"href":"https:\/\/oma.media.fi\/warkauden-lehti\/wp-json\/wp\/v2\/pages\/1970","targetHints":{"allow":["GET"]}}],"collection":[{"href":"https:\/\/oma.media.fi\/warkauden-lehti\/wp-json\/wp\/v2\/pages"}],"about":[{"href":"https:\/\/oma.media.fi\/warkauden-lehti\/wp-json\/wp\/v2\/types\/page"}],"author":[{"embeddable":true,"href":"https:\/\/oma.media.fi\/warkauden-lehti\/wp-json\/wp\/v2\/users\/3"}],"replies":[{"embeddable":true,"href":"https:\/\/oma.media.fi\/warkauden-lehti\/wp-json\/wp\/v2\/comments?post=1970"}],"version-history":[{"count":1,"href":"https:\/\/oma.media.fi\/warkauden-lehti\/wp-json\/wp\/v2\/pages\/1970\/revisions"}],"predecessor-version":[{"id":15376,"href":"https:\/\/oma.media.fi\/warkauden-lehti\/wp-json\/wp\/v2\/pages\/1970\/revisions\/15376"}],"wp:attachment":[{"href":"https:\/\/oma.media.fi\/warkauden-lehti\/wp-json\/wp\/v2\/media?parent=1970"}],"curies":[{"name":"wp","href":"https:\/\/api.w.org\/{rel}","templated":true}]}}