{"id":184,"date":"2018-10-17T13:17:59","date_gmt":"2018-10-17T10:17:59","guid":{"rendered":"https:\/\/oma.media.fi\/yla-karjala\/yhteystiedot\/"},"modified":"2026-04-13T11:47:42","modified_gmt":"2026-04-13T08:47:42","slug":"yhteystiedot","status":"publish","type":"page","link":"https:\/\/oma.media.fi\/yla-karjala\/yhteystiedot\/","title":{"rendered":"Yhteystiedot"},"content":{"rendered":"<h2>Tilaukset<\/h2>\n<p>Digipalvelut, osoitteenmuutokset, jakelunkeskeytykset, asiakastietojen muutokset<br \/>\nsek\u00e4 tilauslaskutus ja muut tilauksiin liittyv\u00e4t asiat.<\/p>\n<p><a href=\"https:\/\/oma.media.fi\/yla-karjala\/\" target=\"_blank\" rel=\"noopener\"><strong>Asiakaspalvelua verkossa 24\/7<\/strong><\/a><\/p>\n<h2>Lukijailmoitukset<\/h2>\n<p>J\u00e4rjest\u00f6ilmoitukset, luokitellut ilmoitukset, perheilmoitukset, kuolinilmoitukset ja surukiitokset<\/p>\n<p><strong>J\u00e4t\u00e4 ilmoitus 24\/7 <a href=\"https:\/\/oma.media.fi\/yla-karjala\/ilmoita\/\" target=\"_blank\" rel=\"noopener\">ylakarjala.fi\/ilmoita<\/a><\/strong><\/p>\n<h2>Asiakaspalvelu<\/h2>\n<p>Tilauksiin ja lukijailmoituksiin liittyv\u00e4t asiat.<\/p>\n<p><strong>Puhelinpalvelu\u00a0<\/strong>014 622 133<br \/>\nAvoinna: ma-pe klo 8.00-18.00<\/p>\n<p>Tallennamme puhelut asiakaspalvelutapahtumien varmentamiseksi<br \/>\nsek\u00e4 asiakaspalvelun koulutusta varten. Puhelun hinta mpm\/pvm, jonotus on maksullista.<\/p>\n<p><a class=\"button\" href=\"https:\/\/oma.media.fi\/yla-karjala\/yhteystiedot\/ota-yhteytta\/\" target=\"_blank\" rel=\"noopener\">Ota yhteytt\u00e4 asiakaspalveluun<\/a><\/p>\n<p>&nbsp;<\/p>\n<h2><strong>Jakelu, jakeluh\u00e4iri\u00f6t ja puuttuvat lehdet<\/strong><\/h2>\n<p><a class=\"button\" href=\"https:\/\/oma.media.fi\/yla-karjala\/yhteystiedot\/jakelupalaute\/\" target=\"_blank\" rel=\"noopener\">Ilmoita jakeluvirheest\u00e4<\/a><\/p>\n<p><strong>Postin perusjakelu<\/strong><br \/>\np. 0100 5577 (pvm\/mpm), jonotus on maksullista<br \/>\nma-pe klo 8.00 &#8211; 16.00<\/p>\n<p>&nbsp;<\/p>\n<h2>Medialaskutus<\/h2>\n<p>Ilmoituslaskutus<br \/>\np. 09 2730 0230 (pvm\/mpm), ma-pe 9.00-14.00<br \/>\n<a href=\"&#109;&#x61;&#105;&#x6c;t&#111;&#x3a;&#108;&#x61;s&#x6b;u&#116;&#x75;&#115;&#x2e;k&#x65;&#x73;&#107;&#x69;s&#x75;o&#109;&#x61;&#108;&#x61;i&#x6e;e&#110;&#x6d;&#101;&#x64;i&#97;&#x40;&#109;&#x65;d&#x69;a&#46;&#x66;&#105;\">las&#107;&#117;&#116;&#x75;&#x73;&#x2e;&#x6b;&#x65;&#x73;kis&#117;&#111;&#109;&#97;&#x6c;&#x61;&#x69;&#x6e;&#x65;&#x6e;med&#105;&#97;&#64;&#x6d;&#x65;&#x64;&#x69;&#x61;&#x2e;fi<\/a><\/p>\n<p>&nbsp;<\/p>\n<h2>Mediamyynti<\/h2>\n<p>Yhteystiedot l\u00f6yd\u00e4t <strong><a href=\"https:\/\/meks.fi\/yhteystiedot\/\" target=\"_blank\" rel=\"noopener\">mediamyynnin sivuilta<\/a>.<\/strong><\/p>\n<p>&nbsp;<\/p>\n<h2>Toimitus<\/h2>\n<p><a href=\"mai&#108;&#116;&#111;&#x3a;&#x74;&#x6f;&#x69;&#x6d;&#x69;tus&#64;&#121;&#108;&#97;&#x6b;&#x61;&#x72;&#x6a;&#x61;&#x6c;a&#46;f&#105;\">&#x74;&#x6f;&#x69;&#109;&#105;&#116;us&#x40;&#x79;&#x6c;&#x61;&#107;&#97;rj&#x61;&#x6c;&#x61;&#x2e;&#102;&#105;<\/a><\/p>\n<p>K\u00e4yntiosoite: Pappilansuora 15 75530 Nurmes<\/p>\n<p>P\u00e4\u00e4toimittaja Anu Saarelainen p. 050 415 2414<br \/>\nToimittaja Risto Kuittinen p. 050 415 2413<br \/>\nToimittaja Marianne Haverinen p. <span data-teams=\"true\">050 415 2411<\/span><span data-teams=\"true\">\u00a0(ma-ke)<br \/>\nToimittaja Lea Kuokkanen p. 040 687 3475 (to-pe)<br \/>\n<\/span>Tuire Haverinen ty\u00f6kierrossa 1.5.2025-30.4.2026<\/p>\n<p>Henkil\u00f6kohtaiset s\u00e4hk\u00f6postit: &#101;&#116;&#x75;n&#105;&#x6d;&#x69;&#46;&#115;&#x75;&#x6b;u&#110;&#x69;&#x6d;i&#64;&#x79;&#x6c;a&#107;&#x61;&#x72;j&#97;&#x6c;a&#46;&#102;&#x69;<strong><br \/>\n<\/strong><\/p>\n<p>Kaikki sis\u00e4ll\u00f6t voidaan julkaista kaikissa Mediakonserni Keskisuomalaisen medioissa.<\/p>\n<p><a class=\"button\" href=\"https:\/\/oma.media.fi\/yla-karjala\/yhteystiedot\/juttuvinkki\/\" target=\"_blank\" rel=\"noopener\">J\u00e4t\u00e4 juttuvinkki<\/a><\/p>\n","protected":false},"excerpt":{"rendered":"<p>Tilaukset Digipalvelut, osoitteenmuutokset, jakelunkeskeytykset, asiakastietojen muutokset sek\u00e4 tilauslaskutus ja muut tilauksiin liittyv\u00e4t asiat. Asiakaspalvelua verkossa 24\/7 Lukijailmoitukset J\u00e4rjest\u00f6ilmoitukset, luokitellut ilmoitukset, perheilmoitukset, kuolinilmoitukset ja surukiitokset J\u00e4t\u00e4 ilmoitus 24\/7 ylakarjala.fi\/ilmoita Asiakaspalvelu Tilauksiin ja lukijailmoituksiin liittyv\u00e4t asiat. Puhelinpalvelu\u00a0014 622 133 Avoinna: ma-pe klo 8.00-18.00 Tallennamme puhelut asiakaspalvelutapahtumien varmentamiseksi sek\u00e4 asiakaspalvelun koulutusta varten. Puhelun hinta mpm\/pvm, jonotus on maksullista. [&hellip;]<\/p>\n","protected":false},"author":1,"featured_media":0,"parent":0,"menu_order":0,"comment_status":"closed","ping_status":"closed","template":"","meta":{"_acf_changed":false,"footnotes":""},"class_list":["post-184","page","type-page","status-publish","hentry"],"acf":[],"yoast_head":"<!-- This site is optimized with the Yoast SEO plugin v26.2 - https:\/\/yoast.com\/wordpress\/plugins\/seo\/ -->\n<title>Yhteystiedot - Yl\u00e4-Karjala<\/title>\n<meta name=\"description\" content=\"Etsitk\u00f6 yhteystietoja vai haluatko antaa palautetta? Mediatalo Keskisuomalaisen asiakaspalveluiden yhteystiedot, palautekanavat ja juttuvinkit.\" \/>\n<meta name=\"robots\" content=\"noindex, follow, max-snippet:-1, max-image-preview:large, max-video-preview:-1\" \/>\n<meta property=\"og:locale\" content=\"fi_FI\" \/>\n<meta property=\"og:type\" content=\"article\" \/>\n<meta property=\"og:title\" content=\"Yhteystiedot\" \/>\n<meta property=\"og:description\" content=\"Etsitk\u00f6 yhteystietoja vai haluatko antaa palautetta? Mediatalo Keskisuomalaisen asiakaspalveluiden yhteystiedot, palautekanavat ja juttuvinkit.\" \/>\n<meta property=\"og:url\" content=\"https:\/\/oma.media.fi\/yla-karjala\/yhteystiedot\/\" \/>\n<meta property=\"og:site_name\" content=\"Yl\u00e4-Karjala\" \/>\n<meta property=\"article:modified_time\" content=\"2026-04-13T08:47:42+00:00\" \/>\n<meta property=\"og:image\" content=\"https:\/\/oma.media.fi\/yla-karjala\/wp-content\/uploads\/sites\/62\/2024\/09\/og-image-ylakarjala.jpg\" \/>\n\t<meta property=\"og:image:width\" content=\"1200\" \/>\n\t<meta property=\"og:image:height\" content=\"630\" \/>\n\t<meta property=\"og:image:type\" content=\"image\/jpeg\" \/>\n<meta name=\"twitter:card\" content=\"summary_large_image\" \/>\n<meta name=\"twitter:label1\" content=\"Arvioitu lukuaika\" \/>\n\t<meta name=\"twitter:data1\" content=\"1 minuutti\" \/>\n<script type=\"application\/ld+json\" class=\"yoast-schema-graph\">{\"@context\":\"https:\/\/schema.org\",\"@graph\":[{\"@type\":\"WebPage\",\"@id\":\"https:\/\/oma.media.fi\/yla-karjala\/yhteystiedot\/\",\"url\":\"https:\/\/oma.media.fi\/yla-karjala\/yhteystiedot\/\",\"name\":\"Yhteystiedot - Yl\u00e4-Karjala\",\"isPartOf\":{\"@id\":\"https:\/\/oma.media.fi\/yla-karjala\/#website\"},\"datePublished\":\"2018-10-17T10:17:59+00:00\",\"dateModified\":\"2026-04-13T08:47:42+00:00\",\"description\":\"Etsitk\u00f6 yhteystietoja vai haluatko antaa palautetta? Mediatalo Keskisuomalaisen asiakaspalveluiden yhteystiedot, palautekanavat ja juttuvinkit.\",\"breadcrumb\":{\"@id\":\"https:\/\/oma.media.fi\/yla-karjala\/yhteystiedot\/#breadcrumb\"},\"inLanguage\":\"fi\",\"potentialAction\":[{\"@type\":\"ReadAction\",\"target\":[\"https:\/\/oma.media.fi\/yla-karjala\/yhteystiedot\/\"]}]},{\"@type\":\"BreadcrumbList\",\"@id\":\"https:\/\/oma.media.fi\/yla-karjala\/yhteystiedot\/#breadcrumb\",\"itemListElement\":[{\"@type\":\"ListItem\",\"position\":1,\"name\":\"Etusivu\",\"item\":\"https:\/\/oma.media.fi\/yla-karjala\/\"},{\"@type\":\"ListItem\",\"position\":2,\"name\":\"Yhteystiedot\"}]},{\"@type\":\"WebSite\",\"@id\":\"https:\/\/oma.media.fi\/yla-karjala\/#website\",\"url\":\"https:\/\/oma.media.fi\/yla-karjala\/\",\"name\":\"Yl\u00e4-Karjala\",\"description\":\"\",\"potentialAction\":[{\"@type\":\"SearchAction\",\"target\":{\"@type\":\"EntryPoint\",\"urlTemplate\":\"https:\/\/oma.media.fi\/yla-karjala\/?s={search_term_string}\"},\"query-input\":{\"@type\":\"PropertyValueSpecification\",\"valueRequired\":true,\"valueName\":\"search_term_string\"}}],\"inLanguage\":\"fi\"}]}<\/script>\n<!-- \/ Yoast SEO plugin. -->","yoast_head_json":{"title":"Yhteystiedot - Yl\u00e4-Karjala","description":"Etsitk\u00f6 yhteystietoja vai haluatko antaa palautetta? Mediatalo Keskisuomalaisen asiakaspalveluiden yhteystiedot, palautekanavat ja juttuvinkit.","robots":{"index":"noindex","follow":"follow","max-snippet":"max-snippet:-1","max-image-preview":"max-image-preview:large","max-video-preview":"max-video-preview:-1"},"og_locale":"fi_FI","og_type":"article","og_title":"Yhteystiedot","og_description":"Etsitk\u00f6 yhteystietoja vai haluatko antaa palautetta? Mediatalo Keskisuomalaisen asiakaspalveluiden yhteystiedot, palautekanavat ja juttuvinkit.","og_url":"https:\/\/oma.media.fi\/yla-karjala\/yhteystiedot\/","og_site_name":"Yl\u00e4-Karjala","article_modified_time":"2026-04-13T08:47:42+00:00","og_image":[{"width":1200,"height":630,"url":"https:\/\/oma.media.fi\/yla-karjala\/wp-content\/uploads\/sites\/62\/2024\/09\/og-image-ylakarjala.jpg","type":"image\/jpeg"}],"twitter_card":"summary_large_image","twitter_misc":{"Arvioitu lukuaika":"1 minuutti"},"schema":{"@context":"https:\/\/schema.org","@graph":[{"@type":"WebPage","@id":"https:\/\/oma.media.fi\/yla-karjala\/yhteystiedot\/","url":"https:\/\/oma.media.fi\/yla-karjala\/yhteystiedot\/","name":"Yhteystiedot - Yl\u00e4-Karjala","isPartOf":{"@id":"https:\/\/oma.media.fi\/yla-karjala\/#website"},"datePublished":"2018-10-17T10:17:59+00:00","dateModified":"2026-04-13T08:47:42+00:00","description":"Etsitk\u00f6 yhteystietoja vai haluatko antaa palautetta? Mediatalo Keskisuomalaisen asiakaspalveluiden yhteystiedot, palautekanavat ja juttuvinkit.","breadcrumb":{"@id":"https:\/\/oma.media.fi\/yla-karjala\/yhteystiedot\/#breadcrumb"},"inLanguage":"fi","potentialAction":[{"@type":"ReadAction","target":["https:\/\/oma.media.fi\/yla-karjala\/yhteystiedot\/"]}]},{"@type":"BreadcrumbList","@id":"https:\/\/oma.media.fi\/yla-karjala\/yhteystiedot\/#breadcrumb","itemListElement":[{"@type":"ListItem","position":1,"name":"Etusivu","item":"https:\/\/oma.media.fi\/yla-karjala\/"},{"@type":"ListItem","position":2,"name":"Yhteystiedot"}]},{"@type":"WebSite","@id":"https:\/\/oma.media.fi\/yla-karjala\/#website","url":"https:\/\/oma.media.fi\/yla-karjala\/","name":"Yl\u00e4-Karjala","description":"","potentialAction":[{"@type":"SearchAction","target":{"@type":"EntryPoint","urlTemplate":"https:\/\/oma.media.fi\/yla-karjala\/?s={search_term_string}"},"query-input":{"@type":"PropertyValueSpecification","valueRequired":true,"valueName":"search_term_string"}}],"inLanguage":"fi"}]}},"publishpress_future_action":{"enabled":false,"date":"2026-05-06 03:24:11","action":"change-status","newStatus":"draft","terms":[],"taxonomy":"","extraData":[]},"publishpress_future_workflow_manual_trigger":{"enabledWorkflows":[]},"_links":{"self":[{"href":"https:\/\/oma.media.fi\/yla-karjala\/wp-json\/wp\/v2\/pages\/184","targetHints":{"allow":["GET"]}}],"collection":[{"href":"https:\/\/oma.media.fi\/yla-karjala\/wp-json\/wp\/v2\/pages"}],"about":[{"href":"https:\/\/oma.media.fi\/yla-karjala\/wp-json\/wp\/v2\/types\/page"}],"author":[{"embeddable":true,"href":"https:\/\/oma.media.fi\/yla-karjala\/wp-json\/wp\/v2\/users\/1"}],"replies":[{"embeddable":true,"href":"https:\/\/oma.media.fi\/yla-karjala\/wp-json\/wp\/v2\/comments?post=184"}],"version-history":[{"count":25,"href":"https:\/\/oma.media.fi\/yla-karjala\/wp-json\/wp\/v2\/pages\/184\/revisions"}],"predecessor-version":[{"id":1482,"href":"https:\/\/oma.media.fi\/yla-karjala\/wp-json\/wp\/v2\/pages\/184\/revisions\/1482"}],"wp:attachment":[{"href":"https:\/\/oma.media.fi\/yla-karjala\/wp-json\/wp\/v2\/media?parent=184"}],"curies":[{"name":"wp","href":"https:\/\/api.w.org\/{rel}","templated":true}]}}